{"id":43446,"date":"2025-10-10T16:01:30","date_gmt":"2025-10-10T08:01:30","guid":{"rendered":"https:\/\/deliangdisplay.com\/?post_type=product&#038;p=43446"},"modified":"2025-10-10T16:01:35","modified_gmt":"2025-10-10T08:01:35","slug":"presentoir-a-bracelets-texture-naturelle-chic-pour-bijouterie-maison-vanity","status":"publish","type":"product","link":"https:\/\/deliangdisplay.com\/fr\/notre-produit\/accessoires\/barrettes-a-bangle\/presentoir-a-bracelets-texture-naturelle-chic-pour-bijouterie-maison-vanity\/","title":{"rendered":"Chic Natural - Pr\u00e9sentoir \u00e0 bracelets textur\u00e9 - Pour bijouterie et d\u00e9coration d'int\u00e9rieur"},"content":{"rendered":"<h3 class=\"header-vfC6AV auto-hide-last-sibling-br\">Aper\u00e7u du produit<\/h3>\n<div class=\"auto-hide-last-sibling-br paragraph-JOTKXA paragraph-element br-paragraph-space\">\u00c9levez votre bracelet au rang de\u00a0<strong>les hauteurs luxueuses<\/strong>\u00a0avec ce pr\u00e9sentoir vertical cr\u00e9atif ! Con\u00e7u pour mettre en valeur les bracelets de la mani\u00e8re la plus \u00e9l\u00e9gante qui soit, il associe harmonieusement une texture naturelle \u00e0 une ambiance douce et \u00e9l\u00e9gante. Que vous soyez propri\u00e9taire d'une bijouterie d\u00e9sireux de captiver vos clients ou amateur de bijoux souhaitant mettre en valeur votre collection \u00e0 la maison, ce pr\u00e9sentoir transforme vos bracelets en une v\u00e9ritable \u0153uvre d'art.\u00a0<strong>un point focal \u00e0 couper le souffle<\/strong>\u00a0qui respire la sophistication.<\/div>\n<h3 class=\"header-vfC6AV auto-hide-last-sibling-br\">Caract\u00e9ristiques principales<\/h3>\n<ul class=\"auto-hide-last-sibling-br\">\n<li><strong>Fusion de mat\u00e9riaux de premi\u00e8re qualit\u00e9<\/strong>: Fabriqu\u00e9 \u00e0 partir d'un m\u00e9lange parfait de tissu en lin et de fil m\u00e9tallique. Le lin doux offre une surface confortable et sans rayures pour garder vos bracelets en s\u00e9curit\u00e9, tandis que le m\u00e9tal robuste assure une durabilit\u00e9 \u00e0 long terme - une combinaison gagnante pour la protection et la pr\u00e9sentation \u00e9l\u00e9gante.<\/li>\n<li><strong>Une esth\u00e9tique enchanteresse<\/strong>: Le style naturel de ce meuble rayonne d'un charme doux. Son allure \u00e9l\u00e9gante s'adapte sans effort \u00e0 tous les espaces, qu'il s'agisse d'une bijouterie haut de gamme, d'une coiffeuse chic ou d'un coin confortable de votre maison, ajoutant une touche de beaut\u00e9 raffin\u00e9e o\u00f9 qu'elle aille.<\/li>\n<li><strong>Un savoir-faire m\u00e9ticuleux<\/strong>: Chaque d\u00e9tail est soigneusement ex\u00e9cut\u00e9. De la finition lisse du m\u00e9tal au tissage pr\u00e9cis du lin, il d\u00e9gage une impression de luxe l\u00e9ger, parfait pour pr\u00e9senter vos bracelets d'une mani\u00e8re captivante et \u00e0 la pointe de la mode.<\/li>\n<\/ul>\n<h3 class=\"header-vfC6AV auto-hide-last-sibling-br\">Utilisation id\u00e9ale<\/h3>\n<div class=\"auto-hide-last-sibling-br paragraph-JOTKXA paragraph-element br-paragraph-space\">Il s'agit d'un\u00a0<strong>doit - avoir<\/strong>\u00a0pour les bijouteries, o\u00f9 il peut attirer les clients avec son \u00e9l\u00e9gante pr\u00e9sentation de bracelets. Pour un usage personnel, placez-le sur votre coiffeuse pour ajouter une touche de glamour \u00e0 votre quotidien, ou dans n'importe quel coin de votre maison o\u00f9 vous souhaitez mettre en valeur votre collection de bracelets avec un raffinement in\u00e9gal\u00e9. Faites briller vos bracelets comme jamais auparavant !<\/div>","protected":false},"excerpt":{"rendered":"<p>Elevate your bracelet display with this luxury upright stand! Crafted from linen fabric and metal wire drawing, it blends natural texture with elegant charm. The premium materials ensure bracelet safety, while the meticulous craftsmanship gives a light &#8211; luxury feel. Perfect for jewelry stores or home vanities to showcase bracelets stylishly.<\/p>","protected":false},"featured_media":43447,"comment_status":"open","ping_status":"closed","template":"","meta":{"_acf_changed":false},"product_brand":[84],"product_cat":[71],"product_tag":[387,394,393,385,362,386,382,390,389,384,392,388,391,383],"class_list":{"0":"post-43446","1":"product","2":"type-product","3":"status-publish","4":"has-post-thumbnail","6":"product_brand-de-liang","7":"product_cat-bangle-bars","8":"product_tag-bracelet-display-for-jewelry-store","9":"product_tag-chic-bracelet-storage-stand","10":"product_tag-creative-jewelry-display-prop","11":"product_tag-elegant-bracelet-organizer","12":"product_tag-home-vanity-bracelet-stand","13":"product_tag-light-luxury-jewelry-stand","14":"product_tag-linen-metal-bracelet-display-stand","15":"product_tag-linen-fabric-jewelry-display","16":"product_tag-metal-wire-drawing-jewelry-rack","17":"product_tag-natural-texture-jewelry-display","18":"product_tag-premium-bracelet-display-stand","19":"product_tag-scratch-free-bracelet-display","20":"product_tag-stylish-bracelet-showcase","21":"product_tag-upright-bracelet-display-rack","23":"first","24":"instock","25":"shipping-taxable","26":"purchasable","27":"product-type-simple"},"acf":[],"yoast_head":"<!-- This site is optimized with the Yoast SEO plugin v27.4 - https:\/\/yoast.com\/product\/yoast-seo-wordpress\/ -->\n<title>Chic Natural - Texture Bracelet Display Rack - For Jewelry Store &amp; Home Vanity - DE-LIANG - jewelry,clothes,watch,beauty cosmetics<\/title>\n<meta name=\"robots\" content=\"index, follow, max-snippet:-1, max-image-preview:large, max-video-preview:-1\" \/>\n<link rel=\"canonical\" href=\"https:\/\/deliangdisplay.com\/fr\/notre-produit\/accessoires\/barrettes-a-bangle\/presentoir-a-bracelets-texture-naturelle-chic-pour-bijouterie-maison-vanity\/\" \/>\n<meta property=\"og:locale\" content=\"fr_FR\" \/>\n<meta property=\"og:type\" content=\"article\" \/>\n<meta property=\"og:title\" content=\"Chic Natural - Texture Bracelet Display Rack - For Jewelry Store &amp; Home Vanity - DE-LIANG - jewelry,clothes,watch,beauty cosmetics\" \/>\n<meta property=\"og:description\" content=\"Elevate your bracelet display with this luxury upright stand! Crafted from linen fabric and metal wire drawing, it blends natural texture with elegant charm. The premium materials ensure bracelet safety, while the meticulous craftsmanship gives a light - luxury feel. Perfect for jewelry stores or home vanities to showcase bracelets stylishly.\" \/>\n<meta property=\"og:url\" content=\"https:\/\/deliangdisplay.com\/fr\/notre-produit\/accessoires\/barrettes-a-bangle\/presentoir-a-bracelets-texture-naturelle-chic-pour-bijouterie-maison-vanity\/\" \/>\n<meta property=\"og:site_name\" content=\"DE-LIANG - jewelry,clothes,watch,beauty cosmetics\" \/>\n<meta property=\"article:publisher\" content=\"https:\/\/www.facebook.com\/JaneZhang008\/\" \/>\n<meta property=\"article:modified_time\" content=\"2025-10-10T08:01:35+00:00\" \/>\n<meta property=\"og:image\" content=\"https:\/\/deliangdisplay.com\/wp-content\/uploads\/2025\/10\/42.png\" \/>\n\t<meta property=\"og:image:width\" content=\"564\" \/>\n\t<meta property=\"og:image:height\" content=\"564\" \/>\n\t<meta property=\"og:image:type\" content=\"image\/png\" \/>\n<meta name=\"twitter:card\" content=\"summary_large_image\" \/>\n<meta name=\"twitter:site\" content=\"@ly673551729\" \/>\n<meta name=\"twitter:label1\" content=\"Dur\u00e9e de lecture estim\u00e9e\" \/>\n\t<meta name=\"twitter:data1\" content=\"2 minutes\" \/>\n<script type=\"application\/ld+json\" class=\"yoast-schema-graph\">{\"@context\":\"https:\\\/\\\/schema.org\",\"@graph\":[{\"@type\":\"WebPage\",\"@id\":\"https:\\\/\\\/deliangdisplay.com\\\/our-product\\\/accessories\\\/bangle-bars\\\/chic-natural-texture-bracelet-display-rack-for-jewelry-store-home-vanity\\\/\",\"url\":\"https:\\\/\\\/deliangdisplay.com\\\/our-product\\\/accessories\\\/bangle-bars\\\/chic-natural-texture-bracelet-display-rack-for-jewelry-store-home-vanity\\\/\",\"name\":\"Chic Natural - Texture Bracelet Display Rack - For Jewelry Store & Home Vanity - DE-LIANG - jewelry,clothes,watch,beauty cosmetics\",\"isPartOf\":{\"@id\":\"https:\\\/\\\/deliangdisplay.com\\\/#website\"},\"primaryImageOfPage\":{\"@id\":\"https:\\\/\\\/deliangdisplay.com\\\/our-product\\\/accessories\\\/bangle-bars\\\/chic-natural-texture-bracelet-display-rack-for-jewelry-store-home-vanity\\\/#primaryimage\"},\"image\":{\"@id\":\"https:\\\/\\\/deliangdisplay.com\\\/our-product\\\/accessories\\\/bangle-bars\\\/chic-natural-texture-bracelet-display-rack-for-jewelry-store-home-vanity\\\/#primaryimage\"},\"thumbnailUrl\":\"https:\\\/\\\/deliangdisplay.com\\\/wp-content\\\/uploads\\\/2025\\\/10\\\/42.png\",\"datePublished\":\"2025-10-10T08:01:30+00:00\",\"dateModified\":\"2025-10-10T08:01:35+00:00\",\"breadcrumb\":{\"@id\":\"https:\\\/\\\/deliangdisplay.com\\\/our-product\\\/accessories\\\/bangle-bars\\\/chic-natural-texture-bracelet-display-rack-for-jewelry-store-home-vanity\\\/#breadcrumb\"},\"inLanguage\":\"fr-FR\",\"potentialAction\":[{\"@type\":\"ReadAction\",\"target\":[\"https:\\\/\\\/deliangdisplay.com\\\/our-product\\\/accessories\\\/bangle-bars\\\/chic-natural-texture-bracelet-display-rack-for-jewelry-store-home-vanity\\\/\"]}]},{\"@type\":\"ImageObject\",\"inLanguage\":\"fr-FR\",\"@id\":\"https:\\\/\\\/deliangdisplay.com\\\/our-product\\\/accessories\\\/bangle-bars\\\/chic-natural-texture-bracelet-display-rack-for-jewelry-store-home-vanity\\\/#primaryimage\",\"url\":\"https:\\\/\\\/deliangdisplay.com\\\/wp-content\\\/uploads\\\/2025\\\/10\\\/42.png\",\"contentUrl\":\"https:\\\/\\\/deliangdisplay.com\\\/wp-content\\\/uploads\\\/2025\\\/10\\\/42.png\",\"width\":564,\"height\":564},{\"@type\":\"BreadcrumbList\",\"@id\":\"https:\\\/\\\/deliangdisplay.com\\\/our-product\\\/accessories\\\/bangle-bars\\\/chic-natural-texture-bracelet-display-rack-for-jewelry-store-home-vanity\\\/#breadcrumb\",\"itemListElement\":[{\"@type\":\"ListItem\",\"position\":1,\"name\":\"\u9996\u9875\",\"item\":\"https:\\\/\\\/deliangdisplay.com\\\/\"},{\"@type\":\"ListItem\",\"position\":2,\"name\":\"Our Product\",\"item\":\"https:\\\/\\\/deliangdisplay.com\\\/our-product\\\/\"},{\"@type\":\"ListItem\",\"position\":3,\"name\":\"Chic Natural &#8211; Texture Bracelet Display Rack &#8211; For Jewelry Store &#038; Home Vanity\"}]},{\"@type\":\"WebSite\",\"@id\":\"https:\\\/\\\/deliangdisplay.com\\\/#website\",\"url\":\"https:\\\/\\\/deliangdisplay.com\\\/\",\"name\":\"deliangdisplay.com\",\"description\":\"DE-LIANG - Providing bespoke packaging solutions and luxurious display design services for brands in jewelry, apparel, watches, beauty cosmetics, and more.\",\"publisher\":{\"@id\":\"https:\\\/\\\/deliangdisplay.com\\\/#organization\"},\"potentialAction\":[{\"@type\":\"SearchAction\",\"target\":{\"@type\":\"EntryPoint\",\"urlTemplate\":\"https:\\\/\\\/deliangdisplay.com\\\/?s={search_term_string}\"},\"query-input\":{\"@type\":\"PropertyValueSpecification\",\"valueRequired\":true,\"valueName\":\"search_term_string\"}}],\"inLanguage\":\"fr-FR\"},{\"@type\":\"Organization\",\"@id\":\"https:\\\/\\\/deliangdisplay.com\\\/#organization\",\"name\":\"deliangdisplay.com\",\"url\":\"https:\\\/\\\/deliangdisplay.com\\\/\",\"logo\":{\"@type\":\"ImageObject\",\"inLanguage\":\"fr-FR\",\"@id\":\"https:\\\/\\\/deliangdisplay.com\\\/#\\\/schema\\\/logo\\\/image\\\/\",\"url\":\"https:\\\/\\\/deliangdisplay.com\\\/wp-content\\\/uploads\\\/2025\\\/08\\\/DELIANGDISPALY_logo.png\",\"contentUrl\":\"https:\\\/\\\/deliangdisplay.com\\\/wp-content\\\/uploads\\\/2025\\\/08\\\/DELIANGDISPALY_logo.png\",\"width\":300,\"height\":130,\"caption\":\"deliangdisplay.com\"},\"image\":{\"@id\":\"https:\\\/\\\/deliangdisplay.com\\\/#\\\/schema\\\/logo\\\/image\\\/\"},\"sameAs\":[\"https:\\\/\\\/www.facebook.com\\\/JaneZhang008\\\/\",\"https:\\\/\\\/x.com\\\/ly673551729\"]}]}<\/script>\n<!-- \/ Yoast SEO plugin. -->","yoast_head_json":{"title":"Chic Naturel - Pr\u00e9sentoir \u00e0 Bracelet Texture - Pour Bijouterie &amp; Maison Vanity - DE-LIANG - bijoux,vetements,montres,beaute,cosmetique","robots":{"index":"index","follow":"follow","max-snippet":"max-snippet:-1","max-image-preview":"max-image-preview:large","max-video-preview":"max-video-preview:-1"},"canonical":"https:\/\/deliangdisplay.com\/fr\/notre-produit\/accessoires\/barrettes-a-bangle\/presentoir-a-bracelets-texture-naturelle-chic-pour-bijouterie-maison-vanity\/","og_locale":"fr_FR","og_type":"article","og_title":"Chic Natural - Texture Bracelet Display Rack - For Jewelry Store & Home Vanity - DE-LIANG - jewelry,clothes,watch,beauty cosmetics","og_description":"Elevate your bracelet display with this luxury upright stand! Crafted from linen fabric and metal wire drawing, it blends natural texture with elegant charm. The premium materials ensure bracelet safety, while the meticulous craftsmanship gives a light - luxury feel. Perfect for jewelry stores or home vanities to showcase bracelets stylishly.","og_url":"https:\/\/deliangdisplay.com\/fr\/notre-produit\/accessoires\/barrettes-a-bangle\/presentoir-a-bracelets-texture-naturelle-chic-pour-bijouterie-maison-vanity\/","og_site_name":"DE-LIANG - jewelry,clothes,watch,beauty cosmetics","article_publisher":"https:\/\/www.facebook.com\/JaneZhang008\/","article_modified_time":"2025-10-10T08:01:35+00:00","og_image":[{"width":564,"height":564,"url":"https:\/\/deliangdisplay.com\/wp-content\/uploads\/2025\/10\/42.png","type":"image\/png"}],"twitter_card":"summary_large_image","twitter_site":"@ly673551729","twitter_misc":{"Dur\u00e9e de lecture estim\u00e9e":"2 minutes"},"schema":{"@context":"https:\/\/schema.org","@graph":[{"@type":"WebPage","@id":"https:\/\/deliangdisplay.com\/our-product\/accessories\/bangle-bars\/chic-natural-texture-bracelet-display-rack-for-jewelry-store-home-vanity\/","url":"https:\/\/deliangdisplay.com\/our-product\/accessories\/bangle-bars\/chic-natural-texture-bracelet-display-rack-for-jewelry-store-home-vanity\/","name":"Chic Naturel - Pr\u00e9sentoir \u00e0 Bracelet Texture - Pour Bijouterie &amp; Maison Vanity - DE-LIANG - bijoux,vetements,montres,beaute,cosmetique","isPartOf":{"@id":"https:\/\/deliangdisplay.com\/#website"},"primaryImageOfPage":{"@id":"https:\/\/deliangdisplay.com\/our-product\/accessories\/bangle-bars\/chic-natural-texture-bracelet-display-rack-for-jewelry-store-home-vanity\/#primaryimage"},"image":{"@id":"https:\/\/deliangdisplay.com\/our-product\/accessories\/bangle-bars\/chic-natural-texture-bracelet-display-rack-for-jewelry-store-home-vanity\/#primaryimage"},"thumbnailUrl":"https:\/\/deliangdisplay.com\/wp-content\/uploads\/2025\/10\/42.png","datePublished":"2025-10-10T08:01:30+00:00","dateModified":"2025-10-10T08:01:35+00:00","breadcrumb":{"@id":"https:\/\/deliangdisplay.com\/our-product\/accessories\/bangle-bars\/chic-natural-texture-bracelet-display-rack-for-jewelry-store-home-vanity\/#breadcrumb"},"inLanguage":"fr-FR","potentialAction":[{"@type":"ReadAction","target":["https:\/\/deliangdisplay.com\/our-product\/accessories\/bangle-bars\/chic-natural-texture-bracelet-display-rack-for-jewelry-store-home-vanity\/"]}]},{"@type":"ImageObject","inLanguage":"fr-FR","@id":"https:\/\/deliangdisplay.com\/our-product\/accessories\/bangle-bars\/chic-natural-texture-bracelet-display-rack-for-jewelry-store-home-vanity\/#primaryimage","url":"https:\/\/deliangdisplay.com\/wp-content\/uploads\/2025\/10\/42.png","contentUrl":"https:\/\/deliangdisplay.com\/wp-content\/uploads\/2025\/10\/42.png","width":564,"height":564},{"@type":"BreadcrumbList","@id":"https:\/\/deliangdisplay.com\/our-product\/accessories\/bangle-bars\/chic-natural-texture-bracelet-display-rack-for-jewelry-store-home-vanity\/#breadcrumb","itemListElement":[{"@type":"ListItem","position":1,"name":"\u9996\u9875","item":"https:\/\/deliangdisplay.com\/"},{"@type":"ListItem","position":2,"name":"Our Product","item":"https:\/\/deliangdisplay.com\/our-product\/"},{"@type":"ListItem","position":3,"name":"Chic Natural &#8211; Texture Bracelet Display Rack &#8211; For Jewelry Store &#038; Home Vanity"}]},{"@type":"WebSite","@id":"https:\/\/deliangdisplay.com\/#website","url":"https:\/\/deliangdisplay.com\/","name":"deliangdisplay.com","description":"DE-LIANG - Fournit des solutions d'emballage sur mesure et des services de conception de pr\u00e9sentoirs luxueux pour les marques de bijoux, de v\u00eatements, de montres, de produits de beaut\u00e9 et de cosm\u00e9tiques, et plus encore.","publisher":{"@id":"https:\/\/deliangdisplay.com\/#organization"},"potentialAction":[{"@type":"SearchAction","target":{"@type":"EntryPoint","urlTemplate":"https:\/\/deliangdisplay.com\/?s={search_term_string}"},"query-input":{"@type":"PropertyValueSpecification","valueRequired":true,"valueName":"search_term_string"}}],"inLanguage":"fr-FR"},{"@type":"Organization","@id":"https:\/\/deliangdisplay.com\/#organization","name":"deliangdisplay.com","url":"https:\/\/deliangdisplay.com\/","logo":{"@type":"ImageObject","inLanguage":"fr-FR","@id":"https:\/\/deliangdisplay.com\/#\/schema\/logo\/image\/","url":"https:\/\/deliangdisplay.com\/wp-content\/uploads\/2025\/08\/DELIANGDISPALY_logo.png","contentUrl":"https:\/\/deliangdisplay.com\/wp-content\/uploads\/2025\/08\/DELIANGDISPALY_logo.png","width":300,"height":130,"caption":"deliangdisplay.com"},"image":{"@id":"https:\/\/deliangdisplay.com\/#\/schema\/logo\/image\/"},"sameAs":["https:\/\/www.facebook.com\/JaneZhang008\/","https:\/\/x.com\/ly673551729"]}]}},"_links":{"self":[{"href":"https:\/\/deliangdisplay.com\/fr\/wp-json\/wp\/v2\/product\/43446","targetHints":{"allow":["GET"]}}],"collection":[{"href":"https:\/\/deliangdisplay.com\/fr\/wp-json\/wp\/v2\/product"}],"about":[{"href":"https:\/\/deliangdisplay.com\/fr\/wp-json\/wp\/v2\/types\/product"}],"replies":[{"embeddable":true,"href":"https:\/\/deliangdisplay.com\/fr\/wp-json\/wp\/v2\/comments?post=43446"}],"wp:featuredmedia":[{"embeddable":true,"href":"https:\/\/deliangdisplay.com\/fr\/wp-json\/wp\/v2\/media\/43447"}],"wp:attachment":[{"href":"https:\/\/deliangdisplay.com\/fr\/wp-json\/wp\/v2\/media?parent=43446"}],"wp:term":[{"taxonomy":"product_brand","embeddable":true,"href":"https:\/\/deliangdisplay.com\/fr\/wp-json\/wp\/v2\/product_brand?post=43446"},{"taxonomy":"product_cat","embeddable":true,"href":"https:\/\/deliangdisplay.com\/fr\/wp-json\/wp\/v2\/product_cat?post=43446"},{"taxonomy":"product_tag","embeddable":true,"href":"https:\/\/deliangdisplay.com\/fr\/wp-json\/wp\/v2\/product_tag?post=43446"}],"curies":[{"name":"wp","href":"https:\/\/api.w.org\/{rel}","templated":true}]}}