{"id":43420,"date":"2025-10-10T15:17:00","date_gmt":"2025-10-10T07:17:00","guid":{"rendered":"https:\/\/deliangdisplay.com\/?post_type=product&#038;p=43420"},"modified":"2025-10-10T15:17:00","modified_gmt":"2025-10-10T07:17:00","slug":"presentoir-de-luxe-pour-bracelets-en-bois-design-arrondi-pour-bracelets-bangles-utilisation-dans-un-magasin-a-domicile","status":"publish","type":"product","link":"https:\/\/deliangdisplay.com\/fr\/notre-produit\/accessoires\/barrettes-a-bangle\/presentoir-de-luxe-pour-bracelets-en-bois-design-arrondi-pour-bracelets-bangles-utilisation-dans-un-magasin-a-domicile\/","title":{"rendered":"Pr\u00e9sentoir de luxe pour bracelets en bois de caoutchouc - design arrondi pour bracelets, bracelets (utilisation \u00e0 la maison et en magasin)"},"content":{"rendered":"<h3 class=\"header-vfC6AV auto-hide-last-sibling-br\">Aper\u00e7u du produit<\/h3>\n<div class=\"auto-hide-last-sibling-br paragraph-JOTKXA paragraph-element br-paragraph-space\">\u00c9levez votre pr\u00e9sentoir \u00e0 bijoux au rang de\u00a0<strong>niveaux de luxe<\/strong>\u00a0avec ce pr\u00e9sentoir de bracelets en bois exquis ! Con\u00e7u pour organiser et mettre en valeur bracelets et bangles avec style, il ajoute instantan\u00e9ment une touche d'\u00e9l\u00e9gance \u00e0 n'importe quel espace - qu'il s'agisse d'une bijouterie anim\u00e9e, de votre coiffeuse personnelle qui est votre havre de paix quotidien, ou d'un coin chic de votre maison o\u00f9 vous aimez exposer vos tr\u00e9sors. Il ne s'agit pas seulement d'une solution de rangement, mais d'une pi\u00e8ce ma\u00eetresse qui rehausse l'esth\u00e9tique de l'endroit.<\/div>\n<h3 class=\"header-vfC6AV auto-hide-last-sibling-br\">Caract\u00e9ristiques principales<\/h3>\n<ul class=\"auto-hide-last-sibling-br\">\n<li><strong>Bois de construction en caoutchouc de premi\u00e8re qualit\u00e9<\/strong>: Fabriqu\u00e9 \u00e0 partir d'un bois d'h\u00e9v\u00e9a de premi\u00e8re qualit\u00e9, il b\u00e9n\u00e9ficie d'une durabilit\u00e9 exceptionnelle qui lui permet de durer des ann\u00e9es. De plus, l'aspect naturellement haut de gamme et sophistiqu\u00e9 du bois fait ressortir vos bijoux, donnant \u00e0 chaque pi\u00e8ce l'attention qu'elle m\u00e9rite. C'est un m\u00e9lange de fonctionnalit\u00e9 et de design haut de gamme.<\/li>\n<li><strong>Un savoir-faire exquis<\/strong>: Chaque centim\u00e8tre est orn\u00e9 de d\u00e9licates textures sculpt\u00e9es, d\u00e9gageant une atmosph\u00e8re \u00e0 la fois simple et \u00e9l\u00e9gante qui ne se d\u00e9modera jamais. Le design arrondi et robuste ne fait pas qu'amplifier son charme, il assure \u00e9galement sa stabilit\u00e9, de sorte que vous n'aurez jamais \u00e0 vous soucier de mettre vos pr\u00e9cieux bijoux en danger.<\/li>\n<li><strong>Conception multicouche g\u00e9niale<\/strong>: Avec plusieurs couches, il y a suffisamment d'espace pour organiser proprement tous vos bracelets, des cha\u00eenes d\u00e9licates aux manchettes audacieuses. Gardez vos bijoux accessibles et bien rang\u00e9s,\u00a0<em>et<\/em>\u00a0Laissez briller chaque d\u00e9tail, qu'il s'agisse de l'\u00e9clat d'une pierre pr\u00e9cieuse ou du design complexe d'un bracelet. Cette conception r\u00e9fl\u00e9chie cr\u00e9e une atmosph\u00e8re raffin\u00e9e et \u00e9l\u00e9gante qui fait de la pr\u00e9paration ou de l'admiration de votre collection un plaisir.<\/li>\n<\/ul>\n<h3 class=\"header-vfC6AV auto-hide-last-sibling-br\">Taille<\/h3>\n<div class=\"auto-hide-last-sibling-br paragraph-JOTKXA paragraph-element br-paragraph-space\">Disponible dans une gamme de dimensions pour r\u00e9pondre \u00e0 tous les besoins d'exposition, que vous ayez une vaste collection ou une s\u00e9lection restreinte. (Consultez les visuels des dimensions des produits pour conna\u00eetre les sp\u00e9cifications exactes et trouver la solution id\u00e9ale pour votre espace !)<\/div>\n<h3 class=\"header-vfC6AV auto-hide-last-sibling-br\">Sc\u00e9nario d'utilisation<\/h3>\n<div class=\"auto-hide-last-sibling-br paragraph-JOTKXA paragraph-element br-paragraph-space\">Parfait pour les bijouteries qui veulent impressionner leurs clients avec une pr\u00e9sentation soign\u00e9e, pour les coiffeuses personnelles o\u00f9 vous voulez commencer et terminer votre journ\u00e9e entour\u00e9 d'une beaut\u00e9 organis\u00e9e, ou encore pour les magasins d'articles de luxe.\u00a0<em>tous<\/em>\u00a0Ce support est id\u00e9al pour exposer votre collection de bracelets dans un endroit de votre maison o\u00f9 vous souhaitez le faire avec style. Avec ce support, vous pouvez sans probl\u00e8me conserver et mettre en valeur votre style unique. C'est la meilleure fa\u00e7on de transformer vos bijoux en une exposition digne d'une galerie d'art.<\/div>","protected":false},"excerpt":{"rendered":"<p>Rehaussez votre pr\u00e9sentation de bijoux avec ce porte-bracelet en bois d'h\u00e9v\u00e9a de qualit\u00e9 sup\u00e9rieure ! Fabriqu\u00e9 en bois d'h\u00e9v\u00e9a de premi\u00e8re qualit\u00e9, il allie la durabilit\u00e9 \u00e0 un aspect naturel et haut de gamme, ainsi qu'\u00e0 de d\u00e9licates textures sculpt\u00e9es et \u00e0 un design arrondi et robuste pour plus d'\u00e9l\u00e9gance. Sa structure multicouche permet d'organiser soigneusement les bracelets et les bracelets en les gardant accessibles tout en mettant en valeur chaque d\u00e9tail. Parfait pour les bijouteries, les coiffeuses ou tout autre espace n\u00e9cessitant une solution de rangement raffin\u00e9e et \u00e9l\u00e9gante.<\/p>","protected":false},"featured_media":43421,"comment_status":"open","ping_status":"closed","template":"","meta":{"_acf_changed":false},"product_brand":[84],"product_cat":[71],"product_tag":[361,366,364,360,362,363,359,365,358,367,357,368],"class_list":{"0":"post-43420","1":"product","2":"type-product","3":"status-publish","4":"has-post-thumbnail","6":"product_brand-de-liang","7":"product_cat-bangle-bars","8":"product_tag-carved-rubber-wood-jewelry-organizer","9":"product_tag-chic-bracelet-organizer","10":"product_tag-durable-bracelet-storage-stand","11":"product_tag-elegant-jewelry-display-stand","12":"product_tag-home-vanity-bracelet-stand","13":"product_tag-jewelry-store-bangle-display","14":"product_tag-multi-layer-bangle-stand","15":"product_tag-natural-wood-jewelry-display","16":"product_tag-premium-bracelet-organizer","17":"product_tag-rubber-wood-bangle-holder","18":"product_tag-rubber-wood-bracelet-display-stand","19":"product_tag-upscale-jewelry-display-stand","21":"first","22":"instock","23":"shipping-taxable","24":"purchasable","25":"product-type-simple"},"acf":[],"yoast_head":"<!-- This site is optimized with the Yoast SEO plugin v27.4 - https:\/\/yoast.com\/product\/yoast-seo-wordpress\/ -->\n<title>Luxury Rubber Wood Bracelet Display Organizer - Rounded Design for Bracelets, Bangles (Home &amp; Store Use) - DE-LIANG - jewelry,clothes,watch,beauty cosmetics<\/title>\n<meta name=\"robots\" content=\"index, follow, max-snippet:-1, max-image-preview:large, max-video-preview:-1\" \/>\n<link rel=\"canonical\" href=\"https:\/\/deliangdisplay.com\/fr\/notre-produit\/accessoires\/barrettes-a-bangle\/presentoir-de-luxe-pour-bracelets-en-bois-design-arrondi-pour-bracelets-bangles-utilisation-dans-un-magasin-a-domicile\/\" \/>\n<meta property=\"og:locale\" content=\"fr_FR\" \/>\n<meta property=\"og:type\" content=\"article\" \/>\n<meta property=\"og:title\" content=\"Luxury Rubber Wood Bracelet Display Organizer - Rounded Design for Bracelets, Bangles (Home &amp; Store Use) - DE-LIANG - jewelry,clothes,watch,beauty cosmetics\" \/>\n<meta property=\"og:description\" content=\"Elevate your jewelry display with this premium rubber wood bracelet stand! Crafted from top-notch rubber wood, it blends durability with a natural, upscale look, plus delicate carved textures and a rounded, sturdy design for elegance. Its multi-layer structure neatly organizes bracelets\/bangles\u2014keeping them accessible while highlighting every detail. Perfect for jewelry stores, home vanities, or any space needing a refined, stylish storage solution.\" \/>\n<meta property=\"og:url\" content=\"https:\/\/deliangdisplay.com\/fr\/notre-produit\/accessoires\/barrettes-a-bangle\/presentoir-de-luxe-pour-bracelets-en-bois-design-arrondi-pour-bracelets-bangles-utilisation-dans-un-magasin-a-domicile\/\" \/>\n<meta property=\"og:site_name\" content=\"DE-LIANG - jewelry,clothes,watch,beauty cosmetics\" \/>\n<meta property=\"article:publisher\" content=\"https:\/\/www.facebook.com\/JaneZhang008\/\" \/>\n<meta property=\"og:image\" content=\"https:\/\/deliangdisplay.com\/wp-content\/uploads\/2025\/10\/2-4.jpg\" \/>\n\t<meta property=\"og:image:width\" content=\"800\" \/>\n\t<meta property=\"og:image:height\" content=\"800\" \/>\n\t<meta property=\"og:image:type\" content=\"image\/jpeg\" \/>\n<meta name=\"twitter:card\" content=\"summary_large_image\" \/>\n<meta name=\"twitter:site\" content=\"@ly673551729\" \/>\n<meta name=\"twitter:label1\" content=\"Dur\u00e9e de lecture estim\u00e9e\" \/>\n\t<meta name=\"twitter:data1\" content=\"2 minutes\" \/>\n<script type=\"application\/ld+json\" class=\"yoast-schema-graph\">{\"@context\":\"https:\\\/\\\/schema.org\",\"@graph\":[{\"@type\":\"WebPage\",\"@id\":\"https:\\\/\\\/deliangdisplay.com\\\/our-product\\\/accessories\\\/bangle-bars\\\/luxury-rubber-wood-bracelet-display-organizer-rounded-design-for-bracelets-bangles-home-store-use\\\/\",\"url\":\"https:\\\/\\\/deliangdisplay.com\\\/our-product\\\/accessories\\\/bangle-bars\\\/luxury-rubber-wood-bracelet-display-organizer-rounded-design-for-bracelets-bangles-home-store-use\\\/\",\"name\":\"Luxury Rubber Wood Bracelet Display Organizer - Rounded Design for Bracelets, Bangles (Home & Store Use) - DE-LIANG - jewelry,clothes,watch,beauty cosmetics\",\"isPartOf\":{\"@id\":\"https:\\\/\\\/deliangdisplay.com\\\/#website\"},\"primaryImageOfPage\":{\"@id\":\"https:\\\/\\\/deliangdisplay.com\\\/our-product\\\/accessories\\\/bangle-bars\\\/luxury-rubber-wood-bracelet-display-organizer-rounded-design-for-bracelets-bangles-home-store-use\\\/#primaryimage\"},\"image\":{\"@id\":\"https:\\\/\\\/deliangdisplay.com\\\/our-product\\\/accessories\\\/bangle-bars\\\/luxury-rubber-wood-bracelet-display-organizer-rounded-design-for-bracelets-bangles-home-store-use\\\/#primaryimage\"},\"thumbnailUrl\":\"https:\\\/\\\/deliangdisplay.com\\\/wp-content\\\/uploads\\\/2025\\\/10\\\/2-4.jpg\",\"datePublished\":\"2025-10-10T07:17:00+00:00\",\"breadcrumb\":{\"@id\":\"https:\\\/\\\/deliangdisplay.com\\\/our-product\\\/accessories\\\/bangle-bars\\\/luxury-rubber-wood-bracelet-display-organizer-rounded-design-for-bracelets-bangles-home-store-use\\\/#breadcrumb\"},\"inLanguage\":\"fr-FR\",\"potentialAction\":[{\"@type\":\"ReadAction\",\"target\":[\"https:\\\/\\\/deliangdisplay.com\\\/our-product\\\/accessories\\\/bangle-bars\\\/luxury-rubber-wood-bracelet-display-organizer-rounded-design-for-bracelets-bangles-home-store-use\\\/\"]}]},{\"@type\":\"ImageObject\",\"inLanguage\":\"fr-FR\",\"@id\":\"https:\\\/\\\/deliangdisplay.com\\\/our-product\\\/accessories\\\/bangle-bars\\\/luxury-rubber-wood-bracelet-display-organizer-rounded-design-for-bracelets-bangles-home-store-use\\\/#primaryimage\",\"url\":\"https:\\\/\\\/deliangdisplay.com\\\/wp-content\\\/uploads\\\/2025\\\/10\\\/2-4.jpg\",\"contentUrl\":\"https:\\\/\\\/deliangdisplay.com\\\/wp-content\\\/uploads\\\/2025\\\/10\\\/2-4.jpg\",\"width\":800,\"height\":800},{\"@type\":\"BreadcrumbList\",\"@id\":\"https:\\\/\\\/deliangdisplay.com\\\/our-product\\\/accessories\\\/bangle-bars\\\/luxury-rubber-wood-bracelet-display-organizer-rounded-design-for-bracelets-bangles-home-store-use\\\/#breadcrumb\",\"itemListElement\":[{\"@type\":\"ListItem\",\"position\":1,\"name\":\"\u9996\u9875\",\"item\":\"https:\\\/\\\/deliangdisplay.com\\\/\"},{\"@type\":\"ListItem\",\"position\":2,\"name\":\"Our Product\",\"item\":\"https:\\\/\\\/deliangdisplay.com\\\/our-product\\\/\"},{\"@type\":\"ListItem\",\"position\":3,\"name\":\"Luxury Rubber Wood Bracelet Display Organizer &#8211; Rounded Design for Bracelets, Bangles (Home &#038; Store Use)\"}]},{\"@type\":\"WebSite\",\"@id\":\"https:\\\/\\\/deliangdisplay.com\\\/#website\",\"url\":\"https:\\\/\\\/deliangdisplay.com\\\/\",\"name\":\"deliangdisplay.com\",\"description\":\"DE-LIANG - Providing bespoke packaging solutions and luxurious display design services for brands in jewelry, apparel, watches, beauty cosmetics, and more.\",\"publisher\":{\"@id\":\"https:\\\/\\\/deliangdisplay.com\\\/#organization\"},\"potentialAction\":[{\"@type\":\"SearchAction\",\"target\":{\"@type\":\"EntryPoint\",\"urlTemplate\":\"https:\\\/\\\/deliangdisplay.com\\\/?s={search_term_string}\"},\"query-input\":{\"@type\":\"PropertyValueSpecification\",\"valueRequired\":true,\"valueName\":\"search_term_string\"}}],\"inLanguage\":\"fr-FR\"},{\"@type\":\"Organization\",\"@id\":\"https:\\\/\\\/deliangdisplay.com\\\/#organization\",\"name\":\"deliangdisplay.com\",\"url\":\"https:\\\/\\\/deliangdisplay.com\\\/\",\"logo\":{\"@type\":\"ImageObject\",\"inLanguage\":\"fr-FR\",\"@id\":\"https:\\\/\\\/deliangdisplay.com\\\/#\\\/schema\\\/logo\\\/image\\\/\",\"url\":\"https:\\\/\\\/deliangdisplay.com\\\/wp-content\\\/uploads\\\/2025\\\/08\\\/DELIANGDISPALY_logo.png\",\"contentUrl\":\"https:\\\/\\\/deliangdisplay.com\\\/wp-content\\\/uploads\\\/2025\\\/08\\\/DELIANGDISPALY_logo.png\",\"width\":300,\"height\":130,\"caption\":\"deliangdisplay.com\"},\"image\":{\"@id\":\"https:\\\/\\\/deliangdisplay.com\\\/#\\\/schema\\\/logo\\\/image\\\/\"},\"sameAs\":[\"https:\\\/\\\/www.facebook.com\\\/JaneZhang008\\\/\",\"https:\\\/\\\/x.com\\\/ly673551729\"]}]}<\/script>\n<!-- \/ Yoast SEO plugin. -->","yoast_head_json":{"title":"Pr\u00e9sentoir de luxe pour bracelets en bois - Design arrondi pour bracelets, bracelets (utilisation \u00e0 la maison et en magasin) - DE-LIANG - bijoux,v\u00eatements,montres,beaut\u00e9,cosm\u00e9tique","robots":{"index":"index","follow":"follow","max-snippet":"max-snippet:-1","max-image-preview":"max-image-preview:large","max-video-preview":"max-video-preview:-1"},"canonical":"https:\/\/deliangdisplay.com\/fr\/notre-produit\/accessoires\/barrettes-a-bangle\/presentoir-de-luxe-pour-bracelets-en-bois-design-arrondi-pour-bracelets-bangles-utilisation-dans-un-magasin-a-domicile\/","og_locale":"fr_FR","og_type":"article","og_title":"Luxury Rubber Wood Bracelet Display Organizer - Rounded Design for Bracelets, Bangles (Home & Store Use) - DE-LIANG - jewelry,clothes,watch,beauty cosmetics","og_description":"Elevate your jewelry display with this premium rubber wood bracelet stand! Crafted from top-notch rubber wood, it blends durability with a natural, upscale look, plus delicate carved textures and a rounded, sturdy design for elegance. Its multi-layer structure neatly organizes bracelets\/bangles\u2014keeping them accessible while highlighting every detail. Perfect for jewelry stores, home vanities, or any space needing a refined, stylish storage solution.","og_url":"https:\/\/deliangdisplay.com\/fr\/notre-produit\/accessoires\/barrettes-a-bangle\/presentoir-de-luxe-pour-bracelets-en-bois-design-arrondi-pour-bracelets-bangles-utilisation-dans-un-magasin-a-domicile\/","og_site_name":"DE-LIANG - jewelry,clothes,watch,beauty cosmetics","article_publisher":"https:\/\/www.facebook.com\/JaneZhang008\/","og_image":[{"width":800,"height":800,"url":"https:\/\/deliangdisplay.com\/wp-content\/uploads\/2025\/10\/2-4.jpg","type":"image\/jpeg"}],"twitter_card":"summary_large_image","twitter_site":"@ly673551729","twitter_misc":{"Dur\u00e9e de lecture estim\u00e9e":"2 minutes"},"schema":{"@context":"https:\/\/schema.org","@graph":[{"@type":"WebPage","@id":"https:\/\/deliangdisplay.com\/our-product\/accessories\/bangle-bars\/luxury-rubber-wood-bracelet-display-organizer-rounded-design-for-bracelets-bangles-home-store-use\/","url":"https:\/\/deliangdisplay.com\/our-product\/accessories\/bangle-bars\/luxury-rubber-wood-bracelet-display-organizer-rounded-design-for-bracelets-bangles-home-store-use\/","name":"Pr\u00e9sentoir de luxe pour bracelets en bois - Design arrondi pour bracelets, bracelets (utilisation \u00e0 la maison et en magasin) - DE-LIANG - bijoux,v\u00eatements,montres,beaut\u00e9,cosm\u00e9tique","isPartOf":{"@id":"https:\/\/deliangdisplay.com\/#website"},"primaryImageOfPage":{"@id":"https:\/\/deliangdisplay.com\/our-product\/accessories\/bangle-bars\/luxury-rubber-wood-bracelet-display-organizer-rounded-design-for-bracelets-bangles-home-store-use\/#primaryimage"},"image":{"@id":"https:\/\/deliangdisplay.com\/our-product\/accessories\/bangle-bars\/luxury-rubber-wood-bracelet-display-organizer-rounded-design-for-bracelets-bangles-home-store-use\/#primaryimage"},"thumbnailUrl":"https:\/\/deliangdisplay.com\/wp-content\/uploads\/2025\/10\/2-4.jpg","datePublished":"2025-10-10T07:17:00+00:00","breadcrumb":{"@id":"https:\/\/deliangdisplay.com\/our-product\/accessories\/bangle-bars\/luxury-rubber-wood-bracelet-display-organizer-rounded-design-for-bracelets-bangles-home-store-use\/#breadcrumb"},"inLanguage":"fr-FR","potentialAction":[{"@type":"ReadAction","target":["https:\/\/deliangdisplay.com\/our-product\/accessories\/bangle-bars\/luxury-rubber-wood-bracelet-display-organizer-rounded-design-for-bracelets-bangles-home-store-use\/"]}]},{"@type":"ImageObject","inLanguage":"fr-FR","@id":"https:\/\/deliangdisplay.com\/our-product\/accessories\/bangle-bars\/luxury-rubber-wood-bracelet-display-organizer-rounded-design-for-bracelets-bangles-home-store-use\/#primaryimage","url":"https:\/\/deliangdisplay.com\/wp-content\/uploads\/2025\/10\/2-4.jpg","contentUrl":"https:\/\/deliangdisplay.com\/wp-content\/uploads\/2025\/10\/2-4.jpg","width":800,"height":800},{"@type":"BreadcrumbList","@id":"https:\/\/deliangdisplay.com\/our-product\/accessories\/bangle-bars\/luxury-rubber-wood-bracelet-display-organizer-rounded-design-for-bracelets-bangles-home-store-use\/#breadcrumb","itemListElement":[{"@type":"ListItem","position":1,"name":"\u9996\u9875","item":"https:\/\/deliangdisplay.com\/"},{"@type":"ListItem","position":2,"name":"Our Product","item":"https:\/\/deliangdisplay.com\/our-product\/"},{"@type":"ListItem","position":3,"name":"Luxury Rubber Wood Bracelet Display Organizer &#8211; Rounded Design for Bracelets, Bangles (Home &#038; Store Use)"}]},{"@type":"WebSite","@id":"https:\/\/deliangdisplay.com\/#website","url":"https:\/\/deliangdisplay.com\/","name":"deliangdisplay.com","description":"DE-LIANG - Fournit des solutions d'emballage sur mesure et des services de conception de pr\u00e9sentoirs luxueux pour les marques de bijoux, de v\u00eatements, de montres, de produits de beaut\u00e9 et de cosm\u00e9tiques, et plus encore.","publisher":{"@id":"https:\/\/deliangdisplay.com\/#organization"},"potentialAction":[{"@type":"SearchAction","target":{"@type":"EntryPoint","urlTemplate":"https:\/\/deliangdisplay.com\/?s={search_term_string}"},"query-input":{"@type":"PropertyValueSpecification","valueRequired":true,"valueName":"search_term_string"}}],"inLanguage":"fr-FR"},{"@type":"Organization","@id":"https:\/\/deliangdisplay.com\/#organization","name":"deliangdisplay.com","url":"https:\/\/deliangdisplay.com\/","logo":{"@type":"ImageObject","inLanguage":"fr-FR","@id":"https:\/\/deliangdisplay.com\/#\/schema\/logo\/image\/","url":"https:\/\/deliangdisplay.com\/wp-content\/uploads\/2025\/08\/DELIANGDISPALY_logo.png","contentUrl":"https:\/\/deliangdisplay.com\/wp-content\/uploads\/2025\/08\/DELIANGDISPALY_logo.png","width":300,"height":130,"caption":"deliangdisplay.com"},"image":{"@id":"https:\/\/deliangdisplay.com\/#\/schema\/logo\/image\/"},"sameAs":["https:\/\/www.facebook.com\/JaneZhang008\/","https:\/\/x.com\/ly673551729"]}]}},"_links":{"self":[{"href":"https:\/\/deliangdisplay.com\/fr\/wp-json\/wp\/v2\/product\/43420","targetHints":{"allow":["GET"]}}],"collection":[{"href":"https:\/\/deliangdisplay.com\/fr\/wp-json\/wp\/v2\/product"}],"about":[{"href":"https:\/\/deliangdisplay.com\/fr\/wp-json\/wp\/v2\/types\/product"}],"replies":[{"embeddable":true,"href":"https:\/\/deliangdisplay.com\/fr\/wp-json\/wp\/v2\/comments?post=43420"}],"wp:featuredmedia":[{"embeddable":true,"href":"https:\/\/deliangdisplay.com\/fr\/wp-json\/wp\/v2\/media\/43421"}],"wp:attachment":[{"href":"https:\/\/deliangdisplay.com\/fr\/wp-json\/wp\/v2\/media?parent=43420"}],"wp:term":[{"taxonomy":"product_brand","embeddable":true,"href":"https:\/\/deliangdisplay.com\/fr\/wp-json\/wp\/v2\/product_brand?post=43420"},{"taxonomy":"product_cat","embeddable":true,"href":"https:\/\/deliangdisplay.com\/fr\/wp-json\/wp\/v2\/product_cat?post=43420"},{"taxonomy":"product_tag","embeddable":true,"href":"https:\/\/deliangdisplay.com\/fr\/wp-json\/wp\/v2\/product_tag?post=43420"}],"curies":[{"name":"wp","href":"https:\/\/api.w.org\/{rel}","templated":true}]}}