{"id":43196,"date":"2025-09-26T14:36:26","date_gmt":"2025-09-26T06:36:26","guid":{"rendered":"https:\/\/deliangdisplay.com\/?post_type=product&#038;p=43196"},"modified":"2025-09-26T17:35:56","modified_gmt":"2025-09-26T09:35:56","slug":"tete-de-femme-mannequin-modele-dexposition-plastique-blanc-40-50cm-tailles-pour-accessoires-vitrine","status":"publish","type":"product","link":"https:\/\/deliangdisplay.com\/fr\/notre-produit\/accessoires\/formes-de-cou\/tete-de-femme-mannequin-modele-dexposition-plastique-blanc-40-50cm-tailles-pour-accessoires-vitrine\/","title":{"rendered":"T\u00eate de femme Mannequin Display Model (Plastique blanc) - 40-50cm Tailles pour Accessoires Showcase"},"content":{"rendered":"<h3 class=\"header-vfC6AV auto-hide-last-sibling-br\">Aper\u00e7u du produit<\/h3>\n<div class=\"auto-hide-last-sibling-br paragraph-JOTKXA paragraph-element br-paragraph-space\">Il s'agit d'un mod\u00e8le de mannequin f\u00e9minin de haute qualit\u00e9, sp\u00e9cialement con\u00e7u pour \u00eatre utilis\u00e9 en tant qu'objet d'exposition.\u00a0<strong>affichage t\u00eate seule<\/strong>\u00a0avec un long cou et une construction en plastique blanc. Il permet de mettre en valeur une grande vari\u00e9t\u00e9 d'articles, notamment des bijoux, des chapeaux, des v\u00eatements, des \u00e9charpes et des bandeaux, ce qui en fait un choix polyvalent pour les magasins de d\u00e9tail, les boutiques ou les installations de photographie de produits. Son design \u00e9l\u00e9gant et f\u00e9minin s'aligne sur l'esth\u00e9tique des pr\u00e9sentoirs modernes et permet de mettre en valeur les d\u00e9tails des articles expos\u00e9s.<\/div>\n<h3 class=\"header-vfC6AV auto-hide-last-sibling-br\">Principales sp\u00e9cifications<\/h3>\n<ul class=\"auto-hide-last-sibling-br\">\n<li><strong>Type de mannequin<\/strong>: Affichage de la t\u00eate uniquement (pas de corps entier)<\/li>\n<li><strong>Sexe et groupe d'\u00e2ge<\/strong>: Femmes, Adultes<\/li>\n<li><strong>Mat\u00e9riau<\/strong>: Plastique durable<\/li>\n<li><strong>Couleur<\/strong>: Blanc<\/li>\n<li><strong>Styles et tailles<\/strong>: 3 variantes de style (Style A, B, C) avec des hauteurs correspondantes : 40cm (16inch), 45cm (18inch), 50cm (20inch)<\/li>\n<li><strong>Pose<\/strong>: Pose fixe en position debout<\/li>\n<li><strong>Num\u00e9ro de mod\u00e8le<\/strong>: DLFH14<\/li>\n<\/ul>\n<h3 class=\"header-vfC6AV auto-hide-last-sibling-br\">Applications de base<\/h3>\n<ul class=\"auto-hide-last-sibling-br\">\n<li>Pr\u00e9sentoir de bijoux (colliers, boucles d'oreilles, bracelets, etc.)<\/li>\n<li>Pr\u00e9sentoir de chapeaux et de bandeaux<\/li>\n<li>Vitrine d'accessoires vestimentaires (par exemple, \u00e9charpes, ch\u00e2les)<\/li>\n<li>Marchandisage en vitrine<\/li>\n<li>Accessoires de photographie de produits pour les marques de mode ou d'accessoires<\/li>\n<\/ul>\n<h3 class=\"header-vfC6AV auto-hide-last-sibling-br\">Options de personnalisation<\/h3>\n<ul class=\"auto-hide-last-sibling-br\">\n<li>Prise en charge de plusieurs types de personnalisation : personnalisation mineure, personnalisation bas\u00e9e sur des dessins, personnalisation bas\u00e9e sur des \u00e9chantillons et personnalisation compl\u00e8te.<\/li>\n<li>D\u00e9lai de commande d'\u00e9chantillons : 7 jours (pour les essais ou la confirmation de la conception)<\/li>\n<\/ul>\n<h3 class=\"header-vfC6AV auto-hide-last-sibling-br\">D\u00e9tails de l'emballage<\/h3>\n<ul class=\"auto-hide-last-sibling-br\">\n<li><strong>Unit\u00e9 de vente<\/strong>: Article unique<\/li>\n<li><strong>Taille de l'emballage unique<\/strong>: 51cm \u00d7 39cm \u00d7 23cm<\/li>\n<li><strong>Poids brut simple<\/strong>: 3.000 kg<\/li>\n<\/ul>\n<h3 class=\"header-vfC6AV auto-hide-last-sibling-br\">D\u00e9lai d'ex\u00e9cution<\/h3>\n<ul class=\"auto-hide-last-sibling-br\">\n<li>Quantit\u00e9 de commande 1 - 100 pi\u00e8ces : 15 - 20 jours<\/li>\n<li>Quantit\u00e9 de commande 101 - 1000 pi\u00e8ces : 20 - 35 jours<\/li>\n<li>Quantit\u00e9 de commande &gt; 1000 pi\u00e8ces : A n\u00e9gocier<\/li>\n<\/ul>\n<h3 class=\"header-vfC6AV auto-hide-last-sibling-br\">Avantages du produit<\/h3>\n<ul class=\"auto-hide-last-sibling-br\">\n<li>Le mat\u00e9riau plastique de haute qualit\u00e9 garantit la solidit\u00e9 et l'utilisation \u00e0 long terme dans les environnements de vente au d\u00e9tail.<\/li>\n<li>Plusieurs options de style\/taille pour r\u00e9pondre \u00e0 diff\u00e9rents besoins de pr\u00e9sentation (par exemple, diff\u00e9rentes hauteurs d'\u00e9tag\u00e8res ou tailles d'articles).<\/li>\n<li>La couleur blanche et le design du long cou cr\u00e9ent une toile de fond propre et \u00e9l\u00e9gante qui n'\u00e9clipse pas les objets expos\u00e9s.<\/li>\n<li>La polyvalence de la gamme d'applications r\u00e9duit la n\u00e9cessit\u00e9 de recourir \u00e0 de multiples supports d'affichage, ce qui permet d'\u00e9conomiser de l'espace et de l'argent.<\/li>\n<\/ul>","protected":false},"excerpt":{"rendered":"<p>Ce mannequin \u00e0 t\u00eate unique de haute qualit\u00e9 est fabriqu\u00e9 en plastique blanc durable et dot\u00e9 d'un long cou. Il est disponible en 3 styles et en position debout fixe. Parfait pour pr\u00e9senter des bijoux, des chapeaux, des \u00e9charpes et des bandeaux, il convient aux magasins de d\u00e9tail, aux boutiques et \u00e0 la photographie de produits. Il est possible de le personnaliser \u00e0 l'infini, avec un d\u00e9lai d'\u00e9chantillonnage de 7 jours. Robuste et \u00e9l\u00e9gant, il met en valeur les articles expos\u00e9s sans les distraire.<\/p>","protected":false},"featured_media":43197,"comment_status":"open","ping_status":"closed","template":"","meta":{"_acf_changed":false},"product_brand":[84],"product_cat":[69],"product_tag":[212,205,209,214,203,207,213,206,211,210,208,204],"class_list":{"0":"post-43196","1":"product","2":"type-product","3":"status-publish","4":"has-post-thumbnail","6":"product_brand-de-liang","7":"product_cat-neck-forms","8":"product_tag-3-style-head-mannequin","9":"product_tag-40-50cm-head-mannequin","10":"product_tag-adult-female-head-mannequin","11":"product_tag-female-accessory-display-model","12":"product_tag-female-head-only-mannequin","13":"product_tag-hat-display-mannequin","14":"product_tag-high-quality-head-mannequin","15":"product_tag-jewelry-display-mannequin","16":"product_tag-product-photography-mannequin","17":"product_tag-retail-accessory-mannequin","18":"product_tag-scarf-display-mannequin","19":"product_tag-white-plastic-mannequin","21":"first","22":"instock","23":"shipping-taxable","24":"purchasable","25":"product-type-simple"},"acf":[],"yoast_head":"<!-- This site is optimized with the Yoast SEO plugin v27.4 - https:\/\/yoast.com\/product\/yoast-seo-wordpress\/ -->\n<title>Female Head Mannequin Display Model (White Plastic) - 40-50cm Sizes for Accessories Showcase - DE-LIANG - jewelry,clothes,watch,beauty cosmetics<\/title>\n<meta name=\"robots\" content=\"index, follow, max-snippet:-1, max-image-preview:large, max-video-preview:-1\" \/>\n<link rel=\"canonical\" href=\"https:\/\/deliangdisplay.com\/fr\/notre-produit\/accessoires\/formes-de-cou\/tete-de-femme-mannequin-modele-dexposition-plastique-blanc-40-50cm-tailles-pour-accessoires-vitrine\/\" \/>\n<meta property=\"og:locale\" content=\"fr_FR\" \/>\n<meta property=\"og:type\" content=\"article\" \/>\n<meta property=\"og:title\" content=\"Female Head Mannequin Display Model (White Plastic) - 40-50cm Sizes for Accessories Showcase - DE-LIANG - jewelry,clothes,watch,beauty cosmetics\" \/>\n<meta property=\"og:description\" content=\"Introducing this high-quality female head-only mannequin display model, crafted from durable white plastic with a long neck. It comes in 3 styles and a fixed standing pose. Perfect for showcasing jewelry, hats, scarves, and headbands, it suits retail stores, boutiques, and product photography. Supports multiple customizations, with 7-day sample lead time. Sturdy, elegant, it highlights displayed items without distraction.\" \/>\n<meta property=\"og:url\" content=\"https:\/\/deliangdisplay.com\/fr\/notre-produit\/accessoires\/formes-de-cou\/tete-de-femme-mannequin-modele-dexposition-plastique-blanc-40-50cm-tailles-pour-accessoires-vitrine\/\" \/>\n<meta property=\"og:site_name\" content=\"DE-LIANG - jewelry,clothes,watch,beauty cosmetics\" \/>\n<meta property=\"article:publisher\" content=\"https:\/\/www.facebook.com\/JaneZhang008\/\" \/>\n<meta property=\"article:modified_time\" content=\"2025-09-26T09:35:56+00:00\" \/>\n<meta property=\"og:image\" content=\"https:\/\/deliangdisplay.com\/wp-content\/uploads\/2025\/09\/1-4.jpg\" \/>\n\t<meta property=\"og:image:width\" content=\"1000\" \/>\n\t<meta property=\"og:image:height\" content=\"1000\" \/>\n\t<meta property=\"og:image:type\" content=\"image\/jpeg\" \/>\n<meta name=\"twitter:card\" content=\"summary_large_image\" \/>\n<meta name=\"twitter:site\" content=\"@ly673551729\" \/>\n<meta name=\"twitter:label1\" content=\"Dur\u00e9e de lecture estim\u00e9e\" \/>\n\t<meta name=\"twitter:data1\" content=\"2 minutes\" \/>\n<script type=\"application\/ld+json\" class=\"yoast-schema-graph\">{\"@context\":\"https:\\\/\\\/schema.org\",\"@graph\":[{\"@type\":\"WebPage\",\"@id\":\"https:\\\/\\\/deliangdisplay.com\\\/our-product\\\/accessories\\\/neck-forms\\\/female-head-mannequin-display-model-white-plastic-40-50cm-sizes-for-accessories-showcase\\\/\",\"url\":\"https:\\\/\\\/deliangdisplay.com\\\/our-product\\\/accessories\\\/neck-forms\\\/female-head-mannequin-display-model-white-plastic-40-50cm-sizes-for-accessories-showcase\\\/\",\"name\":\"Female Head Mannequin Display Model (White Plastic) - 40-50cm Sizes for Accessories Showcase - DE-LIANG - jewelry,clothes,watch,beauty cosmetics\",\"isPartOf\":{\"@id\":\"https:\\\/\\\/deliangdisplay.com\\\/#website\"},\"primaryImageOfPage\":{\"@id\":\"https:\\\/\\\/deliangdisplay.com\\\/our-product\\\/accessories\\\/neck-forms\\\/female-head-mannequin-display-model-white-plastic-40-50cm-sizes-for-accessories-showcase\\\/#primaryimage\"},\"image\":{\"@id\":\"https:\\\/\\\/deliangdisplay.com\\\/our-product\\\/accessories\\\/neck-forms\\\/female-head-mannequin-display-model-white-plastic-40-50cm-sizes-for-accessories-showcase\\\/#primaryimage\"},\"thumbnailUrl\":\"https:\\\/\\\/deliangdisplay.com\\\/wp-content\\\/uploads\\\/2025\\\/09\\\/1-4.jpg\",\"datePublished\":\"2025-09-26T06:36:26+00:00\",\"dateModified\":\"2025-09-26T09:35:56+00:00\",\"breadcrumb\":{\"@id\":\"https:\\\/\\\/deliangdisplay.com\\\/our-product\\\/accessories\\\/neck-forms\\\/female-head-mannequin-display-model-white-plastic-40-50cm-sizes-for-accessories-showcase\\\/#breadcrumb\"},\"inLanguage\":\"fr-FR\",\"potentialAction\":[{\"@type\":\"ReadAction\",\"target\":[\"https:\\\/\\\/deliangdisplay.com\\\/our-product\\\/accessories\\\/neck-forms\\\/female-head-mannequin-display-model-white-plastic-40-50cm-sizes-for-accessories-showcase\\\/\"]}]},{\"@type\":\"ImageObject\",\"inLanguage\":\"fr-FR\",\"@id\":\"https:\\\/\\\/deliangdisplay.com\\\/our-product\\\/accessories\\\/neck-forms\\\/female-head-mannequin-display-model-white-plastic-40-50cm-sizes-for-accessories-showcase\\\/#primaryimage\",\"url\":\"https:\\\/\\\/deliangdisplay.com\\\/wp-content\\\/uploads\\\/2025\\\/09\\\/1-4.jpg\",\"contentUrl\":\"https:\\\/\\\/deliangdisplay.com\\\/wp-content\\\/uploads\\\/2025\\\/09\\\/1-4.jpg\",\"width\":1000,\"height\":1000},{\"@type\":\"BreadcrumbList\",\"@id\":\"https:\\\/\\\/deliangdisplay.com\\\/our-product\\\/accessories\\\/neck-forms\\\/female-head-mannequin-display-model-white-plastic-40-50cm-sizes-for-accessories-showcase\\\/#breadcrumb\",\"itemListElement\":[{\"@type\":\"ListItem\",\"position\":1,\"name\":\"\u9996\u9875\",\"item\":\"https:\\\/\\\/deliangdisplay.com\\\/\"},{\"@type\":\"ListItem\",\"position\":2,\"name\":\"Our Product\",\"item\":\"https:\\\/\\\/deliangdisplay.com\\\/our-product\\\/\"},{\"@type\":\"ListItem\",\"position\":3,\"name\":\"Female Head Mannequin Display Model (White Plastic) &#8211; 40-50cm Sizes for Accessories Showcase\"}]},{\"@type\":\"WebSite\",\"@id\":\"https:\\\/\\\/deliangdisplay.com\\\/#website\",\"url\":\"https:\\\/\\\/deliangdisplay.com\\\/\",\"name\":\"deliangdisplay.com\",\"description\":\"DE-LIANG - Providing bespoke packaging solutions and luxurious display design services for brands in jewelry, apparel, watches, beauty cosmetics, and more.\",\"publisher\":{\"@id\":\"https:\\\/\\\/deliangdisplay.com\\\/#organization\"},\"potentialAction\":[{\"@type\":\"SearchAction\",\"target\":{\"@type\":\"EntryPoint\",\"urlTemplate\":\"https:\\\/\\\/deliangdisplay.com\\\/?s={search_term_string}\"},\"query-input\":{\"@type\":\"PropertyValueSpecification\",\"valueRequired\":true,\"valueName\":\"search_term_string\"}}],\"inLanguage\":\"fr-FR\"},{\"@type\":\"Organization\",\"@id\":\"https:\\\/\\\/deliangdisplay.com\\\/#organization\",\"name\":\"deliangdisplay.com\",\"url\":\"https:\\\/\\\/deliangdisplay.com\\\/\",\"logo\":{\"@type\":\"ImageObject\",\"inLanguage\":\"fr-FR\",\"@id\":\"https:\\\/\\\/deliangdisplay.com\\\/#\\\/schema\\\/logo\\\/image\\\/\",\"url\":\"https:\\\/\\\/deliangdisplay.com\\\/wp-content\\\/uploads\\\/2025\\\/08\\\/DELIANGDISPALY_logo.png\",\"contentUrl\":\"https:\\\/\\\/deliangdisplay.com\\\/wp-content\\\/uploads\\\/2025\\\/08\\\/DELIANGDISPALY_logo.png\",\"width\":300,\"height\":130,\"caption\":\"deliangdisplay.com\"},\"image\":{\"@id\":\"https:\\\/\\\/deliangdisplay.com\\\/#\\\/schema\\\/logo\\\/image\\\/\"},\"sameAs\":[\"https:\\\/\\\/www.facebook.com\\\/JaneZhang008\\\/\",\"https:\\\/\\\/x.com\\\/ly673551729\"]}]}<\/script>\n<!-- \/ Yoast SEO plugin. -->","yoast_head_json":{"title":"Mannequin \u00e0 t\u00eate de femme (plastique blanc) - tailles 40-50cm pour vitrine d'accessoires - DE-LIANG - bijoux,v\u00eatements,montres,beaut\u00e9,cosm\u00e9tique","robots":{"index":"index","follow":"follow","max-snippet":"max-snippet:-1","max-image-preview":"max-image-preview:large","max-video-preview":"max-video-preview:-1"},"canonical":"https:\/\/deliangdisplay.com\/fr\/notre-produit\/accessoires\/formes-de-cou\/tete-de-femme-mannequin-modele-dexposition-plastique-blanc-40-50cm-tailles-pour-accessoires-vitrine\/","og_locale":"fr_FR","og_type":"article","og_title":"Female Head Mannequin Display Model (White Plastic) - 40-50cm Sizes for Accessories Showcase - DE-LIANG - jewelry,clothes,watch,beauty cosmetics","og_description":"Introducing this high-quality female head-only mannequin display model, crafted from durable white plastic with a long neck. It comes in 3 styles and a fixed standing pose. Perfect for showcasing jewelry, hats, scarves, and headbands, it suits retail stores, boutiques, and product photography. Supports multiple customizations, with 7-day sample lead time. Sturdy, elegant, it highlights displayed items without distraction.","og_url":"https:\/\/deliangdisplay.com\/fr\/notre-produit\/accessoires\/formes-de-cou\/tete-de-femme-mannequin-modele-dexposition-plastique-blanc-40-50cm-tailles-pour-accessoires-vitrine\/","og_site_name":"DE-LIANG - jewelry,clothes,watch,beauty cosmetics","article_publisher":"https:\/\/www.facebook.com\/JaneZhang008\/","article_modified_time":"2025-09-26T09:35:56+00:00","og_image":[{"width":1000,"height":1000,"url":"https:\/\/deliangdisplay.com\/wp-content\/uploads\/2025\/09\/1-4.jpg","type":"image\/jpeg"}],"twitter_card":"summary_large_image","twitter_site":"@ly673551729","twitter_misc":{"Dur\u00e9e de lecture estim\u00e9e":"2 minutes"},"schema":{"@context":"https:\/\/schema.org","@graph":[{"@type":"WebPage","@id":"https:\/\/deliangdisplay.com\/our-product\/accessories\/neck-forms\/female-head-mannequin-display-model-white-plastic-40-50cm-sizes-for-accessories-showcase\/","url":"https:\/\/deliangdisplay.com\/our-product\/accessories\/neck-forms\/female-head-mannequin-display-model-white-plastic-40-50cm-sizes-for-accessories-showcase\/","name":"Mannequin \u00e0 t\u00eate de femme (plastique blanc) - tailles 40-50cm pour vitrine d'accessoires - DE-LIANG - bijoux,v\u00eatements,montres,beaut\u00e9,cosm\u00e9tique","isPartOf":{"@id":"https:\/\/deliangdisplay.com\/#website"},"primaryImageOfPage":{"@id":"https:\/\/deliangdisplay.com\/our-product\/accessories\/neck-forms\/female-head-mannequin-display-model-white-plastic-40-50cm-sizes-for-accessories-showcase\/#primaryimage"},"image":{"@id":"https:\/\/deliangdisplay.com\/our-product\/accessories\/neck-forms\/female-head-mannequin-display-model-white-plastic-40-50cm-sizes-for-accessories-showcase\/#primaryimage"},"thumbnailUrl":"https:\/\/deliangdisplay.com\/wp-content\/uploads\/2025\/09\/1-4.jpg","datePublished":"2025-09-26T06:36:26+00:00","dateModified":"2025-09-26T09:35:56+00:00","breadcrumb":{"@id":"https:\/\/deliangdisplay.com\/our-product\/accessories\/neck-forms\/female-head-mannequin-display-model-white-plastic-40-50cm-sizes-for-accessories-showcase\/#breadcrumb"},"inLanguage":"fr-FR","potentialAction":[{"@type":"ReadAction","target":["https:\/\/deliangdisplay.com\/our-product\/accessories\/neck-forms\/female-head-mannequin-display-model-white-plastic-40-50cm-sizes-for-accessories-showcase\/"]}]},{"@type":"ImageObject","inLanguage":"fr-FR","@id":"https:\/\/deliangdisplay.com\/our-product\/accessories\/neck-forms\/female-head-mannequin-display-model-white-plastic-40-50cm-sizes-for-accessories-showcase\/#primaryimage","url":"https:\/\/deliangdisplay.com\/wp-content\/uploads\/2025\/09\/1-4.jpg","contentUrl":"https:\/\/deliangdisplay.com\/wp-content\/uploads\/2025\/09\/1-4.jpg","width":1000,"height":1000},{"@type":"BreadcrumbList","@id":"https:\/\/deliangdisplay.com\/our-product\/accessories\/neck-forms\/female-head-mannequin-display-model-white-plastic-40-50cm-sizes-for-accessories-showcase\/#breadcrumb","itemListElement":[{"@type":"ListItem","position":1,"name":"\u9996\u9875","item":"https:\/\/deliangdisplay.com\/"},{"@type":"ListItem","position":2,"name":"Our Product","item":"https:\/\/deliangdisplay.com\/our-product\/"},{"@type":"ListItem","position":3,"name":"Female Head Mannequin Display Model (White Plastic) &#8211; 40-50cm Sizes for Accessories Showcase"}]},{"@type":"WebSite","@id":"https:\/\/deliangdisplay.com\/#website","url":"https:\/\/deliangdisplay.com\/","name":"deliangdisplay.com","description":"DE-LIANG - Fournit des solutions d'emballage sur mesure et des services de conception de pr\u00e9sentoirs luxueux pour les marques de bijoux, de v\u00eatements, de montres, de produits de beaut\u00e9 et de cosm\u00e9tiques, et plus encore.","publisher":{"@id":"https:\/\/deliangdisplay.com\/#organization"},"potentialAction":[{"@type":"SearchAction","target":{"@type":"EntryPoint","urlTemplate":"https:\/\/deliangdisplay.com\/?s={search_term_string}"},"query-input":{"@type":"PropertyValueSpecification","valueRequired":true,"valueName":"search_term_string"}}],"inLanguage":"fr-FR"},{"@type":"Organization","@id":"https:\/\/deliangdisplay.com\/#organization","name":"deliangdisplay.com","url":"https:\/\/deliangdisplay.com\/","logo":{"@type":"ImageObject","inLanguage":"fr-FR","@id":"https:\/\/deliangdisplay.com\/#\/schema\/logo\/image\/","url":"https:\/\/deliangdisplay.com\/wp-content\/uploads\/2025\/08\/DELIANGDISPALY_logo.png","contentUrl":"https:\/\/deliangdisplay.com\/wp-content\/uploads\/2025\/08\/DELIANGDISPALY_logo.png","width":300,"height":130,"caption":"deliangdisplay.com"},"image":{"@id":"https:\/\/deliangdisplay.com\/#\/schema\/logo\/image\/"},"sameAs":["https:\/\/www.facebook.com\/JaneZhang008\/","https:\/\/x.com\/ly673551729"]}]}},"_links":{"self":[{"href":"https:\/\/deliangdisplay.com\/fr\/wp-json\/wp\/v2\/product\/43196","targetHints":{"allow":["GET"]}}],"collection":[{"href":"https:\/\/deliangdisplay.com\/fr\/wp-json\/wp\/v2\/product"}],"about":[{"href":"https:\/\/deliangdisplay.com\/fr\/wp-json\/wp\/v2\/types\/product"}],"replies":[{"embeddable":true,"href":"https:\/\/deliangdisplay.com\/fr\/wp-json\/wp\/v2\/comments?post=43196"}],"wp:featuredmedia":[{"embeddable":true,"href":"https:\/\/deliangdisplay.com\/fr\/wp-json\/wp\/v2\/media\/43197"}],"wp:attachment":[{"href":"https:\/\/deliangdisplay.com\/fr\/wp-json\/wp\/v2\/media?parent=43196"}],"wp:term":[{"taxonomy":"product_brand","embeddable":true,"href":"https:\/\/deliangdisplay.com\/fr\/wp-json\/wp\/v2\/product_brand?post=43196"},{"taxonomy":"product_cat","embeddable":true,"href":"https:\/\/deliangdisplay.com\/fr\/wp-json\/wp\/v2\/product_cat?post=43196"},{"taxonomy":"product_tag","embeddable":true,"href":"https:\/\/deliangdisplay.com\/fr\/wp-json\/wp\/v2\/product_tag?post=43196"}],"curies":[{"name":"wp","href":"https:\/\/api.w.org\/{rel}","templated":true}]}}