{"id":43180,"date":"2025-09-26T12:02:43","date_gmt":"2025-09-26T04:02:43","guid":{"rendered":"https:\/\/deliangdisplay.com\/?post_type=product&#038;p=43180"},"modified":"2025-09-26T19:27:35","modified_gmt":"2025-09-26T11:27:35","slug":"de-liang-presentoir-de-buste-pour-bijoux-ajustable-support-pour-colliers-en-velours-gris-noir-avec-base-en-metal-dore","status":"publish","type":"product","link":"https:\/\/deliangdisplay.com\/fr\/notre-produit\/accessoires\/formes-de-cou\/de-liang-presentoir-de-buste-pour-bijoux-ajustable-support-pour-colliers-en-velours-gris-noir-avec-base-en-metal-dore\/","title":{"rendered":"Pr\u00e9sentoir \u00e0 bijoux ajustable - Support \u00e0 colliers en velours noir et gris avec base en m\u00e9tal dor\u00e9"},"content":{"rendered":"<h3 class=\"header-vfC6AV auto-hide-last-sibling-br\">Aper\u00e7u du produit<\/h3>\n<div class=\"auto-hide-last-sibling-br paragraph-JOTKXA paragraph-element br-paragraph-space\">Le pr\u00e9sentoir de buste pour bijoux DE-LIANG est un support de style minimaliste con\u00e7u pour mettre en valeur les colliers. Il associe des mat\u00e9riaux en velours noir et gris \u00e0 une base en m\u00e9tal dor\u00e9. Il incarne une esth\u00e9tique \u00e9l\u00e9gante et haut de gamme, ce qui le rend id\u00e9al pour rehausser la pr\u00e9sentation des colliers dans les magasins de d\u00e9tail, les boutiques ou les collections personnelles.<\/div>\n<h3 class=\"header-vfC6AV auto-hide-last-sibling-br\">Principales sp\u00e9cifications<\/h3>\n<ul class=\"auto-hide-last-sibling-br\">\n<li><strong>Type de produit<\/strong>: Pr\u00e9sentoir de buste de bijou sp\u00e9cifique au collier<\/li>\n<li><strong>Nom de la marque<\/strong>: DE-LIANG<\/li>\n<li><strong>Num\u00e9ro de mod\u00e8le<\/strong>: FORME DU BUSTE<\/li>\n<li><strong>Mat\u00e9riau<\/strong>: Velours (pour le buste) &amp; M\u00e9tal (pour la base)<\/li>\n<li><strong>Couleur<\/strong>: Noir et gris<\/li>\n<li><strong>Dimensions<\/strong>: Hauteur 38cm (15inch), avec des param\u00e8tres de taille suppl\u00e9mentaires de 21cm (8.3inch) et 28cm (11inch) ; disponible en deux variantes (Mod\u00e8le \u01c7J-004A et \u01c7J-004B)<\/li>\n<li><strong>Caract\u00e9ristique r\u00e9glable<\/strong>: Equip\u00e9 d'une base r\u00e9glable pour un positionnement flexible<\/li>\n<\/ul>\n<h3 class=\"header-vfC6AV auto-hide-last-sibling-br\">Utilisation et fonction principale<\/h3>\n<ul class=\"auto-hide-last-sibling-br\">\n<li>Principalement utilis\u00e9 pour pr\u00e9senter des colliers, mettre en valeur les d\u00e9tails du design et la texture du bijou afin d'attirer les clients ou d'am\u00e9liorer la pr\u00e9sentation d'une collection personnelle.<\/li>\n<\/ul>\n<h3 class=\"header-vfC6AV auto-hide-last-sibling-br\">Options de personnalisation<\/h3>\n<ul class=\"auto-hide-last-sibling-br\">\n<li><strong>Logo personnalis\u00e9<\/strong>: Disponible avec un co\u00fbt suppl\u00e9mentaire ; quantit\u00e9 minimale de commande (MOQ) de 300 pi\u00e8ces.<\/li>\n<li><strong>Couleur personnalis\u00e9e<\/strong>: Disponible avec un co\u00fbt suppl\u00e9mentaire ; MOQ de 300 pi\u00e8ces.<\/li>\n<li><strong>Capacit\u00e9s de personnalisation<\/strong>: Prise en charge de la personnalisation mineure, de la personnalisation bas\u00e9e sur le dessin, de la personnalisation bas\u00e9e sur l'\u00e9chantillon et de la personnalisation compl\u00e8te pour r\u00e9pondre \u00e0 divers besoins.<\/li>\n<\/ul>\n<h3 class=\"header-vfC6AV auto-hide-last-sibling-br\">D\u00e9tails de l'emballage<\/h3>\n<ul class=\"auto-hide-last-sibling-br\">\n<li><strong>Unit\u00e9 de vente<\/strong>: Article unique<\/li>\n<li><strong>Taille de l'emballage unique<\/strong>: 45cm \u00d7 45cm \u00d7 85cm<\/li>\n<li><strong>Poids brut simple<\/strong>: 12.000 kg<\/li>\n<\/ul>\n<h3 class=\"header-vfC6AV auto-hide-last-sibling-br\">D\u00e9lai d'ex\u00e9cution<\/h3>\n<ul class=\"auto-hide-last-sibling-br\">\n<li>Pour les commandes de 1 \u00e0 5 pi\u00e8ces : 1 - 15 jours<\/li>\n<li>Pour les commandes de plus de 5 pi\u00e8ces : A n\u00e9gocier<\/li>\n<\/ul>\n<h3 class=\"header-vfC6AV auto-hide-last-sibling-br\">Avantages du produit<\/h3>\n<ul class=\"auto-hide-last-sibling-br\">\n<li>La combinaison de mat\u00e9riaux de haute qualit\u00e9 (velours + m\u00e9tal) garantit la durabilit\u00e9 et une apparence \u00e9l\u00e9gante.<\/li>\n<li>La base r\u00e9glable permet de varier les angles d'affichage.<\/li>\n<li>Le design minimaliste s'accorde avec diff\u00e9rents styles de colliers, des cha\u00eenes d\u00e9licates aux pi\u00e8ces plus imposantes.<\/li>\n<li>L'exp\u00e9rience professionnelle en mati\u00e8re de fabrication garantit la fiabilit\u00e9 de la qualit\u00e9 des produits.<\/li>\n<\/ul>","protected":false},"excerpt":{"rendered":"<p>DE-LIANG pr\u00e9sente son pr\u00e9sentoir minimaliste pour bijoux, fabriqu\u00e9 en velours noir et gris avec une \u00e9l\u00e9gante base en m\u00e9tal dor\u00e9, id\u00e9al pour mettre en valeur les colliers. Il est dot\u00e9 d'une base r\u00e9glable pour un positionnement flexible, existe en deux mod\u00e8les (\u01c7J-004A\/\u01c7J-004B) avec des dimensions incluant une hauteur de 38 cm, et peut \u00eatre personnalis\u00e9 avec un logo ou une couleur (MOQ 300pcs). Robuste et \u00e9l\u00e9gant, il rehausse la pr\u00e9sentation des bijoux au d\u00e9tail ou personnels, avec une qualit\u00e9 fiable garantie par une fabrication professionnelle.<\/p>","protected":false},"featured_media":43181,"comment_status":"open","ping_status":"closed","template":"","meta":{"_acf_changed":false},"product_brand":[84],"product_cat":[69],"product_tag":[195,194,201,196,202,193,197,200,199,198],"class_list":{"0":"post-43180","1":"product","2":"type-product","3":"status-publish","4":"has-post-thumbnail","6":"product_brand-de-liang","7":"product_cat-neck-forms","8":"product_tag-adjustable-jewelry-display-stand","9":"product_tag-black-grey-velvet-necklace-stand","10":"product_tag-customizable-jewelry-display","11":"product_tag-gold-metal-base-jewelry-bust","12":"product_tag-high-end-jewelry-display-bust","13":"product_tag-minimalist-jewelry-bust-display","14":"product_tag-necklace-display-bust","15":"product_tag-personal-jewelry-collection-stand","16":"product_tag-retail-jewelry-display-stand","17":"product_tag-velvet-jewelry-showcase","19":"first","20":"instock","21":"shipping-taxable","22":"purchasable","23":"product-type-simple"},"acf":[],"yoast_head":"<!-- This site is optimized with the Yoast SEO plugin v27.4 - https:\/\/yoast.com\/product\/yoast-seo-wordpress\/ -->\n<title>Adjustable Jewelry Bust Display - Black &amp; Grey Velvet Necklace Stand with Gold Metal Base - DE-LIANG - jewelry,clothes,watch,beauty cosmetics<\/title>\n<meta name=\"robots\" content=\"index, follow, max-snippet:-1, max-image-preview:large, max-video-preview:-1\" \/>\n<link rel=\"canonical\" href=\"https:\/\/deliangdisplay.com\/fr\/notre-produit\/accessoires\/formes-de-cou\/de-liang-presentoir-de-buste-pour-bijoux-ajustable-support-pour-colliers-en-velours-gris-noir-avec-base-en-metal-dore\/\" \/>\n<meta property=\"og:locale\" content=\"fr_FR\" \/>\n<meta property=\"og:type\" content=\"article\" \/>\n<meta property=\"og:title\" content=\"Adjustable Jewelry Bust Display - Black &amp; Grey Velvet Necklace Stand with Gold Metal Base - DE-LIANG - jewelry,clothes,watch,beauty cosmetics\" \/>\n<meta property=\"og:description\" content=\"Introducing the DE-LIANG Minimalist Jewelry Bust Display\u2014crafted from soft black &amp; grey velvet with a sleek gold metal base, ideal for showcasing necklaces. It features an adjustable base for flexible positioning, comes in two models (\u01c7J-004A\/\u01c7J-004B) with dimensions including 38cm height, and offers logo\/color customization (MOQ 300pcs). Sturdy, elegant, it elevates retail or personal jewelry presentation, with reliable quality backed by professional manufacturing.\" \/>\n<meta property=\"og:url\" content=\"https:\/\/deliangdisplay.com\/fr\/notre-produit\/accessoires\/formes-de-cou\/de-liang-presentoir-de-buste-pour-bijoux-ajustable-support-pour-colliers-en-velours-gris-noir-avec-base-en-metal-dore\/\" \/>\n<meta property=\"og:site_name\" content=\"DE-LIANG - jewelry,clothes,watch,beauty cosmetics\" \/>\n<meta property=\"article:publisher\" content=\"https:\/\/www.facebook.com\/JaneZhang008\/\" \/>\n<meta property=\"article:modified_time\" content=\"2025-09-26T11:27:35+00:00\" \/>\n<meta property=\"og:image\" content=\"https:\/\/deliangdisplay.com\/wp-content\/uploads\/2025\/09\/2-3.jpg\" \/>\n\t<meta property=\"og:image:width\" content=\"1000\" \/>\n\t<meta property=\"og:image:height\" content=\"1000\" \/>\n\t<meta property=\"og:image:type\" content=\"image\/jpeg\" \/>\n<meta name=\"twitter:card\" content=\"summary_large_image\" \/>\n<meta name=\"twitter:site\" content=\"@ly673551729\" \/>\n<meta name=\"twitter:label1\" content=\"Dur\u00e9e de lecture estim\u00e9e\" \/>\n\t<meta name=\"twitter:data1\" content=\"2 minutes\" \/>\n<script type=\"application\/ld+json\" class=\"yoast-schema-graph\">{\"@context\":\"https:\\\/\\\/schema.org\",\"@graph\":[{\"@type\":\"WebPage\",\"@id\":\"https:\\\/\\\/deliangdisplay.com\\\/our-product\\\/accessories\\\/neck-forms\\\/de-liang-adjustable-jewelry-bust-display-black-grey-velvet-necklace-stand-with-gold-metal-base\\\/\",\"url\":\"https:\\\/\\\/deliangdisplay.com\\\/our-product\\\/accessories\\\/neck-forms\\\/de-liang-adjustable-jewelry-bust-display-black-grey-velvet-necklace-stand-with-gold-metal-base\\\/\",\"name\":\"Adjustable Jewelry Bust Display - Black & Grey Velvet Necklace Stand with Gold Metal Base - DE-LIANG - jewelry,clothes,watch,beauty cosmetics\",\"isPartOf\":{\"@id\":\"https:\\\/\\\/deliangdisplay.com\\\/#website\"},\"primaryImageOfPage\":{\"@id\":\"https:\\\/\\\/deliangdisplay.com\\\/our-product\\\/accessories\\\/neck-forms\\\/de-liang-adjustable-jewelry-bust-display-black-grey-velvet-necklace-stand-with-gold-metal-base\\\/#primaryimage\"},\"image\":{\"@id\":\"https:\\\/\\\/deliangdisplay.com\\\/our-product\\\/accessories\\\/neck-forms\\\/de-liang-adjustable-jewelry-bust-display-black-grey-velvet-necklace-stand-with-gold-metal-base\\\/#primaryimage\"},\"thumbnailUrl\":\"https:\\\/\\\/deliangdisplay.com\\\/wp-content\\\/uploads\\\/2025\\\/09\\\/2-3.jpg\",\"datePublished\":\"2025-09-26T04:02:43+00:00\",\"dateModified\":\"2025-09-26T11:27:35+00:00\",\"breadcrumb\":{\"@id\":\"https:\\\/\\\/deliangdisplay.com\\\/our-product\\\/accessories\\\/neck-forms\\\/de-liang-adjustable-jewelry-bust-display-black-grey-velvet-necklace-stand-with-gold-metal-base\\\/#breadcrumb\"},\"inLanguage\":\"fr-FR\",\"potentialAction\":[{\"@type\":\"ReadAction\",\"target\":[\"https:\\\/\\\/deliangdisplay.com\\\/our-product\\\/accessories\\\/neck-forms\\\/de-liang-adjustable-jewelry-bust-display-black-grey-velvet-necklace-stand-with-gold-metal-base\\\/\"]}]},{\"@type\":\"ImageObject\",\"inLanguage\":\"fr-FR\",\"@id\":\"https:\\\/\\\/deliangdisplay.com\\\/our-product\\\/accessories\\\/neck-forms\\\/de-liang-adjustable-jewelry-bust-display-black-grey-velvet-necklace-stand-with-gold-metal-base\\\/#primaryimage\",\"url\":\"https:\\\/\\\/deliangdisplay.com\\\/wp-content\\\/uploads\\\/2025\\\/09\\\/2-3.jpg\",\"contentUrl\":\"https:\\\/\\\/deliangdisplay.com\\\/wp-content\\\/uploads\\\/2025\\\/09\\\/2-3.jpg\",\"width\":1000,\"height\":1000},{\"@type\":\"BreadcrumbList\",\"@id\":\"https:\\\/\\\/deliangdisplay.com\\\/our-product\\\/accessories\\\/neck-forms\\\/de-liang-adjustable-jewelry-bust-display-black-grey-velvet-necklace-stand-with-gold-metal-base\\\/#breadcrumb\",\"itemListElement\":[{\"@type\":\"ListItem\",\"position\":1,\"name\":\"\u9996\u9875\",\"item\":\"https:\\\/\\\/deliangdisplay.com\\\/\"},{\"@type\":\"ListItem\",\"position\":2,\"name\":\"Our Product\",\"item\":\"https:\\\/\\\/deliangdisplay.com\\\/our-product\\\/\"},{\"@type\":\"ListItem\",\"position\":3,\"name\":\"Adjustable Jewelry Bust Display &#8211; Black &#038; Grey Velvet Necklace Stand with Gold Metal Base\"}]},{\"@type\":\"WebSite\",\"@id\":\"https:\\\/\\\/deliangdisplay.com\\\/#website\",\"url\":\"https:\\\/\\\/deliangdisplay.com\\\/\",\"name\":\"deliangdisplay.com\",\"description\":\"DE-LIANG - Providing bespoke packaging solutions and luxurious display design services for brands in jewelry, apparel, watches, beauty cosmetics, and more.\",\"publisher\":{\"@id\":\"https:\\\/\\\/deliangdisplay.com\\\/#organization\"},\"potentialAction\":[{\"@type\":\"SearchAction\",\"target\":{\"@type\":\"EntryPoint\",\"urlTemplate\":\"https:\\\/\\\/deliangdisplay.com\\\/?s={search_term_string}\"},\"query-input\":{\"@type\":\"PropertyValueSpecification\",\"valueRequired\":true,\"valueName\":\"search_term_string\"}}],\"inLanguage\":\"fr-FR\"},{\"@type\":\"Organization\",\"@id\":\"https:\\\/\\\/deliangdisplay.com\\\/#organization\",\"name\":\"deliangdisplay.com\",\"url\":\"https:\\\/\\\/deliangdisplay.com\\\/\",\"logo\":{\"@type\":\"ImageObject\",\"inLanguage\":\"fr-FR\",\"@id\":\"https:\\\/\\\/deliangdisplay.com\\\/#\\\/schema\\\/logo\\\/image\\\/\",\"url\":\"https:\\\/\\\/deliangdisplay.com\\\/wp-content\\\/uploads\\\/2025\\\/08\\\/DELIANGDISPALY_logo.png\",\"contentUrl\":\"https:\\\/\\\/deliangdisplay.com\\\/wp-content\\\/uploads\\\/2025\\\/08\\\/DELIANGDISPALY_logo.png\",\"width\":300,\"height\":130,\"caption\":\"deliangdisplay.com\"},\"image\":{\"@id\":\"https:\\\/\\\/deliangdisplay.com\\\/#\\\/schema\\\/logo\\\/image\\\/\"},\"sameAs\":[\"https:\\\/\\\/www.facebook.com\\\/JaneZhang008\\\/\",\"https:\\\/\\\/x.com\\\/ly673551729\"]}]}<\/script>\n<!-- \/ Yoast SEO plugin. -->","yoast_head_json":{"title":"Pr\u00e9sentoir ajustable pour bijoux - Support pour colliers en velours noir et gris avec base en m\u00e9tal dor\u00e9 - DE-LIANG - bijoux,v\u00eatements,montres,beaut\u00e9,cosm\u00e9tique","robots":{"index":"index","follow":"follow","max-snippet":"max-snippet:-1","max-image-preview":"max-image-preview:large","max-video-preview":"max-video-preview:-1"},"canonical":"https:\/\/deliangdisplay.com\/fr\/notre-produit\/accessoires\/formes-de-cou\/de-liang-presentoir-de-buste-pour-bijoux-ajustable-support-pour-colliers-en-velours-gris-noir-avec-base-en-metal-dore\/","og_locale":"fr_FR","og_type":"article","og_title":"Adjustable Jewelry Bust Display - Black & Grey Velvet Necklace Stand with Gold Metal Base - DE-LIANG - jewelry,clothes,watch,beauty cosmetics","og_description":"Introducing the DE-LIANG Minimalist Jewelry Bust Display\u2014crafted from soft black &amp; grey velvet with a sleek gold metal base, ideal for showcasing necklaces. It features an adjustable base for flexible positioning, comes in two models (\u01c7J-004A\/\u01c7J-004B) with dimensions including 38cm height, and offers logo\/color customization (MOQ 300pcs). Sturdy, elegant, it elevates retail or personal jewelry presentation, with reliable quality backed by professional manufacturing.","og_url":"https:\/\/deliangdisplay.com\/fr\/notre-produit\/accessoires\/formes-de-cou\/de-liang-presentoir-de-buste-pour-bijoux-ajustable-support-pour-colliers-en-velours-gris-noir-avec-base-en-metal-dore\/","og_site_name":"DE-LIANG - jewelry,clothes,watch,beauty cosmetics","article_publisher":"https:\/\/www.facebook.com\/JaneZhang008\/","article_modified_time":"2025-09-26T11:27:35+00:00","og_image":[{"width":1000,"height":1000,"url":"https:\/\/deliangdisplay.com\/wp-content\/uploads\/2025\/09\/2-3.jpg","type":"image\/jpeg"}],"twitter_card":"summary_large_image","twitter_site":"@ly673551729","twitter_misc":{"Dur\u00e9e de lecture estim\u00e9e":"2 minutes"},"schema":{"@context":"https:\/\/schema.org","@graph":[{"@type":"WebPage","@id":"https:\/\/deliangdisplay.com\/our-product\/accessories\/neck-forms\/de-liang-adjustable-jewelry-bust-display-black-grey-velvet-necklace-stand-with-gold-metal-base\/","url":"https:\/\/deliangdisplay.com\/our-product\/accessories\/neck-forms\/de-liang-adjustable-jewelry-bust-display-black-grey-velvet-necklace-stand-with-gold-metal-base\/","name":"Pr\u00e9sentoir ajustable pour bijoux - Support pour colliers en velours noir et gris avec base en m\u00e9tal dor\u00e9 - DE-LIANG - bijoux,v\u00eatements,montres,beaut\u00e9,cosm\u00e9tique","isPartOf":{"@id":"https:\/\/deliangdisplay.com\/#website"},"primaryImageOfPage":{"@id":"https:\/\/deliangdisplay.com\/our-product\/accessories\/neck-forms\/de-liang-adjustable-jewelry-bust-display-black-grey-velvet-necklace-stand-with-gold-metal-base\/#primaryimage"},"image":{"@id":"https:\/\/deliangdisplay.com\/our-product\/accessories\/neck-forms\/de-liang-adjustable-jewelry-bust-display-black-grey-velvet-necklace-stand-with-gold-metal-base\/#primaryimage"},"thumbnailUrl":"https:\/\/deliangdisplay.com\/wp-content\/uploads\/2025\/09\/2-3.jpg","datePublished":"2025-09-26T04:02:43+00:00","dateModified":"2025-09-26T11:27:35+00:00","breadcrumb":{"@id":"https:\/\/deliangdisplay.com\/our-product\/accessories\/neck-forms\/de-liang-adjustable-jewelry-bust-display-black-grey-velvet-necklace-stand-with-gold-metal-base\/#breadcrumb"},"inLanguage":"fr-FR","potentialAction":[{"@type":"ReadAction","target":["https:\/\/deliangdisplay.com\/our-product\/accessories\/neck-forms\/de-liang-adjustable-jewelry-bust-display-black-grey-velvet-necklace-stand-with-gold-metal-base\/"]}]},{"@type":"ImageObject","inLanguage":"fr-FR","@id":"https:\/\/deliangdisplay.com\/our-product\/accessories\/neck-forms\/de-liang-adjustable-jewelry-bust-display-black-grey-velvet-necklace-stand-with-gold-metal-base\/#primaryimage","url":"https:\/\/deliangdisplay.com\/wp-content\/uploads\/2025\/09\/2-3.jpg","contentUrl":"https:\/\/deliangdisplay.com\/wp-content\/uploads\/2025\/09\/2-3.jpg","width":1000,"height":1000},{"@type":"BreadcrumbList","@id":"https:\/\/deliangdisplay.com\/our-product\/accessories\/neck-forms\/de-liang-adjustable-jewelry-bust-display-black-grey-velvet-necklace-stand-with-gold-metal-base\/#breadcrumb","itemListElement":[{"@type":"ListItem","position":1,"name":"\u9996\u9875","item":"https:\/\/deliangdisplay.com\/"},{"@type":"ListItem","position":2,"name":"Our Product","item":"https:\/\/deliangdisplay.com\/our-product\/"},{"@type":"ListItem","position":3,"name":"Adjustable Jewelry Bust Display &#8211; Black &#038; Grey Velvet Necklace Stand with Gold Metal Base"}]},{"@type":"WebSite","@id":"https:\/\/deliangdisplay.com\/#website","url":"https:\/\/deliangdisplay.com\/","name":"deliangdisplay.com","description":"DE-LIANG - Fournit des solutions d'emballage sur mesure et des services de conception de pr\u00e9sentoirs luxueux pour les marques de bijoux, de v\u00eatements, de montres, de produits de beaut\u00e9 et de cosm\u00e9tiques, et plus encore.","publisher":{"@id":"https:\/\/deliangdisplay.com\/#organization"},"potentialAction":[{"@type":"SearchAction","target":{"@type":"EntryPoint","urlTemplate":"https:\/\/deliangdisplay.com\/?s={search_term_string}"},"query-input":{"@type":"PropertyValueSpecification","valueRequired":true,"valueName":"search_term_string"}}],"inLanguage":"fr-FR"},{"@type":"Organization","@id":"https:\/\/deliangdisplay.com\/#organization","name":"deliangdisplay.com","url":"https:\/\/deliangdisplay.com\/","logo":{"@type":"ImageObject","inLanguage":"fr-FR","@id":"https:\/\/deliangdisplay.com\/#\/schema\/logo\/image\/","url":"https:\/\/deliangdisplay.com\/wp-content\/uploads\/2025\/08\/DELIANGDISPALY_logo.png","contentUrl":"https:\/\/deliangdisplay.com\/wp-content\/uploads\/2025\/08\/DELIANGDISPALY_logo.png","width":300,"height":130,"caption":"deliangdisplay.com"},"image":{"@id":"https:\/\/deliangdisplay.com\/#\/schema\/logo\/image\/"},"sameAs":["https:\/\/www.facebook.com\/JaneZhang008\/","https:\/\/x.com\/ly673551729"]}]}},"_links":{"self":[{"href":"https:\/\/deliangdisplay.com\/fr\/wp-json\/wp\/v2\/product\/43180","targetHints":{"allow":["GET"]}}],"collection":[{"href":"https:\/\/deliangdisplay.com\/fr\/wp-json\/wp\/v2\/product"}],"about":[{"href":"https:\/\/deliangdisplay.com\/fr\/wp-json\/wp\/v2\/types\/product"}],"replies":[{"embeddable":true,"href":"https:\/\/deliangdisplay.com\/fr\/wp-json\/wp\/v2\/comments?post=43180"}],"wp:featuredmedia":[{"embeddable":true,"href":"https:\/\/deliangdisplay.com\/fr\/wp-json\/wp\/v2\/media\/43181"}],"wp:attachment":[{"href":"https:\/\/deliangdisplay.com\/fr\/wp-json\/wp\/v2\/media?parent=43180"}],"wp:term":[{"taxonomy":"product_brand","embeddable":true,"href":"https:\/\/deliangdisplay.com\/fr\/wp-json\/wp\/v2\/product_brand?post=43180"},{"taxonomy":"product_cat","embeddable":true,"href":"https:\/\/deliangdisplay.com\/fr\/wp-json\/wp\/v2\/product_cat?post=43180"},{"taxonomy":"product_tag","embeddable":true,"href":"https:\/\/deliangdisplay.com\/fr\/wp-json\/wp\/v2\/product_tag?post=43180"}],"curies":[{"name":"wp","href":"https:\/\/api.w.org\/{rel}","templated":true}]}}