{"id":43169,"date":"2025-09-26T11:25:48","date_gmt":"2025-09-26T03:25:48","guid":{"rendered":"https:\/\/deliangdisplay.com\/?post_type=product&#038;p=43169"},"modified":"2025-09-26T19:20:17","modified_gmt":"2025-09-26T11:20:17","slug":"tete-de-mannequin-femelle-en-velours-de-luxe-avec-un-long-cou-tete-pincee-en-mousse-pour-perruques-bijoux-et-chapeaux","status":"publish","type":"product","link":"https:\/\/deliangdisplay.com\/fr\/notre-produit\/accessoires\/formes-de-cou\/tete-de-mannequin-femelle-en-velours-de-luxe-avec-un-long-cou-tete-pincee-en-mousse-pour-perruques-bijoux-et-chapeaux\/","title":{"rendered":"Luxury Velvet Long-Neck Female Mannequin Head &#8211; Pinnable Foam Display Prop for Wigs, Jewelry, Hats"},"content":{"rendered":"<div>\n<h3>DE-LIANG T\u00eate de mannequin f\u00e9minin \u00e0 col long en velours de luxe<\/h3>\n<p>Un accessoire de pr\u00e9sentation haut de gamme con\u00e7u pour une utilisation polyvalente, id\u00e9al pour mettre en valeur les perruques, les bijoux, les chapeaux et les bandeaux. Fabriqu\u00e9 en mousse de haute qualit\u00e9 avec une finition luxueuse en flocage de velours, il allie une texture douce \u00e0 une apparence \u00e9l\u00e9gante et raffin\u00e9e pour rehausser la pr\u00e9sentation des produits.<\/p>\n<h4>Principales sp\u00e9cifications<\/h4>\n<ul>\n<li><strong>Dimensions<\/strong>: Hauteur 52 cm, tour de t\u00eate 55 cm, tour de cou 17,5 cm ; conception pratique du long cou pour mettre en valeur les accessoires du cou.<\/li>\n<li><strong>Options de couleur<\/strong>: Disponible dans des teintes vives telles que l'orange, le jaune, le bleu, l'abricot, le rouge rose et le violet, ce qui permet de l'assortir facilement \u00e0 diff\u00e9rents th\u00e8mes de pr\u00e9sentation au d\u00e9tail.<\/li>\n<li><strong>Conception fonctionnelle<\/strong>: La structure enti\u00e8rement pin\u00e7able permet de placer les perruques ou les accessoires en toute s\u00e9curit\u00e9, garantissant une pr\u00e9sentation stable et soign\u00e9e sans endommager les produits.<\/li>\n<\/ul>\n<h4>Personnalisation et qualit\u00e9<\/h4>\n<p>Il permet de personnaliser les logos, les emballages et les graphiques (un minimum de commande est requis pour la personnalisation), afin de r\u00e9pondre aux besoins d'affichage propres \u00e0 chaque marque. Fabriqu\u00e9 selon des normes strictes de contr\u00f4le de la qualit\u00e9, le flocage en velours est durable et inalt\u00e9rable, tandis que le noyau en mousse conserve sa forme pour une utilisation \u00e0 long terme. Parfait pour les magasins de d\u00e9tail, les boutiques ou les espaces d'exposition qui souhaitent cr\u00e9er une exp\u00e9rience visuelle haut de gamme.<\/p>\n<\/div>","protected":false},"excerpt":{"rendered":"<p>T\u00eate de mannequin f\u00e9minin \u00e0 long cou en velours de luxe DE-LIANG : accessoire en mousse de premi\u00e8re qualit\u00e9 avec flocage en velours, id\u00e9al pour la pr\u00e9sentation de perruques, de bijoux, de chapeaux et de bandeaux. Dimensions : 52 cm de hauteur, 55 cm de tour de t\u00eate, 17,5 cm de tour de cou. Couleurs : orange, jaune, bleu, abricot, rouge rose, violet. Enti\u00e8rement brochable, permet la personnalisation du logo, de l'emballage et des graphiques. Durable, r\u00e9sistant aux couleurs, convient \u00e0 la vente au d\u00e9tail, \u00e0 la boutique, \u00e0 l'exposition et \u00e0 l'affichage haut de gamme.<\/p>","protected":false},"featured_media":43172,"comment_status":"open","ping_status":"closed","template":"","meta":{"_acf_changed":false},"product_brand":[84],"product_cat":[69],"product_tag":[],"class_list":{"0":"post-43169","1":"product","2":"type-product","3":"status-publish","4":"has-post-thumbnail","6":"product_brand-de-liang","7":"product_cat-neck-forms","9":"first","10":"instock","11":"shipping-taxable","12":"product-type-simple"},"acf":[],"yoast_head":"<!-- This site is optimized with the Yoast SEO plugin v27.4 - https:\/\/yoast.com\/product\/yoast-seo-wordpress\/ -->\n<title>Luxury Velvet Long-Neck Female Mannequin Head - Pinnable Foam Display Prop for Wigs, Jewelry, Hats - DE-LIANG - jewelry,clothes,watch,beauty cosmetics<\/title>\n<meta name=\"robots\" content=\"index, follow, max-snippet:-1, max-image-preview:large, max-video-preview:-1\" \/>\n<link rel=\"canonical\" href=\"https:\/\/deliangdisplay.com\/fr\/notre-produit\/accessoires\/formes-de-cou\/tete-de-mannequin-femelle-en-velours-de-luxe-avec-un-long-cou-tete-pincee-en-mousse-pour-perruques-bijoux-et-chapeaux\/\" \/>\n<meta property=\"og:locale\" content=\"fr_FR\" \/>\n<meta property=\"og:type\" content=\"article\" \/>\n<meta property=\"og:title\" content=\"Luxury Velvet Long-Neck Female Mannequin Head - Pinnable Foam Display Prop for Wigs, Jewelry, Hats - DE-LIANG - jewelry,clothes,watch,beauty cosmetics\" \/>\n<meta property=\"og:description\" content=\"DE-LIANG Luxury Velvet Long-Neck Female Mannequin Head: premium foam prop with velvet flocking, ideal for wig, jewelry, hat, headband display. Dimensions: 52cm height, 55cm head circumference, 17.5cm neck circumference. Colors: orange, yellow, blue, apricot, rose red, purple. Fully pinnable, supports logo\/packaging\/graphics customization. Durable, colorfast, suits retail\/boutique\/exhibition high-end display.\" \/>\n<meta property=\"og:url\" content=\"https:\/\/deliangdisplay.com\/fr\/notre-produit\/accessoires\/formes-de-cou\/tete-de-mannequin-femelle-en-velours-de-luxe-avec-un-long-cou-tete-pincee-en-mousse-pour-perruques-bijoux-et-chapeaux\/\" \/>\n<meta property=\"og:site_name\" content=\"DE-LIANG - jewelry,clothes,watch,beauty cosmetics\" \/>\n<meta property=\"article:publisher\" content=\"https:\/\/www.facebook.com\/JaneZhang008\/\" \/>\n<meta property=\"article:modified_time\" content=\"2025-09-26T11:20:17+00:00\" \/>\n<meta property=\"og:image\" content=\"https:\/\/deliangdisplay.com\/wp-content\/uploads\/2025\/09\/H04d31cf175524b0fad41c7a8b5f3bedeH.jpg\" \/>\n\t<meta property=\"og:image:width\" content=\"2000\" \/>\n\t<meta property=\"og:image:height\" content=\"2000\" \/>\n\t<meta property=\"og:image:type\" content=\"image\/jpeg\" \/>\n<meta name=\"twitter:card\" content=\"summary_large_image\" \/>\n<meta name=\"twitter:site\" content=\"@ly673551729\" \/>\n<meta name=\"twitter:label1\" content=\"Dur\u00e9e de lecture estim\u00e9e\" \/>\n\t<meta name=\"twitter:data1\" content=\"1 minute\" \/>\n<script type=\"application\/ld+json\" class=\"yoast-schema-graph\">{\"@context\":\"https:\\\/\\\/schema.org\",\"@graph\":[{\"@type\":\"WebPage\",\"@id\":\"https:\\\/\\\/deliangdisplay.com\\\/our-product\\\/accessories\\\/neck-forms\\\/luxury-velvet-long-neck-female-mannequin-head-pinnable-foam-display-prop-for-wigs-jewelry-hats\\\/\",\"url\":\"https:\\\/\\\/deliangdisplay.com\\\/our-product\\\/accessories\\\/neck-forms\\\/luxury-velvet-long-neck-female-mannequin-head-pinnable-foam-display-prop-for-wigs-jewelry-hats\\\/\",\"name\":\"Luxury Velvet Long-Neck Female Mannequin Head - Pinnable Foam Display Prop for Wigs, Jewelry, Hats - DE-LIANG - jewelry,clothes,watch,beauty cosmetics\",\"isPartOf\":{\"@id\":\"https:\\\/\\\/deliangdisplay.com\\\/#website\"},\"primaryImageOfPage\":{\"@id\":\"https:\\\/\\\/deliangdisplay.com\\\/our-product\\\/accessories\\\/neck-forms\\\/luxury-velvet-long-neck-female-mannequin-head-pinnable-foam-display-prop-for-wigs-jewelry-hats\\\/#primaryimage\"},\"image\":{\"@id\":\"https:\\\/\\\/deliangdisplay.com\\\/our-product\\\/accessories\\\/neck-forms\\\/luxury-velvet-long-neck-female-mannequin-head-pinnable-foam-display-prop-for-wigs-jewelry-hats\\\/#primaryimage\"},\"thumbnailUrl\":\"https:\\\/\\\/deliangdisplay.com\\\/wp-content\\\/uploads\\\/2025\\\/09\\\/H04d31cf175524b0fad41c7a8b5f3bedeH.jpg\",\"datePublished\":\"2025-09-26T03:25:48+00:00\",\"dateModified\":\"2025-09-26T11:20:17+00:00\",\"breadcrumb\":{\"@id\":\"https:\\\/\\\/deliangdisplay.com\\\/our-product\\\/accessories\\\/neck-forms\\\/luxury-velvet-long-neck-female-mannequin-head-pinnable-foam-display-prop-for-wigs-jewelry-hats\\\/#breadcrumb\"},\"inLanguage\":\"fr-FR\",\"potentialAction\":[{\"@type\":\"ReadAction\",\"target\":[\"https:\\\/\\\/deliangdisplay.com\\\/our-product\\\/accessories\\\/neck-forms\\\/luxury-velvet-long-neck-female-mannequin-head-pinnable-foam-display-prop-for-wigs-jewelry-hats\\\/\"]}]},{\"@type\":\"ImageObject\",\"inLanguage\":\"fr-FR\",\"@id\":\"https:\\\/\\\/deliangdisplay.com\\\/our-product\\\/accessories\\\/neck-forms\\\/luxury-velvet-long-neck-female-mannequin-head-pinnable-foam-display-prop-for-wigs-jewelry-hats\\\/#primaryimage\",\"url\":\"https:\\\/\\\/deliangdisplay.com\\\/wp-content\\\/uploads\\\/2025\\\/09\\\/H04d31cf175524b0fad41c7a8b5f3bedeH.jpg\",\"contentUrl\":\"https:\\\/\\\/deliangdisplay.com\\\/wp-content\\\/uploads\\\/2025\\\/09\\\/H04d31cf175524b0fad41c7a8b5f3bedeH.jpg\",\"width\":2000,\"height\":2000,\"caption\":\"{\\\"ARInfo\\\":{\\\"IsUseAR\\\":false},\\\"Version\\\":\\\"1.0.1\\\",\\\"MakeupInfo\\\":{\\\"IsUseMakeup\\\":false},\\\"FaceliftInfo\\\":{\\\"IsChangeFacelift\\\":false,\\\"IsChangeThinFace\\\":false,\\\"IsChangeEyeLift\\\":false,\\\"IsChangeNose\\\":false,\\\"IsChangeMouth\\\":false,\\\"IsChangeFaceChin\\\":false},\\\"BeautyInfo\\\":{\\\"SwitchMedicatedAcne\\\":false,\\\"IsAIBeauty\\\":false,\\\"IsBrightEyes\\\":false,\\\"IsSharpen\\\":false,\\\"IsOldBeauty\\\":false,\\\"IsReduceBlackEyes\\\":false},\\\"HandlerInfo\\\":{\\\"AppName\\\":1},\\\"PhotoInfo\\\":{\\\"IsUseMultiPhotoMode\\\":false},\\\"BigMovieInfo\\\":{\\\"IsUseBigMovie\\\":false},\\\"FilterInfo\\\":{\\\"IsUseFilter\\\":true,\\\"FilterList\\\":[\\\"ET1111003\\\"],\\\"FilterValueList\\\":[\\\"0.8\\\"],\\\"FilterCount\\\":1}}\"},{\"@type\":\"BreadcrumbList\",\"@id\":\"https:\\\/\\\/deliangdisplay.com\\\/our-product\\\/accessories\\\/neck-forms\\\/luxury-velvet-long-neck-female-mannequin-head-pinnable-foam-display-prop-for-wigs-jewelry-hats\\\/#breadcrumb\",\"itemListElement\":[{\"@type\":\"ListItem\",\"position\":1,\"name\":\"\u9996\u9875\",\"item\":\"https:\\\/\\\/deliangdisplay.com\\\/\"},{\"@type\":\"ListItem\",\"position\":2,\"name\":\"Our Product\",\"item\":\"https:\\\/\\\/deliangdisplay.com\\\/our-product\\\/\"},{\"@type\":\"ListItem\",\"position\":3,\"name\":\"Luxury Velvet Long-Neck Female Mannequin Head &#8211; Pinnable Foam Display Prop for Wigs, Jewelry, Hats\"}]},{\"@type\":\"WebSite\",\"@id\":\"https:\\\/\\\/deliangdisplay.com\\\/#website\",\"url\":\"https:\\\/\\\/deliangdisplay.com\\\/\",\"name\":\"deliangdisplay.com\",\"description\":\"DE-LIANG - Providing bespoke packaging solutions and luxurious display design services for brands in jewelry, apparel, watches, beauty cosmetics, and more.\",\"publisher\":{\"@id\":\"https:\\\/\\\/deliangdisplay.com\\\/#organization\"},\"potentialAction\":[{\"@type\":\"SearchAction\",\"target\":{\"@type\":\"EntryPoint\",\"urlTemplate\":\"https:\\\/\\\/deliangdisplay.com\\\/?s={search_term_string}\"},\"query-input\":{\"@type\":\"PropertyValueSpecification\",\"valueRequired\":true,\"valueName\":\"search_term_string\"}}],\"inLanguage\":\"fr-FR\"},{\"@type\":\"Organization\",\"@id\":\"https:\\\/\\\/deliangdisplay.com\\\/#organization\",\"name\":\"deliangdisplay.com\",\"url\":\"https:\\\/\\\/deliangdisplay.com\\\/\",\"logo\":{\"@type\":\"ImageObject\",\"inLanguage\":\"fr-FR\",\"@id\":\"https:\\\/\\\/deliangdisplay.com\\\/#\\\/schema\\\/logo\\\/image\\\/\",\"url\":\"https:\\\/\\\/deliangdisplay.com\\\/wp-content\\\/uploads\\\/2025\\\/08\\\/DELIANGDISPALY_logo.png\",\"contentUrl\":\"https:\\\/\\\/deliangdisplay.com\\\/wp-content\\\/uploads\\\/2025\\\/08\\\/DELIANGDISPALY_logo.png\",\"width\":300,\"height\":130,\"caption\":\"deliangdisplay.com\"},\"image\":{\"@id\":\"https:\\\/\\\/deliangdisplay.com\\\/#\\\/schema\\\/logo\\\/image\\\/\"},\"sameAs\":[\"https:\\\/\\\/www.facebook.com\\\/JaneZhang008\\\/\",\"https:\\\/\\\/x.com\\\/ly673551729\"]}]}<\/script>\n<!-- \/ Yoast SEO plugin. -->","yoast_head_json":{"title":"T\u00eate de mannequin f\u00e9minin \u00e0 long cou en velours de luxe - Pr\u00e9sentoir en mousse pin\u00e7able pour perruques, bijoux, chapeaux - DE-LIANG - bijouterie,joaillerie,horlogerie,bijouterie,beaut\u00e9,cosm\u00e9tique","robots":{"index":"index","follow":"follow","max-snippet":"max-snippet:-1","max-image-preview":"max-image-preview:large","max-video-preview":"max-video-preview:-1"},"canonical":"https:\/\/deliangdisplay.com\/fr\/notre-produit\/accessoires\/formes-de-cou\/tete-de-mannequin-femelle-en-velours-de-luxe-avec-un-long-cou-tete-pincee-en-mousse-pour-perruques-bijoux-et-chapeaux\/","og_locale":"fr_FR","og_type":"article","og_title":"Luxury Velvet Long-Neck Female Mannequin Head - Pinnable Foam Display Prop for Wigs, Jewelry, Hats - DE-LIANG - jewelry,clothes,watch,beauty cosmetics","og_description":"DE-LIANG Luxury Velvet Long-Neck Female Mannequin Head: premium foam prop with velvet flocking, ideal for wig, jewelry, hat, headband display. Dimensions: 52cm height, 55cm head circumference, 17.5cm neck circumference. Colors: orange, yellow, blue, apricot, rose red, purple. Fully pinnable, supports logo\/packaging\/graphics customization. Durable, colorfast, suits retail\/boutique\/exhibition high-end display.","og_url":"https:\/\/deliangdisplay.com\/fr\/notre-produit\/accessoires\/formes-de-cou\/tete-de-mannequin-femelle-en-velours-de-luxe-avec-un-long-cou-tete-pincee-en-mousse-pour-perruques-bijoux-et-chapeaux\/","og_site_name":"DE-LIANG - jewelry,clothes,watch,beauty cosmetics","article_publisher":"https:\/\/www.facebook.com\/JaneZhang008\/","article_modified_time":"2025-09-26T11:20:17+00:00","og_image":[{"width":2000,"height":2000,"url":"https:\/\/deliangdisplay.com\/wp-content\/uploads\/2025\/09\/H04d31cf175524b0fad41c7a8b5f3bedeH.jpg","type":"image\/jpeg"}],"twitter_card":"summary_large_image","twitter_site":"@ly673551729","twitter_misc":{"Dur\u00e9e de lecture estim\u00e9e":"1 minute"},"schema":{"@context":"https:\/\/schema.org","@graph":[{"@type":"WebPage","@id":"https:\/\/deliangdisplay.com\/our-product\/accessories\/neck-forms\/luxury-velvet-long-neck-female-mannequin-head-pinnable-foam-display-prop-for-wigs-jewelry-hats\/","url":"https:\/\/deliangdisplay.com\/our-product\/accessories\/neck-forms\/luxury-velvet-long-neck-female-mannequin-head-pinnable-foam-display-prop-for-wigs-jewelry-hats\/","name":"T\u00eate de mannequin f\u00e9minin \u00e0 long cou en velours de luxe - Pr\u00e9sentoir en mousse pin\u00e7able pour perruques, bijoux, chapeaux - DE-LIANG - bijouterie,joaillerie,horlogerie,bijouterie,beaut\u00e9,cosm\u00e9tique","isPartOf":{"@id":"https:\/\/deliangdisplay.com\/#website"},"primaryImageOfPage":{"@id":"https:\/\/deliangdisplay.com\/our-product\/accessories\/neck-forms\/luxury-velvet-long-neck-female-mannequin-head-pinnable-foam-display-prop-for-wigs-jewelry-hats\/#primaryimage"},"image":{"@id":"https:\/\/deliangdisplay.com\/our-product\/accessories\/neck-forms\/luxury-velvet-long-neck-female-mannequin-head-pinnable-foam-display-prop-for-wigs-jewelry-hats\/#primaryimage"},"thumbnailUrl":"https:\/\/deliangdisplay.com\/wp-content\/uploads\/2025\/09\/H04d31cf175524b0fad41c7a8b5f3bedeH.jpg","datePublished":"2025-09-26T03:25:48+00:00","dateModified":"2025-09-26T11:20:17+00:00","breadcrumb":{"@id":"https:\/\/deliangdisplay.com\/our-product\/accessories\/neck-forms\/luxury-velvet-long-neck-female-mannequin-head-pinnable-foam-display-prop-for-wigs-jewelry-hats\/#breadcrumb"},"inLanguage":"fr-FR","potentialAction":[{"@type":"ReadAction","target":["https:\/\/deliangdisplay.com\/our-product\/accessories\/neck-forms\/luxury-velvet-long-neck-female-mannequin-head-pinnable-foam-display-prop-for-wigs-jewelry-hats\/"]}]},{"@type":"ImageObject","inLanguage":"fr-FR","@id":"https:\/\/deliangdisplay.com\/our-product\/accessories\/neck-forms\/luxury-velvet-long-neck-female-mannequin-head-pinnable-foam-display-prop-for-wigs-jewelry-hats\/#primaryimage","url":"https:\/\/deliangdisplay.com\/wp-content\/uploads\/2025\/09\/H04d31cf175524b0fad41c7a8b5f3bedeH.jpg","contentUrl":"https:\/\/deliangdisplay.com\/wp-content\/uploads\/2025\/09\/H04d31cf175524b0fad41c7a8b5f3bedeH.jpg","width":2000,"height":2000,"caption":"{\"ARInfo\":{\"IsUseAR\":false},\"Version\":\"1.0.1\",\"MakeupInfo\":{\"IsUseMakeup\":false},\"FaceliftInfo\":{\"IsChangeFacelift\":false,\"IsChangeThinFace\":false,\"IsChangeEyeLift\":false,\"IsChangeNose\":false,\"IsChangeMouth\":false,\"IsChangeFaceChin\":false},\"BeautyInfo\":{\"SwitchMedicatedAcne\":false,\"IsAIBeauty\":false,\"IsBrightEyes\":false,\"IsSharpen\":false,\"IsOldBeauty\":false,\"IsReduceBlackEyes\":false},\"HandlerInfo\":{\"AppName\":1},\"PhotoInfo\":{\"IsUseMultiPhotoMode\":false},\"BigMovieInfo\":{\"IsUseBigMovie\":false},\"FilterInfo\":{\"IsUseFilter\":true,\"FilterList\":[\"ET1111003\"],\"FilterValueList\":[\"0.8\"],\"FilterCount\":1}}"},{"@type":"BreadcrumbList","@id":"https:\/\/deliangdisplay.com\/our-product\/accessories\/neck-forms\/luxury-velvet-long-neck-female-mannequin-head-pinnable-foam-display-prop-for-wigs-jewelry-hats\/#breadcrumb","itemListElement":[{"@type":"ListItem","position":1,"name":"\u9996\u9875","item":"https:\/\/deliangdisplay.com\/"},{"@type":"ListItem","position":2,"name":"Our Product","item":"https:\/\/deliangdisplay.com\/our-product\/"},{"@type":"ListItem","position":3,"name":"Luxury Velvet Long-Neck Female Mannequin Head &#8211; Pinnable Foam Display Prop for Wigs, Jewelry, Hats"}]},{"@type":"WebSite","@id":"https:\/\/deliangdisplay.com\/#website","url":"https:\/\/deliangdisplay.com\/","name":"deliangdisplay.com","description":"DE-LIANG - Fournit des solutions d'emballage sur mesure et des services de conception de pr\u00e9sentoirs luxueux pour les marques de bijoux, de v\u00eatements, de montres, de produits de beaut\u00e9 et de cosm\u00e9tiques, et plus encore.","publisher":{"@id":"https:\/\/deliangdisplay.com\/#organization"},"potentialAction":[{"@type":"SearchAction","target":{"@type":"EntryPoint","urlTemplate":"https:\/\/deliangdisplay.com\/?s={search_term_string}"},"query-input":{"@type":"PropertyValueSpecification","valueRequired":true,"valueName":"search_term_string"}}],"inLanguage":"fr-FR"},{"@type":"Organization","@id":"https:\/\/deliangdisplay.com\/#organization","name":"deliangdisplay.com","url":"https:\/\/deliangdisplay.com\/","logo":{"@type":"ImageObject","inLanguage":"fr-FR","@id":"https:\/\/deliangdisplay.com\/#\/schema\/logo\/image\/","url":"https:\/\/deliangdisplay.com\/wp-content\/uploads\/2025\/08\/DELIANGDISPALY_logo.png","contentUrl":"https:\/\/deliangdisplay.com\/wp-content\/uploads\/2025\/08\/DELIANGDISPALY_logo.png","width":300,"height":130,"caption":"deliangdisplay.com"},"image":{"@id":"https:\/\/deliangdisplay.com\/#\/schema\/logo\/image\/"},"sameAs":["https:\/\/www.facebook.com\/JaneZhang008\/","https:\/\/x.com\/ly673551729"]}]}},"_links":{"self":[{"href":"https:\/\/deliangdisplay.com\/fr\/wp-json\/wp\/v2\/product\/43169","targetHints":{"allow":["GET"]}}],"collection":[{"href":"https:\/\/deliangdisplay.com\/fr\/wp-json\/wp\/v2\/product"}],"about":[{"href":"https:\/\/deliangdisplay.com\/fr\/wp-json\/wp\/v2\/types\/product"}],"replies":[{"embeddable":true,"href":"https:\/\/deliangdisplay.com\/fr\/wp-json\/wp\/v2\/comments?post=43169"}],"wp:featuredmedia":[{"embeddable":true,"href":"https:\/\/deliangdisplay.com\/fr\/wp-json\/wp\/v2\/media\/43172"}],"wp:attachment":[{"href":"https:\/\/deliangdisplay.com\/fr\/wp-json\/wp\/v2\/media?parent=43169"}],"wp:term":[{"taxonomy":"product_brand","embeddable":true,"href":"https:\/\/deliangdisplay.com\/fr\/wp-json\/wp\/v2\/product_brand?post=43169"},{"taxonomy":"product_cat","embeddable":true,"href":"https:\/\/deliangdisplay.com\/fr\/wp-json\/wp\/v2\/product_cat?post=43169"},{"taxonomy":"product_tag","embeddable":true,"href":"https:\/\/deliangdisplay.com\/fr\/wp-json\/wp\/v2\/product_tag?post=43169"}],"curies":[{"name":"wp","href":"https:\/\/api.w.org\/{rel}","templated":true}]}}