{"id":43095,"date":"2025-09-17T15:55:53","date_gmt":"2025-09-17T07:55:53","guid":{"rendered":"https:\/\/deliangdisplay.com\/?post_type=product&#038;p=43095"},"modified":"2025-09-18T16:08:34","modified_gmt":"2025-09-18T08:08:34","slug":"boite-a-bijoux-en-velours-rose-vert-pour-bagues-colliers-multi-tailles-pour-fiancailles-mariage-cadeau","status":"publish","type":"product","link":"https:\/\/deliangdisplay.com\/fr\/notre-produit\/emballage\/boites-a-bijoux-emballage\/boite-a-bijoux-en-velours-rose-vert-pour-bagues-colliers-multi-tailles-pour-fiancailles-mariage-cadeau\/","title":{"rendered":"Bo\u00eete \u00e0 bijoux en velours rose et vert - rangement portable pour bagues et colliers, set multi-tailles pour fian\u00e7ailles, mariage et cadeaux."},"content":{"rendered":"<h3 class=\"header-vfC6AV auto-hide-last-sibling-br\">Bo\u00eete \u00e0 bijoux en velours : Texture d\u00e9licate, protection optimale<\/h3>\n<div class=\"auto-hide-last-sibling-br paragraph-JOTKXA paragraph-element br-paragraph-space\">Fabriqu\u00e9e en velours de haute qualit\u00e9, cette bo\u00eete \u00e0 bijoux est dot\u00e9e d'un couvercle.\u00a0<strong>texture douce et lisse<\/strong>\u00a0qui offre une sensation de luxe au toucher. Sa fabrication pr\u00e9cise cousue \u00e0 la main garantit une surface nette et infroissable, ajoutant une touche d'\u00e9l\u00e9gance \u00e0 la conservation de vos bijoux pr\u00e9cieux.<\/div>\n<h3 class=\"header-vfC6AV auto-hide-last-sibling-br\">Style intemporel et options personnalisables<\/h3>\n<ul class=\"auto-hide-last-sibling-br\">\n<li><strong>Choix de couleurs classiques<\/strong>: Disponible en deux teintes intemporelles - rose et vert - s'adaptant facilement \u00e0 diff\u00e9rentes esth\u00e9tiques et \u00e0 diff\u00e9rents th\u00e8mes de cadeaux.<\/li>\n<li><strong>Personnalisation flexible<\/strong>: Permet de modifier les couleurs et le design pour r\u00e9pondre \u00e0 diverses pr\u00e9f\u00e9rences, qu'il s'agisse d'une pi\u00e8ce personnalis\u00e9e pour vous-m\u00eame ou d'un cadeau unique pour d'autres personnes.<\/li>\n<\/ul>\n<h3 class=\"header-vfC6AV auto-hide-last-sibling-br\">Des tailles polyvalentes pour tous les besoins<\/h3>\n<div class=\"auto-hide-last-sibling-br paragraph-JOTKXA paragraph-element br-paragraph-space\">Propos\u00e9 en 7 tailles (Style A-G) avec des formes carr\u00e9es ou rectangulaires, couvrant une gamme de dimensions allant de 7,5\u00d77,5\u00d73,8 cm \u00e0 23,5\u00d76,5\u00d73,2 cm. Le design compact et portable est parfait pour ranger les bagues, les colliers et les bracelets. Il est id\u00e9al pour les fian\u00e7ailles, les mariages ou les cadeaux.<\/div>\n<h3 class=\"header-vfC6AV auto-hide-last-sibling-br\">D\u00e9tails pratiques et soutien au service<\/h3>\n<ol class=\"auto-hide-last-sibling-br\">\n<li><strong>Fermeture facile par bouton-pression<\/strong>: La conception pratique des boutons-pression permet une ouverture et une fermeture en douceur, ce qui permet de ranger vos bijoux en toute s\u00e9curit\u00e9 tout en garantissant un acc\u00e8s rapide.<\/li>\n<li><strong>Commande flexible<\/strong>: Les services OEM\/ODM, avec une quantit\u00e9 minimale de commande d'une seule pi\u00e8ce, permettent de r\u00e9pondre aux besoins des particuliers et des entreprises.<\/li>\n<\/ol>","protected":false},"excerpt":{"rendered":"<p>Cette bo\u00eete \u00e0 bijoux est fabriqu\u00e9e en velours de haute qualit\u00e9 et cousue \u00e0 la main (surface infroissable). Elle est disponible en rose\/vert, peut \u00eatre personnalis\u00e9e en fonction de la couleur ou du motif et est disponible en 7 tailles (Style A-G : 7,5\u00d77,5\u00d73,8cm \u00e0 23,5\u00d76,5\u00d73,2cm, carr\u00e9\/rectangle). Avec une fermeture \u00e0 pression, il est id\u00e9al pour ranger les bagues, les colliers et les bracelets (id\u00e9al pour les cadeaux de fian\u00e7ailles ou de mariage). MOQ est de 1, OEM\/ODM support\u00e9.<\/p>","protected":false},"featured_media":43096,"comment_status":"open","ping_status":"closed","template":"","meta":{"_acf_changed":false},"product_brand":[84],"product_cat":[72],"product_tag":[167,165,171,163,161,158,170,166,168,172,160,162,169,159,164],"class_list":{"0":"post-43095","1":"product","2":"type-product","3":"status-publish","4":"has-post-thumbnail","6":"product_brand-de-liang","7":"product_cat-jewelry-boxes-packaging","8":"product_tag-customizable-velvet-jewelry-box","9":"product_tag-engagement-jewelry-storage","10":"product_tag-green-velvet-jewelry-case","11":"product_tag-hand-sewn-jewelry-box","12":"product_tag-multi-size-jewelry-box","13":"product_tag-pink-green-velvet-jewelry-box","14":"product_tag-pink-velvet-snap-box","15":"product_tag-portable-velvet-jewelry-box","16":"product_tag-ring-necklace-bracelet-storage","17":"product_tag-small-velvet-jewelry-storage","18":"product_tag-snap-closure-jewelry-box","19":"product_tag-square-rectangle-jewelry-box","20":"product_tag-velvet-jewelry-organizer","21":"product_tag-velvet-snap-jewelry-box","22":"product_tag-wedding-gift-jewelry-box","24":"first","25":"instock","26":"shipping-taxable","27":"purchasable","28":"product-type-simple"},"acf":[],"yoast_head":"<!-- This site is optimized with the Yoast SEO plugin v27.4 - https:\/\/yoast.com\/product\/yoast-seo-wordpress\/ -->\n<title>Pink &amp; Green Velvet Snap Jewelry Box \u2013 Portable Storage for Rings &amp; Necklaces, Multi-Size Set for Engagement, Wedding &amp; Gift Giving - DE-LIANG - jewelry,clothes,watch,beauty cosmetics<\/title>\n<meta name=\"robots\" content=\"index, follow, max-snippet:-1, max-image-preview:large, max-video-preview:-1\" \/>\n<link rel=\"canonical\" href=\"https:\/\/deliangdisplay.com\/fr\/notre-produit\/emballage\/boites-a-bijoux-emballage\/boite-a-bijoux-en-velours-rose-vert-pour-bagues-colliers-multi-tailles-pour-fiancailles-mariage-cadeau\/\" \/>\n<meta property=\"og:locale\" content=\"fr_FR\" \/>\n<meta property=\"og:type\" content=\"article\" \/>\n<meta property=\"og:title\" content=\"Pink &amp; Green Velvet Snap Jewelry Box \u2013 Portable Storage for Rings &amp; Necklaces, Multi-Size Set for Engagement, Wedding &amp; Gift Giving - DE-LIANG - jewelry,clothes,watch,beauty cosmetics\" \/>\n<meta property=\"og:description\" content=\"This jewelry box is made of high-quality velvet with hand-sewn craftsmanship (wrinkle-free surface). It comes in pink\/green, supports color\/design customization, and has 7 sizes (Style A-G: 7.5\u00d77.5\u00d73.8cm to 23.5\u00d76.5\u00d73.2cm, square\/rectangle). With a snap closure, it\u2019s ideal for storing rings\/necklaces\/bracelets (great for engagement\/wedding gifts). MOQ is 1, OEM\/ODM supported.\" \/>\n<meta property=\"og:url\" content=\"https:\/\/deliangdisplay.com\/fr\/notre-produit\/emballage\/boites-a-bijoux-emballage\/boite-a-bijoux-en-velours-rose-vert-pour-bagues-colliers-multi-tailles-pour-fiancailles-mariage-cadeau\/\" \/>\n<meta property=\"og:site_name\" content=\"DE-LIANG - jewelry,clothes,watch,beauty cosmetics\" \/>\n<meta property=\"article:publisher\" content=\"https:\/\/www.facebook.com\/JaneZhang008\/\" \/>\n<meta property=\"article:modified_time\" content=\"2025-09-18T08:08:34+00:00\" \/>\n<meta property=\"og:image\" content=\"https:\/\/deliangdisplay.com\/wp-content\/uploads\/2025\/09\/24.jpg\" \/>\n\t<meta property=\"og:image:width\" content=\"1000\" \/>\n\t<meta property=\"og:image:height\" content=\"1000\" \/>\n\t<meta property=\"og:image:type\" content=\"image\/jpeg\" \/>\n<meta name=\"twitter:card\" content=\"summary_large_image\" \/>\n<meta name=\"twitter:site\" content=\"@ly673551729\" \/>\n<meta name=\"twitter:label1\" content=\"Dur\u00e9e de lecture estim\u00e9e\" \/>\n\t<meta name=\"twitter:data1\" content=\"2 minutes\" \/>\n<script type=\"application\/ld+json\" class=\"yoast-schema-graph\">{\"@context\":\"https:\\\/\\\/schema.org\",\"@graph\":[{\"@type\":\"WebPage\",\"@id\":\"https:\\\/\\\/deliangdisplay.com\\\/our-product\\\/packaging\\\/jewelry-boxes-packaging\\\/pink-green-velvet-snap-jewelry-box-portable-storage-for-rings-necklaces-multi-size-set-for-engagement-wedding-gift-giving\\\/\",\"url\":\"https:\\\/\\\/deliangdisplay.com\\\/our-product\\\/packaging\\\/jewelry-boxes-packaging\\\/pink-green-velvet-snap-jewelry-box-portable-storage-for-rings-necklaces-multi-size-set-for-engagement-wedding-gift-giving\\\/\",\"name\":\"Pink & Green Velvet Snap Jewelry Box \u2013 Portable Storage for Rings & Necklaces, Multi-Size Set for Engagement, Wedding & Gift Giving - DE-LIANG - jewelry,clothes,watch,beauty cosmetics\",\"isPartOf\":{\"@id\":\"https:\\\/\\\/deliangdisplay.com\\\/#website\"},\"primaryImageOfPage\":{\"@id\":\"https:\\\/\\\/deliangdisplay.com\\\/our-product\\\/packaging\\\/jewelry-boxes-packaging\\\/pink-green-velvet-snap-jewelry-box-portable-storage-for-rings-necklaces-multi-size-set-for-engagement-wedding-gift-giving\\\/#primaryimage\"},\"image\":{\"@id\":\"https:\\\/\\\/deliangdisplay.com\\\/our-product\\\/packaging\\\/jewelry-boxes-packaging\\\/pink-green-velvet-snap-jewelry-box-portable-storage-for-rings-necklaces-multi-size-set-for-engagement-wedding-gift-giving\\\/#primaryimage\"},\"thumbnailUrl\":\"https:\\\/\\\/deliangdisplay.com\\\/wp-content\\\/uploads\\\/2025\\\/09\\\/24.jpg\",\"datePublished\":\"2025-09-17T07:55:53+00:00\",\"dateModified\":\"2025-09-18T08:08:34+00:00\",\"breadcrumb\":{\"@id\":\"https:\\\/\\\/deliangdisplay.com\\\/our-product\\\/packaging\\\/jewelry-boxes-packaging\\\/pink-green-velvet-snap-jewelry-box-portable-storage-for-rings-necklaces-multi-size-set-for-engagement-wedding-gift-giving\\\/#breadcrumb\"},\"inLanguage\":\"fr-FR\",\"potentialAction\":[{\"@type\":\"ReadAction\",\"target\":[\"https:\\\/\\\/deliangdisplay.com\\\/our-product\\\/packaging\\\/jewelry-boxes-packaging\\\/pink-green-velvet-snap-jewelry-box-portable-storage-for-rings-necklaces-multi-size-set-for-engagement-wedding-gift-giving\\\/\"]}]},{\"@type\":\"ImageObject\",\"inLanguage\":\"fr-FR\",\"@id\":\"https:\\\/\\\/deliangdisplay.com\\\/our-product\\\/packaging\\\/jewelry-boxes-packaging\\\/pink-green-velvet-snap-jewelry-box-portable-storage-for-rings-necklaces-multi-size-set-for-engagement-wedding-gift-giving\\\/#primaryimage\",\"url\":\"https:\\\/\\\/deliangdisplay.com\\\/wp-content\\\/uploads\\\/2025\\\/09\\\/24.jpg\",\"contentUrl\":\"https:\\\/\\\/deliangdisplay.com\\\/wp-content\\\/uploads\\\/2025\\\/09\\\/24.jpg\",\"width\":1000,\"height\":1000},{\"@type\":\"BreadcrumbList\",\"@id\":\"https:\\\/\\\/deliangdisplay.com\\\/our-product\\\/packaging\\\/jewelry-boxes-packaging\\\/pink-green-velvet-snap-jewelry-box-portable-storage-for-rings-necklaces-multi-size-set-for-engagement-wedding-gift-giving\\\/#breadcrumb\",\"itemListElement\":[{\"@type\":\"ListItem\",\"position\":1,\"name\":\"\u9996\u9875\",\"item\":\"https:\\\/\\\/deliangdisplay.com\\\/\"},{\"@type\":\"ListItem\",\"position\":2,\"name\":\"Our Product\",\"item\":\"https:\\\/\\\/deliangdisplay.com\\\/our-product\\\/\"},{\"@type\":\"ListItem\",\"position\":3,\"name\":\"Pink &#038; Green Velvet Snap Jewelry Box \u2013 Portable Storage for Rings &#038; Necklaces, Multi-Size Set for Engagement, Wedding &#038; Gift Giving\"}]},{\"@type\":\"WebSite\",\"@id\":\"https:\\\/\\\/deliangdisplay.com\\\/#website\",\"url\":\"https:\\\/\\\/deliangdisplay.com\\\/\",\"name\":\"deliangdisplay.com\",\"description\":\"DE-LIANG - Providing bespoke packaging solutions and luxurious display design services for brands in jewelry, apparel, watches, beauty cosmetics, and more.\",\"publisher\":{\"@id\":\"https:\\\/\\\/deliangdisplay.com\\\/#organization\"},\"potentialAction\":[{\"@type\":\"SearchAction\",\"target\":{\"@type\":\"EntryPoint\",\"urlTemplate\":\"https:\\\/\\\/deliangdisplay.com\\\/?s={search_term_string}\"},\"query-input\":{\"@type\":\"PropertyValueSpecification\",\"valueRequired\":true,\"valueName\":\"search_term_string\"}}],\"inLanguage\":\"fr-FR\"},{\"@type\":\"Organization\",\"@id\":\"https:\\\/\\\/deliangdisplay.com\\\/#organization\",\"name\":\"deliangdisplay.com\",\"url\":\"https:\\\/\\\/deliangdisplay.com\\\/\",\"logo\":{\"@type\":\"ImageObject\",\"inLanguage\":\"fr-FR\",\"@id\":\"https:\\\/\\\/deliangdisplay.com\\\/#\\\/schema\\\/logo\\\/image\\\/\",\"url\":\"https:\\\/\\\/deliangdisplay.com\\\/wp-content\\\/uploads\\\/2025\\\/08\\\/DELIANGDISPALY_logo.png\",\"contentUrl\":\"https:\\\/\\\/deliangdisplay.com\\\/wp-content\\\/uploads\\\/2025\\\/08\\\/DELIANGDISPALY_logo.png\",\"width\":300,\"height\":130,\"caption\":\"deliangdisplay.com\"},\"image\":{\"@id\":\"https:\\\/\\\/deliangdisplay.com\\\/#\\\/schema\\\/logo\\\/image\\\/\"},\"sameAs\":[\"https:\\\/\\\/www.facebook.com\\\/JaneZhang008\\\/\",\"https:\\\/\\\/x.com\\\/ly673551729\"]}]}<\/script>\n<!-- \/ Yoast SEO plugin. -->","yoast_head_json":{"title":"Bo\u00eete \u00e0 bijoux en velours rose et vert - rangement portable pour bagues et colliers, set multi-tailles pour fian\u00e7ailles, mariage et cadeaux - DE-LIANG - bijoux,v\u00eatements,montres,beaut\u00e9,cosm\u00e9tique","robots":{"index":"index","follow":"follow","max-snippet":"max-snippet:-1","max-image-preview":"max-image-preview:large","max-video-preview":"max-video-preview:-1"},"canonical":"https:\/\/deliangdisplay.com\/fr\/notre-produit\/emballage\/boites-a-bijoux-emballage\/boite-a-bijoux-en-velours-rose-vert-pour-bagues-colliers-multi-tailles-pour-fiancailles-mariage-cadeau\/","og_locale":"fr_FR","og_type":"article","og_title":"Pink & Green Velvet Snap Jewelry Box \u2013 Portable Storage for Rings & Necklaces, Multi-Size Set for Engagement, Wedding & Gift Giving - DE-LIANG - jewelry,clothes,watch,beauty cosmetics","og_description":"This jewelry box is made of high-quality velvet with hand-sewn craftsmanship (wrinkle-free surface). It comes in pink\/green, supports color\/design customization, and has 7 sizes (Style A-G: 7.5\u00d77.5\u00d73.8cm to 23.5\u00d76.5\u00d73.2cm, square\/rectangle). With a snap closure, it\u2019s ideal for storing rings\/necklaces\/bracelets (great for engagement\/wedding gifts). MOQ is 1, OEM\/ODM supported.","og_url":"https:\/\/deliangdisplay.com\/fr\/notre-produit\/emballage\/boites-a-bijoux-emballage\/boite-a-bijoux-en-velours-rose-vert-pour-bagues-colliers-multi-tailles-pour-fiancailles-mariage-cadeau\/","og_site_name":"DE-LIANG - jewelry,clothes,watch,beauty cosmetics","article_publisher":"https:\/\/www.facebook.com\/JaneZhang008\/","article_modified_time":"2025-09-18T08:08:34+00:00","og_image":[{"width":1000,"height":1000,"url":"https:\/\/deliangdisplay.com\/wp-content\/uploads\/2025\/09\/24.jpg","type":"image\/jpeg"}],"twitter_card":"summary_large_image","twitter_site":"@ly673551729","twitter_misc":{"Dur\u00e9e de lecture estim\u00e9e":"2 minutes"},"schema":{"@context":"https:\/\/schema.org","@graph":[{"@type":"WebPage","@id":"https:\/\/deliangdisplay.com\/our-product\/packaging\/jewelry-boxes-packaging\/pink-green-velvet-snap-jewelry-box-portable-storage-for-rings-necklaces-multi-size-set-for-engagement-wedding-gift-giving\/","url":"https:\/\/deliangdisplay.com\/our-product\/packaging\/jewelry-boxes-packaging\/pink-green-velvet-snap-jewelry-box-portable-storage-for-rings-necklaces-multi-size-set-for-engagement-wedding-gift-giving\/","name":"Bo\u00eete \u00e0 bijoux en velours rose et vert - rangement portable pour bagues et colliers, set multi-tailles pour fian\u00e7ailles, mariage et cadeaux - DE-LIANG - bijoux,v\u00eatements,montres,beaut\u00e9,cosm\u00e9tique","isPartOf":{"@id":"https:\/\/deliangdisplay.com\/#website"},"primaryImageOfPage":{"@id":"https:\/\/deliangdisplay.com\/our-product\/packaging\/jewelry-boxes-packaging\/pink-green-velvet-snap-jewelry-box-portable-storage-for-rings-necklaces-multi-size-set-for-engagement-wedding-gift-giving\/#primaryimage"},"image":{"@id":"https:\/\/deliangdisplay.com\/our-product\/packaging\/jewelry-boxes-packaging\/pink-green-velvet-snap-jewelry-box-portable-storage-for-rings-necklaces-multi-size-set-for-engagement-wedding-gift-giving\/#primaryimage"},"thumbnailUrl":"https:\/\/deliangdisplay.com\/wp-content\/uploads\/2025\/09\/24.jpg","datePublished":"2025-09-17T07:55:53+00:00","dateModified":"2025-09-18T08:08:34+00:00","breadcrumb":{"@id":"https:\/\/deliangdisplay.com\/our-product\/packaging\/jewelry-boxes-packaging\/pink-green-velvet-snap-jewelry-box-portable-storage-for-rings-necklaces-multi-size-set-for-engagement-wedding-gift-giving\/#breadcrumb"},"inLanguage":"fr-FR","potentialAction":[{"@type":"ReadAction","target":["https:\/\/deliangdisplay.com\/our-product\/packaging\/jewelry-boxes-packaging\/pink-green-velvet-snap-jewelry-box-portable-storage-for-rings-necklaces-multi-size-set-for-engagement-wedding-gift-giving\/"]}]},{"@type":"ImageObject","inLanguage":"fr-FR","@id":"https:\/\/deliangdisplay.com\/our-product\/packaging\/jewelry-boxes-packaging\/pink-green-velvet-snap-jewelry-box-portable-storage-for-rings-necklaces-multi-size-set-for-engagement-wedding-gift-giving\/#primaryimage","url":"https:\/\/deliangdisplay.com\/wp-content\/uploads\/2025\/09\/24.jpg","contentUrl":"https:\/\/deliangdisplay.com\/wp-content\/uploads\/2025\/09\/24.jpg","width":1000,"height":1000},{"@type":"BreadcrumbList","@id":"https:\/\/deliangdisplay.com\/our-product\/packaging\/jewelry-boxes-packaging\/pink-green-velvet-snap-jewelry-box-portable-storage-for-rings-necklaces-multi-size-set-for-engagement-wedding-gift-giving\/#breadcrumb","itemListElement":[{"@type":"ListItem","position":1,"name":"\u9996\u9875","item":"https:\/\/deliangdisplay.com\/"},{"@type":"ListItem","position":2,"name":"Our Product","item":"https:\/\/deliangdisplay.com\/our-product\/"},{"@type":"ListItem","position":3,"name":"Pink &#038; Green Velvet Snap Jewelry Box \u2013 Portable Storage for Rings &#038; Necklaces, Multi-Size Set for Engagement, Wedding &#038; Gift Giving"}]},{"@type":"WebSite","@id":"https:\/\/deliangdisplay.com\/#website","url":"https:\/\/deliangdisplay.com\/","name":"deliangdisplay.com","description":"DE-LIANG - Fournit des solutions d'emballage sur mesure et des services de conception de pr\u00e9sentoirs luxueux pour les marques de bijoux, de v\u00eatements, de montres, de produits de beaut\u00e9 et de cosm\u00e9tiques, et plus encore.","publisher":{"@id":"https:\/\/deliangdisplay.com\/#organization"},"potentialAction":[{"@type":"SearchAction","target":{"@type":"EntryPoint","urlTemplate":"https:\/\/deliangdisplay.com\/?s={search_term_string}"},"query-input":{"@type":"PropertyValueSpecification","valueRequired":true,"valueName":"search_term_string"}}],"inLanguage":"fr-FR"},{"@type":"Organization","@id":"https:\/\/deliangdisplay.com\/#organization","name":"deliangdisplay.com","url":"https:\/\/deliangdisplay.com\/","logo":{"@type":"ImageObject","inLanguage":"fr-FR","@id":"https:\/\/deliangdisplay.com\/#\/schema\/logo\/image\/","url":"https:\/\/deliangdisplay.com\/wp-content\/uploads\/2025\/08\/DELIANGDISPALY_logo.png","contentUrl":"https:\/\/deliangdisplay.com\/wp-content\/uploads\/2025\/08\/DELIANGDISPALY_logo.png","width":300,"height":130,"caption":"deliangdisplay.com"},"image":{"@id":"https:\/\/deliangdisplay.com\/#\/schema\/logo\/image\/"},"sameAs":["https:\/\/www.facebook.com\/JaneZhang008\/","https:\/\/x.com\/ly673551729"]}]}},"_links":{"self":[{"href":"https:\/\/deliangdisplay.com\/fr\/wp-json\/wp\/v2\/product\/43095","targetHints":{"allow":["GET"]}}],"collection":[{"href":"https:\/\/deliangdisplay.com\/fr\/wp-json\/wp\/v2\/product"}],"about":[{"href":"https:\/\/deliangdisplay.com\/fr\/wp-json\/wp\/v2\/types\/product"}],"replies":[{"embeddable":true,"href":"https:\/\/deliangdisplay.com\/fr\/wp-json\/wp\/v2\/comments?post=43095"}],"wp:featuredmedia":[{"embeddable":true,"href":"https:\/\/deliangdisplay.com\/fr\/wp-json\/wp\/v2\/media\/43096"}],"wp:attachment":[{"href":"https:\/\/deliangdisplay.com\/fr\/wp-json\/wp\/v2\/media?parent=43095"}],"wp:term":[{"taxonomy":"product_brand","embeddable":true,"href":"https:\/\/deliangdisplay.com\/fr\/wp-json\/wp\/v2\/product_brand?post=43095"},{"taxonomy":"product_cat","embeddable":true,"href":"https:\/\/deliangdisplay.com\/fr\/wp-json\/wp\/v2\/product_cat?post=43095"},{"taxonomy":"product_tag","embeddable":true,"href":"https:\/\/deliangdisplay.com\/fr\/wp-json\/wp\/v2\/product_tag?post=43095"}],"curies":[{"name":"wp","href":"https:\/\/api.w.org\/{rel}","templated":true}]}}