{"id":43087,"date":"2025-09-17T15:50:36","date_gmt":"2025-09-17T07:50:36","guid":{"rendered":"https:\/\/deliangdisplay.com\/?post_type=product&#038;p=43087"},"modified":"2025-10-11T17:36:13","modified_gmt":"2025-10-11T09:36:13","slug":"boite-a-bijoux-en-cuir-de-luxe-avec-miroir-waterproof-dustproof-multi-layer-organizer-for-rings-earings-necklaces-bracelets","status":"publish","type":"product","link":"https:\/\/deliangdisplay.com\/fr\/notre-produit\/emballage\/emballage-pour-lorganisation-des-bijoux\/boite-a-bijoux-en-cuir-de-luxe-avec-miroir-waterproof-dustproof-multi-layer-organizer-for-rings-earings-necklaces-bracelets\/","title":{"rendered":"Bo\u00eete \u00e0 bijoux de luxe en cuir PU avec miroir - Organisateur multicouche imperm\u00e9able \u00e0 l'eau et \u00e0 la poussi\u00e8re pour bagues, boucles d'oreilles, colliers et bracelets"},"content":{"rendered":"<h3 class=\"header-vfC6AV auto-hide-last-sibling-br\">Bo\u00eete \u00e0 bijoux de luxe en cuir PU : Prot\u00e9gez vos tr\u00e9sors et organisez-les facilement<\/h3>\n<div class=\"auto-hide-last-sibling-br paragraph-JOTKXA paragraph-element br-paragraph-space\">Fabriqu\u00e9e en cuir PU de haute qualit\u00e9, cette bo\u00eete \u00e0 bijoux pr\u00e9sente les caract\u00e9ristiques suivantes\u00a0<strong>double propri\u00e9t\u00e9 d'\u00e9tanch\u00e9it\u00e9 \u00e0 l'eau et \u00e0 la poussi\u00e8re<\/strong>. Il bloque efficacement l'humidit\u00e9 et la poussi\u00e8re, ce qui permet aux colliers, bagues et autres bijoux de rester toujours propres et brillants, sans oxydation ni accumulation de poussi\u00e8re.<\/div>\n<h3 class=\"header-vfC6AV auto-hide-last-sibling-br\">Un design bien pens\u00e9 : Un m\u00e9lange parfait de commodit\u00e9 et de praticit\u00e9<\/h3>\n<ol class=\"auto-hide-last-sibling-br\">\n<li><strong>Miroir haute d\u00e9finition int\u00e9gr\u00e9<\/strong>: Plus besoin de chercher un miroir suppl\u00e9mentaire pour mettre vos bijoux. Vous pouvez ajuster les d\u00e9tails d'un simple geste de la main, ce qui rend la coiffure quotidienne ou les retouches en voyage plus efficaces.<\/li>\n<li><strong>Stockage partitionn\u00e9 multicouche<\/strong>: Des espaces exclusifs sont con\u00e7us pour diff\u00e9rents types de bijoux, tels que les bagues, les boucles d'oreilles, les colliers et les bracelets. Cela \u00e9vite les enchev\u00eatrements et les rayures, et vous permet de trouver ce dont vous avez besoin en un coup d'\u0153il - plus besoin de lutter pour trouver une pi\u00e8ce sp\u00e9cifique.<\/li>\n<\/ol>\n<h3 class=\"header-vfC6AV auto-hide-last-sibling-br\">Options flexibles : Adapter l'esth\u00e9tique et la personnalit\u00e9<\/h3>\n<ul class=\"auto-hide-last-sibling-br\">\n<li><strong>Plusieurs couleurs disponibles<\/strong>: La collection de base comprend 4 couleurs populaires - vert, rouge, noir et rose - qui s'adaptent facilement aux diff\u00e9rents styles de maison ou aux pr\u00e9f\u00e9rences personnelles.<\/li>\n<li><strong>Personnalisation possible<\/strong>: Vous pouvez personnaliser la couleur et le mat\u00e9riau en fonction de vos besoins, et m\u00eame ajouter un logo exclusif. Cr\u00e9ez une bo\u00eete \u00e0 bijoux personnalis\u00e9e unique en son genre, parfaite pour un usage personnel ou comme cadeau.<\/li>\n<\/ul>\n<h3 class=\"header-vfC6AV auto-hide-last-sibling-br\">Taille id\u00e9ale : Convient pour la maison et les voyages<\/h3>\n<div class=\"auto-hide-last-sibling-br paragraph-JOTKXA paragraph-element br-paragraph-space\">Avec des dimensions de\u00a0<strong>22.8\u00d717.3\u00d712cm (environ 9\u00d77\u00d75 pouces)<\/strong>, Il est compact et peu encombrant. Il peut servir de rangement fixe sur votre coiffeuse ou se glisser facilement dans une valise ou un sac \u00e0 main. Vos bijoux restent ainsi bien rang\u00e9s, m\u00eame lorsque vous \u00eates en voyage d'affaires ou en vacances.<\/div>\n<h3 class=\"header-vfC6AV auto-hide-last-sibling-br\">Services de personnalisation et livraison<\/h3>\n<div class=\"auto-hide-last-sibling-br paragraph-JOTKXA paragraph-element br-paragraph-space\">Des services de personnalisation OEM\/ODM sont disponibles pour r\u00e9pondre aux diff\u00e9rents besoins :<\/div>\n<ul class=\"auto-hide-last-sibling-br\">\n<li>Personnalisation en petites s\u00e9ries (1-10 pi\u00e8ces) : Le cycle de livraison est de 30 \u00e0 45 jours. Il convient \u00e0 la personnalisation ou \u00e0 l'achat de cadeaux en petites quantit\u00e9s.<\/li>\n<li>Personnalisation de lots importants (plus de 10 pi\u00e8ces) : Le cycle de base est d\u00e9termin\u00e9 par n\u00e9gociation, avec un d\u00e9lai suppl\u00e9mentaire de 15 jours apr\u00e8s confirmation - id\u00e9al pour les besoins \u00e0 grande \u00e9chelle.<\/li>\n<\/ul>","protected":false},"excerpt":{"rendered":"<p>Cette bo\u00eete \u00e0 bijoux de luxe (22,8\u00d717,3\u00d712 cm) est fabriqu\u00e9e en cuir PU et est \u00e9tanche \u00e0 l'eau et \u00e0 la poussi\u00e8re. Elle dispose d'un miroir int\u00e9gr\u00e9 pour faciliter la mise en place des bijoux et le stockage multicouche, id\u00e9al pour les bagues, les boucles d'oreilles, les colliers et les bracelets. Disponible en vert, rouge, noir et rose, il peut \u00eatre personnalis\u00e9 en fonction du logo, de la couleur ou du mat\u00e9riau. Le MOQ est de 1 pi\u00e8ce, avec possibilit\u00e9 d'OEM\/ODM.<\/p>","protected":false},"featured_media":43088,"comment_status":"open","ping_status":"closed","template":"","meta":{"_acf_changed":false},"product_brand":[84],"product_cat":[73],"product_tag":[151,146,152,153,155,145,156,144,147,150,154,157,148,149,119],"class_list":{"0":"post-43087","1":"product","2":"type-product","3":"status-publish","4":"has-post-thumbnail","6":"product_brand-de-liang","7":"product_cat-jewelry-organization-packaging","8":"product_tag-customizable-jewelry-box","9":"product_tag-dustproof-jewelry-box","10":"product_tag-green-red-black-pink-jewelry-box","11":"product_tag-home-travel-jewelry-case","12":"product_tag-jewelry-box-with-built-in-mirror","13":"product_tag-jewelry-box-with-mirror","14":"product_tag-luxury-jewelry-storage-case","15":"product_tag-luxury-pu-jewelry-box","16":"product_tag-multi-layer-jewelry-organizer","17":"product_tag-necklaces-bracelets-organizer","18":"product_tag-precious-jewelry-storage-box","19":"product_tag-pu-jewelry-organizer-with-mirror","20":"product_tag-pu-leather-jewelry-box","21":"product_tag-rings-earrings-storage-box","22":"product_tag-waterproof-jewelry-storage","24":"first","25":"instock","26":"shipping-taxable","27":"purchasable","28":"product-type-simple"},"acf":[],"yoast_head":"<!-- This site is optimized with the Yoast SEO plugin v27.4 - https:\/\/yoast.com\/product\/yoast-seo-wordpress\/ -->\n<title>Luxury PU Leather Jewelry Box with Mirror \u2013 Waterproof, Dustproof Multi-Layer Organizer for Rings, Earrings, Necklaces &amp; Bracelets - DE-LIANG - jewelry,clothes,watch,beauty cosmetics<\/title>\n<meta name=\"robots\" content=\"index, follow, max-snippet:-1, max-image-preview:large, max-video-preview:-1\" \/>\n<link rel=\"canonical\" href=\"https:\/\/deliangdisplay.com\/fr\/notre-produit\/emballage\/emballage-pour-lorganisation-des-bijoux\/boite-a-bijoux-en-cuir-de-luxe-avec-miroir-waterproof-dustproof-multi-layer-organizer-for-rings-earings-necklaces-bracelets\/\" \/>\n<meta property=\"og:locale\" content=\"fr_FR\" \/>\n<meta property=\"og:type\" content=\"article\" \/>\n<meta property=\"og:title\" content=\"Luxury PU Leather Jewelry Box with Mirror \u2013 Waterproof, Dustproof Multi-Layer Organizer for Rings, Earrings, Necklaces &amp; Bracelets - DE-LIANG - jewelry,clothes,watch,beauty cosmetics\" \/>\n<meta property=\"og:description\" content=\"This luxury jewelry box (22.8\u00d717.3\u00d712cm) is made of PU leather, featuring waterproof and dustproof functions. It has a built-in mirror for easy jewelry fitting and multi-layer storage, ideal for rings, earrings, necklaces, and bracelets. Available in green, red, black, pink, it supports logo\/color\/material customization. MOQ is 1 piece with OEM\/ODM offered.\" \/>\n<meta property=\"og:url\" content=\"https:\/\/deliangdisplay.com\/fr\/notre-produit\/emballage\/emballage-pour-lorganisation-des-bijoux\/boite-a-bijoux-en-cuir-de-luxe-avec-miroir-waterproof-dustproof-multi-layer-organizer-for-rings-earings-necklaces-bracelets\/\" \/>\n<meta property=\"og:site_name\" content=\"DE-LIANG - jewelry,clothes,watch,beauty cosmetics\" \/>\n<meta property=\"article:publisher\" content=\"https:\/\/www.facebook.com\/JaneZhang008\/\" \/>\n<meta property=\"article:modified_time\" content=\"2025-10-11T09:36:13+00:00\" \/>\n<meta property=\"og:image\" content=\"https:\/\/deliangdisplay.com\/wp-content\/uploads\/2025\/09\/19.jpg\" \/>\n\t<meta property=\"og:image:width\" content=\"1000\" \/>\n\t<meta property=\"og:image:height\" content=\"1000\" \/>\n\t<meta property=\"og:image:type\" content=\"image\/jpeg\" \/>\n<meta name=\"twitter:card\" content=\"summary_large_image\" \/>\n<meta name=\"twitter:site\" content=\"@ly673551729\" \/>\n<meta name=\"twitter:label1\" content=\"Dur\u00e9e de lecture estim\u00e9e\" \/>\n\t<meta name=\"twitter:data1\" content=\"2 minutes\" \/>\n<script type=\"application\/ld+json\" class=\"yoast-schema-graph\">{\"@context\":\"https:\\\/\\\/schema.org\",\"@graph\":[{\"@type\":\"WebPage\",\"@id\":\"https:\\\/\\\/deliangdisplay.com\\\/our-product\\\/packaging\\\/jewelry-organization-packaging\\\/luxury-pu-leather-jewelry-box-with-mirror-waterproof-dustproof-multi-layer-organizer-for-rings-earrings-necklaces-bracelets\\\/\",\"url\":\"https:\\\/\\\/deliangdisplay.com\\\/our-product\\\/packaging\\\/jewelry-organization-packaging\\\/luxury-pu-leather-jewelry-box-with-mirror-waterproof-dustproof-multi-layer-organizer-for-rings-earrings-necklaces-bracelets\\\/\",\"name\":\"Luxury PU Leather Jewelry Box with Mirror \u2013 Waterproof, Dustproof Multi-Layer Organizer for Rings, Earrings, Necklaces & Bracelets - DE-LIANG - jewelry,clothes,watch,beauty cosmetics\",\"isPartOf\":{\"@id\":\"https:\\\/\\\/deliangdisplay.com\\\/#website\"},\"primaryImageOfPage\":{\"@id\":\"https:\\\/\\\/deliangdisplay.com\\\/our-product\\\/packaging\\\/jewelry-organization-packaging\\\/luxury-pu-leather-jewelry-box-with-mirror-waterproof-dustproof-multi-layer-organizer-for-rings-earrings-necklaces-bracelets\\\/#primaryimage\"},\"image\":{\"@id\":\"https:\\\/\\\/deliangdisplay.com\\\/our-product\\\/packaging\\\/jewelry-organization-packaging\\\/luxury-pu-leather-jewelry-box-with-mirror-waterproof-dustproof-multi-layer-organizer-for-rings-earrings-necklaces-bracelets\\\/#primaryimage\"},\"thumbnailUrl\":\"https:\\\/\\\/deliangdisplay.com\\\/wp-content\\\/uploads\\\/2025\\\/09\\\/19.jpg\",\"datePublished\":\"2025-09-17T07:50:36+00:00\",\"dateModified\":\"2025-10-11T09:36:13+00:00\",\"breadcrumb\":{\"@id\":\"https:\\\/\\\/deliangdisplay.com\\\/our-product\\\/packaging\\\/jewelry-organization-packaging\\\/luxury-pu-leather-jewelry-box-with-mirror-waterproof-dustproof-multi-layer-organizer-for-rings-earrings-necklaces-bracelets\\\/#breadcrumb\"},\"inLanguage\":\"fr-FR\",\"potentialAction\":[{\"@type\":\"ReadAction\",\"target\":[\"https:\\\/\\\/deliangdisplay.com\\\/our-product\\\/packaging\\\/jewelry-organization-packaging\\\/luxury-pu-leather-jewelry-box-with-mirror-waterproof-dustproof-multi-layer-organizer-for-rings-earrings-necklaces-bracelets\\\/\"]}]},{\"@type\":\"ImageObject\",\"inLanguage\":\"fr-FR\",\"@id\":\"https:\\\/\\\/deliangdisplay.com\\\/our-product\\\/packaging\\\/jewelry-organization-packaging\\\/luxury-pu-leather-jewelry-box-with-mirror-waterproof-dustproof-multi-layer-organizer-for-rings-earrings-necklaces-bracelets\\\/#primaryimage\",\"url\":\"https:\\\/\\\/deliangdisplay.com\\\/wp-content\\\/uploads\\\/2025\\\/09\\\/19.jpg\",\"contentUrl\":\"https:\\\/\\\/deliangdisplay.com\\\/wp-content\\\/uploads\\\/2025\\\/09\\\/19.jpg\",\"width\":1000,\"height\":1000},{\"@type\":\"BreadcrumbList\",\"@id\":\"https:\\\/\\\/deliangdisplay.com\\\/our-product\\\/packaging\\\/jewelry-organization-packaging\\\/luxury-pu-leather-jewelry-box-with-mirror-waterproof-dustproof-multi-layer-organizer-for-rings-earrings-necklaces-bracelets\\\/#breadcrumb\",\"itemListElement\":[{\"@type\":\"ListItem\",\"position\":1,\"name\":\"\u9996\u9875\",\"item\":\"https:\\\/\\\/deliangdisplay.com\\\/\"},{\"@type\":\"ListItem\",\"position\":2,\"name\":\"Our Product\",\"item\":\"https:\\\/\\\/deliangdisplay.com\\\/our-product\\\/\"},{\"@type\":\"ListItem\",\"position\":3,\"name\":\"Luxury PU Leather Jewelry Box with Mirror \u2013 Waterproof, Dustproof Multi-Layer Organizer for Rings, Earrings, Necklaces &#038; Bracelets\"}]},{\"@type\":\"WebSite\",\"@id\":\"https:\\\/\\\/deliangdisplay.com\\\/#website\",\"url\":\"https:\\\/\\\/deliangdisplay.com\\\/\",\"name\":\"deliangdisplay.com\",\"description\":\"DE-LIANG - Providing bespoke packaging solutions and luxurious display design services for brands in jewelry, apparel, watches, beauty cosmetics, and more.\",\"publisher\":{\"@id\":\"https:\\\/\\\/deliangdisplay.com\\\/#organization\"},\"potentialAction\":[{\"@type\":\"SearchAction\",\"target\":{\"@type\":\"EntryPoint\",\"urlTemplate\":\"https:\\\/\\\/deliangdisplay.com\\\/?s={search_term_string}\"},\"query-input\":{\"@type\":\"PropertyValueSpecification\",\"valueRequired\":true,\"valueName\":\"search_term_string\"}}],\"inLanguage\":\"fr-FR\"},{\"@type\":\"Organization\",\"@id\":\"https:\\\/\\\/deliangdisplay.com\\\/#organization\",\"name\":\"deliangdisplay.com\",\"url\":\"https:\\\/\\\/deliangdisplay.com\\\/\",\"logo\":{\"@type\":\"ImageObject\",\"inLanguage\":\"fr-FR\",\"@id\":\"https:\\\/\\\/deliangdisplay.com\\\/#\\\/schema\\\/logo\\\/image\\\/\",\"url\":\"https:\\\/\\\/deliangdisplay.com\\\/wp-content\\\/uploads\\\/2025\\\/08\\\/DELIANGDISPALY_logo.png\",\"contentUrl\":\"https:\\\/\\\/deliangdisplay.com\\\/wp-content\\\/uploads\\\/2025\\\/08\\\/DELIANGDISPALY_logo.png\",\"width\":300,\"height\":130,\"caption\":\"deliangdisplay.com\"},\"image\":{\"@id\":\"https:\\\/\\\/deliangdisplay.com\\\/#\\\/schema\\\/logo\\\/image\\\/\"},\"sameAs\":[\"https:\\\/\\\/www.facebook.com\\\/JaneZhang008\\\/\",\"https:\\\/\\\/x.com\\\/ly673551729\"]}]}<\/script>\n<!-- \/ Yoast SEO plugin. -->","yoast_head_json":{"title":"Bo\u00eete \u00e0 bijoux de luxe en cuir PU avec miroir - Organisateur \u00e9tanche et anti-poussi\u00e8re pour bagues, boucles d'oreilles, colliers et bracelets - DE-LIANG - bijouterie,joaillerie,horlogerie,beaut\u00e9,cosm\u00e9tique","robots":{"index":"index","follow":"follow","max-snippet":"max-snippet:-1","max-image-preview":"max-image-preview:large","max-video-preview":"max-video-preview:-1"},"canonical":"https:\/\/deliangdisplay.com\/fr\/notre-produit\/emballage\/emballage-pour-lorganisation-des-bijoux\/boite-a-bijoux-en-cuir-de-luxe-avec-miroir-waterproof-dustproof-multi-layer-organizer-for-rings-earings-necklaces-bracelets\/","og_locale":"fr_FR","og_type":"article","og_title":"Luxury PU Leather Jewelry Box with Mirror \u2013 Waterproof, Dustproof Multi-Layer Organizer for Rings, Earrings, Necklaces & Bracelets - DE-LIANG - jewelry,clothes,watch,beauty cosmetics","og_description":"This luxury jewelry box (22.8\u00d717.3\u00d712cm) is made of PU leather, featuring waterproof and dustproof functions. It has a built-in mirror for easy jewelry fitting and multi-layer storage, ideal for rings, earrings, necklaces, and bracelets. Available in green, red, black, pink, it supports logo\/color\/material customization. MOQ is 1 piece with OEM\/ODM offered.","og_url":"https:\/\/deliangdisplay.com\/fr\/notre-produit\/emballage\/emballage-pour-lorganisation-des-bijoux\/boite-a-bijoux-en-cuir-de-luxe-avec-miroir-waterproof-dustproof-multi-layer-organizer-for-rings-earings-necklaces-bracelets\/","og_site_name":"DE-LIANG - jewelry,clothes,watch,beauty cosmetics","article_publisher":"https:\/\/www.facebook.com\/JaneZhang008\/","article_modified_time":"2025-10-11T09:36:13+00:00","og_image":[{"width":1000,"height":1000,"url":"https:\/\/deliangdisplay.com\/wp-content\/uploads\/2025\/09\/19.jpg","type":"image\/jpeg"}],"twitter_card":"summary_large_image","twitter_site":"@ly673551729","twitter_misc":{"Dur\u00e9e de lecture estim\u00e9e":"2 minutes"},"schema":{"@context":"https:\/\/schema.org","@graph":[{"@type":"WebPage","@id":"https:\/\/deliangdisplay.com\/our-product\/packaging\/jewelry-organization-packaging\/luxury-pu-leather-jewelry-box-with-mirror-waterproof-dustproof-multi-layer-organizer-for-rings-earrings-necklaces-bracelets\/","url":"https:\/\/deliangdisplay.com\/our-product\/packaging\/jewelry-organization-packaging\/luxury-pu-leather-jewelry-box-with-mirror-waterproof-dustproof-multi-layer-organizer-for-rings-earrings-necklaces-bracelets\/","name":"Bo\u00eete \u00e0 bijoux de luxe en cuir PU avec miroir - Organisateur \u00e9tanche et anti-poussi\u00e8re pour bagues, boucles d'oreilles, colliers et bracelets - DE-LIANG - bijouterie,joaillerie,horlogerie,beaut\u00e9,cosm\u00e9tique","isPartOf":{"@id":"https:\/\/deliangdisplay.com\/#website"},"primaryImageOfPage":{"@id":"https:\/\/deliangdisplay.com\/our-product\/packaging\/jewelry-organization-packaging\/luxury-pu-leather-jewelry-box-with-mirror-waterproof-dustproof-multi-layer-organizer-for-rings-earrings-necklaces-bracelets\/#primaryimage"},"image":{"@id":"https:\/\/deliangdisplay.com\/our-product\/packaging\/jewelry-organization-packaging\/luxury-pu-leather-jewelry-box-with-mirror-waterproof-dustproof-multi-layer-organizer-for-rings-earrings-necklaces-bracelets\/#primaryimage"},"thumbnailUrl":"https:\/\/deliangdisplay.com\/wp-content\/uploads\/2025\/09\/19.jpg","datePublished":"2025-09-17T07:50:36+00:00","dateModified":"2025-10-11T09:36:13+00:00","breadcrumb":{"@id":"https:\/\/deliangdisplay.com\/our-product\/packaging\/jewelry-organization-packaging\/luxury-pu-leather-jewelry-box-with-mirror-waterproof-dustproof-multi-layer-organizer-for-rings-earrings-necklaces-bracelets\/#breadcrumb"},"inLanguage":"fr-FR","potentialAction":[{"@type":"ReadAction","target":["https:\/\/deliangdisplay.com\/our-product\/packaging\/jewelry-organization-packaging\/luxury-pu-leather-jewelry-box-with-mirror-waterproof-dustproof-multi-layer-organizer-for-rings-earrings-necklaces-bracelets\/"]}]},{"@type":"ImageObject","inLanguage":"fr-FR","@id":"https:\/\/deliangdisplay.com\/our-product\/packaging\/jewelry-organization-packaging\/luxury-pu-leather-jewelry-box-with-mirror-waterproof-dustproof-multi-layer-organizer-for-rings-earrings-necklaces-bracelets\/#primaryimage","url":"https:\/\/deliangdisplay.com\/wp-content\/uploads\/2025\/09\/19.jpg","contentUrl":"https:\/\/deliangdisplay.com\/wp-content\/uploads\/2025\/09\/19.jpg","width":1000,"height":1000},{"@type":"BreadcrumbList","@id":"https:\/\/deliangdisplay.com\/our-product\/packaging\/jewelry-organization-packaging\/luxury-pu-leather-jewelry-box-with-mirror-waterproof-dustproof-multi-layer-organizer-for-rings-earrings-necklaces-bracelets\/#breadcrumb","itemListElement":[{"@type":"ListItem","position":1,"name":"\u9996\u9875","item":"https:\/\/deliangdisplay.com\/"},{"@type":"ListItem","position":2,"name":"Our Product","item":"https:\/\/deliangdisplay.com\/our-product\/"},{"@type":"ListItem","position":3,"name":"Luxury PU Leather Jewelry Box with Mirror \u2013 Waterproof, Dustproof Multi-Layer Organizer for Rings, Earrings, Necklaces &#038; Bracelets"}]},{"@type":"WebSite","@id":"https:\/\/deliangdisplay.com\/#website","url":"https:\/\/deliangdisplay.com\/","name":"deliangdisplay.com","description":"DE-LIANG - Fournit des solutions d'emballage sur mesure et des services de conception de pr\u00e9sentoirs luxueux pour les marques de bijoux, de v\u00eatements, de montres, de produits de beaut\u00e9 et de cosm\u00e9tiques, et plus encore.","publisher":{"@id":"https:\/\/deliangdisplay.com\/#organization"},"potentialAction":[{"@type":"SearchAction","target":{"@type":"EntryPoint","urlTemplate":"https:\/\/deliangdisplay.com\/?s={search_term_string}"},"query-input":{"@type":"PropertyValueSpecification","valueRequired":true,"valueName":"search_term_string"}}],"inLanguage":"fr-FR"},{"@type":"Organization","@id":"https:\/\/deliangdisplay.com\/#organization","name":"deliangdisplay.com","url":"https:\/\/deliangdisplay.com\/","logo":{"@type":"ImageObject","inLanguage":"fr-FR","@id":"https:\/\/deliangdisplay.com\/#\/schema\/logo\/image\/","url":"https:\/\/deliangdisplay.com\/wp-content\/uploads\/2025\/08\/DELIANGDISPALY_logo.png","contentUrl":"https:\/\/deliangdisplay.com\/wp-content\/uploads\/2025\/08\/DELIANGDISPALY_logo.png","width":300,"height":130,"caption":"deliangdisplay.com"},"image":{"@id":"https:\/\/deliangdisplay.com\/#\/schema\/logo\/image\/"},"sameAs":["https:\/\/www.facebook.com\/JaneZhang008\/","https:\/\/x.com\/ly673551729"]}]}},"_links":{"self":[{"href":"https:\/\/deliangdisplay.com\/fr\/wp-json\/wp\/v2\/product\/43087","targetHints":{"allow":["GET"]}}],"collection":[{"href":"https:\/\/deliangdisplay.com\/fr\/wp-json\/wp\/v2\/product"}],"about":[{"href":"https:\/\/deliangdisplay.com\/fr\/wp-json\/wp\/v2\/types\/product"}],"replies":[{"embeddable":true,"href":"https:\/\/deliangdisplay.com\/fr\/wp-json\/wp\/v2\/comments?post=43087"}],"wp:featuredmedia":[{"embeddable":true,"href":"https:\/\/deliangdisplay.com\/fr\/wp-json\/wp\/v2\/media\/43088"}],"wp:attachment":[{"href":"https:\/\/deliangdisplay.com\/fr\/wp-json\/wp\/v2\/media?parent=43087"}],"wp:term":[{"taxonomy":"product_brand","embeddable":true,"href":"https:\/\/deliangdisplay.com\/fr\/wp-json\/wp\/v2\/product_brand?post=43087"},{"taxonomy":"product_cat","embeddable":true,"href":"https:\/\/deliangdisplay.com\/fr\/wp-json\/wp\/v2\/product_cat?post=43087"},{"taxonomy":"product_tag","embeddable":true,"href":"https:\/\/deliangdisplay.com\/fr\/wp-json\/wp\/v2\/product_tag?post=43087"}],"curies":[{"name":"wp","href":"https:\/\/api.w.org\/{rel}","templated":true}]}}