{"id":43072,"date":"2025-09-17T15:32:37","date_gmt":"2025-09-17T07:32:37","guid":{"rendered":"https:\/\/deliangdisplay.com\/?post_type=product&#038;p=43072"},"modified":"2025-10-11T17:37:02","modified_gmt":"2025-10-11T09:37:02","slug":"boite-a-bijoux-en-cuir-bleu-impermeable-personnalisable-pour-boucles-doreilles-bagues-et-bracelets-avec-doublure-en-velours-doux","status":"publish","type":"product","link":"https:\/\/deliangdisplay.com\/fr\/notre-produit\/emballage\/emballage-pour-lorganisation-des-bijoux\/boite-a-bijoux-en-cuir-bleu-impermeable-personnalisable-pour-boucles-doreilles-bagues-et-bracelets-avec-doublure-en-velours-doux\/","title":{"rendered":"Bo\u00eete \u00e0 bijoux en cuir bleu imperm\u00e9able personnalisable - Bo\u00eete de voyage compacte pour boucles d'oreilles, bagues et bracelets avec doublure en velours doux"},"content":{"rendered":"<h3>Bo\u00eete \u00e0 bijoux de voyage D\u00e9tails du produit<\/h3>\n<div>Cette bo\u00eete \u00e0 bijoux est taill\u00e9e sur mesure pour les voyages, alliant portabilit\u00e9, protection et esth\u00e9tique pour r\u00e9pondre aux besoins de rangement des bijoux au quotidien et en d\u00e9placement.<\/div>\n<h3>Sp\u00e9cifications de base<\/h3>\n<ul>\n<li><strong>Dimensions<\/strong>: 10\u00d710\u00d75cm, taille compacte pour un rangement facile dans les bagages ou les sacs \u00e0 main.<\/li>\n<li><strong>Composition du mat\u00e9riau<\/strong>: Combine le bois MDF (pour la stabilit\u00e9 structurelle), le velours (pour la protection int\u00e9rieure) et le PU (pour la durabilit\u00e9 ext\u00e9rieure), alliant praticit\u00e9 et texture haut de gamme.<\/li>\n<\/ul>\n<h3>Conception et caract\u00e9ristiques fonctionnelles<\/h3>\n<ul>\n<li><strong>Personnalisation de l'apparence<\/strong>: Offre des options de couleurs standard, notamment le blanc, le bleu et le rose ; permet \u00e9galement de personnaliser les couleurs et d'imprimer des logos pour r\u00e9pondre aux besoins des clients.<\/li>\n<li><strong>Protection int\u00e9rieure<\/strong>: Doubl\u00e9 de velours de haute qualit\u00e9, avec un toucher doux et lisse qui emp\u00eache efficacement les rayures ou les dommages sur les surfaces des bijoux.<\/li>\n<li><strong>R\u00e9sistance \u00e0 l'humidit\u00e9 et \u00e0 l'oxydation<\/strong>: Le cuir PU ext\u00e9rieur pr\u00e9sente d'excellentes performances d'\u00e9tanch\u00e9it\u00e9, ce qui permet d'isoler les bijoux de l'air et de l'humidit\u00e9, prolongeant ainsi leur dur\u00e9e de vie.<\/li>\n<li><strong>Artisanat<\/strong>: Adopte un processus de couture int\u00e9gr\u00e9, avec des coutures nettes, r\u00e9guli\u00e8res et magnifiques qui am\u00e9liorent la finesse et la durabilit\u00e9 du produit.<\/li>\n<\/ul>\n<h3>Conditions de commande et de livraison<\/h3>\n<ul>\n<li><strong>Type de service<\/strong>: Fournit des services OEM (Original Equipment Manufacturing) et ODM (Original Design Manufacturing) pour r\u00e9pondre aux diff\u00e9rents besoins de personnalisation des entreprises ou des particuliers.<\/li>\n<li><strong>Quantit\u00e9 minimale de commande (MOQ)<\/strong>: 1 pi\u00e8ce, flexible pour les achats en petites quantit\u00e9s et les commandes \u00e0 grande \u00e9chelle.<\/li>\n<\/ul>","protected":false},"excerpt":{"rendered":"<p>Cette petite bo\u00eete \u00e0 bijoux \u00e9tanche (10\u00d710\u00d75cm) est id\u00e9ale pour les voyages. Fabriqu\u00e9e en bois MDF, velours et PU, elle poss\u00e8de un int\u00e9rieur en velours doux pour prot\u00e9ger les bijoux et un ext\u00e9rieur en cuir scell\u00e9 pour \u00e9viter l'oxydation. Disponible en blanc, bleu, rose (couleurs\/logos personnalis\u00e9s possibles), il est dot\u00e9 d'une couture int\u00e9gr\u00e9e soign\u00e9e. Le MOQ est de 1 pi\u00e8ce, avec possibilit\u00e9 de OEM\/ODM.<\/p>","protected":false},"featured_media":43073,"comment_status":"open","ping_status":"closed","template":"","meta":{"_acf_changed":false},"product_brand":[84],"product_cat":[73],"product_tag":[115,124,122,121,125,117,126,118,116,128,114,120,123,119,127],"class_list":{"0":"post-43072","1":"product","2":"type-product","3":"status-publish","4":"has-post-thumbnail","6":"product_brand-de-liang","7":"product_cat-jewelry-organization-packaging","8":"product_tag-blue-leather-jewelry-box","9":"product_tag-compact-jewelry-storage","10":"product_tag-custom-logo-jewelry-box","11":"product_tag-customizable-color-jewelry-box","12":"product_tag-delicate-jewelry-storage-box","13":"product_tag-jewelry-storage-box","14":"product_tag-leather-jewelry-case-for-travel","15":"product_tag-mini-jewelry-organizer","16":"product_tag-portable-travel-jewelry-case","17":"product_tag-small-jewelry-storage-for-travel","18":"product_tag-small-waterproof-jewelry-box","19":"product_tag-soft-velvet-lining-jewelry-box","20":"product_tag-travel-sized-jewelry-box","21":"product_tag-waterproof-jewelry-storage","22":"product_tag-waterproof-leather-jewelry-box","24":"first","25":"instock","26":"shipping-taxable","27":"purchasable","28":"product-type-simple"},"acf":[],"yoast_head":"<!-- This site is optimized with the Yoast SEO plugin v27.4 - https:\/\/yoast.com\/product\/yoast-seo-wordpress\/ -->\n<title>Customizable Blue Waterproof Leather Jewelry Box \u2013 Compact Travel Case for Earrings, Rings, and Bracelets with Soft Velvet Lining - DE-LIANG - jewelry,clothes,watch,beauty cosmetics<\/title>\n<meta name=\"robots\" content=\"index, follow, max-snippet:-1, max-image-preview:large, max-video-preview:-1\" \/>\n<link rel=\"canonical\" href=\"https:\/\/deliangdisplay.com\/fr\/notre-produit\/emballage\/emballage-pour-lorganisation-des-bijoux\/boite-a-bijoux-en-cuir-bleu-impermeable-personnalisable-pour-boucles-doreilles-bagues-et-bracelets-avec-doublure-en-velours-doux\/\" \/>\n<meta property=\"og:locale\" content=\"fr_FR\" \/>\n<meta property=\"og:type\" content=\"article\" \/>\n<meta property=\"og:title\" content=\"Customizable Blue Waterproof Leather Jewelry Box \u2013 Compact Travel Case for Earrings, Rings, and Bracelets with Soft Velvet Lining - DE-LIANG - jewelry,clothes,watch,beauty cosmetics\" \/>\n<meta property=\"og:description\" content=\"This small waterproof jewelry box (10\u00d710\u00d75cm) is ideal for travel. Made of MDF wood, velvet, and PU, it has a soft velvet interior to protect jewelry and a sealed leather exterior to prevent oxidation. Available in white, blue, pink (custom colors\/logos supported), it features neat integrated sewing. MOQ is 1 piece, with OEM\/ODM offered.\" \/>\n<meta property=\"og:url\" content=\"https:\/\/deliangdisplay.com\/fr\/notre-produit\/emballage\/emballage-pour-lorganisation-des-bijoux\/boite-a-bijoux-en-cuir-bleu-impermeable-personnalisable-pour-boucles-doreilles-bagues-et-bracelets-avec-doublure-en-velours-doux\/\" \/>\n<meta property=\"og:site_name\" content=\"DE-LIANG - jewelry,clothes,watch,beauty cosmetics\" \/>\n<meta property=\"article:publisher\" content=\"https:\/\/www.facebook.com\/JaneZhang008\/\" \/>\n<meta property=\"article:modified_time\" content=\"2025-10-11T09:37:02+00:00\" \/>\n<meta property=\"og:image\" content=\"https:\/\/deliangdisplay.com\/wp-content\/uploads\/2025\/09\/1-2.jpg\" \/>\n\t<meta property=\"og:image:width\" content=\"1000\" \/>\n\t<meta property=\"og:image:height\" content=\"1000\" \/>\n\t<meta property=\"og:image:type\" content=\"image\/jpeg\" \/>\n<meta name=\"twitter:card\" content=\"summary_large_image\" \/>\n<meta name=\"twitter:site\" content=\"@ly673551729\" \/>\n<meta name=\"twitter:label1\" content=\"Dur\u00e9e de lecture estim\u00e9e\" \/>\n\t<meta name=\"twitter:data1\" content=\"2 minutes\" \/>\n<script type=\"application\/ld+json\" class=\"yoast-schema-graph\">{\"@context\":\"https:\\\/\\\/schema.org\",\"@graph\":[{\"@type\":\"WebPage\",\"@id\":\"https:\\\/\\\/deliangdisplay.com\\\/our-product\\\/packaging\\\/jewelry-organization-packaging\\\/customizable-blue-waterproof-leather-jewelry-box-compact-travel-case-for-earrings-rings-and-bracelets-with-soft-velvet-lining\\\/\",\"url\":\"https:\\\/\\\/deliangdisplay.com\\\/our-product\\\/packaging\\\/jewelry-organization-packaging\\\/customizable-blue-waterproof-leather-jewelry-box-compact-travel-case-for-earrings-rings-and-bracelets-with-soft-velvet-lining\\\/\",\"name\":\"Customizable Blue Waterproof Leather Jewelry Box \u2013 Compact Travel Case for Earrings, Rings, and Bracelets with Soft Velvet Lining - DE-LIANG - jewelry,clothes,watch,beauty cosmetics\",\"isPartOf\":{\"@id\":\"https:\\\/\\\/deliangdisplay.com\\\/#website\"},\"primaryImageOfPage\":{\"@id\":\"https:\\\/\\\/deliangdisplay.com\\\/our-product\\\/packaging\\\/jewelry-organization-packaging\\\/customizable-blue-waterproof-leather-jewelry-box-compact-travel-case-for-earrings-rings-and-bracelets-with-soft-velvet-lining\\\/#primaryimage\"},\"image\":{\"@id\":\"https:\\\/\\\/deliangdisplay.com\\\/our-product\\\/packaging\\\/jewelry-organization-packaging\\\/customizable-blue-waterproof-leather-jewelry-box-compact-travel-case-for-earrings-rings-and-bracelets-with-soft-velvet-lining\\\/#primaryimage\"},\"thumbnailUrl\":\"https:\\\/\\\/deliangdisplay.com\\\/wp-content\\\/uploads\\\/2025\\\/09\\\/1-2.jpg\",\"datePublished\":\"2025-09-17T07:32:37+00:00\",\"dateModified\":\"2025-10-11T09:37:02+00:00\",\"breadcrumb\":{\"@id\":\"https:\\\/\\\/deliangdisplay.com\\\/our-product\\\/packaging\\\/jewelry-organization-packaging\\\/customizable-blue-waterproof-leather-jewelry-box-compact-travel-case-for-earrings-rings-and-bracelets-with-soft-velvet-lining\\\/#breadcrumb\"},\"inLanguage\":\"fr-FR\",\"potentialAction\":[{\"@type\":\"ReadAction\",\"target\":[\"https:\\\/\\\/deliangdisplay.com\\\/our-product\\\/packaging\\\/jewelry-organization-packaging\\\/customizable-blue-waterproof-leather-jewelry-box-compact-travel-case-for-earrings-rings-and-bracelets-with-soft-velvet-lining\\\/\"]}]},{\"@type\":\"ImageObject\",\"inLanguage\":\"fr-FR\",\"@id\":\"https:\\\/\\\/deliangdisplay.com\\\/our-product\\\/packaging\\\/jewelry-organization-packaging\\\/customizable-blue-waterproof-leather-jewelry-box-compact-travel-case-for-earrings-rings-and-bracelets-with-soft-velvet-lining\\\/#primaryimage\",\"url\":\"https:\\\/\\\/deliangdisplay.com\\\/wp-content\\\/uploads\\\/2025\\\/09\\\/1-2.jpg\",\"contentUrl\":\"https:\\\/\\\/deliangdisplay.com\\\/wp-content\\\/uploads\\\/2025\\\/09\\\/1-2.jpg\",\"width\":1000,\"height\":1000},{\"@type\":\"BreadcrumbList\",\"@id\":\"https:\\\/\\\/deliangdisplay.com\\\/our-product\\\/packaging\\\/jewelry-organization-packaging\\\/customizable-blue-waterproof-leather-jewelry-box-compact-travel-case-for-earrings-rings-and-bracelets-with-soft-velvet-lining\\\/#breadcrumb\",\"itemListElement\":[{\"@type\":\"ListItem\",\"position\":1,\"name\":\"\u9996\u9875\",\"item\":\"https:\\\/\\\/deliangdisplay.com\\\/\"},{\"@type\":\"ListItem\",\"position\":2,\"name\":\"Our Product\",\"item\":\"https:\\\/\\\/deliangdisplay.com\\\/our-product\\\/\"},{\"@type\":\"ListItem\",\"position\":3,\"name\":\"Customizable Blue Waterproof Leather Jewelry Box \u2013 Compact Travel Case for Earrings, Rings, and Bracelets with Soft Velvet Lining\"}]},{\"@type\":\"WebSite\",\"@id\":\"https:\\\/\\\/deliangdisplay.com\\\/#website\",\"url\":\"https:\\\/\\\/deliangdisplay.com\\\/\",\"name\":\"deliangdisplay.com\",\"description\":\"DE-LIANG - Providing bespoke packaging solutions and luxurious display design services for brands in jewelry, apparel, watches, beauty cosmetics, and more.\",\"publisher\":{\"@id\":\"https:\\\/\\\/deliangdisplay.com\\\/#organization\"},\"potentialAction\":[{\"@type\":\"SearchAction\",\"target\":{\"@type\":\"EntryPoint\",\"urlTemplate\":\"https:\\\/\\\/deliangdisplay.com\\\/?s={search_term_string}\"},\"query-input\":{\"@type\":\"PropertyValueSpecification\",\"valueRequired\":true,\"valueName\":\"search_term_string\"}}],\"inLanguage\":\"fr-FR\"},{\"@type\":\"Organization\",\"@id\":\"https:\\\/\\\/deliangdisplay.com\\\/#organization\",\"name\":\"deliangdisplay.com\",\"url\":\"https:\\\/\\\/deliangdisplay.com\\\/\",\"logo\":{\"@type\":\"ImageObject\",\"inLanguage\":\"fr-FR\",\"@id\":\"https:\\\/\\\/deliangdisplay.com\\\/#\\\/schema\\\/logo\\\/image\\\/\",\"url\":\"https:\\\/\\\/deliangdisplay.com\\\/wp-content\\\/uploads\\\/2025\\\/08\\\/DELIANGDISPALY_logo.png\",\"contentUrl\":\"https:\\\/\\\/deliangdisplay.com\\\/wp-content\\\/uploads\\\/2025\\\/08\\\/DELIANGDISPALY_logo.png\",\"width\":300,\"height\":130,\"caption\":\"deliangdisplay.com\"},\"image\":{\"@id\":\"https:\\\/\\\/deliangdisplay.com\\\/#\\\/schema\\\/logo\\\/image\\\/\"},\"sameAs\":[\"https:\\\/\\\/www.facebook.com\\\/JaneZhang008\\\/\",\"https:\\\/\\\/x.com\\\/ly673551729\"]}]}<\/script>\n<!-- \/ Yoast SEO plugin. -->","yoast_head_json":{"title":"Bo\u00eete \u00e0 bijoux en cuir bleu imperm\u00e9able personnalisable - Bo\u00eete de voyage compacte pour boucles d'oreilles, bagues et bracelets avec doublure en velours doux - DE-LIANG - bijoux,v\u00eatements,montre,beaut\u00e9,cosm\u00e9tique","robots":{"index":"index","follow":"follow","max-snippet":"max-snippet:-1","max-image-preview":"max-image-preview:large","max-video-preview":"max-video-preview:-1"},"canonical":"https:\/\/deliangdisplay.com\/fr\/notre-produit\/emballage\/emballage-pour-lorganisation-des-bijoux\/boite-a-bijoux-en-cuir-bleu-impermeable-personnalisable-pour-boucles-doreilles-bagues-et-bracelets-avec-doublure-en-velours-doux\/","og_locale":"fr_FR","og_type":"article","og_title":"Customizable Blue Waterproof Leather Jewelry Box \u2013 Compact Travel Case for Earrings, Rings, and Bracelets with Soft Velvet Lining - DE-LIANG - jewelry,clothes,watch,beauty cosmetics","og_description":"This small waterproof jewelry box (10\u00d710\u00d75cm) is ideal for travel. Made of MDF wood, velvet, and PU, it has a soft velvet interior to protect jewelry and a sealed leather exterior to prevent oxidation. Available in white, blue, pink (custom colors\/logos supported), it features neat integrated sewing. MOQ is 1 piece, with OEM\/ODM offered.","og_url":"https:\/\/deliangdisplay.com\/fr\/notre-produit\/emballage\/emballage-pour-lorganisation-des-bijoux\/boite-a-bijoux-en-cuir-bleu-impermeable-personnalisable-pour-boucles-doreilles-bagues-et-bracelets-avec-doublure-en-velours-doux\/","og_site_name":"DE-LIANG - jewelry,clothes,watch,beauty cosmetics","article_publisher":"https:\/\/www.facebook.com\/JaneZhang008\/","article_modified_time":"2025-10-11T09:37:02+00:00","og_image":[{"width":1000,"height":1000,"url":"https:\/\/deliangdisplay.com\/wp-content\/uploads\/2025\/09\/1-2.jpg","type":"image\/jpeg"}],"twitter_card":"summary_large_image","twitter_site":"@ly673551729","twitter_misc":{"Dur\u00e9e de lecture estim\u00e9e":"2 minutes"},"schema":{"@context":"https:\/\/schema.org","@graph":[{"@type":"WebPage","@id":"https:\/\/deliangdisplay.com\/our-product\/packaging\/jewelry-organization-packaging\/customizable-blue-waterproof-leather-jewelry-box-compact-travel-case-for-earrings-rings-and-bracelets-with-soft-velvet-lining\/","url":"https:\/\/deliangdisplay.com\/our-product\/packaging\/jewelry-organization-packaging\/customizable-blue-waterproof-leather-jewelry-box-compact-travel-case-for-earrings-rings-and-bracelets-with-soft-velvet-lining\/","name":"Bo\u00eete \u00e0 bijoux en cuir bleu imperm\u00e9able personnalisable - Bo\u00eete de voyage compacte pour boucles d'oreilles, bagues et bracelets avec doublure en velours doux - DE-LIANG - bijoux,v\u00eatements,montre,beaut\u00e9,cosm\u00e9tique","isPartOf":{"@id":"https:\/\/deliangdisplay.com\/#website"},"primaryImageOfPage":{"@id":"https:\/\/deliangdisplay.com\/our-product\/packaging\/jewelry-organization-packaging\/customizable-blue-waterproof-leather-jewelry-box-compact-travel-case-for-earrings-rings-and-bracelets-with-soft-velvet-lining\/#primaryimage"},"image":{"@id":"https:\/\/deliangdisplay.com\/our-product\/packaging\/jewelry-organization-packaging\/customizable-blue-waterproof-leather-jewelry-box-compact-travel-case-for-earrings-rings-and-bracelets-with-soft-velvet-lining\/#primaryimage"},"thumbnailUrl":"https:\/\/deliangdisplay.com\/wp-content\/uploads\/2025\/09\/1-2.jpg","datePublished":"2025-09-17T07:32:37+00:00","dateModified":"2025-10-11T09:37:02+00:00","breadcrumb":{"@id":"https:\/\/deliangdisplay.com\/our-product\/packaging\/jewelry-organization-packaging\/customizable-blue-waterproof-leather-jewelry-box-compact-travel-case-for-earrings-rings-and-bracelets-with-soft-velvet-lining\/#breadcrumb"},"inLanguage":"fr-FR","potentialAction":[{"@type":"ReadAction","target":["https:\/\/deliangdisplay.com\/our-product\/packaging\/jewelry-organization-packaging\/customizable-blue-waterproof-leather-jewelry-box-compact-travel-case-for-earrings-rings-and-bracelets-with-soft-velvet-lining\/"]}]},{"@type":"ImageObject","inLanguage":"fr-FR","@id":"https:\/\/deliangdisplay.com\/our-product\/packaging\/jewelry-organization-packaging\/customizable-blue-waterproof-leather-jewelry-box-compact-travel-case-for-earrings-rings-and-bracelets-with-soft-velvet-lining\/#primaryimage","url":"https:\/\/deliangdisplay.com\/wp-content\/uploads\/2025\/09\/1-2.jpg","contentUrl":"https:\/\/deliangdisplay.com\/wp-content\/uploads\/2025\/09\/1-2.jpg","width":1000,"height":1000},{"@type":"BreadcrumbList","@id":"https:\/\/deliangdisplay.com\/our-product\/packaging\/jewelry-organization-packaging\/customizable-blue-waterproof-leather-jewelry-box-compact-travel-case-for-earrings-rings-and-bracelets-with-soft-velvet-lining\/#breadcrumb","itemListElement":[{"@type":"ListItem","position":1,"name":"\u9996\u9875","item":"https:\/\/deliangdisplay.com\/"},{"@type":"ListItem","position":2,"name":"Our Product","item":"https:\/\/deliangdisplay.com\/our-product\/"},{"@type":"ListItem","position":3,"name":"Customizable Blue Waterproof Leather Jewelry Box \u2013 Compact Travel Case for Earrings, Rings, and Bracelets with Soft Velvet Lining"}]},{"@type":"WebSite","@id":"https:\/\/deliangdisplay.com\/#website","url":"https:\/\/deliangdisplay.com\/","name":"deliangdisplay.com","description":"DE-LIANG - Fournit des solutions d'emballage sur mesure et des services de conception de pr\u00e9sentoirs luxueux pour les marques de bijoux, de v\u00eatements, de montres, de produits de beaut\u00e9 et de cosm\u00e9tiques, et plus encore.","publisher":{"@id":"https:\/\/deliangdisplay.com\/#organization"},"potentialAction":[{"@type":"SearchAction","target":{"@type":"EntryPoint","urlTemplate":"https:\/\/deliangdisplay.com\/?s={search_term_string}"},"query-input":{"@type":"PropertyValueSpecification","valueRequired":true,"valueName":"search_term_string"}}],"inLanguage":"fr-FR"},{"@type":"Organization","@id":"https:\/\/deliangdisplay.com\/#organization","name":"deliangdisplay.com","url":"https:\/\/deliangdisplay.com\/","logo":{"@type":"ImageObject","inLanguage":"fr-FR","@id":"https:\/\/deliangdisplay.com\/#\/schema\/logo\/image\/","url":"https:\/\/deliangdisplay.com\/wp-content\/uploads\/2025\/08\/DELIANGDISPALY_logo.png","contentUrl":"https:\/\/deliangdisplay.com\/wp-content\/uploads\/2025\/08\/DELIANGDISPALY_logo.png","width":300,"height":130,"caption":"deliangdisplay.com"},"image":{"@id":"https:\/\/deliangdisplay.com\/#\/schema\/logo\/image\/"},"sameAs":["https:\/\/www.facebook.com\/JaneZhang008\/","https:\/\/x.com\/ly673551729"]}]}},"_links":{"self":[{"href":"https:\/\/deliangdisplay.com\/fr\/wp-json\/wp\/v2\/product\/43072","targetHints":{"allow":["GET"]}}],"collection":[{"href":"https:\/\/deliangdisplay.com\/fr\/wp-json\/wp\/v2\/product"}],"about":[{"href":"https:\/\/deliangdisplay.com\/fr\/wp-json\/wp\/v2\/types\/product"}],"replies":[{"embeddable":true,"href":"https:\/\/deliangdisplay.com\/fr\/wp-json\/wp\/v2\/comments?post=43072"}],"wp:featuredmedia":[{"embeddable":true,"href":"https:\/\/deliangdisplay.com\/fr\/wp-json\/wp\/v2\/media\/43073"}],"wp:attachment":[{"href":"https:\/\/deliangdisplay.com\/fr\/wp-json\/wp\/v2\/media?parent=43072"}],"wp:term":[{"taxonomy":"product_brand","embeddable":true,"href":"https:\/\/deliangdisplay.com\/fr\/wp-json\/wp\/v2\/product_brand?post=43072"},{"taxonomy":"product_cat","embeddable":true,"href":"https:\/\/deliangdisplay.com\/fr\/wp-json\/wp\/v2\/product_cat?post=43072"},{"taxonomy":"product_tag","embeddable":true,"href":"https:\/\/deliangdisplay.com\/fr\/wp-json\/wp\/v2\/product_tag?post=43072"}],"curies":[{"name":"wp","href":"https:\/\/api.w.org\/{rel}","templated":true}]}}