{"id":43020,"date":"2025-09-16T11:31:57","date_gmt":"2025-09-16T03:31:57","guid":{"rendered":"https:\/\/deliangdisplay.com\/?post_type=product&#038;p=43020"},"modified":"2025-09-16T11:37:03","modified_gmt":"2025-09-16T03:37:03","slug":"presentoir-de-bijoux-de-haute-qualite-pour-vitrine-presentoir-de-bijoux-gris-accepte-presentoirs-de-bijoux-personnalises","status":"publish","type":"product","link":"https:\/\/deliangdisplay.com\/fr\/notre-produit\/affichages\/vitrines-et-presentoirs\/presentoir-de-bijoux-de-haute-qualite-pour-vitrine-presentoir-de-bijoux-gris-accepte-presentoirs-de-bijoux-personnalises\/","title":{"rendered":"Pr\u00e9sentoir \u00e0 bijoux de haute qualit\u00e9 pour vitrine Pr\u00e9sentoir \u00e0 bijoux gris Accept\u00e9 Ensemble de pr\u00e9sentoirs \u00e0 bijoux personnalis\u00e9s"},"content":{"rendered":"<h3>Plateau de pr\u00e9sentation pour bijoux de haute qualit\u00e9<\/h3>\n<div>Une solution de pr\u00e9sentation haut de gamme con\u00e7ue pour les vitrines, id\u00e9ale pour rehausser la pr\u00e9sentation des bijoux gr\u00e2ce \u00e0 son style moderne et \u00e0 son design \u00e9cologique.<\/div>\n<h4>Caract\u00e9ristiques principales<\/h4>\n<ul>\n<li><strong>Mat\u00e9riaux et personnalisation<\/strong>: Fabriqu\u00e9 \u00e0 partir de mat\u00e9riaux personnalisables (microfibre \u00e9cologique par d\u00e9faut), il permet des ajustements flexibles de taille et de couleur pour r\u00e9pondre aux besoins de la marque. Offre des services OEM\/ODM, avec des logos personnalis\u00e9s (MOQ 10 pi\u00e8ces), des emballages et des graphiques (MOQ 500 pi\u00e8ces dans les deux cas).<\/li>\n<li><strong>Avantages principaux<\/strong>: Le produit est respectueux de l'environnement, s'aligne sur l'esth\u00e9tique moderne du commerce de d\u00e9tail et garantit une utilisation durable pour l'exposition de bijoux, convenant \u00e0 la pr\u00e9sentation de divers types de bijoux.<\/li>\n<\/ul>\n<h4>D\u00e9lai d'ex\u00e9cution<\/h4>\n<ul>\n<li>15 - 30 jours pour 1 - 500 pi\u00e8ces<\/li>\n<li>25 - 40 jours pour 501 - 2000 pi\u00e8ces<\/li>\n<li>N\u00e9gociable pour les commandes sup\u00e9rieures \u00e0 2000 pi\u00e8ces<\/li>\n<li>D\u00e9lai d'\u00e9chantillonnage : 15 \u00e0 30 jours<\/li>\n<\/ul>\n<h4>Qualit\u00e9 et fiabilit\u00e9<\/h4>\n<div>Les certifications RGS, RGC et ISO 9001, ainsi que la v\u00e9rification d'Intertek, garantissent une qualit\u00e9 sup\u00e9rieure. La tra\u00e7abilit\u00e9 des mati\u00e8res premi\u00e8res et l'inspection des produits finis permettent de maintenir des performances constantes. Ces produits sont reconnus pour leur capacit\u00e9 \u00e0 am\u00e9liorer l'attrait visuel des bijoux vendus au d\u00e9tail.<\/div>","protected":false},"excerpt":{"rendered":"<p>Plateau de pr\u00e9sentation pour bijoux de haute qualit\u00e9 : solution de pr\u00e9sentation de qualit\u00e9 sup\u00e9rieure pour les bijoux. Fabriqu\u00e9 en microfibre respectueuse de l'environnement (mat\u00e9riaux personnalisables), il permet d'ajuster la taille et la couleur et de r\u00e9aliser des OEM\/ODM. Logos personnalis\u00e9s (MOQ10), emballage\/graphisme (MOQ500). D\u00e9lai de livraison : 15-30 jours (1-500pcs), 25-40 jours (501-2000pcs). Certifi\u00e9 (RGS, ISO9001), avec tra\u00e7abilit\u00e9 des mati\u00e8res premi\u00e8res.<\/p>","protected":false},"featured_media":43026,"comment_status":"open","ping_status":"closed","template":"","meta":{"_acf_changed":false},"product_brand":[84],"product_cat":[48],"product_tag":[92,86,94,85,95,89,87,97,91,88,93,90,96],"class_list":{"0":"post-43020","1":"product","2":"type-product","3":"status-publish","4":"has-post-thumbnail","6":"product_brand-de-liang","7":"product_cat-showcases-and-displays","8":"product_tag-custom-size-jewelry-display","9":"product_tag-customizable-jewelry-showcase-tray","10":"product_tag-eco-friendly-jewelry-showcase","11":"product_tag-eco-friendly-microfiber-jewelry-display","12":"product_tag-high-end-jewelry-display-props","13":"product_tag-iso-9001-jewelry-display","14":"product_tag-jewelry-display-stand-for-window-show","15":"product_tag-microfiber-jewelry-display-tray","16":"product_tag-modern-jewelry-display-set","17":"product_tag-oem-jewelry-display-props","18":"product_tag-personalized-logo-jewelry-tray","19":"product_tag-rgs-certified-jewelry-tray","20":"product_tag-window-show-jewelry-stand","22":"first","23":"instock","24":"shipping-taxable","25":"product-type-simple"},"acf":[],"yoast_head":"<!-- This site is optimized with the Yoast SEO plugin v27.4 - https:\/\/yoast.com\/product\/yoast-seo-wordpress\/ -->\n<title>High Grade Jewelry Display Tray for Window Show Gray Jewelry Display Stand Accepted Customized Jewelry Displays Set - DE-LIANG - jewelry,clothes,watch,beauty cosmetics<\/title>\n<meta name=\"robots\" content=\"index, follow, max-snippet:-1, max-image-preview:large, max-video-preview:-1\" \/>\n<link rel=\"canonical\" href=\"https:\/\/deliangdisplay.com\/fr\/notre-produit\/affichages\/vitrines-et-presentoirs\/presentoir-de-bijoux-de-haute-qualite-pour-vitrine-presentoir-de-bijoux-gris-accepte-presentoirs-de-bijoux-personnalises\/\" \/>\n<meta property=\"og:locale\" content=\"fr_FR\" \/>\n<meta property=\"og:type\" content=\"article\" \/>\n<meta property=\"og:title\" content=\"High Grade Jewelry Display Tray for Window Show Gray Jewelry Display Stand Accepted Customized Jewelry Displays Set - DE-LIANG - jewelry,clothes,watch,beauty cosmetics\" \/>\n<meta property=\"og:description\" content=\"High-Grade Jewelry Display Tray: premium showcase solution for jewelry. Made of eco-friendly microfiber (customizable materials), supports size\/color adjustments &amp; OEM\/ODM. Custom logos (MOQ10), packaging\/graphics (MOQ500). Lead time: 15-30 days (1-500pcs), 25-40 days (501-2000pcs). Certified (RGS, ISO9001), with raw material traceability.\" \/>\n<meta property=\"og:url\" content=\"https:\/\/deliangdisplay.com\/fr\/notre-produit\/affichages\/vitrines-et-presentoirs\/presentoir-de-bijoux-de-haute-qualite-pour-vitrine-presentoir-de-bijoux-gris-accepte-presentoirs-de-bijoux-personnalises\/\" \/>\n<meta property=\"og:site_name\" content=\"DE-LIANG - jewelry,clothes,watch,beauty cosmetics\" \/>\n<meta property=\"article:publisher\" content=\"https:\/\/www.facebook.com\/JaneZhang008\/\" \/>\n<meta property=\"article:modified_time\" content=\"2025-09-16T03:37:03+00:00\" \/>\n<meta property=\"og:image\" content=\"https:\/\/deliangdisplay.com\/wp-content\/uploads\/2025\/09\/Hf48b3e62b09345ad8891d9f935005e73G.jpg\" \/>\n\t<meta property=\"og:image:width\" content=\"750\" \/>\n\t<meta property=\"og:image:height\" content=\"750\" \/>\n\t<meta property=\"og:image:type\" content=\"image\/jpeg\" \/>\n<meta name=\"twitter:card\" content=\"summary_large_image\" \/>\n<meta name=\"twitter:site\" content=\"@ly673551729\" \/>\n<meta name=\"twitter:label1\" content=\"Dur\u00e9e de lecture estim\u00e9e\" \/>\n\t<meta name=\"twitter:data1\" content=\"1 minute\" \/>\n<script type=\"application\/ld+json\" class=\"yoast-schema-graph\">{\"@context\":\"https:\\\/\\\/schema.org\",\"@graph\":[{\"@type\":\"WebPage\",\"@id\":\"https:\\\/\\\/deliangdisplay.com\\\/our-product\\\/displays\\\/showcases-and-displays\\\/high-grade-jewelry-display-tray-for-window-show-gray-jewelry-display-stand-accepted-customized-jewelry-displays-set\\\/\",\"url\":\"https:\\\/\\\/deliangdisplay.com\\\/our-product\\\/displays\\\/showcases-and-displays\\\/high-grade-jewelry-display-tray-for-window-show-gray-jewelry-display-stand-accepted-customized-jewelry-displays-set\\\/\",\"name\":\"High Grade Jewelry Display Tray for Window Show Gray Jewelry Display Stand Accepted Customized Jewelry Displays Set - DE-LIANG - jewelry,clothes,watch,beauty cosmetics\",\"isPartOf\":{\"@id\":\"https:\\\/\\\/deliangdisplay.com\\\/#website\"},\"primaryImageOfPage\":{\"@id\":\"https:\\\/\\\/deliangdisplay.com\\\/our-product\\\/displays\\\/showcases-and-displays\\\/high-grade-jewelry-display-tray-for-window-show-gray-jewelry-display-stand-accepted-customized-jewelry-displays-set\\\/#primaryimage\"},\"image\":{\"@id\":\"https:\\\/\\\/deliangdisplay.com\\\/our-product\\\/displays\\\/showcases-and-displays\\\/high-grade-jewelry-display-tray-for-window-show-gray-jewelry-display-stand-accepted-customized-jewelry-displays-set\\\/#primaryimage\"},\"thumbnailUrl\":\"https:\\\/\\\/deliangdisplay.com\\\/wp-content\\\/uploads\\\/2025\\\/09\\\/Hf48b3e62b09345ad8891d9f935005e73G.jpg\",\"datePublished\":\"2025-09-16T03:31:57+00:00\",\"dateModified\":\"2025-09-16T03:37:03+00:00\",\"breadcrumb\":{\"@id\":\"https:\\\/\\\/deliangdisplay.com\\\/our-product\\\/displays\\\/showcases-and-displays\\\/high-grade-jewelry-display-tray-for-window-show-gray-jewelry-display-stand-accepted-customized-jewelry-displays-set\\\/#breadcrumb\"},\"inLanguage\":\"fr-FR\",\"potentialAction\":[{\"@type\":\"ReadAction\",\"target\":[\"https:\\\/\\\/deliangdisplay.com\\\/our-product\\\/displays\\\/showcases-and-displays\\\/high-grade-jewelry-display-tray-for-window-show-gray-jewelry-display-stand-accepted-customized-jewelry-displays-set\\\/\"]}]},{\"@type\":\"ImageObject\",\"inLanguage\":\"fr-FR\",\"@id\":\"https:\\\/\\\/deliangdisplay.com\\\/our-product\\\/displays\\\/showcases-and-displays\\\/high-grade-jewelry-display-tray-for-window-show-gray-jewelry-display-stand-accepted-customized-jewelry-displays-set\\\/#primaryimage\",\"url\":\"https:\\\/\\\/deliangdisplay.com\\\/wp-content\\\/uploads\\\/2025\\\/09\\\/Hf48b3e62b09345ad8891d9f935005e73G.jpg\",\"contentUrl\":\"https:\\\/\\\/deliangdisplay.com\\\/wp-content\\\/uploads\\\/2025\\\/09\\\/Hf48b3e62b09345ad8891d9f935005e73G.jpg\",\"width\":750,\"height\":750,\"caption\":\"High Grade Jewelry Display Tray for Window Show Gray Jewelry Display Stand Accepted Customized Jewelry Displays Set\"},{\"@type\":\"BreadcrumbList\",\"@id\":\"https:\\\/\\\/deliangdisplay.com\\\/our-product\\\/displays\\\/showcases-and-displays\\\/high-grade-jewelry-display-tray-for-window-show-gray-jewelry-display-stand-accepted-customized-jewelry-displays-set\\\/#breadcrumb\",\"itemListElement\":[{\"@type\":\"ListItem\",\"position\":1,\"name\":\"\u9996\u9875\",\"item\":\"https:\\\/\\\/deliangdisplay.com\\\/\"},{\"@type\":\"ListItem\",\"position\":2,\"name\":\"Our Product\",\"item\":\"https:\\\/\\\/deliangdisplay.com\\\/our-product\\\/\"},{\"@type\":\"ListItem\",\"position\":3,\"name\":\"High Grade Jewelry Display Tray for Window Show Gray Jewelry Display Stand Accepted Customized Jewelry Displays Set\"}]},{\"@type\":\"WebSite\",\"@id\":\"https:\\\/\\\/deliangdisplay.com\\\/#website\",\"url\":\"https:\\\/\\\/deliangdisplay.com\\\/\",\"name\":\"deliangdisplay.com\",\"description\":\"DE-LIANG - Providing bespoke packaging solutions and luxurious display design services for brands in jewelry, apparel, watches, beauty cosmetics, and more.\",\"publisher\":{\"@id\":\"https:\\\/\\\/deliangdisplay.com\\\/#organization\"},\"potentialAction\":[{\"@type\":\"SearchAction\",\"target\":{\"@type\":\"EntryPoint\",\"urlTemplate\":\"https:\\\/\\\/deliangdisplay.com\\\/?s={search_term_string}\"},\"query-input\":{\"@type\":\"PropertyValueSpecification\",\"valueRequired\":true,\"valueName\":\"search_term_string\"}}],\"inLanguage\":\"fr-FR\"},{\"@type\":\"Organization\",\"@id\":\"https:\\\/\\\/deliangdisplay.com\\\/#organization\",\"name\":\"deliangdisplay.com\",\"url\":\"https:\\\/\\\/deliangdisplay.com\\\/\",\"logo\":{\"@type\":\"ImageObject\",\"inLanguage\":\"fr-FR\",\"@id\":\"https:\\\/\\\/deliangdisplay.com\\\/#\\\/schema\\\/logo\\\/image\\\/\",\"url\":\"https:\\\/\\\/deliangdisplay.com\\\/wp-content\\\/uploads\\\/2025\\\/08\\\/DELIANGDISPALY_logo.png\",\"contentUrl\":\"https:\\\/\\\/deliangdisplay.com\\\/wp-content\\\/uploads\\\/2025\\\/08\\\/DELIANGDISPALY_logo.png\",\"width\":300,\"height\":130,\"caption\":\"deliangdisplay.com\"},\"image\":{\"@id\":\"https:\\\/\\\/deliangdisplay.com\\\/#\\\/schema\\\/logo\\\/image\\\/\"},\"sameAs\":[\"https:\\\/\\\/www.facebook.com\\\/JaneZhang008\\\/\",\"https:\\\/\\\/x.com\\\/ly673551729\"]}]}<\/script>\n<!-- \/ Yoast SEO plugin. -->","yoast_head_json":{"title":"Pr\u00e9sentoir \u00e0 bijoux de haute qualit\u00e9 pour vitrine Pr\u00e9sentoir \u00e0 bijoux gris Accept\u00e9 Ensemble de pr\u00e9sentoirs \u00e0 bijoux personnalis\u00e9s - DE-LIANG - bijoux,v\u00eatements,montres,beaut\u00e9,cosm\u00e9tique","robots":{"index":"index","follow":"follow","max-snippet":"max-snippet:-1","max-image-preview":"max-image-preview:large","max-video-preview":"max-video-preview:-1"},"canonical":"https:\/\/deliangdisplay.com\/fr\/notre-produit\/affichages\/vitrines-et-presentoirs\/presentoir-de-bijoux-de-haute-qualite-pour-vitrine-presentoir-de-bijoux-gris-accepte-presentoirs-de-bijoux-personnalises\/","og_locale":"fr_FR","og_type":"article","og_title":"High Grade Jewelry Display Tray for Window Show Gray Jewelry Display Stand Accepted Customized Jewelry Displays Set - DE-LIANG - jewelry,clothes,watch,beauty cosmetics","og_description":"High-Grade Jewelry Display Tray: premium showcase solution for jewelry. Made of eco-friendly microfiber (customizable materials), supports size\/color adjustments &amp; OEM\/ODM. Custom logos (MOQ10), packaging\/graphics (MOQ500). Lead time: 15-30 days (1-500pcs), 25-40 days (501-2000pcs). Certified (RGS, ISO9001), with raw material traceability.","og_url":"https:\/\/deliangdisplay.com\/fr\/notre-produit\/affichages\/vitrines-et-presentoirs\/presentoir-de-bijoux-de-haute-qualite-pour-vitrine-presentoir-de-bijoux-gris-accepte-presentoirs-de-bijoux-personnalises\/","og_site_name":"DE-LIANG - jewelry,clothes,watch,beauty cosmetics","article_publisher":"https:\/\/www.facebook.com\/JaneZhang008\/","article_modified_time":"2025-09-16T03:37:03+00:00","og_image":[{"width":750,"height":750,"url":"https:\/\/deliangdisplay.com\/wp-content\/uploads\/2025\/09\/Hf48b3e62b09345ad8891d9f935005e73G.jpg","type":"image\/jpeg"}],"twitter_card":"summary_large_image","twitter_site":"@ly673551729","twitter_misc":{"Dur\u00e9e de lecture estim\u00e9e":"1 minute"},"schema":{"@context":"https:\/\/schema.org","@graph":[{"@type":"WebPage","@id":"https:\/\/deliangdisplay.com\/our-product\/displays\/showcases-and-displays\/high-grade-jewelry-display-tray-for-window-show-gray-jewelry-display-stand-accepted-customized-jewelry-displays-set\/","url":"https:\/\/deliangdisplay.com\/our-product\/displays\/showcases-and-displays\/high-grade-jewelry-display-tray-for-window-show-gray-jewelry-display-stand-accepted-customized-jewelry-displays-set\/","name":"Pr\u00e9sentoir \u00e0 bijoux de haute qualit\u00e9 pour vitrine Pr\u00e9sentoir \u00e0 bijoux gris Accept\u00e9 Ensemble de pr\u00e9sentoirs \u00e0 bijoux personnalis\u00e9s - DE-LIANG - bijoux,v\u00eatements,montres,beaut\u00e9,cosm\u00e9tique","isPartOf":{"@id":"https:\/\/deliangdisplay.com\/#website"},"primaryImageOfPage":{"@id":"https:\/\/deliangdisplay.com\/our-product\/displays\/showcases-and-displays\/high-grade-jewelry-display-tray-for-window-show-gray-jewelry-display-stand-accepted-customized-jewelry-displays-set\/#primaryimage"},"image":{"@id":"https:\/\/deliangdisplay.com\/our-product\/displays\/showcases-and-displays\/high-grade-jewelry-display-tray-for-window-show-gray-jewelry-display-stand-accepted-customized-jewelry-displays-set\/#primaryimage"},"thumbnailUrl":"https:\/\/deliangdisplay.com\/wp-content\/uploads\/2025\/09\/Hf48b3e62b09345ad8891d9f935005e73G.jpg","datePublished":"2025-09-16T03:31:57+00:00","dateModified":"2025-09-16T03:37:03+00:00","breadcrumb":{"@id":"https:\/\/deliangdisplay.com\/our-product\/displays\/showcases-and-displays\/high-grade-jewelry-display-tray-for-window-show-gray-jewelry-display-stand-accepted-customized-jewelry-displays-set\/#breadcrumb"},"inLanguage":"fr-FR","potentialAction":[{"@type":"ReadAction","target":["https:\/\/deliangdisplay.com\/our-product\/displays\/showcases-and-displays\/high-grade-jewelry-display-tray-for-window-show-gray-jewelry-display-stand-accepted-customized-jewelry-displays-set\/"]}]},{"@type":"ImageObject","inLanguage":"fr-FR","@id":"https:\/\/deliangdisplay.com\/our-product\/displays\/showcases-and-displays\/high-grade-jewelry-display-tray-for-window-show-gray-jewelry-display-stand-accepted-customized-jewelry-displays-set\/#primaryimage","url":"https:\/\/deliangdisplay.com\/wp-content\/uploads\/2025\/09\/Hf48b3e62b09345ad8891d9f935005e73G.jpg","contentUrl":"https:\/\/deliangdisplay.com\/wp-content\/uploads\/2025\/09\/Hf48b3e62b09345ad8891d9f935005e73G.jpg","width":750,"height":750,"caption":"High Grade Jewelry Display Tray for Window Show Gray Jewelry Display Stand Accepted Customized Jewelry Displays Set"},{"@type":"BreadcrumbList","@id":"https:\/\/deliangdisplay.com\/our-product\/displays\/showcases-and-displays\/high-grade-jewelry-display-tray-for-window-show-gray-jewelry-display-stand-accepted-customized-jewelry-displays-set\/#breadcrumb","itemListElement":[{"@type":"ListItem","position":1,"name":"\u9996\u9875","item":"https:\/\/deliangdisplay.com\/"},{"@type":"ListItem","position":2,"name":"Our Product","item":"https:\/\/deliangdisplay.com\/our-product\/"},{"@type":"ListItem","position":3,"name":"High Grade Jewelry Display Tray for Window Show Gray Jewelry Display Stand Accepted Customized Jewelry Displays Set"}]},{"@type":"WebSite","@id":"https:\/\/deliangdisplay.com\/#website","url":"https:\/\/deliangdisplay.com\/","name":"deliangdisplay.com","description":"DE-LIANG - Fournit des solutions d'emballage sur mesure et des services de conception de pr\u00e9sentoirs luxueux pour les marques de bijoux, de v\u00eatements, de montres, de produits de beaut\u00e9 et de cosm\u00e9tiques, et plus encore.","publisher":{"@id":"https:\/\/deliangdisplay.com\/#organization"},"potentialAction":[{"@type":"SearchAction","target":{"@type":"EntryPoint","urlTemplate":"https:\/\/deliangdisplay.com\/?s={search_term_string}"},"query-input":{"@type":"PropertyValueSpecification","valueRequired":true,"valueName":"search_term_string"}}],"inLanguage":"fr-FR"},{"@type":"Organization","@id":"https:\/\/deliangdisplay.com\/#organization","name":"deliangdisplay.com","url":"https:\/\/deliangdisplay.com\/","logo":{"@type":"ImageObject","inLanguage":"fr-FR","@id":"https:\/\/deliangdisplay.com\/#\/schema\/logo\/image\/","url":"https:\/\/deliangdisplay.com\/wp-content\/uploads\/2025\/08\/DELIANGDISPALY_logo.png","contentUrl":"https:\/\/deliangdisplay.com\/wp-content\/uploads\/2025\/08\/DELIANGDISPALY_logo.png","width":300,"height":130,"caption":"deliangdisplay.com"},"image":{"@id":"https:\/\/deliangdisplay.com\/#\/schema\/logo\/image\/"},"sameAs":["https:\/\/www.facebook.com\/JaneZhang008\/","https:\/\/x.com\/ly673551729"]}]}},"_links":{"self":[{"href":"https:\/\/deliangdisplay.com\/fr\/wp-json\/wp\/v2\/product\/43020","targetHints":{"allow":["GET"]}}],"collection":[{"href":"https:\/\/deliangdisplay.com\/fr\/wp-json\/wp\/v2\/product"}],"about":[{"href":"https:\/\/deliangdisplay.com\/fr\/wp-json\/wp\/v2\/types\/product"}],"replies":[{"embeddable":true,"href":"https:\/\/deliangdisplay.com\/fr\/wp-json\/wp\/v2\/comments?post=43020"}],"wp:featuredmedia":[{"embeddable":true,"href":"https:\/\/deliangdisplay.com\/fr\/wp-json\/wp\/v2\/media\/43026"}],"wp:attachment":[{"href":"https:\/\/deliangdisplay.com\/fr\/wp-json\/wp\/v2\/media?parent=43020"}],"wp:term":[{"taxonomy":"product_brand","embeddable":true,"href":"https:\/\/deliangdisplay.com\/fr\/wp-json\/wp\/v2\/product_brand?post=43020"},{"taxonomy":"product_cat","embeddable":true,"href":"https:\/\/deliangdisplay.com\/fr\/wp-json\/wp\/v2\/product_cat?post=43020"},{"taxonomy":"product_tag","embeddable":true,"href":"https:\/\/deliangdisplay.com\/fr\/wp-json\/wp\/v2\/product_tag?post=43020"}],"curies":[{"name":"wp","href":"https:\/\/api.w.org\/{rel}","templated":true}]}}