{"id":43010,"date":"2025-09-15T12:13:54","date_gmt":"2025-09-15T04:13:54","guid":{"rendered":"https:\/\/deliangdisplay.com\/?post_type=product&#038;p=43010"},"modified":"2025-09-16T11:17:27","modified_gmt":"2025-09-16T03:17:27","slug":"set-de-presentation-de-bijoux-en-microfibre-set-de-presentation-de-bijoux-de-luxe-pour-vitrine-accessoires","status":"publish","type":"product","link":"https:\/\/deliangdisplay.com\/fr\/notre-produit\/affichages\/vitrines-et-presentoirs\/set-de-presentation-de-bijoux-en-microfibre-set-de-presentation-de-bijoux-de-luxe-pour-vitrine-accessoires\/","title":{"rendered":"Pr\u00e9sentoir \u00e0 bijoux en microfibre Pr\u00e9sentoir \u00e0 bijoux de luxe pour vitrine Props"},"content":{"rendered":"<h3>DE-LIANG Pr\u00e9sentoir \u00e0 bijoux en microfibre<\/h3>\n<div>Une solution de pr\u00e9sentation de luxe con\u00e7ue pour les vitrines, id\u00e9ale pour pr\u00e9senter les bijoux avec \u00e9l\u00e9gance et sophistication.<\/div>\n<h4>Caract\u00e9ristiques principales<\/h4>\n<ul>\n<li><strong>Mat\u00e9riaux et conception<\/strong>: Fabriqu\u00e9 en microfibre de haute qualit\u00e9, avec une couleur beige \u00e9l\u00e9gante et des formes personnalisables. Disponible en diff\u00e9rentes tailles (par exemple, 10,8\u00d710,8\u00d74,3 cm, 26,7\u00d77,8\u00d72,7 cm) pour s'adapter \u00e0 diff\u00e9rents types de bijoux.<\/li>\n<li><strong>Fonction<\/strong>: Parfait pour le stockage et la pr\u00e9sentation des bijoux dans les magasins de d\u00e9tail, am\u00e9liorant la visibilit\u00e9 et l'attrait des produits.<\/li>\n<\/ul>\n<h4>Personnalisation et d\u00e9tails de la commande<\/h4>\n<ul>\n<li>Permet de personnaliser l'emballage, les logos et les graphiques (minimum 100 pi\u00e8ces pour chacun).<\/li>\n<li><strong>MOQ<\/strong>: 5 pi\u00e8ces.<\/li>\n<li><strong>D\u00e9lai d'ex\u00e9cution<\/strong>: 5-15 jours (1-100 pi\u00e8ces) ; 7-20 jours (101-500 pi\u00e8ces) ; n\u00e9gociable pour les commandes de plus de 500 pi\u00e8ces.<\/li>\n<\/ul>","protected":false},"excerpt":{"rendered":"<p>Pr\u00e9sentoir \u00e0 bijoux en microfibre DE-LIANG : accessoires de luxe en microfibre beige. Diff\u00e9rentes tailles (par exemple, 10,8\u00d710,8\u00d74,3 cm). Emballage\/logo\/graphiques personnalisables.  D\u00e9lai de livraison 5-30 jours (1-500). Exportation vers les \u00c9tats-Unis, le Canada et le Mexique. certifi\u00e9.<\/p>","protected":false},"featured_media":43017,"comment_status":"open","ping_status":"closed","template":"","meta":{"_acf_changed":false},"product_brand":[],"product_cat":[48],"product_tag":[],"class_list":{"0":"post-43010","1":"product","2":"type-product","3":"status-publish","4":"has-post-thumbnail","6":"product_cat-showcases-and-displays","8":"first","9":"instock","10":"shipping-taxable","11":"purchasable","12":"product-type-simple"},"acf":[],"yoast_head":"<!-- This site is optimized with the Yoast SEO plugin v27.4 - https:\/\/yoast.com\/product\/yoast-seo-wordpress\/ -->\n<title>Microfiber Jewelry Display Set Luxury Jewellery Display Stands Sets for Window showcase Props - DE-LIANG - jewelry,clothes,watch,beauty cosmetics<\/title>\n<meta name=\"robots\" content=\"index, follow, max-snippet:-1, max-image-preview:large, max-video-preview:-1\" \/>\n<link rel=\"canonical\" href=\"https:\/\/deliangdisplay.com\/fr\/notre-produit\/affichages\/vitrines-et-presentoirs\/set-de-presentation-de-bijoux-en-microfibre-set-de-presentation-de-bijoux-de-luxe-pour-vitrine-accessoires\/\" \/>\n<meta property=\"og:locale\" content=\"fr_FR\" \/>\n<meta property=\"og:type\" content=\"article\" \/>\n<meta property=\"og:title\" content=\"Microfiber Jewelry Display Set Luxury Jewellery Display Stands Sets for Window showcase Props - DE-LIANG - jewelry,clothes,watch,beauty cosmetics\" \/>\n<meta property=\"og:description\" content=\"DE-LIANG Microfiber Jewelry Display Set: luxury showcase props in beige microfiber. Various sizes (e.g., 10.8\u00d710.8\u00d74.3cm). Customizable packaging\/logo\/graphics.\u00a0 Lead time 5-30 days (1-500). Exports to US\/Canada\/Mexico. certified.\" \/>\n<meta property=\"og:url\" content=\"https:\/\/deliangdisplay.com\/fr\/notre-produit\/affichages\/vitrines-et-presentoirs\/set-de-presentation-de-bijoux-en-microfibre-set-de-presentation-de-bijoux-de-luxe-pour-vitrine-accessoires\/\" \/>\n<meta property=\"og:site_name\" content=\"DE-LIANG - jewelry,clothes,watch,beauty cosmetics\" \/>\n<meta property=\"article:publisher\" content=\"https:\/\/www.facebook.com\/JaneZhang008\/\" \/>\n<meta property=\"article:modified_time\" content=\"2025-09-16T03:17:27+00:00\" \/>\n<meta property=\"og:image\" content=\"https:\/\/deliangdisplay.com\/wp-content\/uploads\/2025\/09\/4441.jpg\" \/>\n\t<meta property=\"og:image:width\" content=\"1000\" \/>\n\t<meta property=\"og:image:height\" content=\"1000\" \/>\n\t<meta property=\"og:image:type\" content=\"image\/jpeg\" \/>\n<meta name=\"twitter:card\" content=\"summary_large_image\" \/>\n<meta name=\"twitter:site\" content=\"@ly673551729\" \/>\n<meta name=\"twitter:label1\" content=\"Dur\u00e9e de lecture estim\u00e9e\" \/>\n\t<meta name=\"twitter:data1\" content=\"1 minute\" \/>\n<script type=\"application\/ld+json\" class=\"yoast-schema-graph\">{\"@context\":\"https:\\\/\\\/schema.org\",\"@graph\":[{\"@type\":\"WebPage\",\"@id\":\"https:\\\/\\\/deliangdisplay.com\\\/our-product\\\/displays\\\/showcases-and-displays\\\/microfiber-jewelry-display-set-luxury-jewellery-display-stands-sets-for-window-showcase-props\\\/\",\"url\":\"https:\\\/\\\/deliangdisplay.com\\\/our-product\\\/displays\\\/showcases-and-displays\\\/microfiber-jewelry-display-set-luxury-jewellery-display-stands-sets-for-window-showcase-props\\\/\",\"name\":\"Microfiber Jewelry Display Set Luxury Jewellery Display Stands Sets for Window showcase Props - DE-LIANG - jewelry,clothes,watch,beauty cosmetics\",\"isPartOf\":{\"@id\":\"https:\\\/\\\/deliangdisplay.com\\\/#website\"},\"primaryImageOfPage\":{\"@id\":\"https:\\\/\\\/deliangdisplay.com\\\/our-product\\\/displays\\\/showcases-and-displays\\\/microfiber-jewelry-display-set-luxury-jewellery-display-stands-sets-for-window-showcase-props\\\/#primaryimage\"},\"image\":{\"@id\":\"https:\\\/\\\/deliangdisplay.com\\\/our-product\\\/displays\\\/showcases-and-displays\\\/microfiber-jewelry-display-set-luxury-jewellery-display-stands-sets-for-window-showcase-props\\\/#primaryimage\"},\"thumbnailUrl\":\"https:\\\/\\\/deliangdisplay.com\\\/wp-content\\\/uploads\\\/2025\\\/09\\\/4441.jpg\",\"datePublished\":\"2025-09-15T04:13:54+00:00\",\"dateModified\":\"2025-09-16T03:17:27+00:00\",\"breadcrumb\":{\"@id\":\"https:\\\/\\\/deliangdisplay.com\\\/our-product\\\/displays\\\/showcases-and-displays\\\/microfiber-jewelry-display-set-luxury-jewellery-display-stands-sets-for-window-showcase-props\\\/#breadcrumb\"},\"inLanguage\":\"fr-FR\",\"potentialAction\":[{\"@type\":\"ReadAction\",\"target\":[\"https:\\\/\\\/deliangdisplay.com\\\/our-product\\\/displays\\\/showcases-and-displays\\\/microfiber-jewelry-display-set-luxury-jewellery-display-stands-sets-for-window-showcase-props\\\/\"]}]},{\"@type\":\"ImageObject\",\"inLanguage\":\"fr-FR\",\"@id\":\"https:\\\/\\\/deliangdisplay.com\\\/our-product\\\/displays\\\/showcases-and-displays\\\/microfiber-jewelry-display-set-luxury-jewellery-display-stands-sets-for-window-showcase-props\\\/#primaryimage\",\"url\":\"https:\\\/\\\/deliangdisplay.com\\\/wp-content\\\/uploads\\\/2025\\\/09\\\/4441.jpg\",\"contentUrl\":\"https:\\\/\\\/deliangdisplay.com\\\/wp-content\\\/uploads\\\/2025\\\/09\\\/4441.jpg\",\"width\":1000,\"height\":1000},{\"@type\":\"BreadcrumbList\",\"@id\":\"https:\\\/\\\/deliangdisplay.com\\\/our-product\\\/displays\\\/showcases-and-displays\\\/microfiber-jewelry-display-set-luxury-jewellery-display-stands-sets-for-window-showcase-props\\\/#breadcrumb\",\"itemListElement\":[{\"@type\":\"ListItem\",\"position\":1,\"name\":\"\u9996\u9875\",\"item\":\"https:\\\/\\\/deliangdisplay.com\\\/\"},{\"@type\":\"ListItem\",\"position\":2,\"name\":\"Our Product\",\"item\":\"https:\\\/\\\/deliangdisplay.com\\\/our-product\\\/\"},{\"@type\":\"ListItem\",\"position\":3,\"name\":\"Microfiber Jewelry Display Set Luxury Jewellery Display Stands Sets for Window showcase Props\"}]},{\"@type\":\"WebSite\",\"@id\":\"https:\\\/\\\/deliangdisplay.com\\\/#website\",\"url\":\"https:\\\/\\\/deliangdisplay.com\\\/\",\"name\":\"deliangdisplay.com\",\"description\":\"DE-LIANG - Providing bespoke packaging solutions and luxurious display design services for brands in jewelry, apparel, watches, beauty cosmetics, and more.\",\"publisher\":{\"@id\":\"https:\\\/\\\/deliangdisplay.com\\\/#organization\"},\"potentialAction\":[{\"@type\":\"SearchAction\",\"target\":{\"@type\":\"EntryPoint\",\"urlTemplate\":\"https:\\\/\\\/deliangdisplay.com\\\/?s={search_term_string}\"},\"query-input\":{\"@type\":\"PropertyValueSpecification\",\"valueRequired\":true,\"valueName\":\"search_term_string\"}}],\"inLanguage\":\"fr-FR\"},{\"@type\":\"Organization\",\"@id\":\"https:\\\/\\\/deliangdisplay.com\\\/#organization\",\"name\":\"deliangdisplay.com\",\"url\":\"https:\\\/\\\/deliangdisplay.com\\\/\",\"logo\":{\"@type\":\"ImageObject\",\"inLanguage\":\"fr-FR\",\"@id\":\"https:\\\/\\\/deliangdisplay.com\\\/#\\\/schema\\\/logo\\\/image\\\/\",\"url\":\"https:\\\/\\\/deliangdisplay.com\\\/wp-content\\\/uploads\\\/2025\\\/08\\\/DELIANGDISPALY_logo.png\",\"contentUrl\":\"https:\\\/\\\/deliangdisplay.com\\\/wp-content\\\/uploads\\\/2025\\\/08\\\/DELIANGDISPALY_logo.png\",\"width\":300,\"height\":130,\"caption\":\"deliangdisplay.com\"},\"image\":{\"@id\":\"https:\\\/\\\/deliangdisplay.com\\\/#\\\/schema\\\/logo\\\/image\\\/\"},\"sameAs\":[\"https:\\\/\\\/www.facebook.com\\\/JaneZhang008\\\/\",\"https:\\\/\\\/x.com\\\/ly673551729\"]}]}<\/script>\n<!-- \/ Yoast SEO plugin. -->","yoast_head_json":{"title":"Pr\u00e9sentoir \u00e0 bijoux en microfibre Pr\u00e9sentoir \u00e0 bijoux de luxe pour vitrine - DE-LIANG - bijoux,v\u00eatements,montres,beaut\u00e9,cosm\u00e9tique","robots":{"index":"index","follow":"follow","max-snippet":"max-snippet:-1","max-image-preview":"max-image-preview:large","max-video-preview":"max-video-preview:-1"},"canonical":"https:\/\/deliangdisplay.com\/fr\/notre-produit\/affichages\/vitrines-et-presentoirs\/set-de-presentation-de-bijoux-en-microfibre-set-de-presentation-de-bijoux-de-luxe-pour-vitrine-accessoires\/","og_locale":"fr_FR","og_type":"article","og_title":"Microfiber Jewelry Display Set Luxury Jewellery Display Stands Sets for Window showcase Props - DE-LIANG - jewelry,clothes,watch,beauty cosmetics","og_description":"DE-LIANG Microfiber Jewelry Display Set: luxury showcase props in beige microfiber. Various sizes (e.g., 10.8\u00d710.8\u00d74.3cm). Customizable packaging\/logo\/graphics.\u00a0 Lead time 5-30 days (1-500). Exports to US\/Canada\/Mexico. certified.","og_url":"https:\/\/deliangdisplay.com\/fr\/notre-produit\/affichages\/vitrines-et-presentoirs\/set-de-presentation-de-bijoux-en-microfibre-set-de-presentation-de-bijoux-de-luxe-pour-vitrine-accessoires\/","og_site_name":"DE-LIANG - jewelry,clothes,watch,beauty cosmetics","article_publisher":"https:\/\/www.facebook.com\/JaneZhang008\/","article_modified_time":"2025-09-16T03:17:27+00:00","og_image":[{"width":1000,"height":1000,"url":"https:\/\/deliangdisplay.com\/wp-content\/uploads\/2025\/09\/4441.jpg","type":"image\/jpeg"}],"twitter_card":"summary_large_image","twitter_site":"@ly673551729","twitter_misc":{"Dur\u00e9e de lecture estim\u00e9e":"1 minute"},"schema":{"@context":"https:\/\/schema.org","@graph":[{"@type":"WebPage","@id":"https:\/\/deliangdisplay.com\/our-product\/displays\/showcases-and-displays\/microfiber-jewelry-display-set-luxury-jewellery-display-stands-sets-for-window-showcase-props\/","url":"https:\/\/deliangdisplay.com\/our-product\/displays\/showcases-and-displays\/microfiber-jewelry-display-set-luxury-jewellery-display-stands-sets-for-window-showcase-props\/","name":"Pr\u00e9sentoir \u00e0 bijoux en microfibre Pr\u00e9sentoir \u00e0 bijoux de luxe pour vitrine - DE-LIANG - bijoux,v\u00eatements,montres,beaut\u00e9,cosm\u00e9tique","isPartOf":{"@id":"https:\/\/deliangdisplay.com\/#website"},"primaryImageOfPage":{"@id":"https:\/\/deliangdisplay.com\/our-product\/displays\/showcases-and-displays\/microfiber-jewelry-display-set-luxury-jewellery-display-stands-sets-for-window-showcase-props\/#primaryimage"},"image":{"@id":"https:\/\/deliangdisplay.com\/our-product\/displays\/showcases-and-displays\/microfiber-jewelry-display-set-luxury-jewellery-display-stands-sets-for-window-showcase-props\/#primaryimage"},"thumbnailUrl":"https:\/\/deliangdisplay.com\/wp-content\/uploads\/2025\/09\/4441.jpg","datePublished":"2025-09-15T04:13:54+00:00","dateModified":"2025-09-16T03:17:27+00:00","breadcrumb":{"@id":"https:\/\/deliangdisplay.com\/our-product\/displays\/showcases-and-displays\/microfiber-jewelry-display-set-luxury-jewellery-display-stands-sets-for-window-showcase-props\/#breadcrumb"},"inLanguage":"fr-FR","potentialAction":[{"@type":"ReadAction","target":["https:\/\/deliangdisplay.com\/our-product\/displays\/showcases-and-displays\/microfiber-jewelry-display-set-luxury-jewellery-display-stands-sets-for-window-showcase-props\/"]}]},{"@type":"ImageObject","inLanguage":"fr-FR","@id":"https:\/\/deliangdisplay.com\/our-product\/displays\/showcases-and-displays\/microfiber-jewelry-display-set-luxury-jewellery-display-stands-sets-for-window-showcase-props\/#primaryimage","url":"https:\/\/deliangdisplay.com\/wp-content\/uploads\/2025\/09\/4441.jpg","contentUrl":"https:\/\/deliangdisplay.com\/wp-content\/uploads\/2025\/09\/4441.jpg","width":1000,"height":1000},{"@type":"BreadcrumbList","@id":"https:\/\/deliangdisplay.com\/our-product\/displays\/showcases-and-displays\/microfiber-jewelry-display-set-luxury-jewellery-display-stands-sets-for-window-showcase-props\/#breadcrumb","itemListElement":[{"@type":"ListItem","position":1,"name":"\u9996\u9875","item":"https:\/\/deliangdisplay.com\/"},{"@type":"ListItem","position":2,"name":"Our Product","item":"https:\/\/deliangdisplay.com\/our-product\/"},{"@type":"ListItem","position":3,"name":"Microfiber Jewelry Display Set Luxury Jewellery Display Stands Sets for Window showcase Props"}]},{"@type":"WebSite","@id":"https:\/\/deliangdisplay.com\/#website","url":"https:\/\/deliangdisplay.com\/","name":"deliangdisplay.com","description":"DE-LIANG - Fournit des solutions d'emballage sur mesure et des services de conception de pr\u00e9sentoirs luxueux pour les marques de bijoux, de v\u00eatements, de montres, de produits de beaut\u00e9 et de cosm\u00e9tiques, et plus encore.","publisher":{"@id":"https:\/\/deliangdisplay.com\/#organization"},"potentialAction":[{"@type":"SearchAction","target":{"@type":"EntryPoint","urlTemplate":"https:\/\/deliangdisplay.com\/?s={search_term_string}"},"query-input":{"@type":"PropertyValueSpecification","valueRequired":true,"valueName":"search_term_string"}}],"inLanguage":"fr-FR"},{"@type":"Organization","@id":"https:\/\/deliangdisplay.com\/#organization","name":"deliangdisplay.com","url":"https:\/\/deliangdisplay.com\/","logo":{"@type":"ImageObject","inLanguage":"fr-FR","@id":"https:\/\/deliangdisplay.com\/#\/schema\/logo\/image\/","url":"https:\/\/deliangdisplay.com\/wp-content\/uploads\/2025\/08\/DELIANGDISPALY_logo.png","contentUrl":"https:\/\/deliangdisplay.com\/wp-content\/uploads\/2025\/08\/DELIANGDISPALY_logo.png","width":300,"height":130,"caption":"deliangdisplay.com"},"image":{"@id":"https:\/\/deliangdisplay.com\/#\/schema\/logo\/image\/"},"sameAs":["https:\/\/www.facebook.com\/JaneZhang008\/","https:\/\/x.com\/ly673551729"]}]}},"_links":{"self":[{"href":"https:\/\/deliangdisplay.com\/fr\/wp-json\/wp\/v2\/product\/43010","targetHints":{"allow":["GET"]}}],"collection":[{"href":"https:\/\/deliangdisplay.com\/fr\/wp-json\/wp\/v2\/product"}],"about":[{"href":"https:\/\/deliangdisplay.com\/fr\/wp-json\/wp\/v2\/types\/product"}],"replies":[{"embeddable":true,"href":"https:\/\/deliangdisplay.com\/fr\/wp-json\/wp\/v2\/comments?post=43010"}],"wp:featuredmedia":[{"embeddable":true,"href":"https:\/\/deliangdisplay.com\/fr\/wp-json\/wp\/v2\/media\/43017"}],"wp:attachment":[{"href":"https:\/\/deliangdisplay.com\/fr\/wp-json\/wp\/v2\/media?parent=43010"}],"wp:term":[{"taxonomy":"product_brand","embeddable":true,"href":"https:\/\/deliangdisplay.com\/fr\/wp-json\/wp\/v2\/product_brand?post=43010"},{"taxonomy":"product_cat","embeddable":true,"href":"https:\/\/deliangdisplay.com\/fr\/wp-json\/wp\/v2\/product_cat?post=43010"},{"taxonomy":"product_tag","embeddable":true,"href":"https:\/\/deliangdisplay.com\/fr\/wp-json\/wp\/v2\/product_tag?post=43010"}],"curies":[{"name":"wp","href":"https:\/\/api.w.org\/{rel}","templated":true}]}}