{"id":42816,"date":"2025-09-01T10:53:17","date_gmt":"2025-09-01T02:53:17","guid":{"rendered":"https:\/\/deliangdisplay.com\/?post_type=product&#038;p=42816"},"modified":"2025-10-09T08:53:42","modified_gmt":"2025-10-09T00:53:42","slug":"presentoir-a-bijoux-en-microfibre-haut-de-gamme-pour-collier-montre-boucles-doreilles-vitrine-decoration-murale-vitrine","status":"publish","type":"product","link":"https:\/\/deliangdisplay.com\/fr\/notre-produit\/accessoires\/formes-de-cou\/presentoir-a-bijoux-en-microfibre-haut-de-gamme-pour-collier-montre-boucles-doreilles-vitrine-decoration-murale-vitrine\/","title":{"rendered":"Pr\u00e9sentoir \u00e0 bijoux en microfibre pour collier, montre, boucles d'oreilles, vitrine, d\u00e9coration murale, ornement de vitrine"},"content":{"rendered":"<h3 data-start=\"149\" data-end=\"196\">Pr\u00e9sentoir \u00e0 bijoux haut de gamme en microfibre<\/h3>\n<p data-start=\"198\" data-end=\"476\">Ce pr\u00e9sentoir carr\u00e9 raffin\u00e9 est dot\u00e9 d'une structure en bois robuste et d'une surface en microfibre de velours de premi\u00e8re qualit\u00e9. Doux au toucher et d'aspect luxueux, il est id\u00e9al pour pr\u00e9senter des colliers, des montres, des boucles d'oreilles et d'autres pi\u00e8ces de joaillerie, afin de rehausser la pr\u00e9sentation de votre marque.<\/p>\n<h4 data-start=\"478\" data-end=\"497\">Caract\u00e9ristiques principales<\/h4>\n<ul data-start=\"498\" data-end=\"906\">\n<li data-start=\"498\" data-end=\"601\">\n<p data-start=\"500\" data-end=\"601\"><strong data-start=\"500\" data-end=\"521\">Mat\u00e9riaux de premi\u00e8re qualit\u00e9<\/strong>: Base en bois durable envelopp\u00e9e d'une microfibre de velours douce pour une finition \u00e9l\u00e9gante.<\/p>\n<\/li>\n<li data-start=\"602\" data-end=\"697\">\n<p data-start=\"604\" data-end=\"697\"><strong data-start=\"604\" data-end=\"621\">Vari\u00e9t\u00e9 de couleurs<\/strong>: Disponible en rouge, rose, vert, noir et plus encore pour s'adapter \u00e0 tous les styles de marque.<\/p>\n<\/li>\n<li data-start=\"698\" data-end=\"792\">\n<p data-start=\"700\" data-end=\"792\"><strong data-start=\"700\" data-end=\"721\">Design minimaliste<\/strong>: Forme carr\u00e9e \u00e9pur\u00e9e avec des imprim\u00e9s subtils pour un look moderne et polyvalent.<\/p>\n<\/li>\n<li data-start=\"793\" data-end=\"906\">\n<p data-start=\"795\" data-end=\"906\"><strong data-start=\"795\" data-end=\"814\">Taille flexible<\/strong>: Dimensions personnalisables pour s'adapter aux vitrines, aux fen\u00eatres, aux magasins de d\u00e9tail ou aux installations photographiques.<\/p>\n<\/li>\n<\/ul>\n<h4 data-start=\"908\" data-end=\"928\">Personnalisation<\/h4>\n<ul data-start=\"929\" data-end=\"1103\">\n<li data-start=\"929\" data-end=\"1018\">\n<p data-start=\"931\" data-end=\"1018\"><strong data-start=\"931\" data-end=\"950\">Service OEM\/ODM<\/strong>: Ajoutez le logo de votre marque et adaptez l'affichage \u00e0 votre style unique.<\/p>\n<\/li>\n<li data-start=\"1019\" data-end=\"1103\">\n<p data-start=\"1021\" data-end=\"1103\"><strong data-start=\"1021\" data-end=\"1032\">Faible MOQ<\/strong>: A partir de 50 pi\u00e8ces seulement, id\u00e9al pour les petites commandes et les commandes en gros.<\/p>\n<\/li>\n<\/ul>\n<h4 data-start=\"1105\" data-end=\"1132\">Emballage et livraison<\/h4>\n<ul data-start=\"1133\" data-end=\"1287\">\n<li data-start=\"1133\" data-end=\"1197\">\n<p data-start=\"1135\" data-end=\"1197\">Taille de l'emballage : 10 \u00d7 10 \u00d7 10 cm \/ Poids brut environ 3 kg.<\/p>\n<\/li>\n<li data-start=\"1198\" data-end=\"1224\">\n<p data-start=\"1200\" data-end=\"1224\">Commande minimale : 50 pi\u00e8ces.<\/p>\n<\/li>\n<li data-start=\"1225\" data-end=\"1287\">\n<p data-start=\"1227\" data-end=\"1287\">D\u00e9lai de livraison : Environ 15 jours, flexible pour des quantit\u00e9s plus importantes.<\/p>\n<\/li>\n<\/ul>\n<h4 data-start=\"1289\" data-end=\"1313\">Garantie de service<\/h4>\n<ul data-start=\"1314\" data-end=\"1559\">\n<li data-start=\"1314\" data-end=\"1369\">\n<p data-start=\"1316\" data-end=\"1369\"><strong data-start=\"1316\" data-end=\"1334\">Paiement s\u00e9curis\u00e9<\/strong>: Protection totale de votre commande.<\/p>\n<\/li>\n<li data-start=\"1370\" data-end=\"1459\">\n<p data-start=\"1372\" data-end=\"1459\"><strong data-start=\"1372\" data-end=\"1401\">Retour et remplacement faciles<\/strong>: Indemnisation en cas de dommages et retours sans probl\u00e8me.<\/p>\n<\/li>\n<li data-start=\"1460\" data-end=\"1559\">\n<p data-start=\"1462\" data-end=\"1559\"><strong data-start=\"1462\" data-end=\"1483\">Assurance qualit\u00e9<\/strong>: Des normes de fabrication strictes garantissent une pr\u00e9sentation de qualit\u00e9 \u00e0 chaque fois.<\/p>\n<\/li>\n<\/ul>","protected":false},"excerpt":{"rendered":"<p>Pr\u00e9sentoir \u00e0 bijoux haut de gamme en microfibre avec base en bois et finition en velours. Design carr\u00e9 \u00e9l\u00e9gant, disponible en plusieurs couleurs. Id\u00e9al pour les colliers, les montres et les boucles d'oreilles. Supports OEM\/ODM, faible MOQ, livraison s\u00e9curis\u00e9e et garantie de qualit\u00e9.<\/p>","protected":false},"featured_media":42818,"comment_status":"open","ping_status":"closed","template":"","meta":{"_acf_changed":false},"product_brand":[],"product_cat":[69],"product_tag":[],"class_list":{"0":"post-42816","1":"product","2":"type-product","3":"status-publish","4":"has-post-thumbnail","6":"product_cat-neck-forms","8":"first","9":"instock","10":"shipping-taxable","11":"purchasable","12":"product-type-simple"},"acf":[],"yoast_head":"<!-- This site is optimized with the Yoast SEO plugin v27.4 - https:\/\/yoast.com\/product\/yoast-seo-wordpress\/ -->\n<title>High-End Microfiber Jewelry Display Stand Counter Props for Necklace Watch Earrings Showcase Window Wall Decoration Ornament - DE-LIANG - jewelry,clothes,watch,beauty cosmetics<\/title>\n<meta name=\"robots\" content=\"index, follow, max-snippet:-1, max-image-preview:large, max-video-preview:-1\" \/>\n<link rel=\"canonical\" href=\"https:\/\/deliangdisplay.com\/fr\/notre-produit\/accessoires\/formes-de-cou\/presentoir-a-bijoux-en-microfibre-haut-de-gamme-pour-collier-montre-boucles-doreilles-vitrine-decoration-murale-vitrine\/\" \/>\n<meta property=\"og:locale\" content=\"fr_FR\" \/>\n<meta property=\"og:type\" content=\"article\" \/>\n<meta property=\"og:title\" content=\"High-End Microfiber Jewelry Display Stand Counter Props for Necklace Watch Earrings Showcase Window Wall Decoration Ornament - DE-LIANG - jewelry,clothes,watch,beauty cosmetics\" \/>\n<meta property=\"og:description\" content=\"High-end microfiber jewelry display stand with wooden base and velvet finish. Elegant square design, available in multiple colors. Ideal for necklaces, watches, and earrings. Supports OEM\/ODM, low MOQ, secure delivery, and quality guarantee.\" \/>\n<meta property=\"og:url\" content=\"https:\/\/deliangdisplay.com\/fr\/notre-produit\/accessoires\/formes-de-cou\/presentoir-a-bijoux-en-microfibre-haut-de-gamme-pour-collier-montre-boucles-doreilles-vitrine-decoration-murale-vitrine\/\" \/>\n<meta property=\"og:site_name\" content=\"DE-LIANG - jewelry,clothes,watch,beauty cosmetics\" \/>\n<meta property=\"article:publisher\" content=\"https:\/\/www.facebook.com\/JaneZhang008\/\" \/>\n<meta property=\"article:modified_time\" content=\"2025-10-09T00:53:42+00:00\" \/>\n<meta property=\"og:image\" content=\"https:\/\/deliangdisplay.com\/wp-content\/uploads\/2025\/09\/1-1.jpg\" \/>\n\t<meta property=\"og:image:width\" content=\"1000\" \/>\n\t<meta property=\"og:image:height\" content=\"1000\" \/>\n\t<meta property=\"og:image:type\" content=\"image\/jpeg\" \/>\n<meta name=\"twitter:card\" content=\"summary_large_image\" \/>\n<meta name=\"twitter:site\" content=\"@ly673551729\" \/>\n<meta name=\"twitter:label1\" content=\"Dur\u00e9e de lecture estim\u00e9e\" \/>\n\t<meta name=\"twitter:data1\" content=\"2 minutes\" \/>\n<script type=\"application\/ld+json\" class=\"yoast-schema-graph\">{\"@context\":\"https:\\\/\\\/schema.org\",\"@graph\":[{\"@type\":\"WebPage\",\"@id\":\"https:\\\/\\\/deliangdisplay.com\\\/our-product\\\/accessories\\\/neck-forms\\\/high-end-microfiber-jewelry-display-stand-counter-props-for-necklace-watch-earrings-showcase-window-wall-decoration-ornament\\\/\",\"url\":\"https:\\\/\\\/deliangdisplay.com\\\/our-product\\\/accessories\\\/neck-forms\\\/high-end-microfiber-jewelry-display-stand-counter-props-for-necklace-watch-earrings-showcase-window-wall-decoration-ornament\\\/\",\"name\":\"High-End Microfiber Jewelry Display Stand Counter Props for Necklace Watch Earrings Showcase Window Wall Decoration Ornament - DE-LIANG - jewelry,clothes,watch,beauty cosmetics\",\"isPartOf\":{\"@id\":\"https:\\\/\\\/deliangdisplay.com\\\/#website\"},\"primaryImageOfPage\":{\"@id\":\"https:\\\/\\\/deliangdisplay.com\\\/our-product\\\/accessories\\\/neck-forms\\\/high-end-microfiber-jewelry-display-stand-counter-props-for-necklace-watch-earrings-showcase-window-wall-decoration-ornament\\\/#primaryimage\"},\"image\":{\"@id\":\"https:\\\/\\\/deliangdisplay.com\\\/our-product\\\/accessories\\\/neck-forms\\\/high-end-microfiber-jewelry-display-stand-counter-props-for-necklace-watch-earrings-showcase-window-wall-decoration-ornament\\\/#primaryimage\"},\"thumbnailUrl\":\"https:\\\/\\\/deliangdisplay.com\\\/wp-content\\\/uploads\\\/2025\\\/09\\\/1-1.jpg\",\"datePublished\":\"2025-09-01T02:53:17+00:00\",\"dateModified\":\"2025-10-09T00:53:42+00:00\",\"breadcrumb\":{\"@id\":\"https:\\\/\\\/deliangdisplay.com\\\/our-product\\\/accessories\\\/neck-forms\\\/high-end-microfiber-jewelry-display-stand-counter-props-for-necklace-watch-earrings-showcase-window-wall-decoration-ornament\\\/#breadcrumb\"},\"inLanguage\":\"fr-FR\",\"potentialAction\":[{\"@type\":\"ReadAction\",\"target\":[\"https:\\\/\\\/deliangdisplay.com\\\/our-product\\\/accessories\\\/neck-forms\\\/high-end-microfiber-jewelry-display-stand-counter-props-for-necklace-watch-earrings-showcase-window-wall-decoration-ornament\\\/\"]}]},{\"@type\":\"ImageObject\",\"inLanguage\":\"fr-FR\",\"@id\":\"https:\\\/\\\/deliangdisplay.com\\\/our-product\\\/accessories\\\/neck-forms\\\/high-end-microfiber-jewelry-display-stand-counter-props-for-necklace-watch-earrings-showcase-window-wall-decoration-ornament\\\/#primaryimage\",\"url\":\"https:\\\/\\\/deliangdisplay.com\\\/wp-content\\\/uploads\\\/2025\\\/09\\\/1-1.jpg\",\"contentUrl\":\"https:\\\/\\\/deliangdisplay.com\\\/wp-content\\\/uploads\\\/2025\\\/09\\\/1-1.jpg\",\"width\":1000,\"height\":1000},{\"@type\":\"BreadcrumbList\",\"@id\":\"https:\\\/\\\/deliangdisplay.com\\\/our-product\\\/accessories\\\/neck-forms\\\/high-end-microfiber-jewelry-display-stand-counter-props-for-necklace-watch-earrings-showcase-window-wall-decoration-ornament\\\/#breadcrumb\",\"itemListElement\":[{\"@type\":\"ListItem\",\"position\":1,\"name\":\"\u9996\u9875\",\"item\":\"https:\\\/\\\/deliangdisplay.com\\\/\"},{\"@type\":\"ListItem\",\"position\":2,\"name\":\"Our Product\",\"item\":\"https:\\\/\\\/deliangdisplay.com\\\/our-product\\\/\"},{\"@type\":\"ListItem\",\"position\":3,\"name\":\"High-End Microfiber Jewelry Display Stand Counter Props for Necklace Watch Earrings Showcase Window Wall Decoration Ornament\"}]},{\"@type\":\"WebSite\",\"@id\":\"https:\\\/\\\/deliangdisplay.com\\\/#website\",\"url\":\"https:\\\/\\\/deliangdisplay.com\\\/\",\"name\":\"deliangdisplay.com\",\"description\":\"DE-LIANG - Providing bespoke packaging solutions and luxurious display design services for brands in jewelry, apparel, watches, beauty cosmetics, and more.\",\"publisher\":{\"@id\":\"https:\\\/\\\/deliangdisplay.com\\\/#organization\"},\"potentialAction\":[{\"@type\":\"SearchAction\",\"target\":{\"@type\":\"EntryPoint\",\"urlTemplate\":\"https:\\\/\\\/deliangdisplay.com\\\/?s={search_term_string}\"},\"query-input\":{\"@type\":\"PropertyValueSpecification\",\"valueRequired\":true,\"valueName\":\"search_term_string\"}}],\"inLanguage\":\"fr-FR\"},{\"@type\":\"Organization\",\"@id\":\"https:\\\/\\\/deliangdisplay.com\\\/#organization\",\"name\":\"deliangdisplay.com\",\"url\":\"https:\\\/\\\/deliangdisplay.com\\\/\",\"logo\":{\"@type\":\"ImageObject\",\"inLanguage\":\"fr-FR\",\"@id\":\"https:\\\/\\\/deliangdisplay.com\\\/#\\\/schema\\\/logo\\\/image\\\/\",\"url\":\"https:\\\/\\\/deliangdisplay.com\\\/wp-content\\\/uploads\\\/2025\\\/08\\\/DELIANGDISPALY_logo.png\",\"contentUrl\":\"https:\\\/\\\/deliangdisplay.com\\\/wp-content\\\/uploads\\\/2025\\\/08\\\/DELIANGDISPALY_logo.png\",\"width\":300,\"height\":130,\"caption\":\"deliangdisplay.com\"},\"image\":{\"@id\":\"https:\\\/\\\/deliangdisplay.com\\\/#\\\/schema\\\/logo\\\/image\\\/\"},\"sameAs\":[\"https:\\\/\\\/www.facebook.com\\\/JaneZhang008\\\/\",\"https:\\\/\\\/x.com\\\/ly673551729\"]}]}<\/script>\n<!-- \/ Yoast SEO plugin. -->","yoast_head_json":{"title":"Pr\u00e9sentoir \u00e0 bijoux en microfibre pour collier, montre, boucles d'oreilles, vitrine, d\u00e9coration murale - DE-LIANG - bijoux, v\u00eatements, montres, beaut\u00e9, cosm\u00e9tique","robots":{"index":"index","follow":"follow","max-snippet":"max-snippet:-1","max-image-preview":"max-image-preview:large","max-video-preview":"max-video-preview:-1"},"canonical":"https:\/\/deliangdisplay.com\/fr\/notre-produit\/accessoires\/formes-de-cou\/presentoir-a-bijoux-en-microfibre-haut-de-gamme-pour-collier-montre-boucles-doreilles-vitrine-decoration-murale-vitrine\/","og_locale":"fr_FR","og_type":"article","og_title":"High-End Microfiber Jewelry Display Stand Counter Props for Necklace Watch Earrings Showcase Window Wall Decoration Ornament - DE-LIANG - jewelry,clothes,watch,beauty cosmetics","og_description":"High-end microfiber jewelry display stand with wooden base and velvet finish. Elegant square design, available in multiple colors. Ideal for necklaces, watches, and earrings. Supports OEM\/ODM, low MOQ, secure delivery, and quality guarantee.","og_url":"https:\/\/deliangdisplay.com\/fr\/notre-produit\/accessoires\/formes-de-cou\/presentoir-a-bijoux-en-microfibre-haut-de-gamme-pour-collier-montre-boucles-doreilles-vitrine-decoration-murale-vitrine\/","og_site_name":"DE-LIANG - jewelry,clothes,watch,beauty cosmetics","article_publisher":"https:\/\/www.facebook.com\/JaneZhang008\/","article_modified_time":"2025-10-09T00:53:42+00:00","og_image":[{"width":1000,"height":1000,"url":"https:\/\/deliangdisplay.com\/wp-content\/uploads\/2025\/09\/1-1.jpg","type":"image\/jpeg"}],"twitter_card":"summary_large_image","twitter_site":"@ly673551729","twitter_misc":{"Dur\u00e9e de lecture estim\u00e9e":"2 minutes"},"schema":{"@context":"https:\/\/schema.org","@graph":[{"@type":"WebPage","@id":"https:\/\/deliangdisplay.com\/our-product\/accessories\/neck-forms\/high-end-microfiber-jewelry-display-stand-counter-props-for-necklace-watch-earrings-showcase-window-wall-decoration-ornament\/","url":"https:\/\/deliangdisplay.com\/our-product\/accessories\/neck-forms\/high-end-microfiber-jewelry-display-stand-counter-props-for-necklace-watch-earrings-showcase-window-wall-decoration-ornament\/","name":"Pr\u00e9sentoir \u00e0 bijoux en microfibre pour collier, montre, boucles d'oreilles, vitrine, d\u00e9coration murale - DE-LIANG - bijoux, v\u00eatements, montres, beaut\u00e9, cosm\u00e9tique","isPartOf":{"@id":"https:\/\/deliangdisplay.com\/#website"},"primaryImageOfPage":{"@id":"https:\/\/deliangdisplay.com\/our-product\/accessories\/neck-forms\/high-end-microfiber-jewelry-display-stand-counter-props-for-necklace-watch-earrings-showcase-window-wall-decoration-ornament\/#primaryimage"},"image":{"@id":"https:\/\/deliangdisplay.com\/our-product\/accessories\/neck-forms\/high-end-microfiber-jewelry-display-stand-counter-props-for-necklace-watch-earrings-showcase-window-wall-decoration-ornament\/#primaryimage"},"thumbnailUrl":"https:\/\/deliangdisplay.com\/wp-content\/uploads\/2025\/09\/1-1.jpg","datePublished":"2025-09-01T02:53:17+00:00","dateModified":"2025-10-09T00:53:42+00:00","breadcrumb":{"@id":"https:\/\/deliangdisplay.com\/our-product\/accessories\/neck-forms\/high-end-microfiber-jewelry-display-stand-counter-props-for-necklace-watch-earrings-showcase-window-wall-decoration-ornament\/#breadcrumb"},"inLanguage":"fr-FR","potentialAction":[{"@type":"ReadAction","target":["https:\/\/deliangdisplay.com\/our-product\/accessories\/neck-forms\/high-end-microfiber-jewelry-display-stand-counter-props-for-necklace-watch-earrings-showcase-window-wall-decoration-ornament\/"]}]},{"@type":"ImageObject","inLanguage":"fr-FR","@id":"https:\/\/deliangdisplay.com\/our-product\/accessories\/neck-forms\/high-end-microfiber-jewelry-display-stand-counter-props-for-necklace-watch-earrings-showcase-window-wall-decoration-ornament\/#primaryimage","url":"https:\/\/deliangdisplay.com\/wp-content\/uploads\/2025\/09\/1-1.jpg","contentUrl":"https:\/\/deliangdisplay.com\/wp-content\/uploads\/2025\/09\/1-1.jpg","width":1000,"height":1000},{"@type":"BreadcrumbList","@id":"https:\/\/deliangdisplay.com\/our-product\/accessories\/neck-forms\/high-end-microfiber-jewelry-display-stand-counter-props-for-necklace-watch-earrings-showcase-window-wall-decoration-ornament\/#breadcrumb","itemListElement":[{"@type":"ListItem","position":1,"name":"\u9996\u9875","item":"https:\/\/deliangdisplay.com\/"},{"@type":"ListItem","position":2,"name":"Our Product","item":"https:\/\/deliangdisplay.com\/our-product\/"},{"@type":"ListItem","position":3,"name":"High-End Microfiber Jewelry Display Stand Counter Props for Necklace Watch Earrings Showcase Window Wall Decoration Ornament"}]},{"@type":"WebSite","@id":"https:\/\/deliangdisplay.com\/#website","url":"https:\/\/deliangdisplay.com\/","name":"deliangdisplay.com","description":"DE-LIANG - Fournit des solutions d'emballage sur mesure et des services de conception de pr\u00e9sentoirs luxueux pour les marques de bijoux, de v\u00eatements, de montres, de produits de beaut\u00e9 et de cosm\u00e9tiques, et plus encore.","publisher":{"@id":"https:\/\/deliangdisplay.com\/#organization"},"potentialAction":[{"@type":"SearchAction","target":{"@type":"EntryPoint","urlTemplate":"https:\/\/deliangdisplay.com\/?s={search_term_string}"},"query-input":{"@type":"PropertyValueSpecification","valueRequired":true,"valueName":"search_term_string"}}],"inLanguage":"fr-FR"},{"@type":"Organization","@id":"https:\/\/deliangdisplay.com\/#organization","name":"deliangdisplay.com","url":"https:\/\/deliangdisplay.com\/","logo":{"@type":"ImageObject","inLanguage":"fr-FR","@id":"https:\/\/deliangdisplay.com\/#\/schema\/logo\/image\/","url":"https:\/\/deliangdisplay.com\/wp-content\/uploads\/2025\/08\/DELIANGDISPALY_logo.png","contentUrl":"https:\/\/deliangdisplay.com\/wp-content\/uploads\/2025\/08\/DELIANGDISPALY_logo.png","width":300,"height":130,"caption":"deliangdisplay.com"},"image":{"@id":"https:\/\/deliangdisplay.com\/#\/schema\/logo\/image\/"},"sameAs":["https:\/\/www.facebook.com\/JaneZhang008\/","https:\/\/x.com\/ly673551729"]}]}},"_links":{"self":[{"href":"https:\/\/deliangdisplay.com\/fr\/wp-json\/wp\/v2\/product\/42816","targetHints":{"allow":["GET"]}}],"collection":[{"href":"https:\/\/deliangdisplay.com\/fr\/wp-json\/wp\/v2\/product"}],"about":[{"href":"https:\/\/deliangdisplay.com\/fr\/wp-json\/wp\/v2\/types\/product"}],"replies":[{"embeddable":true,"href":"https:\/\/deliangdisplay.com\/fr\/wp-json\/wp\/v2\/comments?post=42816"}],"wp:featuredmedia":[{"embeddable":true,"href":"https:\/\/deliangdisplay.com\/fr\/wp-json\/wp\/v2\/media\/42818"}],"wp:attachment":[{"href":"https:\/\/deliangdisplay.com\/fr\/wp-json\/wp\/v2\/media?parent=42816"}],"wp:term":[{"taxonomy":"product_brand","embeddable":true,"href":"https:\/\/deliangdisplay.com\/fr\/wp-json\/wp\/v2\/product_brand?post=42816"},{"taxonomy":"product_cat","embeddable":true,"href":"https:\/\/deliangdisplay.com\/fr\/wp-json\/wp\/v2\/product_cat?post=42816"},{"taxonomy":"product_tag","embeddable":true,"href":"https:\/\/deliangdisplay.com\/fr\/wp-json\/wp\/v2\/product_tag?post=42816"}],"curies":[{"name":"wp","href":"https:\/\/api.w.org\/{rel}","templated":true}]}}