{"id":42615,"date":"2025-08-20T15:23:55","date_gmt":"2025-08-20T07:23:55","guid":{"rendered":"https:\/\/deliangdisplay.com\/?post_type=product&#038;p=42615"},"modified":"2025-08-20T15:24:58","modified_gmt":"2025-08-20T07:24:58","slug":"de-liang-mannequin-demi-corps-femme-torse-hauteur-ajustable-mannequin-fibre-de-verre-vitrine-accessoires-torse-femme-adulte-forme-robe-pour-vetements","status":"publish","type":"product","link":"https:\/\/deliangdisplay.com\/fr\/notre-produit\/affichages\/mannequins-de-vente-au-detail\/de-liang-mannequin-demi-corps-femme-torse-hauteur-ajustable-mannequin-fibre-de-verre-vitrine-accessoires-torse-femme-adulte-forme-robe-pour-vetements\/","title":{"rendered":"DE-LIANG mannequin demi-corps femme, mod\u00e8le \u00e0 hauteur r\u00e9glable, mannequin en fibre de verre pour vitrine, mannequin torse femme adulte pour v\u00eatements"},"content":{"rendered":"<p>Il s'agit d'un mannequin demi-corps pour femme adulte, recouvert de tissu velours, avec une base en m\u00e9tal, destin\u00e9 \u00e0 la pr\u00e9sentation de v\u00eatements en vitrine. Vous pouvez l'utiliser pour pr\u00e9senter vos chapeaux, v\u00eatements de luxe, casquettes, \u00e9charpes, bandeaux, pantalons.<br \/>\nLes bras en bois peuvent \u00eatre d\u00e9tach\u00e9s.<\/p>\n<p>D\u00e9tails du produit :<\/p>\n<p>\ud83d\udc49 Taille : Hauteur du corps:95 cm(37.4 inch)\/Largeur des \u00e9paules : 38 cm(15 inch)\/Poitrine : 85 cm(33.5 inch)\/Taille:67 cm(26.4 inch)\/Hanche : 87 cm(34.3 inch)\/Hauteur :150-220 cm(59-86.6 inch)<br \/>\n\ud83d\udc49Style :<\/p>\n<p>Style A : Corps beige+bras en bois+base en m\u00e9tal argent\u00e9 + t\u00eate en velours beige<br \/>\nStyle B : Corps beige+bras en bois+base en m\u00e9tal noir + t\u00eate en velours beige<\/p>\n<p>Style C : Corps noir+t\u00eate argent\u00e9e \u00e9lectrolytique+bras en bois+socle carr\u00e9 en m\u00e9tal noir<br \/>\nStyle D : Corps noir++T\u00eate argent\u00e9e \u00e9lectrolytique +bras en bois+base m\u00e9tallique triangulaire noire<\/p>\n<p>Style C : Corps gris+bras en bois+base m\u00e9tallique carr\u00e9e noire + t\u00eate en velours gris<br \/>\nStyle D : Corps gris+bras en bois+base m\u00e9tallique triangulaire noire + t\u00eate en velours gris<\/p>\n<p>\ud83d\udc49 Couleur : Beige pour le tissu de velours ou Noir pour le tissu de velours ou Gris pour le tissu de velours<br \/>\nLa couleur de base est l'argent ou le noir<br \/>\n\ud83d\udc49 Mat\u00e9riaux :<\/p>\n<p>1. tissu : tissu de velours de premi\u00e8re qualit\u00e9, atmosph\u00e8re de haute qualit\u00e9<\/p>\n<p>2. conception de col long de haute qualit\u00e9, simplicit\u00e9 et praticit\u00e9 coexistent, les lignes sont nettes, naturelles et \u00e9l\u00e9gantes.<\/p>\n<p>3.Bras : Bras en bois naturel avec huile mate<\/p>\n<p>4.Base : Base m\u00e9tallique carr\u00e9e \/ Base m\u00e9tallique triangulaire<\/p>\n<p>5. les d\u00e9tails sont parfaits pour montrer la grande marque et la haute qualit\u00e9, la conception de la jambe en deux parties, les bras flexibles et l'emballage serr\u00e9.<\/p>\n<p>\ud83d\udc4dCe mannequin f\u00e9minin \u00e0 demi-corps avec base en m\u00e9tal est un nouveau produit tr\u00e8s \u00e0 la mode, avec un tissu en velours de premi\u00e8re qualit\u00e9 et une atmosph\u00e8re de haute qualit\u00e9.<\/p>\n<p>\ud83d\udc4dVous pouvez l'utiliser pour pr\u00e9senter vos produits dans une vitrine, dans un magasin, sur un comptoir, sur une \u00e9tag\u00e8re \u00e0 \u00e9tages ou sur le sol. Id\u00e9al pour les pulls, les T-shirts, les vestes, les costumes, les manteaux, les chemisiers, les robes, les hauts et les accessoires.<\/p>\n<p>\ud83d\udc4dL\u00e9ger et facile \u00e0 d\u00e9placer, il est pratique pour vous de d\u00e9placer le mannequin et convient pour vous de le placer partout o\u00f9 vous en avez besoin.<\/p>\n<p>\ud83d\udc4dLa base en m\u00e9tal est suffisamment durable pour servir plus longtemps et soutenir fermement l'ensemble du mannequin.<\/p>\n<p>\ud83d\udc4dGorgeous appearance and beautiful coat match, can definitely attract a lot of customers for the store.<\/p>\n<p>Si vous n'\u00eates pas pr\u00eat \u00e0 payer cette taxe, ne passez pas commande, car si vous rejetez le colis et le renvoyez par DHL, nous perdrons beaucoup d'argent, merci.<\/p>\n<p>\u25b2 Important !!!<\/p>\n<p>Politique de retour : le produit est exp\u00e9di\u00e9 de Chine et c'est notre prix le plus bas pour un nouveau magasin, s'il n'y a pas de probl\u00e8me de qualit\u00e9, nous ne pouvons pas accepter de retour, car le fret de livraison est trop co\u00fbteux (attention).<\/p>","protected":false},"excerpt":{"rendered":"<p>Il s'agit d'un mannequin demi-corps pour femme adulte, recouvert de tissu velours, avec une base en m\u00e9tal, destin\u00e9 \u00e0 la pr\u00e9sentation de v\u00eatements en vitrine. Vous pouvez l'utiliser pour pr\u00e9senter vos chapeaux, v\u00eatements de luxe, casquettes, \u00e9charpes, bandeaux, pantalons.<br \/>\nLes bras en bois peuvent \u00eatre d\u00e9tach\u00e9s.<\/p>","protected":false},"featured_media":42617,"comment_status":"open","ping_status":"closed","template":"","meta":{"_acf_changed":false},"product_brand":[],"product_cat":[51],"product_tag":[],"class_list":{"0":"post-42615","1":"product","2":"type-product","3":"status-publish","4":"has-post-thumbnail","6":"product_cat-retail-mannequins","8":"first","9":"instock","10":"shipping-taxable","11":"purchasable","12":"product-type-simple"},"acf":[],"yoast_head":"<!-- This site is optimized with the Yoast SEO plugin v27.4 - https:\/\/yoast.com\/product\/yoast-seo-wordpress\/ -->\n<title>DE-LIANG half body mannequin female torso,adjustable height model,fabric fiberglass mannequin window display props,adult women torso dress form for clothes - DE-LIANG - jewelry,clothes,watch,beauty cosmetics<\/title>\n<meta name=\"robots\" content=\"index, follow, max-snippet:-1, max-image-preview:large, max-video-preview:-1\" \/>\n<link rel=\"canonical\" href=\"https:\/\/deliangdisplay.com\/fr\/notre-produit\/affichages\/mannequins-de-vente-au-detail\/de-liang-mannequin-demi-corps-femme-torse-hauteur-ajustable-mannequin-fibre-de-verre-vitrine-accessoires-torse-femme-adulte-forme-robe-pour-vetements\/\" \/>\n<meta property=\"og:locale\" content=\"fr_FR\" \/>\n<meta property=\"og:type\" content=\"article\" \/>\n<meta property=\"og:title\" content=\"DE-LIANG half body mannequin female torso,adjustable height model,fabric fiberglass mannequin window display props,adult women torso dress form for clothes - DE-LIANG - jewelry,clothes,watch,beauty cosmetics\" \/>\n<meta property=\"og:description\" content=\"This is Adult Female\u00a0Velvet Fabric Cover Half body display mannequin with metal base for window\u00a0garment display usage. You can use it for your hat, luxury cloth,cap, scarves,headband,pant,trouser display stand. The wooden arms can detachable.\" \/>\n<meta property=\"og:url\" content=\"https:\/\/deliangdisplay.com\/fr\/notre-produit\/affichages\/mannequins-de-vente-au-detail\/de-liang-mannequin-demi-corps-femme-torse-hauteur-ajustable-mannequin-fibre-de-verre-vitrine-accessoires-torse-femme-adulte-forme-robe-pour-vetements\/\" \/>\n<meta property=\"og:site_name\" content=\"DE-LIANG - jewelry,clothes,watch,beauty cosmetics\" \/>\n<meta property=\"article:publisher\" content=\"https:\/\/www.facebook.com\/JaneZhang008\/\" \/>\n<meta property=\"article:modified_time\" content=\"2025-08-20T07:24:58+00:00\" \/>\n<meta property=\"og:image\" content=\"https:\/\/deliangdisplay.com\/wp-content\/uploads\/2025\/08\/14_ba74a2d1-f422-4689-a2c5-6b1e5f2e406e.jpg\" \/>\n\t<meta property=\"og:image:width\" content=\"1000\" \/>\n\t<meta property=\"og:image:height\" content=\"1000\" \/>\n\t<meta property=\"og:image:type\" content=\"image\/jpeg\" \/>\n<meta name=\"twitter:card\" content=\"summary_large_image\" \/>\n<meta name=\"twitter:site\" content=\"@ly673551729\" \/>\n<meta name=\"twitter:label1\" content=\"Dur\u00e9e de lecture estim\u00e9e\" \/>\n\t<meta name=\"twitter:data1\" content=\"2 minutes\" \/>\n<script type=\"application\/ld+json\" class=\"yoast-schema-graph\">{\"@context\":\"https:\\\/\\\/schema.org\",\"@graph\":[{\"@type\":\"WebPage\",\"@id\":\"https:\\\/\\\/deliangdisplay.com\\\/our-product\\\/displays\\\/retail-mannequins\\\/de-liang-half-body-mannequin-female-torsoadjustable-height-modelfabric-fiberglass-mannequin-window-display-propsadult-women-torso-dress-form-for-clothes\\\/\",\"url\":\"https:\\\/\\\/deliangdisplay.com\\\/our-product\\\/displays\\\/retail-mannequins\\\/de-liang-half-body-mannequin-female-torsoadjustable-height-modelfabric-fiberglass-mannequin-window-display-propsadult-women-torso-dress-form-for-clothes\\\/\",\"name\":\"DE-LIANG half body mannequin female torso,adjustable height model,fabric fiberglass mannequin window display props,adult women torso dress form for clothes - DE-LIANG - jewelry,clothes,watch,beauty cosmetics\",\"isPartOf\":{\"@id\":\"https:\\\/\\\/deliangdisplay.com\\\/#website\"},\"primaryImageOfPage\":{\"@id\":\"https:\\\/\\\/deliangdisplay.com\\\/our-product\\\/displays\\\/retail-mannequins\\\/de-liang-half-body-mannequin-female-torsoadjustable-height-modelfabric-fiberglass-mannequin-window-display-propsadult-women-torso-dress-form-for-clothes\\\/#primaryimage\"},\"image\":{\"@id\":\"https:\\\/\\\/deliangdisplay.com\\\/our-product\\\/displays\\\/retail-mannequins\\\/de-liang-half-body-mannequin-female-torsoadjustable-height-modelfabric-fiberglass-mannequin-window-display-propsadult-women-torso-dress-form-for-clothes\\\/#primaryimage\"},\"thumbnailUrl\":\"https:\\\/\\\/deliangdisplay.com\\\/wp-content\\\/uploads\\\/2025\\\/08\\\/14_ba74a2d1-f422-4689-a2c5-6b1e5f2e406e.jpg\",\"datePublished\":\"2025-08-20T07:23:55+00:00\",\"dateModified\":\"2025-08-20T07:24:58+00:00\",\"breadcrumb\":{\"@id\":\"https:\\\/\\\/deliangdisplay.com\\\/our-product\\\/displays\\\/retail-mannequins\\\/de-liang-half-body-mannequin-female-torsoadjustable-height-modelfabric-fiberglass-mannequin-window-display-propsadult-women-torso-dress-form-for-clothes\\\/#breadcrumb\"},\"inLanguage\":\"fr-FR\",\"potentialAction\":[{\"@type\":\"ReadAction\",\"target\":[\"https:\\\/\\\/deliangdisplay.com\\\/our-product\\\/displays\\\/retail-mannequins\\\/de-liang-half-body-mannequin-female-torsoadjustable-height-modelfabric-fiberglass-mannequin-window-display-propsadult-women-torso-dress-form-for-clothes\\\/\"]}]},{\"@type\":\"ImageObject\",\"inLanguage\":\"fr-FR\",\"@id\":\"https:\\\/\\\/deliangdisplay.com\\\/our-product\\\/displays\\\/retail-mannequins\\\/de-liang-half-body-mannequin-female-torsoadjustable-height-modelfabric-fiberglass-mannequin-window-display-propsadult-women-torso-dress-form-for-clothes\\\/#primaryimage\",\"url\":\"https:\\\/\\\/deliangdisplay.com\\\/wp-content\\\/uploads\\\/2025\\\/08\\\/14_ba74a2d1-f422-4689-a2c5-6b1e5f2e406e.jpg\",\"contentUrl\":\"https:\\\/\\\/deliangdisplay.com\\\/wp-content\\\/uploads\\\/2025\\\/08\\\/14_ba74a2d1-f422-4689-a2c5-6b1e5f2e406e.jpg\",\"width\":1000,\"height\":1000},{\"@type\":\"BreadcrumbList\",\"@id\":\"https:\\\/\\\/deliangdisplay.com\\\/our-product\\\/displays\\\/retail-mannequins\\\/de-liang-half-body-mannequin-female-torsoadjustable-height-modelfabric-fiberglass-mannequin-window-display-propsadult-women-torso-dress-form-for-clothes\\\/#breadcrumb\",\"itemListElement\":[{\"@type\":\"ListItem\",\"position\":1,\"name\":\"\u9996\u9875\",\"item\":\"https:\\\/\\\/deliangdisplay.com\\\/\"},{\"@type\":\"ListItem\",\"position\":2,\"name\":\"Our Product\",\"item\":\"https:\\\/\\\/deliangdisplay.com\\\/our-product\\\/\"},{\"@type\":\"ListItem\",\"position\":3,\"name\":\"DE-LIANG half body mannequin female torso,adjustable height model,fabric fiberglass mannequin window display props,adult women torso dress form for clothes\"}]},{\"@type\":\"WebSite\",\"@id\":\"https:\\\/\\\/deliangdisplay.com\\\/#website\",\"url\":\"https:\\\/\\\/deliangdisplay.com\\\/\",\"name\":\"deliangdisplay.com\",\"description\":\"DE-LIANG - Providing bespoke packaging solutions and luxurious display design services for brands in jewelry, apparel, watches, beauty cosmetics, and more.\",\"publisher\":{\"@id\":\"https:\\\/\\\/deliangdisplay.com\\\/#organization\"},\"potentialAction\":[{\"@type\":\"SearchAction\",\"target\":{\"@type\":\"EntryPoint\",\"urlTemplate\":\"https:\\\/\\\/deliangdisplay.com\\\/?s={search_term_string}\"},\"query-input\":{\"@type\":\"PropertyValueSpecification\",\"valueRequired\":true,\"valueName\":\"search_term_string\"}}],\"inLanguage\":\"fr-FR\"},{\"@type\":\"Organization\",\"@id\":\"https:\\\/\\\/deliangdisplay.com\\\/#organization\",\"name\":\"deliangdisplay.com\",\"url\":\"https:\\\/\\\/deliangdisplay.com\\\/\",\"logo\":{\"@type\":\"ImageObject\",\"inLanguage\":\"fr-FR\",\"@id\":\"https:\\\/\\\/deliangdisplay.com\\\/#\\\/schema\\\/logo\\\/image\\\/\",\"url\":\"https:\\\/\\\/deliangdisplay.com\\\/wp-content\\\/uploads\\\/2025\\\/08\\\/DELIANGDISPALY_logo.png\",\"contentUrl\":\"https:\\\/\\\/deliangdisplay.com\\\/wp-content\\\/uploads\\\/2025\\\/08\\\/DELIANGDISPALY_logo.png\",\"width\":300,\"height\":130,\"caption\":\"deliangdisplay.com\"},\"image\":{\"@id\":\"https:\\\/\\\/deliangdisplay.com\\\/#\\\/schema\\\/logo\\\/image\\\/\"},\"sameAs\":[\"https:\\\/\\\/www.facebook.com\\\/JaneZhang008\\\/\",\"https:\\\/\\\/x.com\\\/ly673551729\"]}]}<\/script>\n<!-- \/ Yoast SEO plugin. -->","yoast_head_json":{"title":"DE-LIANG mannequin femme torse demi-corps,hauteur r\u00e9glable,mannequin fibre de verre pour vitrine,mannequin femme torse adulte pour v\u00eatements - DE-LIANG - bijouterie,joaillerie,horlogerie,beaut\u00e9,cosm\u00e9tique","robots":{"index":"index","follow":"follow","max-snippet":"max-snippet:-1","max-image-preview":"max-image-preview:large","max-video-preview":"max-video-preview:-1"},"canonical":"https:\/\/deliangdisplay.com\/fr\/notre-produit\/affichages\/mannequins-de-vente-au-detail\/de-liang-mannequin-demi-corps-femme-torse-hauteur-ajustable-mannequin-fibre-de-verre-vitrine-accessoires-torse-femme-adulte-forme-robe-pour-vetements\/","og_locale":"fr_FR","og_type":"article","og_title":"DE-LIANG half body mannequin female torso,adjustable height model,fabric fiberglass mannequin window display props,adult women torso dress form for clothes - DE-LIANG - jewelry,clothes,watch,beauty cosmetics","og_description":"This is Adult Female\u00a0Velvet Fabric Cover Half body display mannequin with metal base for window\u00a0garment display usage. You can use it for your hat, luxury cloth,cap, scarves,headband,pant,trouser display stand. The wooden arms can detachable.","og_url":"https:\/\/deliangdisplay.com\/fr\/notre-produit\/affichages\/mannequins-de-vente-au-detail\/de-liang-mannequin-demi-corps-femme-torse-hauteur-ajustable-mannequin-fibre-de-verre-vitrine-accessoires-torse-femme-adulte-forme-robe-pour-vetements\/","og_site_name":"DE-LIANG - jewelry,clothes,watch,beauty cosmetics","article_publisher":"https:\/\/www.facebook.com\/JaneZhang008\/","article_modified_time":"2025-08-20T07:24:58+00:00","og_image":[{"width":1000,"height":1000,"url":"https:\/\/deliangdisplay.com\/wp-content\/uploads\/2025\/08\/14_ba74a2d1-f422-4689-a2c5-6b1e5f2e406e.jpg","type":"image\/jpeg"}],"twitter_card":"summary_large_image","twitter_site":"@ly673551729","twitter_misc":{"Dur\u00e9e de lecture estim\u00e9e":"2 minutes"},"schema":{"@context":"https:\/\/schema.org","@graph":[{"@type":"WebPage","@id":"https:\/\/deliangdisplay.com\/our-product\/displays\/retail-mannequins\/de-liang-half-body-mannequin-female-torsoadjustable-height-modelfabric-fiberglass-mannequin-window-display-propsadult-women-torso-dress-form-for-clothes\/","url":"https:\/\/deliangdisplay.com\/our-product\/displays\/retail-mannequins\/de-liang-half-body-mannequin-female-torsoadjustable-height-modelfabric-fiberglass-mannequin-window-display-propsadult-women-torso-dress-form-for-clothes\/","name":"DE-LIANG mannequin femme torse demi-corps,hauteur r\u00e9glable,mannequin fibre de verre pour vitrine,mannequin femme torse adulte pour v\u00eatements - DE-LIANG - bijouterie,joaillerie,horlogerie,beaut\u00e9,cosm\u00e9tique","isPartOf":{"@id":"https:\/\/deliangdisplay.com\/#website"},"primaryImageOfPage":{"@id":"https:\/\/deliangdisplay.com\/our-product\/displays\/retail-mannequins\/de-liang-half-body-mannequin-female-torsoadjustable-height-modelfabric-fiberglass-mannequin-window-display-propsadult-women-torso-dress-form-for-clothes\/#primaryimage"},"image":{"@id":"https:\/\/deliangdisplay.com\/our-product\/displays\/retail-mannequins\/de-liang-half-body-mannequin-female-torsoadjustable-height-modelfabric-fiberglass-mannequin-window-display-propsadult-women-torso-dress-form-for-clothes\/#primaryimage"},"thumbnailUrl":"https:\/\/deliangdisplay.com\/wp-content\/uploads\/2025\/08\/14_ba74a2d1-f422-4689-a2c5-6b1e5f2e406e.jpg","datePublished":"2025-08-20T07:23:55+00:00","dateModified":"2025-08-20T07:24:58+00:00","breadcrumb":{"@id":"https:\/\/deliangdisplay.com\/our-product\/displays\/retail-mannequins\/de-liang-half-body-mannequin-female-torsoadjustable-height-modelfabric-fiberglass-mannequin-window-display-propsadult-women-torso-dress-form-for-clothes\/#breadcrumb"},"inLanguage":"fr-FR","potentialAction":[{"@type":"ReadAction","target":["https:\/\/deliangdisplay.com\/our-product\/displays\/retail-mannequins\/de-liang-half-body-mannequin-female-torsoadjustable-height-modelfabric-fiberglass-mannequin-window-display-propsadult-women-torso-dress-form-for-clothes\/"]}]},{"@type":"ImageObject","inLanguage":"fr-FR","@id":"https:\/\/deliangdisplay.com\/our-product\/displays\/retail-mannequins\/de-liang-half-body-mannequin-female-torsoadjustable-height-modelfabric-fiberglass-mannequin-window-display-propsadult-women-torso-dress-form-for-clothes\/#primaryimage","url":"https:\/\/deliangdisplay.com\/wp-content\/uploads\/2025\/08\/14_ba74a2d1-f422-4689-a2c5-6b1e5f2e406e.jpg","contentUrl":"https:\/\/deliangdisplay.com\/wp-content\/uploads\/2025\/08\/14_ba74a2d1-f422-4689-a2c5-6b1e5f2e406e.jpg","width":1000,"height":1000},{"@type":"BreadcrumbList","@id":"https:\/\/deliangdisplay.com\/our-product\/displays\/retail-mannequins\/de-liang-half-body-mannequin-female-torsoadjustable-height-modelfabric-fiberglass-mannequin-window-display-propsadult-women-torso-dress-form-for-clothes\/#breadcrumb","itemListElement":[{"@type":"ListItem","position":1,"name":"\u9996\u9875","item":"https:\/\/deliangdisplay.com\/"},{"@type":"ListItem","position":2,"name":"Our Product","item":"https:\/\/deliangdisplay.com\/our-product\/"},{"@type":"ListItem","position":3,"name":"DE-LIANG half body mannequin female torso,adjustable height model,fabric fiberglass mannequin window display props,adult women torso dress form for clothes"}]},{"@type":"WebSite","@id":"https:\/\/deliangdisplay.com\/#website","url":"https:\/\/deliangdisplay.com\/","name":"deliangdisplay.com","description":"DE-LIANG - Fournit des solutions d'emballage sur mesure et des services de conception de pr\u00e9sentoirs luxueux pour les marques de bijoux, de v\u00eatements, de montres, de produits de beaut\u00e9 et de cosm\u00e9tiques, et plus encore.","publisher":{"@id":"https:\/\/deliangdisplay.com\/#organization"},"potentialAction":[{"@type":"SearchAction","target":{"@type":"EntryPoint","urlTemplate":"https:\/\/deliangdisplay.com\/?s={search_term_string}"},"query-input":{"@type":"PropertyValueSpecification","valueRequired":true,"valueName":"search_term_string"}}],"inLanguage":"fr-FR"},{"@type":"Organization","@id":"https:\/\/deliangdisplay.com\/#organization","name":"deliangdisplay.com","url":"https:\/\/deliangdisplay.com\/","logo":{"@type":"ImageObject","inLanguage":"fr-FR","@id":"https:\/\/deliangdisplay.com\/#\/schema\/logo\/image\/","url":"https:\/\/deliangdisplay.com\/wp-content\/uploads\/2025\/08\/DELIANGDISPALY_logo.png","contentUrl":"https:\/\/deliangdisplay.com\/wp-content\/uploads\/2025\/08\/DELIANGDISPALY_logo.png","width":300,"height":130,"caption":"deliangdisplay.com"},"image":{"@id":"https:\/\/deliangdisplay.com\/#\/schema\/logo\/image\/"},"sameAs":["https:\/\/www.facebook.com\/JaneZhang008\/","https:\/\/x.com\/ly673551729"]}]}},"_links":{"self":[{"href":"https:\/\/deliangdisplay.com\/fr\/wp-json\/wp\/v2\/product\/42615","targetHints":{"allow":["GET"]}}],"collection":[{"href":"https:\/\/deliangdisplay.com\/fr\/wp-json\/wp\/v2\/product"}],"about":[{"href":"https:\/\/deliangdisplay.com\/fr\/wp-json\/wp\/v2\/types\/product"}],"replies":[{"embeddable":true,"href":"https:\/\/deliangdisplay.com\/fr\/wp-json\/wp\/v2\/comments?post=42615"}],"wp:featuredmedia":[{"embeddable":true,"href":"https:\/\/deliangdisplay.com\/fr\/wp-json\/wp\/v2\/media\/42617"}],"wp:attachment":[{"href":"https:\/\/deliangdisplay.com\/fr\/wp-json\/wp\/v2\/media?parent=42615"}],"wp:term":[{"taxonomy":"product_brand","embeddable":true,"href":"https:\/\/deliangdisplay.com\/fr\/wp-json\/wp\/v2\/product_brand?post=42615"},{"taxonomy":"product_cat","embeddable":true,"href":"https:\/\/deliangdisplay.com\/fr\/wp-json\/wp\/v2\/product_cat?post=42615"},{"taxonomy":"product_tag","embeddable":true,"href":"https:\/\/deliangdisplay.com\/fr\/wp-json\/wp\/v2\/product_tag?post=42615"}],"curies":[{"name":"wp","href":"https:\/\/api.w.org\/{rel}","templated":true}]}}