{"id":42567,"date":"2025-08-19T14:40:53","date_gmt":"2025-08-19T06:40:53","guid":{"rendered":"https:\/\/deliangdisplay.com\/?post_type=product&#038;p=42567"},"modified":"2025-08-19T14:40:55","modified_gmt":"2025-08-19T06:40:55","slug":"de-liang-newest-female-dressform-half-body-manenquin-clothing-display-model-body-standwooden-arms-and-base-for-clothing-dress-store-display","status":"publish","type":"product","link":"https:\/\/deliangdisplay.com\/fr\/notre-produit\/affichages\/mannequins-de-vente-au-detail\/de-liang-newest-female-dressform-half-body-manenquin-clothing-display-model-body-standwooden-arms-and-base-for-clothing-dress-store-display\/","title":{"rendered":"DE-LIANG NEWEST Female Dressform Half Body Manenquin, Clothing Display Model Body Stand, Wooden Arms and Base for Clothing\/Dress Store Display,"},"content":{"rendered":"<p>Forme pr\u00e9cise, posture \u00e9l\u00e9gante, bras en bois massif, mouvement libre.<\/p>\n<p>Id\u00e9al pour les t-shirts, les vestes, les robes, les chemises, les pulls, les pantalons, les perruques et les accessoires (Remarque : les accessoires figurant sur la photo sont uniquement destin\u00e9s \u00e0 la pr\u00e9sentation, ils ne sont pas inclus dans le paquet).<\/p>\n<p>Le corps du mannequin fabriqu\u00e9 par le proc\u00e9d\u00e9 d'impression, sans aucune autre couture, est plus solide.<\/p>\n<p>Veuillez faire attention au mannequin que vous souhaitez acheter avant de passer commande. Les trois mod\u00e8les ont des longueurs de cuisses diff\u00e9rentes !!!<br \/>\n-------------Size--------------<\/p>\n<p>1,DL0028A (sans jambe !)<\/p>\n<p>.Largeur : 37CM (14.5inch)<\/p>\n<p>.:Buste:83CM\uff0833inch\uff09<\/p>\n<p>.Taille : 61CM (24inch)<\/p>\n<p>.Hanche : 83CM (33inch)<\/p>\n<p>.Hauteur du corps : 93CM (37inch)<\/p>\n<p>2,DL0028B (avec jambe courte !)<\/p>\n<p>.Largeur : 36CM (14.2inch)<\/p>\n<p>.:Buste:83CM\uff0833inch\uff09<\/p>\n<p>.Taille : 62CM (24.4inch)<\/p>\n<p>.Hanche : 84CM (33.1inch)<\/p>\n<p>.Hauteur du corps : 93CM (37inch)<\/p>\n<p>3,DL0028C (avec une longue jambe !)<\/p>\n<p>.Largeur : 38CM (15inch)<\/p>\n<p>.:Buste:88CM\uff0835inch\uff09<\/p>\n<p>.Taille : 66CM (26inch)<\/p>\n<p>.Hanche : 89CM (35inch)<\/p>\n<p>.Hauteur du corps : 104CM (41inch)<\/p>\n<p>-----------D\u00e9tail du produit-----------<\/p>\n<p>\ud83d\udc95Product ID:DL0028<\/p>\n<p>\ud83d\udc95 Couleur : Beige<\/p>\n<p>\ud83d\udc95Mat\u00e9riau : fibre de verre<\/p>\n<p>\ud83d\udc95 Bras de mannequin : Bras en bois naturel<\/p>\n<p>\ud83d\udc95 Base de mannequin : Gloden Square Base<\/p>\n<p>----------Advantage---------<\/p>\n<p>\ud83d\udc4d Interface \u00e0 ressort : Le bras est con\u00e7u avec un ressort, facile \u00e0 installer et d\u00e9tachable pour faciliter l'habillage. Bras en bois avec articulations mobiles pour la pose.<\/p>\n<p>\ud83d\udc4d L\u00e9ger et facile \u00e0 d\u00e9placer : int\u00e9rieur en plastique + base de support en m\u00e9tal, conception l\u00e9g\u00e8re, facile \u00e0 d\u00e9placer le mannequin, adapt\u00e9 pour vous de placer n'importe o\u00f9 vous avez besoin.Et aussi vous pouvez commod\u00e9ment le placer o\u00f9 vous avez besoin. La base stable permet une utilisation \u00e0 l'int\u00e9rieur comme \u00e0 l'ext\u00e9rieur. Facile \u00e0 assembler, les mannequins peuvent \u00eatre assembl\u00e9s ou d\u00e9sassembl\u00e9s en quelques minutes sans aucun outil. Assemblage instantan\u00e9, utilisation instantan\u00e9e.<\/p>\n<p>Taille incurv\u00e9e, design des hanches, design de la taille en forme de S, design des hanches l\u00e9g\u00e8rement convexe, avec des jambes pour porter des pantalons.<\/p>\n<p>\ud83d\udc4dLa base en m\u00e9tal est suffisamment durable pour servir plus longtemps et soutenir fermement l'ensemble du mannequin.<\/p>\n<p>\ud83d\udc4dGorgeous appearance and beautiful dress match, can definitely attract a lot of customers for the store.<\/p>\n<p>\u25b2 Important !!!<\/p>\n<p>Politique de retour : le produit est exp\u00e9di\u00e9 de Chine et c'est notre prix le plus bas pour un nouveau magasin, s'il n'y a pas de probl\u00e8me de qualit\u00e9, nous ne pouvons pas accepter de retour, car le fret de livraison est trop co\u00fbteux (attention).<\/p>\n<p>Nous exp\u00e9dions par FEDEX, DHL, donc vous devrez payer une petite taxe apr\u00e8s le d\u00e9douanement. Mais ne vous inqui\u00e9tez pas, si vous avez des questions, n'h\u00e9sitez pas \u00e0 nous contacter, le meilleur service \u00e0 la client\u00e8le.<\/p>\n<p>Si vous n'\u00eates pas pr\u00eat \u00e0 payer cette taxe, ne passez pas commande, car si vous refusez le colis et qu'il est renvoy\u00e9 par DHL, nous perdrons beaucoup d'argent, merci.<\/p>\n<p>Si vous avez des questions sur le produit ou si vous rencontrez des probl\u00e8mes lors de son utilisation, n'h\u00e9sitez pas \u00e0 nous \u00e9crire. Nous nous engageons \u00e0 vous fournir l'assistance technique la plus professionnelle et la meilleure solution dans les 24 heures. Nous nous engageons \u00e0 vous fournir l'assistance technique la plus professionnelle et la meilleure solution dans les 24 heures. Votre satisfaction est notre objectif permanent.<\/p>","protected":false},"excerpt":{"rendered":"<p>Forme pr\u00e9cise, posture \u00e9l\u00e9gante, bras en bois massif, mouvement libre.<\/p>\n<p>Id\u00e9al pour les t-shirts, les vestes, les robes, les chemises, les pulls, les pantalons, les perruques et les accessoires (Remarque : les accessoires figurant sur la photo sont uniquement destin\u00e9s \u00e0 la pr\u00e9sentation, ils ne sont pas inclus dans le paquet).<\/p>\n<p>Le corps du mannequin fabriqu\u00e9 par le proc\u00e9d\u00e9 d'impression, sans aucune autre couture, est plus solide.<\/p>\n<p>Veuillez faire attention au mannequin que vous souhaitez acheter avant de passer commande. Les trois mod\u00e8les ont des longueurs de cuisses diff\u00e9rentes !!!<\/p>","protected":false},"featured_media":42568,"comment_status":"open","ping_status":"closed","template":"","meta":{"_acf_changed":false},"product_brand":[],"product_cat":[51],"product_tag":[],"class_list":{"0":"post-42567","1":"product","2":"type-product","3":"status-publish","4":"has-post-thumbnail","6":"product_cat-retail-mannequins","8":"first","9":"instock","10":"shipping-taxable","11":"purchasable","12":"product-type-simple"},"acf":[],"yoast_head":"<!-- This site is optimized with the Yoast SEO plugin v27.4 - https:\/\/yoast.com\/product\/yoast-seo-wordpress\/ -->\n<title>DE-LIANG NEWEST Female Dressform Half Body Manenquin, Clothing Display Model Body Stand,Wooden Arms and Base for Clothing\/Dress Store Display, - DE-LIANG - jewelry,clothes,watch,beauty cosmetics<\/title>\n<meta name=\"robots\" content=\"index, follow, max-snippet:-1, max-image-preview:large, max-video-preview:-1\" \/>\n<link rel=\"canonical\" href=\"https:\/\/deliangdisplay.com\/fr\/notre-produit\/affichages\/mannequins-de-vente-au-detail\/de-liang-newest-female-dressform-half-body-manenquin-clothing-display-model-body-standwooden-arms-and-base-for-clothing-dress-store-display\/\" \/>\n<meta property=\"og:locale\" content=\"fr_FR\" \/>\n<meta property=\"og:type\" content=\"article\" \/>\n<meta property=\"og:title\" content=\"DE-LIANG NEWEST Female Dressform Half Body Manenquin, Clothing Display Model Body Stand,Wooden Arms and Base for Clothing\/Dress Store Display, - DE-LIANG - jewelry,clothes,watch,beauty cosmetics\" \/>\n<meta property=\"og:description\" content=\"Half-body model in plaid fabric, personalized fabric upgrade.Accurate shape, elegant posture, solid wood arms, free movement  Great for t-shirts, jackets, dresses, shirts, sweaters, pants, wig and accessories.(Note: Accessories in the picture are for display only, not included in the package.)  The body of the mannequin made by the impression process, without any other stitching, is stronger  Please pay attention to the mannequin you want to buy before you place an order. All three models have different thigh lengths!!!\" \/>\n<meta property=\"og:url\" content=\"https:\/\/deliangdisplay.com\/fr\/notre-produit\/affichages\/mannequins-de-vente-au-detail\/de-liang-newest-female-dressform-half-body-manenquin-clothing-display-model-body-standwooden-arms-and-base-for-clothing-dress-store-display\/\" \/>\n<meta property=\"og:site_name\" content=\"DE-LIANG - jewelry,clothes,watch,beauty cosmetics\" \/>\n<meta property=\"article:publisher\" content=\"https:\/\/www.facebook.com\/JaneZhang008\/\" \/>\n<meta property=\"article:modified_time\" content=\"2025-08-19T06:40:55+00:00\" \/>\n<meta property=\"og:image\" content=\"https:\/\/deliangdisplay.com\/wp-content\/uploads\/2025\/08\/1_8a1320e8-dd5c-4600-baa0-576a48a135a2-1.jpg\" \/>\n\t<meta property=\"og:image:width\" content=\"1000\" \/>\n\t<meta property=\"og:image:height\" content=\"1000\" \/>\n\t<meta property=\"og:image:type\" content=\"image\/jpeg\" \/>\n<meta name=\"twitter:card\" content=\"summary_large_image\" \/>\n<meta name=\"twitter:site\" content=\"@ly673551729\" \/>\n<meta name=\"twitter:label1\" content=\"Dur\u00e9e de lecture estim\u00e9e\" \/>\n\t<meta name=\"twitter:data1\" content=\"3 minutes\" \/>\n<script type=\"application\/ld+json\" class=\"yoast-schema-graph\">{\"@context\":\"https:\\\/\\\/schema.org\",\"@graph\":[{\"@type\":\"WebPage\",\"@id\":\"https:\\\/\\\/deliangdisplay.com\\\/our-product\\\/displays\\\/retail-mannequins\\\/de-liang-newest-female-dressform-half-body-manenquin-clothing-display-model-body-standwooden-arms-and-base-for-clothing-dress-store-display\\\/\",\"url\":\"https:\\\/\\\/deliangdisplay.com\\\/our-product\\\/displays\\\/retail-mannequins\\\/de-liang-newest-female-dressform-half-body-manenquin-clothing-display-model-body-standwooden-arms-and-base-for-clothing-dress-store-display\\\/\",\"name\":\"DE-LIANG NEWEST Female Dressform Half Body Manenquin, Clothing Display Model Body Stand,Wooden Arms and Base for Clothing\\\/Dress Store Display, - DE-LIANG - jewelry,clothes,watch,beauty cosmetics\",\"isPartOf\":{\"@id\":\"https:\\\/\\\/deliangdisplay.com\\\/#website\"},\"primaryImageOfPage\":{\"@id\":\"https:\\\/\\\/deliangdisplay.com\\\/our-product\\\/displays\\\/retail-mannequins\\\/de-liang-newest-female-dressform-half-body-manenquin-clothing-display-model-body-standwooden-arms-and-base-for-clothing-dress-store-display\\\/#primaryimage\"},\"image\":{\"@id\":\"https:\\\/\\\/deliangdisplay.com\\\/our-product\\\/displays\\\/retail-mannequins\\\/de-liang-newest-female-dressform-half-body-manenquin-clothing-display-model-body-standwooden-arms-and-base-for-clothing-dress-store-display\\\/#primaryimage\"},\"thumbnailUrl\":\"https:\\\/\\\/deliangdisplay.com\\\/wp-content\\\/uploads\\\/2025\\\/08\\\/1_8a1320e8-dd5c-4600-baa0-576a48a135a2-1.jpg\",\"datePublished\":\"2025-08-19T06:40:53+00:00\",\"dateModified\":\"2025-08-19T06:40:55+00:00\",\"breadcrumb\":{\"@id\":\"https:\\\/\\\/deliangdisplay.com\\\/our-product\\\/displays\\\/retail-mannequins\\\/de-liang-newest-female-dressform-half-body-manenquin-clothing-display-model-body-standwooden-arms-and-base-for-clothing-dress-store-display\\\/#breadcrumb\"},\"inLanguage\":\"fr-FR\",\"potentialAction\":[{\"@type\":\"ReadAction\",\"target\":[\"https:\\\/\\\/deliangdisplay.com\\\/our-product\\\/displays\\\/retail-mannequins\\\/de-liang-newest-female-dressform-half-body-manenquin-clothing-display-model-body-standwooden-arms-and-base-for-clothing-dress-store-display\\\/\"]}]},{\"@type\":\"ImageObject\",\"inLanguage\":\"fr-FR\",\"@id\":\"https:\\\/\\\/deliangdisplay.com\\\/our-product\\\/displays\\\/retail-mannequins\\\/de-liang-newest-female-dressform-half-body-manenquin-clothing-display-model-body-standwooden-arms-and-base-for-clothing-dress-store-display\\\/#primaryimage\",\"url\":\"https:\\\/\\\/deliangdisplay.com\\\/wp-content\\\/uploads\\\/2025\\\/08\\\/1_8a1320e8-dd5c-4600-baa0-576a48a135a2-1.jpg\",\"contentUrl\":\"https:\\\/\\\/deliangdisplay.com\\\/wp-content\\\/uploads\\\/2025\\\/08\\\/1_8a1320e8-dd5c-4600-baa0-576a48a135a2-1.jpg\",\"width\":1000,\"height\":1000},{\"@type\":\"BreadcrumbList\",\"@id\":\"https:\\\/\\\/deliangdisplay.com\\\/our-product\\\/displays\\\/retail-mannequins\\\/de-liang-newest-female-dressform-half-body-manenquin-clothing-display-model-body-standwooden-arms-and-base-for-clothing-dress-store-display\\\/#breadcrumb\",\"itemListElement\":[{\"@type\":\"ListItem\",\"position\":1,\"name\":\"\u9996\u9875\",\"item\":\"https:\\\/\\\/deliangdisplay.com\\\/\"},{\"@type\":\"ListItem\",\"position\":2,\"name\":\"Our Product\",\"item\":\"https:\\\/\\\/deliangdisplay.com\\\/our-product\\\/\"},{\"@type\":\"ListItem\",\"position\":3,\"name\":\"DE-LIANG NEWEST Female Dressform Half Body Manenquin, Clothing Display Model Body Stand,Wooden Arms and Base for Clothing\\\/Dress Store Display,\"}]},{\"@type\":\"WebSite\",\"@id\":\"https:\\\/\\\/deliangdisplay.com\\\/#website\",\"url\":\"https:\\\/\\\/deliangdisplay.com\\\/\",\"name\":\"deliangdisplay.com\",\"description\":\"DE-LIANG - Providing bespoke packaging solutions and luxurious display design services for brands in jewelry, apparel, watches, beauty cosmetics, and more.\",\"publisher\":{\"@id\":\"https:\\\/\\\/deliangdisplay.com\\\/#organization\"},\"potentialAction\":[{\"@type\":\"SearchAction\",\"target\":{\"@type\":\"EntryPoint\",\"urlTemplate\":\"https:\\\/\\\/deliangdisplay.com\\\/?s={search_term_string}\"},\"query-input\":{\"@type\":\"PropertyValueSpecification\",\"valueRequired\":true,\"valueName\":\"search_term_string\"}}],\"inLanguage\":\"fr-FR\"},{\"@type\":\"Organization\",\"@id\":\"https:\\\/\\\/deliangdisplay.com\\\/#organization\",\"name\":\"deliangdisplay.com\",\"url\":\"https:\\\/\\\/deliangdisplay.com\\\/\",\"logo\":{\"@type\":\"ImageObject\",\"inLanguage\":\"fr-FR\",\"@id\":\"https:\\\/\\\/deliangdisplay.com\\\/#\\\/schema\\\/logo\\\/image\\\/\",\"url\":\"https:\\\/\\\/deliangdisplay.com\\\/wp-content\\\/uploads\\\/2025\\\/08\\\/DELIANGDISPALY_logo.png\",\"contentUrl\":\"https:\\\/\\\/deliangdisplay.com\\\/wp-content\\\/uploads\\\/2025\\\/08\\\/DELIANGDISPALY_logo.png\",\"width\":300,\"height\":130,\"caption\":\"deliangdisplay.com\"},\"image\":{\"@id\":\"https:\\\/\\\/deliangdisplay.com\\\/#\\\/schema\\\/logo\\\/image\\\/\"},\"sameAs\":[\"https:\\\/\\\/www.facebook.com\\\/JaneZhang008\\\/\",\"https:\\\/\\\/x.com\\\/ly673551729\"]}]}<\/script>\n<!-- \/ Yoast SEO plugin. -->","yoast_head_json":{"title":"DE-LIANG NEWEST Dressform Femelle Mannequin demi-corps, V\u00eatements Display Model Body Stand, Bras et Base en bois pour V\u00eatements\/Dress Store Display, - DE-LIANG - bijouterie,joaillerie,horlogerie,beaut\u00e9,cosm\u00e9tique","robots":{"index":"index","follow":"follow","max-snippet":"max-snippet:-1","max-image-preview":"max-image-preview:large","max-video-preview":"max-video-preview:-1"},"canonical":"https:\/\/deliangdisplay.com\/fr\/notre-produit\/affichages\/mannequins-de-vente-au-detail\/de-liang-newest-female-dressform-half-body-manenquin-clothing-display-model-body-standwooden-arms-and-base-for-clothing-dress-store-display\/","og_locale":"fr_FR","og_type":"article","og_title":"DE-LIANG NEWEST Female Dressform Half Body Manenquin, Clothing Display Model Body Stand,Wooden Arms and Base for Clothing\/Dress Store Display, - DE-LIANG - jewelry,clothes,watch,beauty cosmetics","og_description":"Half-body model in plaid fabric, personalized fabric upgrade.Accurate shape, elegant posture, solid wood arms, free movement  Great for t-shirts, jackets, dresses, shirts, sweaters, pants, wig and accessories.(Note: Accessories in the picture are for display only, not included in the package.)  The body of the mannequin made by the impression process, without any other stitching, is stronger  Please pay attention to the mannequin you want to buy before you place an order. All three models have different thigh lengths!!!","og_url":"https:\/\/deliangdisplay.com\/fr\/notre-produit\/affichages\/mannequins-de-vente-au-detail\/de-liang-newest-female-dressform-half-body-manenquin-clothing-display-model-body-standwooden-arms-and-base-for-clothing-dress-store-display\/","og_site_name":"DE-LIANG - jewelry,clothes,watch,beauty cosmetics","article_publisher":"https:\/\/www.facebook.com\/JaneZhang008\/","article_modified_time":"2025-08-19T06:40:55+00:00","og_image":[{"width":1000,"height":1000,"url":"https:\/\/deliangdisplay.com\/wp-content\/uploads\/2025\/08\/1_8a1320e8-dd5c-4600-baa0-576a48a135a2-1.jpg","type":"image\/jpeg"}],"twitter_card":"summary_large_image","twitter_site":"@ly673551729","twitter_misc":{"Dur\u00e9e de lecture estim\u00e9e":"3 minutes"},"schema":{"@context":"https:\/\/schema.org","@graph":[{"@type":"WebPage","@id":"https:\/\/deliangdisplay.com\/our-product\/displays\/retail-mannequins\/de-liang-newest-female-dressform-half-body-manenquin-clothing-display-model-body-standwooden-arms-and-base-for-clothing-dress-store-display\/","url":"https:\/\/deliangdisplay.com\/our-product\/displays\/retail-mannequins\/de-liang-newest-female-dressform-half-body-manenquin-clothing-display-model-body-standwooden-arms-and-base-for-clothing-dress-store-display\/","name":"DE-LIANG NEWEST Dressform Femelle Mannequin demi-corps, V\u00eatements Display Model Body Stand, Bras et Base en bois pour V\u00eatements\/Dress Store Display, - DE-LIANG - bijouterie,joaillerie,horlogerie,beaut\u00e9,cosm\u00e9tique","isPartOf":{"@id":"https:\/\/deliangdisplay.com\/#website"},"primaryImageOfPage":{"@id":"https:\/\/deliangdisplay.com\/our-product\/displays\/retail-mannequins\/de-liang-newest-female-dressform-half-body-manenquin-clothing-display-model-body-standwooden-arms-and-base-for-clothing-dress-store-display\/#primaryimage"},"image":{"@id":"https:\/\/deliangdisplay.com\/our-product\/displays\/retail-mannequins\/de-liang-newest-female-dressform-half-body-manenquin-clothing-display-model-body-standwooden-arms-and-base-for-clothing-dress-store-display\/#primaryimage"},"thumbnailUrl":"https:\/\/deliangdisplay.com\/wp-content\/uploads\/2025\/08\/1_8a1320e8-dd5c-4600-baa0-576a48a135a2-1.jpg","datePublished":"2025-08-19T06:40:53+00:00","dateModified":"2025-08-19T06:40:55+00:00","breadcrumb":{"@id":"https:\/\/deliangdisplay.com\/our-product\/displays\/retail-mannequins\/de-liang-newest-female-dressform-half-body-manenquin-clothing-display-model-body-standwooden-arms-and-base-for-clothing-dress-store-display\/#breadcrumb"},"inLanguage":"fr-FR","potentialAction":[{"@type":"ReadAction","target":["https:\/\/deliangdisplay.com\/our-product\/displays\/retail-mannequins\/de-liang-newest-female-dressform-half-body-manenquin-clothing-display-model-body-standwooden-arms-and-base-for-clothing-dress-store-display\/"]}]},{"@type":"ImageObject","inLanguage":"fr-FR","@id":"https:\/\/deliangdisplay.com\/our-product\/displays\/retail-mannequins\/de-liang-newest-female-dressform-half-body-manenquin-clothing-display-model-body-standwooden-arms-and-base-for-clothing-dress-store-display\/#primaryimage","url":"https:\/\/deliangdisplay.com\/wp-content\/uploads\/2025\/08\/1_8a1320e8-dd5c-4600-baa0-576a48a135a2-1.jpg","contentUrl":"https:\/\/deliangdisplay.com\/wp-content\/uploads\/2025\/08\/1_8a1320e8-dd5c-4600-baa0-576a48a135a2-1.jpg","width":1000,"height":1000},{"@type":"BreadcrumbList","@id":"https:\/\/deliangdisplay.com\/our-product\/displays\/retail-mannequins\/de-liang-newest-female-dressform-half-body-manenquin-clothing-display-model-body-standwooden-arms-and-base-for-clothing-dress-store-display\/#breadcrumb","itemListElement":[{"@type":"ListItem","position":1,"name":"\u9996\u9875","item":"https:\/\/deliangdisplay.com\/"},{"@type":"ListItem","position":2,"name":"Our Product","item":"https:\/\/deliangdisplay.com\/our-product\/"},{"@type":"ListItem","position":3,"name":"DE-LIANG NEWEST Female Dressform Half Body Manenquin, Clothing Display Model Body Stand,Wooden Arms and Base for Clothing\/Dress Store Display,"}]},{"@type":"WebSite","@id":"https:\/\/deliangdisplay.com\/#website","url":"https:\/\/deliangdisplay.com\/","name":"deliangdisplay.com","description":"DE-LIANG - Fournit des solutions d'emballage sur mesure et des services de conception de pr\u00e9sentoirs luxueux pour les marques de bijoux, de v\u00eatements, de montres, de produits de beaut\u00e9 et de cosm\u00e9tiques, et plus encore.","publisher":{"@id":"https:\/\/deliangdisplay.com\/#organization"},"potentialAction":[{"@type":"SearchAction","target":{"@type":"EntryPoint","urlTemplate":"https:\/\/deliangdisplay.com\/?s={search_term_string}"},"query-input":{"@type":"PropertyValueSpecification","valueRequired":true,"valueName":"search_term_string"}}],"inLanguage":"fr-FR"},{"@type":"Organization","@id":"https:\/\/deliangdisplay.com\/#organization","name":"deliangdisplay.com","url":"https:\/\/deliangdisplay.com\/","logo":{"@type":"ImageObject","inLanguage":"fr-FR","@id":"https:\/\/deliangdisplay.com\/#\/schema\/logo\/image\/","url":"https:\/\/deliangdisplay.com\/wp-content\/uploads\/2025\/08\/DELIANGDISPALY_logo.png","contentUrl":"https:\/\/deliangdisplay.com\/wp-content\/uploads\/2025\/08\/DELIANGDISPALY_logo.png","width":300,"height":130,"caption":"deliangdisplay.com"},"image":{"@id":"https:\/\/deliangdisplay.com\/#\/schema\/logo\/image\/"},"sameAs":["https:\/\/www.facebook.com\/JaneZhang008\/","https:\/\/x.com\/ly673551729"]}]}},"_links":{"self":[{"href":"https:\/\/deliangdisplay.com\/fr\/wp-json\/wp\/v2\/product\/42567","targetHints":{"allow":["GET"]}}],"collection":[{"href":"https:\/\/deliangdisplay.com\/fr\/wp-json\/wp\/v2\/product"}],"about":[{"href":"https:\/\/deliangdisplay.com\/fr\/wp-json\/wp\/v2\/types\/product"}],"replies":[{"embeddable":true,"href":"https:\/\/deliangdisplay.com\/fr\/wp-json\/wp\/v2\/comments?post=42567"}],"wp:featuredmedia":[{"embeddable":true,"href":"https:\/\/deliangdisplay.com\/fr\/wp-json\/wp\/v2\/media\/42568"}],"wp:attachment":[{"href":"https:\/\/deliangdisplay.com\/fr\/wp-json\/wp\/v2\/media?parent=42567"}],"wp:term":[{"taxonomy":"product_brand","embeddable":true,"href":"https:\/\/deliangdisplay.com\/fr\/wp-json\/wp\/v2\/product_brand?post=42567"},{"taxonomy":"product_cat","embeddable":true,"href":"https:\/\/deliangdisplay.com\/fr\/wp-json\/wp\/v2\/product_cat?post=42567"},{"taxonomy":"product_tag","embeddable":true,"href":"https:\/\/deliangdisplay.com\/fr\/wp-json\/wp\/v2\/product_tag?post=42567"}],"curies":[{"name":"wp","href":"https:\/\/api.w.org\/{rel}","templated":true}]}}