{"id":42546,"date":"2025-08-18T15:41:38","date_gmt":"2025-08-18T07:41:38","guid":{"rendered":"https:\/\/deliangdisplay.com\/?post_type=product&#038;p=42546"},"modified":"2025-08-18T15:41:39","modified_gmt":"2025-08-18T07:41:39","slug":"de-liang-luxury-female-half-body-mannequinfashion-leather-fabric-dress-form-torsobust-modelwooden-arm-head-dummy-female-body-clothing-display","status":"publish","type":"product","link":"https:\/\/deliangdisplay.com\/fr\/notre-produit\/affichages\/mannequins-de-vente-au-detail\/de-liang-luxury-female-half-body-mannequinfashion-leather-fabric-dress-form-torsobust-modelwooden-arm-head-dummy-female-body-clothing-display\/","title":{"rendered":"DE-LIANG Luxury Female Half Body Mannequin,Fashion Leather Fabric Dress Form torso,Bust Model,Wooden Arm Head Dummy Female Body Clothing Display"},"content":{"rendered":"<p>DE-LIANG mannequin d'affichage en cuir pour femme \u00e0 mi-corps, le nouveau design en 2025 !<\/p>\n<p>-Rev\u00eatement de la t\u00eate : housse en tissu<br \/>\nTissus en cuir<br \/>\nBase carr\u00e9e argent\u00e9e<\/p>\n<p>-Les bras sont en bois blanc\/marron vintage.<\/p>\n<p>-Mat\u00e9riau : fibre de verre<\/p>\n<p>-Couvercle amovible, interface m\u00e9tallique, robuste et fiable<br \/>\nBras en bois massif, qualit\u00e9 haut de gamme, mat\u00e9riau en bois massif<br \/>\nInterface \u00e0 ressort du bras, interface \u00e0 ressort, amovible et amovible<\/p>\n<p>-Nous nous engageons \u00e0 faire en sorte que chaque fen\u00eatre ait un charme unique. Avec la qualit\u00e9 et le service comme base, nous cr\u00e9ons chaque produit avec tout notre c\u0153ur pour vous apporter une nouvelle exp\u00e9rience de cr\u00e9ation de fen\u00eatres. Un syst\u00e8me de qualit\u00e9 strict et un service sans souci tout au long du processus constituent notre philosophie et notre pers\u00e9v\u00e9rance. Pour la beaut\u00e9 des vitrines<\/p>\n<p>----------Size-------------<\/p>\n<p>Largeur d'\u00e9paule : 40cm(16 pouces)<\/p>\n<p>Poitrine:70cm(27.5 inch)<\/p>\n<p>Taille:56cm(22 pouces)<\/p>\n<p>Hanches:77cm(30.3 inch)<\/p>\n<p>Hauteur du corps : 68CM (28 pouces)<\/p>\n<p>Hauteur r\u00e9glable : 143-188CM(56.3-74 inch)<\/p>\n<p>----------Advantage---------<\/p>\n<p>.Mannequin buste : utilis\u00e9 pour les vitrines. Vous pouvez l'utiliser comme pr\u00e9sentoir de chapeau, de tissu de luxe, d'\u00e9charpe ou de pantalon. Les bras et la t\u00eate en bois sont amovibles.<\/p>\n<p>...Conception abstraite de la t\u00eate, haute plasticit\u00e9, conception de l'interface de la vis, pratique et ferme ;<\/p>\n<p>.L'interface du bras est con\u00e7ue avec des ressorts, l'installation est facile, la rotation est de 360\u00b0 ;<\/p>\n<p>.Les doigts m\u00e9caniques imitent la conception des articulations humaines et permettent d'adopter librement diverses poses.<\/p>\n<p>.Peut supporter des objets lourds, du pr\u00eat-\u00e0-porter, des robes de mari\u00e9e, des meubles et des mat\u00e9riaux de d\u00e9coration. Base antid\u00e9rapante, plus stable. \u00c9vite de rayer le sol lors du d\u00e9placement du mod\u00e8le.<\/p>\n<p>.Base m\u00e9tallique, en acier inoxydable, belle apparence, stable et durable.<\/p>\n<p>\ud83d\udd3aImportant !!!<\/p>\n<p>Certains pays ont une taxe d'environ 20USD, si vous n'\u00eates pas pr\u00eat \u00e0 payer cette taxe, ne passez pas commande, car si vous rejetez le colis et le renvoyez par DHL, nous perdons beaucoup d'argent, merci.<\/p>\n<p>Politique de retour : le produit est exp\u00e9di\u00e9 de Chine et c'est notre prix le plus bas pour un nouveau magasin, s'il n'y a pas de probl\u00e8me de qualit\u00e9, nous ne pouvons pas accepter de retour, car le fret de livraison est trop co\u00fbteux (attention).<\/p>\n<p>Les marchandises sont exp\u00e9di\u00e9es par avion de porte \u00e0 porte et le d\u00e9lai d'exp\u00e9dition est de 12 \u00e0 15 jours (frais de d\u00e9douanement et taxes compris). Si vous souhaitez recevoir les marchandises plus rapidement, vous pouvez nous contacter et nous organiserons une livraison express pour vous. Si vous souhaitez recevoir la marchandise plus rapidement, vous pouvez nous contacter et nous organiserons un service de livraison express pour vous.<\/p>\n<p>Si vous souhaitez acheter le mod\u00e8le pour homme, vous pouvez cliquer sur le lien ci-dessous pour le voir et l'acheter!\uff01\uff01\uff01\uff01<\/p>\n<p>https:\/\/www.etsy.com\/listing\/1640954427\/<\/p>\n<p>\ud83d\udc49Question ?<\/p>\n<p>Si vous avez des questions, n'h\u00e9sitez pas \u00e0 nous contacter. Nous vous r\u00e9pondrons dans les 24 heures.<\/p>","protected":false},"excerpt":{"rendered":"<p>DE-LIANG mannequin d'affichage en cuir pour femme \u00e0 mi-corps, le nouveau design en 2025 !<\/p>","protected":false},"featured_media":42547,"comment_status":"open","ping_status":"closed","template":"","meta":{"_acf_changed":false},"product_brand":[],"product_cat":[51],"product_tag":[],"class_list":{"0":"post-42546","1":"product","2":"type-product","3":"status-publish","4":"has-post-thumbnail","6":"product_cat-retail-mannequins","8":"first","9":"instock","10":"shipping-taxable","11":"purchasable","12":"product-type-simple"},"acf":[],"yoast_head":"<!-- This site is optimized with the Yoast SEO plugin v27.4 - https:\/\/yoast.com\/product\/yoast-seo-wordpress\/ -->\n<title>DE-LIANG Luxury Female Half Body Mannequin,Fashion Leather Fabric Dress Form torso,Bust Model,Wooden Arm Head Dummy Female Body Clothing Display - DE-LIANG - jewelry,clothes,watch,beauty cosmetics<\/title>\n<meta name=\"robots\" content=\"index, follow, max-snippet:-1, max-image-preview:large, max-video-preview:-1\" \/>\n<link rel=\"canonical\" href=\"https:\/\/deliangdisplay.com\/fr\/notre-produit\/affichages\/mannequins-de-vente-au-detail\/de-liang-luxury-female-half-body-mannequinfashion-leather-fabric-dress-form-torsobust-modelwooden-arm-head-dummy-female-body-clothing-display\/\" \/>\n<meta property=\"og:locale\" content=\"fr_FR\" \/>\n<meta property=\"og:type\" content=\"article\" \/>\n<meta property=\"og:title\" content=\"DE-LIANG Luxury Female Half Body Mannequin,Fashion Leather Fabric Dress Form torso,Bust Model,Wooden Arm Head Dummy Female Body Clothing Display - DE-LIANG - jewelry,clothes,watch,beauty cosmetics\" \/>\n<meta property=\"og:description\" content=\"DE-LIANG female half body leather display mannequin, the newest design in 2025!\" \/>\n<meta property=\"og:url\" content=\"https:\/\/deliangdisplay.com\/fr\/notre-produit\/affichages\/mannequins-de-vente-au-detail\/de-liang-luxury-female-half-body-mannequinfashion-leather-fabric-dress-form-torsobust-modelwooden-arm-head-dummy-female-body-clothing-display\/\" \/>\n<meta property=\"og:site_name\" content=\"DE-LIANG - jewelry,clothes,watch,beauty cosmetics\" \/>\n<meta property=\"article:publisher\" content=\"https:\/\/www.facebook.com\/JaneZhang008\/\" \/>\n<meta property=\"article:modified_time\" content=\"2025-08-18T07:41:39+00:00\" \/>\n<meta property=\"og:image\" content=\"https:\/\/deliangdisplay.com\/wp-content\/uploads\/2025\/08\/1_1c24af5a-b561-4833-9318-e690e68a8056.jpg\" \/>\n\t<meta property=\"og:image:width\" content=\"1000\" \/>\n\t<meta property=\"og:image:height\" content=\"1000\" \/>\n\t<meta property=\"og:image:type\" content=\"image\/jpeg\" \/>\n<meta name=\"twitter:card\" content=\"summary_large_image\" \/>\n<meta name=\"twitter:site\" content=\"@ly673551729\" \/>\n<meta name=\"twitter:label1\" content=\"Dur\u00e9e de lecture estim\u00e9e\" \/>\n\t<meta name=\"twitter:data1\" content=\"2 minutes\" \/>\n<script type=\"application\/ld+json\" class=\"yoast-schema-graph\">{\"@context\":\"https:\\\/\\\/schema.org\",\"@graph\":[{\"@type\":\"WebPage\",\"@id\":\"https:\\\/\\\/deliangdisplay.com\\\/our-product\\\/displays\\\/retail-mannequins\\\/de-liang-luxury-female-half-body-mannequinfashion-leather-fabric-dress-form-torsobust-modelwooden-arm-head-dummy-female-body-clothing-display\\\/\",\"url\":\"https:\\\/\\\/deliangdisplay.com\\\/our-product\\\/displays\\\/retail-mannequins\\\/de-liang-luxury-female-half-body-mannequinfashion-leather-fabric-dress-form-torsobust-modelwooden-arm-head-dummy-female-body-clothing-display\\\/\",\"name\":\"DE-LIANG Luxury Female Half Body Mannequin,Fashion Leather Fabric Dress Form torso,Bust Model,Wooden Arm Head Dummy Female Body Clothing Display - DE-LIANG - jewelry,clothes,watch,beauty cosmetics\",\"isPartOf\":{\"@id\":\"https:\\\/\\\/deliangdisplay.com\\\/#website\"},\"primaryImageOfPage\":{\"@id\":\"https:\\\/\\\/deliangdisplay.com\\\/our-product\\\/displays\\\/retail-mannequins\\\/de-liang-luxury-female-half-body-mannequinfashion-leather-fabric-dress-form-torsobust-modelwooden-arm-head-dummy-female-body-clothing-display\\\/#primaryimage\"},\"image\":{\"@id\":\"https:\\\/\\\/deliangdisplay.com\\\/our-product\\\/displays\\\/retail-mannequins\\\/de-liang-luxury-female-half-body-mannequinfashion-leather-fabric-dress-form-torsobust-modelwooden-arm-head-dummy-female-body-clothing-display\\\/#primaryimage\"},\"thumbnailUrl\":\"https:\\\/\\\/deliangdisplay.com\\\/wp-content\\\/uploads\\\/2025\\\/08\\\/1_1c24af5a-b561-4833-9318-e690e68a8056.jpg\",\"datePublished\":\"2025-08-18T07:41:38+00:00\",\"dateModified\":\"2025-08-18T07:41:39+00:00\",\"breadcrumb\":{\"@id\":\"https:\\\/\\\/deliangdisplay.com\\\/our-product\\\/displays\\\/retail-mannequins\\\/de-liang-luxury-female-half-body-mannequinfashion-leather-fabric-dress-form-torsobust-modelwooden-arm-head-dummy-female-body-clothing-display\\\/#breadcrumb\"},\"inLanguage\":\"fr-FR\",\"potentialAction\":[{\"@type\":\"ReadAction\",\"target\":[\"https:\\\/\\\/deliangdisplay.com\\\/our-product\\\/displays\\\/retail-mannequins\\\/de-liang-luxury-female-half-body-mannequinfashion-leather-fabric-dress-form-torsobust-modelwooden-arm-head-dummy-female-body-clothing-display\\\/\"]}]},{\"@type\":\"ImageObject\",\"inLanguage\":\"fr-FR\",\"@id\":\"https:\\\/\\\/deliangdisplay.com\\\/our-product\\\/displays\\\/retail-mannequins\\\/de-liang-luxury-female-half-body-mannequinfashion-leather-fabric-dress-form-torsobust-modelwooden-arm-head-dummy-female-body-clothing-display\\\/#primaryimage\",\"url\":\"https:\\\/\\\/deliangdisplay.com\\\/wp-content\\\/uploads\\\/2025\\\/08\\\/1_1c24af5a-b561-4833-9318-e690e68a8056.jpg\",\"contentUrl\":\"https:\\\/\\\/deliangdisplay.com\\\/wp-content\\\/uploads\\\/2025\\\/08\\\/1_1c24af5a-b561-4833-9318-e690e68a8056.jpg\",\"width\":1000,\"height\":1000},{\"@type\":\"BreadcrumbList\",\"@id\":\"https:\\\/\\\/deliangdisplay.com\\\/our-product\\\/displays\\\/retail-mannequins\\\/de-liang-luxury-female-half-body-mannequinfashion-leather-fabric-dress-form-torsobust-modelwooden-arm-head-dummy-female-body-clothing-display\\\/#breadcrumb\",\"itemListElement\":[{\"@type\":\"ListItem\",\"position\":1,\"name\":\"\u9996\u9875\",\"item\":\"https:\\\/\\\/deliangdisplay.com\\\/\"},{\"@type\":\"ListItem\",\"position\":2,\"name\":\"Our Product\",\"item\":\"https:\\\/\\\/deliangdisplay.com\\\/our-product\\\/\"},{\"@type\":\"ListItem\",\"position\":3,\"name\":\"DE-LIANG Luxury Female Half Body Mannequin,Fashion Leather Fabric Dress Form torso,Bust Model,Wooden Arm Head Dummy Female Body Clothing Display\"}]},{\"@type\":\"WebSite\",\"@id\":\"https:\\\/\\\/deliangdisplay.com\\\/#website\",\"url\":\"https:\\\/\\\/deliangdisplay.com\\\/\",\"name\":\"deliangdisplay.com\",\"description\":\"DE-LIANG - Providing bespoke packaging solutions and luxurious display design services for brands in jewelry, apparel, watches, beauty cosmetics, and more.\",\"publisher\":{\"@id\":\"https:\\\/\\\/deliangdisplay.com\\\/#organization\"},\"potentialAction\":[{\"@type\":\"SearchAction\",\"target\":{\"@type\":\"EntryPoint\",\"urlTemplate\":\"https:\\\/\\\/deliangdisplay.com\\\/?s={search_term_string}\"},\"query-input\":{\"@type\":\"PropertyValueSpecification\",\"valueRequired\":true,\"valueName\":\"search_term_string\"}}],\"inLanguage\":\"fr-FR\"},{\"@type\":\"Organization\",\"@id\":\"https:\\\/\\\/deliangdisplay.com\\\/#organization\",\"name\":\"deliangdisplay.com\",\"url\":\"https:\\\/\\\/deliangdisplay.com\\\/\",\"logo\":{\"@type\":\"ImageObject\",\"inLanguage\":\"fr-FR\",\"@id\":\"https:\\\/\\\/deliangdisplay.com\\\/#\\\/schema\\\/logo\\\/image\\\/\",\"url\":\"https:\\\/\\\/deliangdisplay.com\\\/wp-content\\\/uploads\\\/2025\\\/08\\\/DELIANGDISPALY_logo.png\",\"contentUrl\":\"https:\\\/\\\/deliangdisplay.com\\\/wp-content\\\/uploads\\\/2025\\\/08\\\/DELIANGDISPALY_logo.png\",\"width\":300,\"height\":130,\"caption\":\"deliangdisplay.com\"},\"image\":{\"@id\":\"https:\\\/\\\/deliangdisplay.com\\\/#\\\/schema\\\/logo\\\/image\\\/\"},\"sameAs\":[\"https:\\\/\\\/www.facebook.com\\\/JaneZhang008\\\/\",\"https:\\\/\\\/x.com\\\/ly673551729\"]}]}<\/script>\n<!-- \/ Yoast SEO plugin. -->","yoast_head_json":{"title":"DE-LIANG Luxury Female Half Body Mannequin,Fashion Leather Fabric Dress Form torso,Bust Model,Wooden Arm Head Dummy Female Body Clothing Display - DE-LIANG - jewelry,clothes,watch,beauty cosmetics","robots":{"index":"index","follow":"follow","max-snippet":"max-snippet:-1","max-image-preview":"max-image-preview:large","max-video-preview":"max-video-preview:-1"},"canonical":"https:\/\/deliangdisplay.com\/fr\/notre-produit\/affichages\/mannequins-de-vente-au-detail\/de-liang-luxury-female-half-body-mannequinfashion-leather-fabric-dress-form-torsobust-modelwooden-arm-head-dummy-female-body-clothing-display\/","og_locale":"fr_FR","og_type":"article","og_title":"DE-LIANG Luxury Female Half Body Mannequin,Fashion Leather Fabric Dress Form torso,Bust Model,Wooden Arm Head Dummy Female Body Clothing Display - DE-LIANG - jewelry,clothes,watch,beauty cosmetics","og_description":"DE-LIANG female half body leather display mannequin, the newest design in 2025!","og_url":"https:\/\/deliangdisplay.com\/fr\/notre-produit\/affichages\/mannequins-de-vente-au-detail\/de-liang-luxury-female-half-body-mannequinfashion-leather-fabric-dress-form-torsobust-modelwooden-arm-head-dummy-female-body-clothing-display\/","og_site_name":"DE-LIANG - jewelry,clothes,watch,beauty cosmetics","article_publisher":"https:\/\/www.facebook.com\/JaneZhang008\/","article_modified_time":"2025-08-18T07:41:39+00:00","og_image":[{"width":1000,"height":1000,"url":"https:\/\/deliangdisplay.com\/wp-content\/uploads\/2025\/08\/1_1c24af5a-b561-4833-9318-e690e68a8056.jpg","type":"image\/jpeg"}],"twitter_card":"summary_large_image","twitter_site":"@ly673551729","twitter_misc":{"Dur\u00e9e de lecture estim\u00e9e":"2 minutes"},"schema":{"@context":"https:\/\/schema.org","@graph":[{"@type":"WebPage","@id":"https:\/\/deliangdisplay.com\/our-product\/displays\/retail-mannequins\/de-liang-luxury-female-half-body-mannequinfashion-leather-fabric-dress-form-torsobust-modelwooden-arm-head-dummy-female-body-clothing-display\/","url":"https:\/\/deliangdisplay.com\/our-product\/displays\/retail-mannequins\/de-liang-luxury-female-half-body-mannequinfashion-leather-fabric-dress-form-torsobust-modelwooden-arm-head-dummy-female-body-clothing-display\/","name":"DE-LIANG Luxury Female Half Body Mannequin,Fashion Leather Fabric Dress Form torso,Bust Model,Wooden Arm Head Dummy Female Body Clothing Display - DE-LIANG - jewelry,clothes,watch,beauty cosmetics","isPartOf":{"@id":"https:\/\/deliangdisplay.com\/#website"},"primaryImageOfPage":{"@id":"https:\/\/deliangdisplay.com\/our-product\/displays\/retail-mannequins\/de-liang-luxury-female-half-body-mannequinfashion-leather-fabric-dress-form-torsobust-modelwooden-arm-head-dummy-female-body-clothing-display\/#primaryimage"},"image":{"@id":"https:\/\/deliangdisplay.com\/our-product\/displays\/retail-mannequins\/de-liang-luxury-female-half-body-mannequinfashion-leather-fabric-dress-form-torsobust-modelwooden-arm-head-dummy-female-body-clothing-display\/#primaryimage"},"thumbnailUrl":"https:\/\/deliangdisplay.com\/wp-content\/uploads\/2025\/08\/1_1c24af5a-b561-4833-9318-e690e68a8056.jpg","datePublished":"2025-08-18T07:41:38+00:00","dateModified":"2025-08-18T07:41:39+00:00","breadcrumb":{"@id":"https:\/\/deliangdisplay.com\/our-product\/displays\/retail-mannequins\/de-liang-luxury-female-half-body-mannequinfashion-leather-fabric-dress-form-torsobust-modelwooden-arm-head-dummy-female-body-clothing-display\/#breadcrumb"},"inLanguage":"fr-FR","potentialAction":[{"@type":"ReadAction","target":["https:\/\/deliangdisplay.com\/our-product\/displays\/retail-mannequins\/de-liang-luxury-female-half-body-mannequinfashion-leather-fabric-dress-form-torsobust-modelwooden-arm-head-dummy-female-body-clothing-display\/"]}]},{"@type":"ImageObject","inLanguage":"fr-FR","@id":"https:\/\/deliangdisplay.com\/our-product\/displays\/retail-mannequins\/de-liang-luxury-female-half-body-mannequinfashion-leather-fabric-dress-form-torsobust-modelwooden-arm-head-dummy-female-body-clothing-display\/#primaryimage","url":"https:\/\/deliangdisplay.com\/wp-content\/uploads\/2025\/08\/1_1c24af5a-b561-4833-9318-e690e68a8056.jpg","contentUrl":"https:\/\/deliangdisplay.com\/wp-content\/uploads\/2025\/08\/1_1c24af5a-b561-4833-9318-e690e68a8056.jpg","width":1000,"height":1000},{"@type":"BreadcrumbList","@id":"https:\/\/deliangdisplay.com\/our-product\/displays\/retail-mannequins\/de-liang-luxury-female-half-body-mannequinfashion-leather-fabric-dress-form-torsobust-modelwooden-arm-head-dummy-female-body-clothing-display\/#breadcrumb","itemListElement":[{"@type":"ListItem","position":1,"name":"\u9996\u9875","item":"https:\/\/deliangdisplay.com\/"},{"@type":"ListItem","position":2,"name":"Our Product","item":"https:\/\/deliangdisplay.com\/our-product\/"},{"@type":"ListItem","position":3,"name":"DE-LIANG Luxury Female Half Body Mannequin,Fashion Leather Fabric Dress Form torso,Bust Model,Wooden Arm Head Dummy Female Body Clothing Display"}]},{"@type":"WebSite","@id":"https:\/\/deliangdisplay.com\/#website","url":"https:\/\/deliangdisplay.com\/","name":"deliangdisplay.com","description":"DE-LIANG - Fournit des solutions d'emballage sur mesure et des services de conception de pr\u00e9sentoirs luxueux pour les marques de bijoux, de v\u00eatements, de montres, de produits de beaut\u00e9 et de cosm\u00e9tiques, et plus encore.","publisher":{"@id":"https:\/\/deliangdisplay.com\/#organization"},"potentialAction":[{"@type":"SearchAction","target":{"@type":"EntryPoint","urlTemplate":"https:\/\/deliangdisplay.com\/?s={search_term_string}"},"query-input":{"@type":"PropertyValueSpecification","valueRequired":true,"valueName":"search_term_string"}}],"inLanguage":"fr-FR"},{"@type":"Organization","@id":"https:\/\/deliangdisplay.com\/#organization","name":"deliangdisplay.com","url":"https:\/\/deliangdisplay.com\/","logo":{"@type":"ImageObject","inLanguage":"fr-FR","@id":"https:\/\/deliangdisplay.com\/#\/schema\/logo\/image\/","url":"https:\/\/deliangdisplay.com\/wp-content\/uploads\/2025\/08\/DELIANGDISPALY_logo.png","contentUrl":"https:\/\/deliangdisplay.com\/wp-content\/uploads\/2025\/08\/DELIANGDISPALY_logo.png","width":300,"height":130,"caption":"deliangdisplay.com"},"image":{"@id":"https:\/\/deliangdisplay.com\/#\/schema\/logo\/image\/"},"sameAs":["https:\/\/www.facebook.com\/JaneZhang008\/","https:\/\/x.com\/ly673551729"]}]}},"_links":{"self":[{"href":"https:\/\/deliangdisplay.com\/fr\/wp-json\/wp\/v2\/product\/42546","targetHints":{"allow":["GET"]}}],"collection":[{"href":"https:\/\/deliangdisplay.com\/fr\/wp-json\/wp\/v2\/product"}],"about":[{"href":"https:\/\/deliangdisplay.com\/fr\/wp-json\/wp\/v2\/types\/product"}],"replies":[{"embeddable":true,"href":"https:\/\/deliangdisplay.com\/fr\/wp-json\/wp\/v2\/comments?post=42546"}],"wp:featuredmedia":[{"embeddable":true,"href":"https:\/\/deliangdisplay.com\/fr\/wp-json\/wp\/v2\/media\/42547"}],"wp:attachment":[{"href":"https:\/\/deliangdisplay.com\/fr\/wp-json\/wp\/v2\/media?parent=42546"}],"wp:term":[{"taxonomy":"product_brand","embeddable":true,"href":"https:\/\/deliangdisplay.com\/fr\/wp-json\/wp\/v2\/product_brand?post=42546"},{"taxonomy":"product_cat","embeddable":true,"href":"https:\/\/deliangdisplay.com\/fr\/wp-json\/wp\/v2\/product_cat?post=42546"},{"taxonomy":"product_tag","embeddable":true,"href":"https:\/\/deliangdisplay.com\/fr\/wp-json\/wp\/v2\/product_tag?post=42546"}],"curies":[{"name":"wp","href":"https:\/\/api.w.org\/{rel}","templated":true}]}}