{"id":42524,"date":"2025-08-16T16:30:18","date_gmt":"2025-08-16T08:30:18","guid":{"rendered":"https:\/\/deliangdisplay.com\/?post_type=product&#038;p=42524"},"modified":"2025-08-16T16:30:19","modified_gmt":"2025-08-16T08:30:19","slug":"de-liang-silk-velvet-new-style-jewelry-organizer-case-velvet-jewelry-box","status":"publish","type":"product","link":"https:\/\/deliangdisplay.com\/fr\/notre-produit\/emballage\/emballage-pour-lorganisation-des-bijoux\/de-liang-silk-velvet-new-style-jewelry-organizer-case-velvet-jewelry-box\/","title":{"rendered":"DE-LIANG Silk Velvet New Style Jewelry Organizer case Velvet Jewelry Box"},"content":{"rendered":"<p data-start=\"149\" data-end=\"440\">Am\u00e9liorez le rangement de vos bijoux avec le <strong data-start=\"187\" data-end=\"218\">DE-LIANG Bo\u00eete \u00e0 bijoux en velours<\/strong>, Le sac \u00e0 dos de l'enfant, con\u00e7u dans un esprit de luxe et de praticit\u00e9, est un produit de grande qualit\u00e9. Fabriqu\u00e9 en <strong data-start=\"277\" data-end=\"300\">velours de soie de premi\u00e8re qualit\u00e9<\/strong>, Cet organisateur pr\u00e9sente une texture douce et \u00e9l\u00e9gante tout en offrant une excellente protection \u00e0 vos bagues, boucles d'oreilles, colliers et bracelets.<\/p>\n<p data-start=\"442\" data-end=\"712\">L'int\u00e9rieur comporte plusieurs compartiments qui vous permettent de ranger et d'acc\u00e9der \u00e0 vos bijoux sans les emm\u00ealer ni les ab\u00eemer. Une fermeture \u00e0 glissi\u00e8re robuste permet de garder vos objets de valeur en s\u00e9curit\u00e9, tandis que le design compact et \u00e9l\u00e9gant est parfait pour le rangement \u00e0 la maison et les voyages.<\/p>\n<p data-start=\"714\" data-end=\"882\">Disponible dans une vari\u00e9t\u00e9 de couleurs riches, cet \u00e9tui \u00e0 bijoux n'est pas seulement fonctionnel, il est aussi une d\u00e9claration de sophistication - id\u00e9al pour un usage personnel ou comme cadeau attentionn\u00e9.<\/p>\n<hr data-start=\"884\" data-end=\"887\" \/>\n<h3 data-start=\"889\" data-end=\"911\"><strong data-start=\"893\" data-end=\"909\">Caract\u00e9ristiques principales<\/strong><\/h3>\n<ul data-start=\"912\" data-end=\"1452\">\n<li data-start=\"912\" data-end=\"1008\">\n<p data-start=\"914\" data-end=\"1008\"><strong data-start=\"914\" data-end=\"936\">Mat\u00e9riau luxueux<\/strong> - Fabriqu\u00e9 en velours de soie de haute qualit\u00e9 pour un toucher doux et \u00e9l\u00e9gant.<\/p>\n<\/li>\n<li data-start=\"1009\" data-end=\"1113\">\n<p data-start=\"1011\" data-end=\"1113\"><strong data-start=\"1011\" data-end=\"1036\">Compartiments multiples<\/strong> - Permet d'organiser et de prot\u00e9ger les bagues, boucles d'oreilles, colliers et bracelets.<\/p>\n<\/li>\n<li data-start=\"1114\" data-end=\"1205\">\n<p data-start=\"1116\" data-end=\"1205\"><strong data-start=\"1116\" data-end=\"1135\">Convivialit\u00e9 du voyage<\/strong> - L\u00e9ger, portable et s\u00e9curis\u00e9 par une fermeture \u00e0 glissi\u00e8re durable.<\/p>\n<\/li>\n<li data-start=\"1206\" data-end=\"1315\">\n<p data-start=\"1208\" data-end=\"1315\"><strong data-start=\"1208\" data-end=\"1226\">Design \u00e9l\u00e9gant<\/strong> - Disponible dans des couleurs \u00e9l\u00e9gantes comme le vert \u00e9meraude, le bleu ciel et l'or champagne.<\/p>\n<\/li>\n<li data-start=\"1316\" data-end=\"1452\">\n<p data-start=\"1318\" data-end=\"1452\"><strong data-start=\"1318\" data-end=\"1341\">Le choix id\u00e9al pour un cadeau<\/strong> - Un organisateur raffin\u00e9 pour les femmes, adapt\u00e9 aux occasions sp\u00e9ciales telles que les anniversaires et les f\u00eates.<\/p>\n<\/li>\n<\/ul>\n<hr data-start=\"1454\" data-end=\"1457\" \/>\n<h3 data-start=\"1459\" data-end=\"1483\"><strong data-start=\"1463\" data-end=\"1481\">Sp\u00e9cifications<\/strong><\/h3>\n<ul data-start=\"1484\" data-end=\"1680\">\n<li data-start=\"1484\" data-end=\"1523\">\n<p data-start=\"1486\" data-end=\"1523\">Mati\u00e8re : Velours de soie + doublure douce<\/p>\n<\/li>\n<li data-start=\"1524\" data-end=\"1543\">\n<p data-start=\"1526\" data-end=\"1543\">Fermeture : Fermeture \u00e0 glissi\u00e8re<\/p>\n<\/li>\n<li data-start=\"1544\" data-end=\"1564\">\n<p data-start=\"1546\" data-end=\"1564\">Forme : Rectangle<\/p>\n<\/li>\n<li data-start=\"1565\" data-end=\"1618\">\n<p data-start=\"1567\" data-end=\"1618\">Fonction : Rangement des bijoux, organisateur, \u00e9tui de voyage<\/p>\n<\/li>\n<li data-start=\"1619\" data-end=\"1680\">\n<p data-start=\"1621\" data-end=\"1680\">Application : Usage personnel, Emballage cadeau, Pr\u00e9sentoir de vente au d\u00e9tail<\/p>\n<\/li>\n<\/ul>\n<hr data-start=\"1682\" data-end=\"1685\" \/>\n<p data-start=\"1687\" data-end=\"1750\">\u2728 <strong data-start=\"1689\" data-end=\"1748\">DE-LIANG - Pr\u00e9sentoirs et emballages pour bijoux de luxe<\/strong><\/p>","protected":false},"excerpt":{"rendered":"<p>Am\u00e9liorez le rangement de vos bijoux avec le <strong data-start=\"187\" data-end=\"218\">DE-LIANG Bo\u00eete \u00e0 bijoux en velours<\/strong>, Le sac \u00e0 dos de l'enfant, con\u00e7u dans un esprit de luxe et de praticit\u00e9, est un produit de grande qualit\u00e9. Fabriqu\u00e9 en <strong data-start=\"277\" data-end=\"300\">velours de soie de premi\u00e8re qualit\u00e9<\/strong>, Cet organisateur pr\u00e9sente une texture douce et \u00e9l\u00e9gante tout en offrant une excellente protection \u00e0 vos bagues, boucles d'oreilles, colliers et bracelets.<\/p>","protected":false},"featured_media":42525,"comment_status":"open","ping_status":"closed","template":"","meta":{"_acf_changed":false},"product_brand":[],"product_cat":[73],"product_tag":[],"class_list":{"0":"post-42524","1":"product","2":"type-product","3":"status-publish","4":"has-post-thumbnail","6":"product_cat-jewelry-organization-packaging","8":"first","9":"instock","10":"shipping-taxable","11":"purchasable","12":"product-type-simple"},"acf":[],"yoast_head":"<!-- This site is optimized with the Yoast SEO plugin v27.4 - https:\/\/yoast.com\/product\/yoast-seo-wordpress\/ -->\n<title>DE-LIANG Silk Velvet New Style Jewelry Organizer case Velvet Jewelry Box - DE-LIANG - jewelry,clothes,watch,beauty cosmetics<\/title>\n<meta name=\"robots\" content=\"index, follow, max-snippet:-1, max-image-preview:large, max-video-preview:-1\" \/>\n<link rel=\"canonical\" href=\"https:\/\/deliangdisplay.com\/fr\/notre-produit\/emballage\/emballage-pour-lorganisation-des-bijoux\/de-liang-silk-velvet-new-style-jewelry-organizer-case-velvet-jewelry-box\/\" \/>\n<meta property=\"og:locale\" content=\"fr_FR\" \/>\n<meta property=\"og:type\" content=\"article\" \/>\n<meta property=\"og:title\" content=\"DE-LIANG Silk Velvet New Style Jewelry Organizer case Velvet Jewelry Box - DE-LIANG - jewelry,clothes,watch,beauty cosmetics\" \/>\n<meta property=\"og:description\" content=\"Elevate your jewelry storage with the DE-LIANG Velvet Jewelry Box, designed with luxury and practicality in mind. Made from premium silk velvet, this organizer showcases a soft, elegant texture while offering excellent protection for your rings, earrings, necklaces, and bracelets.\" \/>\n<meta property=\"og:url\" content=\"https:\/\/deliangdisplay.com\/fr\/notre-produit\/emballage\/emballage-pour-lorganisation-des-bijoux\/de-liang-silk-velvet-new-style-jewelry-organizer-case-velvet-jewelry-box\/\" \/>\n<meta property=\"og:site_name\" content=\"DE-LIANG - jewelry,clothes,watch,beauty cosmetics\" \/>\n<meta property=\"article:publisher\" content=\"https:\/\/www.facebook.com\/JaneZhang008\/\" \/>\n<meta property=\"article:modified_time\" content=\"2025-08-16T08:30:19+00:00\" \/>\n<meta property=\"og:image\" content=\"https:\/\/deliangdisplay.com\/wp-content\/uploads\/2025\/08\/120-30.png\" \/>\n\t<meta property=\"og:image:width\" content=\"800\" \/>\n\t<meta property=\"og:image:height\" content=\"800\" \/>\n\t<meta property=\"og:image:type\" content=\"image\/png\" \/>\n<meta name=\"twitter:card\" content=\"summary_large_image\" \/>\n<meta name=\"twitter:site\" content=\"@ly673551729\" \/>\n<meta name=\"twitter:label1\" content=\"Dur\u00e9e de lecture estim\u00e9e\" \/>\n\t<meta name=\"twitter:data1\" content=\"2 minutes\" \/>\n<script type=\"application\/ld+json\" class=\"yoast-schema-graph\">{\"@context\":\"https:\\\/\\\/schema.org\",\"@graph\":[{\"@type\":\"WebPage\",\"@id\":\"https:\\\/\\\/deliangdisplay.com\\\/our-product\\\/packaging\\\/jewelry-organization-packaging\\\/de-liang-silk-velvet-new-style-jewelry-organizer-case-velvet-jewelry-box\\\/\",\"url\":\"https:\\\/\\\/deliangdisplay.com\\\/our-product\\\/packaging\\\/jewelry-organization-packaging\\\/de-liang-silk-velvet-new-style-jewelry-organizer-case-velvet-jewelry-box\\\/\",\"name\":\"DE-LIANG Silk Velvet New Style Jewelry Organizer case Velvet Jewelry Box - DE-LIANG - jewelry,clothes,watch,beauty cosmetics\",\"isPartOf\":{\"@id\":\"https:\\\/\\\/deliangdisplay.com\\\/#website\"},\"primaryImageOfPage\":{\"@id\":\"https:\\\/\\\/deliangdisplay.com\\\/our-product\\\/packaging\\\/jewelry-organization-packaging\\\/de-liang-silk-velvet-new-style-jewelry-organizer-case-velvet-jewelry-box\\\/#primaryimage\"},\"image\":{\"@id\":\"https:\\\/\\\/deliangdisplay.com\\\/our-product\\\/packaging\\\/jewelry-organization-packaging\\\/de-liang-silk-velvet-new-style-jewelry-organizer-case-velvet-jewelry-box\\\/#primaryimage\"},\"thumbnailUrl\":\"https:\\\/\\\/deliangdisplay.com\\\/wp-content\\\/uploads\\\/2025\\\/08\\\/120-30.png\",\"datePublished\":\"2025-08-16T08:30:18+00:00\",\"dateModified\":\"2025-08-16T08:30:19+00:00\",\"breadcrumb\":{\"@id\":\"https:\\\/\\\/deliangdisplay.com\\\/our-product\\\/packaging\\\/jewelry-organization-packaging\\\/de-liang-silk-velvet-new-style-jewelry-organizer-case-velvet-jewelry-box\\\/#breadcrumb\"},\"inLanguage\":\"fr-FR\",\"potentialAction\":[{\"@type\":\"ReadAction\",\"target\":[\"https:\\\/\\\/deliangdisplay.com\\\/our-product\\\/packaging\\\/jewelry-organization-packaging\\\/de-liang-silk-velvet-new-style-jewelry-organizer-case-velvet-jewelry-box\\\/\"]}]},{\"@type\":\"ImageObject\",\"inLanguage\":\"fr-FR\",\"@id\":\"https:\\\/\\\/deliangdisplay.com\\\/our-product\\\/packaging\\\/jewelry-organization-packaging\\\/de-liang-silk-velvet-new-style-jewelry-organizer-case-velvet-jewelry-box\\\/#primaryimage\",\"url\":\"https:\\\/\\\/deliangdisplay.com\\\/wp-content\\\/uploads\\\/2025\\\/08\\\/120-30.png\",\"contentUrl\":\"https:\\\/\\\/deliangdisplay.com\\\/wp-content\\\/uploads\\\/2025\\\/08\\\/120-30.png\",\"width\":800,\"height\":800},{\"@type\":\"BreadcrumbList\",\"@id\":\"https:\\\/\\\/deliangdisplay.com\\\/our-product\\\/packaging\\\/jewelry-organization-packaging\\\/de-liang-silk-velvet-new-style-jewelry-organizer-case-velvet-jewelry-box\\\/#breadcrumb\",\"itemListElement\":[{\"@type\":\"ListItem\",\"position\":1,\"name\":\"\u9996\u9875\",\"item\":\"https:\\\/\\\/deliangdisplay.com\\\/\"},{\"@type\":\"ListItem\",\"position\":2,\"name\":\"Our Product\",\"item\":\"https:\\\/\\\/deliangdisplay.com\\\/our-product\\\/\"},{\"@type\":\"ListItem\",\"position\":3,\"name\":\"DE-LIANG Silk Velvet New Style Jewelry Organizer case Velvet Jewelry Box\"}]},{\"@type\":\"WebSite\",\"@id\":\"https:\\\/\\\/deliangdisplay.com\\\/#website\",\"url\":\"https:\\\/\\\/deliangdisplay.com\\\/\",\"name\":\"deliangdisplay.com\",\"description\":\"DE-LIANG - Providing bespoke packaging solutions and luxurious display design services for brands in jewelry, apparel, watches, beauty cosmetics, and more.\",\"publisher\":{\"@id\":\"https:\\\/\\\/deliangdisplay.com\\\/#organization\"},\"potentialAction\":[{\"@type\":\"SearchAction\",\"target\":{\"@type\":\"EntryPoint\",\"urlTemplate\":\"https:\\\/\\\/deliangdisplay.com\\\/?s={search_term_string}\"},\"query-input\":{\"@type\":\"PropertyValueSpecification\",\"valueRequired\":true,\"valueName\":\"search_term_string\"}}],\"inLanguage\":\"fr-FR\"},{\"@type\":\"Organization\",\"@id\":\"https:\\\/\\\/deliangdisplay.com\\\/#organization\",\"name\":\"deliangdisplay.com\",\"url\":\"https:\\\/\\\/deliangdisplay.com\\\/\",\"logo\":{\"@type\":\"ImageObject\",\"inLanguage\":\"fr-FR\",\"@id\":\"https:\\\/\\\/deliangdisplay.com\\\/#\\\/schema\\\/logo\\\/image\\\/\",\"url\":\"https:\\\/\\\/deliangdisplay.com\\\/wp-content\\\/uploads\\\/2025\\\/08\\\/DELIANGDISPALY_logo.png\",\"contentUrl\":\"https:\\\/\\\/deliangdisplay.com\\\/wp-content\\\/uploads\\\/2025\\\/08\\\/DELIANGDISPALY_logo.png\",\"width\":300,\"height\":130,\"caption\":\"deliangdisplay.com\"},\"image\":{\"@id\":\"https:\\\/\\\/deliangdisplay.com\\\/#\\\/schema\\\/logo\\\/image\\\/\"},\"sameAs\":[\"https:\\\/\\\/www.facebook.com\\\/JaneZhang008\\\/\",\"https:\\\/\\\/x.com\\\/ly673551729\"]}]}<\/script>\n<!-- \/ Yoast SEO plugin. -->","yoast_head_json":{"title":"DE-LIANG Silk Velvet New Style Jewelry Organizer case Velvet Jewelry Box - DE-LIANG - bijouterie,vetements,montres,beaute,cosmetique","robots":{"index":"index","follow":"follow","max-snippet":"max-snippet:-1","max-image-preview":"max-image-preview:large","max-video-preview":"max-video-preview:-1"},"canonical":"https:\/\/deliangdisplay.com\/fr\/notre-produit\/emballage\/emballage-pour-lorganisation-des-bijoux\/de-liang-silk-velvet-new-style-jewelry-organizer-case-velvet-jewelry-box\/","og_locale":"fr_FR","og_type":"article","og_title":"DE-LIANG Silk Velvet New Style Jewelry Organizer case Velvet Jewelry Box - DE-LIANG - jewelry,clothes,watch,beauty cosmetics","og_description":"Elevate your jewelry storage with the DE-LIANG Velvet Jewelry Box, designed with luxury and practicality in mind. Made from premium silk velvet, this organizer showcases a soft, elegant texture while offering excellent protection for your rings, earrings, necklaces, and bracelets.","og_url":"https:\/\/deliangdisplay.com\/fr\/notre-produit\/emballage\/emballage-pour-lorganisation-des-bijoux\/de-liang-silk-velvet-new-style-jewelry-organizer-case-velvet-jewelry-box\/","og_site_name":"DE-LIANG - jewelry,clothes,watch,beauty cosmetics","article_publisher":"https:\/\/www.facebook.com\/JaneZhang008\/","article_modified_time":"2025-08-16T08:30:19+00:00","og_image":[{"width":800,"height":800,"url":"https:\/\/deliangdisplay.com\/wp-content\/uploads\/2025\/08\/120-30.png","type":"image\/png"}],"twitter_card":"summary_large_image","twitter_site":"@ly673551729","twitter_misc":{"Dur\u00e9e de lecture estim\u00e9e":"2 minutes"},"schema":{"@context":"https:\/\/schema.org","@graph":[{"@type":"WebPage","@id":"https:\/\/deliangdisplay.com\/our-product\/packaging\/jewelry-organization-packaging\/de-liang-silk-velvet-new-style-jewelry-organizer-case-velvet-jewelry-box\/","url":"https:\/\/deliangdisplay.com\/our-product\/packaging\/jewelry-organization-packaging\/de-liang-silk-velvet-new-style-jewelry-organizer-case-velvet-jewelry-box\/","name":"DE-LIANG Silk Velvet New Style Jewelry Organizer case Velvet Jewelry Box - DE-LIANG - bijouterie,vetements,montres,beaute,cosmetique","isPartOf":{"@id":"https:\/\/deliangdisplay.com\/#website"},"primaryImageOfPage":{"@id":"https:\/\/deliangdisplay.com\/our-product\/packaging\/jewelry-organization-packaging\/de-liang-silk-velvet-new-style-jewelry-organizer-case-velvet-jewelry-box\/#primaryimage"},"image":{"@id":"https:\/\/deliangdisplay.com\/our-product\/packaging\/jewelry-organization-packaging\/de-liang-silk-velvet-new-style-jewelry-organizer-case-velvet-jewelry-box\/#primaryimage"},"thumbnailUrl":"https:\/\/deliangdisplay.com\/wp-content\/uploads\/2025\/08\/120-30.png","datePublished":"2025-08-16T08:30:18+00:00","dateModified":"2025-08-16T08:30:19+00:00","breadcrumb":{"@id":"https:\/\/deliangdisplay.com\/our-product\/packaging\/jewelry-organization-packaging\/de-liang-silk-velvet-new-style-jewelry-organizer-case-velvet-jewelry-box\/#breadcrumb"},"inLanguage":"fr-FR","potentialAction":[{"@type":"ReadAction","target":["https:\/\/deliangdisplay.com\/our-product\/packaging\/jewelry-organization-packaging\/de-liang-silk-velvet-new-style-jewelry-organizer-case-velvet-jewelry-box\/"]}]},{"@type":"ImageObject","inLanguage":"fr-FR","@id":"https:\/\/deliangdisplay.com\/our-product\/packaging\/jewelry-organization-packaging\/de-liang-silk-velvet-new-style-jewelry-organizer-case-velvet-jewelry-box\/#primaryimage","url":"https:\/\/deliangdisplay.com\/wp-content\/uploads\/2025\/08\/120-30.png","contentUrl":"https:\/\/deliangdisplay.com\/wp-content\/uploads\/2025\/08\/120-30.png","width":800,"height":800},{"@type":"BreadcrumbList","@id":"https:\/\/deliangdisplay.com\/our-product\/packaging\/jewelry-organization-packaging\/de-liang-silk-velvet-new-style-jewelry-organizer-case-velvet-jewelry-box\/#breadcrumb","itemListElement":[{"@type":"ListItem","position":1,"name":"\u9996\u9875","item":"https:\/\/deliangdisplay.com\/"},{"@type":"ListItem","position":2,"name":"Our Product","item":"https:\/\/deliangdisplay.com\/our-product\/"},{"@type":"ListItem","position":3,"name":"DE-LIANG Silk Velvet New Style Jewelry Organizer case Velvet Jewelry Box"}]},{"@type":"WebSite","@id":"https:\/\/deliangdisplay.com\/#website","url":"https:\/\/deliangdisplay.com\/","name":"deliangdisplay.com","description":"DE-LIANG - Fournit des solutions d'emballage sur mesure et des services de conception de pr\u00e9sentoirs luxueux pour les marques de bijoux, de v\u00eatements, de montres, de produits de beaut\u00e9 et de cosm\u00e9tiques, et plus encore.","publisher":{"@id":"https:\/\/deliangdisplay.com\/#organization"},"potentialAction":[{"@type":"SearchAction","target":{"@type":"EntryPoint","urlTemplate":"https:\/\/deliangdisplay.com\/?s={search_term_string}"},"query-input":{"@type":"PropertyValueSpecification","valueRequired":true,"valueName":"search_term_string"}}],"inLanguage":"fr-FR"},{"@type":"Organization","@id":"https:\/\/deliangdisplay.com\/#organization","name":"deliangdisplay.com","url":"https:\/\/deliangdisplay.com\/","logo":{"@type":"ImageObject","inLanguage":"fr-FR","@id":"https:\/\/deliangdisplay.com\/#\/schema\/logo\/image\/","url":"https:\/\/deliangdisplay.com\/wp-content\/uploads\/2025\/08\/DELIANGDISPALY_logo.png","contentUrl":"https:\/\/deliangdisplay.com\/wp-content\/uploads\/2025\/08\/DELIANGDISPALY_logo.png","width":300,"height":130,"caption":"deliangdisplay.com"},"image":{"@id":"https:\/\/deliangdisplay.com\/#\/schema\/logo\/image\/"},"sameAs":["https:\/\/www.facebook.com\/JaneZhang008\/","https:\/\/x.com\/ly673551729"]}]}},"_links":{"self":[{"href":"https:\/\/deliangdisplay.com\/fr\/wp-json\/wp\/v2\/product\/42524","targetHints":{"allow":["GET"]}}],"collection":[{"href":"https:\/\/deliangdisplay.com\/fr\/wp-json\/wp\/v2\/product"}],"about":[{"href":"https:\/\/deliangdisplay.com\/fr\/wp-json\/wp\/v2\/types\/product"}],"replies":[{"embeddable":true,"href":"https:\/\/deliangdisplay.com\/fr\/wp-json\/wp\/v2\/comments?post=42524"}],"wp:featuredmedia":[{"embeddable":true,"href":"https:\/\/deliangdisplay.com\/fr\/wp-json\/wp\/v2\/media\/42525"}],"wp:attachment":[{"href":"https:\/\/deliangdisplay.com\/fr\/wp-json\/wp\/v2\/media?parent=42524"}],"wp:term":[{"taxonomy":"product_brand","embeddable":true,"href":"https:\/\/deliangdisplay.com\/fr\/wp-json\/wp\/v2\/product_brand?post=42524"},{"taxonomy":"product_cat","embeddable":true,"href":"https:\/\/deliangdisplay.com\/fr\/wp-json\/wp\/v2\/product_cat?post=42524"},{"taxonomy":"product_tag","embeddable":true,"href":"https:\/\/deliangdisplay.com\/fr\/wp-json\/wp\/v2\/product_tag?post=42524"}],"curies":[{"name":"wp","href":"https:\/\/api.w.org\/{rel}","templated":true}]}}