{"id":42517,"date":"2025-08-16T16:20:47","date_gmt":"2025-08-16T08:20:47","guid":{"rendered":"https:\/\/deliangdisplay.com\/?post_type=product&#038;p=42517"},"modified":"2025-08-16T16:20:47","modified_gmt":"2025-08-16T08:20:47","slug":"de-liang-jewelry-case-travel-leather-storage-necklace-packaging-boxes-display-jewelry-organizers-jewelry-organizers-velvet-necklace-jewel","status":"publish","type":"product","link":"https:\/\/deliangdisplay.com\/fr\/notre-produit\/emballage\/emballage-pour-lorganisation-des-bijoux\/de-liang-jewelry-case-travel-leather-storage-necklace-packaging-boxes-display-jewelry-organizers-jewelry-organizers-velvet-necklace-jewel\/","title":{"rendered":"DE-LIANG Coffret \u00e0 bijoux de voyage en cuir Bo\u00eetes d'emballage pour colliers Pr\u00e9sentoir Organisateurs de bijoux Organisateurs de bijoux en velours Bijoux de colliers"},"content":{"rendered":"<p data-start=\"188\" data-end=\"499\">Gardez vos bijoux en s\u00e9curit\u00e9, organis\u00e9s et magnifiquement expos\u00e9s avec le <strong data-start=\"258\" data-end=\"283\">\u00c9tui \u00e0 bijoux DE-LIANG<\/strong>. Fabriqu\u00e9e en cuir PU de premi\u00e8re qualit\u00e9, avec une finition lisse et \u00e9l\u00e9gante, et doubl\u00e9e de velours doux, cette bo\u00eete de rangement pour bijoux est con\u00e7ue pour prot\u00e9ger vos colliers, boucles d'oreilles, bagues et bracelets des rayures et des enchev\u00eatrements.<\/p>\n<p data-start=\"501\" data-end=\"767\">Parfaite pour les voyages ou l'usage quotidien, la conception compacte mais spacieuse garantit que vos pi\u00e8ces pr\u00e9f\u00e9r\u00e9es sont toujours \u00e0 port\u00e9e de main. La fermeture \u00e0 pression s\u00e9curis\u00e9e garantit la tranquillit\u00e9 d'esprit, tandis que l'agencement int\u00e9rieur bien pens\u00e9 facilite la pr\u00e9sentation et l'organisation de votre collection de bijoux.<\/p>\n<p data-start=\"769\" data-end=\"935\">Qu'il s'agisse d'un usage personnel, d'un emballage cadeau ou d'une pr\u00e9sentation au d\u00e9tail, cet organisateur de bijoux polyvalent combine les \u00e9l\u00e9ments suivants <strong data-start=\"872\" data-end=\"913\">luxe, durabilit\u00e9 et fonctionnalit\u00e9<\/strong> dans une bo\u00eete \u00e9l\u00e9gante.<\/p>\n<hr data-start=\"937\" data-end=\"940\" \/>\n<h3 data-start=\"942\" data-end=\"964\"><strong data-start=\"946\" data-end=\"962\">Caract\u00e9ristiques principales<\/strong><\/h3>\n<ul data-start=\"965\" data-end=\"1485\">\n<li data-start=\"965\" data-end=\"1075\">\n<p data-start=\"967\" data-end=\"1075\"><strong data-start=\"967\" data-end=\"987\">Mat\u00e9riau de qualit\u00e9 sup\u00e9rieure<\/strong> - Fabriqu\u00e9 en cuir PU de haute qualit\u00e9 avec un int\u00e9rieur en velours doux pour une protection maximale.<\/p>\n<\/li>\n<li data-start=\"1076\" data-end=\"1176\">\n<p data-start=\"1078\" data-end=\"1176\"><strong data-start=\"1078\" data-end=\"1104\">Conception adapt\u00e9e aux d\u00e9placements<\/strong> - L\u00e9ger, compact et facile \u00e0 transporter dans votre sac \u00e0 main ou vos bagages.<\/p>\n<\/li>\n<li data-start=\"1177\" data-end=\"1284\">\n<p data-start=\"1179\" data-end=\"1284\"><strong data-start=\"1179\" data-end=\"1207\">Disposition adapt\u00e9e aux colliers<\/strong> - Emp\u00eache l'enchev\u00eatrement tout en gardant vos bijoux en s\u00e9curit\u00e9 et bien rang\u00e9s.<\/p>\n<\/li>\n<li data-start=\"1285\" data-end=\"1386\">\n<p data-start=\"1287\" data-end=\"1386\"><strong data-start=\"1287\" data-end=\"1304\">Utilisation polyvalente<\/strong> - Id\u00e9al pour le stockage quotidien, les voyages, l'emballage de cadeaux ou la pr\u00e9sentation de bijoux en boutique.<\/p>\n<\/li>\n<li data-start=\"1387\" data-end=\"1485\">\n<p data-start=\"1389\" data-end=\"1485\"><strong data-start=\"1389\" data-end=\"1405\">Look \u00e9l\u00e9gant<\/strong> - Un design \u00e9l\u00e9gant et intemporel qui rehausse la pr\u00e9sentation de vos bijoux.<\/p>\n<\/li>\n<\/ul>\n<hr data-start=\"1487\" data-end=\"1490\" \/>\n<h3 data-start=\"1492\" data-end=\"1516\"><strong data-start=\"1496\" data-end=\"1514\">Sp\u00e9cifications<\/strong><\/h3>\n<ul data-start=\"1517\" data-end=\"1762\">\n<li data-start=\"1517\" data-end=\"1557\">\n<p data-start=\"1519\" data-end=\"1557\">Mati\u00e8re : Cuir PU + doublure en velours<\/p>\n<\/li>\n<li data-start=\"1558\" data-end=\"1616\">\n<p data-start=\"1560\" data-end=\"1616\">Options de couleur : Personnalisable (noir, blanc, rose, etc.)<\/p>\n<\/li>\n<li data-start=\"1617\" data-end=\"1697\">\n<p data-start=\"1619\" data-end=\"1697\">Fonction : Rangement des bijoux, emballage des colliers, organisateur de voyage, bo\u00eete d'exposition<\/p>\n<\/li>\n<li data-start=\"1698\" data-end=\"1762\">\n<p data-start=\"1700\" data-end=\"1762\">Application : Magasins de d\u00e9tail, collections personnelles, cadeaux<\/p>\n<\/li>\n<\/ul>\n<hr data-start=\"1764\" data-end=\"1767\" \/>\n<p data-start=\"1769\" data-end=\"1948\">\u2728 <strong data-start=\"1771\" data-end=\"1839\">DE-LIANG - Fabricant professionnel de pr\u00e9sentoirs et d'emballages pour bijoux<\/strong><br data-start=\"1839\" data-end=\"1842\" \/>Nous sommes sp\u00e9cialis\u00e9s dans les accessoires de pr\u00e9sentation de bijoux, les \u00e9tuis et les emballages de haute qualit\u00e9. Les commandes OEM et ODM sont les bienvenues.<\/p>","protected":false},"excerpt":{"rendered":"<p>Gardez vos bijoux en s\u00e9curit\u00e9, organis\u00e9s et magnifiquement expos\u00e9s avec le <strong data-start=\"258\" data-end=\"283\">\u00c9tui \u00e0 bijoux DE-LIANG<\/strong>. Fabriqu\u00e9e en cuir PU de premi\u00e8re qualit\u00e9, avec une finition lisse et \u00e9l\u00e9gante, et doubl\u00e9e de velours doux, cette bo\u00eete de rangement pour bijoux est con\u00e7ue pour prot\u00e9ger vos colliers, boucles d'oreilles, bagues et bracelets des rayures et des enchev\u00eatrements.<\/p>","protected":false},"featured_media":42518,"comment_status":"open","ping_status":"closed","template":"","meta":{"_acf_changed":false},"product_brand":[],"product_cat":[73],"product_tag":[],"class_list":{"0":"post-42517","1":"product","2":"type-product","3":"status-publish","4":"has-post-thumbnail","6":"product_cat-jewelry-organization-packaging","8":"first","9":"instock","10":"shipping-taxable","11":"purchasable","12":"product-type-simple"},"acf":[],"yoast_head":"<!-- This site is optimized with the Yoast SEO plugin v27.4 - https:\/\/yoast.com\/product\/yoast-seo-wordpress\/ -->\n<title>DE-LIANG Jewelry Case Travel Leather Storage Necklace Packaging Boxes Display Jewelry Organizers Jewelry Organizers Velvet Necklace Jewel - DE-LIANG - jewelry,clothes,watch,beauty cosmetics<\/title>\n<meta name=\"robots\" content=\"index, follow, max-snippet:-1, max-image-preview:large, max-video-preview:-1\" \/>\n<link rel=\"canonical\" href=\"https:\/\/deliangdisplay.com\/fr\/notre-produit\/emballage\/emballage-pour-lorganisation-des-bijoux\/de-liang-jewelry-case-travel-leather-storage-necklace-packaging-boxes-display-jewelry-organizers-jewelry-organizers-velvet-necklace-jewel\/\" \/>\n<meta property=\"og:locale\" content=\"fr_FR\" \/>\n<meta property=\"og:type\" content=\"article\" \/>\n<meta property=\"og:title\" content=\"DE-LIANG Jewelry Case Travel Leather Storage Necklace Packaging Boxes Display Jewelry Organizers Jewelry Organizers Velvet Necklace Jewel - DE-LIANG - jewelry,clothes,watch,beauty cosmetics\" \/>\n<meta property=\"og:description\" content=\"Keep your jewelry safe, organized, and beautifully displayed with the DE-LIANG Jewelry Case. Crafted from premium PU leather with a smooth, elegant finish and lined with soft velvet, this jewelry storage box is designed to protect your necklaces, earrings, rings, and bracelets from scratches and tangles.\" \/>\n<meta property=\"og:url\" content=\"https:\/\/deliangdisplay.com\/fr\/notre-produit\/emballage\/emballage-pour-lorganisation-des-bijoux\/de-liang-jewelry-case-travel-leather-storage-necklace-packaging-boxes-display-jewelry-organizers-jewelry-organizers-velvet-necklace-jewel\/\" \/>\n<meta property=\"og:site_name\" content=\"DE-LIANG - jewelry,clothes,watch,beauty cosmetics\" \/>\n<meta property=\"article:publisher\" content=\"https:\/\/www.facebook.com\/JaneZhang008\/\" \/>\n<meta property=\"og:image\" content=\"https:\/\/deliangdisplay.com\/wp-content\/uploads\/2025\/08\/67d6664541d089cd257c7c155c818eae_compress-16-1024x634.png\" \/>\n\t<meta property=\"og:image:width\" content=\"1024\" \/>\n\t<meta property=\"og:image:height\" content=\"634\" \/>\n\t<meta property=\"og:image:type\" content=\"image\/png\" \/>\n<meta name=\"twitter:card\" content=\"summary_large_image\" \/>\n<meta name=\"twitter:site\" content=\"@ly673551729\" \/>\n<meta name=\"twitter:label1\" content=\"Dur\u00e9e de lecture estim\u00e9e\" \/>\n\t<meta name=\"twitter:data1\" content=\"2 minutes\" \/>\n<script type=\"application\/ld+json\" class=\"yoast-schema-graph\">{\"@context\":\"https:\\\/\\\/schema.org\",\"@graph\":[{\"@type\":\"WebPage\",\"@id\":\"https:\\\/\\\/deliangdisplay.com\\\/our-product\\\/packaging\\\/jewelry-organization-packaging\\\/de-liang-jewelry-case-travel-leather-storage-necklace-packaging-boxes-display-jewelry-organizers-jewelry-organizers-velvet-necklace-jewel\\\/\",\"url\":\"https:\\\/\\\/deliangdisplay.com\\\/our-product\\\/packaging\\\/jewelry-organization-packaging\\\/de-liang-jewelry-case-travel-leather-storage-necklace-packaging-boxes-display-jewelry-organizers-jewelry-organizers-velvet-necklace-jewel\\\/\",\"name\":\"DE-LIANG Jewelry Case Travel Leather Storage Necklace Packaging Boxes Display Jewelry Organizers Jewelry Organizers Velvet Necklace Jewel - DE-LIANG - jewelry,clothes,watch,beauty cosmetics\",\"isPartOf\":{\"@id\":\"https:\\\/\\\/deliangdisplay.com\\\/#website\"},\"primaryImageOfPage\":{\"@id\":\"https:\\\/\\\/deliangdisplay.com\\\/our-product\\\/packaging\\\/jewelry-organization-packaging\\\/de-liang-jewelry-case-travel-leather-storage-necklace-packaging-boxes-display-jewelry-organizers-jewelry-organizers-velvet-necklace-jewel\\\/#primaryimage\"},\"image\":{\"@id\":\"https:\\\/\\\/deliangdisplay.com\\\/our-product\\\/packaging\\\/jewelry-organization-packaging\\\/de-liang-jewelry-case-travel-leather-storage-necklace-packaging-boxes-display-jewelry-organizers-jewelry-organizers-velvet-necklace-jewel\\\/#primaryimage\"},\"thumbnailUrl\":\"https:\\\/\\\/deliangdisplay.com\\\/wp-content\\\/uploads\\\/2025\\\/08\\\/67d6664541d089cd257c7c155c818eae_compress-16.png\",\"datePublished\":\"2025-08-16T08:20:47+00:00\",\"breadcrumb\":{\"@id\":\"https:\\\/\\\/deliangdisplay.com\\\/our-product\\\/packaging\\\/jewelry-organization-packaging\\\/de-liang-jewelry-case-travel-leather-storage-necklace-packaging-boxes-display-jewelry-organizers-jewelry-organizers-velvet-necklace-jewel\\\/#breadcrumb\"},\"inLanguage\":\"fr-FR\",\"potentialAction\":[{\"@type\":\"ReadAction\",\"target\":[\"https:\\\/\\\/deliangdisplay.com\\\/our-product\\\/packaging\\\/jewelry-organization-packaging\\\/de-liang-jewelry-case-travel-leather-storage-necklace-packaging-boxes-display-jewelry-organizers-jewelry-organizers-velvet-necklace-jewel\\\/\"]}]},{\"@type\":\"ImageObject\",\"inLanguage\":\"fr-FR\",\"@id\":\"https:\\\/\\\/deliangdisplay.com\\\/our-product\\\/packaging\\\/jewelry-organization-packaging\\\/de-liang-jewelry-case-travel-leather-storage-necklace-packaging-boxes-display-jewelry-organizers-jewelry-organizers-velvet-necklace-jewel\\\/#primaryimage\",\"url\":\"https:\\\/\\\/deliangdisplay.com\\\/wp-content\\\/uploads\\\/2025\\\/08\\\/67d6664541d089cd257c7c155c818eae_compress-16.png\",\"contentUrl\":\"https:\\\/\\\/deliangdisplay.com\\\/wp-content\\\/uploads\\\/2025\\\/08\\\/67d6664541d089cd257c7c155c818eae_compress-16.png\",\"width\":2000,\"height\":1238},{\"@type\":\"BreadcrumbList\",\"@id\":\"https:\\\/\\\/deliangdisplay.com\\\/our-product\\\/packaging\\\/jewelry-organization-packaging\\\/de-liang-jewelry-case-travel-leather-storage-necklace-packaging-boxes-display-jewelry-organizers-jewelry-organizers-velvet-necklace-jewel\\\/#breadcrumb\",\"itemListElement\":[{\"@type\":\"ListItem\",\"position\":1,\"name\":\"\u9996\u9875\",\"item\":\"https:\\\/\\\/deliangdisplay.com\\\/\"},{\"@type\":\"ListItem\",\"position\":2,\"name\":\"Our Product\",\"item\":\"https:\\\/\\\/deliangdisplay.com\\\/our-product\\\/\"},{\"@type\":\"ListItem\",\"position\":3,\"name\":\"DE-LIANG Jewelry Case Travel Leather Storage Necklace Packaging Boxes Display Jewelry Organizers Jewelry Organizers Velvet Necklace Jewel\"}]},{\"@type\":\"WebSite\",\"@id\":\"https:\\\/\\\/deliangdisplay.com\\\/#website\",\"url\":\"https:\\\/\\\/deliangdisplay.com\\\/\",\"name\":\"deliangdisplay.com\",\"description\":\"DE-LIANG - Providing bespoke packaging solutions and luxurious display design services for brands in jewelry, apparel, watches, beauty cosmetics, and more.\",\"publisher\":{\"@id\":\"https:\\\/\\\/deliangdisplay.com\\\/#organization\"},\"potentialAction\":[{\"@type\":\"SearchAction\",\"target\":{\"@type\":\"EntryPoint\",\"urlTemplate\":\"https:\\\/\\\/deliangdisplay.com\\\/?s={search_term_string}\"},\"query-input\":{\"@type\":\"PropertyValueSpecification\",\"valueRequired\":true,\"valueName\":\"search_term_string\"}}],\"inLanguage\":\"fr-FR\"},{\"@type\":\"Organization\",\"@id\":\"https:\\\/\\\/deliangdisplay.com\\\/#organization\",\"name\":\"deliangdisplay.com\",\"url\":\"https:\\\/\\\/deliangdisplay.com\\\/\",\"logo\":{\"@type\":\"ImageObject\",\"inLanguage\":\"fr-FR\",\"@id\":\"https:\\\/\\\/deliangdisplay.com\\\/#\\\/schema\\\/logo\\\/image\\\/\",\"url\":\"https:\\\/\\\/deliangdisplay.com\\\/wp-content\\\/uploads\\\/2025\\\/08\\\/DELIANGDISPALY_logo.png\",\"contentUrl\":\"https:\\\/\\\/deliangdisplay.com\\\/wp-content\\\/uploads\\\/2025\\\/08\\\/DELIANGDISPALY_logo.png\",\"width\":300,\"height\":130,\"caption\":\"deliangdisplay.com\"},\"image\":{\"@id\":\"https:\\\/\\\/deliangdisplay.com\\\/#\\\/schema\\\/logo\\\/image\\\/\"},\"sameAs\":[\"https:\\\/\\\/www.facebook.com\\\/JaneZhang008\\\/\",\"https:\\\/\\\/x.com\\\/ly673551729\"]}]}<\/script>\n<!-- \/ Yoast SEO plugin. -->","yoast_head_json":{"title":"DE-LIANG Coffret \u00e0 bijoux de voyage en cuir Bo\u00eete d'emballage pour collier Pr\u00e9sentoir Organisateur de bijoux Organisateur de bijoux Collier en velours Bijoux - DE-LIANG - bijouterie,joaillerie,horlogerie,beaut\u00e9,cosm\u00e9tique","robots":{"index":"index","follow":"follow","max-snippet":"max-snippet:-1","max-image-preview":"max-image-preview:large","max-video-preview":"max-video-preview:-1"},"canonical":"https:\/\/deliangdisplay.com\/fr\/notre-produit\/emballage\/emballage-pour-lorganisation-des-bijoux\/de-liang-jewelry-case-travel-leather-storage-necklace-packaging-boxes-display-jewelry-organizers-jewelry-organizers-velvet-necklace-jewel\/","og_locale":"fr_FR","og_type":"article","og_title":"DE-LIANG Jewelry Case Travel Leather Storage Necklace Packaging Boxes Display Jewelry Organizers Jewelry Organizers Velvet Necklace Jewel - DE-LIANG - jewelry,clothes,watch,beauty cosmetics","og_description":"Keep your jewelry safe, organized, and beautifully displayed with the DE-LIANG Jewelry Case. Crafted from premium PU leather with a smooth, elegant finish and lined with soft velvet, this jewelry storage box is designed to protect your necklaces, earrings, rings, and bracelets from scratches and tangles.","og_url":"https:\/\/deliangdisplay.com\/fr\/notre-produit\/emballage\/emballage-pour-lorganisation-des-bijoux\/de-liang-jewelry-case-travel-leather-storage-necklace-packaging-boxes-display-jewelry-organizers-jewelry-organizers-velvet-necklace-jewel\/","og_site_name":"DE-LIANG - jewelry,clothes,watch,beauty cosmetics","article_publisher":"https:\/\/www.facebook.com\/JaneZhang008\/","og_image":[{"width":1024,"height":634,"url":"https:\/\/deliangdisplay.com\/wp-content\/uploads\/2025\/08\/67d6664541d089cd257c7c155c818eae_compress-16-1024x634.png","type":"image\/png"}],"twitter_card":"summary_large_image","twitter_site":"@ly673551729","twitter_misc":{"Dur\u00e9e de lecture estim\u00e9e":"2 minutes"},"schema":{"@context":"https:\/\/schema.org","@graph":[{"@type":"WebPage","@id":"https:\/\/deliangdisplay.com\/our-product\/packaging\/jewelry-organization-packaging\/de-liang-jewelry-case-travel-leather-storage-necklace-packaging-boxes-display-jewelry-organizers-jewelry-organizers-velvet-necklace-jewel\/","url":"https:\/\/deliangdisplay.com\/our-product\/packaging\/jewelry-organization-packaging\/de-liang-jewelry-case-travel-leather-storage-necklace-packaging-boxes-display-jewelry-organizers-jewelry-organizers-velvet-necklace-jewel\/","name":"DE-LIANG Coffret \u00e0 bijoux de voyage en cuir Bo\u00eete d'emballage pour collier Pr\u00e9sentoir Organisateur de bijoux Organisateur de bijoux Collier en velours Bijoux - DE-LIANG - bijouterie,joaillerie,horlogerie,beaut\u00e9,cosm\u00e9tique","isPartOf":{"@id":"https:\/\/deliangdisplay.com\/#website"},"primaryImageOfPage":{"@id":"https:\/\/deliangdisplay.com\/our-product\/packaging\/jewelry-organization-packaging\/de-liang-jewelry-case-travel-leather-storage-necklace-packaging-boxes-display-jewelry-organizers-jewelry-organizers-velvet-necklace-jewel\/#primaryimage"},"image":{"@id":"https:\/\/deliangdisplay.com\/our-product\/packaging\/jewelry-organization-packaging\/de-liang-jewelry-case-travel-leather-storage-necklace-packaging-boxes-display-jewelry-organizers-jewelry-organizers-velvet-necklace-jewel\/#primaryimage"},"thumbnailUrl":"https:\/\/deliangdisplay.com\/wp-content\/uploads\/2025\/08\/67d6664541d089cd257c7c155c818eae_compress-16.png","datePublished":"2025-08-16T08:20:47+00:00","breadcrumb":{"@id":"https:\/\/deliangdisplay.com\/our-product\/packaging\/jewelry-organization-packaging\/de-liang-jewelry-case-travel-leather-storage-necklace-packaging-boxes-display-jewelry-organizers-jewelry-organizers-velvet-necklace-jewel\/#breadcrumb"},"inLanguage":"fr-FR","potentialAction":[{"@type":"ReadAction","target":["https:\/\/deliangdisplay.com\/our-product\/packaging\/jewelry-organization-packaging\/de-liang-jewelry-case-travel-leather-storage-necklace-packaging-boxes-display-jewelry-organizers-jewelry-organizers-velvet-necklace-jewel\/"]}]},{"@type":"ImageObject","inLanguage":"fr-FR","@id":"https:\/\/deliangdisplay.com\/our-product\/packaging\/jewelry-organization-packaging\/de-liang-jewelry-case-travel-leather-storage-necklace-packaging-boxes-display-jewelry-organizers-jewelry-organizers-velvet-necklace-jewel\/#primaryimage","url":"https:\/\/deliangdisplay.com\/wp-content\/uploads\/2025\/08\/67d6664541d089cd257c7c155c818eae_compress-16.png","contentUrl":"https:\/\/deliangdisplay.com\/wp-content\/uploads\/2025\/08\/67d6664541d089cd257c7c155c818eae_compress-16.png","width":2000,"height":1238},{"@type":"BreadcrumbList","@id":"https:\/\/deliangdisplay.com\/our-product\/packaging\/jewelry-organization-packaging\/de-liang-jewelry-case-travel-leather-storage-necklace-packaging-boxes-display-jewelry-organizers-jewelry-organizers-velvet-necklace-jewel\/#breadcrumb","itemListElement":[{"@type":"ListItem","position":1,"name":"\u9996\u9875","item":"https:\/\/deliangdisplay.com\/"},{"@type":"ListItem","position":2,"name":"Our Product","item":"https:\/\/deliangdisplay.com\/our-product\/"},{"@type":"ListItem","position":3,"name":"DE-LIANG Jewelry Case Travel Leather Storage Necklace Packaging Boxes Display Jewelry Organizers Jewelry Organizers Velvet Necklace Jewel"}]},{"@type":"WebSite","@id":"https:\/\/deliangdisplay.com\/#website","url":"https:\/\/deliangdisplay.com\/","name":"deliangdisplay.com","description":"DE-LIANG - Fournit des solutions d'emballage sur mesure et des services de conception de pr\u00e9sentoirs luxueux pour les marques de bijoux, de v\u00eatements, de montres, de produits de beaut\u00e9 et de cosm\u00e9tiques, et plus encore.","publisher":{"@id":"https:\/\/deliangdisplay.com\/#organization"},"potentialAction":[{"@type":"SearchAction","target":{"@type":"EntryPoint","urlTemplate":"https:\/\/deliangdisplay.com\/?s={search_term_string}"},"query-input":{"@type":"PropertyValueSpecification","valueRequired":true,"valueName":"search_term_string"}}],"inLanguage":"fr-FR"},{"@type":"Organization","@id":"https:\/\/deliangdisplay.com\/#organization","name":"deliangdisplay.com","url":"https:\/\/deliangdisplay.com\/","logo":{"@type":"ImageObject","inLanguage":"fr-FR","@id":"https:\/\/deliangdisplay.com\/#\/schema\/logo\/image\/","url":"https:\/\/deliangdisplay.com\/wp-content\/uploads\/2025\/08\/DELIANGDISPALY_logo.png","contentUrl":"https:\/\/deliangdisplay.com\/wp-content\/uploads\/2025\/08\/DELIANGDISPALY_logo.png","width":300,"height":130,"caption":"deliangdisplay.com"},"image":{"@id":"https:\/\/deliangdisplay.com\/#\/schema\/logo\/image\/"},"sameAs":["https:\/\/www.facebook.com\/JaneZhang008\/","https:\/\/x.com\/ly673551729"]}]}},"_links":{"self":[{"href":"https:\/\/deliangdisplay.com\/fr\/wp-json\/wp\/v2\/product\/42517","targetHints":{"allow":["GET"]}}],"collection":[{"href":"https:\/\/deliangdisplay.com\/fr\/wp-json\/wp\/v2\/product"}],"about":[{"href":"https:\/\/deliangdisplay.com\/fr\/wp-json\/wp\/v2\/types\/product"}],"replies":[{"embeddable":true,"href":"https:\/\/deliangdisplay.com\/fr\/wp-json\/wp\/v2\/comments?post=42517"}],"wp:featuredmedia":[{"embeddable":true,"href":"https:\/\/deliangdisplay.com\/fr\/wp-json\/wp\/v2\/media\/42518"}],"wp:attachment":[{"href":"https:\/\/deliangdisplay.com\/fr\/wp-json\/wp\/v2\/media?parent=42517"}],"wp:term":[{"taxonomy":"product_brand","embeddable":true,"href":"https:\/\/deliangdisplay.com\/fr\/wp-json\/wp\/v2\/product_brand?post=42517"},{"taxonomy":"product_cat","embeddable":true,"href":"https:\/\/deliangdisplay.com\/fr\/wp-json\/wp\/v2\/product_cat?post=42517"},{"taxonomy":"product_tag","embeddable":true,"href":"https:\/\/deliangdisplay.com\/fr\/wp-json\/wp\/v2\/product_tag?post=42517"}],"curies":[{"name":"wp","href":"https:\/\/api.w.org\/{rel}","templated":true}]}}