{"id":42341,"date":"2025-08-08T15:25:24","date_gmt":"2025-08-08T07:25:24","guid":{"rendered":"https:\/\/deliangdisplay.com\/?post_type=product&#038;p=42341"},"modified":"2025-08-08T15:27:17","modified_gmt":"2025-08-08T07:27:17","slug":"de-liang-custom-pu-leather-3layer-large-jewelry-box-with-drawer-necklace-big-ring-earring-watch-jewellery-organizer-gift-case","status":"publish","type":"product","link":"https:\/\/deliangdisplay.com\/fr\/notre-produit\/emballage\/emballage-pour-lorganisation-des-bijoux\/de-liang-custom-pu-leather-3layer-large-jewelry-box-with-drawer-necklace-big-ring-earring-watch-jewellery-organizer-gift-case\/","title":{"rendered":"DE-LIANG Custom PU Leather 3Layer Large Jewelry Box With Drawer Necklace Big Ring Earring Watch Jewellery Organizer Gift Case"},"content":{"rendered":"<ul data-start=\"797\" data-end=\"1414\">\n<li data-start=\"797\" data-end=\"967\">\n<p data-start=\"799\" data-end=\"967\"><strong data-start=\"799\" data-end=\"822\">Stockage en trois couches<\/strong>: Compartiment sup\u00e9rieur avec sections divis\u00e9es, plateau central pour les bagues et les boucles d'oreilles, et tiroir inf\u00e9rieur pour les pi\u00e8ces plus grandes comme les montres ou les colliers.<\/p>\n<\/li>\n<li data-start=\"968\" data-end=\"1058\">\n<p data-start=\"970\" data-end=\"1058\"><strong data-start=\"970\" data-end=\"999\">Finition en cuir PU de premi\u00e8re qualit\u00e9<\/strong>: Durable, lisse et personnalisable avec le logo de votre marque.<\/p>\n<\/li>\n<li data-start=\"1059\" data-end=\"1142\">\n<p data-start=\"1061\" data-end=\"1142\"><strong data-start=\"1061\" data-end=\"1085\">Int\u00e9rieur en velours doux<\/strong>: Prot\u00e8ge les objets d\u00e9licats des rayures et de la poussi\u00e8re.<\/p>\n<\/li>\n<li data-start=\"1143\" data-end=\"1230\">\n<p data-start=\"1145\" data-end=\"1230\"><strong data-start=\"1145\" data-end=\"1175\">Miroir int\u00e9gr\u00e9 (en option)<\/strong>: Pratique pour essayer des bijoux ou faire des retouches de maquillage.<\/p>\n<\/li>\n<li data-start=\"1231\" data-end=\"1310\">\n<p data-start=\"1233\" data-end=\"1310\"><strong data-start=\"1233\" data-end=\"1274\">Serrure m\u00e9tallique s\u00e9curis\u00e9e ou fermeture magn\u00e9tique<\/strong>: Permet de conserver le contenu en toute s\u00e9curit\u00e9 et de l'organiser.<\/p>\n<\/li>\n<li data-start=\"1311\" data-end=\"1414\">\n<p data-start=\"1313\" data-end=\"1414\"><strong data-start=\"1313\" data-end=\"1341\">Design \u00e9l\u00e9gant de l'\u00e9tui-cadeau<\/strong>: Parfait pour un usage personnel, une pr\u00e9sentation en boutique ou un cadeau de bijoux de qualit\u00e9.<\/p>\n<\/li>\n<\/ul>\n<hr data-start=\"1416\" data-end=\"1419\" \/>\n<h3 data-start=\"1421\" data-end=\"1448\">\ud83d\udce6 <strong data-start=\"1428\" data-end=\"1448\">D\u00e9tails du produit :<\/strong><\/h3>\n<ul data-start=\"1450\" data-end=\"1859\">\n<li data-start=\"1450\" data-end=\"1504\">\n<p data-start=\"1452\" data-end=\"1504\"><strong data-start=\"1452\" data-end=\"1464\">Mat\u00e9riau<\/strong>: Ext\u00e9rieur en cuir PU, int\u00e9rieur en velours<\/p>\n<\/li>\n<li data-start=\"1505\" data-end=\"1603\">\n<p data-start=\"1507\" data-end=\"1603\"><strong data-start=\"1507\" data-end=\"1516\">Couleur<\/strong>: Personnalisable (options populaires : blanc ivoire, rose blush, brun moka, noir classique)<\/p>\n<\/li>\n<li data-start=\"1604\" data-end=\"1663\">\n<p data-start=\"1606\" data-end=\"1663\"><strong data-start=\"1606\" data-end=\"1620\">Dimensions<\/strong>: Grande capacit\u00e9 (dimensions personnalis\u00e9es disponibles)<\/p>\n<\/li>\n<li data-start=\"1664\" data-end=\"1726\">\n<p data-start=\"1666\" data-end=\"1726\"><strong data-start=\"1666\" data-end=\"1682\">Options du logo<\/strong>: Marquage \u00e0 chaud, gaufrage, s\u00e9rigraphie<\/p>\n<\/li>\n<li data-start=\"1727\" data-end=\"1799\">\n<p data-start=\"1729\" data-end=\"1799\"><strong data-start=\"1729\" data-end=\"1740\">Utilisation pour<\/strong>: Collier, boucles d'oreilles, bagues, bracelets, montres, broches<\/p>\n<\/li>\n<li data-start=\"1800\" data-end=\"1859\">\n<p data-start=\"1802\" data-end=\"1859\"><strong data-start=\"1802\" data-end=\"1809\">MOQ<\/strong>: Flexible pour la vente en gros et la personnalisation de la marque<\/p>\n<\/li>\n<\/ul>\n<hr data-start=\"1861\" data-end=\"1864\" \/>\n<p data-start=\"1866\" data-end=\"2099\">\ud83c\udf81 Id\u00e9al pour l'emballage de cadeaux, la pr\u00e9sentation d'une marque de bijoux ou le stockage d'une collection personnelle.<br data-start=\"1958\" data-end=\"1961\" \/>La bo\u00eete \u00e0 bijoux de luxe personnalisable de DE-LIANG offre \u00e0 la fois fonction et mode - con\u00e7ue pour rehausser votre marque ou votre routine quotidienne.<\/p>","protected":false},"excerpt":{"rendered":"<p>The DE-LIANG 3-Layer Large Jewelry Box is the perfect blend of sophistication and smart storage. Crafted from high-quality customizable PU leather, this organizer features a spacious 3-layer design, including multiple drawers and compartments for necklaces, big rings, earrings, watches, and more. It&#8217;s not just a jewelry box \u2014 it&#8217;s a statement piece for your vanity or retail space<\/p>","protected":false},"featured_media":42342,"comment_status":"open","ping_status":"closed","template":"","meta":{"_acf_changed":false},"product_brand":[],"product_cat":[73],"product_tag":[],"class_list":{"0":"post-42341","1":"product","2":"type-product","3":"status-publish","4":"has-post-thumbnail","6":"product_cat-jewelry-organization-packaging","8":"first","9":"instock","10":"shipping-taxable","11":"purchasable","12":"product-type-simple"},"acf":[],"yoast_head":"<!-- This site is optimized with the Yoast SEO plugin v27.4 - https:\/\/yoast.com\/product\/yoast-seo-wordpress\/ -->\n<title>DE-LIANG Custom PU Leather 3Layer Large Jewelry Box With Drawer Necklace Big Ring Earring Watch Jewellery Organizer Gift Case - DE-LIANG - jewelry,clothes,watch,beauty cosmetics<\/title>\n<meta name=\"robots\" content=\"index, follow, max-snippet:-1, max-image-preview:large, max-video-preview:-1\" \/>\n<link rel=\"canonical\" href=\"https:\/\/deliangdisplay.com\/fr\/notre-produit\/emballage\/emballage-pour-lorganisation-des-bijoux\/de-liang-custom-pu-leather-3layer-large-jewelry-box-with-drawer-necklace-big-ring-earring-watch-jewellery-organizer-gift-case\/\" \/>\n<meta property=\"og:locale\" content=\"fr_FR\" \/>\n<meta property=\"og:type\" content=\"article\" \/>\n<meta property=\"og:title\" content=\"DE-LIANG Custom PU Leather 3Layer Large Jewelry Box With Drawer Necklace Big Ring Earring Watch Jewellery Organizer Gift Case - DE-LIANG - jewelry,clothes,watch,beauty cosmetics\" \/>\n<meta property=\"og:description\" content=\"The DE-LIANG 3-Layer Large Jewelry Box is the perfect blend of sophistication and smart storage. Crafted from high-quality customizable PU leather, this organizer features a spacious 3-layer design, including multiple drawers and compartments for necklaces, big rings, earrings, watches, and more. It&#039;s not just a jewelry box \u2014 it&#039;s a statement piece for your vanity or retail space\" \/>\n<meta property=\"og:url\" content=\"https:\/\/deliangdisplay.com\/fr\/notre-produit\/emballage\/emballage-pour-lorganisation-des-bijoux\/de-liang-custom-pu-leather-3layer-large-jewelry-box-with-drawer-necklace-big-ring-earring-watch-jewellery-organizer-gift-case\/\" \/>\n<meta property=\"og:site_name\" content=\"DE-LIANG - jewelry,clothes,watch,beauty cosmetics\" \/>\n<meta property=\"article:publisher\" content=\"https:\/\/www.facebook.com\/JaneZhang008\/\" \/>\n<meta property=\"article:modified_time\" content=\"2025-08-08T07:27:17+00:00\" \/>\n<meta property=\"og:image\" content=\"https:\/\/deliangdisplay.com\/wp-content\/uploads\/2025\/08\/1-32.png\" \/>\n\t<meta property=\"og:image:width\" content=\"800\" \/>\n\t<meta property=\"og:image:height\" content=\"800\" \/>\n\t<meta property=\"og:image:type\" content=\"image\/png\" \/>\n<meta name=\"twitter:card\" content=\"summary_large_image\" \/>\n<meta name=\"twitter:site\" content=\"@ly673551729\" \/>\n<meta name=\"twitter:label1\" content=\"Dur\u00e9e de lecture estim\u00e9e\" \/>\n\t<meta name=\"twitter:data1\" content=\"1 minute\" \/>\n<script type=\"application\/ld+json\" class=\"yoast-schema-graph\">{\"@context\":\"https:\\\/\\\/schema.org\",\"@graph\":[{\"@type\":\"WebPage\",\"@id\":\"https:\\\/\\\/deliangdisplay.com\\\/our-product\\\/packaging\\\/jewelry-organization-packaging\\\/de-liang-custom-pu-leather-3layer-large-jewelry-box-with-drawer-necklace-big-ring-earring-watch-jewellery-organizer-gift-case\\\/\",\"url\":\"https:\\\/\\\/deliangdisplay.com\\\/our-product\\\/packaging\\\/jewelry-organization-packaging\\\/de-liang-custom-pu-leather-3layer-large-jewelry-box-with-drawer-necklace-big-ring-earring-watch-jewellery-organizer-gift-case\\\/\",\"name\":\"DE-LIANG Custom PU Leather 3Layer Large Jewelry Box With Drawer Necklace Big Ring Earring Watch Jewellery Organizer Gift Case - DE-LIANG - jewelry,clothes,watch,beauty cosmetics\",\"isPartOf\":{\"@id\":\"https:\\\/\\\/deliangdisplay.com\\\/#website\"},\"primaryImageOfPage\":{\"@id\":\"https:\\\/\\\/deliangdisplay.com\\\/our-product\\\/packaging\\\/jewelry-organization-packaging\\\/de-liang-custom-pu-leather-3layer-large-jewelry-box-with-drawer-necklace-big-ring-earring-watch-jewellery-organizer-gift-case\\\/#primaryimage\"},\"image\":{\"@id\":\"https:\\\/\\\/deliangdisplay.com\\\/our-product\\\/packaging\\\/jewelry-organization-packaging\\\/de-liang-custom-pu-leather-3layer-large-jewelry-box-with-drawer-necklace-big-ring-earring-watch-jewellery-organizer-gift-case\\\/#primaryimage\"},\"thumbnailUrl\":\"https:\\\/\\\/deliangdisplay.com\\\/wp-content\\\/uploads\\\/2025\\\/08\\\/1-32.png\",\"datePublished\":\"2025-08-08T07:25:24+00:00\",\"dateModified\":\"2025-08-08T07:27:17+00:00\",\"breadcrumb\":{\"@id\":\"https:\\\/\\\/deliangdisplay.com\\\/our-product\\\/packaging\\\/jewelry-organization-packaging\\\/de-liang-custom-pu-leather-3layer-large-jewelry-box-with-drawer-necklace-big-ring-earring-watch-jewellery-organizer-gift-case\\\/#breadcrumb\"},\"inLanguage\":\"fr-FR\",\"potentialAction\":[{\"@type\":\"ReadAction\",\"target\":[\"https:\\\/\\\/deliangdisplay.com\\\/our-product\\\/packaging\\\/jewelry-organization-packaging\\\/de-liang-custom-pu-leather-3layer-large-jewelry-box-with-drawer-necklace-big-ring-earring-watch-jewellery-organizer-gift-case\\\/\"]}]},{\"@type\":\"ImageObject\",\"inLanguage\":\"fr-FR\",\"@id\":\"https:\\\/\\\/deliangdisplay.com\\\/our-product\\\/packaging\\\/jewelry-organization-packaging\\\/de-liang-custom-pu-leather-3layer-large-jewelry-box-with-drawer-necklace-big-ring-earring-watch-jewellery-organizer-gift-case\\\/#primaryimage\",\"url\":\"https:\\\/\\\/deliangdisplay.com\\\/wp-content\\\/uploads\\\/2025\\\/08\\\/1-32.png\",\"contentUrl\":\"https:\\\/\\\/deliangdisplay.com\\\/wp-content\\\/uploads\\\/2025\\\/08\\\/1-32.png\",\"width\":800,\"height\":800},{\"@type\":\"BreadcrumbList\",\"@id\":\"https:\\\/\\\/deliangdisplay.com\\\/our-product\\\/packaging\\\/jewelry-organization-packaging\\\/de-liang-custom-pu-leather-3layer-large-jewelry-box-with-drawer-necklace-big-ring-earring-watch-jewellery-organizer-gift-case\\\/#breadcrumb\",\"itemListElement\":[{\"@type\":\"ListItem\",\"position\":1,\"name\":\"\u9996\u9875\",\"item\":\"https:\\\/\\\/deliangdisplay.com\\\/\"},{\"@type\":\"ListItem\",\"position\":2,\"name\":\"Our Product\",\"item\":\"https:\\\/\\\/deliangdisplay.com\\\/our-product\\\/\"},{\"@type\":\"ListItem\",\"position\":3,\"name\":\"DE-LIANG Custom PU Leather 3Layer Large Jewelry Box With Drawer Necklace Big Ring Earring Watch Jewellery Organizer Gift Case\"}]},{\"@type\":\"WebSite\",\"@id\":\"https:\\\/\\\/deliangdisplay.com\\\/#website\",\"url\":\"https:\\\/\\\/deliangdisplay.com\\\/\",\"name\":\"deliangdisplay.com\",\"description\":\"DE-LIANG - Providing bespoke packaging solutions and luxurious display design services for brands in jewelry, apparel, watches, beauty cosmetics, and more.\",\"publisher\":{\"@id\":\"https:\\\/\\\/deliangdisplay.com\\\/#organization\"},\"potentialAction\":[{\"@type\":\"SearchAction\",\"target\":{\"@type\":\"EntryPoint\",\"urlTemplate\":\"https:\\\/\\\/deliangdisplay.com\\\/?s={search_term_string}\"},\"query-input\":{\"@type\":\"PropertyValueSpecification\",\"valueRequired\":true,\"valueName\":\"search_term_string\"}}],\"inLanguage\":\"fr-FR\"},{\"@type\":\"Organization\",\"@id\":\"https:\\\/\\\/deliangdisplay.com\\\/#organization\",\"name\":\"deliangdisplay.com\",\"url\":\"https:\\\/\\\/deliangdisplay.com\\\/\",\"logo\":{\"@type\":\"ImageObject\",\"inLanguage\":\"fr-FR\",\"@id\":\"https:\\\/\\\/deliangdisplay.com\\\/#\\\/schema\\\/logo\\\/image\\\/\",\"url\":\"https:\\\/\\\/deliangdisplay.com\\\/wp-content\\\/uploads\\\/2025\\\/08\\\/DELIANGDISPALY_logo.png\",\"contentUrl\":\"https:\\\/\\\/deliangdisplay.com\\\/wp-content\\\/uploads\\\/2025\\\/08\\\/DELIANGDISPALY_logo.png\",\"width\":300,\"height\":130,\"caption\":\"deliangdisplay.com\"},\"image\":{\"@id\":\"https:\\\/\\\/deliangdisplay.com\\\/#\\\/schema\\\/logo\\\/image\\\/\"},\"sameAs\":[\"https:\\\/\\\/www.facebook.com\\\/JaneZhang008\\\/\",\"https:\\\/\\\/x.com\\\/ly673551729\"]}]}<\/script>\n<!-- \/ Yoast SEO plugin. -->","yoast_head_json":{"title":"DE-LIANG Custom PU Leather 3Layer Large Jewelry Box With Drawer Necklace Big Ring Earring Watch Jewellery Organizer Gift Case - DE-LIANG - jewelry,clothes,watch,beauty cosmetics","robots":{"index":"index","follow":"follow","max-snippet":"max-snippet:-1","max-image-preview":"max-image-preview:large","max-video-preview":"max-video-preview:-1"},"canonical":"https:\/\/deliangdisplay.com\/fr\/notre-produit\/emballage\/emballage-pour-lorganisation-des-bijoux\/de-liang-custom-pu-leather-3layer-large-jewelry-box-with-drawer-necklace-big-ring-earring-watch-jewellery-organizer-gift-case\/","og_locale":"fr_FR","og_type":"article","og_title":"DE-LIANG Custom PU Leather 3Layer Large Jewelry Box With Drawer Necklace Big Ring Earring Watch Jewellery Organizer Gift Case - DE-LIANG - jewelry,clothes,watch,beauty cosmetics","og_description":"The DE-LIANG 3-Layer Large Jewelry Box is the perfect blend of sophistication and smart storage. Crafted from high-quality customizable PU leather, this organizer features a spacious 3-layer design, including multiple drawers and compartments for necklaces, big rings, earrings, watches, and more. It's not just a jewelry box \u2014 it's a statement piece for your vanity or retail space","og_url":"https:\/\/deliangdisplay.com\/fr\/notre-produit\/emballage\/emballage-pour-lorganisation-des-bijoux\/de-liang-custom-pu-leather-3layer-large-jewelry-box-with-drawer-necklace-big-ring-earring-watch-jewellery-organizer-gift-case\/","og_site_name":"DE-LIANG - jewelry,clothes,watch,beauty cosmetics","article_publisher":"https:\/\/www.facebook.com\/JaneZhang008\/","article_modified_time":"2025-08-08T07:27:17+00:00","og_image":[{"width":800,"height":800,"url":"https:\/\/deliangdisplay.com\/wp-content\/uploads\/2025\/08\/1-32.png","type":"image\/png"}],"twitter_card":"summary_large_image","twitter_site":"@ly673551729","twitter_misc":{"Dur\u00e9e de lecture estim\u00e9e":"1 minute"},"schema":{"@context":"https:\/\/schema.org","@graph":[{"@type":"WebPage","@id":"https:\/\/deliangdisplay.com\/our-product\/packaging\/jewelry-organization-packaging\/de-liang-custom-pu-leather-3layer-large-jewelry-box-with-drawer-necklace-big-ring-earring-watch-jewellery-organizer-gift-case\/","url":"https:\/\/deliangdisplay.com\/our-product\/packaging\/jewelry-organization-packaging\/de-liang-custom-pu-leather-3layer-large-jewelry-box-with-drawer-necklace-big-ring-earring-watch-jewellery-organizer-gift-case\/","name":"DE-LIANG Custom PU Leather 3Layer Large Jewelry Box With Drawer Necklace Big Ring Earring Watch Jewellery Organizer Gift Case - DE-LIANG - jewelry,clothes,watch,beauty cosmetics","isPartOf":{"@id":"https:\/\/deliangdisplay.com\/#website"},"primaryImageOfPage":{"@id":"https:\/\/deliangdisplay.com\/our-product\/packaging\/jewelry-organization-packaging\/de-liang-custom-pu-leather-3layer-large-jewelry-box-with-drawer-necklace-big-ring-earring-watch-jewellery-organizer-gift-case\/#primaryimage"},"image":{"@id":"https:\/\/deliangdisplay.com\/our-product\/packaging\/jewelry-organization-packaging\/de-liang-custom-pu-leather-3layer-large-jewelry-box-with-drawer-necklace-big-ring-earring-watch-jewellery-organizer-gift-case\/#primaryimage"},"thumbnailUrl":"https:\/\/deliangdisplay.com\/wp-content\/uploads\/2025\/08\/1-32.png","datePublished":"2025-08-08T07:25:24+00:00","dateModified":"2025-08-08T07:27:17+00:00","breadcrumb":{"@id":"https:\/\/deliangdisplay.com\/our-product\/packaging\/jewelry-organization-packaging\/de-liang-custom-pu-leather-3layer-large-jewelry-box-with-drawer-necklace-big-ring-earring-watch-jewellery-organizer-gift-case\/#breadcrumb"},"inLanguage":"fr-FR","potentialAction":[{"@type":"ReadAction","target":["https:\/\/deliangdisplay.com\/our-product\/packaging\/jewelry-organization-packaging\/de-liang-custom-pu-leather-3layer-large-jewelry-box-with-drawer-necklace-big-ring-earring-watch-jewellery-organizer-gift-case\/"]}]},{"@type":"ImageObject","inLanguage":"fr-FR","@id":"https:\/\/deliangdisplay.com\/our-product\/packaging\/jewelry-organization-packaging\/de-liang-custom-pu-leather-3layer-large-jewelry-box-with-drawer-necklace-big-ring-earring-watch-jewellery-organizer-gift-case\/#primaryimage","url":"https:\/\/deliangdisplay.com\/wp-content\/uploads\/2025\/08\/1-32.png","contentUrl":"https:\/\/deliangdisplay.com\/wp-content\/uploads\/2025\/08\/1-32.png","width":800,"height":800},{"@type":"BreadcrumbList","@id":"https:\/\/deliangdisplay.com\/our-product\/packaging\/jewelry-organization-packaging\/de-liang-custom-pu-leather-3layer-large-jewelry-box-with-drawer-necklace-big-ring-earring-watch-jewellery-organizer-gift-case\/#breadcrumb","itemListElement":[{"@type":"ListItem","position":1,"name":"\u9996\u9875","item":"https:\/\/deliangdisplay.com\/"},{"@type":"ListItem","position":2,"name":"Our Product","item":"https:\/\/deliangdisplay.com\/our-product\/"},{"@type":"ListItem","position":3,"name":"DE-LIANG Custom PU Leather 3Layer Large Jewelry Box With Drawer Necklace Big Ring Earring Watch Jewellery Organizer Gift Case"}]},{"@type":"WebSite","@id":"https:\/\/deliangdisplay.com\/#website","url":"https:\/\/deliangdisplay.com\/","name":"deliangdisplay.com","description":"DE-LIANG - Fournit des solutions d'emballage sur mesure et des services de conception de pr\u00e9sentoirs luxueux pour les marques de bijoux, de v\u00eatements, de montres, de produits de beaut\u00e9 et de cosm\u00e9tiques, et plus encore.","publisher":{"@id":"https:\/\/deliangdisplay.com\/#organization"},"potentialAction":[{"@type":"SearchAction","target":{"@type":"EntryPoint","urlTemplate":"https:\/\/deliangdisplay.com\/?s={search_term_string}"},"query-input":{"@type":"PropertyValueSpecification","valueRequired":true,"valueName":"search_term_string"}}],"inLanguage":"fr-FR"},{"@type":"Organization","@id":"https:\/\/deliangdisplay.com\/#organization","name":"deliangdisplay.com","url":"https:\/\/deliangdisplay.com\/","logo":{"@type":"ImageObject","inLanguage":"fr-FR","@id":"https:\/\/deliangdisplay.com\/#\/schema\/logo\/image\/","url":"https:\/\/deliangdisplay.com\/wp-content\/uploads\/2025\/08\/DELIANGDISPALY_logo.png","contentUrl":"https:\/\/deliangdisplay.com\/wp-content\/uploads\/2025\/08\/DELIANGDISPALY_logo.png","width":300,"height":130,"caption":"deliangdisplay.com"},"image":{"@id":"https:\/\/deliangdisplay.com\/#\/schema\/logo\/image\/"},"sameAs":["https:\/\/www.facebook.com\/JaneZhang008\/","https:\/\/x.com\/ly673551729"]}]}},"_links":{"self":[{"href":"https:\/\/deliangdisplay.com\/fr\/wp-json\/wp\/v2\/product\/42341","targetHints":{"allow":["GET"]}}],"collection":[{"href":"https:\/\/deliangdisplay.com\/fr\/wp-json\/wp\/v2\/product"}],"about":[{"href":"https:\/\/deliangdisplay.com\/fr\/wp-json\/wp\/v2\/types\/product"}],"replies":[{"embeddable":true,"href":"https:\/\/deliangdisplay.com\/fr\/wp-json\/wp\/v2\/comments?post=42341"}],"wp:featuredmedia":[{"embeddable":true,"href":"https:\/\/deliangdisplay.com\/fr\/wp-json\/wp\/v2\/media\/42342"}],"wp:attachment":[{"href":"https:\/\/deliangdisplay.com\/fr\/wp-json\/wp\/v2\/media?parent=42341"}],"wp:term":[{"taxonomy":"product_brand","embeddable":true,"href":"https:\/\/deliangdisplay.com\/fr\/wp-json\/wp\/v2\/product_brand?post=42341"},{"taxonomy":"product_cat","embeddable":true,"href":"https:\/\/deliangdisplay.com\/fr\/wp-json\/wp\/v2\/product_cat?post=42341"},{"taxonomy":"product_tag","embeddable":true,"href":"https:\/\/deliangdisplay.com\/fr\/wp-json\/wp\/v2\/product_tag?post=42341"}],"curies":[{"name":"wp","href":"https:\/\/api.w.org\/{rel}","templated":true}]}}