{"id":42253,"date":"2025-08-07T15:12:54","date_gmt":"2025-08-07T07:12:54","guid":{"rendered":"https:\/\/deliangdisplay.com\/?post_type=product&#038;p=42253"},"modified":"2025-08-07T15:12:54","modified_gmt":"2025-08-07T07:12:54","slug":"de-liang-boites-a-bijoux-personnalisees-boites-a-bijoux-de-luxe-boites-a-logo-personnalisees-boites-a-cartes-sacs-pochettes-boites-a-bijoux-pour-bijoux","status":"publish","type":"product","link":"https:\/\/deliangdisplay.com\/fr\/notre-produit\/emballage\/idees-de-cadeaux\/de-liang-boites-a-bijoux-personnalisees-boites-a-bijoux-de-luxe-boites-a-logo-personnalisees-boites-a-cartes-sacs-pochettes-boites-a-bijoux-pour-bijoux\/","title":{"rendered":"DE-LIANG Bo\u00eete \u00e0 bijoux personnalis\u00e9e Bo\u00eete \u00e0 bijoux de luxe Bo\u00eete \u00e0 logo personnalis\u00e9e Bo\u00eete \u00e0 cartes Sacoche Bo\u00eete \u00e0 bijoux pour bijoux"},"content":{"rendered":"<ul data-start=\"643\" data-end=\"1423\">\n<li data-start=\"643\" data-end=\"784\">\n<p data-start=\"645\" data-end=\"784\"><strong data-start=\"645\" data-end=\"676\">Solution compl\u00e8te d'emballage<\/strong>: Comprend une bo\u00eete cadeau de luxe, une pochette en tissu souple et un \u00e9l\u00e9gant ruban de satin - le tout personnalisable avec votre logo.<\/p>\n<\/li>\n<li data-start=\"785\" data-end=\"917\">\n<p data-start=\"787\" data-end=\"917\"><strong data-start=\"787\" data-end=\"813\">Bo\u00eete cadeau rigide de premi\u00e8re qualit\u00e9<\/strong>: Bo\u00eete magn\u00e9tique robuste envelopp\u00e9e d'un mat\u00e9riau textur\u00e9, offrant une protection solide et une pr\u00e9sentation haut de gamme.<\/p>\n<\/li>\n<li data-start=\"918\" data-end=\"1044\">\n<p data-start=\"920\" data-end=\"1044\"><strong data-start=\"920\" data-end=\"943\">Ruban de satin personnalis\u00e9<\/strong>: Le ruban logotyp\u00e9 apporte une touche finale raffin\u00e9e, id\u00e9ale pour l'emballage des cadeaux et la mise en valeur de la marque.<\/p>\n<\/li>\n<li data-start=\"1045\" data-end=\"1181\">\n<p data-start=\"1047\" data-end=\"1181\"><strong data-start=\"1047\" data-end=\"1072\">Pochette souple \u00e0 cordon de serrage<\/strong>: Prot\u00e8ge les bijoux des rayures et de la poussi\u00e8re - parfait pour les objets d\u00e9licats comme les bagues, les boucles d'oreilles ou les colliers.<\/p>\n<\/li>\n<li data-start=\"1182\" data-end=\"1298\">\n<p data-start=\"1184\" data-end=\"1298\"><strong data-start=\"1184\" data-end=\"1209\">Des tons neutres \u00e9l\u00e9gants<\/strong>: La bo\u00eete taupe chaleureuse avec pochette champagne s'int\u00e8gre parfaitement \u00e0 une image de marque minimaliste ou luxueuse.<\/p>\n<\/li>\n<li data-start=\"1299\" data-end=\"1423\">\n<p data-start=\"1301\" data-end=\"1423\"><strong data-start=\"1301\" data-end=\"1334\">Parfait pour les cadeaux ou la vente au d\u00e9tail<\/strong>: Id\u00e9al pour les boutiques, les emballages de marque, les ventes de vacances, les faveurs de mariage ou les cadeaux personnels.<\/p>\n<\/li>\n<\/ul>\n<hr data-start=\"1425\" data-end=\"1428\" \/>\n<h3 data-start=\"1430\" data-end=\"1456\">\ud83d\udce6 <strong data-start=\"1437\" data-end=\"1456\">Sp\u00e9cifications :<\/strong><\/h3>\n<ul data-start=\"1458\" data-end=\"1814\">\n<li data-start=\"1458\" data-end=\"1546\">\n<p data-start=\"1460\" data-end=\"1546\"><strong data-start=\"1460\" data-end=\"1473\">Mat\u00e9riaux<\/strong>: Bo\u00eete en carton rigide, ruban de satin, pochette souple \u00e0 cordon (personnalisable)<\/p>\n<\/li>\n<li data-start=\"1547\" data-end=\"1615\">\n<p data-start=\"1549\" data-end=\"1615\"><strong data-start=\"1549\" data-end=\"1566\">Options de couleur<\/strong>: Taupe \/ Beige (couleurs Pantone personnalis\u00e9es disponibles)<\/p>\n<\/li>\n<li data-start=\"1616\" data-end=\"1704\">\n<p data-start=\"1618\" data-end=\"1704\"><strong data-start=\"1618\" data-end=\"1634\">Options du logo<\/strong>: Marquage \u00e0 chaud, s\u00e9rigraphie, gaufrage (sur la bo\u00eete, le ruban et la pochette)<\/p>\n<\/li>\n<li data-start=\"1705\" data-end=\"1758\">\n<p data-start=\"1707\" data-end=\"1758\"><strong data-start=\"1707\" data-end=\"1715\">Taille<\/strong>: Personnalisable pour s'adapter \u00e0 diff\u00e9rents types de bijoux<\/p>\n<\/li>\n<li data-start=\"1759\" data-end=\"1814\">\n<p data-start=\"1761\" data-end=\"1814\"><strong data-start=\"1761\" data-end=\"1768\">MOQ<\/strong>: Flexible pour les commandes personnalis\u00e9es ou la vente en gros<\/p>\n<\/li>\n<\/ul>\n<hr data-start=\"1816\" data-end=\"1819\" \/>\n<p data-start=\"1821\" data-end=\"1974\">\ud83c\udf81 <strong data-start=\"1824\" data-end=\"1880\">Faites en sorte que chaque bijou soit consid\u00e9r\u00e9 comme un cadeau de luxe.<\/strong><br data-start=\"1880\" data-end=\"1883\" \/>Avec les emballages de bijoux personnalis\u00e9s de DE-LIANG, votre marque se distingue d\u00e8s le premier coup d'\u0153il.<\/p>\n<p data-start=\"1976\" data-end=\"2068\">\ud83d\udce9 <em data-start=\"1979\" data-end=\"2068\">Contactez-nous d\u00e8s maintenant pour des conceptions personnalis\u00e9es, l'impression de logos et des solutions compl\u00e8tes d'emballage de bijoux.<\/em><\/p>","protected":false},"excerpt":{"rendered":"<p>Rehaussez votre marque de bijoux avec ce luxueux ensemble d'emballage personnalis\u00e9 de DE-LIANG, con\u00e7u pour cr\u00e9er une exp\u00e9rience inoubliable lors de l'ouverture de la bo\u00eete. Le set comprend une bo\u00eete rigide de qualit\u00e9 sup\u00e9rieure avec fermeture magn\u00e9tique, un ruban de satin avec logo personnalis\u00e9 et une pochette \u00e0 cordon - id\u00e9al pour prot\u00e9ger et pr\u00e9senter des bijoux fins avec style.<\/p>","protected":false},"featured_media":42255,"comment_status":"open","ping_status":"closed","template":"","meta":{"_acf_changed":false},"product_brand":[],"product_cat":[81],"product_tag":[],"class_list":{"0":"post-42253","1":"product","2":"type-product","3":"status-publish","4":"has-post-thumbnail","6":"product_cat-gift-ideas","8":"first","9":"instock","10":"shipping-taxable","11":"product-type-simple"},"acf":[],"yoast_head":"<!-- This site is optimized with the Yoast SEO plugin v27.4 - https:\/\/yoast.com\/product\/yoast-seo-wordpress\/ -->\n<title>DE-LIANG Customized Jewlery Packages Luxury Jewlery Custom logo Box Card Boards Bag Pouch case Jewellery Box for Jewellery - DE-LIANG - jewelry,clothes,watch,beauty cosmetics<\/title>\n<meta name=\"robots\" content=\"index, follow, max-snippet:-1, max-image-preview:large, max-video-preview:-1\" \/>\n<link rel=\"canonical\" href=\"https:\/\/deliangdisplay.com\/fr\/notre-produit\/emballage\/idees-de-cadeaux\/de-liang-boites-a-bijoux-personnalisees-boites-a-bijoux-de-luxe-boites-a-logo-personnalisees-boites-a-cartes-sacs-pochettes-boites-a-bijoux-pour-bijoux\/\" \/>\n<meta property=\"og:locale\" content=\"fr_FR\" \/>\n<meta property=\"og:type\" content=\"article\" \/>\n<meta property=\"og:title\" content=\"DE-LIANG Customized Jewlery Packages Luxury Jewlery Custom logo Box Card Boards Bag Pouch case Jewellery Box for Jewellery - DE-LIANG - jewelry,clothes,watch,beauty cosmetics\" \/>\n<meta property=\"og:description\" content=\"Elevate your jewelry brand with this luxurious customized packaging set by DE-LIANG, designed to create an unforgettable unboxing experience. The set includes a premium rigid box with magnetic closure, a custom logo satin ribbon, and a drawstring pouch \u2014 ideal for protecting and presenting fine jewelry in style.\" \/>\n<meta property=\"og:url\" content=\"https:\/\/deliangdisplay.com\/fr\/notre-produit\/emballage\/idees-de-cadeaux\/de-liang-boites-a-bijoux-personnalisees-boites-a-bijoux-de-luxe-boites-a-logo-personnalisees-boites-a-cartes-sacs-pochettes-boites-a-bijoux-pour-bijoux\/\" \/>\n<meta property=\"og:site_name\" content=\"DE-LIANG - jewelry,clothes,watch,beauty cosmetics\" \/>\n<meta property=\"article:publisher\" content=\"https:\/\/www.facebook.com\/JaneZhang008\/\" \/>\n<meta property=\"og:image\" content=\"https:\/\/deliangdisplay.com\/wp-content\/uploads\/2025\/08\/1-27.png\" \/>\n\t<meta property=\"og:image:width\" content=\"1024\" \/>\n\t<meta property=\"og:image:height\" content=\"1024\" \/>\n\t<meta property=\"og:image:type\" content=\"image\/png\" \/>\n<meta name=\"twitter:card\" content=\"summary_large_image\" \/>\n<meta name=\"twitter:site\" content=\"@ly673551729\" \/>\n<meta name=\"twitter:label1\" content=\"Dur\u00e9e de lecture estim\u00e9e\" \/>\n\t<meta name=\"twitter:data1\" content=\"2 minutes\" \/>\n<script type=\"application\/ld+json\" class=\"yoast-schema-graph\">{\"@context\":\"https:\\\/\\\/schema.org\",\"@graph\":[{\"@type\":\"WebPage\",\"@id\":\"https:\\\/\\\/deliangdisplay.com\\\/our-product\\\/packaging\\\/gift-ideas\\\/de-liang-customized-jewlery-packages-luxury-jewlery-custom-logo-box-card-boards-bag-pouch-case-jewellery-box-for-jewellery\\\/\",\"url\":\"https:\\\/\\\/deliangdisplay.com\\\/our-product\\\/packaging\\\/gift-ideas\\\/de-liang-customized-jewlery-packages-luxury-jewlery-custom-logo-box-card-boards-bag-pouch-case-jewellery-box-for-jewellery\\\/\",\"name\":\"DE-LIANG Customized Jewlery Packages Luxury Jewlery Custom logo Box Card Boards Bag Pouch case Jewellery Box for Jewellery - DE-LIANG - jewelry,clothes,watch,beauty cosmetics\",\"isPartOf\":{\"@id\":\"https:\\\/\\\/deliangdisplay.com\\\/#website\"},\"primaryImageOfPage\":{\"@id\":\"https:\\\/\\\/deliangdisplay.com\\\/our-product\\\/packaging\\\/gift-ideas\\\/de-liang-customized-jewlery-packages-luxury-jewlery-custom-logo-box-card-boards-bag-pouch-case-jewellery-box-for-jewellery\\\/#primaryimage\"},\"image\":{\"@id\":\"https:\\\/\\\/deliangdisplay.com\\\/our-product\\\/packaging\\\/gift-ideas\\\/de-liang-customized-jewlery-packages-luxury-jewlery-custom-logo-box-card-boards-bag-pouch-case-jewellery-box-for-jewellery\\\/#primaryimage\"},\"thumbnailUrl\":\"https:\\\/\\\/deliangdisplay.com\\\/wp-content\\\/uploads\\\/2025\\\/08\\\/1-27.png\",\"datePublished\":\"2025-08-07T07:12:54+00:00\",\"breadcrumb\":{\"@id\":\"https:\\\/\\\/deliangdisplay.com\\\/our-product\\\/packaging\\\/gift-ideas\\\/de-liang-customized-jewlery-packages-luxury-jewlery-custom-logo-box-card-boards-bag-pouch-case-jewellery-box-for-jewellery\\\/#breadcrumb\"},\"inLanguage\":\"fr-FR\",\"potentialAction\":[{\"@type\":\"ReadAction\",\"target\":[\"https:\\\/\\\/deliangdisplay.com\\\/our-product\\\/packaging\\\/gift-ideas\\\/de-liang-customized-jewlery-packages-luxury-jewlery-custom-logo-box-card-boards-bag-pouch-case-jewellery-box-for-jewellery\\\/\"]}]},{\"@type\":\"ImageObject\",\"inLanguage\":\"fr-FR\",\"@id\":\"https:\\\/\\\/deliangdisplay.com\\\/our-product\\\/packaging\\\/gift-ideas\\\/de-liang-customized-jewlery-packages-luxury-jewlery-custom-logo-box-card-boards-bag-pouch-case-jewellery-box-for-jewellery\\\/#primaryimage\",\"url\":\"https:\\\/\\\/deliangdisplay.com\\\/wp-content\\\/uploads\\\/2025\\\/08\\\/1-27.png\",\"contentUrl\":\"https:\\\/\\\/deliangdisplay.com\\\/wp-content\\\/uploads\\\/2025\\\/08\\\/1-27.png\",\"width\":1024,\"height\":1024},{\"@type\":\"BreadcrumbList\",\"@id\":\"https:\\\/\\\/deliangdisplay.com\\\/our-product\\\/packaging\\\/gift-ideas\\\/de-liang-customized-jewlery-packages-luxury-jewlery-custom-logo-box-card-boards-bag-pouch-case-jewellery-box-for-jewellery\\\/#breadcrumb\",\"itemListElement\":[{\"@type\":\"ListItem\",\"position\":1,\"name\":\"\u9996\u9875\",\"item\":\"https:\\\/\\\/deliangdisplay.com\\\/\"},{\"@type\":\"ListItem\",\"position\":2,\"name\":\"Our Product\",\"item\":\"https:\\\/\\\/deliangdisplay.com\\\/our-product\\\/\"},{\"@type\":\"ListItem\",\"position\":3,\"name\":\"DE-LIANG Customized Jewlery Packages Luxury Jewlery Custom logo Box Card Boards Bag Pouch case Jewellery Box for Jewellery\"}]},{\"@type\":\"WebSite\",\"@id\":\"https:\\\/\\\/deliangdisplay.com\\\/#website\",\"url\":\"https:\\\/\\\/deliangdisplay.com\\\/\",\"name\":\"deliangdisplay.com\",\"description\":\"DE-LIANG - Providing bespoke packaging solutions and luxurious display design services for brands in jewelry, apparel, watches, beauty cosmetics, and more.\",\"publisher\":{\"@id\":\"https:\\\/\\\/deliangdisplay.com\\\/#organization\"},\"potentialAction\":[{\"@type\":\"SearchAction\",\"target\":{\"@type\":\"EntryPoint\",\"urlTemplate\":\"https:\\\/\\\/deliangdisplay.com\\\/?s={search_term_string}\"},\"query-input\":{\"@type\":\"PropertyValueSpecification\",\"valueRequired\":true,\"valueName\":\"search_term_string\"}}],\"inLanguage\":\"fr-FR\"},{\"@type\":\"Organization\",\"@id\":\"https:\\\/\\\/deliangdisplay.com\\\/#organization\",\"name\":\"deliangdisplay.com\",\"url\":\"https:\\\/\\\/deliangdisplay.com\\\/\",\"logo\":{\"@type\":\"ImageObject\",\"inLanguage\":\"fr-FR\",\"@id\":\"https:\\\/\\\/deliangdisplay.com\\\/#\\\/schema\\\/logo\\\/image\\\/\",\"url\":\"https:\\\/\\\/deliangdisplay.com\\\/wp-content\\\/uploads\\\/2025\\\/08\\\/DELIANGDISPALY_logo.png\",\"contentUrl\":\"https:\\\/\\\/deliangdisplay.com\\\/wp-content\\\/uploads\\\/2025\\\/08\\\/DELIANGDISPALY_logo.png\",\"width\":300,\"height\":130,\"caption\":\"deliangdisplay.com\"},\"image\":{\"@id\":\"https:\\\/\\\/deliangdisplay.com\\\/#\\\/schema\\\/logo\\\/image\\\/\"},\"sameAs\":[\"https:\\\/\\\/www.facebook.com\\\/JaneZhang008\\\/\",\"https:\\\/\\\/x.com\\\/ly673551729\"]}]}<\/script>\n<!-- \/ Yoast SEO plugin. -->","yoast_head_json":{"title":"DE-LIANG Bo\u00eete \u00e0 bijoux personnalis\u00e9e Bo\u00eete \u00e0 bijoux de luxe Bo\u00eete \u00e0 logo Bo\u00eete \u00e0 bijoux pour bijoux - DE-LIANG - bijouterie,joaillerie,horlogerie,bijouterie,beaut\u00e9,cosm\u00e9tique","robots":{"index":"index","follow":"follow","max-snippet":"max-snippet:-1","max-image-preview":"max-image-preview:large","max-video-preview":"max-video-preview:-1"},"canonical":"https:\/\/deliangdisplay.com\/fr\/notre-produit\/emballage\/idees-de-cadeaux\/de-liang-boites-a-bijoux-personnalisees-boites-a-bijoux-de-luxe-boites-a-logo-personnalisees-boites-a-cartes-sacs-pochettes-boites-a-bijoux-pour-bijoux\/","og_locale":"fr_FR","og_type":"article","og_title":"DE-LIANG Customized Jewlery Packages Luxury Jewlery Custom logo Box Card Boards Bag Pouch case Jewellery Box for Jewellery - DE-LIANG - jewelry,clothes,watch,beauty cosmetics","og_description":"Elevate your jewelry brand with this luxurious customized packaging set by DE-LIANG, designed to create an unforgettable unboxing experience. The set includes a premium rigid box with magnetic closure, a custom logo satin ribbon, and a drawstring pouch \u2014 ideal for protecting and presenting fine jewelry in style.","og_url":"https:\/\/deliangdisplay.com\/fr\/notre-produit\/emballage\/idees-de-cadeaux\/de-liang-boites-a-bijoux-personnalisees-boites-a-bijoux-de-luxe-boites-a-logo-personnalisees-boites-a-cartes-sacs-pochettes-boites-a-bijoux-pour-bijoux\/","og_site_name":"DE-LIANG - jewelry,clothes,watch,beauty cosmetics","article_publisher":"https:\/\/www.facebook.com\/JaneZhang008\/","og_image":[{"width":1024,"height":1024,"url":"https:\/\/deliangdisplay.com\/wp-content\/uploads\/2025\/08\/1-27.png","type":"image\/png"}],"twitter_card":"summary_large_image","twitter_site":"@ly673551729","twitter_misc":{"Dur\u00e9e de lecture estim\u00e9e":"2 minutes"},"schema":{"@context":"https:\/\/schema.org","@graph":[{"@type":"WebPage","@id":"https:\/\/deliangdisplay.com\/our-product\/packaging\/gift-ideas\/de-liang-customized-jewlery-packages-luxury-jewlery-custom-logo-box-card-boards-bag-pouch-case-jewellery-box-for-jewellery\/","url":"https:\/\/deliangdisplay.com\/our-product\/packaging\/gift-ideas\/de-liang-customized-jewlery-packages-luxury-jewlery-custom-logo-box-card-boards-bag-pouch-case-jewellery-box-for-jewellery\/","name":"DE-LIANG Bo\u00eete \u00e0 bijoux personnalis\u00e9e Bo\u00eete \u00e0 bijoux de luxe Bo\u00eete \u00e0 logo Bo\u00eete \u00e0 bijoux pour bijoux - DE-LIANG - bijouterie,joaillerie,horlogerie,bijouterie,beaut\u00e9,cosm\u00e9tique","isPartOf":{"@id":"https:\/\/deliangdisplay.com\/#website"},"primaryImageOfPage":{"@id":"https:\/\/deliangdisplay.com\/our-product\/packaging\/gift-ideas\/de-liang-customized-jewlery-packages-luxury-jewlery-custom-logo-box-card-boards-bag-pouch-case-jewellery-box-for-jewellery\/#primaryimage"},"image":{"@id":"https:\/\/deliangdisplay.com\/our-product\/packaging\/gift-ideas\/de-liang-customized-jewlery-packages-luxury-jewlery-custom-logo-box-card-boards-bag-pouch-case-jewellery-box-for-jewellery\/#primaryimage"},"thumbnailUrl":"https:\/\/deliangdisplay.com\/wp-content\/uploads\/2025\/08\/1-27.png","datePublished":"2025-08-07T07:12:54+00:00","breadcrumb":{"@id":"https:\/\/deliangdisplay.com\/our-product\/packaging\/gift-ideas\/de-liang-customized-jewlery-packages-luxury-jewlery-custom-logo-box-card-boards-bag-pouch-case-jewellery-box-for-jewellery\/#breadcrumb"},"inLanguage":"fr-FR","potentialAction":[{"@type":"ReadAction","target":["https:\/\/deliangdisplay.com\/our-product\/packaging\/gift-ideas\/de-liang-customized-jewlery-packages-luxury-jewlery-custom-logo-box-card-boards-bag-pouch-case-jewellery-box-for-jewellery\/"]}]},{"@type":"ImageObject","inLanguage":"fr-FR","@id":"https:\/\/deliangdisplay.com\/our-product\/packaging\/gift-ideas\/de-liang-customized-jewlery-packages-luxury-jewlery-custom-logo-box-card-boards-bag-pouch-case-jewellery-box-for-jewellery\/#primaryimage","url":"https:\/\/deliangdisplay.com\/wp-content\/uploads\/2025\/08\/1-27.png","contentUrl":"https:\/\/deliangdisplay.com\/wp-content\/uploads\/2025\/08\/1-27.png","width":1024,"height":1024},{"@type":"BreadcrumbList","@id":"https:\/\/deliangdisplay.com\/our-product\/packaging\/gift-ideas\/de-liang-customized-jewlery-packages-luxury-jewlery-custom-logo-box-card-boards-bag-pouch-case-jewellery-box-for-jewellery\/#breadcrumb","itemListElement":[{"@type":"ListItem","position":1,"name":"\u9996\u9875","item":"https:\/\/deliangdisplay.com\/"},{"@type":"ListItem","position":2,"name":"Our Product","item":"https:\/\/deliangdisplay.com\/our-product\/"},{"@type":"ListItem","position":3,"name":"DE-LIANG Customized Jewlery Packages Luxury Jewlery Custom logo Box Card Boards Bag Pouch case Jewellery Box for Jewellery"}]},{"@type":"WebSite","@id":"https:\/\/deliangdisplay.com\/#website","url":"https:\/\/deliangdisplay.com\/","name":"deliangdisplay.com","description":"DE-LIANG - Fournit des solutions d'emballage sur mesure et des services de conception de pr\u00e9sentoirs luxueux pour les marques de bijoux, de v\u00eatements, de montres, de produits de beaut\u00e9 et de cosm\u00e9tiques, et plus encore.","publisher":{"@id":"https:\/\/deliangdisplay.com\/#organization"},"potentialAction":[{"@type":"SearchAction","target":{"@type":"EntryPoint","urlTemplate":"https:\/\/deliangdisplay.com\/?s={search_term_string}"},"query-input":{"@type":"PropertyValueSpecification","valueRequired":true,"valueName":"search_term_string"}}],"inLanguage":"fr-FR"},{"@type":"Organization","@id":"https:\/\/deliangdisplay.com\/#organization","name":"deliangdisplay.com","url":"https:\/\/deliangdisplay.com\/","logo":{"@type":"ImageObject","inLanguage":"fr-FR","@id":"https:\/\/deliangdisplay.com\/#\/schema\/logo\/image\/","url":"https:\/\/deliangdisplay.com\/wp-content\/uploads\/2025\/08\/DELIANGDISPALY_logo.png","contentUrl":"https:\/\/deliangdisplay.com\/wp-content\/uploads\/2025\/08\/DELIANGDISPALY_logo.png","width":300,"height":130,"caption":"deliangdisplay.com"},"image":{"@id":"https:\/\/deliangdisplay.com\/#\/schema\/logo\/image\/"},"sameAs":["https:\/\/www.facebook.com\/JaneZhang008\/","https:\/\/x.com\/ly673551729"]}]}},"_links":{"self":[{"href":"https:\/\/deliangdisplay.com\/fr\/wp-json\/wp\/v2\/product\/42253","targetHints":{"allow":["GET"]}}],"collection":[{"href":"https:\/\/deliangdisplay.com\/fr\/wp-json\/wp\/v2\/product"}],"about":[{"href":"https:\/\/deliangdisplay.com\/fr\/wp-json\/wp\/v2\/types\/product"}],"replies":[{"embeddable":true,"href":"https:\/\/deliangdisplay.com\/fr\/wp-json\/wp\/v2\/comments?post=42253"}],"wp:featuredmedia":[{"embeddable":true,"href":"https:\/\/deliangdisplay.com\/fr\/wp-json\/wp\/v2\/media\/42255"}],"wp:attachment":[{"href":"https:\/\/deliangdisplay.com\/fr\/wp-json\/wp\/v2\/media?parent=42253"}],"wp:term":[{"taxonomy":"product_brand","embeddable":true,"href":"https:\/\/deliangdisplay.com\/fr\/wp-json\/wp\/v2\/product_brand?post=42253"},{"taxonomy":"product_cat","embeddable":true,"href":"https:\/\/deliangdisplay.com\/fr\/wp-json\/wp\/v2\/product_cat?post=42253"},{"taxonomy":"product_tag","embeddable":true,"href":"https:\/\/deliangdisplay.com\/fr\/wp-json\/wp\/v2\/product_tag?post=42253"}],"curies":[{"name":"wp","href":"https:\/\/api.w.org\/{rel}","templated":true}]}}