{"id":42184,"date":"2025-08-06T11:18:56","date_gmt":"2025-08-06T03:18:56","guid":{"rendered":"https:\/\/deliangdisplay.com\/?post_type=product&#038;p=42184"},"modified":"2025-08-06T11:18:56","modified_gmt":"2025-08-06T03:18:56","slug":"de-liang-jewelry-display-set-for-window-show-new-arrival-jewelry-display-stand-suede-material-necklace-bust","status":"publish","type":"product","link":"https:\/\/deliangdisplay.com\/fr\/notre-produit\/accessoires\/formes-de-cou\/de-liang-jewelry-display-set-for-window-show-new-arrival-jewelry-display-stand-suede-material-necklace-bust\/","title":{"rendered":"DE-LIANG Pr\u00e9sentoir \u00e0 bijoux pour vitrine Nouveau Pr\u00e9sentoir \u00e0 bijoux en daim Buste \u00e0 colliers"},"content":{"rendered":"<ul data-start=\"707\" data-end=\"1737\">\n<li data-start=\"707\" data-end=\"899\">\n<p data-start=\"709\" data-end=\"899\"><strong data-start=\"709\" data-end=\"735\">Mat\u00e9riau en daim de premi\u00e8re qualit\u00e9<\/strong>: Recouvert de faux daim de haute qualit\u00e9, ce pr\u00e9sentoir ajoute une texture douce et mate qui s'harmonise avec les bijoux fins, tout en offrant une surface anti-rayures et antid\u00e9rapante.<\/p>\n<\/li>\n<li data-start=\"900\" data-end=\"1075\">\n<p data-start=\"902\" data-end=\"1075\"><strong data-start=\"902\" data-end=\"934\">Collier \u00e9l\u00e9gant en forme de buste<\/strong>: Sculpt\u00e9 pour imiter le d\u00e9collet\u00e9 humain, le buste offre une pr\u00e9sentation r\u00e9aliste et gracieuse pour les pendentifs, les colliers ras-de-cou ou les colliers d'apparat.<\/p>\n<\/li>\n<li data-start=\"1076\" data-end=\"1258\">\n<p data-start=\"1078\" data-end=\"1258\"><strong data-start=\"1078\" data-end=\"1109\">Ensemble complet ou utilisation modulaire<\/strong>: Combinez les supports de colliers avec les c\u00f4nes \u00e0 anneaux, les porte-boucles d'oreilles, les plateaux \u00e0 bracelets et les barres en T assortis - disponibles individuellement ou en tant qu'ensemble coordonn\u00e9.<\/p>\n<\/li>\n<li data-start=\"1259\" data-end=\"1453\">\n<p data-start=\"1261\" data-end=\"1453\"><strong data-start=\"1261\" data-end=\"1307\">Id\u00e9al pour les vitrines et les comptoirs de vente au d\u00e9tail<\/strong>: Con\u00e7u pour attirer l'attention dans les vitrines de boutiques, les expositions de bijoux ou les espaces de vente au d\u00e9tail haut de gamme, il permet \u00e0 vos produits de se d\u00e9marquer sans effort.<\/p>\n<\/li>\n<li data-start=\"1454\" data-end=\"1612\">\n<p data-start=\"1456\" data-end=\"1612\"><strong data-start=\"1456\" data-end=\"1491\">Couleurs et tailles personnalis\u00e9es disponibles<\/strong>: Choisissez parmi des tons neutres comme le cr\u00e8me, le gris, le noir ou le kaki, ou demandez une couleur personnalis\u00e9e pour correspondre au th\u00e8me de votre marque.<\/p>\n<\/li>\n<li data-start=\"1613\" data-end=\"1737\">\n<p data-start=\"1615\" data-end=\"1737\"><strong data-start=\"1615\" data-end=\"1639\">Personnalisation du logo<\/strong>: Ajoutez votre logo par dorure, broderie ou gravure pour une pr\u00e9sentation coh\u00e9rente de votre marque.<\/p>\n<\/li>\n<\/ul>\n<h3 data-start=\"1739\" data-end=\"1773\">\ud83d\udce6 <strong data-start=\"1746\" data-end=\"1773\">Sp\u00e9cifications du produit :<\/strong><\/h3>\n<ul data-start=\"1775\" data-end=\"2207\">\n<li data-start=\"1775\" data-end=\"1830\">\n<p data-start=\"1777\" data-end=\"1830\"><strong data-start=\"1777\" data-end=\"1789\">Mat\u00e9riau<\/strong>: MDF ou PU + surface en tissu su\u00e9d\u00e9<\/p>\n<\/li>\n<li data-start=\"1831\" data-end=\"1935\">\n<p data-start=\"1833\" data-end=\"1935\"><strong data-start=\"1833\" data-end=\"1847\">Composants<\/strong>: Buste pour collier, support pour boucles d'oreilles, c\u00f4ne pour bagues, plateau pour bracelets (vendus s\u00e9par\u00e9ment ou en set)<\/p>\n<\/li>\n<li data-start=\"1936\" data-end=\"2017\">\n<p data-start=\"1938\" data-end=\"2017\"><strong data-start=\"1938\" data-end=\"1955\">Options de couleur<\/strong>: Beige, gris, noir, cr\u00e8me, couleurs Pantone personnalis\u00e9es disponibles<\/p>\n<\/li>\n<li data-start=\"2018\" data-end=\"2085\">\n<p data-start=\"2020\" data-end=\"2085\"><strong data-start=\"2020\" data-end=\"2027\">Utilisation<\/strong>: Vitrine, arrangement de vitrine, accessoire de photographie<\/p>\n<\/li>\n<li data-start=\"2086\" data-end=\"2136\">\n<p data-start=\"2088\" data-end=\"2136\"><strong data-start=\"2088\" data-end=\"2110\">Personnalisation du logo<\/strong>: Disponible sur demande<\/p>\n<\/li>\n<li data-start=\"2137\" data-end=\"2207\">\n<p data-start=\"2139\" data-end=\"2207\"><strong data-start=\"2139\" data-end=\"2146\">MOQ<\/strong>: Petite quantit\u00e9 pour les commandes en boutique, prix de gros pour la vente en gros.<\/p>\n<\/li>\n<\/ul>\n<hr data-start=\"2209\" data-end=\"2212\" \/>\n<p data-start=\"2214\" data-end=\"2347\"><strong data-start=\"2214\" data-end=\"2250\">Cr\u00e9er des histoires visuelles qui font vendre.<\/strong><br data-start=\"2250\" data-end=\"2253\" \/>Avec le pr\u00e9sentoir \u00e0 bijoux en daim de DE-LIANG, votre collection brille par son style et sa sophistication.<\/p>\n<p data-start=\"2349\" data-end=\"2432\">\ud83d\udce9 <em data-start=\"2352\" data-end=\"2432\">Contactez-nous pour obtenir un catalogue complet, des services OEM\/ODM et des solutions d'affichage sur mesure.<\/em><\/p>","protected":false},"excerpt":{"rendered":"<p>Cr\u00e9ez une pr\u00e9sentation inoubliable en vitrine ou sur le comptoir avec le nouvel ensemble de pr\u00e9sentation de bijoux en daim de DE-LIANG, qui comprend d'\u00e9l\u00e9gants bustes pour colliers, des porte-boucles d'oreilles, des supports pour bagues et des plateaux pour bracelets. Con\u00e7u pour les bijouteries haut de gamme et les vitrines de marque, cet ensemble coordonn\u00e9 am\u00e9liore l'impact visuel de vos bijoux gr\u00e2ce \u00e0 des textures douces et des proportions luxueuses.<\/p>","protected":false},"featured_media":42185,"comment_status":"open","ping_status":"closed","template":"","meta":{"_acf_changed":false},"product_brand":[],"product_cat":[69],"product_tag":[],"class_list":{"0":"post-42184","1":"product","2":"type-product","3":"status-publish","4":"has-post-thumbnail","6":"product_cat-neck-forms","8":"first","9":"instock","10":"shipping-taxable","11":"purchasable","12":"product-type-simple"},"acf":[],"yoast_head":"<!-- This site is optimized with the Yoast SEO plugin v27.4 - https:\/\/yoast.com\/product\/yoast-seo-wordpress\/ -->\n<title>DE-LIANG Jewelry Display Set for Window Show New Arrival Jewelry Display Stand Suede Material Necklace Bust - DE-LIANG - jewelry,clothes,watch,beauty cosmetics<\/title>\n<meta name=\"robots\" content=\"index, follow, max-snippet:-1, max-image-preview:large, max-video-preview:-1\" \/>\n<link rel=\"canonical\" href=\"https:\/\/deliangdisplay.com\/fr\/notre-produit\/accessoires\/formes-de-cou\/de-liang-jewelry-display-set-for-window-show-new-arrival-jewelry-display-stand-suede-material-necklace-bust\/\" \/>\n<meta property=\"og:locale\" content=\"fr_FR\" \/>\n<meta property=\"og:type\" content=\"article\" \/>\n<meta property=\"og:title\" content=\"DE-LIANG Jewelry Display Set for Window Show New Arrival Jewelry Display Stand Suede Material Necklace Bust - DE-LIANG - jewelry,clothes,watch,beauty cosmetics\" \/>\n<meta property=\"og:description\" content=\"Create an unforgettable window or countertop presentation with DE-LIANG\u2019s new arrival suede jewelry display set, featuring elegant necklace busts, earring holders, ring stands, and bracelet trays. Designed for premium jewelry stores and brand showcases, this coordinated set enhances the visual impact of your jewelry with soft textures and luxurious proportions.\" \/>\n<meta property=\"og:url\" content=\"https:\/\/deliangdisplay.com\/fr\/notre-produit\/accessoires\/formes-de-cou\/de-liang-jewelry-display-set-for-window-show-new-arrival-jewelry-display-stand-suede-material-necklace-bust\/\" \/>\n<meta property=\"og:site_name\" content=\"DE-LIANG - jewelry,clothes,watch,beauty cosmetics\" \/>\n<meta property=\"article:publisher\" content=\"https:\/\/www.facebook.com\/JaneZhang008\/\" \/>\n<meta property=\"og:image\" content=\"https:\/\/deliangdisplay.com\/wp-content\/uploads\/2025\/08\/1-1-40.png\" \/>\n\t<meta property=\"og:image:width\" content=\"720\" \/>\n\t<meta property=\"og:image:height\" content=\"720\" \/>\n\t<meta property=\"og:image:type\" content=\"image\/png\" \/>\n<meta name=\"twitter:card\" content=\"summary_large_image\" \/>\n<meta name=\"twitter:site\" content=\"@ly673551729\" \/>\n<meta name=\"twitter:label1\" content=\"Dur\u00e9e de lecture estim\u00e9e\" \/>\n\t<meta name=\"twitter:data1\" content=\"2 minutes\" \/>\n<script type=\"application\/ld+json\" class=\"yoast-schema-graph\">{\"@context\":\"https:\\\/\\\/schema.org\",\"@graph\":[{\"@type\":\"WebPage\",\"@id\":\"https:\\\/\\\/deliangdisplay.com\\\/our-product\\\/accessories\\\/neck-forms\\\/de-liang-jewelry-display-set-for-window-show-new-arrival-jewelry-display-stand-suede-material-necklace-bust\\\/\",\"url\":\"https:\\\/\\\/deliangdisplay.com\\\/our-product\\\/accessories\\\/neck-forms\\\/de-liang-jewelry-display-set-for-window-show-new-arrival-jewelry-display-stand-suede-material-necklace-bust\\\/\",\"name\":\"DE-LIANG Jewelry Display Set for Window Show New Arrival Jewelry Display Stand Suede Material Necklace Bust - DE-LIANG - jewelry,clothes,watch,beauty cosmetics\",\"isPartOf\":{\"@id\":\"https:\\\/\\\/deliangdisplay.com\\\/#website\"},\"primaryImageOfPage\":{\"@id\":\"https:\\\/\\\/deliangdisplay.com\\\/our-product\\\/accessories\\\/neck-forms\\\/de-liang-jewelry-display-set-for-window-show-new-arrival-jewelry-display-stand-suede-material-necklace-bust\\\/#primaryimage\"},\"image\":{\"@id\":\"https:\\\/\\\/deliangdisplay.com\\\/our-product\\\/accessories\\\/neck-forms\\\/de-liang-jewelry-display-set-for-window-show-new-arrival-jewelry-display-stand-suede-material-necklace-bust\\\/#primaryimage\"},\"thumbnailUrl\":\"https:\\\/\\\/deliangdisplay.com\\\/wp-content\\\/uploads\\\/2025\\\/08\\\/1-1-40.png\",\"datePublished\":\"2025-08-06T03:18:56+00:00\",\"breadcrumb\":{\"@id\":\"https:\\\/\\\/deliangdisplay.com\\\/our-product\\\/accessories\\\/neck-forms\\\/de-liang-jewelry-display-set-for-window-show-new-arrival-jewelry-display-stand-suede-material-necklace-bust\\\/#breadcrumb\"},\"inLanguage\":\"fr-FR\",\"potentialAction\":[{\"@type\":\"ReadAction\",\"target\":[\"https:\\\/\\\/deliangdisplay.com\\\/our-product\\\/accessories\\\/neck-forms\\\/de-liang-jewelry-display-set-for-window-show-new-arrival-jewelry-display-stand-suede-material-necklace-bust\\\/\"]}]},{\"@type\":\"ImageObject\",\"inLanguage\":\"fr-FR\",\"@id\":\"https:\\\/\\\/deliangdisplay.com\\\/our-product\\\/accessories\\\/neck-forms\\\/de-liang-jewelry-display-set-for-window-show-new-arrival-jewelry-display-stand-suede-material-necklace-bust\\\/#primaryimage\",\"url\":\"https:\\\/\\\/deliangdisplay.com\\\/wp-content\\\/uploads\\\/2025\\\/08\\\/1-1-40.png\",\"contentUrl\":\"https:\\\/\\\/deliangdisplay.com\\\/wp-content\\\/uploads\\\/2025\\\/08\\\/1-1-40.png\",\"width\":720,\"height\":720},{\"@type\":\"BreadcrumbList\",\"@id\":\"https:\\\/\\\/deliangdisplay.com\\\/our-product\\\/accessories\\\/neck-forms\\\/de-liang-jewelry-display-set-for-window-show-new-arrival-jewelry-display-stand-suede-material-necklace-bust\\\/#breadcrumb\",\"itemListElement\":[{\"@type\":\"ListItem\",\"position\":1,\"name\":\"\u9996\u9875\",\"item\":\"https:\\\/\\\/deliangdisplay.com\\\/\"},{\"@type\":\"ListItem\",\"position\":2,\"name\":\"Our Product\",\"item\":\"https:\\\/\\\/deliangdisplay.com\\\/our-product\\\/\"},{\"@type\":\"ListItem\",\"position\":3,\"name\":\"DE-LIANG Jewelry Display Set for Window Show New Arrival Jewelry Display Stand Suede Material Necklace Bust\"}]},{\"@type\":\"WebSite\",\"@id\":\"https:\\\/\\\/deliangdisplay.com\\\/#website\",\"url\":\"https:\\\/\\\/deliangdisplay.com\\\/\",\"name\":\"deliangdisplay.com\",\"description\":\"DE-LIANG - Providing bespoke packaging solutions and luxurious display design services for brands in jewelry, apparel, watches, beauty cosmetics, and more.\",\"publisher\":{\"@id\":\"https:\\\/\\\/deliangdisplay.com\\\/#organization\"},\"potentialAction\":[{\"@type\":\"SearchAction\",\"target\":{\"@type\":\"EntryPoint\",\"urlTemplate\":\"https:\\\/\\\/deliangdisplay.com\\\/?s={search_term_string}\"},\"query-input\":{\"@type\":\"PropertyValueSpecification\",\"valueRequired\":true,\"valueName\":\"search_term_string\"}}],\"inLanguage\":\"fr-FR\"},{\"@type\":\"Organization\",\"@id\":\"https:\\\/\\\/deliangdisplay.com\\\/#organization\",\"name\":\"deliangdisplay.com\",\"url\":\"https:\\\/\\\/deliangdisplay.com\\\/\",\"logo\":{\"@type\":\"ImageObject\",\"inLanguage\":\"fr-FR\",\"@id\":\"https:\\\/\\\/deliangdisplay.com\\\/#\\\/schema\\\/logo\\\/image\\\/\",\"url\":\"https:\\\/\\\/deliangdisplay.com\\\/wp-content\\\/uploads\\\/2025\\\/08\\\/DELIANGDISPALY_logo.png\",\"contentUrl\":\"https:\\\/\\\/deliangdisplay.com\\\/wp-content\\\/uploads\\\/2025\\\/08\\\/DELIANGDISPALY_logo.png\",\"width\":300,\"height\":130,\"caption\":\"deliangdisplay.com\"},\"image\":{\"@id\":\"https:\\\/\\\/deliangdisplay.com\\\/#\\\/schema\\\/logo\\\/image\\\/\"},\"sameAs\":[\"https:\\\/\\\/www.facebook.com\\\/JaneZhang008\\\/\",\"https:\\\/\\\/x.com\\\/ly673551729\"]}]}<\/script>\n<!-- \/ Yoast SEO plugin. -->","yoast_head_json":{"title":"DE-LIANG Pr\u00e9sentoir \u00e0 bijoux pour vitrine Nouvel Arriv\u00e9e Pr\u00e9sentoir \u00e0 bijoux Support en daim Buste pour collier - DE-LIANG - bijouterie,joaillerie,horlogerie,bijouterie,maroquinerie,beaut\u00e9,cosm\u00e9tique","robots":{"index":"index","follow":"follow","max-snippet":"max-snippet:-1","max-image-preview":"max-image-preview:large","max-video-preview":"max-video-preview:-1"},"canonical":"https:\/\/deliangdisplay.com\/fr\/notre-produit\/accessoires\/formes-de-cou\/de-liang-jewelry-display-set-for-window-show-new-arrival-jewelry-display-stand-suede-material-necklace-bust\/","og_locale":"fr_FR","og_type":"article","og_title":"DE-LIANG Jewelry Display Set for Window Show New Arrival Jewelry Display Stand Suede Material Necklace Bust - DE-LIANG - jewelry,clothes,watch,beauty cosmetics","og_description":"Create an unforgettable window or countertop presentation with DE-LIANG\u2019s new arrival suede jewelry display set, featuring elegant necklace busts, earring holders, ring stands, and bracelet trays. Designed for premium jewelry stores and brand showcases, this coordinated set enhances the visual impact of your jewelry with soft textures and luxurious proportions.","og_url":"https:\/\/deliangdisplay.com\/fr\/notre-produit\/accessoires\/formes-de-cou\/de-liang-jewelry-display-set-for-window-show-new-arrival-jewelry-display-stand-suede-material-necklace-bust\/","og_site_name":"DE-LIANG - jewelry,clothes,watch,beauty cosmetics","article_publisher":"https:\/\/www.facebook.com\/JaneZhang008\/","og_image":[{"width":720,"height":720,"url":"https:\/\/deliangdisplay.com\/wp-content\/uploads\/2025\/08\/1-1-40.png","type":"image\/png"}],"twitter_card":"summary_large_image","twitter_site":"@ly673551729","twitter_misc":{"Dur\u00e9e de lecture estim\u00e9e":"2 minutes"},"schema":{"@context":"https:\/\/schema.org","@graph":[{"@type":"WebPage","@id":"https:\/\/deliangdisplay.com\/our-product\/accessories\/neck-forms\/de-liang-jewelry-display-set-for-window-show-new-arrival-jewelry-display-stand-suede-material-necklace-bust\/","url":"https:\/\/deliangdisplay.com\/our-product\/accessories\/neck-forms\/de-liang-jewelry-display-set-for-window-show-new-arrival-jewelry-display-stand-suede-material-necklace-bust\/","name":"DE-LIANG Pr\u00e9sentoir \u00e0 bijoux pour vitrine Nouvel Arriv\u00e9e Pr\u00e9sentoir \u00e0 bijoux Support en daim Buste pour collier - DE-LIANG - bijouterie,joaillerie,horlogerie,bijouterie,maroquinerie,beaut\u00e9,cosm\u00e9tique","isPartOf":{"@id":"https:\/\/deliangdisplay.com\/#website"},"primaryImageOfPage":{"@id":"https:\/\/deliangdisplay.com\/our-product\/accessories\/neck-forms\/de-liang-jewelry-display-set-for-window-show-new-arrival-jewelry-display-stand-suede-material-necklace-bust\/#primaryimage"},"image":{"@id":"https:\/\/deliangdisplay.com\/our-product\/accessories\/neck-forms\/de-liang-jewelry-display-set-for-window-show-new-arrival-jewelry-display-stand-suede-material-necklace-bust\/#primaryimage"},"thumbnailUrl":"https:\/\/deliangdisplay.com\/wp-content\/uploads\/2025\/08\/1-1-40.png","datePublished":"2025-08-06T03:18:56+00:00","breadcrumb":{"@id":"https:\/\/deliangdisplay.com\/our-product\/accessories\/neck-forms\/de-liang-jewelry-display-set-for-window-show-new-arrival-jewelry-display-stand-suede-material-necklace-bust\/#breadcrumb"},"inLanguage":"fr-FR","potentialAction":[{"@type":"ReadAction","target":["https:\/\/deliangdisplay.com\/our-product\/accessories\/neck-forms\/de-liang-jewelry-display-set-for-window-show-new-arrival-jewelry-display-stand-suede-material-necklace-bust\/"]}]},{"@type":"ImageObject","inLanguage":"fr-FR","@id":"https:\/\/deliangdisplay.com\/our-product\/accessories\/neck-forms\/de-liang-jewelry-display-set-for-window-show-new-arrival-jewelry-display-stand-suede-material-necklace-bust\/#primaryimage","url":"https:\/\/deliangdisplay.com\/wp-content\/uploads\/2025\/08\/1-1-40.png","contentUrl":"https:\/\/deliangdisplay.com\/wp-content\/uploads\/2025\/08\/1-1-40.png","width":720,"height":720},{"@type":"BreadcrumbList","@id":"https:\/\/deliangdisplay.com\/our-product\/accessories\/neck-forms\/de-liang-jewelry-display-set-for-window-show-new-arrival-jewelry-display-stand-suede-material-necklace-bust\/#breadcrumb","itemListElement":[{"@type":"ListItem","position":1,"name":"\u9996\u9875","item":"https:\/\/deliangdisplay.com\/"},{"@type":"ListItem","position":2,"name":"Our Product","item":"https:\/\/deliangdisplay.com\/our-product\/"},{"@type":"ListItem","position":3,"name":"DE-LIANG Jewelry Display Set for Window Show New Arrival Jewelry Display Stand Suede Material Necklace Bust"}]},{"@type":"WebSite","@id":"https:\/\/deliangdisplay.com\/#website","url":"https:\/\/deliangdisplay.com\/","name":"deliangdisplay.com","description":"DE-LIANG - Fournit des solutions d'emballage sur mesure et des services de conception de pr\u00e9sentoirs luxueux pour les marques de bijoux, de v\u00eatements, de montres, de produits de beaut\u00e9 et de cosm\u00e9tiques, et plus encore.","publisher":{"@id":"https:\/\/deliangdisplay.com\/#organization"},"potentialAction":[{"@type":"SearchAction","target":{"@type":"EntryPoint","urlTemplate":"https:\/\/deliangdisplay.com\/?s={search_term_string}"},"query-input":{"@type":"PropertyValueSpecification","valueRequired":true,"valueName":"search_term_string"}}],"inLanguage":"fr-FR"},{"@type":"Organization","@id":"https:\/\/deliangdisplay.com\/#organization","name":"deliangdisplay.com","url":"https:\/\/deliangdisplay.com\/","logo":{"@type":"ImageObject","inLanguage":"fr-FR","@id":"https:\/\/deliangdisplay.com\/#\/schema\/logo\/image\/","url":"https:\/\/deliangdisplay.com\/wp-content\/uploads\/2025\/08\/DELIANGDISPALY_logo.png","contentUrl":"https:\/\/deliangdisplay.com\/wp-content\/uploads\/2025\/08\/DELIANGDISPALY_logo.png","width":300,"height":130,"caption":"deliangdisplay.com"},"image":{"@id":"https:\/\/deliangdisplay.com\/#\/schema\/logo\/image\/"},"sameAs":["https:\/\/www.facebook.com\/JaneZhang008\/","https:\/\/x.com\/ly673551729"]}]}},"_links":{"self":[{"href":"https:\/\/deliangdisplay.com\/fr\/wp-json\/wp\/v2\/product\/42184","targetHints":{"allow":["GET"]}}],"collection":[{"href":"https:\/\/deliangdisplay.com\/fr\/wp-json\/wp\/v2\/product"}],"about":[{"href":"https:\/\/deliangdisplay.com\/fr\/wp-json\/wp\/v2\/types\/product"}],"replies":[{"embeddable":true,"href":"https:\/\/deliangdisplay.com\/fr\/wp-json\/wp\/v2\/comments?post=42184"}],"wp:featuredmedia":[{"embeddable":true,"href":"https:\/\/deliangdisplay.com\/fr\/wp-json\/wp\/v2\/media\/42185"}],"wp:attachment":[{"href":"https:\/\/deliangdisplay.com\/fr\/wp-json\/wp\/v2\/media?parent=42184"}],"wp:term":[{"taxonomy":"product_brand","embeddable":true,"href":"https:\/\/deliangdisplay.com\/fr\/wp-json\/wp\/v2\/product_brand?post=42184"},{"taxonomy":"product_cat","embeddable":true,"href":"https:\/\/deliangdisplay.com\/fr\/wp-json\/wp\/v2\/product_cat?post=42184"},{"taxonomy":"product_tag","embeddable":true,"href":"https:\/\/deliangdisplay.com\/fr\/wp-json\/wp\/v2\/product_tag?post=42184"}],"curies":[{"name":"wp","href":"https:\/\/api.w.org\/{rel}","templated":true}]}}