{"id":41931,"date":"2025-08-02T17:06:37","date_gmt":"2025-08-02T09:06:37","guid":{"rendered":"https:\/\/deliangdisplay.com\/?post_type=product&#038;p=41931"},"modified":"2025-08-02T17:06:37","modified_gmt":"2025-08-02T09:06:37","slug":"de-liang-t-bar-bangle-storage-rack-bracelet-holder-display-bracelet-organizer-mothers-day-gift-wooden-bracelet-stand-for-selling","status":"publish","type":"product","link":"https:\/\/deliangdisplay.com\/fr\/notre-produit\/accessoires\/barrettes-a-bangle\/de-liang-t-bar-bangle-storage-rack-bracelet-holder-display-bracelet-organizer-mothers-day-gift-wooden-bracelet-stand-for-selling\/","title":{"rendered":"DE-LIANG T-bar Rangement de bracelets Porte-bracelet Pr\u00e9sentoir de bracelets Organisateur de bracelets Cadeau de f\u00eate des m\u00e8res Support de bracelets en bois pour la vente"},"content":{"rendered":"<ul data-start=\"571\" data-end=\"1508\">\n<li data-start=\"571\" data-end=\"746\">\n<p data-start=\"573\" data-end=\"746\"><strong data-start=\"573\" data-end=\"597\">Design classique de la barre en T<\/strong>: Une barre horizontale simple ou double offre la plateforme id\u00e9ale pour suspendre et mettre en valeur des bracelets, des manchettes, des montres ou m\u00eame des attaches de cheveux.<\/p>\n<\/li>\n<li data-start=\"747\" data-end=\"903\">\n<p data-start=\"749\" data-end=\"903\"><strong data-start=\"749\" data-end=\"776\">Construction en bois massif<\/strong>: Fabriqu\u00e9 en bois naturel de haute qualit\u00e9, poli lisse avec une finition chaude et neutre qui compl\u00e8te toute collection de bijoux.<\/p>\n<\/li>\n<li data-start=\"904\" data-end=\"1046\">\n<p data-start=\"906\" data-end=\"1046\"><strong data-start=\"906\" data-end=\"930\">Base solide et stable<\/strong>: Con\u00e7u pour supporter plusieurs articles \u00e0 la fois sans basculer - id\u00e9al pour les vendeurs professionnels et les particuliers.<\/p>\n<\/li>\n<li data-start=\"1047\" data-end=\"1188\">\n<p data-start=\"1049\" data-end=\"1188\"><strong data-start=\"1049\" data-end=\"1070\">Une id\u00e9e de cadeau parfaite<\/strong>: C'est un cadeau pratique et magnifique pour la f\u00eate des m\u00e8res ou pour les amateurs de bijoux, les organisateurs ou les propri\u00e9taires de boutiques.<\/p>\n<\/li>\n<li data-start=\"1189\" data-end=\"1346\">\n<p data-start=\"1191\" data-end=\"1346\"><strong data-start=\"1191\" data-end=\"1226\">Id\u00e9al pour l'affichage et la photographie<\/strong>: Rehaussez vos photos de produits ou les vitrines de vos magasins avec cet organisateur \u00e9pur\u00e9 et minimaliste qui am\u00e9liore la visibilit\u00e9 des bijoux.<\/p>\n<\/li>\n<li data-start=\"1347\" data-end=\"1508\">\n<p data-start=\"1349\" data-end=\"1508\"><strong data-start=\"1349\" data-end=\"1378\">Personnalisable en fonction de la marque<\/strong>: Disponible avec la gravure ou l'impression d'un logo personnalis\u00e9, ce qui en fait une excellente option pour les boutiques, les march\u00e9s ou les coffrets cadeaux de marque.<\/p>\n<\/li>\n<\/ul>\n<h3 data-start=\"1510\" data-end=\"1544\">\ud83d\udce6 <strong data-start=\"1517\" data-end=\"1544\">Sp\u00e9cifications du produit :<\/strong><\/h3>\n<ul data-start=\"1546\" data-end=\"1891\">\n<li data-start=\"1546\" data-end=\"1618\">\n<p data-start=\"1548\" data-end=\"1618\"><strong data-start=\"1548\" data-end=\"1560\">Mat\u00e9riau<\/strong>: Bois naturel (possibilit\u00e9 de personnaliser les types de bois ou les finitions)<\/p>\n<\/li>\n<li data-start=\"1619\" data-end=\"1664\">\n<p data-start=\"1621\" data-end=\"1664\"><strong data-start=\"1621\" data-end=\"1631\">Conception<\/strong>: T-bar (simple ou double)<\/p>\n<\/li>\n<li data-start=\"1665\" data-end=\"1718\">\n<p data-start=\"1667\" data-end=\"1718\"><strong data-start=\"1667\" data-end=\"1674\">Utilisation<\/strong>: Bracelets, bangles, montres, accessoires<\/p>\n<\/li>\n<li data-start=\"1719\" data-end=\"1786\">\n<p data-start=\"1721\" data-end=\"1786\"><strong data-start=\"1721\" data-end=\"1730\">Couleur<\/strong>: Bois naturel \/ noyer \/ blanc \/ noir (personnalisable)<\/p>\n<\/li>\n<li data-start=\"1787\" data-end=\"1837\">\n<p data-start=\"1789\" data-end=\"1837\"><strong data-start=\"1789\" data-end=\"1797\">Logo<\/strong>: Gravure ou estampage laser en option<\/p>\n<\/li>\n<li data-start=\"1838\" data-end=\"1891\">\n<p data-start=\"1840\" data-end=\"1891\"><strong data-start=\"1840\" data-end=\"1847\">MOQ<\/strong>: Disponible pour les petites commandes et la vente en gros<\/p>\n<\/li>\n<\/ul>\n<hr data-start=\"1893\" data-end=\"1896\" \/>\n<p data-start=\"1898\" data-end=\"2030\"><strong data-start=\"1898\" data-end=\"1940\">Exposer avec raison. Offrez avec style.<\/strong><br data-start=\"1940\" data-end=\"1943\" \/>Le support de bracelet en bois de DE-LIANG allie \u00e9l\u00e9gance et fonctionnalit\u00e9 pour tous les environnements.<\/p>\n<p data-start=\"2032\" data-end=\"2105\">\ud83d\udce9 <em data-start=\"2035\" data-end=\"2105\">Contactez-nous pour obtenir des prix de gros, une personnalisation ou un support OEM\/ODM.<\/em><\/p>","protected":false},"excerpt":{"rendered":"<p>Exposez et organisez vos bracelets avec un style intemporel en utilisant le support de bracelet en bois T-Bar de DE-LIANG. Fabriqu\u00e9 dans un souci de simplicit\u00e9 et de fonctionnalit\u00e9, ce pr\u00e9sentoir est parfait pour la vente au d\u00e9tail, les foires artisanales, l'organisation de la maison ou comme cadeau attentionn\u00e9 pour la f\u00eate des m\u00e8res.<\/p>","protected":false},"featured_media":41932,"comment_status":"open","ping_status":"closed","template":"","meta":{"_acf_changed":false},"product_brand":[],"product_cat":[71],"product_tag":[],"class_list":{"0":"post-41931","1":"product","2":"type-product","3":"status-publish","4":"has-post-thumbnail","6":"product_cat-bangle-bars","8":"first","9":"instock","10":"shipping-taxable","11":"purchasable","12":"product-type-simple"},"acf":[],"yoast_head":"<!-- This site is optimized with the Yoast SEO plugin v27.4 - https:\/\/yoast.com\/product\/yoast-seo-wordpress\/ -->\n<title>DE-LIANG T-bar Bangle Storage Rack Bracelet Holder Display Bracelet Organizer Mothers Day Gift Wooden Bracelet Stand for Selling - DE-LIANG - jewelry,clothes,watch,beauty cosmetics<\/title>\n<meta name=\"robots\" content=\"index, follow, max-snippet:-1, max-image-preview:large, max-video-preview:-1\" \/>\n<link rel=\"canonical\" href=\"https:\/\/deliangdisplay.com\/fr\/notre-produit\/accessoires\/barrettes-a-bangle\/de-liang-t-bar-bangle-storage-rack-bracelet-holder-display-bracelet-organizer-mothers-day-gift-wooden-bracelet-stand-for-selling\/\" \/>\n<meta property=\"og:locale\" content=\"fr_FR\" \/>\n<meta property=\"og:type\" content=\"article\" \/>\n<meta property=\"og:title\" content=\"DE-LIANG T-bar Bangle Storage Rack Bracelet Holder Display Bracelet Organizer Mothers Day Gift Wooden Bracelet Stand for Selling - DE-LIANG - jewelry,clothes,watch,beauty cosmetics\" \/>\n<meta property=\"og:description\" content=\"Display and organize your bangles and bracelets with timeless style using the DE-LIANG T-Bar Wooden Bracelet Stand. Crafted with simplicity and function in mind, this display rack is perfect for retail settings, craft fairs, home organization, or as a thoughtful Mother\u2019s Day gift.\" \/>\n<meta property=\"og:url\" content=\"https:\/\/deliangdisplay.com\/fr\/notre-produit\/accessoires\/barrettes-a-bangle\/de-liang-t-bar-bangle-storage-rack-bracelet-holder-display-bracelet-organizer-mothers-day-gift-wooden-bracelet-stand-for-selling\/\" \/>\n<meta property=\"og:site_name\" content=\"DE-LIANG - jewelry,clothes,watch,beauty cosmetics\" \/>\n<meta property=\"article:publisher\" content=\"https:\/\/www.facebook.com\/JaneZhang008\/\" \/>\n<meta property=\"og:image\" content=\"https:\/\/deliangdisplay.com\/wp-content\/uploads\/2025\/08\/1-1-32.png\" \/>\n\t<meta property=\"og:image:width\" content=\"720\" \/>\n\t<meta property=\"og:image:height\" content=\"717\" \/>\n\t<meta property=\"og:image:type\" content=\"image\/png\" \/>\n<meta name=\"twitter:card\" content=\"summary_large_image\" \/>\n<meta name=\"twitter:site\" content=\"@ly673551729\" \/>\n<meta name=\"twitter:label1\" content=\"Dur\u00e9e de lecture estim\u00e9e\" \/>\n\t<meta name=\"twitter:data1\" content=\"2 minutes\" \/>\n<script type=\"application\/ld+json\" class=\"yoast-schema-graph\">{\"@context\":\"https:\\\/\\\/schema.org\",\"@graph\":[{\"@type\":\"WebPage\",\"@id\":\"https:\\\/\\\/deliangdisplay.com\\\/our-product\\\/accessories\\\/bangle-bars\\\/de-liang-t-bar-bangle-storage-rack-bracelet-holder-display-bracelet-organizer-mothers-day-gift-wooden-bracelet-stand-for-selling\\\/\",\"url\":\"https:\\\/\\\/deliangdisplay.com\\\/our-product\\\/accessories\\\/bangle-bars\\\/de-liang-t-bar-bangle-storage-rack-bracelet-holder-display-bracelet-organizer-mothers-day-gift-wooden-bracelet-stand-for-selling\\\/\",\"name\":\"DE-LIANG T-bar Bangle Storage Rack Bracelet Holder Display Bracelet Organizer Mothers Day Gift Wooden Bracelet Stand for Selling - DE-LIANG - jewelry,clothes,watch,beauty cosmetics\",\"isPartOf\":{\"@id\":\"https:\\\/\\\/deliangdisplay.com\\\/#website\"},\"primaryImageOfPage\":{\"@id\":\"https:\\\/\\\/deliangdisplay.com\\\/our-product\\\/accessories\\\/bangle-bars\\\/de-liang-t-bar-bangle-storage-rack-bracelet-holder-display-bracelet-organizer-mothers-day-gift-wooden-bracelet-stand-for-selling\\\/#primaryimage\"},\"image\":{\"@id\":\"https:\\\/\\\/deliangdisplay.com\\\/our-product\\\/accessories\\\/bangle-bars\\\/de-liang-t-bar-bangle-storage-rack-bracelet-holder-display-bracelet-organizer-mothers-day-gift-wooden-bracelet-stand-for-selling\\\/#primaryimage\"},\"thumbnailUrl\":\"https:\\\/\\\/deliangdisplay.com\\\/wp-content\\\/uploads\\\/2025\\\/08\\\/1-1-32.png\",\"datePublished\":\"2025-08-02T09:06:37+00:00\",\"breadcrumb\":{\"@id\":\"https:\\\/\\\/deliangdisplay.com\\\/our-product\\\/accessories\\\/bangle-bars\\\/de-liang-t-bar-bangle-storage-rack-bracelet-holder-display-bracelet-organizer-mothers-day-gift-wooden-bracelet-stand-for-selling\\\/#breadcrumb\"},\"inLanguage\":\"fr-FR\",\"potentialAction\":[{\"@type\":\"ReadAction\",\"target\":[\"https:\\\/\\\/deliangdisplay.com\\\/our-product\\\/accessories\\\/bangle-bars\\\/de-liang-t-bar-bangle-storage-rack-bracelet-holder-display-bracelet-organizer-mothers-day-gift-wooden-bracelet-stand-for-selling\\\/\"]}]},{\"@type\":\"ImageObject\",\"inLanguage\":\"fr-FR\",\"@id\":\"https:\\\/\\\/deliangdisplay.com\\\/our-product\\\/accessories\\\/bangle-bars\\\/de-liang-t-bar-bangle-storage-rack-bracelet-holder-display-bracelet-organizer-mothers-day-gift-wooden-bracelet-stand-for-selling\\\/#primaryimage\",\"url\":\"https:\\\/\\\/deliangdisplay.com\\\/wp-content\\\/uploads\\\/2025\\\/08\\\/1-1-32.png\",\"contentUrl\":\"https:\\\/\\\/deliangdisplay.com\\\/wp-content\\\/uploads\\\/2025\\\/08\\\/1-1-32.png\",\"width\":720,\"height\":717},{\"@type\":\"BreadcrumbList\",\"@id\":\"https:\\\/\\\/deliangdisplay.com\\\/our-product\\\/accessories\\\/bangle-bars\\\/de-liang-t-bar-bangle-storage-rack-bracelet-holder-display-bracelet-organizer-mothers-day-gift-wooden-bracelet-stand-for-selling\\\/#breadcrumb\",\"itemListElement\":[{\"@type\":\"ListItem\",\"position\":1,\"name\":\"\u9996\u9875\",\"item\":\"https:\\\/\\\/deliangdisplay.com\\\/\"},{\"@type\":\"ListItem\",\"position\":2,\"name\":\"Our Product\",\"item\":\"https:\\\/\\\/deliangdisplay.com\\\/our-product\\\/\"},{\"@type\":\"ListItem\",\"position\":3,\"name\":\"DE-LIANG T-bar Bangle Storage Rack Bracelet Holder Display Bracelet Organizer Mothers Day Gift Wooden Bracelet Stand for Selling\"}]},{\"@type\":\"WebSite\",\"@id\":\"https:\\\/\\\/deliangdisplay.com\\\/#website\",\"url\":\"https:\\\/\\\/deliangdisplay.com\\\/\",\"name\":\"deliangdisplay.com\",\"description\":\"DE-LIANG - Providing bespoke packaging solutions and luxurious display design services for brands in jewelry, apparel, watches, beauty cosmetics, and more.\",\"publisher\":{\"@id\":\"https:\\\/\\\/deliangdisplay.com\\\/#organization\"},\"potentialAction\":[{\"@type\":\"SearchAction\",\"target\":{\"@type\":\"EntryPoint\",\"urlTemplate\":\"https:\\\/\\\/deliangdisplay.com\\\/?s={search_term_string}\"},\"query-input\":{\"@type\":\"PropertyValueSpecification\",\"valueRequired\":true,\"valueName\":\"search_term_string\"}}],\"inLanguage\":\"fr-FR\"},{\"@type\":\"Organization\",\"@id\":\"https:\\\/\\\/deliangdisplay.com\\\/#organization\",\"name\":\"deliangdisplay.com\",\"url\":\"https:\\\/\\\/deliangdisplay.com\\\/\",\"logo\":{\"@type\":\"ImageObject\",\"inLanguage\":\"fr-FR\",\"@id\":\"https:\\\/\\\/deliangdisplay.com\\\/#\\\/schema\\\/logo\\\/image\\\/\",\"url\":\"https:\\\/\\\/deliangdisplay.com\\\/wp-content\\\/uploads\\\/2025\\\/08\\\/DELIANGDISPALY_logo.png\",\"contentUrl\":\"https:\\\/\\\/deliangdisplay.com\\\/wp-content\\\/uploads\\\/2025\\\/08\\\/DELIANGDISPALY_logo.png\",\"width\":300,\"height\":130,\"caption\":\"deliangdisplay.com\"},\"image\":{\"@id\":\"https:\\\/\\\/deliangdisplay.com\\\/#\\\/schema\\\/logo\\\/image\\\/\"},\"sameAs\":[\"https:\\\/\\\/www.facebook.com\\\/JaneZhang008\\\/\",\"https:\\\/\\\/x.com\\\/ly673551729\"]}]}<\/script>\n<!-- \/ Yoast SEO plugin. -->","yoast_head_json":{"title":"DE-LIANG Porte-bracelet en T Organisateur de bracelets Cadeau de f\u00eate des m\u00e8res Support de bracelets en bois pour la vente - DE-LIANG - bijouterie,joaillerie,horlogerie,bijouterie,joaillerie,beaut\u00e9,cosm\u00e9tique","robots":{"index":"index","follow":"follow","max-snippet":"max-snippet:-1","max-image-preview":"max-image-preview:large","max-video-preview":"max-video-preview:-1"},"canonical":"https:\/\/deliangdisplay.com\/fr\/notre-produit\/accessoires\/barrettes-a-bangle\/de-liang-t-bar-bangle-storage-rack-bracelet-holder-display-bracelet-organizer-mothers-day-gift-wooden-bracelet-stand-for-selling\/","og_locale":"fr_FR","og_type":"article","og_title":"DE-LIANG T-bar Bangle Storage Rack Bracelet Holder Display Bracelet Organizer Mothers Day Gift Wooden Bracelet Stand for Selling - DE-LIANG - jewelry,clothes,watch,beauty cosmetics","og_description":"Display and organize your bangles and bracelets with timeless style using the DE-LIANG T-Bar Wooden Bracelet Stand. Crafted with simplicity and function in mind, this display rack is perfect for retail settings, craft fairs, home organization, or as a thoughtful Mother\u2019s Day gift.","og_url":"https:\/\/deliangdisplay.com\/fr\/notre-produit\/accessoires\/barrettes-a-bangle\/de-liang-t-bar-bangle-storage-rack-bracelet-holder-display-bracelet-organizer-mothers-day-gift-wooden-bracelet-stand-for-selling\/","og_site_name":"DE-LIANG - jewelry,clothes,watch,beauty cosmetics","article_publisher":"https:\/\/www.facebook.com\/JaneZhang008\/","og_image":[{"width":720,"height":717,"url":"https:\/\/deliangdisplay.com\/wp-content\/uploads\/2025\/08\/1-1-32.png","type":"image\/png"}],"twitter_card":"summary_large_image","twitter_site":"@ly673551729","twitter_misc":{"Dur\u00e9e de lecture estim\u00e9e":"2 minutes"},"schema":{"@context":"https:\/\/schema.org","@graph":[{"@type":"WebPage","@id":"https:\/\/deliangdisplay.com\/our-product\/accessories\/bangle-bars\/de-liang-t-bar-bangle-storage-rack-bracelet-holder-display-bracelet-organizer-mothers-day-gift-wooden-bracelet-stand-for-selling\/","url":"https:\/\/deliangdisplay.com\/our-product\/accessories\/bangle-bars\/de-liang-t-bar-bangle-storage-rack-bracelet-holder-display-bracelet-organizer-mothers-day-gift-wooden-bracelet-stand-for-selling\/","name":"DE-LIANG Porte-bracelet en T Organisateur de bracelets Cadeau de f\u00eate des m\u00e8res Support de bracelets en bois pour la vente - DE-LIANG - bijouterie,joaillerie,horlogerie,bijouterie,joaillerie,beaut\u00e9,cosm\u00e9tique","isPartOf":{"@id":"https:\/\/deliangdisplay.com\/#website"},"primaryImageOfPage":{"@id":"https:\/\/deliangdisplay.com\/our-product\/accessories\/bangle-bars\/de-liang-t-bar-bangle-storage-rack-bracelet-holder-display-bracelet-organizer-mothers-day-gift-wooden-bracelet-stand-for-selling\/#primaryimage"},"image":{"@id":"https:\/\/deliangdisplay.com\/our-product\/accessories\/bangle-bars\/de-liang-t-bar-bangle-storage-rack-bracelet-holder-display-bracelet-organizer-mothers-day-gift-wooden-bracelet-stand-for-selling\/#primaryimage"},"thumbnailUrl":"https:\/\/deliangdisplay.com\/wp-content\/uploads\/2025\/08\/1-1-32.png","datePublished":"2025-08-02T09:06:37+00:00","breadcrumb":{"@id":"https:\/\/deliangdisplay.com\/our-product\/accessories\/bangle-bars\/de-liang-t-bar-bangle-storage-rack-bracelet-holder-display-bracelet-organizer-mothers-day-gift-wooden-bracelet-stand-for-selling\/#breadcrumb"},"inLanguage":"fr-FR","potentialAction":[{"@type":"ReadAction","target":["https:\/\/deliangdisplay.com\/our-product\/accessories\/bangle-bars\/de-liang-t-bar-bangle-storage-rack-bracelet-holder-display-bracelet-organizer-mothers-day-gift-wooden-bracelet-stand-for-selling\/"]}]},{"@type":"ImageObject","inLanguage":"fr-FR","@id":"https:\/\/deliangdisplay.com\/our-product\/accessories\/bangle-bars\/de-liang-t-bar-bangle-storage-rack-bracelet-holder-display-bracelet-organizer-mothers-day-gift-wooden-bracelet-stand-for-selling\/#primaryimage","url":"https:\/\/deliangdisplay.com\/wp-content\/uploads\/2025\/08\/1-1-32.png","contentUrl":"https:\/\/deliangdisplay.com\/wp-content\/uploads\/2025\/08\/1-1-32.png","width":720,"height":717},{"@type":"BreadcrumbList","@id":"https:\/\/deliangdisplay.com\/our-product\/accessories\/bangle-bars\/de-liang-t-bar-bangle-storage-rack-bracelet-holder-display-bracelet-organizer-mothers-day-gift-wooden-bracelet-stand-for-selling\/#breadcrumb","itemListElement":[{"@type":"ListItem","position":1,"name":"\u9996\u9875","item":"https:\/\/deliangdisplay.com\/"},{"@type":"ListItem","position":2,"name":"Our Product","item":"https:\/\/deliangdisplay.com\/our-product\/"},{"@type":"ListItem","position":3,"name":"DE-LIANG T-bar Bangle Storage Rack Bracelet Holder Display Bracelet Organizer Mothers Day Gift Wooden Bracelet Stand for Selling"}]},{"@type":"WebSite","@id":"https:\/\/deliangdisplay.com\/#website","url":"https:\/\/deliangdisplay.com\/","name":"deliangdisplay.com","description":"DE-LIANG - Fournit des solutions d'emballage sur mesure et des services de conception de pr\u00e9sentoirs luxueux pour les marques de bijoux, de v\u00eatements, de montres, de produits de beaut\u00e9 et de cosm\u00e9tiques, et plus encore.","publisher":{"@id":"https:\/\/deliangdisplay.com\/#organization"},"potentialAction":[{"@type":"SearchAction","target":{"@type":"EntryPoint","urlTemplate":"https:\/\/deliangdisplay.com\/?s={search_term_string}"},"query-input":{"@type":"PropertyValueSpecification","valueRequired":true,"valueName":"search_term_string"}}],"inLanguage":"fr-FR"},{"@type":"Organization","@id":"https:\/\/deliangdisplay.com\/#organization","name":"deliangdisplay.com","url":"https:\/\/deliangdisplay.com\/","logo":{"@type":"ImageObject","inLanguage":"fr-FR","@id":"https:\/\/deliangdisplay.com\/#\/schema\/logo\/image\/","url":"https:\/\/deliangdisplay.com\/wp-content\/uploads\/2025\/08\/DELIANGDISPALY_logo.png","contentUrl":"https:\/\/deliangdisplay.com\/wp-content\/uploads\/2025\/08\/DELIANGDISPALY_logo.png","width":300,"height":130,"caption":"deliangdisplay.com"},"image":{"@id":"https:\/\/deliangdisplay.com\/#\/schema\/logo\/image\/"},"sameAs":["https:\/\/www.facebook.com\/JaneZhang008\/","https:\/\/x.com\/ly673551729"]}]}},"_links":{"self":[{"href":"https:\/\/deliangdisplay.com\/fr\/wp-json\/wp\/v2\/product\/41931","targetHints":{"allow":["GET"]}}],"collection":[{"href":"https:\/\/deliangdisplay.com\/fr\/wp-json\/wp\/v2\/product"}],"about":[{"href":"https:\/\/deliangdisplay.com\/fr\/wp-json\/wp\/v2\/types\/product"}],"replies":[{"embeddable":true,"href":"https:\/\/deliangdisplay.com\/fr\/wp-json\/wp\/v2\/comments?post=41931"}],"wp:featuredmedia":[{"embeddable":true,"href":"https:\/\/deliangdisplay.com\/fr\/wp-json\/wp\/v2\/media\/41932"}],"wp:attachment":[{"href":"https:\/\/deliangdisplay.com\/fr\/wp-json\/wp\/v2\/media?parent=41931"}],"wp:term":[{"taxonomy":"product_brand","embeddable":true,"href":"https:\/\/deliangdisplay.com\/fr\/wp-json\/wp\/v2\/product_brand?post=41931"},{"taxonomy":"product_cat","embeddable":true,"href":"https:\/\/deliangdisplay.com\/fr\/wp-json\/wp\/v2\/product_cat?post=41931"},{"taxonomy":"product_tag","embeddable":true,"href":"https:\/\/deliangdisplay.com\/fr\/wp-json\/wp\/v2\/product_tag?post=41931"}],"curies":[{"name":"wp","href":"https:\/\/api.w.org\/{rel}","templated":true}]}}