{"id":41922,"date":"2025-08-02T16:53:34","date_gmt":"2025-08-02T08:53:34","guid":{"rendered":"https:\/\/deliangdisplay.com\/?post_type=product&#038;p=41922"},"modified":"2025-08-02T16:53:34","modified_gmt":"2025-08-02T08:53:34","slug":"de-liang-luxury-jewelry-showcase-bracelet-earring-display-rack-microfiber-multi-functional-display-bracelet-display-stand","status":"publish","type":"product","link":"https:\/\/deliangdisplay.com\/fr\/notre-produit\/accessoires\/barrettes-a-bangle\/de-liang-luxury-jewelry-showcase-bracelet-earring-display-rack-microfiber-multi-functional-display-bracelet-display-stand\/","title":{"rendered":"DE-LIANG Vitrine \u00e0 bijoux de luxe Pr\u00e9sentoir \u00e0 bracelets et boucles d'oreilles Support multifonctionnel en microfibre Pr\u00e9sentoir \u00e0 bracelets"},"content":{"rendered":"<ul data-start=\"636\" data-end=\"1452\">\n<li data-start=\"636\" data-end=\"815\">\n<p data-start=\"638\" data-end=\"815\"><strong data-start=\"638\" data-end=\"668\">Finition microfibre haut de gamme<\/strong>: Envelopp\u00e9 dans un tissu en microfibre de premi\u00e8re qualit\u00e9, il offre une texture douce et mate qui prot\u00e8ge les bijoux d\u00e9licats et d\u00e9gage une esth\u00e9tique minimaliste et luxueuse.<\/p>\n<\/li>\n<li data-start=\"816\" data-end=\"986\">\n<p data-start=\"818\" data-end=\"986\"><strong data-start=\"818\" data-end=\"845\">Conception multifonctionnelle<\/strong>: Id\u00e9al pour pr\u00e9senter des bracelets, des manchettes, des boucles d'oreilles, des bracelets, des montres ou des ensembles de bijoux superpos\u00e9s - parfait pour une utilisation sur le comptoir ou en vitrine.<\/p>\n<\/li>\n<li data-start=\"987\" data-end=\"1136\">\n<p data-start=\"989\" data-end=\"1136\"><strong data-start=\"989\" data-end=\"1014\">Base stable et durable<\/strong>: Construit avec un noyau robuste en bois ou en acrylique, il garantit un support durable et une pr\u00e9sentation nette sous tous les angles.<\/p>\n<\/li>\n<li data-start=\"1137\" data-end=\"1297\">\n<p data-start=\"1139\" data-end=\"1297\"><strong data-start=\"1139\" data-end=\"1164\">Pr\u00e9sentoir moderne pour le commerce de d\u00e9tail<\/strong>: \u00c9l\u00e9gant et peu encombrant, ce pr\u00e9sentoir apporte une touche d'\u00e9l\u00e9gance aux boutiques de bijoux, aux expositions temporaires, aux salons professionnels ou \u00e0 l'univers de la photographie.<\/p>\n<\/li>\n<li data-start=\"1298\" data-end=\"1452\">\n<p data-start=\"1300\" data-end=\"1452\"><strong data-start=\"1300\" data-end=\"1324\">Options personnalisables<\/strong>: Disponible dans des tailles, des formes et des couleurs personnalis\u00e9es, et avec un logo optionnel pour s'aligner sur l'identit\u00e9 visuelle de votre magasin.<\/p>\n<\/li>\n<\/ul>\n<h3 data-start=\"1454\" data-end=\"1488\">\ud83d\udce6 <strong data-start=\"1461\" data-end=\"1488\">Sp\u00e9cifications du produit :<\/strong><\/h3>\n<ul data-start=\"1490\" data-end=\"1869\">\n<li data-start=\"1490\" data-end=\"1555\">\n<p data-start=\"1492\" data-end=\"1555\"><strong data-start=\"1492\" data-end=\"1504\">Mat\u00e9riau<\/strong>: Surface en microfibre + noyau int\u00e9rieur en bois ou en acrylique<\/p>\n<\/li>\n<li data-start=\"1556\" data-end=\"1640\">\n<p data-start=\"1558\" data-end=\"1640\"><strong data-start=\"1558\" data-end=\"1567\">Couleur<\/strong>: Tons neutres (gris, beige, blanc, noir, kaki, etc. - personnalisable)<\/p>\n<\/li>\n<li data-start=\"1641\" data-end=\"1697\">\n<p data-start=\"1643\" data-end=\"1697\"><strong data-start=\"1643\" data-end=\"1650\">Utilisation<\/strong>: Bracelet, boucle d'oreille, bangle ou pr\u00e9sentoir de montre<\/p>\n<\/li>\n<li data-start=\"1698\" data-end=\"1752\">\n<p data-start=\"1700\" data-end=\"1752\"><strong data-start=\"1700\" data-end=\"1712\">Caract\u00e9ristiques<\/strong>: Base stable, douce au toucher et anti-rayures<\/p>\n<\/li>\n<li data-start=\"1753\" data-end=\"1805\">\n<p data-start=\"1755\" data-end=\"1805\"><strong data-start=\"1755\" data-end=\"1763\">Logo<\/strong>: Possibilit\u00e9 d'impression ou de gaufrage sur mesure<\/p>\n<\/li>\n<li data-start=\"1806\" data-end=\"1869\">\n<p data-start=\"1808\" data-end=\"1869\"><strong data-start=\"1808\" data-end=\"1815\">MOQ<\/strong>: Flexible pour les commandes de boutiques et les clients en gros<\/p>\n<\/li>\n<\/ul>\n<hr data-start=\"1871\" data-end=\"1874\" \/>\n<p data-start=\"1876\" data-end=\"1996\"><strong data-start=\"1876\" data-end=\"1930\">Con\u00e7u pour compl\u00e9ter la beaut\u00e9 de vos bijoux.<\/strong><br data-start=\"1930\" data-end=\"1933\" \/>DE-LIANG apporte son savoir-faire et son style \u00e0 chaque pr\u00e9sentoir.<\/p>\n<p data-start=\"1998\" data-end=\"2078\">\ud83d\udce9 <em data-start=\"2001\" data-end=\"2078\">Contactez-nous d\u00e8s maintenant pour des options personnalis\u00e9es, des services OEM\/ODM ou des prix pour des commandes en vrac.<\/em><\/p>","protected":false},"excerpt":{"rendered":"<p>Am\u00e9liorez la pr\u00e9sentation de vos bijoux avec le pr\u00e9sentoir \u00e0 bijoux DE-LIANG Luxury Microfiber - une solution \u00e9l\u00e9gante et polyvalente pour mettre en valeur les bracelets, les bangles, les boucles d'oreilles et les montres, que ce soit dans le cadre d'une vente au d\u00e9tail ou d'une exposition. Con\u00e7u pour le luxe moderne, ce support multifonctionnel combine des lignes \u00e9pur\u00e9es, des mat\u00e9riaux doux au toucher et une \u00e9l\u00e9gance pratique.<\/p>","protected":false},"featured_media":41923,"comment_status":"open","ping_status":"closed","template":"","meta":{"_acf_changed":false},"product_brand":[],"product_cat":[71],"product_tag":[],"class_list":{"0":"post-41922","1":"product","2":"type-product","3":"status-publish","4":"has-post-thumbnail","6":"product_cat-bangle-bars","8":"first","9":"instock","10":"shipping-taxable","11":"purchasable","12":"product-type-simple"},"acf":[],"yoast_head":"<!-- This site is optimized with the Yoast SEO plugin v27.4 - https:\/\/yoast.com\/product\/yoast-seo-wordpress\/ -->\n<title>DE-LIANG Luxury Jewelry showcase Bracelet Earring Display Rack Microfiber Multi-functional Display Bracelet Display Stand - DE-LIANG - jewelry,clothes,watch,beauty cosmetics<\/title>\n<meta name=\"robots\" content=\"index, follow, max-snippet:-1, max-image-preview:large, max-video-preview:-1\" \/>\n<link rel=\"canonical\" href=\"https:\/\/deliangdisplay.com\/fr\/notre-produit\/accessoires\/barrettes-a-bangle\/de-liang-luxury-jewelry-showcase-bracelet-earring-display-rack-microfiber-multi-functional-display-bracelet-display-stand\/\" \/>\n<meta property=\"og:locale\" content=\"fr_FR\" \/>\n<meta property=\"og:type\" content=\"article\" \/>\n<meta property=\"og:title\" content=\"DE-LIANG Luxury Jewelry showcase Bracelet Earring Display Rack Microfiber Multi-functional Display Bracelet Display Stand - DE-LIANG - jewelry,clothes,watch,beauty cosmetics\" \/>\n<meta property=\"og:description\" content=\"Elevate your jewelry presentation with the DE-LIANG Luxury Microfiber Jewelry Display Stand \u2014 a stylish and versatile solution for showcasing bracelets, bangles, earrings, and watches in both retail and exhibition settings. Designed for modern luxury, this multi-functional rack combines clean lines, soft-touch materials, and practical elegance.\" \/>\n<meta property=\"og:url\" content=\"https:\/\/deliangdisplay.com\/fr\/notre-produit\/accessoires\/barrettes-a-bangle\/de-liang-luxury-jewelry-showcase-bracelet-earring-display-rack-microfiber-multi-functional-display-bracelet-display-stand\/\" \/>\n<meta property=\"og:site_name\" content=\"DE-LIANG - jewelry,clothes,watch,beauty cosmetics\" \/>\n<meta property=\"article:publisher\" content=\"https:\/\/www.facebook.com\/JaneZhang008\/\" \/>\n<meta property=\"og:image\" content=\"https:\/\/deliangdisplay.com\/wp-content\/uploads\/2025\/08\/1-1-28.png\" \/>\n\t<meta property=\"og:image:width\" content=\"720\" \/>\n\t<meta property=\"og:image:height\" content=\"720\" \/>\n\t<meta property=\"og:image:type\" content=\"image\/png\" \/>\n<meta name=\"twitter:card\" content=\"summary_large_image\" \/>\n<meta name=\"twitter:site\" content=\"@ly673551729\" \/>\n<meta name=\"twitter:label1\" content=\"Dur\u00e9e de lecture estim\u00e9e\" \/>\n\t<meta name=\"twitter:data1\" content=\"1 minute\" \/>\n<script type=\"application\/ld+json\" class=\"yoast-schema-graph\">{\"@context\":\"https:\\\/\\\/schema.org\",\"@graph\":[{\"@type\":\"WebPage\",\"@id\":\"https:\\\/\\\/deliangdisplay.com\\\/our-product\\\/accessories\\\/bangle-bars\\\/de-liang-luxury-jewelry-showcase-bracelet-earring-display-rack-microfiber-multi-functional-display-bracelet-display-stand\\\/\",\"url\":\"https:\\\/\\\/deliangdisplay.com\\\/our-product\\\/accessories\\\/bangle-bars\\\/de-liang-luxury-jewelry-showcase-bracelet-earring-display-rack-microfiber-multi-functional-display-bracelet-display-stand\\\/\",\"name\":\"DE-LIANG Luxury Jewelry showcase Bracelet Earring Display Rack Microfiber Multi-functional Display Bracelet Display Stand - DE-LIANG - jewelry,clothes,watch,beauty cosmetics\",\"isPartOf\":{\"@id\":\"https:\\\/\\\/deliangdisplay.com\\\/#website\"},\"primaryImageOfPage\":{\"@id\":\"https:\\\/\\\/deliangdisplay.com\\\/our-product\\\/accessories\\\/bangle-bars\\\/de-liang-luxury-jewelry-showcase-bracelet-earring-display-rack-microfiber-multi-functional-display-bracelet-display-stand\\\/#primaryimage\"},\"image\":{\"@id\":\"https:\\\/\\\/deliangdisplay.com\\\/our-product\\\/accessories\\\/bangle-bars\\\/de-liang-luxury-jewelry-showcase-bracelet-earring-display-rack-microfiber-multi-functional-display-bracelet-display-stand\\\/#primaryimage\"},\"thumbnailUrl\":\"https:\\\/\\\/deliangdisplay.com\\\/wp-content\\\/uploads\\\/2025\\\/08\\\/1-1-28.png\",\"datePublished\":\"2025-08-02T08:53:34+00:00\",\"breadcrumb\":{\"@id\":\"https:\\\/\\\/deliangdisplay.com\\\/our-product\\\/accessories\\\/bangle-bars\\\/de-liang-luxury-jewelry-showcase-bracelet-earring-display-rack-microfiber-multi-functional-display-bracelet-display-stand\\\/#breadcrumb\"},\"inLanguage\":\"fr-FR\",\"potentialAction\":[{\"@type\":\"ReadAction\",\"target\":[\"https:\\\/\\\/deliangdisplay.com\\\/our-product\\\/accessories\\\/bangle-bars\\\/de-liang-luxury-jewelry-showcase-bracelet-earring-display-rack-microfiber-multi-functional-display-bracelet-display-stand\\\/\"]}]},{\"@type\":\"ImageObject\",\"inLanguage\":\"fr-FR\",\"@id\":\"https:\\\/\\\/deliangdisplay.com\\\/our-product\\\/accessories\\\/bangle-bars\\\/de-liang-luxury-jewelry-showcase-bracelet-earring-display-rack-microfiber-multi-functional-display-bracelet-display-stand\\\/#primaryimage\",\"url\":\"https:\\\/\\\/deliangdisplay.com\\\/wp-content\\\/uploads\\\/2025\\\/08\\\/1-1-28.png\",\"contentUrl\":\"https:\\\/\\\/deliangdisplay.com\\\/wp-content\\\/uploads\\\/2025\\\/08\\\/1-1-28.png\",\"width\":720,\"height\":720},{\"@type\":\"BreadcrumbList\",\"@id\":\"https:\\\/\\\/deliangdisplay.com\\\/our-product\\\/accessories\\\/bangle-bars\\\/de-liang-luxury-jewelry-showcase-bracelet-earring-display-rack-microfiber-multi-functional-display-bracelet-display-stand\\\/#breadcrumb\",\"itemListElement\":[{\"@type\":\"ListItem\",\"position\":1,\"name\":\"\u9996\u9875\",\"item\":\"https:\\\/\\\/deliangdisplay.com\\\/\"},{\"@type\":\"ListItem\",\"position\":2,\"name\":\"Our Product\",\"item\":\"https:\\\/\\\/deliangdisplay.com\\\/our-product\\\/\"},{\"@type\":\"ListItem\",\"position\":3,\"name\":\"DE-LIANG Luxury Jewelry showcase Bracelet Earring Display Rack Microfiber Multi-functional Display Bracelet Display Stand\"}]},{\"@type\":\"WebSite\",\"@id\":\"https:\\\/\\\/deliangdisplay.com\\\/#website\",\"url\":\"https:\\\/\\\/deliangdisplay.com\\\/\",\"name\":\"deliangdisplay.com\",\"description\":\"DE-LIANG - Providing bespoke packaging solutions and luxurious display design services for brands in jewelry, apparel, watches, beauty cosmetics, and more.\",\"publisher\":{\"@id\":\"https:\\\/\\\/deliangdisplay.com\\\/#organization\"},\"potentialAction\":[{\"@type\":\"SearchAction\",\"target\":{\"@type\":\"EntryPoint\",\"urlTemplate\":\"https:\\\/\\\/deliangdisplay.com\\\/?s={search_term_string}\"},\"query-input\":{\"@type\":\"PropertyValueSpecification\",\"valueRequired\":true,\"valueName\":\"search_term_string\"}}],\"inLanguage\":\"fr-FR\"},{\"@type\":\"Organization\",\"@id\":\"https:\\\/\\\/deliangdisplay.com\\\/#organization\",\"name\":\"deliangdisplay.com\",\"url\":\"https:\\\/\\\/deliangdisplay.com\\\/\",\"logo\":{\"@type\":\"ImageObject\",\"inLanguage\":\"fr-FR\",\"@id\":\"https:\\\/\\\/deliangdisplay.com\\\/#\\\/schema\\\/logo\\\/image\\\/\",\"url\":\"https:\\\/\\\/deliangdisplay.com\\\/wp-content\\\/uploads\\\/2025\\\/08\\\/DELIANGDISPALY_logo.png\",\"contentUrl\":\"https:\\\/\\\/deliangdisplay.com\\\/wp-content\\\/uploads\\\/2025\\\/08\\\/DELIANGDISPALY_logo.png\",\"width\":300,\"height\":130,\"caption\":\"deliangdisplay.com\"},\"image\":{\"@id\":\"https:\\\/\\\/deliangdisplay.com\\\/#\\\/schema\\\/logo\\\/image\\\/\"},\"sameAs\":[\"https:\\\/\\\/www.facebook.com\\\/JaneZhang008\\\/\",\"https:\\\/\\\/x.com\\\/ly673551729\"]}]}<\/script>\n<!-- \/ Yoast SEO plugin. -->","yoast_head_json":{"title":"DE-LIANG Vitrine \u00e0 bijoux de luxe Pr\u00e9sentoir \u00e0 bracelets et boucles d'oreilles Microfibre Pr\u00e9sentoir \u00e0 bracelets multifonctionnel - DE-LIANG - bijouterie,joaillerie,horlogerie,bijouterie,joaillerie,beaut\u00e9,cosm\u00e9tique","robots":{"index":"index","follow":"follow","max-snippet":"max-snippet:-1","max-image-preview":"max-image-preview:large","max-video-preview":"max-video-preview:-1"},"canonical":"https:\/\/deliangdisplay.com\/fr\/notre-produit\/accessoires\/barrettes-a-bangle\/de-liang-luxury-jewelry-showcase-bracelet-earring-display-rack-microfiber-multi-functional-display-bracelet-display-stand\/","og_locale":"fr_FR","og_type":"article","og_title":"DE-LIANG Luxury Jewelry showcase Bracelet Earring Display Rack Microfiber Multi-functional Display Bracelet Display Stand - DE-LIANG - jewelry,clothes,watch,beauty cosmetics","og_description":"Elevate your jewelry presentation with the DE-LIANG Luxury Microfiber Jewelry Display Stand \u2014 a stylish and versatile solution for showcasing bracelets, bangles, earrings, and watches in both retail and exhibition settings. Designed for modern luxury, this multi-functional rack combines clean lines, soft-touch materials, and practical elegance.","og_url":"https:\/\/deliangdisplay.com\/fr\/notre-produit\/accessoires\/barrettes-a-bangle\/de-liang-luxury-jewelry-showcase-bracelet-earring-display-rack-microfiber-multi-functional-display-bracelet-display-stand\/","og_site_name":"DE-LIANG - jewelry,clothes,watch,beauty cosmetics","article_publisher":"https:\/\/www.facebook.com\/JaneZhang008\/","og_image":[{"width":720,"height":720,"url":"https:\/\/deliangdisplay.com\/wp-content\/uploads\/2025\/08\/1-1-28.png","type":"image\/png"}],"twitter_card":"summary_large_image","twitter_site":"@ly673551729","twitter_misc":{"Dur\u00e9e de lecture estim\u00e9e":"1 minute"},"schema":{"@context":"https:\/\/schema.org","@graph":[{"@type":"WebPage","@id":"https:\/\/deliangdisplay.com\/our-product\/accessories\/bangle-bars\/de-liang-luxury-jewelry-showcase-bracelet-earring-display-rack-microfiber-multi-functional-display-bracelet-display-stand\/","url":"https:\/\/deliangdisplay.com\/our-product\/accessories\/bangle-bars\/de-liang-luxury-jewelry-showcase-bracelet-earring-display-rack-microfiber-multi-functional-display-bracelet-display-stand\/","name":"DE-LIANG Vitrine \u00e0 bijoux de luxe Pr\u00e9sentoir \u00e0 bracelets et boucles d'oreilles Microfibre Pr\u00e9sentoir \u00e0 bracelets multifonctionnel - DE-LIANG - bijouterie,joaillerie,horlogerie,bijouterie,joaillerie,beaut\u00e9,cosm\u00e9tique","isPartOf":{"@id":"https:\/\/deliangdisplay.com\/#website"},"primaryImageOfPage":{"@id":"https:\/\/deliangdisplay.com\/our-product\/accessories\/bangle-bars\/de-liang-luxury-jewelry-showcase-bracelet-earring-display-rack-microfiber-multi-functional-display-bracelet-display-stand\/#primaryimage"},"image":{"@id":"https:\/\/deliangdisplay.com\/our-product\/accessories\/bangle-bars\/de-liang-luxury-jewelry-showcase-bracelet-earring-display-rack-microfiber-multi-functional-display-bracelet-display-stand\/#primaryimage"},"thumbnailUrl":"https:\/\/deliangdisplay.com\/wp-content\/uploads\/2025\/08\/1-1-28.png","datePublished":"2025-08-02T08:53:34+00:00","breadcrumb":{"@id":"https:\/\/deliangdisplay.com\/our-product\/accessories\/bangle-bars\/de-liang-luxury-jewelry-showcase-bracelet-earring-display-rack-microfiber-multi-functional-display-bracelet-display-stand\/#breadcrumb"},"inLanguage":"fr-FR","potentialAction":[{"@type":"ReadAction","target":["https:\/\/deliangdisplay.com\/our-product\/accessories\/bangle-bars\/de-liang-luxury-jewelry-showcase-bracelet-earring-display-rack-microfiber-multi-functional-display-bracelet-display-stand\/"]}]},{"@type":"ImageObject","inLanguage":"fr-FR","@id":"https:\/\/deliangdisplay.com\/our-product\/accessories\/bangle-bars\/de-liang-luxury-jewelry-showcase-bracelet-earring-display-rack-microfiber-multi-functional-display-bracelet-display-stand\/#primaryimage","url":"https:\/\/deliangdisplay.com\/wp-content\/uploads\/2025\/08\/1-1-28.png","contentUrl":"https:\/\/deliangdisplay.com\/wp-content\/uploads\/2025\/08\/1-1-28.png","width":720,"height":720},{"@type":"BreadcrumbList","@id":"https:\/\/deliangdisplay.com\/our-product\/accessories\/bangle-bars\/de-liang-luxury-jewelry-showcase-bracelet-earring-display-rack-microfiber-multi-functional-display-bracelet-display-stand\/#breadcrumb","itemListElement":[{"@type":"ListItem","position":1,"name":"\u9996\u9875","item":"https:\/\/deliangdisplay.com\/"},{"@type":"ListItem","position":2,"name":"Our Product","item":"https:\/\/deliangdisplay.com\/our-product\/"},{"@type":"ListItem","position":3,"name":"DE-LIANG Luxury Jewelry showcase Bracelet Earring Display Rack Microfiber Multi-functional Display Bracelet Display Stand"}]},{"@type":"WebSite","@id":"https:\/\/deliangdisplay.com\/#website","url":"https:\/\/deliangdisplay.com\/","name":"deliangdisplay.com","description":"DE-LIANG - Fournit des solutions d'emballage sur mesure et des services de conception de pr\u00e9sentoirs luxueux pour les marques de bijoux, de v\u00eatements, de montres, de produits de beaut\u00e9 et de cosm\u00e9tiques, et plus encore.","publisher":{"@id":"https:\/\/deliangdisplay.com\/#organization"},"potentialAction":[{"@type":"SearchAction","target":{"@type":"EntryPoint","urlTemplate":"https:\/\/deliangdisplay.com\/?s={search_term_string}"},"query-input":{"@type":"PropertyValueSpecification","valueRequired":true,"valueName":"search_term_string"}}],"inLanguage":"fr-FR"},{"@type":"Organization","@id":"https:\/\/deliangdisplay.com\/#organization","name":"deliangdisplay.com","url":"https:\/\/deliangdisplay.com\/","logo":{"@type":"ImageObject","inLanguage":"fr-FR","@id":"https:\/\/deliangdisplay.com\/#\/schema\/logo\/image\/","url":"https:\/\/deliangdisplay.com\/wp-content\/uploads\/2025\/08\/DELIANGDISPALY_logo.png","contentUrl":"https:\/\/deliangdisplay.com\/wp-content\/uploads\/2025\/08\/DELIANGDISPALY_logo.png","width":300,"height":130,"caption":"deliangdisplay.com"},"image":{"@id":"https:\/\/deliangdisplay.com\/#\/schema\/logo\/image\/"},"sameAs":["https:\/\/www.facebook.com\/JaneZhang008\/","https:\/\/x.com\/ly673551729"]}]}},"_links":{"self":[{"href":"https:\/\/deliangdisplay.com\/fr\/wp-json\/wp\/v2\/product\/41922","targetHints":{"allow":["GET"]}}],"collection":[{"href":"https:\/\/deliangdisplay.com\/fr\/wp-json\/wp\/v2\/product"}],"about":[{"href":"https:\/\/deliangdisplay.com\/fr\/wp-json\/wp\/v2\/types\/product"}],"replies":[{"embeddable":true,"href":"https:\/\/deliangdisplay.com\/fr\/wp-json\/wp\/v2\/comments?post=41922"}],"wp:featuredmedia":[{"embeddable":true,"href":"https:\/\/deliangdisplay.com\/fr\/wp-json\/wp\/v2\/media\/41923"}],"wp:attachment":[{"href":"https:\/\/deliangdisplay.com\/fr\/wp-json\/wp\/v2\/media?parent=41922"}],"wp:term":[{"taxonomy":"product_brand","embeddable":true,"href":"https:\/\/deliangdisplay.com\/fr\/wp-json\/wp\/v2\/product_brand?post=41922"},{"taxonomy":"product_cat","embeddable":true,"href":"https:\/\/deliangdisplay.com\/fr\/wp-json\/wp\/v2\/product_cat?post=41922"},{"taxonomy":"product_tag","embeddable":true,"href":"https:\/\/deliangdisplay.com\/fr\/wp-json\/wp\/v2\/product_tag?post=41922"}],"curies":[{"name":"wp","href":"https:\/\/api.w.org\/{rel}","templated":true}]}}