{"id":41900,"date":"2025-08-02T16:41:41","date_gmt":"2025-08-02T08:41:41","guid":{"rendered":"https:\/\/deliangdisplay.com\/?post_type=product&#038;p=41900"},"modified":"2025-09-03T10:04:47","modified_gmt":"2025-09-03T02:04:47","slug":"de-liang-luxury-green-leather-single-watch-box-oem-wooden-storage-gift-packaging-watch-box-cases-pillow","status":"publish","type":"product","link":"https:\/\/deliangdisplay.com\/fr\/notre-produit\/emballage\/monde-de-lhorlogerie-de-luxe\/de-liang-luxury-green-leather-single-watch-box-oem-wooden-storage-gift-packaging-watch-box-cases-pillow\/","title":{"rendered":"Bo\u00eete \u00e0 montres en cuir vert de luxe Oem en bois Emballage cadeau Bo\u00eete \u00e0 montres Etuis Coussin"},"content":{"rendered":"<ul data-start=\"598\" data-end=\"1505\">\n<li data-start=\"598\" data-end=\"783\">\n<p data-start=\"600\" data-end=\"783\"><strong data-start=\"600\" data-end=\"632\">Finition \u00e9l\u00e9gante en cuir vert<\/strong>: Recouvert de similicuir ou de cuir v\u00e9ritable de haute qualit\u00e9, ce coffret pr\u00e9sente un ton vert audacieux mais raffin\u00e9 qui \u00e9voque le prestige et la sophistication moderne.<\/p>\n<\/li>\n<li data-start=\"784\" data-end=\"928\">\n<p data-start=\"786\" data-end=\"928\"><strong data-start=\"786\" data-end=\"813\">Structure en bois robuste<\/strong>: Le cadre int\u00e9rieur est fabriqu\u00e9 en bois d'ing\u00e9nierie durable, garantissant une protection durable et une sensation de qualit\u00e9 sup\u00e9rieure.<\/p>\n<\/li>\n<li data-start=\"929\" data-end=\"1068\">\n<p data-start=\"931\" data-end=\"1068\"><strong data-start=\"931\" data-end=\"961\">Oreiller de montre souple inclus<\/strong>: Livr\u00e9 avec un coussin amovible qui maintient d\u00e9licatement votre montre en place, id\u00e9al pour l'exposer ou la ranger.<\/p>\n<\/li>\n<li data-start=\"1069\" data-end=\"1229\">\n<p data-start=\"1071\" data-end=\"1229\"><strong data-start=\"1071\" data-end=\"1103\">Un emballage parfait pour les cadeaux<\/strong>: Qu'il s'agisse de vente au d\u00e9tail, d'objets de collection ou de cadeaux, ce coffret pour montre unique ajoute du luxe \u00e0 chaque exp\u00e9rience de d\u00e9ballage.<\/p>\n<\/li>\n<li data-start=\"1230\" data-end=\"1387\">\n<p data-start=\"1232\" data-end=\"1387\"><strong data-start=\"1232\" data-end=\"1252\">OEM\/ODM<\/strong>: Personnalisable avec le logo de votre marque, la couleur, la taille, le mat\u00e9riau de la doublure, et plus encore - id\u00e9al pour les horlogers, les d\u00e9taillants et les marques priv\u00e9es.<\/p>\n<\/li>\n<li data-start=\"1388\" data-end=\"1505\">\n<p data-start=\"1390\" data-end=\"1505\"><strong data-start=\"1390\" data-end=\"1408\">Fermeture s\u00e9curis\u00e9e<\/strong>: Con\u00e7u avec un couvercle magn\u00e9tique ou un fermoir \u00e0 bouton pour garder votre montre en s\u00e9curit\u00e9 et bien rang\u00e9e.<\/p>\n<\/li>\n<\/ul>\n<h3 data-start=\"1507\" data-end=\"1541\">\ud83d\udce6 <strong data-start=\"1514\" data-end=\"1541\">Sp\u00e9cifications du produit :<\/strong><\/h3>\n<ul data-start=\"1543\" data-end=\"1924\">\n<li data-start=\"1543\" data-end=\"1598\">\n<p data-start=\"1545\" data-end=\"1598\"><strong data-start=\"1545\" data-end=\"1566\">Mat\u00e9riau ext\u00e9rieur<\/strong>: Cuir PU \/ Cuir v\u00e9ritable<\/p>\n<\/li>\n<li data-start=\"1599\" data-end=\"1651\">\n<p data-start=\"1601\" data-end=\"1651\"><strong data-start=\"1601\" data-end=\"1613\">Int\u00e9rieur<\/strong>: Velours \/ Daim \/ Doublure en microfibre<\/p>\n<\/li>\n<li data-start=\"1652\" data-end=\"1703\">\n<p data-start=\"1654\" data-end=\"1703\"><strong data-start=\"1654\" data-end=\"1667\">Structure<\/strong>: Bo\u00eete en bois avec emballage en cuir<\/p>\n<\/li>\n<li data-start=\"1704\" data-end=\"1757\">\n<p data-start=\"1706\" data-end=\"1757\"><strong data-start=\"1706\" data-end=\"1715\">Couleur<\/strong>: Vert de luxe (couleurs personnalis\u00e9es disponibles)<\/p>\n<\/li>\n<li data-start=\"1758\" data-end=\"1783\">\n<p data-start=\"1760\" data-end=\"1783\"><strong data-start=\"1760\" data-end=\"1772\">Capacit\u00e9<\/strong>: 1 montre<\/p>\n<\/li>\n<li data-start=\"1784\" data-end=\"1877\">\n<p data-start=\"1786\" data-end=\"1877\"><strong data-start=\"1786\" data-end=\"1801\">Logo personnalis\u00e9<\/strong>: Disponible sur le couvercle, l'oreiller ou la doublure int\u00e9rieure (estampage, gaufrage, impression)<\/p>\n<\/li>\n<li data-start=\"1878\" data-end=\"1924\">\n<p data-start=\"1880\" data-end=\"1924\"><strong data-start=\"1880\" data-end=\"1887\">MOQ<\/strong>: Flexible pour les commandes OEM\/de gros<\/p>\n<\/li>\n<\/ul>\n<hr data-start=\"1926\" data-end=\"1929\" \/>\n<p data-start=\"1931\" data-end=\"2064\"><strong data-start=\"1931\" data-end=\"1982\">Les montres de luxe m\u00e9ritent des \u00e9crins tout aussi luxueux.<\/strong><br data-start=\"1982\" data-end=\"1985\" \/>Avec DE-LIANG, votre emballage parle le langage de la qualit\u00e9 et de l'artisanat.<\/p>\n<p data-start=\"2066\" data-end=\"2148\">\ud83d\udce9 <em data-start=\"2069\" data-end=\"2148\">Contactez-nous pour la personnalisation OEM\/ODM, les demandes d'\u00e9chantillons et les prix de gros.<\/em><\/p>","protected":false},"excerpt":{"rendered":"<p>Pr\u00e9sentez votre montre en toute confiance gr\u00e2ce \u00e0 l'\u00e9crin de luxe en cuir vert DE-LIANG - une solution d'emballage haut de gamme qui allie une esth\u00e9tique \u00e9l\u00e9gante, une construction durable et des options de marquage personnalis\u00e9es. Con\u00e7ue pour les marques de luxe, les d\u00e9taillants ou les cadeaux, cette bo\u00eete prot\u00e8ge et am\u00e9liore la pr\u00e9sentation de votre garde-temps.<\/p>","protected":false},"featured_media":41906,"comment_status":"open","ping_status":"closed","template":"","meta":{"_acf_changed":false},"product_brand":[],"product_cat":[44],"product_tag":[],"class_list":{"0":"post-41900","1":"product","2":"type-product","3":"status-publish","4":"has-post-thumbnail","6":"product_cat-luxury-watch-world","8":"first","9":"instock","10":"shipping-taxable","11":"purchasable","12":"product-type-simple"},"acf":[],"yoast_head":"<!-- This site is optimized with the Yoast SEO plugin v27.4 - https:\/\/yoast.com\/product\/yoast-seo-wordpress\/ -->\n<title>Luxury Green Leather Single Watch Box Oem Wooden Storage Gift Packaging Watch Box Cases Pillow - DE-LIANG - jewelry,clothes,watch,beauty cosmetics<\/title>\n<meta name=\"robots\" content=\"index, follow, max-snippet:-1, max-image-preview:large, max-video-preview:-1\" \/>\n<link rel=\"canonical\" href=\"https:\/\/deliangdisplay.com\/fr\/notre-produit\/emballage\/monde-de-lhorlogerie-de-luxe\/de-liang-luxury-green-leather-single-watch-box-oem-wooden-storage-gift-packaging-watch-box-cases-pillow\/\" \/>\n<meta property=\"og:locale\" content=\"fr_FR\" \/>\n<meta property=\"og:type\" content=\"article\" \/>\n<meta property=\"og:title\" content=\"Luxury Green Leather Single Watch Box Oem Wooden Storage Gift Packaging Watch Box Cases Pillow - DE-LIANG - jewelry,clothes,watch,beauty cosmetics\" \/>\n<meta property=\"og:description\" content=\"Showcase your watch with confidence using the DE-LIANG Luxury Green Leather Watch Box \u2014 a high-end packaging solution that blends elegant aesthetics, durable construction, and custom branding options. Designed for luxury brands, retailers, or gifting, this box protects and enhances the presentation of your timepiece.\" \/>\n<meta property=\"og:url\" content=\"https:\/\/deliangdisplay.com\/fr\/notre-produit\/emballage\/monde-de-lhorlogerie-de-luxe\/de-liang-luxury-green-leather-single-watch-box-oem-wooden-storage-gift-packaging-watch-box-cases-pillow\/\" \/>\n<meta property=\"og:site_name\" content=\"DE-LIANG - jewelry,clothes,watch,beauty cosmetics\" \/>\n<meta property=\"article:publisher\" content=\"https:\/\/www.facebook.com\/JaneZhang008\/\" \/>\n<meta property=\"article:modified_time\" content=\"2025-09-03T02:04:47+00:00\" \/>\n<meta property=\"og:image\" content=\"https:\/\/deliangdisplay.com\/wp-content\/uploads\/2025\/08\/120-12.png\" \/>\n\t<meta property=\"og:image:width\" content=\"720\" \/>\n\t<meta property=\"og:image:height\" content=\"720\" \/>\n\t<meta property=\"og:image:type\" content=\"image\/png\" \/>\n<meta name=\"twitter:card\" content=\"summary_large_image\" \/>\n<meta name=\"twitter:site\" content=\"@ly673551729\" \/>\n<meta name=\"twitter:label1\" content=\"Dur\u00e9e de lecture estim\u00e9e\" \/>\n\t<meta name=\"twitter:data1\" content=\"2 minutes\" \/>\n<script type=\"application\/ld+json\" class=\"yoast-schema-graph\">{\"@context\":\"https:\\\/\\\/schema.org\",\"@graph\":[{\"@type\":\"WebPage\",\"@id\":\"https:\\\/\\\/deliangdisplay.com\\\/our-product\\\/packaging\\\/luxury-watch-world\\\/de-liang-luxury-green-leather-single-watch-box-oem-wooden-storage-gift-packaging-watch-box-cases-pillow\\\/\",\"url\":\"https:\\\/\\\/deliangdisplay.com\\\/our-product\\\/packaging\\\/luxury-watch-world\\\/de-liang-luxury-green-leather-single-watch-box-oem-wooden-storage-gift-packaging-watch-box-cases-pillow\\\/\",\"name\":\"Luxury Green Leather Single Watch Box Oem Wooden Storage Gift Packaging Watch Box Cases Pillow - DE-LIANG - jewelry,clothes,watch,beauty cosmetics\",\"isPartOf\":{\"@id\":\"https:\\\/\\\/deliangdisplay.com\\\/#website\"},\"primaryImageOfPage\":{\"@id\":\"https:\\\/\\\/deliangdisplay.com\\\/our-product\\\/packaging\\\/luxury-watch-world\\\/de-liang-luxury-green-leather-single-watch-box-oem-wooden-storage-gift-packaging-watch-box-cases-pillow\\\/#primaryimage\"},\"image\":{\"@id\":\"https:\\\/\\\/deliangdisplay.com\\\/our-product\\\/packaging\\\/luxury-watch-world\\\/de-liang-luxury-green-leather-single-watch-box-oem-wooden-storage-gift-packaging-watch-box-cases-pillow\\\/#primaryimage\"},\"thumbnailUrl\":\"https:\\\/\\\/deliangdisplay.com\\\/wp-content\\\/uploads\\\/2025\\\/08\\\/120-12.png\",\"datePublished\":\"2025-08-02T08:41:41+00:00\",\"dateModified\":\"2025-09-03T02:04:47+00:00\",\"breadcrumb\":{\"@id\":\"https:\\\/\\\/deliangdisplay.com\\\/our-product\\\/packaging\\\/luxury-watch-world\\\/de-liang-luxury-green-leather-single-watch-box-oem-wooden-storage-gift-packaging-watch-box-cases-pillow\\\/#breadcrumb\"},\"inLanguage\":\"fr-FR\",\"potentialAction\":[{\"@type\":\"ReadAction\",\"target\":[\"https:\\\/\\\/deliangdisplay.com\\\/our-product\\\/packaging\\\/luxury-watch-world\\\/de-liang-luxury-green-leather-single-watch-box-oem-wooden-storage-gift-packaging-watch-box-cases-pillow\\\/\"]}]},{\"@type\":\"ImageObject\",\"inLanguage\":\"fr-FR\",\"@id\":\"https:\\\/\\\/deliangdisplay.com\\\/our-product\\\/packaging\\\/luxury-watch-world\\\/de-liang-luxury-green-leather-single-watch-box-oem-wooden-storage-gift-packaging-watch-box-cases-pillow\\\/#primaryimage\",\"url\":\"https:\\\/\\\/deliangdisplay.com\\\/wp-content\\\/uploads\\\/2025\\\/08\\\/120-12.png\",\"contentUrl\":\"https:\\\/\\\/deliangdisplay.com\\\/wp-content\\\/uploads\\\/2025\\\/08\\\/120-12.png\",\"width\":720,\"height\":720},{\"@type\":\"BreadcrumbList\",\"@id\":\"https:\\\/\\\/deliangdisplay.com\\\/our-product\\\/packaging\\\/luxury-watch-world\\\/de-liang-luxury-green-leather-single-watch-box-oem-wooden-storage-gift-packaging-watch-box-cases-pillow\\\/#breadcrumb\",\"itemListElement\":[{\"@type\":\"ListItem\",\"position\":1,\"name\":\"\u9996\u9875\",\"item\":\"https:\\\/\\\/deliangdisplay.com\\\/\"},{\"@type\":\"ListItem\",\"position\":2,\"name\":\"Our Product\",\"item\":\"https:\\\/\\\/deliangdisplay.com\\\/our-product\\\/\"},{\"@type\":\"ListItem\",\"position\":3,\"name\":\"Luxury Green Leather Single Watch Box Oem Wooden Storage Gift Packaging Watch Box Cases Pillow\"}]},{\"@type\":\"WebSite\",\"@id\":\"https:\\\/\\\/deliangdisplay.com\\\/#website\",\"url\":\"https:\\\/\\\/deliangdisplay.com\\\/\",\"name\":\"deliangdisplay.com\",\"description\":\"DE-LIANG - Providing bespoke packaging solutions and luxurious display design services for brands in jewelry, apparel, watches, beauty cosmetics, and more.\",\"publisher\":{\"@id\":\"https:\\\/\\\/deliangdisplay.com\\\/#organization\"},\"potentialAction\":[{\"@type\":\"SearchAction\",\"target\":{\"@type\":\"EntryPoint\",\"urlTemplate\":\"https:\\\/\\\/deliangdisplay.com\\\/?s={search_term_string}\"},\"query-input\":{\"@type\":\"PropertyValueSpecification\",\"valueRequired\":true,\"valueName\":\"search_term_string\"}}],\"inLanguage\":\"fr-FR\"},{\"@type\":\"Organization\",\"@id\":\"https:\\\/\\\/deliangdisplay.com\\\/#organization\",\"name\":\"deliangdisplay.com\",\"url\":\"https:\\\/\\\/deliangdisplay.com\\\/\",\"logo\":{\"@type\":\"ImageObject\",\"inLanguage\":\"fr-FR\",\"@id\":\"https:\\\/\\\/deliangdisplay.com\\\/#\\\/schema\\\/logo\\\/image\\\/\",\"url\":\"https:\\\/\\\/deliangdisplay.com\\\/wp-content\\\/uploads\\\/2025\\\/08\\\/DELIANGDISPALY_logo.png\",\"contentUrl\":\"https:\\\/\\\/deliangdisplay.com\\\/wp-content\\\/uploads\\\/2025\\\/08\\\/DELIANGDISPALY_logo.png\",\"width\":300,\"height\":130,\"caption\":\"deliangdisplay.com\"},\"image\":{\"@id\":\"https:\\\/\\\/deliangdisplay.com\\\/#\\\/schema\\\/logo\\\/image\\\/\"},\"sameAs\":[\"https:\\\/\\\/www.facebook.com\\\/JaneZhang008\\\/\",\"https:\\\/\\\/x.com\\\/ly673551729\"]}]}<\/script>\n<!-- \/ Yoast SEO plugin. -->","yoast_head_json":{"title":"Bo\u00eete \u00e0 montres en cuir vert de luxe Oem en bois Emballage cadeau Bo\u00eete \u00e0 montres \u00c9tuis Coussin - DE-LIANG - bijouterie,joaillerie,horlogerie,beaut\u00e9,cosm\u00e9tique","robots":{"index":"index","follow":"follow","max-snippet":"max-snippet:-1","max-image-preview":"max-image-preview:large","max-video-preview":"max-video-preview:-1"},"canonical":"https:\/\/deliangdisplay.com\/fr\/notre-produit\/emballage\/monde-de-lhorlogerie-de-luxe\/de-liang-luxury-green-leather-single-watch-box-oem-wooden-storage-gift-packaging-watch-box-cases-pillow\/","og_locale":"fr_FR","og_type":"article","og_title":"Luxury Green Leather Single Watch Box Oem Wooden Storage Gift Packaging Watch Box Cases Pillow - DE-LIANG - jewelry,clothes,watch,beauty cosmetics","og_description":"Showcase your watch with confidence using the DE-LIANG Luxury Green Leather Watch Box \u2014 a high-end packaging solution that blends elegant aesthetics, durable construction, and custom branding options. Designed for luxury brands, retailers, or gifting, this box protects and enhances the presentation of your timepiece.","og_url":"https:\/\/deliangdisplay.com\/fr\/notre-produit\/emballage\/monde-de-lhorlogerie-de-luxe\/de-liang-luxury-green-leather-single-watch-box-oem-wooden-storage-gift-packaging-watch-box-cases-pillow\/","og_site_name":"DE-LIANG - jewelry,clothes,watch,beauty cosmetics","article_publisher":"https:\/\/www.facebook.com\/JaneZhang008\/","article_modified_time":"2025-09-03T02:04:47+00:00","og_image":[{"width":720,"height":720,"url":"https:\/\/deliangdisplay.com\/wp-content\/uploads\/2025\/08\/120-12.png","type":"image\/png"}],"twitter_card":"summary_large_image","twitter_site":"@ly673551729","twitter_misc":{"Dur\u00e9e de lecture estim\u00e9e":"2 minutes"},"schema":{"@context":"https:\/\/schema.org","@graph":[{"@type":"WebPage","@id":"https:\/\/deliangdisplay.com\/our-product\/packaging\/luxury-watch-world\/de-liang-luxury-green-leather-single-watch-box-oem-wooden-storage-gift-packaging-watch-box-cases-pillow\/","url":"https:\/\/deliangdisplay.com\/our-product\/packaging\/luxury-watch-world\/de-liang-luxury-green-leather-single-watch-box-oem-wooden-storage-gift-packaging-watch-box-cases-pillow\/","name":"Bo\u00eete \u00e0 montres en cuir vert de luxe Oem en bois Emballage cadeau Bo\u00eete \u00e0 montres \u00c9tuis Coussin - DE-LIANG - bijouterie,joaillerie,horlogerie,beaut\u00e9,cosm\u00e9tique","isPartOf":{"@id":"https:\/\/deliangdisplay.com\/#website"},"primaryImageOfPage":{"@id":"https:\/\/deliangdisplay.com\/our-product\/packaging\/luxury-watch-world\/de-liang-luxury-green-leather-single-watch-box-oem-wooden-storage-gift-packaging-watch-box-cases-pillow\/#primaryimage"},"image":{"@id":"https:\/\/deliangdisplay.com\/our-product\/packaging\/luxury-watch-world\/de-liang-luxury-green-leather-single-watch-box-oem-wooden-storage-gift-packaging-watch-box-cases-pillow\/#primaryimage"},"thumbnailUrl":"https:\/\/deliangdisplay.com\/wp-content\/uploads\/2025\/08\/120-12.png","datePublished":"2025-08-02T08:41:41+00:00","dateModified":"2025-09-03T02:04:47+00:00","breadcrumb":{"@id":"https:\/\/deliangdisplay.com\/our-product\/packaging\/luxury-watch-world\/de-liang-luxury-green-leather-single-watch-box-oem-wooden-storage-gift-packaging-watch-box-cases-pillow\/#breadcrumb"},"inLanguage":"fr-FR","potentialAction":[{"@type":"ReadAction","target":["https:\/\/deliangdisplay.com\/our-product\/packaging\/luxury-watch-world\/de-liang-luxury-green-leather-single-watch-box-oem-wooden-storage-gift-packaging-watch-box-cases-pillow\/"]}]},{"@type":"ImageObject","inLanguage":"fr-FR","@id":"https:\/\/deliangdisplay.com\/our-product\/packaging\/luxury-watch-world\/de-liang-luxury-green-leather-single-watch-box-oem-wooden-storage-gift-packaging-watch-box-cases-pillow\/#primaryimage","url":"https:\/\/deliangdisplay.com\/wp-content\/uploads\/2025\/08\/120-12.png","contentUrl":"https:\/\/deliangdisplay.com\/wp-content\/uploads\/2025\/08\/120-12.png","width":720,"height":720},{"@type":"BreadcrumbList","@id":"https:\/\/deliangdisplay.com\/our-product\/packaging\/luxury-watch-world\/de-liang-luxury-green-leather-single-watch-box-oem-wooden-storage-gift-packaging-watch-box-cases-pillow\/#breadcrumb","itemListElement":[{"@type":"ListItem","position":1,"name":"\u9996\u9875","item":"https:\/\/deliangdisplay.com\/"},{"@type":"ListItem","position":2,"name":"Our Product","item":"https:\/\/deliangdisplay.com\/our-product\/"},{"@type":"ListItem","position":3,"name":"Luxury Green Leather Single Watch Box Oem Wooden Storage Gift Packaging Watch Box Cases Pillow"}]},{"@type":"WebSite","@id":"https:\/\/deliangdisplay.com\/#website","url":"https:\/\/deliangdisplay.com\/","name":"deliangdisplay.com","description":"DE-LIANG - Fournit des solutions d'emballage sur mesure et des services de conception de pr\u00e9sentoirs luxueux pour les marques de bijoux, de v\u00eatements, de montres, de produits de beaut\u00e9 et de cosm\u00e9tiques, et plus encore.","publisher":{"@id":"https:\/\/deliangdisplay.com\/#organization"},"potentialAction":[{"@type":"SearchAction","target":{"@type":"EntryPoint","urlTemplate":"https:\/\/deliangdisplay.com\/?s={search_term_string}"},"query-input":{"@type":"PropertyValueSpecification","valueRequired":true,"valueName":"search_term_string"}}],"inLanguage":"fr-FR"},{"@type":"Organization","@id":"https:\/\/deliangdisplay.com\/#organization","name":"deliangdisplay.com","url":"https:\/\/deliangdisplay.com\/","logo":{"@type":"ImageObject","inLanguage":"fr-FR","@id":"https:\/\/deliangdisplay.com\/#\/schema\/logo\/image\/","url":"https:\/\/deliangdisplay.com\/wp-content\/uploads\/2025\/08\/DELIANGDISPALY_logo.png","contentUrl":"https:\/\/deliangdisplay.com\/wp-content\/uploads\/2025\/08\/DELIANGDISPALY_logo.png","width":300,"height":130,"caption":"deliangdisplay.com"},"image":{"@id":"https:\/\/deliangdisplay.com\/#\/schema\/logo\/image\/"},"sameAs":["https:\/\/www.facebook.com\/JaneZhang008\/","https:\/\/x.com\/ly673551729"]}]}},"_links":{"self":[{"href":"https:\/\/deliangdisplay.com\/fr\/wp-json\/wp\/v2\/product\/41900","targetHints":{"allow":["GET"]}}],"collection":[{"href":"https:\/\/deliangdisplay.com\/fr\/wp-json\/wp\/v2\/product"}],"about":[{"href":"https:\/\/deliangdisplay.com\/fr\/wp-json\/wp\/v2\/types\/product"}],"replies":[{"embeddable":true,"href":"https:\/\/deliangdisplay.com\/fr\/wp-json\/wp\/v2\/comments?post=41900"}],"wp:featuredmedia":[{"embeddable":true,"href":"https:\/\/deliangdisplay.com\/fr\/wp-json\/wp\/v2\/media\/41906"}],"wp:attachment":[{"href":"https:\/\/deliangdisplay.com\/fr\/wp-json\/wp\/v2\/media?parent=41900"}],"wp:term":[{"taxonomy":"product_brand","embeddable":true,"href":"https:\/\/deliangdisplay.com\/fr\/wp-json\/wp\/v2\/product_brand?post=41900"},{"taxonomy":"product_cat","embeddable":true,"href":"https:\/\/deliangdisplay.com\/fr\/wp-json\/wp\/v2\/product_cat?post=41900"},{"taxonomy":"product_tag","embeddable":true,"href":"https:\/\/deliangdisplay.com\/fr\/wp-json\/wp\/v2\/product_tag?post=41900"}],"curies":[{"name":"wp","href":"https:\/\/api.w.org\/{rel}","templated":true}]}}