{"id":41884,"date":"2025-08-02T15:35:27","date_gmt":"2025-08-02T07:35:27","guid":{"rendered":"https:\/\/deliangdisplay.com\/?post_type=product&#038;p=41884"},"modified":"2025-08-02T15:35:27","modified_gmt":"2025-08-02T07:35:27","slug":"de-liang-high-quality-custom-printed-logo-luxury-shopping-gift-paper-bags-with-handbag-and-bow-for-clothing-shoes-cosmetic-packaging","status":"publish","type":"product","link":"https:\/\/deliangdisplay.com\/fr\/notre-produit\/emballage\/sacs-en-papier-de-luxe\/de-liang-high-quality-custom-printed-logo-luxury-shopping-gift-paper-bags-with-handbag-and-bow-for-clothing-shoes-cosmetic-packaging\/","title":{"rendered":"DE-LIANG Sacs en papier de luxe avec sac \u00e0 main et noeud pour l'emballage de v\u00eatements, chaussures et produits cosm\u00e9tiques."},"content":{"rendered":"<ul data-start=\"622\" data-end=\"1570\">\n<li data-start=\"622\" data-end=\"783\">\n<p data-start=\"624\" data-end=\"783\"><strong data-start=\"624\" data-end=\"646\">Look &amp; Feel de luxe<\/strong>: Fabriqu\u00e9 \u00e0 partir de papier d'art ou de papier kraft \u00e9pais et durable, avec une finition lisse, mate ou brillante, qui lui conf\u00e8re une texture et une structure de qualit\u00e9 sup\u00e9rieure.<\/p>\n<\/li>\n<li data-start=\"784\" data-end=\"960\">\n<p data-start=\"786\" data-end=\"960\"><strong data-start=\"786\" data-end=\"810\">Impression de logos personnalis\u00e9s<\/strong>: Le logo ou le slogan de votre marque peut \u00eatre ajout\u00e9 par estampage, gaufrage, UV ponctuel ou impression en quadrichromie, cr\u00e9ant ainsi un aspect professionnel et haut de gamme.<\/p>\n<\/li>\n<li data-start=\"961\" data-end=\"1115\">\n<p data-start=\"963\" data-end=\"1115\"><strong data-start=\"963\" data-end=\"989\">Poign\u00e9e en forme de n\u0153ud chic<\/strong>: Des n\u0153uds papillons en tissu ou des poign\u00e9es en ruban sont inclus, ce qui permet d'am\u00e9liorer instantan\u00e9ment la pr\u00e9sentation et de donner \u00e0 chaque achat l'impression d'\u00eatre un cadeau.<\/p>\n<\/li>\n<li data-start=\"1116\" data-end=\"1286\">\n<p data-start=\"1118\" data-end=\"1286\"><strong data-start=\"1118\" data-end=\"1141\">Solide et fonctionnel<\/strong>: La base et les c\u00f4t\u00e9s renforc\u00e9s de ces sacs permettent de transporter des v\u00eatements, des chaussures, des cosm\u00e9tiques et des cadeaux de luxe sans compromettre le style.<\/p>\n<\/li>\n<li data-start=\"1287\" data-end=\"1423\">\n<p data-start=\"1289\" data-end=\"1423\"><strong data-start=\"1289\" data-end=\"1315\">Applications polyvalentes<\/strong>: Id\u00e9al pour les boutiques de mode, les marques de produits de beaut\u00e9, les pop-ups de cr\u00e9ateurs, les boutiques de mariage ou les emballages de cadeaux haut de gamme.<\/p>\n<\/li>\n<li data-start=\"1424\" data-end=\"1570\">\n<p data-start=\"1426\" data-end=\"1570\"><strong data-start=\"1426\" data-end=\"1453\">Respectueux de l'environnement et r\u00e9utilisable<\/strong>: Fabriqu\u00e9s \u00e0 partir de mat\u00e9riaux recyclables et con\u00e7us pour une utilisation r\u00e9p\u00e9t\u00e9e, ils permettent \u00e0 votre marque de rester \u00e0 la fois \u00e9l\u00e9gante et durable.<\/p>\n<\/li>\n<\/ul>\n<h3 data-start=\"1572\" data-end=\"1606\">\ud83d\udce6 <strong data-start=\"1579\" data-end=\"1606\">Sp\u00e9cifications du produit :<\/strong><\/h3>\n<ul data-start=\"1608\" data-end=\"2001\">\n<li data-start=\"1608\" data-end=\"1668\">\n<p data-start=\"1610\" data-end=\"1668\"><strong data-start=\"1610\" data-end=\"1622\">Mat\u00e9riau<\/strong>Papier d'art de qualit\u00e9 sup\u00e9rieure 200-250 g\/m\u00b2 \/ kraft blanc<\/p>\n<\/li>\n<li data-start=\"1669\" data-end=\"1732\">\n<p data-start=\"1671\" data-end=\"1732\"><strong data-start=\"1671\" data-end=\"1689\">Options de finition<\/strong>: Mat \/ Brillant \/ Plastifi\u00e9 \/ Soft-touch<\/p>\n<\/li>\n<li data-start=\"1733\" data-end=\"1802\">\n<p data-start=\"1735\" data-end=\"1802\"><strong data-start=\"1735\" data-end=\"1746\">Poign\u00e9es<\/strong>: Ruban, n\u0153ud de satin, gros grain ou corde (personnalisable)<\/p>\n<\/li>\n<li data-start=\"1803\" data-end=\"1869\">\n<p data-start=\"1805\" data-end=\"1869\"><strong data-start=\"1805\" data-end=\"1817\">Impression<\/strong>: Marquage \u00e0 chaud, gaufrage, s\u00e9rigraphie, spot UV<\/p>\n<\/li>\n<li data-start=\"1870\" data-end=\"1927\">\n<p data-start=\"1872\" data-end=\"1927\"><strong data-start=\"1872\" data-end=\"1881\">Tailles<\/strong>: Petit \/ Moyen \/ Grand \/ Dimensions personnalis\u00e9es<\/p>\n<\/li>\n<li data-start=\"1928\" data-end=\"2001\">\n<p data-start=\"1930\" data-end=\"2001\"><strong data-start=\"1930\" data-end=\"1937\">MOQ<\/strong>: Faibles minima disponibles pour les marques ind\u00e9pendantes ou les commandes en gros<\/p>\n<\/li>\n<\/ul>\n<hr data-start=\"2003\" data-end=\"2006\" \/>\n<p data-start=\"2008\" data-end=\"2129\"><strong data-start=\"2008\" data-end=\"2053\">Parce que l'emballage fait partie du produit.<\/strong><br data-start=\"2053\" data-end=\"2056\" \/>DE-LIANG transforme chaque sac en une d\u00e9claration d'\u00e9l\u00e9gance et de valeur de la marque.<\/p>\n<p data-start=\"2131\" data-end=\"2200\">\ud83d\udce9 <em data-start=\"2134\" data-end=\"2200\">Contactez-nous pour des maquettes, un service OEM\/ODM et des prix de gros.<\/em><\/p>","protected":false},"excerpt":{"rendered":"<p>Enhance your packaging game with DE-LIANG\u2019s <strong data-start=\"330\" data-end=\"372\">high-quality custom printed paper bags<\/strong> \u2014 featuring elegant <strong data-start=\"393\" data-end=\"423\">handbag-style construction<\/strong> and a stylish <strong data-start=\"438\" data-end=\"459\">bow handle design<\/strong>. Perfect for premium clothing, shoes, and cosmetics packaging, these bags reflect your brand\u2019s commitment to quality and visual appeal.<\/p>","protected":false},"featured_media":41885,"comment_status":"open","ping_status":"closed","template":"","meta":{"_acf_changed":false},"product_brand":[],"product_cat":[74],"product_tag":[],"class_list":{"0":"post-41884","1":"product","2":"type-product","3":"status-publish","4":"has-post-thumbnail","6":"product_cat-luxury-paper-bags","8":"first","9":"instock","10":"shipping-taxable","11":"purchasable","12":"product-type-simple"},"acf":[],"yoast_head":"<!-- This site is optimized with the Yoast SEO plugin v27.4 - https:\/\/yoast.com\/product\/yoast-seo-wordpress\/ -->\n<title>DE-LIANG High Quality Custom Printed logo Luxury Shopping Gift Paper Bags with Handbag and Bow for Clothing Shoes Cosmetic Packaging - DE-LIANG - jewelry,clothes,watch,beauty cosmetics<\/title>\n<meta name=\"robots\" content=\"index, follow, max-snippet:-1, max-image-preview:large, max-video-preview:-1\" \/>\n<link rel=\"canonical\" href=\"https:\/\/deliangdisplay.com\/fr\/notre-produit\/emballage\/sacs-en-papier-de-luxe\/de-liang-high-quality-custom-printed-logo-luxury-shopping-gift-paper-bags-with-handbag-and-bow-for-clothing-shoes-cosmetic-packaging\/\" \/>\n<meta property=\"og:locale\" content=\"fr_FR\" \/>\n<meta property=\"og:type\" content=\"article\" \/>\n<meta property=\"og:title\" content=\"DE-LIANG High Quality Custom Printed logo Luxury Shopping Gift Paper Bags with Handbag and Bow for Clothing Shoes Cosmetic Packaging - DE-LIANG - jewelry,clothes,watch,beauty cosmetics\" \/>\n<meta property=\"og:description\" content=\"Enhance your packaging game with DE-LIANG\u2019s high-quality custom printed paper bags \u2014 featuring elegant handbag-style construction and a stylish bow handle design. Perfect for premium clothing, shoes, and cosmetics packaging, these bags reflect your brand\u2019s commitment to quality and visual appeal.\" \/>\n<meta property=\"og:url\" content=\"https:\/\/deliangdisplay.com\/fr\/notre-produit\/emballage\/sacs-en-papier-de-luxe\/de-liang-high-quality-custom-printed-logo-luxury-shopping-gift-paper-bags-with-handbag-and-bow-for-clothing-shoes-cosmetic-packaging\/\" \/>\n<meta property=\"og:site_name\" content=\"DE-LIANG - jewelry,clothes,watch,beauty cosmetics\" \/>\n<meta property=\"article:publisher\" content=\"https:\/\/www.facebook.com\/JaneZhang008\/\" \/>\n<meta property=\"og:image\" content=\"https:\/\/deliangdisplay.com\/wp-content\/uploads\/2025\/08\/1-1-20.png\" \/>\n\t<meta property=\"og:image:width\" content=\"720\" \/>\n\t<meta property=\"og:image:height\" content=\"720\" \/>\n\t<meta property=\"og:image:type\" content=\"image\/png\" \/>\n<meta name=\"twitter:card\" content=\"summary_large_image\" \/>\n<meta name=\"twitter:site\" content=\"@ly673551729\" \/>\n<meta name=\"twitter:label1\" content=\"Dur\u00e9e de lecture estim\u00e9e\" \/>\n\t<meta name=\"twitter:data1\" content=\"2 minutes\" \/>\n<script type=\"application\/ld+json\" class=\"yoast-schema-graph\">{\"@context\":\"https:\\\/\\\/schema.org\",\"@graph\":[{\"@type\":\"WebPage\",\"@id\":\"https:\\\/\\\/deliangdisplay.com\\\/our-product\\\/packaging\\\/luxury-paper-bags\\\/de-liang-high-quality-custom-printed-logo-luxury-shopping-gift-paper-bags-with-handbag-and-bow-for-clothing-shoes-cosmetic-packaging\\\/\",\"url\":\"https:\\\/\\\/deliangdisplay.com\\\/our-product\\\/packaging\\\/luxury-paper-bags\\\/de-liang-high-quality-custom-printed-logo-luxury-shopping-gift-paper-bags-with-handbag-and-bow-for-clothing-shoes-cosmetic-packaging\\\/\",\"name\":\"DE-LIANG High Quality Custom Printed logo Luxury Shopping Gift Paper Bags with Handbag and Bow for Clothing Shoes Cosmetic Packaging - DE-LIANG - jewelry,clothes,watch,beauty cosmetics\",\"isPartOf\":{\"@id\":\"https:\\\/\\\/deliangdisplay.com\\\/#website\"},\"primaryImageOfPage\":{\"@id\":\"https:\\\/\\\/deliangdisplay.com\\\/our-product\\\/packaging\\\/luxury-paper-bags\\\/de-liang-high-quality-custom-printed-logo-luxury-shopping-gift-paper-bags-with-handbag-and-bow-for-clothing-shoes-cosmetic-packaging\\\/#primaryimage\"},\"image\":{\"@id\":\"https:\\\/\\\/deliangdisplay.com\\\/our-product\\\/packaging\\\/luxury-paper-bags\\\/de-liang-high-quality-custom-printed-logo-luxury-shopping-gift-paper-bags-with-handbag-and-bow-for-clothing-shoes-cosmetic-packaging\\\/#primaryimage\"},\"thumbnailUrl\":\"https:\\\/\\\/deliangdisplay.com\\\/wp-content\\\/uploads\\\/2025\\\/08\\\/1-1-20.png\",\"datePublished\":\"2025-08-02T07:35:27+00:00\",\"breadcrumb\":{\"@id\":\"https:\\\/\\\/deliangdisplay.com\\\/our-product\\\/packaging\\\/luxury-paper-bags\\\/de-liang-high-quality-custom-printed-logo-luxury-shopping-gift-paper-bags-with-handbag-and-bow-for-clothing-shoes-cosmetic-packaging\\\/#breadcrumb\"},\"inLanguage\":\"fr-FR\",\"potentialAction\":[{\"@type\":\"ReadAction\",\"target\":[\"https:\\\/\\\/deliangdisplay.com\\\/our-product\\\/packaging\\\/luxury-paper-bags\\\/de-liang-high-quality-custom-printed-logo-luxury-shopping-gift-paper-bags-with-handbag-and-bow-for-clothing-shoes-cosmetic-packaging\\\/\"]}]},{\"@type\":\"ImageObject\",\"inLanguage\":\"fr-FR\",\"@id\":\"https:\\\/\\\/deliangdisplay.com\\\/our-product\\\/packaging\\\/luxury-paper-bags\\\/de-liang-high-quality-custom-printed-logo-luxury-shopping-gift-paper-bags-with-handbag-and-bow-for-clothing-shoes-cosmetic-packaging\\\/#primaryimage\",\"url\":\"https:\\\/\\\/deliangdisplay.com\\\/wp-content\\\/uploads\\\/2025\\\/08\\\/1-1-20.png\",\"contentUrl\":\"https:\\\/\\\/deliangdisplay.com\\\/wp-content\\\/uploads\\\/2025\\\/08\\\/1-1-20.png\",\"width\":720,\"height\":720},{\"@type\":\"BreadcrumbList\",\"@id\":\"https:\\\/\\\/deliangdisplay.com\\\/our-product\\\/packaging\\\/luxury-paper-bags\\\/de-liang-high-quality-custom-printed-logo-luxury-shopping-gift-paper-bags-with-handbag-and-bow-for-clothing-shoes-cosmetic-packaging\\\/#breadcrumb\",\"itemListElement\":[{\"@type\":\"ListItem\",\"position\":1,\"name\":\"\u9996\u9875\",\"item\":\"https:\\\/\\\/deliangdisplay.com\\\/\"},{\"@type\":\"ListItem\",\"position\":2,\"name\":\"Our Product\",\"item\":\"https:\\\/\\\/deliangdisplay.com\\\/our-product\\\/\"},{\"@type\":\"ListItem\",\"position\":3,\"name\":\"DE-LIANG High Quality Custom Printed logo Luxury Shopping Gift Paper Bags with Handbag and Bow for Clothing Shoes Cosmetic Packaging\"}]},{\"@type\":\"WebSite\",\"@id\":\"https:\\\/\\\/deliangdisplay.com\\\/#website\",\"url\":\"https:\\\/\\\/deliangdisplay.com\\\/\",\"name\":\"deliangdisplay.com\",\"description\":\"DE-LIANG - Providing bespoke packaging solutions and luxurious display design services for brands in jewelry, apparel, watches, beauty cosmetics, and more.\",\"publisher\":{\"@id\":\"https:\\\/\\\/deliangdisplay.com\\\/#organization\"},\"potentialAction\":[{\"@type\":\"SearchAction\",\"target\":{\"@type\":\"EntryPoint\",\"urlTemplate\":\"https:\\\/\\\/deliangdisplay.com\\\/?s={search_term_string}\"},\"query-input\":{\"@type\":\"PropertyValueSpecification\",\"valueRequired\":true,\"valueName\":\"search_term_string\"}}],\"inLanguage\":\"fr-FR\"},{\"@type\":\"Organization\",\"@id\":\"https:\\\/\\\/deliangdisplay.com\\\/#organization\",\"name\":\"deliangdisplay.com\",\"url\":\"https:\\\/\\\/deliangdisplay.com\\\/\",\"logo\":{\"@type\":\"ImageObject\",\"inLanguage\":\"fr-FR\",\"@id\":\"https:\\\/\\\/deliangdisplay.com\\\/#\\\/schema\\\/logo\\\/image\\\/\",\"url\":\"https:\\\/\\\/deliangdisplay.com\\\/wp-content\\\/uploads\\\/2025\\\/08\\\/DELIANGDISPALY_logo.png\",\"contentUrl\":\"https:\\\/\\\/deliangdisplay.com\\\/wp-content\\\/uploads\\\/2025\\\/08\\\/DELIANGDISPALY_logo.png\",\"width\":300,\"height\":130,\"caption\":\"deliangdisplay.com\"},\"image\":{\"@id\":\"https:\\\/\\\/deliangdisplay.com\\\/#\\\/schema\\\/logo\\\/image\\\/\"},\"sameAs\":[\"https:\\\/\\\/www.facebook.com\\\/JaneZhang008\\\/\",\"https:\\\/\\\/x.com\\\/ly673551729\"]}]}<\/script>\n<!-- \/ Yoast SEO plugin. -->","yoast_head_json":{"title":"DE-LIANG Sacs en papier de luxe avec sac \u00e0 main et noeud pour v\u00eatements, chaussures et cosm\u00e9tiques - DE-LIANG - bijoux,v\u00eatements,montres,beaut\u00e9,cosm\u00e9tique","robots":{"index":"index","follow":"follow","max-snippet":"max-snippet:-1","max-image-preview":"max-image-preview:large","max-video-preview":"max-video-preview:-1"},"canonical":"https:\/\/deliangdisplay.com\/fr\/notre-produit\/emballage\/sacs-en-papier-de-luxe\/de-liang-high-quality-custom-printed-logo-luxury-shopping-gift-paper-bags-with-handbag-and-bow-for-clothing-shoes-cosmetic-packaging\/","og_locale":"fr_FR","og_type":"article","og_title":"DE-LIANG High Quality Custom Printed logo Luxury Shopping Gift Paper Bags with Handbag and Bow for Clothing Shoes Cosmetic Packaging - DE-LIANG - jewelry,clothes,watch,beauty cosmetics","og_description":"Enhance your packaging game with DE-LIANG\u2019s high-quality custom printed paper bags \u2014 featuring elegant handbag-style construction and a stylish bow handle design. Perfect for premium clothing, shoes, and cosmetics packaging, these bags reflect your brand\u2019s commitment to quality and visual appeal.","og_url":"https:\/\/deliangdisplay.com\/fr\/notre-produit\/emballage\/sacs-en-papier-de-luxe\/de-liang-high-quality-custom-printed-logo-luxury-shopping-gift-paper-bags-with-handbag-and-bow-for-clothing-shoes-cosmetic-packaging\/","og_site_name":"DE-LIANG - jewelry,clothes,watch,beauty cosmetics","article_publisher":"https:\/\/www.facebook.com\/JaneZhang008\/","og_image":[{"width":720,"height":720,"url":"https:\/\/deliangdisplay.com\/wp-content\/uploads\/2025\/08\/1-1-20.png","type":"image\/png"}],"twitter_card":"summary_large_image","twitter_site":"@ly673551729","twitter_misc":{"Dur\u00e9e de lecture estim\u00e9e":"2 minutes"},"schema":{"@context":"https:\/\/schema.org","@graph":[{"@type":"WebPage","@id":"https:\/\/deliangdisplay.com\/our-product\/packaging\/luxury-paper-bags\/de-liang-high-quality-custom-printed-logo-luxury-shopping-gift-paper-bags-with-handbag-and-bow-for-clothing-shoes-cosmetic-packaging\/","url":"https:\/\/deliangdisplay.com\/our-product\/packaging\/luxury-paper-bags\/de-liang-high-quality-custom-printed-logo-luxury-shopping-gift-paper-bags-with-handbag-and-bow-for-clothing-shoes-cosmetic-packaging\/","name":"DE-LIANG Sacs en papier de luxe avec sac \u00e0 main et noeud pour v\u00eatements, chaussures et cosm\u00e9tiques - DE-LIANG - bijoux,v\u00eatements,montres,beaut\u00e9,cosm\u00e9tique","isPartOf":{"@id":"https:\/\/deliangdisplay.com\/#website"},"primaryImageOfPage":{"@id":"https:\/\/deliangdisplay.com\/our-product\/packaging\/luxury-paper-bags\/de-liang-high-quality-custom-printed-logo-luxury-shopping-gift-paper-bags-with-handbag-and-bow-for-clothing-shoes-cosmetic-packaging\/#primaryimage"},"image":{"@id":"https:\/\/deliangdisplay.com\/our-product\/packaging\/luxury-paper-bags\/de-liang-high-quality-custom-printed-logo-luxury-shopping-gift-paper-bags-with-handbag-and-bow-for-clothing-shoes-cosmetic-packaging\/#primaryimage"},"thumbnailUrl":"https:\/\/deliangdisplay.com\/wp-content\/uploads\/2025\/08\/1-1-20.png","datePublished":"2025-08-02T07:35:27+00:00","breadcrumb":{"@id":"https:\/\/deliangdisplay.com\/our-product\/packaging\/luxury-paper-bags\/de-liang-high-quality-custom-printed-logo-luxury-shopping-gift-paper-bags-with-handbag-and-bow-for-clothing-shoes-cosmetic-packaging\/#breadcrumb"},"inLanguage":"fr-FR","potentialAction":[{"@type":"ReadAction","target":["https:\/\/deliangdisplay.com\/our-product\/packaging\/luxury-paper-bags\/de-liang-high-quality-custom-printed-logo-luxury-shopping-gift-paper-bags-with-handbag-and-bow-for-clothing-shoes-cosmetic-packaging\/"]}]},{"@type":"ImageObject","inLanguage":"fr-FR","@id":"https:\/\/deliangdisplay.com\/our-product\/packaging\/luxury-paper-bags\/de-liang-high-quality-custom-printed-logo-luxury-shopping-gift-paper-bags-with-handbag-and-bow-for-clothing-shoes-cosmetic-packaging\/#primaryimage","url":"https:\/\/deliangdisplay.com\/wp-content\/uploads\/2025\/08\/1-1-20.png","contentUrl":"https:\/\/deliangdisplay.com\/wp-content\/uploads\/2025\/08\/1-1-20.png","width":720,"height":720},{"@type":"BreadcrumbList","@id":"https:\/\/deliangdisplay.com\/our-product\/packaging\/luxury-paper-bags\/de-liang-high-quality-custom-printed-logo-luxury-shopping-gift-paper-bags-with-handbag-and-bow-for-clothing-shoes-cosmetic-packaging\/#breadcrumb","itemListElement":[{"@type":"ListItem","position":1,"name":"\u9996\u9875","item":"https:\/\/deliangdisplay.com\/"},{"@type":"ListItem","position":2,"name":"Our Product","item":"https:\/\/deliangdisplay.com\/our-product\/"},{"@type":"ListItem","position":3,"name":"DE-LIANG High Quality Custom Printed logo Luxury Shopping Gift Paper Bags with Handbag and Bow for Clothing Shoes Cosmetic Packaging"}]},{"@type":"WebSite","@id":"https:\/\/deliangdisplay.com\/#website","url":"https:\/\/deliangdisplay.com\/","name":"deliangdisplay.com","description":"DE-LIANG - Fournit des solutions d'emballage sur mesure et des services de conception de pr\u00e9sentoirs luxueux pour les marques de bijoux, de v\u00eatements, de montres, de produits de beaut\u00e9 et de cosm\u00e9tiques, et plus encore.","publisher":{"@id":"https:\/\/deliangdisplay.com\/#organization"},"potentialAction":[{"@type":"SearchAction","target":{"@type":"EntryPoint","urlTemplate":"https:\/\/deliangdisplay.com\/?s={search_term_string}"},"query-input":{"@type":"PropertyValueSpecification","valueRequired":true,"valueName":"search_term_string"}}],"inLanguage":"fr-FR"},{"@type":"Organization","@id":"https:\/\/deliangdisplay.com\/#organization","name":"deliangdisplay.com","url":"https:\/\/deliangdisplay.com\/","logo":{"@type":"ImageObject","inLanguage":"fr-FR","@id":"https:\/\/deliangdisplay.com\/#\/schema\/logo\/image\/","url":"https:\/\/deliangdisplay.com\/wp-content\/uploads\/2025\/08\/DELIANGDISPALY_logo.png","contentUrl":"https:\/\/deliangdisplay.com\/wp-content\/uploads\/2025\/08\/DELIANGDISPALY_logo.png","width":300,"height":130,"caption":"deliangdisplay.com"},"image":{"@id":"https:\/\/deliangdisplay.com\/#\/schema\/logo\/image\/"},"sameAs":["https:\/\/www.facebook.com\/JaneZhang008\/","https:\/\/x.com\/ly673551729"]}]}},"_links":{"self":[{"href":"https:\/\/deliangdisplay.com\/fr\/wp-json\/wp\/v2\/product\/41884","targetHints":{"allow":["GET"]}}],"collection":[{"href":"https:\/\/deliangdisplay.com\/fr\/wp-json\/wp\/v2\/product"}],"about":[{"href":"https:\/\/deliangdisplay.com\/fr\/wp-json\/wp\/v2\/types\/product"}],"replies":[{"embeddable":true,"href":"https:\/\/deliangdisplay.com\/fr\/wp-json\/wp\/v2\/comments?post=41884"}],"wp:featuredmedia":[{"embeddable":true,"href":"https:\/\/deliangdisplay.com\/fr\/wp-json\/wp\/v2\/media\/41885"}],"wp:attachment":[{"href":"https:\/\/deliangdisplay.com\/fr\/wp-json\/wp\/v2\/media?parent=41884"}],"wp:term":[{"taxonomy":"product_brand","embeddable":true,"href":"https:\/\/deliangdisplay.com\/fr\/wp-json\/wp\/v2\/product_brand?post=41884"},{"taxonomy":"product_cat","embeddable":true,"href":"https:\/\/deliangdisplay.com\/fr\/wp-json\/wp\/v2\/product_cat?post=41884"},{"taxonomy":"product_tag","embeddable":true,"href":"https:\/\/deliangdisplay.com\/fr\/wp-json\/wp\/v2\/product_tag?post=41884"}],"curies":[{"name":"wp","href":"https:\/\/api.w.org\/{rel}","templated":true}]}}