{"id":41870,"date":"2025-08-02T15:16:28","date_gmt":"2025-08-02T07:16:28","guid":{"rendered":"https:\/\/deliangdisplay.com\/?post_type=product&#038;p=41870"},"modified":"2025-08-02T15:16:28","modified_gmt":"2025-08-02T07:16:28","slug":"de-liang-luxury-white-craft-paper-bags-fashionable-printed-custom-logo-clothing-shopping-gift-customizable-luxury-packaging","status":"publish","type":"product","link":"https:\/\/deliangdisplay.com\/fr\/notre-produit\/emballage\/sacs-en-papier-de-luxe\/de-liang-luxury-white-craft-paper-bags-fashionable-printed-custom-logo-clothing-shopping-gift-customizable-luxury-packaging\/","title":{"rendered":"DE-LIANG Luxury White Craft Paper Bags Fashionable Printed Custom Logo Clothing Shopping Gift Customizable Luxury Packaging"},"content":{"rendered":"<ul data-start=\"612\" data-end=\"1470\">\n<li data-start=\"612\" data-end=\"769\">\n<p data-start=\"614\" data-end=\"769\"><strong>Papier kraft blanc de qualit\u00e9 sup\u00e9rieure<\/strong>: Fabriqu\u00e9 \u00e0 partir de papier kraft \u00e9pais et respectueux de l'environnement, avec une finition lisse, mate ou brillante - offrant \u00e0 la fois solidit\u00e9 et sophistication.<\/p>\n<\/li>\n<li data-start=\"770\" data-end=\"914\">\n<p data-start=\"772\" data-end=\"914\"><strong data-start=\"772\" data-end=\"796\">Impression de logos personnalis\u00e9s<\/strong>: Ajoutez le nom de votre marque, votre logo, votre slogan ou un cachet en aluminium pour cr\u00e9er un emballage professionnel m\u00e9morable qui parle de luxe.<\/p>\n<\/li>\n<li data-start=\"915\" data-end=\"1054\">\n<p data-start=\"917\" data-end=\"1054\"><strong data-start=\"917\" data-end=\"952\">Poign\u00e9es en coton solide ou en ruban<\/strong>: Confortables et durables, ils sont con\u00e7us pour supporter les v\u00eatements, les cadeaux ou les accessoires avec facilit\u00e9 et \u00e9l\u00e9gance.<\/p>\n<\/li>\n<li data-start=\"1055\" data-end=\"1200\">\n<p data-start=\"1057\" data-end=\"1200\"><strong data-start=\"1057\" data-end=\"1087\">Options de design \u00e0 la mode<\/strong>: Disponible en diff\u00e9rentes tailles, types de poign\u00e9es et styles d'impression - du moderne minimaliste \u00e0 l'audacieux et \u00e9l\u00e9gant.<\/p>\n<\/li>\n<li data-start=\"1201\" data-end=\"1345\">\n<p data-start=\"1203\" data-end=\"1345\">Utilisation polyvalente : id\u00e9al pour l'emballage de v\u00eatements, les sacs d'achat au d\u00e9tail, l'emballage de cadeaux, les \u00e9v\u00e9nements, les salons professionnels et l'emballage de commandes en ligne.<\/p>\n<\/li>\n<li data-start=\"1346\" data-end=\"1470\">\n<p data-start=\"1348\" data-end=\"1470\"><strong data-start=\"1348\" data-end=\"1375\">Respectueux de l'environnement et r\u00e9utilisable<\/strong>: Con\u00e7us pour r\u00e9duire les d\u00e9chets et am\u00e9liorer la r\u00e9utilisation, ils permettent \u00e0 votre marque de s'aligner sur des valeurs durables.<\/p>\n<\/li>\n<\/ul>\n<h3 data-start=\"1472\" data-end=\"1506\">\ud83d\udce6 <strong data-start=\"1479\" data-end=\"1506\">Sp\u00e9cifications du produit :<\/strong><\/h3>\n<ul data-start=\"1508\" data-end=\"1898\">\n<li data-start=\"1508\" data-end=\"1564\">\n<p data-start=\"1510\" data-end=\"1564\"><strong data-start=\"1510\" data-end=\"1522\">Mat\u00e9riau<\/strong>: Papier kraft blanc de premi\u00e8re qualit\u00e9 (recyclable)<\/p>\n<\/li>\n<li data-start=\"1565\" data-end=\"1633\">\n<p data-start=\"1567\" data-end=\"1633\"><strong data-start=\"1567\" data-end=\"1583\">Types de poign\u00e9es<\/strong>: Corde de coton, ruban, papier torsad\u00e9 ou d\u00e9coup\u00e9 \u00e0 l'emporte-pi\u00e8ce.<\/p>\n<\/li>\n<li data-start=\"1634\" data-end=\"1709\">\n<p data-start=\"1636\" data-end=\"1709\"><strong data-start=\"1636\" data-end=\"1658\">Personnalisation du logo<\/strong>: Marquage, gaufrage, UV, s\u00e9rigraphie, etc.<\/p>\n<\/li>\n<li data-start=\"1710\" data-end=\"1760\">\n<p data-start=\"1712\" data-end=\"1760\"><strong data-start=\"1712\" data-end=\"1730\">Options de finition<\/strong>: Mat \/ Brillant \/ Lamin\u00e9<\/p>\n<\/li>\n<li data-start=\"1761\" data-end=\"1824\">\n<p data-start=\"1763\" data-end=\"1824\"><strong data-start=\"1763\" data-end=\"1772\">Tailles<\/strong>: Petit \/ Moyen \/ Grand (taille personnalis\u00e9e disponible)<\/p>\n<\/li>\n<li data-start=\"1825\" data-end=\"1898\">\n<p data-start=\"1827\" data-end=\"1898\"><strong data-start=\"1827\" data-end=\"1834\">MOQ<\/strong>: Faibles minima pour les petites entreprises, possibilit\u00e9 d'achat en gros pour les marques<\/p>\n<\/li>\n<\/ul>\n<hr data-start=\"1900\" data-end=\"1903\" \/>\n<p data-start=\"1905\" data-end=\"2028\"><strong data-start=\"1905\" data-end=\"1942\">Parce que la premi\u00e8re impression est importante.<\/strong><br data-start=\"1942\" data-end=\"1945\" \/>Avec les sacs en papier de luxe DE-LIANG, votre emballage fait partie int\u00e9grante de l'histoire de votre marque.<\/p>\n<p data-start=\"2030\" data-end=\"2099\">\ud83d\udce9 <em data-start=\"2033\" data-end=\"2099\">Contactez-nous pour obtenir des \u00e9chantillons gratuits, des maquettes de logo et une assistance OEM\/ODM.<\/em><\/p>","protected":false},"excerpt":{"rendered":"<p>Pr\u00e9sentez vos produits avec distinction gr\u00e2ce aux luxueux sacs \u00e0 provisions en papier kraft blanc de DE-LIANG, con\u00e7us pour les boutiques de v\u00eatements haut de gamme, les bijouteries, les magasins de cadeaux et les emballages de marques de qualit\u00e9 sup\u00e9rieure. Gr\u00e2ce \u00e0 l'impression de logos personnalisables et \u00e0 une construction \u00e9l\u00e9gante, ces sacs en papier transforment chaque achat d'un client en une exp\u00e9rience de marque de luxe.<\/p>","protected":false},"featured_media":41871,"comment_status":"open","ping_status":"closed","template":"","meta":{"_acf_changed":false},"product_brand":[],"product_cat":[74],"product_tag":[],"class_list":{"0":"post-41870","1":"product","2":"type-product","3":"status-publish","4":"has-post-thumbnail","6":"product_cat-luxury-paper-bags","8":"first","9":"instock","10":"shipping-taxable","11":"purchasable","12":"product-type-simple"},"acf":[],"yoast_head":"<!-- This site is optimized with the Yoast SEO plugin v27.4 - https:\/\/yoast.com\/product\/yoast-seo-wordpress\/ -->\n<title>DE-LIANG Luxury White Craft Paper Bags Fashionable Printed Custom Logo Clothing Shopping Gift Customizable Luxury Packaging - DE-LIANG - jewelry,clothes,watch,beauty cosmetics<\/title>\n<meta name=\"robots\" content=\"index, follow, max-snippet:-1, max-image-preview:large, max-video-preview:-1\" \/>\n<link rel=\"canonical\" href=\"https:\/\/deliangdisplay.com\/fr\/notre-produit\/emballage\/sacs-en-papier-de-luxe\/de-liang-luxury-white-craft-paper-bags-fashionable-printed-custom-logo-clothing-shopping-gift-customizable-luxury-packaging\/\" \/>\n<meta property=\"og:locale\" content=\"fr_FR\" \/>\n<meta property=\"og:type\" content=\"article\" \/>\n<meta property=\"og:title\" content=\"DE-LIANG Luxury White Craft Paper Bags Fashionable Printed Custom Logo Clothing Shopping Gift Customizable Luxury Packaging - DE-LIANG - jewelry,clothes,watch,beauty cosmetics\" \/>\n<meta property=\"og:description\" content=\"Present your products with distinction using DE-LIANG\u2019s luxury white kraft paper shopping bags \u2014 thoughtfully designed for high-end clothing boutiques, jewelry stores, gift shops, and premium brand packaging. With customizable logo printing and elegant construction, these paper bags turn every customer purchase into a branded luxury experience.\" \/>\n<meta property=\"og:url\" content=\"https:\/\/deliangdisplay.com\/fr\/notre-produit\/emballage\/sacs-en-papier-de-luxe\/de-liang-luxury-white-craft-paper-bags-fashionable-printed-custom-logo-clothing-shopping-gift-customizable-luxury-packaging\/\" \/>\n<meta property=\"og:site_name\" content=\"DE-LIANG - jewelry,clothes,watch,beauty cosmetics\" \/>\n<meta property=\"article:publisher\" content=\"https:\/\/www.facebook.com\/JaneZhang008\/\" \/>\n<meta property=\"og:image\" content=\"https:\/\/deliangdisplay.com\/wp-content\/uploads\/2025\/08\/1-7.png\" \/>\n\t<meta property=\"og:image:width\" content=\"720\" \/>\n\t<meta property=\"og:image:height\" content=\"720\" \/>\n\t<meta property=\"og:image:type\" content=\"image\/png\" \/>\n<meta name=\"twitter:card\" content=\"summary_large_image\" \/>\n<meta name=\"twitter:site\" content=\"@ly673551729\" \/>\n<meta name=\"twitter:label1\" content=\"Dur\u00e9e de lecture estim\u00e9e\" \/>\n\t<meta name=\"twitter:data1\" content=\"2 minutes\" \/>\n<script type=\"application\/ld+json\" class=\"yoast-schema-graph\">{\"@context\":\"https:\\\/\\\/schema.org\",\"@graph\":[{\"@type\":\"WebPage\",\"@id\":\"https:\\\/\\\/deliangdisplay.com\\\/our-product\\\/packaging\\\/luxury-paper-bags\\\/de-liang-luxury-white-craft-paper-bags-fashionable-printed-custom-logo-clothing-shopping-gift-customizable-luxury-packaging\\\/\",\"url\":\"https:\\\/\\\/deliangdisplay.com\\\/our-product\\\/packaging\\\/luxury-paper-bags\\\/de-liang-luxury-white-craft-paper-bags-fashionable-printed-custom-logo-clothing-shopping-gift-customizable-luxury-packaging\\\/\",\"name\":\"DE-LIANG Luxury White Craft Paper Bags Fashionable Printed Custom Logo Clothing Shopping Gift Customizable Luxury Packaging - DE-LIANG - jewelry,clothes,watch,beauty cosmetics\",\"isPartOf\":{\"@id\":\"https:\\\/\\\/deliangdisplay.com\\\/#website\"},\"primaryImageOfPage\":{\"@id\":\"https:\\\/\\\/deliangdisplay.com\\\/our-product\\\/packaging\\\/luxury-paper-bags\\\/de-liang-luxury-white-craft-paper-bags-fashionable-printed-custom-logo-clothing-shopping-gift-customizable-luxury-packaging\\\/#primaryimage\"},\"image\":{\"@id\":\"https:\\\/\\\/deliangdisplay.com\\\/our-product\\\/packaging\\\/luxury-paper-bags\\\/de-liang-luxury-white-craft-paper-bags-fashionable-printed-custom-logo-clothing-shopping-gift-customizable-luxury-packaging\\\/#primaryimage\"},\"thumbnailUrl\":\"https:\\\/\\\/deliangdisplay.com\\\/wp-content\\\/uploads\\\/2025\\\/08\\\/1-7.png\",\"datePublished\":\"2025-08-02T07:16:28+00:00\",\"breadcrumb\":{\"@id\":\"https:\\\/\\\/deliangdisplay.com\\\/our-product\\\/packaging\\\/luxury-paper-bags\\\/de-liang-luxury-white-craft-paper-bags-fashionable-printed-custom-logo-clothing-shopping-gift-customizable-luxury-packaging\\\/#breadcrumb\"},\"inLanguage\":\"fr-FR\",\"potentialAction\":[{\"@type\":\"ReadAction\",\"target\":[\"https:\\\/\\\/deliangdisplay.com\\\/our-product\\\/packaging\\\/luxury-paper-bags\\\/de-liang-luxury-white-craft-paper-bags-fashionable-printed-custom-logo-clothing-shopping-gift-customizable-luxury-packaging\\\/\"]}]},{\"@type\":\"ImageObject\",\"inLanguage\":\"fr-FR\",\"@id\":\"https:\\\/\\\/deliangdisplay.com\\\/our-product\\\/packaging\\\/luxury-paper-bags\\\/de-liang-luxury-white-craft-paper-bags-fashionable-printed-custom-logo-clothing-shopping-gift-customizable-luxury-packaging\\\/#primaryimage\",\"url\":\"https:\\\/\\\/deliangdisplay.com\\\/wp-content\\\/uploads\\\/2025\\\/08\\\/1-7.png\",\"contentUrl\":\"https:\\\/\\\/deliangdisplay.com\\\/wp-content\\\/uploads\\\/2025\\\/08\\\/1-7.png\",\"width\":720,\"height\":720},{\"@type\":\"BreadcrumbList\",\"@id\":\"https:\\\/\\\/deliangdisplay.com\\\/our-product\\\/packaging\\\/luxury-paper-bags\\\/de-liang-luxury-white-craft-paper-bags-fashionable-printed-custom-logo-clothing-shopping-gift-customizable-luxury-packaging\\\/#breadcrumb\",\"itemListElement\":[{\"@type\":\"ListItem\",\"position\":1,\"name\":\"\u9996\u9875\",\"item\":\"https:\\\/\\\/deliangdisplay.com\\\/\"},{\"@type\":\"ListItem\",\"position\":2,\"name\":\"Our Product\",\"item\":\"https:\\\/\\\/deliangdisplay.com\\\/our-product\\\/\"},{\"@type\":\"ListItem\",\"position\":3,\"name\":\"DE-LIANG Luxury White Craft Paper Bags Fashionable Printed Custom Logo Clothing Shopping Gift Customizable Luxury Packaging\"}]},{\"@type\":\"WebSite\",\"@id\":\"https:\\\/\\\/deliangdisplay.com\\\/#website\",\"url\":\"https:\\\/\\\/deliangdisplay.com\\\/\",\"name\":\"deliangdisplay.com\",\"description\":\"DE-LIANG - Providing bespoke packaging solutions and luxurious display design services for brands in jewelry, apparel, watches, beauty cosmetics, and more.\",\"publisher\":{\"@id\":\"https:\\\/\\\/deliangdisplay.com\\\/#organization\"},\"potentialAction\":[{\"@type\":\"SearchAction\",\"target\":{\"@type\":\"EntryPoint\",\"urlTemplate\":\"https:\\\/\\\/deliangdisplay.com\\\/?s={search_term_string}\"},\"query-input\":{\"@type\":\"PropertyValueSpecification\",\"valueRequired\":true,\"valueName\":\"search_term_string\"}}],\"inLanguage\":\"fr-FR\"},{\"@type\":\"Organization\",\"@id\":\"https:\\\/\\\/deliangdisplay.com\\\/#organization\",\"name\":\"deliangdisplay.com\",\"url\":\"https:\\\/\\\/deliangdisplay.com\\\/\",\"logo\":{\"@type\":\"ImageObject\",\"inLanguage\":\"fr-FR\",\"@id\":\"https:\\\/\\\/deliangdisplay.com\\\/#\\\/schema\\\/logo\\\/image\\\/\",\"url\":\"https:\\\/\\\/deliangdisplay.com\\\/wp-content\\\/uploads\\\/2025\\\/08\\\/DELIANGDISPALY_logo.png\",\"contentUrl\":\"https:\\\/\\\/deliangdisplay.com\\\/wp-content\\\/uploads\\\/2025\\\/08\\\/DELIANGDISPALY_logo.png\",\"width\":300,\"height\":130,\"caption\":\"deliangdisplay.com\"},\"image\":{\"@id\":\"https:\\\/\\\/deliangdisplay.com\\\/#\\\/schema\\\/logo\\\/image\\\/\"},\"sameAs\":[\"https:\\\/\\\/www.facebook.com\\\/JaneZhang008\\\/\",\"https:\\\/\\\/x.com\\\/ly673551729\"]}]}<\/script>\n<!-- \/ Yoast SEO plugin. -->","yoast_head_json":{"title":"DE-LIANG Luxury White Craft Paper Bags Fashionable Printed Custom Logo Clothing Shopping Gift Customizable Luxury Packaging - DE-LIANG - jewelry,clothes,watch,beauty cosmetics","robots":{"index":"index","follow":"follow","max-snippet":"max-snippet:-1","max-image-preview":"max-image-preview:large","max-video-preview":"max-video-preview:-1"},"canonical":"https:\/\/deliangdisplay.com\/fr\/notre-produit\/emballage\/sacs-en-papier-de-luxe\/de-liang-luxury-white-craft-paper-bags-fashionable-printed-custom-logo-clothing-shopping-gift-customizable-luxury-packaging\/","og_locale":"fr_FR","og_type":"article","og_title":"DE-LIANG Luxury White Craft Paper Bags Fashionable Printed Custom Logo Clothing Shopping Gift Customizable Luxury Packaging - DE-LIANG - jewelry,clothes,watch,beauty cosmetics","og_description":"Present your products with distinction using DE-LIANG\u2019s luxury white kraft paper shopping bags \u2014 thoughtfully designed for high-end clothing boutiques, jewelry stores, gift shops, and premium brand packaging. With customizable logo printing and elegant construction, these paper bags turn every customer purchase into a branded luxury experience.","og_url":"https:\/\/deliangdisplay.com\/fr\/notre-produit\/emballage\/sacs-en-papier-de-luxe\/de-liang-luxury-white-craft-paper-bags-fashionable-printed-custom-logo-clothing-shopping-gift-customizable-luxury-packaging\/","og_site_name":"DE-LIANG - jewelry,clothes,watch,beauty cosmetics","article_publisher":"https:\/\/www.facebook.com\/JaneZhang008\/","og_image":[{"width":720,"height":720,"url":"https:\/\/deliangdisplay.com\/wp-content\/uploads\/2025\/08\/1-7.png","type":"image\/png"}],"twitter_card":"summary_large_image","twitter_site":"@ly673551729","twitter_misc":{"Dur\u00e9e de lecture estim\u00e9e":"2 minutes"},"schema":{"@context":"https:\/\/schema.org","@graph":[{"@type":"WebPage","@id":"https:\/\/deliangdisplay.com\/our-product\/packaging\/luxury-paper-bags\/de-liang-luxury-white-craft-paper-bags-fashionable-printed-custom-logo-clothing-shopping-gift-customizable-luxury-packaging\/","url":"https:\/\/deliangdisplay.com\/our-product\/packaging\/luxury-paper-bags\/de-liang-luxury-white-craft-paper-bags-fashionable-printed-custom-logo-clothing-shopping-gift-customizable-luxury-packaging\/","name":"DE-LIANG Luxury White Craft Paper Bags Fashionable Printed Custom Logo Clothing Shopping Gift Customizable Luxury Packaging - DE-LIANG - jewelry,clothes,watch,beauty cosmetics","isPartOf":{"@id":"https:\/\/deliangdisplay.com\/#website"},"primaryImageOfPage":{"@id":"https:\/\/deliangdisplay.com\/our-product\/packaging\/luxury-paper-bags\/de-liang-luxury-white-craft-paper-bags-fashionable-printed-custom-logo-clothing-shopping-gift-customizable-luxury-packaging\/#primaryimage"},"image":{"@id":"https:\/\/deliangdisplay.com\/our-product\/packaging\/luxury-paper-bags\/de-liang-luxury-white-craft-paper-bags-fashionable-printed-custom-logo-clothing-shopping-gift-customizable-luxury-packaging\/#primaryimage"},"thumbnailUrl":"https:\/\/deliangdisplay.com\/wp-content\/uploads\/2025\/08\/1-7.png","datePublished":"2025-08-02T07:16:28+00:00","breadcrumb":{"@id":"https:\/\/deliangdisplay.com\/our-product\/packaging\/luxury-paper-bags\/de-liang-luxury-white-craft-paper-bags-fashionable-printed-custom-logo-clothing-shopping-gift-customizable-luxury-packaging\/#breadcrumb"},"inLanguage":"fr-FR","potentialAction":[{"@type":"ReadAction","target":["https:\/\/deliangdisplay.com\/our-product\/packaging\/luxury-paper-bags\/de-liang-luxury-white-craft-paper-bags-fashionable-printed-custom-logo-clothing-shopping-gift-customizable-luxury-packaging\/"]}]},{"@type":"ImageObject","inLanguage":"fr-FR","@id":"https:\/\/deliangdisplay.com\/our-product\/packaging\/luxury-paper-bags\/de-liang-luxury-white-craft-paper-bags-fashionable-printed-custom-logo-clothing-shopping-gift-customizable-luxury-packaging\/#primaryimage","url":"https:\/\/deliangdisplay.com\/wp-content\/uploads\/2025\/08\/1-7.png","contentUrl":"https:\/\/deliangdisplay.com\/wp-content\/uploads\/2025\/08\/1-7.png","width":720,"height":720},{"@type":"BreadcrumbList","@id":"https:\/\/deliangdisplay.com\/our-product\/packaging\/luxury-paper-bags\/de-liang-luxury-white-craft-paper-bags-fashionable-printed-custom-logo-clothing-shopping-gift-customizable-luxury-packaging\/#breadcrumb","itemListElement":[{"@type":"ListItem","position":1,"name":"\u9996\u9875","item":"https:\/\/deliangdisplay.com\/"},{"@type":"ListItem","position":2,"name":"Our Product","item":"https:\/\/deliangdisplay.com\/our-product\/"},{"@type":"ListItem","position":3,"name":"DE-LIANG Luxury White Craft Paper Bags Fashionable Printed Custom Logo Clothing Shopping Gift Customizable Luxury Packaging"}]},{"@type":"WebSite","@id":"https:\/\/deliangdisplay.com\/#website","url":"https:\/\/deliangdisplay.com\/","name":"deliangdisplay.com","description":"DE-LIANG - Fournit des solutions d'emballage sur mesure et des services de conception de pr\u00e9sentoirs luxueux pour les marques de bijoux, de v\u00eatements, de montres, de produits de beaut\u00e9 et de cosm\u00e9tiques, et plus encore.","publisher":{"@id":"https:\/\/deliangdisplay.com\/#organization"},"potentialAction":[{"@type":"SearchAction","target":{"@type":"EntryPoint","urlTemplate":"https:\/\/deliangdisplay.com\/?s={search_term_string}"},"query-input":{"@type":"PropertyValueSpecification","valueRequired":true,"valueName":"search_term_string"}}],"inLanguage":"fr-FR"},{"@type":"Organization","@id":"https:\/\/deliangdisplay.com\/#organization","name":"deliangdisplay.com","url":"https:\/\/deliangdisplay.com\/","logo":{"@type":"ImageObject","inLanguage":"fr-FR","@id":"https:\/\/deliangdisplay.com\/#\/schema\/logo\/image\/","url":"https:\/\/deliangdisplay.com\/wp-content\/uploads\/2025\/08\/DELIANGDISPALY_logo.png","contentUrl":"https:\/\/deliangdisplay.com\/wp-content\/uploads\/2025\/08\/DELIANGDISPALY_logo.png","width":300,"height":130,"caption":"deliangdisplay.com"},"image":{"@id":"https:\/\/deliangdisplay.com\/#\/schema\/logo\/image\/"},"sameAs":["https:\/\/www.facebook.com\/JaneZhang008\/","https:\/\/x.com\/ly673551729"]}]}},"_links":{"self":[{"href":"https:\/\/deliangdisplay.com\/fr\/wp-json\/wp\/v2\/product\/41870","targetHints":{"allow":["GET"]}}],"collection":[{"href":"https:\/\/deliangdisplay.com\/fr\/wp-json\/wp\/v2\/product"}],"about":[{"href":"https:\/\/deliangdisplay.com\/fr\/wp-json\/wp\/v2\/types\/product"}],"replies":[{"embeddable":true,"href":"https:\/\/deliangdisplay.com\/fr\/wp-json\/wp\/v2\/comments?post=41870"}],"wp:featuredmedia":[{"embeddable":true,"href":"https:\/\/deliangdisplay.com\/fr\/wp-json\/wp\/v2\/media\/41871"}],"wp:attachment":[{"href":"https:\/\/deliangdisplay.com\/fr\/wp-json\/wp\/v2\/media?parent=41870"}],"wp:term":[{"taxonomy":"product_brand","embeddable":true,"href":"https:\/\/deliangdisplay.com\/fr\/wp-json\/wp\/v2\/product_brand?post=41870"},{"taxonomy":"product_cat","embeddable":true,"href":"https:\/\/deliangdisplay.com\/fr\/wp-json\/wp\/v2\/product_cat?post=41870"},{"taxonomy":"product_tag","embeddable":true,"href":"https:\/\/deliangdisplay.com\/fr\/wp-json\/wp\/v2\/product_tag?post=41870"}],"curies":[{"name":"wp","href":"https:\/\/api.w.org\/{rel}","templated":true}]}}