{"id":41812,"date":"2025-08-02T10:35:19","date_gmt":"2025-08-02T02:35:19","guid":{"rendered":"https:\/\/deliangdisplay.com\/?post_type=product&#038;p=41812"},"modified":"2025-08-02T10:35:19","modified_gmt":"2025-08-02T02:35:19","slug":"de-liang-pochette-bijoux-microfibre-personnalisee-collier-bague-bracelet-boucle-doreille-pochette-velours-pochette-personnalisee-avec-logo","status":"publish","type":"product","link":"https:\/\/deliangdisplay.com\/fr\/notre-produit\/emballage\/pochettes-a-bijoux\/de-liang-pochette-bijoux-microfibre-personnalisee-collier-bague-bracelet-boucle-doreille-pochette-velours-pochette-personnalisee-avec-logo\/","title":{"rendered":"DE-LIANG Pochette \u00e0 bijoux en microfibre personnalis\u00e9e Collier Bague Bracelet Boucle d'oreille Pochette en velours Pochette personnalis\u00e9e avec logo"},"content":{"rendered":"<ul data-start=\"585\" data-end=\"1332\">\n<li data-start=\"585\" data-end=\"727\">\n<p data-start=\"587\" data-end=\"727\"><strong data-start=\"587\" data-end=\"623\">Mat\u00e9riau en microfibre de haute qualit\u00e9<\/strong>: Fabriqu\u00e9 en microfibre douce et durable avec un toucher velout\u00e9 - parfait pour les surfaces d\u00e9licates des bijoux.<\/p>\n<\/li>\n<li data-start=\"728\" data-end=\"868\">\n<p data-start=\"730\" data-end=\"868\"><strong data-start=\"730\" data-end=\"754\">Enveloppe chic<\/strong>: Silhouette \u00e9troite et moderne avec rabat rabattable, offrant une esth\u00e9tique minimaliste qui s'harmonise avec les marques de luxe.<\/p>\n<\/li>\n<li data-start=\"869\" data-end=\"996\">\n<p data-start=\"871\" data-end=\"996\"><strong data-start=\"871\" data-end=\"891\">S\u00e9curis\u00e9 et \u00e9l\u00e9gant<\/strong>: Les fermetures optionnelles \u00e0 bouton, ruban ou bouton-pression maintiennent les bijoux en s\u00e9curit\u00e9 tout en am\u00e9liorant la pr\u00e9sentation g\u00e9n\u00e9rale.<\/p>\n<\/li>\n<li data-start=\"997\" data-end=\"1188\">\n<p data-start=\"999\" data-end=\"1188\"><strong data-start=\"999\" data-end=\"1021\">Enti\u00e8rement personnalisable<\/strong>: Personnalisez votre logo en l'estampillant, en le brodant, en le gaufrant ou en l'imprimant en s\u00e9rigraphie. La taille, la couleur, la doublure et la fermeture peuvent \u00eatre adapt\u00e9es \u00e0 votre marque.<\/p>\n<\/li>\n<li data-start=\"1189\" data-end=\"1332\">\n<p data-start=\"1191\" data-end=\"1332\"><strong data-start=\"1191\" data-end=\"1208\">Utilisation polyvalente<\/strong>: Id\u00e9al pour les colliers, les bagues, les boucles d'oreilles, les bracelets et m\u00eame les petits cadeaux. Convient pour l'emballage, les cadeaux ou les voyages.<\/p>\n<\/li>\n<\/ul>\n<h3 data-start=\"1334\" data-end=\"1360\">\ud83d\udce6 <strong data-start=\"1341\" data-end=\"1360\">Sp\u00e9cifications :<\/strong><\/h3>\n<ul data-start=\"1362\" data-end=\"1636\">\n<li data-start=\"1362\" data-end=\"1402\">\n<p data-start=\"1364\" data-end=\"1402\"><strong data-start=\"1364\" data-end=\"1376\">Mat\u00e9riau<\/strong>: Microfibre velout\u00e9e<\/p>\n<\/li>\n<li data-start=\"1403\" data-end=\"1442\">\n<p data-start=\"1405\" data-end=\"1442\"><strong data-start=\"1405\" data-end=\"1414\">Style<\/strong>: Pochette enveloppante avec rabat<\/p>\n<\/li>\n<li data-start=\"1443\" data-end=\"1509\">\n<p data-start=\"1445\" data-end=\"1509\"><strong data-start=\"1445\" data-end=\"1455\">Couleurs<\/strong>: Kaki personnalis\u00e9, noir, gris, cr\u00e8me, rose p\u00e2le, etc.<\/p>\n<\/li>\n<li data-start=\"1510\" data-end=\"1553\">\n<p data-start=\"1512\" data-end=\"1553\"><strong data-start=\"1512\" data-end=\"1520\">Logo<\/strong>: Marquage personnalis\u00e9 disponible<\/p>\n<\/li>\n<li data-start=\"1554\" data-end=\"1636\">\n<p data-start=\"1556\" data-end=\"1636\"><strong data-start=\"1556\" data-end=\"1563\">MOQ<\/strong>: Quantit\u00e9s minimales flexibles pour les petites entreprises et les grandes commandes<\/p>\n<\/li>\n<\/ul>\n<hr data-start=\"1638\" data-end=\"1641\" \/>\n<p data-start=\"1643\" data-end=\"1755\"><strong data-start=\"1643\" data-end=\"1670\">Le luxe dans les moindres d\u00e9tails.<\/strong><br data-start=\"1670\" data-end=\"1673\" \/>Laissez DE-LIANG rehausser l'emballage de vos bijoux pour refl\u00e9ter la valeur de ce qu'ils contiennent.<\/p>\n<p data-start=\"1757\" data-end=\"1832\">\ud83d\udce9 <em data-start=\"1760\" data-end=\"1832\">Demandez d\u00e8s maintenant des \u00e9chantillons, des options de conception personnalis\u00e9e et des prix de gros.<\/em><\/p>","protected":false},"excerpt":{"rendered":"<p>Pr\u00e9sentez vos bijoux avec un luxe discret gr\u00e2ce aux pochettes en microfibre kaki personnalis\u00e9es de DE-LIANG. Con\u00e7ues pour les marques qui accordent de l'importance aux d\u00e9tails, ces pochettes \u00e0 boutons ronds fabriqu\u00e9es \u00e0 la main sont douces, durables et con\u00e7ues pour prot\u00e9ger et mettre en valeur vos plus belles pi\u00e8ces. Qu'il s'agisse de vente au d\u00e9tail, de cadeaux ou d'emballages de marques priv\u00e9es, elles laissent une impression durable.<\/p>","protected":false},"featured_media":41813,"comment_status":"open","ping_status":"closed","template":"","meta":{"_acf_changed":false},"product_brand":[],"product_cat":[79],"product_tag":[],"class_list":{"0":"post-41812","1":"product","2":"type-product","3":"status-publish","4":"has-post-thumbnail","6":"product_cat-jewelry-pouches","8":"first","9":"instock","10":"shipping-taxable","11":"purchasable","12":"product-type-simple"},"acf":[],"yoast_head":"<!-- This site is optimized with the Yoast SEO plugin v27.4 - https:\/\/yoast.com\/product\/yoast-seo-wordpress\/ -->\n<title>DE-LIANG Custom Microfiber Jewelry Pouch Necklace Ring Bracelet Earring Velvet Pouch Bag Personalized Envelope Pouch With Logo - DE-LIANG - jewelry,clothes,watch,beauty cosmetics<\/title>\n<meta name=\"robots\" content=\"index, follow, max-snippet:-1, max-image-preview:large, max-video-preview:-1\" \/>\n<link rel=\"canonical\" href=\"https:\/\/deliangdisplay.com\/fr\/notre-produit\/emballage\/pochettes-a-bijoux\/de-liang-pochette-bijoux-microfibre-personnalisee-collier-bague-bracelet-boucle-doreille-pochette-velours-pochette-personnalisee-avec-logo\/\" \/>\n<meta property=\"og:locale\" content=\"fr_FR\" \/>\n<meta property=\"og:type\" content=\"article\" \/>\n<meta property=\"og:title\" content=\"DE-LIANG Custom Microfiber Jewelry Pouch Necklace Ring Bracelet Earring Velvet Pouch Bag Personalized Envelope Pouch With Logo - DE-LIANG - jewelry,clothes,watch,beauty cosmetics\" \/>\n<meta property=\"og:description\" content=\"Present your jewelry with understated luxury using DE-LIANG\u2019s custom khaki microfiber pouches. Designed for brands that value detail, these handmade round button pouches are soft, durable, and tailored to protect and showcase your finest pieces. Whether for retail, gifting, or private label packaging, they make a lasting impression.\" \/>\n<meta property=\"og:url\" content=\"https:\/\/deliangdisplay.com\/fr\/notre-produit\/emballage\/pochettes-a-bijoux\/de-liang-pochette-bijoux-microfibre-personnalisee-collier-bague-bracelet-boucle-doreille-pochette-velours-pochette-personnalisee-avec-logo\/\" \/>\n<meta property=\"og:site_name\" content=\"DE-LIANG - jewelry,clothes,watch,beauty cosmetics\" \/>\n<meta property=\"article:publisher\" content=\"https:\/\/www.facebook.com\/JaneZhang008\/\" \/>\n<meta property=\"og:image\" content=\"https:\/\/deliangdisplay.com\/wp-content\/uploads\/2025\/08\/120-1.png\" \/>\n\t<meta property=\"og:image:width\" content=\"720\" \/>\n\t<meta property=\"og:image:height\" content=\"720\" \/>\n\t<meta property=\"og:image:type\" content=\"image\/png\" \/>\n<meta name=\"twitter:card\" content=\"summary_large_image\" \/>\n<meta name=\"twitter:site\" content=\"@ly673551729\" \/>\n<meta name=\"twitter:label1\" content=\"Dur\u00e9e de lecture estim\u00e9e\" \/>\n\t<meta name=\"twitter:data1\" content=\"1 minute\" \/>\n<script type=\"application\/ld+json\" class=\"yoast-schema-graph\">{\"@context\":\"https:\\\/\\\/schema.org\",\"@graph\":[{\"@type\":\"WebPage\",\"@id\":\"https:\\\/\\\/deliangdisplay.com\\\/our-product\\\/packaging\\\/jewelry-pouches\\\/de-liang-custom-microfiber-jewelry-pouch-necklace-ring-bracelet-earring-velvet-pouch-bag-personalized-envelope-pouch-with-logo\\\/\",\"url\":\"https:\\\/\\\/deliangdisplay.com\\\/our-product\\\/packaging\\\/jewelry-pouches\\\/de-liang-custom-microfiber-jewelry-pouch-necklace-ring-bracelet-earring-velvet-pouch-bag-personalized-envelope-pouch-with-logo\\\/\",\"name\":\"DE-LIANG Custom Microfiber Jewelry Pouch Necklace Ring Bracelet Earring Velvet Pouch Bag Personalized Envelope Pouch With Logo - DE-LIANG - jewelry,clothes,watch,beauty cosmetics\",\"isPartOf\":{\"@id\":\"https:\\\/\\\/deliangdisplay.com\\\/#website\"},\"primaryImageOfPage\":{\"@id\":\"https:\\\/\\\/deliangdisplay.com\\\/our-product\\\/packaging\\\/jewelry-pouches\\\/de-liang-custom-microfiber-jewelry-pouch-necklace-ring-bracelet-earring-velvet-pouch-bag-personalized-envelope-pouch-with-logo\\\/#primaryimage\"},\"image\":{\"@id\":\"https:\\\/\\\/deliangdisplay.com\\\/our-product\\\/packaging\\\/jewelry-pouches\\\/de-liang-custom-microfiber-jewelry-pouch-necklace-ring-bracelet-earring-velvet-pouch-bag-personalized-envelope-pouch-with-logo\\\/#primaryimage\"},\"thumbnailUrl\":\"https:\\\/\\\/deliangdisplay.com\\\/wp-content\\\/uploads\\\/2025\\\/08\\\/120-1.png\",\"datePublished\":\"2025-08-02T02:35:19+00:00\",\"breadcrumb\":{\"@id\":\"https:\\\/\\\/deliangdisplay.com\\\/our-product\\\/packaging\\\/jewelry-pouches\\\/de-liang-custom-microfiber-jewelry-pouch-necklace-ring-bracelet-earring-velvet-pouch-bag-personalized-envelope-pouch-with-logo\\\/#breadcrumb\"},\"inLanguage\":\"fr-FR\",\"potentialAction\":[{\"@type\":\"ReadAction\",\"target\":[\"https:\\\/\\\/deliangdisplay.com\\\/our-product\\\/packaging\\\/jewelry-pouches\\\/de-liang-custom-microfiber-jewelry-pouch-necklace-ring-bracelet-earring-velvet-pouch-bag-personalized-envelope-pouch-with-logo\\\/\"]}]},{\"@type\":\"ImageObject\",\"inLanguage\":\"fr-FR\",\"@id\":\"https:\\\/\\\/deliangdisplay.com\\\/our-product\\\/packaging\\\/jewelry-pouches\\\/de-liang-custom-microfiber-jewelry-pouch-necklace-ring-bracelet-earring-velvet-pouch-bag-personalized-envelope-pouch-with-logo\\\/#primaryimage\",\"url\":\"https:\\\/\\\/deliangdisplay.com\\\/wp-content\\\/uploads\\\/2025\\\/08\\\/120-1.png\",\"contentUrl\":\"https:\\\/\\\/deliangdisplay.com\\\/wp-content\\\/uploads\\\/2025\\\/08\\\/120-1.png\",\"width\":720,\"height\":720},{\"@type\":\"BreadcrumbList\",\"@id\":\"https:\\\/\\\/deliangdisplay.com\\\/our-product\\\/packaging\\\/jewelry-pouches\\\/de-liang-custom-microfiber-jewelry-pouch-necklace-ring-bracelet-earring-velvet-pouch-bag-personalized-envelope-pouch-with-logo\\\/#breadcrumb\",\"itemListElement\":[{\"@type\":\"ListItem\",\"position\":1,\"name\":\"\u9996\u9875\",\"item\":\"https:\\\/\\\/deliangdisplay.com\\\/\"},{\"@type\":\"ListItem\",\"position\":2,\"name\":\"Our Product\",\"item\":\"https:\\\/\\\/deliangdisplay.com\\\/our-product\\\/\"},{\"@type\":\"ListItem\",\"position\":3,\"name\":\"DE-LIANG Custom Microfiber Jewelry Pouch Necklace Ring Bracelet Earring Velvet Pouch Bag Personalized Envelope Pouch With Logo\"}]},{\"@type\":\"WebSite\",\"@id\":\"https:\\\/\\\/deliangdisplay.com\\\/#website\",\"url\":\"https:\\\/\\\/deliangdisplay.com\\\/\",\"name\":\"deliangdisplay.com\",\"description\":\"DE-LIANG - Providing bespoke packaging solutions and luxurious display design services for brands in jewelry, apparel, watches, beauty cosmetics, and more.\",\"publisher\":{\"@id\":\"https:\\\/\\\/deliangdisplay.com\\\/#organization\"},\"potentialAction\":[{\"@type\":\"SearchAction\",\"target\":{\"@type\":\"EntryPoint\",\"urlTemplate\":\"https:\\\/\\\/deliangdisplay.com\\\/?s={search_term_string}\"},\"query-input\":{\"@type\":\"PropertyValueSpecification\",\"valueRequired\":true,\"valueName\":\"search_term_string\"}}],\"inLanguage\":\"fr-FR\"},{\"@type\":\"Organization\",\"@id\":\"https:\\\/\\\/deliangdisplay.com\\\/#organization\",\"name\":\"deliangdisplay.com\",\"url\":\"https:\\\/\\\/deliangdisplay.com\\\/\",\"logo\":{\"@type\":\"ImageObject\",\"inLanguage\":\"fr-FR\",\"@id\":\"https:\\\/\\\/deliangdisplay.com\\\/#\\\/schema\\\/logo\\\/image\\\/\",\"url\":\"https:\\\/\\\/deliangdisplay.com\\\/wp-content\\\/uploads\\\/2025\\\/08\\\/DELIANGDISPALY_logo.png\",\"contentUrl\":\"https:\\\/\\\/deliangdisplay.com\\\/wp-content\\\/uploads\\\/2025\\\/08\\\/DELIANGDISPALY_logo.png\",\"width\":300,\"height\":130,\"caption\":\"deliangdisplay.com\"},\"image\":{\"@id\":\"https:\\\/\\\/deliangdisplay.com\\\/#\\\/schema\\\/logo\\\/image\\\/\"},\"sameAs\":[\"https:\\\/\\\/www.facebook.com\\\/JaneZhang008\\\/\",\"https:\\\/\\\/x.com\\\/ly673551729\"]}]}<\/script>\n<!-- \/ Yoast SEO plugin. -->","yoast_head_json":{"title":"DE-LIANG Pochette \u00e0 bijoux microfibre personnalis\u00e9e Collier Bague Bracelet Boucle d'oreille Pochette en velours Pochette personnalis\u00e9e avec logo - DE-LIANG - bijouterie,joaillerie,horlogerie,bijouterie,maroquinerie,beaut\u00e9,cosm\u00e9tique","robots":{"index":"index","follow":"follow","max-snippet":"max-snippet:-1","max-image-preview":"max-image-preview:large","max-video-preview":"max-video-preview:-1"},"canonical":"https:\/\/deliangdisplay.com\/fr\/notre-produit\/emballage\/pochettes-a-bijoux\/de-liang-pochette-bijoux-microfibre-personnalisee-collier-bague-bracelet-boucle-doreille-pochette-velours-pochette-personnalisee-avec-logo\/","og_locale":"fr_FR","og_type":"article","og_title":"DE-LIANG Custom Microfiber Jewelry Pouch Necklace Ring Bracelet Earring Velvet Pouch Bag Personalized Envelope Pouch With Logo - DE-LIANG - jewelry,clothes,watch,beauty cosmetics","og_description":"Present your jewelry with understated luxury using DE-LIANG\u2019s custom khaki microfiber pouches. Designed for brands that value detail, these handmade round button pouches are soft, durable, and tailored to protect and showcase your finest pieces. Whether for retail, gifting, or private label packaging, they make a lasting impression.","og_url":"https:\/\/deliangdisplay.com\/fr\/notre-produit\/emballage\/pochettes-a-bijoux\/de-liang-pochette-bijoux-microfibre-personnalisee-collier-bague-bracelet-boucle-doreille-pochette-velours-pochette-personnalisee-avec-logo\/","og_site_name":"DE-LIANG - jewelry,clothes,watch,beauty cosmetics","article_publisher":"https:\/\/www.facebook.com\/JaneZhang008\/","og_image":[{"width":720,"height":720,"url":"https:\/\/deliangdisplay.com\/wp-content\/uploads\/2025\/08\/120-1.png","type":"image\/png"}],"twitter_card":"summary_large_image","twitter_site":"@ly673551729","twitter_misc":{"Dur\u00e9e de lecture estim\u00e9e":"1 minute"},"schema":{"@context":"https:\/\/schema.org","@graph":[{"@type":"WebPage","@id":"https:\/\/deliangdisplay.com\/our-product\/packaging\/jewelry-pouches\/de-liang-custom-microfiber-jewelry-pouch-necklace-ring-bracelet-earring-velvet-pouch-bag-personalized-envelope-pouch-with-logo\/","url":"https:\/\/deliangdisplay.com\/our-product\/packaging\/jewelry-pouches\/de-liang-custom-microfiber-jewelry-pouch-necklace-ring-bracelet-earring-velvet-pouch-bag-personalized-envelope-pouch-with-logo\/","name":"DE-LIANG Pochette \u00e0 bijoux microfibre personnalis\u00e9e Collier Bague Bracelet Boucle d'oreille Pochette en velours Pochette personnalis\u00e9e avec logo - DE-LIANG - bijouterie,joaillerie,horlogerie,bijouterie,maroquinerie,beaut\u00e9,cosm\u00e9tique","isPartOf":{"@id":"https:\/\/deliangdisplay.com\/#website"},"primaryImageOfPage":{"@id":"https:\/\/deliangdisplay.com\/our-product\/packaging\/jewelry-pouches\/de-liang-custom-microfiber-jewelry-pouch-necklace-ring-bracelet-earring-velvet-pouch-bag-personalized-envelope-pouch-with-logo\/#primaryimage"},"image":{"@id":"https:\/\/deliangdisplay.com\/our-product\/packaging\/jewelry-pouches\/de-liang-custom-microfiber-jewelry-pouch-necklace-ring-bracelet-earring-velvet-pouch-bag-personalized-envelope-pouch-with-logo\/#primaryimage"},"thumbnailUrl":"https:\/\/deliangdisplay.com\/wp-content\/uploads\/2025\/08\/120-1.png","datePublished":"2025-08-02T02:35:19+00:00","breadcrumb":{"@id":"https:\/\/deliangdisplay.com\/our-product\/packaging\/jewelry-pouches\/de-liang-custom-microfiber-jewelry-pouch-necklace-ring-bracelet-earring-velvet-pouch-bag-personalized-envelope-pouch-with-logo\/#breadcrumb"},"inLanguage":"fr-FR","potentialAction":[{"@type":"ReadAction","target":["https:\/\/deliangdisplay.com\/our-product\/packaging\/jewelry-pouches\/de-liang-custom-microfiber-jewelry-pouch-necklace-ring-bracelet-earring-velvet-pouch-bag-personalized-envelope-pouch-with-logo\/"]}]},{"@type":"ImageObject","inLanguage":"fr-FR","@id":"https:\/\/deliangdisplay.com\/our-product\/packaging\/jewelry-pouches\/de-liang-custom-microfiber-jewelry-pouch-necklace-ring-bracelet-earring-velvet-pouch-bag-personalized-envelope-pouch-with-logo\/#primaryimage","url":"https:\/\/deliangdisplay.com\/wp-content\/uploads\/2025\/08\/120-1.png","contentUrl":"https:\/\/deliangdisplay.com\/wp-content\/uploads\/2025\/08\/120-1.png","width":720,"height":720},{"@type":"BreadcrumbList","@id":"https:\/\/deliangdisplay.com\/our-product\/packaging\/jewelry-pouches\/de-liang-custom-microfiber-jewelry-pouch-necklace-ring-bracelet-earring-velvet-pouch-bag-personalized-envelope-pouch-with-logo\/#breadcrumb","itemListElement":[{"@type":"ListItem","position":1,"name":"\u9996\u9875","item":"https:\/\/deliangdisplay.com\/"},{"@type":"ListItem","position":2,"name":"Our Product","item":"https:\/\/deliangdisplay.com\/our-product\/"},{"@type":"ListItem","position":3,"name":"DE-LIANG Custom Microfiber Jewelry Pouch Necklace Ring Bracelet Earring Velvet Pouch Bag Personalized Envelope Pouch With Logo"}]},{"@type":"WebSite","@id":"https:\/\/deliangdisplay.com\/#website","url":"https:\/\/deliangdisplay.com\/","name":"deliangdisplay.com","description":"DE-LIANG - Fournit des solutions d'emballage sur mesure et des services de conception de pr\u00e9sentoirs luxueux pour les marques de bijoux, de v\u00eatements, de montres, de produits de beaut\u00e9 et de cosm\u00e9tiques, et plus encore.","publisher":{"@id":"https:\/\/deliangdisplay.com\/#organization"},"potentialAction":[{"@type":"SearchAction","target":{"@type":"EntryPoint","urlTemplate":"https:\/\/deliangdisplay.com\/?s={search_term_string}"},"query-input":{"@type":"PropertyValueSpecification","valueRequired":true,"valueName":"search_term_string"}}],"inLanguage":"fr-FR"},{"@type":"Organization","@id":"https:\/\/deliangdisplay.com\/#organization","name":"deliangdisplay.com","url":"https:\/\/deliangdisplay.com\/","logo":{"@type":"ImageObject","inLanguage":"fr-FR","@id":"https:\/\/deliangdisplay.com\/#\/schema\/logo\/image\/","url":"https:\/\/deliangdisplay.com\/wp-content\/uploads\/2025\/08\/DELIANGDISPALY_logo.png","contentUrl":"https:\/\/deliangdisplay.com\/wp-content\/uploads\/2025\/08\/DELIANGDISPALY_logo.png","width":300,"height":130,"caption":"deliangdisplay.com"},"image":{"@id":"https:\/\/deliangdisplay.com\/#\/schema\/logo\/image\/"},"sameAs":["https:\/\/www.facebook.com\/JaneZhang008\/","https:\/\/x.com\/ly673551729"]}]}},"_links":{"self":[{"href":"https:\/\/deliangdisplay.com\/fr\/wp-json\/wp\/v2\/product\/41812","targetHints":{"allow":["GET"]}}],"collection":[{"href":"https:\/\/deliangdisplay.com\/fr\/wp-json\/wp\/v2\/product"}],"about":[{"href":"https:\/\/deliangdisplay.com\/fr\/wp-json\/wp\/v2\/types\/product"}],"replies":[{"embeddable":true,"href":"https:\/\/deliangdisplay.com\/fr\/wp-json\/wp\/v2\/comments?post=41812"}],"wp:featuredmedia":[{"embeddable":true,"href":"https:\/\/deliangdisplay.com\/fr\/wp-json\/wp\/v2\/media\/41813"}],"wp:attachment":[{"href":"https:\/\/deliangdisplay.com\/fr\/wp-json\/wp\/v2\/media?parent=41812"}],"wp:term":[{"taxonomy":"product_brand","embeddable":true,"href":"https:\/\/deliangdisplay.com\/fr\/wp-json\/wp\/v2\/product_brand?post=41812"},{"taxonomy":"product_cat","embeddable":true,"href":"https:\/\/deliangdisplay.com\/fr\/wp-json\/wp\/v2\/product_cat?post=41812"},{"taxonomy":"product_tag","embeddable":true,"href":"https:\/\/deliangdisplay.com\/fr\/wp-json\/wp\/v2\/product_tag?post=41812"}],"curies":[{"name":"wp","href":"https:\/\/api.w.org\/{rel}","templated":true}]}}