{"id":41805,"date":"2025-08-02T09:44:57","date_gmt":"2025-08-02T01:44:57","guid":{"rendered":"https:\/\/deliangdisplay.com\/?post_type=product&#038;p=41805"},"modified":"2025-08-02T09:44:57","modified_gmt":"2025-08-02T01:44:57","slug":"de-liang-custom-kaki-microfiber-jewelry-pouches-emballage-bijoux-button-pouch-bags-handmade-round-jewelry-pouch-with-logo","status":"publish","type":"product","link":"https:\/\/deliangdisplay.com\/fr\/notre-produit\/emballage\/pochettes-a-bijoux\/de-liang-custom-kaki-microfiber-jewelry-pouches-emballage-bijoux-button-pouch-bags-handmade-round-jewelry-pouch-with-logo\/","title":{"rendered":"DE-LIANG Custom Khaki Microfiber Jewelry Pouches Packaging Jewelry Button Pouch Bags Handmade Round Jewelry Pouch with Logo"},"content":{"rendered":"<ul data-start=\"591\" data-end=\"1339\">\n<li data-start=\"591\" data-end=\"773\">\n<p data-start=\"593\" data-end=\"773\"><strong data-start=\"593\" data-end=\"624\">Mat\u00e9riau en microfibre de premi\u00e8re qualit\u00e9<\/strong>: Fabriqu\u00e9 en microfibre kaki de haute qualit\u00e9, il offre une texture douce semblable \u00e0 celle du daim qui respecte les surfaces des bijoux tout en offrant un aspect \u00e9l\u00e9gant.<\/p>\n<\/li>\n<li data-start=\"774\" data-end=\"909\">\n<p data-start=\"776\" data-end=\"909\"><strong data-start=\"776\" data-end=\"802\">Artisanat fait \u00e0 la main<\/strong>: Soigneusement cousue et finie \u00e0 la main, chaque pochette garantit une excellente durabilit\u00e9 et une attention particuli\u00e8re aux d\u00e9tails.<\/p>\n<\/li>\n<li data-start=\"910\" data-end=\"1051\">\n<p data-start=\"912\" data-end=\"1051\"><strong data-start=\"912\" data-end=\"937\">Fermeture par boutons<\/strong>: Le rabat \u00e0 bouton \u00e9l\u00e9gant permet de garder les bijoux en s\u00e9curit\u00e9, ajoutant une touche raffin\u00e9e et minimaliste \u00e0 votre emballage.<\/p>\n<\/li>\n<li data-start=\"1052\" data-end=\"1187\">\n<p data-start=\"1054\" data-end=\"1187\"><strong data-start=\"1054\" data-end=\"1078\">Impression de logos personnalis\u00e9s<\/strong>: Personnalisez avec le logo de votre marque, un marquage \u00e0 chaud, une broderie ou une s\u00e9rigraphie pour renforcer la reconnaissance de votre marque.<\/p>\n<\/li>\n<li data-start=\"1188\" data-end=\"1339\">\n<p data-start=\"1190\" data-end=\"1339\"><strong data-start=\"1190\" data-end=\"1216\">Portable et l\u00e9ger<\/strong>: Parfait pour les bagues, les boucles d'oreilles, les bracelets, les colliers et les petits accessoires - id\u00e9al pour l'emballage en magasin, les \u00e9v\u00e9nements ou les voyages.<\/p>\n<\/li>\n<\/ul>\n<h3 data-start=\"1341\" data-end=\"1375\">\ud83d\udce6 <strong data-start=\"1348\" data-end=\"1375\">Sp\u00e9cifications du produit :<\/strong><\/h3>\n<ul data-start=\"1377\" data-end=\"1630\">\n<li data-start=\"1377\" data-end=\"1413\">\n<p data-start=\"1379\" data-end=\"1413\"><strong data-start=\"1379\" data-end=\"1388\">Forme<\/strong>: Pochette ronde avec rabat<\/p>\n<\/li>\n<li data-start=\"1414\" data-end=\"1474\">\n<p data-start=\"1416\" data-end=\"1474\"><strong data-start=\"1416\" data-end=\"1428\">Mat\u00e9riau<\/strong>: Microfibre kaki (couleurs personnalis\u00e9es disponibles)<\/p>\n<\/li>\n<li data-start=\"1475\" data-end=\"1498\">\n<p data-start=\"1477\" data-end=\"1498\"><strong data-start=\"1477\" data-end=\"1488\">Fermeture<\/strong>: Bouton<\/p>\n<\/li>\n<li data-start=\"1499\" data-end=\"1567\">\n<p data-start=\"1501\" data-end=\"1567\"><strong data-start=\"1501\" data-end=\"1518\">Personnalisation<\/strong>: Logo, taille, coutures, doublure int\u00e9rieure, etc.<\/p>\n<\/li>\n<li data-start=\"1568\" data-end=\"1630\">\n<p data-start=\"1570\" data-end=\"1630\"><strong data-start=\"1570\" data-end=\"1577\">MOQ<\/strong>: Des minimums peu \u00e9lev\u00e9s sont disponibles pour les start-ups et les boutiques<\/p>\n<\/li>\n<\/ul>\n<hr data-start=\"1632\" data-end=\"1635\" \/>\n<p data-start=\"1637\" data-end=\"1750\"><strong data-start=\"1637\" data-end=\"1674\">Un emballage raffin\u00e9 en dit long.<\/strong><br data-start=\"1674\" data-end=\"1677\" \/>Choisissez DE-LIANG pour donner \u00e0 vos bijoux la pr\u00e9sentation luxueuse qu'ils m\u00e9ritent.<\/p>\n<p data-start=\"1752\" data-end=\"1827\">\ud83d\udce9 <em data-start=\"1755\" data-end=\"1827\">Services OEM et ODM disponibles. Contactez-nous pour obtenir des \u00e9chantillons et des prix de gros.<\/em><\/p>","protected":false},"excerpt":{"rendered":"<p>Pr\u00e9sentez vos bijoux avec un luxe discret gr\u00e2ce aux pochettes en microfibre kaki personnalis\u00e9es de DE-LIANG. Con\u00e7ues pour les marques qui accordent de l'importance aux d\u00e9tails, ces pochettes \u00e0 boutons ronds fabriqu\u00e9es \u00e0 la main sont douces, durables et con\u00e7ues pour prot\u00e9ger et mettre en valeur vos plus belles pi\u00e8ces. Qu'il s'agisse de vente au d\u00e9tail, de cadeaux ou d'emballages de marques priv\u00e9es, elles laissent une impression durable.<\/p>","protected":false},"featured_media":41806,"comment_status":"open","ping_status":"closed","template":"","meta":{"_acf_changed":false},"product_brand":[],"product_cat":[79],"product_tag":[],"class_list":{"0":"post-41805","1":"product","2":"type-product","3":"status-publish","4":"has-post-thumbnail","6":"product_cat-jewelry-pouches","8":"first","9":"instock","10":"shipping-taxable","11":"purchasable","12":"product-type-simple"},"acf":[],"yoast_head":"<!-- This site is optimized with the Yoast SEO plugin v27.4 - https:\/\/yoast.com\/product\/yoast-seo-wordpress\/ -->\n<title>DE-LIANG Custom Khaki Microfiber Jewelry Pouches Jewelry Packaging Button Pouch Bags Handmade Round Jewelry Pouch with Logo - DE-LIANG - jewelry,clothes,watch,beauty cosmetics<\/title>\n<meta name=\"robots\" content=\"index, follow, max-snippet:-1, max-image-preview:large, max-video-preview:-1\" \/>\n<link rel=\"canonical\" href=\"https:\/\/deliangdisplay.com\/fr\/notre-produit\/emballage\/pochettes-a-bijoux\/de-liang-custom-kaki-microfiber-jewelry-pouches-emballage-bijoux-button-pouch-bags-handmade-round-jewelry-pouch-with-logo\/\" \/>\n<meta property=\"og:locale\" content=\"fr_FR\" \/>\n<meta property=\"og:type\" content=\"article\" \/>\n<meta property=\"og:title\" content=\"DE-LIANG Custom Khaki Microfiber Jewelry Pouches Jewelry Packaging Button Pouch Bags Handmade Round Jewelry Pouch with Logo - DE-LIANG - jewelry,clothes,watch,beauty cosmetics\" \/>\n<meta property=\"og:description\" content=\"Present your jewelry with understated luxury using DE-LIANG\u2019s custom khaki microfiber pouches. Designed for brands that value detail, these handmade round button pouches are soft, durable, and tailored to protect and showcase your finest pieces. Whether for retail, gifting, or private label packaging, they make a lasting impression.\" \/>\n<meta property=\"og:url\" content=\"https:\/\/deliangdisplay.com\/fr\/notre-produit\/emballage\/pochettes-a-bijoux\/de-liang-custom-kaki-microfiber-jewelry-pouches-emballage-bijoux-button-pouch-bags-handmade-round-jewelry-pouch-with-logo\/\" \/>\n<meta property=\"og:site_name\" content=\"DE-LIANG - jewelry,clothes,watch,beauty cosmetics\" \/>\n<meta property=\"article:publisher\" content=\"https:\/\/www.facebook.com\/JaneZhang008\/\" \/>\n<meta property=\"og:image\" content=\"https:\/\/deliangdisplay.com\/wp-content\/uploads\/2025\/08\/67d6664541d089cd257c7c155c818eae_compress.png\" \/>\n\t<meta property=\"og:image:width\" content=\"720\" \/>\n\t<meta property=\"og:image:height\" content=\"720\" \/>\n\t<meta property=\"og:image:type\" content=\"image\/png\" \/>\n<meta name=\"twitter:card\" content=\"summary_large_image\" \/>\n<meta name=\"twitter:site\" content=\"@ly673551729\" \/>\n<meta name=\"twitter:label1\" content=\"Dur\u00e9e de lecture estim\u00e9e\" \/>\n\t<meta name=\"twitter:data1\" content=\"1 minute\" \/>\n<script type=\"application\/ld+json\" class=\"yoast-schema-graph\">{\"@context\":\"https:\\\/\\\/schema.org\",\"@graph\":[{\"@type\":\"WebPage\",\"@id\":\"https:\\\/\\\/deliangdisplay.com\\\/our-product\\\/packaging\\\/jewelry-pouches\\\/de-liang-custom-khaki-microfiber-jewelry-pouches-jewelry-packaging-button-pouch-bags-handmade-round-jewelry-pouch-with-logo\\\/\",\"url\":\"https:\\\/\\\/deliangdisplay.com\\\/our-product\\\/packaging\\\/jewelry-pouches\\\/de-liang-custom-khaki-microfiber-jewelry-pouches-jewelry-packaging-button-pouch-bags-handmade-round-jewelry-pouch-with-logo\\\/\",\"name\":\"DE-LIANG Custom Khaki Microfiber Jewelry Pouches Jewelry Packaging Button Pouch Bags Handmade Round Jewelry Pouch with Logo - DE-LIANG - jewelry,clothes,watch,beauty cosmetics\",\"isPartOf\":{\"@id\":\"https:\\\/\\\/deliangdisplay.com\\\/#website\"},\"primaryImageOfPage\":{\"@id\":\"https:\\\/\\\/deliangdisplay.com\\\/our-product\\\/packaging\\\/jewelry-pouches\\\/de-liang-custom-khaki-microfiber-jewelry-pouches-jewelry-packaging-button-pouch-bags-handmade-round-jewelry-pouch-with-logo\\\/#primaryimage\"},\"image\":{\"@id\":\"https:\\\/\\\/deliangdisplay.com\\\/our-product\\\/packaging\\\/jewelry-pouches\\\/de-liang-custom-khaki-microfiber-jewelry-pouches-jewelry-packaging-button-pouch-bags-handmade-round-jewelry-pouch-with-logo\\\/#primaryimage\"},\"thumbnailUrl\":\"https:\\\/\\\/deliangdisplay.com\\\/wp-content\\\/uploads\\\/2025\\\/08\\\/67d6664541d089cd257c7c155c818eae_compress.png\",\"datePublished\":\"2025-08-02T01:44:57+00:00\",\"breadcrumb\":{\"@id\":\"https:\\\/\\\/deliangdisplay.com\\\/our-product\\\/packaging\\\/jewelry-pouches\\\/de-liang-custom-khaki-microfiber-jewelry-pouches-jewelry-packaging-button-pouch-bags-handmade-round-jewelry-pouch-with-logo\\\/#breadcrumb\"},\"inLanguage\":\"fr-FR\",\"potentialAction\":[{\"@type\":\"ReadAction\",\"target\":[\"https:\\\/\\\/deliangdisplay.com\\\/our-product\\\/packaging\\\/jewelry-pouches\\\/de-liang-custom-khaki-microfiber-jewelry-pouches-jewelry-packaging-button-pouch-bags-handmade-round-jewelry-pouch-with-logo\\\/\"]}]},{\"@type\":\"ImageObject\",\"inLanguage\":\"fr-FR\",\"@id\":\"https:\\\/\\\/deliangdisplay.com\\\/our-product\\\/packaging\\\/jewelry-pouches\\\/de-liang-custom-khaki-microfiber-jewelry-pouches-jewelry-packaging-button-pouch-bags-handmade-round-jewelry-pouch-with-logo\\\/#primaryimage\",\"url\":\"https:\\\/\\\/deliangdisplay.com\\\/wp-content\\\/uploads\\\/2025\\\/08\\\/67d6664541d089cd257c7c155c818eae_compress.png\",\"contentUrl\":\"https:\\\/\\\/deliangdisplay.com\\\/wp-content\\\/uploads\\\/2025\\\/08\\\/67d6664541d089cd257c7c155c818eae_compress.png\",\"width\":720,\"height\":720},{\"@type\":\"BreadcrumbList\",\"@id\":\"https:\\\/\\\/deliangdisplay.com\\\/our-product\\\/packaging\\\/jewelry-pouches\\\/de-liang-custom-khaki-microfiber-jewelry-pouches-jewelry-packaging-button-pouch-bags-handmade-round-jewelry-pouch-with-logo\\\/#breadcrumb\",\"itemListElement\":[{\"@type\":\"ListItem\",\"position\":1,\"name\":\"\u9996\u9875\",\"item\":\"https:\\\/\\\/deliangdisplay.com\\\/\"},{\"@type\":\"ListItem\",\"position\":2,\"name\":\"Our Product\",\"item\":\"https:\\\/\\\/deliangdisplay.com\\\/our-product\\\/\"},{\"@type\":\"ListItem\",\"position\":3,\"name\":\"DE-LIANG Custom Khaki Microfiber Jewelry Pouches Jewelry Packaging Button Pouch Bags Handmade Round Jewelry Pouch with Logo\"}]},{\"@type\":\"WebSite\",\"@id\":\"https:\\\/\\\/deliangdisplay.com\\\/#website\",\"url\":\"https:\\\/\\\/deliangdisplay.com\\\/\",\"name\":\"deliangdisplay.com\",\"description\":\"DE-LIANG - Providing bespoke packaging solutions and luxurious display design services for brands in jewelry, apparel, watches, beauty cosmetics, and more.\",\"publisher\":{\"@id\":\"https:\\\/\\\/deliangdisplay.com\\\/#organization\"},\"potentialAction\":[{\"@type\":\"SearchAction\",\"target\":{\"@type\":\"EntryPoint\",\"urlTemplate\":\"https:\\\/\\\/deliangdisplay.com\\\/?s={search_term_string}\"},\"query-input\":{\"@type\":\"PropertyValueSpecification\",\"valueRequired\":true,\"valueName\":\"search_term_string\"}}],\"inLanguage\":\"fr-FR\"},{\"@type\":\"Organization\",\"@id\":\"https:\\\/\\\/deliangdisplay.com\\\/#organization\",\"name\":\"deliangdisplay.com\",\"url\":\"https:\\\/\\\/deliangdisplay.com\\\/\",\"logo\":{\"@type\":\"ImageObject\",\"inLanguage\":\"fr-FR\",\"@id\":\"https:\\\/\\\/deliangdisplay.com\\\/#\\\/schema\\\/logo\\\/image\\\/\",\"url\":\"https:\\\/\\\/deliangdisplay.com\\\/wp-content\\\/uploads\\\/2025\\\/08\\\/DELIANGDISPALY_logo.png\",\"contentUrl\":\"https:\\\/\\\/deliangdisplay.com\\\/wp-content\\\/uploads\\\/2025\\\/08\\\/DELIANGDISPALY_logo.png\",\"width\":300,\"height\":130,\"caption\":\"deliangdisplay.com\"},\"image\":{\"@id\":\"https:\\\/\\\/deliangdisplay.com\\\/#\\\/schema\\\/logo\\\/image\\\/\"},\"sameAs\":[\"https:\\\/\\\/www.facebook.com\\\/JaneZhang008\\\/\",\"https:\\\/\\\/x.com\\\/ly673551729\"]}]}<\/script>\n<!-- \/ Yoast SEO plugin. -->","yoast_head_json":{"title":"DE-LIANG Pochette \u00e0 bijoux en microfibre kaki personnalis\u00e9e Emballage des bijoux Pochette \u00e0 boutons Pochette \u00e0 bijoux ronde faite main avec logo - DE-LIANG - bijoux,v\u00eatements,montre,beaut\u00e9,cosm\u00e9tique","robots":{"index":"index","follow":"follow","max-snippet":"max-snippet:-1","max-image-preview":"max-image-preview:large","max-video-preview":"max-video-preview:-1"},"canonical":"https:\/\/deliangdisplay.com\/fr\/notre-produit\/emballage\/pochettes-a-bijoux\/de-liang-custom-kaki-microfiber-jewelry-pouches-emballage-bijoux-button-pouch-bags-handmade-round-jewelry-pouch-with-logo\/","og_locale":"fr_FR","og_type":"article","og_title":"DE-LIANG Custom Khaki Microfiber Jewelry Pouches Jewelry Packaging Button Pouch Bags Handmade Round Jewelry Pouch with Logo - DE-LIANG - jewelry,clothes,watch,beauty cosmetics","og_description":"Present your jewelry with understated luxury using DE-LIANG\u2019s custom khaki microfiber pouches. Designed for brands that value detail, these handmade round button pouches are soft, durable, and tailored to protect and showcase your finest pieces. Whether for retail, gifting, or private label packaging, they make a lasting impression.","og_url":"https:\/\/deliangdisplay.com\/fr\/notre-produit\/emballage\/pochettes-a-bijoux\/de-liang-custom-kaki-microfiber-jewelry-pouches-emballage-bijoux-button-pouch-bags-handmade-round-jewelry-pouch-with-logo\/","og_site_name":"DE-LIANG - jewelry,clothes,watch,beauty cosmetics","article_publisher":"https:\/\/www.facebook.com\/JaneZhang008\/","og_image":[{"width":720,"height":720,"url":"https:\/\/deliangdisplay.com\/wp-content\/uploads\/2025\/08\/67d6664541d089cd257c7c155c818eae_compress.png","type":"image\/png"}],"twitter_card":"summary_large_image","twitter_site":"@ly673551729","twitter_misc":{"Dur\u00e9e de lecture estim\u00e9e":"1 minute"},"schema":{"@context":"https:\/\/schema.org","@graph":[{"@type":"WebPage","@id":"https:\/\/deliangdisplay.com\/our-product\/packaging\/jewelry-pouches\/de-liang-custom-khaki-microfiber-jewelry-pouches-jewelry-packaging-button-pouch-bags-handmade-round-jewelry-pouch-with-logo\/","url":"https:\/\/deliangdisplay.com\/our-product\/packaging\/jewelry-pouches\/de-liang-custom-khaki-microfiber-jewelry-pouches-jewelry-packaging-button-pouch-bags-handmade-round-jewelry-pouch-with-logo\/","name":"DE-LIANG Pochette \u00e0 bijoux en microfibre kaki personnalis\u00e9e Emballage des bijoux Pochette \u00e0 boutons Pochette \u00e0 bijoux ronde faite main avec logo - DE-LIANG - bijoux,v\u00eatements,montre,beaut\u00e9,cosm\u00e9tique","isPartOf":{"@id":"https:\/\/deliangdisplay.com\/#website"},"primaryImageOfPage":{"@id":"https:\/\/deliangdisplay.com\/our-product\/packaging\/jewelry-pouches\/de-liang-custom-khaki-microfiber-jewelry-pouches-jewelry-packaging-button-pouch-bags-handmade-round-jewelry-pouch-with-logo\/#primaryimage"},"image":{"@id":"https:\/\/deliangdisplay.com\/our-product\/packaging\/jewelry-pouches\/de-liang-custom-khaki-microfiber-jewelry-pouches-jewelry-packaging-button-pouch-bags-handmade-round-jewelry-pouch-with-logo\/#primaryimage"},"thumbnailUrl":"https:\/\/deliangdisplay.com\/wp-content\/uploads\/2025\/08\/67d6664541d089cd257c7c155c818eae_compress.png","datePublished":"2025-08-02T01:44:57+00:00","breadcrumb":{"@id":"https:\/\/deliangdisplay.com\/our-product\/packaging\/jewelry-pouches\/de-liang-custom-khaki-microfiber-jewelry-pouches-jewelry-packaging-button-pouch-bags-handmade-round-jewelry-pouch-with-logo\/#breadcrumb"},"inLanguage":"fr-FR","potentialAction":[{"@type":"ReadAction","target":["https:\/\/deliangdisplay.com\/our-product\/packaging\/jewelry-pouches\/de-liang-custom-khaki-microfiber-jewelry-pouches-jewelry-packaging-button-pouch-bags-handmade-round-jewelry-pouch-with-logo\/"]}]},{"@type":"ImageObject","inLanguage":"fr-FR","@id":"https:\/\/deliangdisplay.com\/our-product\/packaging\/jewelry-pouches\/de-liang-custom-khaki-microfiber-jewelry-pouches-jewelry-packaging-button-pouch-bags-handmade-round-jewelry-pouch-with-logo\/#primaryimage","url":"https:\/\/deliangdisplay.com\/wp-content\/uploads\/2025\/08\/67d6664541d089cd257c7c155c818eae_compress.png","contentUrl":"https:\/\/deliangdisplay.com\/wp-content\/uploads\/2025\/08\/67d6664541d089cd257c7c155c818eae_compress.png","width":720,"height":720},{"@type":"BreadcrumbList","@id":"https:\/\/deliangdisplay.com\/our-product\/packaging\/jewelry-pouches\/de-liang-custom-khaki-microfiber-jewelry-pouches-jewelry-packaging-button-pouch-bags-handmade-round-jewelry-pouch-with-logo\/#breadcrumb","itemListElement":[{"@type":"ListItem","position":1,"name":"\u9996\u9875","item":"https:\/\/deliangdisplay.com\/"},{"@type":"ListItem","position":2,"name":"Our Product","item":"https:\/\/deliangdisplay.com\/our-product\/"},{"@type":"ListItem","position":3,"name":"DE-LIANG Custom Khaki Microfiber Jewelry Pouches Jewelry Packaging Button Pouch Bags Handmade Round Jewelry Pouch with Logo"}]},{"@type":"WebSite","@id":"https:\/\/deliangdisplay.com\/#website","url":"https:\/\/deliangdisplay.com\/","name":"deliangdisplay.com","description":"DE-LIANG - Fournit des solutions d'emballage sur mesure et des services de conception de pr\u00e9sentoirs luxueux pour les marques de bijoux, de v\u00eatements, de montres, de produits de beaut\u00e9 et de cosm\u00e9tiques, et plus encore.","publisher":{"@id":"https:\/\/deliangdisplay.com\/#organization"},"potentialAction":[{"@type":"SearchAction","target":{"@type":"EntryPoint","urlTemplate":"https:\/\/deliangdisplay.com\/?s={search_term_string}"},"query-input":{"@type":"PropertyValueSpecification","valueRequired":true,"valueName":"search_term_string"}}],"inLanguage":"fr-FR"},{"@type":"Organization","@id":"https:\/\/deliangdisplay.com\/#organization","name":"deliangdisplay.com","url":"https:\/\/deliangdisplay.com\/","logo":{"@type":"ImageObject","inLanguage":"fr-FR","@id":"https:\/\/deliangdisplay.com\/#\/schema\/logo\/image\/","url":"https:\/\/deliangdisplay.com\/wp-content\/uploads\/2025\/08\/DELIANGDISPALY_logo.png","contentUrl":"https:\/\/deliangdisplay.com\/wp-content\/uploads\/2025\/08\/DELIANGDISPALY_logo.png","width":300,"height":130,"caption":"deliangdisplay.com"},"image":{"@id":"https:\/\/deliangdisplay.com\/#\/schema\/logo\/image\/"},"sameAs":["https:\/\/www.facebook.com\/JaneZhang008\/","https:\/\/x.com\/ly673551729"]}]}},"_links":{"self":[{"href":"https:\/\/deliangdisplay.com\/fr\/wp-json\/wp\/v2\/product\/41805","targetHints":{"allow":["GET"]}}],"collection":[{"href":"https:\/\/deliangdisplay.com\/fr\/wp-json\/wp\/v2\/product"}],"about":[{"href":"https:\/\/deliangdisplay.com\/fr\/wp-json\/wp\/v2\/types\/product"}],"replies":[{"embeddable":true,"href":"https:\/\/deliangdisplay.com\/fr\/wp-json\/wp\/v2\/comments?post=41805"}],"wp:featuredmedia":[{"embeddable":true,"href":"https:\/\/deliangdisplay.com\/fr\/wp-json\/wp\/v2\/media\/41806"}],"wp:attachment":[{"href":"https:\/\/deliangdisplay.com\/fr\/wp-json\/wp\/v2\/media?parent=41805"}],"wp:term":[{"taxonomy":"product_brand","embeddable":true,"href":"https:\/\/deliangdisplay.com\/fr\/wp-json\/wp\/v2\/product_brand?post=41805"},{"taxonomy":"product_cat","embeddable":true,"href":"https:\/\/deliangdisplay.com\/fr\/wp-json\/wp\/v2\/product_cat?post=41805"},{"taxonomy":"product_tag","embeddable":true,"href":"https:\/\/deliangdisplay.com\/fr\/wp-json\/wp\/v2\/product_tag?post=41805"}],"curies":[{"name":"wp","href":"https:\/\/api.w.org\/{rel}","templated":true}]}}