{"id":41702,"date":"2025-08-01T16:30:14","date_gmt":"2025-08-01T08:30:14","guid":{"rendered":"https:\/\/deliangdisplay.com\/?post_type=product&#038;p=41702"},"modified":"2025-08-01T16:30:14","modified_gmt":"2025-08-01T08:30:14","slug":"de-liang-wooden-luxury-oval-retro-glass-side-cabinet-jewelry-display-cabinet-showcase-stand","status":"publish","type":"product","link":"https:\/\/deliangdisplay.com\/fr\/notre-produit\/affichages\/vitrines-et-presentoirs\/de-liang-wooden-luxury-oval-retro-glass-side-cabinet-jewelry-display-cabinet-showcase-stand\/","title":{"rendered":"DE-LIANG Meuble d'appoint en bois, luxueux, ovale, r\u00e9tro, en verre, pr\u00e9sentoir \u00e0 bijoux, pr\u00e9sentoir de vitrine"},"content":{"rendered":"<ul data-start=\"655\" data-end=\"1450\">\n<li data-start=\"655\" data-end=\"796\">\n<p data-start=\"657\" data-end=\"796\"><strong data-start=\"657\" data-end=\"680\">Design ovale \u00e9l\u00e9gant<\/strong>: La silhouette ovale unique adoucit l'espace et attire l'attention sur les objets expos\u00e9s, ce qui en fait une v\u00e9ritable pi\u00e8ce ma\u00eetresse.<\/p>\n<\/li>\n<li data-start=\"797\" data-end=\"937\">\n<p data-start=\"799\" data-end=\"937\"><strong data-start=\"799\" data-end=\"833\">Construction en bois de haute qualit\u00e9<\/strong>: Fabriqu\u00e9 en bois massif de premi\u00e8re qualit\u00e9 avec une finition r\u00e9tro lisse et polie qui lui conf\u00e8re un caract\u00e8re intemporel.<\/p>\n<\/li>\n<li data-start=\"938\" data-end=\"1066\">\n<p data-start=\"940\" data-end=\"1066\"><strong data-start=\"940\" data-end=\"965\">Panneaux en verre tremp\u00e9<\/strong>: Le verre transparent \u00e0 360\u00b0 qui l'entoure assure une visibilit\u00e9 totale tout en offrant protection et durabilit\u00e9.<\/p>\n<\/li>\n<li data-start=\"1067\" data-end=\"1200\">\n<p data-start=\"1069\" data-end=\"1200\"><strong data-start=\"1069\" data-end=\"1090\">\u00c9clairage int\u00e9gr\u00e9<\/strong>: L'\u00e9clairage LED optionnel illumine les bijoux de l'int\u00e9rieur, rehaussant l'\u00e9clat et les d\u00e9tails.<\/p>\n<\/li>\n<li data-start=\"1201\" data-end=\"1308\">\n<p data-start=\"1203\" data-end=\"1308\"><strong data-start=\"1203\" data-end=\"1225\">Stockage fonctionnel<\/strong>: \u00c9quip\u00e9 d'\u00e9tag\u00e8res int\u00e9rieures et d'une base stable pour une pr\u00e9sentation s\u00e9curis\u00e9e \u00e0 plusieurs niveaux.<\/p>\n<\/li>\n<li data-start=\"1309\" data-end=\"1450\">\n<p data-start=\"1311\" data-end=\"1450\"><strong data-start=\"1311\" data-end=\"1340\">Finitions personnalis\u00e9es disponibles<\/strong>: Le ton du bois, la taille, le design des poign\u00e9es et la configuration de l'\u00e9clairage peuvent \u00eatre adapt\u00e9s au style et \u00e0 l'image de marque de votre magasin.<\/p>\n<\/li>\n<\/ul>\n<h3 data-start=\"1452\" data-end=\"1473\">\ud83d\udecd\ufe0f <strong data-start=\"1460\" data-end=\"1473\">Meilleur pour :<\/strong><\/h3>\n<ul data-start=\"1475\" data-end=\"1628\">\n<li data-start=\"1475\" data-end=\"1501\">\n<p data-start=\"1477\" data-end=\"1501\">Bijouteries-boutiques<\/p>\n<\/li>\n<li data-start=\"1502\" data-end=\"1539\">\n<p data-start=\"1504\" data-end=\"1539\">Int\u00e9rieurs de magasins d'inspiration vintage<\/p>\n<\/li>\n<li data-start=\"1540\" data-end=\"1582\">\n<p data-start=\"1542\" data-end=\"1582\">Magasins d'artisanat et boutiques conceptuelles<\/p>\n<\/li>\n<li data-start=\"1583\" data-end=\"1628\">\n<p data-start=\"1585\" data-end=\"1628\">Pr\u00e9sentoirs haut de gamme pour salles d'exposition ou halls d'h\u00f4tels<\/p>\n<\/li>\n<\/ul>\n<hr data-start=\"1630\" data-end=\"1633\" \/>\n<p data-start=\"1635\" data-end=\"1776\"><strong data-start=\"1635\" data-end=\"1690\">Forme classique. \u00c9l\u00e9gance moderne. Cr\u00e9\u00e9 par DE-LIANG.<\/strong><br data-start=\"1690\" data-end=\"1693\" \/>Laissez vos bijoux parler d'eux-m\u00eames - entour\u00e9s d'un savoir-faire qui raconte une histoire.<\/p>\n<p data-start=\"1778\" data-end=\"1848\">\ud83d\udcde <em data-start=\"1781\" data-end=\"1848\">La personnalisation et les commandes en gros sont les bienvenues. Assistance OEM\/ODM disponible.<\/em><\/p>","protected":false},"excerpt":{"rendered":"<p>Am\u00e9liorez l'ambiance de votre magasin avec la vitrine ovale r\u00e9tro pour bijoux de DE-LIANG - une fusion luxueuse de boiseries classiques, de d\u00e9tails \u00e9l\u00e9gants en verre et de fonctionnalit\u00e9s raffin\u00e9es. Con\u00e7ue pour mettre en valeur les bijoux fins, les objets de collection et les pi\u00e8ces artisanales, cette vitrine est parfaite pour cr\u00e9er une pr\u00e9sentation chaleureuse d'inspiration vintage avec une sophistication haut de gamme.<\/p>","protected":false},"featured_media":41710,"comment_status":"open","ping_status":"closed","template":"","meta":{"_acf_changed":false},"product_brand":[],"product_cat":[48],"product_tag":[],"class_list":{"0":"post-41702","1":"product","2":"type-product","3":"status-publish","4":"has-post-thumbnail","6":"product_cat-showcases-and-displays","8":"first","9":"instock","10":"shipping-taxable","11":"purchasable","12":"product-type-simple"},"acf":[],"yoast_head":"<!-- This site is optimized with the Yoast SEO plugin v27.4 - https:\/\/yoast.com\/product\/yoast-seo-wordpress\/ -->\n<title>DE-LIANG Wooden Luxury Oval Retro Glass Side Cabinet Jewelry Display Cabinet Showcase Stand - DE-LIANG - jewelry,clothes,watch,beauty cosmetics<\/title>\n<meta name=\"robots\" content=\"index, follow, max-snippet:-1, max-image-preview:large, max-video-preview:-1\" \/>\n<link rel=\"canonical\" href=\"https:\/\/deliangdisplay.com\/fr\/notre-produit\/affichages\/vitrines-et-presentoirs\/de-liang-wooden-luxury-oval-retro-glass-side-cabinet-jewelry-display-cabinet-showcase-stand\/\" \/>\n<meta property=\"og:locale\" content=\"fr_FR\" \/>\n<meta property=\"og:type\" content=\"article\" \/>\n<meta property=\"og:title\" content=\"DE-LIANG Wooden Luxury Oval Retro Glass Side Cabinet Jewelry Display Cabinet Showcase Stand - DE-LIANG - jewelry,clothes,watch,beauty cosmetics\" \/>\n<meta property=\"og:description\" content=\"Elevate your retail ambiance with the DE-LIANG oval retro glass jewelry display cabinet \u2014 a luxurious fusion of classic woodwork, elegant glass detailing, and refined functionality. Designed to showcase fine jewelry, collectibles, and artisan pieces, this side cabinet is perfect for creating a warm, vintage-inspired display with high-end sophistication.\" \/>\n<meta property=\"og:url\" content=\"https:\/\/deliangdisplay.com\/fr\/notre-produit\/affichages\/vitrines-et-presentoirs\/de-liang-wooden-luxury-oval-retro-glass-side-cabinet-jewelry-display-cabinet-showcase-stand\/\" \/>\n<meta property=\"og:site_name\" content=\"DE-LIANG - jewelry,clothes,watch,beauty cosmetics\" \/>\n<meta property=\"article:publisher\" content=\"https:\/\/www.facebook.com\/JaneZhang008\/\" \/>\n<meta property=\"og:image\" content=\"https:\/\/deliangdisplay.com\/wp-content\/uploads\/2025\/08\/1-7.jpg\" \/>\n\t<meta property=\"og:image:width\" content=\"1000\" \/>\n\t<meta property=\"og:image:height\" content=\"1000\" \/>\n\t<meta property=\"og:image:type\" content=\"image\/jpeg\" \/>\n<meta name=\"twitter:card\" content=\"summary_large_image\" \/>\n<meta name=\"twitter:site\" content=\"@ly673551729\" \/>\n<meta name=\"twitter:label1\" content=\"Dur\u00e9e de lecture estim\u00e9e\" \/>\n\t<meta name=\"twitter:data1\" content=\"1 minute\" \/>\n<script type=\"application\/ld+json\" class=\"yoast-schema-graph\">{\"@context\":\"https:\\\/\\\/schema.org\",\"@graph\":[{\"@type\":\"WebPage\",\"@id\":\"https:\\\/\\\/deliangdisplay.com\\\/our-product\\\/displays\\\/showcases-and-displays\\\/de-liang-wooden-luxury-oval-retro-glass-side-cabinet-jewelry-display-cabinet-showcase-stand\\\/\",\"url\":\"https:\\\/\\\/deliangdisplay.com\\\/our-product\\\/displays\\\/showcases-and-displays\\\/de-liang-wooden-luxury-oval-retro-glass-side-cabinet-jewelry-display-cabinet-showcase-stand\\\/\",\"name\":\"DE-LIANG Wooden Luxury Oval Retro Glass Side Cabinet Jewelry Display Cabinet Showcase Stand - DE-LIANG - jewelry,clothes,watch,beauty cosmetics\",\"isPartOf\":{\"@id\":\"https:\\\/\\\/deliangdisplay.com\\\/#website\"},\"primaryImageOfPage\":{\"@id\":\"https:\\\/\\\/deliangdisplay.com\\\/our-product\\\/displays\\\/showcases-and-displays\\\/de-liang-wooden-luxury-oval-retro-glass-side-cabinet-jewelry-display-cabinet-showcase-stand\\\/#primaryimage\"},\"image\":{\"@id\":\"https:\\\/\\\/deliangdisplay.com\\\/our-product\\\/displays\\\/showcases-and-displays\\\/de-liang-wooden-luxury-oval-retro-glass-side-cabinet-jewelry-display-cabinet-showcase-stand\\\/#primaryimage\"},\"thumbnailUrl\":\"https:\\\/\\\/deliangdisplay.com\\\/wp-content\\\/uploads\\\/2025\\\/08\\\/1-7.jpg\",\"datePublished\":\"2025-08-01T08:30:14+00:00\",\"breadcrumb\":{\"@id\":\"https:\\\/\\\/deliangdisplay.com\\\/our-product\\\/displays\\\/showcases-and-displays\\\/de-liang-wooden-luxury-oval-retro-glass-side-cabinet-jewelry-display-cabinet-showcase-stand\\\/#breadcrumb\"},\"inLanguage\":\"fr-FR\",\"potentialAction\":[{\"@type\":\"ReadAction\",\"target\":[\"https:\\\/\\\/deliangdisplay.com\\\/our-product\\\/displays\\\/showcases-and-displays\\\/de-liang-wooden-luxury-oval-retro-glass-side-cabinet-jewelry-display-cabinet-showcase-stand\\\/\"]}]},{\"@type\":\"ImageObject\",\"inLanguage\":\"fr-FR\",\"@id\":\"https:\\\/\\\/deliangdisplay.com\\\/our-product\\\/displays\\\/showcases-and-displays\\\/de-liang-wooden-luxury-oval-retro-glass-side-cabinet-jewelry-display-cabinet-showcase-stand\\\/#primaryimage\",\"url\":\"https:\\\/\\\/deliangdisplay.com\\\/wp-content\\\/uploads\\\/2025\\\/08\\\/1-7.jpg\",\"contentUrl\":\"https:\\\/\\\/deliangdisplay.com\\\/wp-content\\\/uploads\\\/2025\\\/08\\\/1-7.jpg\",\"width\":1000,\"height\":1000},{\"@type\":\"BreadcrumbList\",\"@id\":\"https:\\\/\\\/deliangdisplay.com\\\/our-product\\\/displays\\\/showcases-and-displays\\\/de-liang-wooden-luxury-oval-retro-glass-side-cabinet-jewelry-display-cabinet-showcase-stand\\\/#breadcrumb\",\"itemListElement\":[{\"@type\":\"ListItem\",\"position\":1,\"name\":\"\u9996\u9875\",\"item\":\"https:\\\/\\\/deliangdisplay.com\\\/\"},{\"@type\":\"ListItem\",\"position\":2,\"name\":\"Our Product\",\"item\":\"https:\\\/\\\/deliangdisplay.com\\\/our-product\\\/\"},{\"@type\":\"ListItem\",\"position\":3,\"name\":\"DE-LIANG Wooden Luxury Oval Retro Glass Side Cabinet Jewelry Display Cabinet Showcase Stand\"}]},{\"@type\":\"WebSite\",\"@id\":\"https:\\\/\\\/deliangdisplay.com\\\/#website\",\"url\":\"https:\\\/\\\/deliangdisplay.com\\\/\",\"name\":\"deliangdisplay.com\",\"description\":\"DE-LIANG - Providing bespoke packaging solutions and luxurious display design services for brands in jewelry, apparel, watches, beauty cosmetics, and more.\",\"publisher\":{\"@id\":\"https:\\\/\\\/deliangdisplay.com\\\/#organization\"},\"potentialAction\":[{\"@type\":\"SearchAction\",\"target\":{\"@type\":\"EntryPoint\",\"urlTemplate\":\"https:\\\/\\\/deliangdisplay.com\\\/?s={search_term_string}\"},\"query-input\":{\"@type\":\"PropertyValueSpecification\",\"valueRequired\":true,\"valueName\":\"search_term_string\"}}],\"inLanguage\":\"fr-FR\"},{\"@type\":\"Organization\",\"@id\":\"https:\\\/\\\/deliangdisplay.com\\\/#organization\",\"name\":\"deliangdisplay.com\",\"url\":\"https:\\\/\\\/deliangdisplay.com\\\/\",\"logo\":{\"@type\":\"ImageObject\",\"inLanguage\":\"fr-FR\",\"@id\":\"https:\\\/\\\/deliangdisplay.com\\\/#\\\/schema\\\/logo\\\/image\\\/\",\"url\":\"https:\\\/\\\/deliangdisplay.com\\\/wp-content\\\/uploads\\\/2025\\\/08\\\/DELIANGDISPALY_logo.png\",\"contentUrl\":\"https:\\\/\\\/deliangdisplay.com\\\/wp-content\\\/uploads\\\/2025\\\/08\\\/DELIANGDISPALY_logo.png\",\"width\":300,\"height\":130,\"caption\":\"deliangdisplay.com\"},\"image\":{\"@id\":\"https:\\\/\\\/deliangdisplay.com\\\/#\\\/schema\\\/logo\\\/image\\\/\"},\"sameAs\":[\"https:\\\/\\\/www.facebook.com\\\/JaneZhang008\\\/\",\"https:\\\/\\\/x.com\\\/ly673551729\"]}]}<\/script>\n<!-- \/ Yoast SEO plugin. -->","yoast_head_json":{"title":"DE-LIANG Meuble d'appoint en bois, luxueux, ovale, r\u00e9tro, en verre, pr\u00e9sentoir \u00e0 bijoux - DE-LIANG - bijoux,v\u00eatements,montres,beaut\u00e9,cosm\u00e9tique","robots":{"index":"index","follow":"follow","max-snippet":"max-snippet:-1","max-image-preview":"max-image-preview:large","max-video-preview":"max-video-preview:-1"},"canonical":"https:\/\/deliangdisplay.com\/fr\/notre-produit\/affichages\/vitrines-et-presentoirs\/de-liang-wooden-luxury-oval-retro-glass-side-cabinet-jewelry-display-cabinet-showcase-stand\/","og_locale":"fr_FR","og_type":"article","og_title":"DE-LIANG Wooden Luxury Oval Retro Glass Side Cabinet Jewelry Display Cabinet Showcase Stand - DE-LIANG - jewelry,clothes,watch,beauty cosmetics","og_description":"Elevate your retail ambiance with the DE-LIANG oval retro glass jewelry display cabinet \u2014 a luxurious fusion of classic woodwork, elegant glass detailing, and refined functionality. Designed to showcase fine jewelry, collectibles, and artisan pieces, this side cabinet is perfect for creating a warm, vintage-inspired display with high-end sophistication.","og_url":"https:\/\/deliangdisplay.com\/fr\/notre-produit\/affichages\/vitrines-et-presentoirs\/de-liang-wooden-luxury-oval-retro-glass-side-cabinet-jewelry-display-cabinet-showcase-stand\/","og_site_name":"DE-LIANG - jewelry,clothes,watch,beauty cosmetics","article_publisher":"https:\/\/www.facebook.com\/JaneZhang008\/","og_image":[{"width":1000,"height":1000,"url":"https:\/\/deliangdisplay.com\/wp-content\/uploads\/2025\/08\/1-7.jpg","type":"image\/jpeg"}],"twitter_card":"summary_large_image","twitter_site":"@ly673551729","twitter_misc":{"Dur\u00e9e de lecture estim\u00e9e":"1 minute"},"schema":{"@context":"https:\/\/schema.org","@graph":[{"@type":"WebPage","@id":"https:\/\/deliangdisplay.com\/our-product\/displays\/showcases-and-displays\/de-liang-wooden-luxury-oval-retro-glass-side-cabinet-jewelry-display-cabinet-showcase-stand\/","url":"https:\/\/deliangdisplay.com\/our-product\/displays\/showcases-and-displays\/de-liang-wooden-luxury-oval-retro-glass-side-cabinet-jewelry-display-cabinet-showcase-stand\/","name":"DE-LIANG Meuble d'appoint en bois, luxueux, ovale, r\u00e9tro, en verre, pr\u00e9sentoir \u00e0 bijoux - DE-LIANG - bijoux,v\u00eatements,montres,beaut\u00e9,cosm\u00e9tique","isPartOf":{"@id":"https:\/\/deliangdisplay.com\/#website"},"primaryImageOfPage":{"@id":"https:\/\/deliangdisplay.com\/our-product\/displays\/showcases-and-displays\/de-liang-wooden-luxury-oval-retro-glass-side-cabinet-jewelry-display-cabinet-showcase-stand\/#primaryimage"},"image":{"@id":"https:\/\/deliangdisplay.com\/our-product\/displays\/showcases-and-displays\/de-liang-wooden-luxury-oval-retro-glass-side-cabinet-jewelry-display-cabinet-showcase-stand\/#primaryimage"},"thumbnailUrl":"https:\/\/deliangdisplay.com\/wp-content\/uploads\/2025\/08\/1-7.jpg","datePublished":"2025-08-01T08:30:14+00:00","breadcrumb":{"@id":"https:\/\/deliangdisplay.com\/our-product\/displays\/showcases-and-displays\/de-liang-wooden-luxury-oval-retro-glass-side-cabinet-jewelry-display-cabinet-showcase-stand\/#breadcrumb"},"inLanguage":"fr-FR","potentialAction":[{"@type":"ReadAction","target":["https:\/\/deliangdisplay.com\/our-product\/displays\/showcases-and-displays\/de-liang-wooden-luxury-oval-retro-glass-side-cabinet-jewelry-display-cabinet-showcase-stand\/"]}]},{"@type":"ImageObject","inLanguage":"fr-FR","@id":"https:\/\/deliangdisplay.com\/our-product\/displays\/showcases-and-displays\/de-liang-wooden-luxury-oval-retro-glass-side-cabinet-jewelry-display-cabinet-showcase-stand\/#primaryimage","url":"https:\/\/deliangdisplay.com\/wp-content\/uploads\/2025\/08\/1-7.jpg","contentUrl":"https:\/\/deliangdisplay.com\/wp-content\/uploads\/2025\/08\/1-7.jpg","width":1000,"height":1000},{"@type":"BreadcrumbList","@id":"https:\/\/deliangdisplay.com\/our-product\/displays\/showcases-and-displays\/de-liang-wooden-luxury-oval-retro-glass-side-cabinet-jewelry-display-cabinet-showcase-stand\/#breadcrumb","itemListElement":[{"@type":"ListItem","position":1,"name":"\u9996\u9875","item":"https:\/\/deliangdisplay.com\/"},{"@type":"ListItem","position":2,"name":"Our Product","item":"https:\/\/deliangdisplay.com\/our-product\/"},{"@type":"ListItem","position":3,"name":"DE-LIANG Wooden Luxury Oval Retro Glass Side Cabinet Jewelry Display Cabinet Showcase Stand"}]},{"@type":"WebSite","@id":"https:\/\/deliangdisplay.com\/#website","url":"https:\/\/deliangdisplay.com\/","name":"deliangdisplay.com","description":"DE-LIANG - Fournit des solutions d'emballage sur mesure et des services de conception de pr\u00e9sentoirs luxueux pour les marques de bijoux, de v\u00eatements, de montres, de produits de beaut\u00e9 et de cosm\u00e9tiques, et plus encore.","publisher":{"@id":"https:\/\/deliangdisplay.com\/#organization"},"potentialAction":[{"@type":"SearchAction","target":{"@type":"EntryPoint","urlTemplate":"https:\/\/deliangdisplay.com\/?s={search_term_string}"},"query-input":{"@type":"PropertyValueSpecification","valueRequired":true,"valueName":"search_term_string"}}],"inLanguage":"fr-FR"},{"@type":"Organization","@id":"https:\/\/deliangdisplay.com\/#organization","name":"deliangdisplay.com","url":"https:\/\/deliangdisplay.com\/","logo":{"@type":"ImageObject","inLanguage":"fr-FR","@id":"https:\/\/deliangdisplay.com\/#\/schema\/logo\/image\/","url":"https:\/\/deliangdisplay.com\/wp-content\/uploads\/2025\/08\/DELIANGDISPALY_logo.png","contentUrl":"https:\/\/deliangdisplay.com\/wp-content\/uploads\/2025\/08\/DELIANGDISPALY_logo.png","width":300,"height":130,"caption":"deliangdisplay.com"},"image":{"@id":"https:\/\/deliangdisplay.com\/#\/schema\/logo\/image\/"},"sameAs":["https:\/\/www.facebook.com\/JaneZhang008\/","https:\/\/x.com\/ly673551729"]}]}},"_links":{"self":[{"href":"https:\/\/deliangdisplay.com\/fr\/wp-json\/wp\/v2\/product\/41702","targetHints":{"allow":["GET"]}}],"collection":[{"href":"https:\/\/deliangdisplay.com\/fr\/wp-json\/wp\/v2\/product"}],"about":[{"href":"https:\/\/deliangdisplay.com\/fr\/wp-json\/wp\/v2\/types\/product"}],"replies":[{"embeddable":true,"href":"https:\/\/deliangdisplay.com\/fr\/wp-json\/wp\/v2\/comments?post=41702"}],"wp:featuredmedia":[{"embeddable":true,"href":"https:\/\/deliangdisplay.com\/fr\/wp-json\/wp\/v2\/media\/41710"}],"wp:attachment":[{"href":"https:\/\/deliangdisplay.com\/fr\/wp-json\/wp\/v2\/media?parent=41702"}],"wp:term":[{"taxonomy":"product_brand","embeddable":true,"href":"https:\/\/deliangdisplay.com\/fr\/wp-json\/wp\/v2\/product_brand?post=41702"},{"taxonomy":"product_cat","embeddable":true,"href":"https:\/\/deliangdisplay.com\/fr\/wp-json\/wp\/v2\/product_cat?post=41702"},{"taxonomy":"product_tag","embeddable":true,"href":"https:\/\/deliangdisplay.com\/fr\/wp-json\/wp\/v2\/product_tag?post=41702"}],"curies":[{"name":"wp","href":"https:\/\/api.w.org\/{rel}","templated":true}]}}