{"id":41633,"date":"2025-08-01T16:05:39","date_gmt":"2025-08-01T08:05:39","guid":{"rendered":"https:\/\/deliangdisplay.com\/?post_type=product&#038;p=41633"},"modified":"2025-08-01T16:05:39","modified_gmt":"2025-08-01T08:05:39","slug":"de-liang-personnalise-or-acier-inoxydable-haut-de-gamme-vitrines-de-bijoux-avec-lumieres-led","status":"publish","type":"product","link":"https:\/\/deliangdisplay.com\/fr\/notre-produit\/affichages\/vitrines-et-presentoirs\/de-liang-personnalise-or-acier-inoxydable-haut-de-gamme-vitrines-de-bijoux-avec-lumieres-led\/","title":{"rendered":"DE-LIANG vitrines de pr\u00e9sentation pour bijoux haut de gamme en acier inoxydable dor\u00e9 personnalis\u00e9es avec \u00e9clairage LED"},"content":{"rendered":"<ul>\n<li data-start=\"565\" data-end=\"723\">\n<p data-start=\"567\" data-end=\"723\"><strong data-start=\"567\" data-end=\"590\">Finition en or de premi\u00e8re qualit\u00e9<\/strong>: Fabriqu\u00e9 en acier inoxydable dor\u00e9 bross\u00e9 ou poli miroir, il offre un aspect luxueux et accrocheur pour les environnements haut de gamme.<\/p>\n<\/li>\n<li data-start=\"724\" data-end=\"866\">\n<p data-start=\"726\" data-end=\"866\"><strong data-start=\"726\" data-end=\"753\">Verre \u00e0 haute transparence<\/strong>: \u00c9quip\u00e9 de panneaux en verre tremp\u00e9 ultra-clair, garantissant une vue parfaite de vos bijoux sous tous les angles.<\/p>\n<\/li>\n<li data-start=\"867\" data-end=\"1032\">\n<p data-start=\"869\" data-end=\"1032\"><strong data-start=\"869\" data-end=\"896\">\u00c9clairage LED int\u00e9gr\u00e9<\/strong>: Les lampes LED int\u00e9gr\u00e9es, de couleur blanc doux ou lumi\u00e8re du jour, mettent parfaitement en valeur l'\u00e9clat et les d\u00e9tails des diamants, des pierres pr\u00e9cieuses et des m\u00e9taux pr\u00e9cieux.<\/p>\n<\/li>\n<li data-start=\"1033\" data-end=\"1192\">\n<p data-start=\"1035\" data-end=\"1192\"><strong data-start=\"1035\" data-end=\"1058\">Conception personnalisable<\/strong>: Enti\u00e8rement personnalisable en termes de taille, d'agencement, d'\u00e9tag\u00e8res, de mat\u00e9riaux de base et de finitions color\u00e9es pour correspondre \u00e0 l'identit\u00e9 de votre marque et au concept de votre magasin.<\/p>\n<\/li>\n<li data-start=\"1193\" data-end=\"1323\">\n<p data-start=\"1195\" data-end=\"1323\"><strong data-start=\"1195\" data-end=\"1213\">La s\u00e9curit\u00e9 d'abord<\/strong>: Les tiroirs et les portes verrouillables, les c\u00e2bles cach\u00e9s et les mat\u00e9riaux anti-rayures garantissent \u00e0 la fois la s\u00e9curit\u00e9 et la durabilit\u00e9.<\/p>\n<\/li>\n<li data-start=\"1324\" data-end=\"1462\">\n<p data-start=\"1326\" data-end=\"1462\"><strong data-start=\"1326\" data-end=\"1355\">Plusieurs styles disponibles<\/strong>: Choisissez parmi les vitrines d'\u00eelots, les armoires murales, les pr\u00e9sentoirs de comptoir ou les tours ind\u00e9pendantes.<\/p>\n<\/li>\n<\/ul>\n<h3 data-start=\"1464\" data-end=\"1487\">\ud83d\udccc <strong data-start=\"1471\" data-end=\"1487\">Parfait pour :<\/strong><\/h3>\n<ul data-start=\"1489\" data-end=\"1636\">\n<li data-start=\"1489\" data-end=\"1517\">\n<p data-start=\"1491\" data-end=\"1517\">Boutiques de bijoux de luxe<\/p>\n<\/li>\n<li data-start=\"1518\" data-end=\"1556\">\n<p data-start=\"1520\" data-end=\"1556\">Magasins de montres et d'accessoires de marque<\/p>\n<\/li>\n<li data-start=\"1557\" data-end=\"1587\">\n<p data-start=\"1559\" data-end=\"1587\">Grands magasins haut de gamme<\/p>\n<\/li>\n<li data-start=\"1588\" data-end=\"1636\">\n<p data-start=\"1590\" data-end=\"1636\">Stands d'exposition et collections de qualit\u00e9 mus\u00e9ale<\/p>\n<\/li>\n<\/ul>\n<hr data-start=\"1638\" data-end=\"1641\" \/>\n<p data-start=\"1643\" data-end=\"1778\"><strong data-start=\"1643\" data-end=\"1689\">Mettez en valeur la brillance, vendez en toute confiance.<\/strong><br data-start=\"1689\" data-end=\"1692\" \/>Faites confiance \u00e0 DE-LIANG pour concevoir des vitrines qui refl\u00e8tent la valeur r\u00e9elle de vos bijoux.<\/p>\n<p data-start=\"1780\" data-end=\"1860\">\ud83d\udce9 <em data-start=\"1783\" data-end=\"1860\">Contactez-nous pour les commandes personnalis\u00e9es, les services OEM\/ODM et l'exp\u00e9dition internationale.<\/em><\/p>","protected":false},"excerpt":{"rendered":"<p data-start=\"81\" data-end=\"236\"><strong data-start=\"168\" data-end=\"236\">Luxury Meets Precision \u2013 Tailored for High-End Jewelry Showrooms<\/strong><\/p>\n<p data-start=\"238\" data-end=\"538\">Bring elegance and modern sophistication to your retail space with the DE-LIANG customized jewelry display cabinet. Made with premium gold stainless steel and crystal-clear tempered glass, this high-end showcase is designed to elevate every jewelry piece with brilliance, security, and style.<\/p>","protected":false},"featured_media":41640,"comment_status":"open","ping_status":"closed","template":"","meta":{"_acf_changed":false},"product_brand":[],"product_cat":[48],"product_tag":[],"class_list":{"0":"post-41633","1":"product","2":"type-product","3":"status-publish","4":"has-post-thumbnail","6":"product_cat-showcases-and-displays","8":"first","9":"instock","10":"shipping-taxable","11":"purchasable","12":"product-type-simple"},"acf":[],"yoast_head":"<!-- This site is optimized with the Yoast SEO plugin v27.4 - https:\/\/yoast.com\/product\/yoast-seo-wordpress\/ -->\n<title>DE-LIANG customized gold stainless steel high-end jewelry display cabinets with LED lights - DE-LIANG - jewelry,clothes,watch,beauty cosmetics<\/title>\n<meta name=\"robots\" content=\"index, follow, max-snippet:-1, max-image-preview:large, max-video-preview:-1\" \/>\n<link rel=\"canonical\" href=\"https:\/\/deliangdisplay.com\/fr\/notre-produit\/affichages\/vitrines-et-presentoirs\/de-liang-personnalise-or-acier-inoxydable-haut-de-gamme-vitrines-de-bijoux-avec-lumieres-led\/\" \/>\n<meta property=\"og:locale\" content=\"fr_FR\" \/>\n<meta property=\"og:type\" content=\"article\" \/>\n<meta property=\"og:title\" content=\"DE-LIANG customized gold stainless steel high-end jewelry display cabinets with LED lights - DE-LIANG - jewelry,clothes,watch,beauty cosmetics\" \/>\n<meta property=\"og:description\" content=\"Luxury Meets Precision \u2013 Tailored for High-End Jewelry Showrooms Bring elegance and modern sophistication to your retail space with the DE-LIANG customized jewelry display cabinet. Made with premium gold stainless steel and crystal-clear tempered glass, this high-end showcase is designed to elevate every jewelry piece with brilliance, security, and style.\" \/>\n<meta property=\"og:url\" content=\"https:\/\/deliangdisplay.com\/fr\/notre-produit\/affichages\/vitrines-et-presentoirs\/de-liang-personnalise-or-acier-inoxydable-haut-de-gamme-vitrines-de-bijoux-avec-lumieres-led\/\" \/>\n<meta property=\"og:site_name\" content=\"DE-LIANG - jewelry,clothes,watch,beauty cosmetics\" \/>\n<meta property=\"article:publisher\" content=\"https:\/\/www.facebook.com\/JaneZhang008\/\" \/>\n<meta property=\"og:image\" content=\"https:\/\/deliangdisplay.com\/wp-content\/uploads\/2025\/08\/5-7.jpg\" \/>\n\t<meta property=\"og:image:width\" content=\"1000\" \/>\n\t<meta property=\"og:image:height\" content=\"1000\" \/>\n\t<meta property=\"og:image:type\" content=\"image\/jpeg\" \/>\n<meta name=\"twitter:card\" content=\"summary_large_image\" \/>\n<meta name=\"twitter:site\" content=\"@ly673551729\" \/>\n<meta name=\"twitter:label1\" content=\"Dur\u00e9e de lecture estim\u00e9e\" \/>\n\t<meta name=\"twitter:data1\" content=\"1 minute\" \/>\n<script type=\"application\/ld+json\" class=\"yoast-schema-graph\">{\"@context\":\"https:\\\/\\\/schema.org\",\"@graph\":[{\"@type\":\"WebPage\",\"@id\":\"https:\\\/\\\/deliangdisplay.com\\\/our-product\\\/displays\\\/showcases-and-displays\\\/de-liang-customized-gold-stainless-steel-high-end-jewelry-display-cabinets-with-led-lights\\\/\",\"url\":\"https:\\\/\\\/deliangdisplay.com\\\/our-product\\\/displays\\\/showcases-and-displays\\\/de-liang-customized-gold-stainless-steel-high-end-jewelry-display-cabinets-with-led-lights\\\/\",\"name\":\"DE-LIANG customized gold stainless steel high-end jewelry display cabinets with LED lights - DE-LIANG - jewelry,clothes,watch,beauty cosmetics\",\"isPartOf\":{\"@id\":\"https:\\\/\\\/deliangdisplay.com\\\/#website\"},\"primaryImageOfPage\":{\"@id\":\"https:\\\/\\\/deliangdisplay.com\\\/our-product\\\/displays\\\/showcases-and-displays\\\/de-liang-customized-gold-stainless-steel-high-end-jewelry-display-cabinets-with-led-lights\\\/#primaryimage\"},\"image\":{\"@id\":\"https:\\\/\\\/deliangdisplay.com\\\/our-product\\\/displays\\\/showcases-and-displays\\\/de-liang-customized-gold-stainless-steel-high-end-jewelry-display-cabinets-with-led-lights\\\/#primaryimage\"},\"thumbnailUrl\":\"https:\\\/\\\/deliangdisplay.com\\\/wp-content\\\/uploads\\\/2025\\\/08\\\/5-7.jpg\",\"datePublished\":\"2025-08-01T08:05:39+00:00\",\"breadcrumb\":{\"@id\":\"https:\\\/\\\/deliangdisplay.com\\\/our-product\\\/displays\\\/showcases-and-displays\\\/de-liang-customized-gold-stainless-steel-high-end-jewelry-display-cabinets-with-led-lights\\\/#breadcrumb\"},\"inLanguage\":\"fr-FR\",\"potentialAction\":[{\"@type\":\"ReadAction\",\"target\":[\"https:\\\/\\\/deliangdisplay.com\\\/our-product\\\/displays\\\/showcases-and-displays\\\/de-liang-customized-gold-stainless-steel-high-end-jewelry-display-cabinets-with-led-lights\\\/\"]}]},{\"@type\":\"ImageObject\",\"inLanguage\":\"fr-FR\",\"@id\":\"https:\\\/\\\/deliangdisplay.com\\\/our-product\\\/displays\\\/showcases-and-displays\\\/de-liang-customized-gold-stainless-steel-high-end-jewelry-display-cabinets-with-led-lights\\\/#primaryimage\",\"url\":\"https:\\\/\\\/deliangdisplay.com\\\/wp-content\\\/uploads\\\/2025\\\/08\\\/5-7.jpg\",\"contentUrl\":\"https:\\\/\\\/deliangdisplay.com\\\/wp-content\\\/uploads\\\/2025\\\/08\\\/5-7.jpg\",\"width\":1000,\"height\":1000},{\"@type\":\"BreadcrumbList\",\"@id\":\"https:\\\/\\\/deliangdisplay.com\\\/our-product\\\/displays\\\/showcases-and-displays\\\/de-liang-customized-gold-stainless-steel-high-end-jewelry-display-cabinets-with-led-lights\\\/#breadcrumb\",\"itemListElement\":[{\"@type\":\"ListItem\",\"position\":1,\"name\":\"\u9996\u9875\",\"item\":\"https:\\\/\\\/deliangdisplay.com\\\/\"},{\"@type\":\"ListItem\",\"position\":2,\"name\":\"Our Product\",\"item\":\"https:\\\/\\\/deliangdisplay.com\\\/our-product\\\/\"},{\"@type\":\"ListItem\",\"position\":3,\"name\":\"DE-LIANG customized gold stainless steel high-end jewelry display cabinets with LED lights\"}]},{\"@type\":\"WebSite\",\"@id\":\"https:\\\/\\\/deliangdisplay.com\\\/#website\",\"url\":\"https:\\\/\\\/deliangdisplay.com\\\/\",\"name\":\"deliangdisplay.com\",\"description\":\"DE-LIANG - Providing bespoke packaging solutions and luxurious display design services for brands in jewelry, apparel, watches, beauty cosmetics, and more.\",\"publisher\":{\"@id\":\"https:\\\/\\\/deliangdisplay.com\\\/#organization\"},\"potentialAction\":[{\"@type\":\"SearchAction\",\"target\":{\"@type\":\"EntryPoint\",\"urlTemplate\":\"https:\\\/\\\/deliangdisplay.com\\\/?s={search_term_string}\"},\"query-input\":{\"@type\":\"PropertyValueSpecification\",\"valueRequired\":true,\"valueName\":\"search_term_string\"}}],\"inLanguage\":\"fr-FR\"},{\"@type\":\"Organization\",\"@id\":\"https:\\\/\\\/deliangdisplay.com\\\/#organization\",\"name\":\"deliangdisplay.com\",\"url\":\"https:\\\/\\\/deliangdisplay.com\\\/\",\"logo\":{\"@type\":\"ImageObject\",\"inLanguage\":\"fr-FR\",\"@id\":\"https:\\\/\\\/deliangdisplay.com\\\/#\\\/schema\\\/logo\\\/image\\\/\",\"url\":\"https:\\\/\\\/deliangdisplay.com\\\/wp-content\\\/uploads\\\/2025\\\/08\\\/DELIANGDISPALY_logo.png\",\"contentUrl\":\"https:\\\/\\\/deliangdisplay.com\\\/wp-content\\\/uploads\\\/2025\\\/08\\\/DELIANGDISPALY_logo.png\",\"width\":300,\"height\":130,\"caption\":\"deliangdisplay.com\"},\"image\":{\"@id\":\"https:\\\/\\\/deliangdisplay.com\\\/#\\\/schema\\\/logo\\\/image\\\/\"},\"sameAs\":[\"https:\\\/\\\/www.facebook.com\\\/JaneZhang008\\\/\",\"https:\\\/\\\/x.com\\\/ly673551729\"]}]}<\/script>\n<!-- \/ Yoast SEO plugin. -->","yoast_head_json":{"title":"DE-LIANG - Bijoux, v\u00eatements, montres, cosm\u00e9tique, beaut\u00e9 - vitrine de pr\u00e9sentation pour bijoux haut de gamme en acier inoxydable dor\u00e9 avec \u00e9clairage LED","robots":{"index":"index","follow":"follow","max-snippet":"max-snippet:-1","max-image-preview":"max-image-preview:large","max-video-preview":"max-video-preview:-1"},"canonical":"https:\/\/deliangdisplay.com\/fr\/notre-produit\/affichages\/vitrines-et-presentoirs\/de-liang-personnalise-or-acier-inoxydable-haut-de-gamme-vitrines-de-bijoux-avec-lumieres-led\/","og_locale":"fr_FR","og_type":"article","og_title":"DE-LIANG customized gold stainless steel high-end jewelry display cabinets with LED lights - DE-LIANG - jewelry,clothes,watch,beauty cosmetics","og_description":"Luxury Meets Precision \u2013 Tailored for High-End Jewelry Showrooms Bring elegance and modern sophistication to your retail space with the DE-LIANG customized jewelry display cabinet. Made with premium gold stainless steel and crystal-clear tempered glass, this high-end showcase is designed to elevate every jewelry piece with brilliance, security, and style.","og_url":"https:\/\/deliangdisplay.com\/fr\/notre-produit\/affichages\/vitrines-et-presentoirs\/de-liang-personnalise-or-acier-inoxydable-haut-de-gamme-vitrines-de-bijoux-avec-lumieres-led\/","og_site_name":"DE-LIANG - jewelry,clothes,watch,beauty cosmetics","article_publisher":"https:\/\/www.facebook.com\/JaneZhang008\/","og_image":[{"width":1000,"height":1000,"url":"https:\/\/deliangdisplay.com\/wp-content\/uploads\/2025\/08\/5-7.jpg","type":"image\/jpeg"}],"twitter_card":"summary_large_image","twitter_site":"@ly673551729","twitter_misc":{"Dur\u00e9e de lecture estim\u00e9e":"1 minute"},"schema":{"@context":"https:\/\/schema.org","@graph":[{"@type":"WebPage","@id":"https:\/\/deliangdisplay.com\/our-product\/displays\/showcases-and-displays\/de-liang-customized-gold-stainless-steel-high-end-jewelry-display-cabinets-with-led-lights\/","url":"https:\/\/deliangdisplay.com\/our-product\/displays\/showcases-and-displays\/de-liang-customized-gold-stainless-steel-high-end-jewelry-display-cabinets-with-led-lights\/","name":"DE-LIANG - Bijoux, v\u00eatements, montres, cosm\u00e9tique, beaut\u00e9 - vitrine de pr\u00e9sentation pour bijoux haut de gamme en acier inoxydable dor\u00e9 avec \u00e9clairage LED","isPartOf":{"@id":"https:\/\/deliangdisplay.com\/#website"},"primaryImageOfPage":{"@id":"https:\/\/deliangdisplay.com\/our-product\/displays\/showcases-and-displays\/de-liang-customized-gold-stainless-steel-high-end-jewelry-display-cabinets-with-led-lights\/#primaryimage"},"image":{"@id":"https:\/\/deliangdisplay.com\/our-product\/displays\/showcases-and-displays\/de-liang-customized-gold-stainless-steel-high-end-jewelry-display-cabinets-with-led-lights\/#primaryimage"},"thumbnailUrl":"https:\/\/deliangdisplay.com\/wp-content\/uploads\/2025\/08\/5-7.jpg","datePublished":"2025-08-01T08:05:39+00:00","breadcrumb":{"@id":"https:\/\/deliangdisplay.com\/our-product\/displays\/showcases-and-displays\/de-liang-customized-gold-stainless-steel-high-end-jewelry-display-cabinets-with-led-lights\/#breadcrumb"},"inLanguage":"fr-FR","potentialAction":[{"@type":"ReadAction","target":["https:\/\/deliangdisplay.com\/our-product\/displays\/showcases-and-displays\/de-liang-customized-gold-stainless-steel-high-end-jewelry-display-cabinets-with-led-lights\/"]}]},{"@type":"ImageObject","inLanguage":"fr-FR","@id":"https:\/\/deliangdisplay.com\/our-product\/displays\/showcases-and-displays\/de-liang-customized-gold-stainless-steel-high-end-jewelry-display-cabinets-with-led-lights\/#primaryimage","url":"https:\/\/deliangdisplay.com\/wp-content\/uploads\/2025\/08\/5-7.jpg","contentUrl":"https:\/\/deliangdisplay.com\/wp-content\/uploads\/2025\/08\/5-7.jpg","width":1000,"height":1000},{"@type":"BreadcrumbList","@id":"https:\/\/deliangdisplay.com\/our-product\/displays\/showcases-and-displays\/de-liang-customized-gold-stainless-steel-high-end-jewelry-display-cabinets-with-led-lights\/#breadcrumb","itemListElement":[{"@type":"ListItem","position":1,"name":"\u9996\u9875","item":"https:\/\/deliangdisplay.com\/"},{"@type":"ListItem","position":2,"name":"Our Product","item":"https:\/\/deliangdisplay.com\/our-product\/"},{"@type":"ListItem","position":3,"name":"DE-LIANG customized gold stainless steel high-end jewelry display cabinets with LED lights"}]},{"@type":"WebSite","@id":"https:\/\/deliangdisplay.com\/#website","url":"https:\/\/deliangdisplay.com\/","name":"deliangdisplay.com","description":"DE-LIANG - Fournit des solutions d'emballage sur mesure et des services de conception de pr\u00e9sentoirs luxueux pour les marques de bijoux, de v\u00eatements, de montres, de produits de beaut\u00e9 et de cosm\u00e9tiques, et plus encore.","publisher":{"@id":"https:\/\/deliangdisplay.com\/#organization"},"potentialAction":[{"@type":"SearchAction","target":{"@type":"EntryPoint","urlTemplate":"https:\/\/deliangdisplay.com\/?s={search_term_string}"},"query-input":{"@type":"PropertyValueSpecification","valueRequired":true,"valueName":"search_term_string"}}],"inLanguage":"fr-FR"},{"@type":"Organization","@id":"https:\/\/deliangdisplay.com\/#organization","name":"deliangdisplay.com","url":"https:\/\/deliangdisplay.com\/","logo":{"@type":"ImageObject","inLanguage":"fr-FR","@id":"https:\/\/deliangdisplay.com\/#\/schema\/logo\/image\/","url":"https:\/\/deliangdisplay.com\/wp-content\/uploads\/2025\/08\/DELIANGDISPALY_logo.png","contentUrl":"https:\/\/deliangdisplay.com\/wp-content\/uploads\/2025\/08\/DELIANGDISPALY_logo.png","width":300,"height":130,"caption":"deliangdisplay.com"},"image":{"@id":"https:\/\/deliangdisplay.com\/#\/schema\/logo\/image\/"},"sameAs":["https:\/\/www.facebook.com\/JaneZhang008\/","https:\/\/x.com\/ly673551729"]}]}},"_links":{"self":[{"href":"https:\/\/deliangdisplay.com\/fr\/wp-json\/wp\/v2\/product\/41633","targetHints":{"allow":["GET"]}}],"collection":[{"href":"https:\/\/deliangdisplay.com\/fr\/wp-json\/wp\/v2\/product"}],"about":[{"href":"https:\/\/deliangdisplay.com\/fr\/wp-json\/wp\/v2\/types\/product"}],"replies":[{"embeddable":true,"href":"https:\/\/deliangdisplay.com\/fr\/wp-json\/wp\/v2\/comments?post=41633"}],"wp:featuredmedia":[{"embeddable":true,"href":"https:\/\/deliangdisplay.com\/fr\/wp-json\/wp\/v2\/media\/41640"}],"wp:attachment":[{"href":"https:\/\/deliangdisplay.com\/fr\/wp-json\/wp\/v2\/media?parent=41633"}],"wp:term":[{"taxonomy":"product_brand","embeddable":true,"href":"https:\/\/deliangdisplay.com\/fr\/wp-json\/wp\/v2\/product_brand?post=41633"},{"taxonomy":"product_cat","embeddable":true,"href":"https:\/\/deliangdisplay.com\/fr\/wp-json\/wp\/v2\/product_cat?post=41633"},{"taxonomy":"product_tag","embeddable":true,"href":"https:\/\/deliangdisplay.com\/fr\/wp-json\/wp\/v2\/product_tag?post=41633"}],"curies":[{"name":"wp","href":"https:\/\/api.w.org\/{rel}","templated":true}]}}