{"id":41483,"date":"2025-08-01T10:05:39","date_gmt":"2025-08-01T02:05:39","guid":{"rendered":"https:\/\/deliangdisplay.com\/?post_type=product&#038;p=41483"},"modified":"2025-08-01T10:05:39","modified_gmt":"2025-08-01T02:05:39","slug":"de-liang-creativity-jewelry-dispaly-setblue-jewelry-tray-ring-display-dish-earrings-holderstorage-rack-for-giftboutique-necklaces-store-display","status":"publish","type":"product","link":"https:\/\/deliangdisplay.com\/fr\/notre-produit\/affichages\/plateaux-de-presentation-de-bijoux-miroirs\/de-liang-creativity-jewelry-dispaly-setblue-jewelry-tray-ring-display-dish-earrings-holderstorage-rack-for-giftboutique-necklaces-store-display\/","title":{"rendered":"DE-LIANG Creativity Jewelry Dispaly Set,Blue Jewelry Tray, Ring Display Dish, Earrings Holder,Storage Rack for Gift,Boutique, Necklaces Store Display"},"content":{"rendered":"<p>\ud83d\udc97 Taille :<br \/>\nStyle-A:Longueur\uff1a23CM(9.1inch)-Largeur\uff1a16CM(6.3inch)<br \/>\nStyle-B:Longueur\uff1a20.5CM(8.1inch)-Largeur\uff1a16.5CM(6.5inch)<\/p>\n<p>Couleur : bleu gris\/blanc\/gris<\/p>\n<p>\ud83d\udc97 Mat\u00e9riau : Pl\u00e2tre<\/p>\n<p>\ud83d\udcaf C'est notre dernier produit, il est de tr\u00e8s bonne qualit\u00e9 et de marque de luxe. Utilisez ce support pour la d\u00e9coration de votre vitrine, pour la pr\u00e9sentation de vos bijoux, pour la pr\u00e9sentation de vos n\u0153uds papillon, il doit attirer plus de clients dans votre magasin.<\/p>\n<p>\ud83d\udcafIls peuvent \u00eatre utilis\u00e9s \u00e0 la maison pour ranger des bijoux personnels, mais aussi comme pr\u00e9sentoirs \u00e0 bijoux dans les magasins de d\u00e9tail, les foires commerciales, les salles d'exposition, les boutiques en ligne, etc.<\/p>\n<p>\ud83d\udcaf Cet \u00e9l\u00e9gant pr\u00e9sentoir \u00e0 bijoux vous aide, vous ou les acheteurs potentiels, \u00e0 visualiser les bijoux.Qu'est-ce que vous attendez, obtenez votre organisateur d'accessoires maintenant et vous serez en mesure d'obtenir plus de ventes !<\/p>\n<p>\ud83d\udcaf Vous pouvez \u00e9galement l'utiliser pour photographier des bijoux, ce qui vous permettra de pr\u00e9senter vos produits de mani\u00e8re professionnelle.<\/p>\n<p>\ud83d\udcafIl est \u00e9galement un bon accessoire photo pour montrer le charme des bijoux de collier ou du collier dans tous les aspects et attirer les globes oculaires des clients. Le mat\u00e9riau en cuir \u00e0 la mode a une tr\u00e8s bonne texture au toucher et n'est pas facile \u00e0 salir.<\/p>\n<p>\ud83d\udcafSi vous \u00eates un cr\u00e9ateur de bijoux ou un concepteur de pr\u00e9sentoirs, ou si vous ouvrez un nouveau magasin et souhaitez am\u00e9liorer vos ventes, l'utilisation d'un mannequin de pr\u00e9sentation appropri\u00e9 et \u00e0 la mode est vraiment importante.<\/p>\n<p>Une vari\u00e9t\u00e9 de combinaisons, un placement libre.<\/p>\n<p>\ud83d\udcafLes pr\u00e9sentoirs \u00e0 v\u00eatements, les accessoires de tournage, les pr\u00e9sentoirs \u00e0 perruques, les pr\u00e9sentoirs \u00e0 bijoux, etc.<\/p>\n<p>\ud83d\udcaf Depuis l'\u00e9tablissement a \u00e9t\u00e9 mis \u00e0 jour it\u00e9ration, le changement et l'innovation. La conception et la fabrication de mod\u00e8les de haute qualit\u00e9 est notre objectif.<\/p>\n<p>\ud83d\udcaf L'aide que vous ou les acheteurs potentiels visualisent les bijoux. Qu'est-ce que vous attendez, obtenez votre organisateur d'accessoires maintenant et vous serez en mesure d'obtenir plus de ventes !<\/p>\n<p>\u25b2Veuillez noter que ces bijoux sont juste des accessoires pour nos photos, nous ne les vendons pas, si vous les aimez vraiment, veuillez nous contacter, merci ! !!<\/p>","protected":false},"excerpt":{"rendered":"<p>Ce pr\u00e9sentoir \u00e0 bijoux convient au stockage de bijoux personnels, aux magasins de d\u00e9tail, aux foires commerciales, aux expositions d'artisanat, aux salles d'exposition. Il peut \u00eatre utilis\u00e9 comme accessoire de photographie ou comme ornement. Il rendra vos magasins plus raffin\u00e9s.<\/p>","protected":false},"featured_media":41487,"comment_status":"open","ping_status":"closed","template":"","meta":{"_acf_changed":false},"product_brand":[],"product_cat":[78],"product_tag":[],"class_list":{"0":"post-41483","1":"product","2":"type-product","3":"status-publish","4":"has-post-thumbnail","6":"product_cat-jewelry-presentation-trays-mirrors","8":"first","9":"instock","10":"shipping-taxable","11":"purchasable","12":"product-type-simple"},"acf":[],"yoast_head":"<!-- This site is optimized with the Yoast SEO plugin v27.4 - https:\/\/yoast.com\/product\/yoast-seo-wordpress\/ -->\n<title>DE-LIANG Creativity Jewelry Dispaly Set,Blue Jewelry Tray, Ring Display Dish, Earrings Holder,Storage Rack for Gift,Boutique, Necklaces Store Display - DE-LIANG - jewelry,clothes,watch,beauty cosmetics<\/title>\n<meta name=\"robots\" content=\"index, follow, max-snippet:-1, max-image-preview:large, max-video-preview:-1\" \/>\n<link rel=\"canonical\" href=\"https:\/\/deliangdisplay.com\/fr\/notre-produit\/affichages\/plateaux-de-presentation-de-bijoux-miroirs\/de-liang-creativity-jewelry-dispaly-setblue-jewelry-tray-ring-display-dish-earrings-holderstorage-rack-for-giftboutique-necklaces-store-display\/\" \/>\n<meta property=\"og:locale\" content=\"fr_FR\" \/>\n<meta property=\"og:type\" content=\"article\" \/>\n<meta property=\"og:title\" content=\"DE-LIANG Creativity Jewelry Dispaly Set,Blue Jewelry Tray, Ring Display Dish, Earrings Holder,Storage Rack for Gift,Boutique, Necklaces Store Display - DE-LIANG - jewelry,clothes,watch,beauty cosmetics\" \/>\n<meta property=\"og:description\" content=\"This jewelry display usage, suitable for personal jewelry storage, retail stores, trade fair, craft show, showroom display, can be used as photography prop, ornament. It will make your stores more delicated.\" \/>\n<meta property=\"og:url\" content=\"https:\/\/deliangdisplay.com\/fr\/notre-produit\/affichages\/plateaux-de-presentation-de-bijoux-miroirs\/de-liang-creativity-jewelry-dispaly-setblue-jewelry-tray-ring-display-dish-earrings-holderstorage-rack-for-giftboutique-necklaces-store-display\/\" \/>\n<meta property=\"og:site_name\" content=\"DE-LIANG - jewelry,clothes,watch,beauty cosmetics\" \/>\n<meta property=\"article:publisher\" content=\"https:\/\/www.facebook.com\/JaneZhang008\/\" \/>\n<meta property=\"og:image\" content=\"https:\/\/deliangdisplay.com\/wp-content\/uploads\/2025\/08\/7-2.jpg\" \/>\n\t<meta property=\"og:image:width\" content=\"1000\" \/>\n\t<meta property=\"og:image:height\" content=\"1000\" \/>\n\t<meta property=\"og:image:type\" content=\"image\/jpeg\" \/>\n<meta name=\"twitter:card\" content=\"summary_large_image\" \/>\n<meta name=\"twitter:site\" content=\"@ly673551729\" \/>\n<meta name=\"twitter:label1\" content=\"Dur\u00e9e de lecture estim\u00e9e\" \/>\n\t<meta name=\"twitter:data1\" content=\"2 minutes\" \/>\n<script type=\"application\/ld+json\" class=\"yoast-schema-graph\">{\"@context\":\"https:\\\/\\\/schema.org\",\"@graph\":[{\"@type\":\"WebPage\",\"@id\":\"https:\\\/\\\/deliangdisplay.com\\\/our-product\\\/displays\\\/jewelry-presentation-trays-mirrors\\\/de-liang-creativity-jewelry-dispaly-setblue-jewelry-tray-ring-display-dish-earrings-holderstorage-rack-for-giftboutique-necklaces-store-display\\\/\",\"url\":\"https:\\\/\\\/deliangdisplay.com\\\/our-product\\\/displays\\\/jewelry-presentation-trays-mirrors\\\/de-liang-creativity-jewelry-dispaly-setblue-jewelry-tray-ring-display-dish-earrings-holderstorage-rack-for-giftboutique-necklaces-store-display\\\/\",\"name\":\"DE-LIANG Creativity Jewelry Dispaly Set,Blue Jewelry Tray, Ring Display Dish, Earrings Holder,Storage Rack for Gift,Boutique, Necklaces Store Display - DE-LIANG - jewelry,clothes,watch,beauty cosmetics\",\"isPartOf\":{\"@id\":\"https:\\\/\\\/deliangdisplay.com\\\/#website\"},\"primaryImageOfPage\":{\"@id\":\"https:\\\/\\\/deliangdisplay.com\\\/our-product\\\/displays\\\/jewelry-presentation-trays-mirrors\\\/de-liang-creativity-jewelry-dispaly-setblue-jewelry-tray-ring-display-dish-earrings-holderstorage-rack-for-giftboutique-necklaces-store-display\\\/#primaryimage\"},\"image\":{\"@id\":\"https:\\\/\\\/deliangdisplay.com\\\/our-product\\\/displays\\\/jewelry-presentation-trays-mirrors\\\/de-liang-creativity-jewelry-dispaly-setblue-jewelry-tray-ring-display-dish-earrings-holderstorage-rack-for-giftboutique-necklaces-store-display\\\/#primaryimage\"},\"thumbnailUrl\":\"https:\\\/\\\/deliangdisplay.com\\\/wp-content\\\/uploads\\\/2025\\\/08\\\/7-2.jpg\",\"datePublished\":\"2025-08-01T02:05:39+00:00\",\"breadcrumb\":{\"@id\":\"https:\\\/\\\/deliangdisplay.com\\\/our-product\\\/displays\\\/jewelry-presentation-trays-mirrors\\\/de-liang-creativity-jewelry-dispaly-setblue-jewelry-tray-ring-display-dish-earrings-holderstorage-rack-for-giftboutique-necklaces-store-display\\\/#breadcrumb\"},\"inLanguage\":\"fr-FR\",\"potentialAction\":[{\"@type\":\"ReadAction\",\"target\":[\"https:\\\/\\\/deliangdisplay.com\\\/our-product\\\/displays\\\/jewelry-presentation-trays-mirrors\\\/de-liang-creativity-jewelry-dispaly-setblue-jewelry-tray-ring-display-dish-earrings-holderstorage-rack-for-giftboutique-necklaces-store-display\\\/\"]}]},{\"@type\":\"ImageObject\",\"inLanguage\":\"fr-FR\",\"@id\":\"https:\\\/\\\/deliangdisplay.com\\\/our-product\\\/displays\\\/jewelry-presentation-trays-mirrors\\\/de-liang-creativity-jewelry-dispaly-setblue-jewelry-tray-ring-display-dish-earrings-holderstorage-rack-for-giftboutique-necklaces-store-display\\\/#primaryimage\",\"url\":\"https:\\\/\\\/deliangdisplay.com\\\/wp-content\\\/uploads\\\/2025\\\/08\\\/7-2.jpg\",\"contentUrl\":\"https:\\\/\\\/deliangdisplay.com\\\/wp-content\\\/uploads\\\/2025\\\/08\\\/7-2.jpg\",\"width\":1000,\"height\":1000},{\"@type\":\"BreadcrumbList\",\"@id\":\"https:\\\/\\\/deliangdisplay.com\\\/our-product\\\/displays\\\/jewelry-presentation-trays-mirrors\\\/de-liang-creativity-jewelry-dispaly-setblue-jewelry-tray-ring-display-dish-earrings-holderstorage-rack-for-giftboutique-necklaces-store-display\\\/#breadcrumb\",\"itemListElement\":[{\"@type\":\"ListItem\",\"position\":1,\"name\":\"\u9996\u9875\",\"item\":\"https:\\\/\\\/deliangdisplay.com\\\/\"},{\"@type\":\"ListItem\",\"position\":2,\"name\":\"Our Product\",\"item\":\"https:\\\/\\\/deliangdisplay.com\\\/our-product\\\/\"},{\"@type\":\"ListItem\",\"position\":3,\"name\":\"DE-LIANG Creativity Jewelry Dispaly Set,Blue Jewelry Tray, Ring Display Dish, Earrings Holder,Storage Rack for Gift,Boutique, Necklaces Store Display\"}]},{\"@type\":\"WebSite\",\"@id\":\"https:\\\/\\\/deliangdisplay.com\\\/#website\",\"url\":\"https:\\\/\\\/deliangdisplay.com\\\/\",\"name\":\"deliangdisplay.com\",\"description\":\"DE-LIANG - Providing bespoke packaging solutions and luxurious display design services for brands in jewelry, apparel, watches, beauty cosmetics, and more.\",\"publisher\":{\"@id\":\"https:\\\/\\\/deliangdisplay.com\\\/#organization\"},\"potentialAction\":[{\"@type\":\"SearchAction\",\"target\":{\"@type\":\"EntryPoint\",\"urlTemplate\":\"https:\\\/\\\/deliangdisplay.com\\\/?s={search_term_string}\"},\"query-input\":{\"@type\":\"PropertyValueSpecification\",\"valueRequired\":true,\"valueName\":\"search_term_string\"}}],\"inLanguage\":\"fr-FR\"},{\"@type\":\"Organization\",\"@id\":\"https:\\\/\\\/deliangdisplay.com\\\/#organization\",\"name\":\"deliangdisplay.com\",\"url\":\"https:\\\/\\\/deliangdisplay.com\\\/\",\"logo\":{\"@type\":\"ImageObject\",\"inLanguage\":\"fr-FR\",\"@id\":\"https:\\\/\\\/deliangdisplay.com\\\/#\\\/schema\\\/logo\\\/image\\\/\",\"url\":\"https:\\\/\\\/deliangdisplay.com\\\/wp-content\\\/uploads\\\/2025\\\/08\\\/DELIANGDISPALY_logo.png\",\"contentUrl\":\"https:\\\/\\\/deliangdisplay.com\\\/wp-content\\\/uploads\\\/2025\\\/08\\\/DELIANGDISPALY_logo.png\",\"width\":300,\"height\":130,\"caption\":\"deliangdisplay.com\"},\"image\":{\"@id\":\"https:\\\/\\\/deliangdisplay.com\\\/#\\\/schema\\\/logo\\\/image\\\/\"},\"sameAs\":[\"https:\\\/\\\/www.facebook.com\\\/JaneZhang008\\\/\",\"https:\\\/\\\/x.com\\\/ly673551729\"]}]}<\/script>\n<!-- \/ Yoast SEO plugin. -->","yoast_head_json":{"title":"DE-LIANG Pr\u00e9sentoir \u00e0 bijoux cr\u00e9atif, plateau \u00e0 bijoux bleu, pr\u00e9sentoir \u00e0 bagues, support \u00e0 boucles d'oreilles, support de rangement pour cadeaux, boutique, pr\u00e9sentoir \u00e0 colliers - DE-LIANG - bijouterie,joaillerie,horlogerie,beaut\u00e9,cosm\u00e9tique","robots":{"index":"index","follow":"follow","max-snippet":"max-snippet:-1","max-image-preview":"max-image-preview:large","max-video-preview":"max-video-preview:-1"},"canonical":"https:\/\/deliangdisplay.com\/fr\/notre-produit\/affichages\/plateaux-de-presentation-de-bijoux-miroirs\/de-liang-creativity-jewelry-dispaly-setblue-jewelry-tray-ring-display-dish-earrings-holderstorage-rack-for-giftboutique-necklaces-store-display\/","og_locale":"fr_FR","og_type":"article","og_title":"DE-LIANG Creativity Jewelry Dispaly Set,Blue Jewelry Tray, Ring Display Dish, Earrings Holder,Storage Rack for Gift,Boutique, Necklaces Store Display - DE-LIANG - jewelry,clothes,watch,beauty cosmetics","og_description":"This jewelry display usage, suitable for personal jewelry storage, retail stores, trade fair, craft show, showroom display, can be used as photography prop, ornament. It will make your stores more delicated.","og_url":"https:\/\/deliangdisplay.com\/fr\/notre-produit\/affichages\/plateaux-de-presentation-de-bijoux-miroirs\/de-liang-creativity-jewelry-dispaly-setblue-jewelry-tray-ring-display-dish-earrings-holderstorage-rack-for-giftboutique-necklaces-store-display\/","og_site_name":"DE-LIANG - jewelry,clothes,watch,beauty cosmetics","article_publisher":"https:\/\/www.facebook.com\/JaneZhang008\/","og_image":[{"width":1000,"height":1000,"url":"https:\/\/deliangdisplay.com\/wp-content\/uploads\/2025\/08\/7-2.jpg","type":"image\/jpeg"}],"twitter_card":"summary_large_image","twitter_site":"@ly673551729","twitter_misc":{"Dur\u00e9e de lecture estim\u00e9e":"2 minutes"},"schema":{"@context":"https:\/\/schema.org","@graph":[{"@type":"WebPage","@id":"https:\/\/deliangdisplay.com\/our-product\/displays\/jewelry-presentation-trays-mirrors\/de-liang-creativity-jewelry-dispaly-setblue-jewelry-tray-ring-display-dish-earrings-holderstorage-rack-for-giftboutique-necklaces-store-display\/","url":"https:\/\/deliangdisplay.com\/our-product\/displays\/jewelry-presentation-trays-mirrors\/de-liang-creativity-jewelry-dispaly-setblue-jewelry-tray-ring-display-dish-earrings-holderstorage-rack-for-giftboutique-necklaces-store-display\/","name":"DE-LIANG Pr\u00e9sentoir \u00e0 bijoux cr\u00e9atif, plateau \u00e0 bijoux bleu, pr\u00e9sentoir \u00e0 bagues, support \u00e0 boucles d'oreilles, support de rangement pour cadeaux, boutique, pr\u00e9sentoir \u00e0 colliers - DE-LIANG - bijouterie,joaillerie,horlogerie,beaut\u00e9,cosm\u00e9tique","isPartOf":{"@id":"https:\/\/deliangdisplay.com\/#website"},"primaryImageOfPage":{"@id":"https:\/\/deliangdisplay.com\/our-product\/displays\/jewelry-presentation-trays-mirrors\/de-liang-creativity-jewelry-dispaly-setblue-jewelry-tray-ring-display-dish-earrings-holderstorage-rack-for-giftboutique-necklaces-store-display\/#primaryimage"},"image":{"@id":"https:\/\/deliangdisplay.com\/our-product\/displays\/jewelry-presentation-trays-mirrors\/de-liang-creativity-jewelry-dispaly-setblue-jewelry-tray-ring-display-dish-earrings-holderstorage-rack-for-giftboutique-necklaces-store-display\/#primaryimage"},"thumbnailUrl":"https:\/\/deliangdisplay.com\/wp-content\/uploads\/2025\/08\/7-2.jpg","datePublished":"2025-08-01T02:05:39+00:00","breadcrumb":{"@id":"https:\/\/deliangdisplay.com\/our-product\/displays\/jewelry-presentation-trays-mirrors\/de-liang-creativity-jewelry-dispaly-setblue-jewelry-tray-ring-display-dish-earrings-holderstorage-rack-for-giftboutique-necklaces-store-display\/#breadcrumb"},"inLanguage":"fr-FR","potentialAction":[{"@type":"ReadAction","target":["https:\/\/deliangdisplay.com\/our-product\/displays\/jewelry-presentation-trays-mirrors\/de-liang-creativity-jewelry-dispaly-setblue-jewelry-tray-ring-display-dish-earrings-holderstorage-rack-for-giftboutique-necklaces-store-display\/"]}]},{"@type":"ImageObject","inLanguage":"fr-FR","@id":"https:\/\/deliangdisplay.com\/our-product\/displays\/jewelry-presentation-trays-mirrors\/de-liang-creativity-jewelry-dispaly-setblue-jewelry-tray-ring-display-dish-earrings-holderstorage-rack-for-giftboutique-necklaces-store-display\/#primaryimage","url":"https:\/\/deliangdisplay.com\/wp-content\/uploads\/2025\/08\/7-2.jpg","contentUrl":"https:\/\/deliangdisplay.com\/wp-content\/uploads\/2025\/08\/7-2.jpg","width":1000,"height":1000},{"@type":"BreadcrumbList","@id":"https:\/\/deliangdisplay.com\/our-product\/displays\/jewelry-presentation-trays-mirrors\/de-liang-creativity-jewelry-dispaly-setblue-jewelry-tray-ring-display-dish-earrings-holderstorage-rack-for-giftboutique-necklaces-store-display\/#breadcrumb","itemListElement":[{"@type":"ListItem","position":1,"name":"\u9996\u9875","item":"https:\/\/deliangdisplay.com\/"},{"@type":"ListItem","position":2,"name":"Our Product","item":"https:\/\/deliangdisplay.com\/our-product\/"},{"@type":"ListItem","position":3,"name":"DE-LIANG Creativity Jewelry Dispaly Set,Blue Jewelry Tray, Ring Display Dish, Earrings Holder,Storage Rack for Gift,Boutique, Necklaces Store Display"}]},{"@type":"WebSite","@id":"https:\/\/deliangdisplay.com\/#website","url":"https:\/\/deliangdisplay.com\/","name":"deliangdisplay.com","description":"DE-LIANG - Fournit des solutions d'emballage sur mesure et des services de conception de pr\u00e9sentoirs luxueux pour les marques de bijoux, de v\u00eatements, de montres, de produits de beaut\u00e9 et de cosm\u00e9tiques, et plus encore.","publisher":{"@id":"https:\/\/deliangdisplay.com\/#organization"},"potentialAction":[{"@type":"SearchAction","target":{"@type":"EntryPoint","urlTemplate":"https:\/\/deliangdisplay.com\/?s={search_term_string}"},"query-input":{"@type":"PropertyValueSpecification","valueRequired":true,"valueName":"search_term_string"}}],"inLanguage":"fr-FR"},{"@type":"Organization","@id":"https:\/\/deliangdisplay.com\/#organization","name":"deliangdisplay.com","url":"https:\/\/deliangdisplay.com\/","logo":{"@type":"ImageObject","inLanguage":"fr-FR","@id":"https:\/\/deliangdisplay.com\/#\/schema\/logo\/image\/","url":"https:\/\/deliangdisplay.com\/wp-content\/uploads\/2025\/08\/DELIANGDISPALY_logo.png","contentUrl":"https:\/\/deliangdisplay.com\/wp-content\/uploads\/2025\/08\/DELIANGDISPALY_logo.png","width":300,"height":130,"caption":"deliangdisplay.com"},"image":{"@id":"https:\/\/deliangdisplay.com\/#\/schema\/logo\/image\/"},"sameAs":["https:\/\/www.facebook.com\/JaneZhang008\/","https:\/\/x.com\/ly673551729"]}]}},"_links":{"self":[{"href":"https:\/\/deliangdisplay.com\/fr\/wp-json\/wp\/v2\/product\/41483","targetHints":{"allow":["GET"]}}],"collection":[{"href":"https:\/\/deliangdisplay.com\/fr\/wp-json\/wp\/v2\/product"}],"about":[{"href":"https:\/\/deliangdisplay.com\/fr\/wp-json\/wp\/v2\/types\/product"}],"replies":[{"embeddable":true,"href":"https:\/\/deliangdisplay.com\/fr\/wp-json\/wp\/v2\/comments?post=41483"}],"wp:featuredmedia":[{"embeddable":true,"href":"https:\/\/deliangdisplay.com\/fr\/wp-json\/wp\/v2\/media\/41487"}],"wp:attachment":[{"href":"https:\/\/deliangdisplay.com\/fr\/wp-json\/wp\/v2\/media?parent=41483"}],"wp:term":[{"taxonomy":"product_brand","embeddable":true,"href":"https:\/\/deliangdisplay.com\/fr\/wp-json\/wp\/v2\/product_brand?post=41483"},{"taxonomy":"product_cat","embeddable":true,"href":"https:\/\/deliangdisplay.com\/fr\/wp-json\/wp\/v2\/product_cat?post=41483"},{"taxonomy":"product_tag","embeddable":true,"href":"https:\/\/deliangdisplay.com\/fr\/wp-json\/wp\/v2\/product_tag?post=41483"}],"curies":[{"name":"wp","href":"https:\/\/api.w.org\/{rel}","templated":true}]}}