{"id":41426,"date":"2025-07-31T18:13:05","date_gmt":"2025-07-31T10:13:05","guid":{"rendered":"https:\/\/deliangdisplay.com\/?post_type=product&#038;p=41426"},"modified":"2025-07-31T18:16:43","modified_gmt":"2025-07-31T10:16:43","slug":"buste-de-presentation-de-collier-moderneportefeuille-de-bijouxportefeuille-de-colliersportefeuille-de-mannequin-noirportefeuille-de-mannequin-vert-transparent","status":"publish","type":"product","link":"https:\/\/deliangdisplay.com\/fr\/notre-produit\/accessoires\/formes-de-cou\/buste-de-presentation-de-collier-moderneportefeuille-de-bijouxportefeuille-de-colliersportefeuille-de-mannequin-noirportefeuille-de-mannequin-vert-transparent\/","title":{"rendered":"Pr\u00e9sentoir moderne pour colliers, support pour bijoux, support pour colliers, pr\u00e9sentoir pour mannequin noir, support pour mannequin vert transparent"},"content":{"rendered":"<p>TAILLE :(Comme l'image)<\/p>\n<p>1. pr\u00e9sentoir \u00e0 bijoux<br \/>\n.Longueur : 13.8CM(5.4inch)<br \/>\n.Largeur : 13CM(5.1inch)<br \/>\n.Taille : 21.5CM(8.5inch)<br \/>\n.Poids : 2,6 kg<\/p>\n<p>2. peut porter une grande vari\u00e9t\u00e9 de colliers<\/p>\n<p>3.MOQ 30PCS Les couleurs personnalis\u00e9es sont accept\u00e9es !<\/p>\n<p>4. couleur : blanc mat \/ blanc brillant \/ noir mat \/ argent brillant \/ vert haricot \/ couleur transparente<\/p>\n<p>5. mat\u00e9riau : Mat\u00e9riau en r\u00e9sine<\/p>\n<p>&#8212;&#8212;&#8212;&#8212;&#8212;&#8212;&#8212;&#8212;&#8212;&#8212;&#8212;&#8212;&#8212;&#8212;&#8212;&#8212;&#8212;&#8212;&#8211;<\/p>\n<p>\ud83d\udcaf Ce pr\u00e9sentoir \u00e0 bijoux est un excellent organisateur pour la pr\u00e9sentation de bijoux, de colliers et de cravates.<\/p>\n<p>Ce mannequin \u00e9l\u00e9gant vous aide, vous ou les acheteurs potentiels, \u00e0 visualiser les bijoux.Qu'est-ce que vous attendez, obtenez votre organisateur d'accessoires maintenant et vous serez en mesure d'obtenir plus de ventes !<\/p>\n<p>\ud83d\udcaf Vous pouvez \u00e9galement l'utiliser pour photographier des bijoux, ce qui vous permettra de pr\u00e9senter vos produits de mani\u00e8re professionnelle.<\/p>\n<p>Le d\u00e9collet\u00e9 accentu\u00e9 attire l'attention sur le collier et la gracieuse couleur blanche rehausse l'\u00e9l\u00e9gance de votre bijou.<\/p>\n<p>\ud83d\udcafIl est \u00e9galement un bon accessoire photo pour montrer le charme des bijoux de collier ou du collier dans tous les aspects et attirer les globes oculaires des clients. Le mat\u00e9riau en cuir \u00e0 la mode a une tr\u00e8s bonne texture au toucher et n'est pas facile \u00e0 salir.<\/p>\n<p>\ud83d\udcafSi vous \u00eates un cr\u00e9ateur de bijoux ou un concepteur de pr\u00e9sentoirs, ou si vous ouvrez un nouveau magasin et souhaitez am\u00e9liorer vos ventes, l'utilisation d'un mannequin de pr\u00e9sentation appropri\u00e9 et \u00e0 la mode est vraiment importante.<\/p>\n<p>Le d\u00e9collet\u00e9 accentu\u00e9 attire l'attention sur le collier et la gracieuse couleur blanche rehausse l'\u00e9l\u00e9gance de votre bijou.<\/p>\n<p>\ud83d\udcaf Depuis l'\u00e9tablissement a \u00e9t\u00e9 mis \u00e0 jour it\u00e9ration, le changement et l'innovation. La conception et la fabrication de mod\u00e8les de haute qualit\u00e9 est notre objectif.<\/p>\n<p>\ud83d\udcaf L'aide que vous ou les acheteurs potentiels visualisent les bijoux. Qu'est-ce que vous attendez, obtenez votre organisateur d'accessoires maintenant et vous serez en mesure d'obtenir plus de ventes !<\/p>","protected":false},"excerpt":{"rendered":"<p>This is our latest product,leather Fabric mannequin,this is very good quality and luxury brand use this rack for window decoration,for jewelry display,for bow tie display,It must attractive more custom to your store.<\/p>\n<p>It works well for showcasing your jewelry neatly on a countertop, storefront, trade shows or home environment!<\/p>","protected":false},"featured_media":41427,"comment_status":"open","ping_status":"closed","template":"","meta":{"_acf_changed":false},"product_brand":[],"product_cat":[69],"product_tag":[],"class_list":{"0":"post-41426","1":"product","2":"type-product","3":"status-publish","4":"has-post-thumbnail","6":"product_cat-neck-forms","8":"first","9":"instock","10":"shipping-taxable","11":"purchasable","12":"product-type-simple"},"acf":[],"yoast_head":"<!-- This site is optimized with the Yoast SEO plugin v27.4 - https:\/\/yoast.com\/product\/yoast-seo-wordpress\/ -->\n<title>Modern Necklace Jewelry Display Bust,Jewelry Display Stand,Necklace Holder,Black Mannequin Display,Transparent Green Mannequin Holder Stand - DE-LIANG - jewelry,clothes,watch,beauty cosmetics<\/title>\n<meta name=\"robots\" content=\"index, follow, max-snippet:-1, max-image-preview:large, max-video-preview:-1\" \/>\n<link rel=\"canonical\" href=\"https:\/\/deliangdisplay.com\/fr\/notre-produit\/accessoires\/formes-de-cou\/buste-de-presentation-de-collier-moderneportefeuille-de-bijouxportefeuille-de-colliersportefeuille-de-mannequin-noirportefeuille-de-mannequin-vert-transparent\/\" \/>\n<meta property=\"og:locale\" content=\"fr_FR\" \/>\n<meta property=\"og:type\" content=\"article\" \/>\n<meta property=\"og:title\" content=\"Modern Necklace Jewelry Display Bust,Jewelry Display Stand,Necklace Holder,Black Mannequin Display,Transparent Green Mannequin Holder Stand - DE-LIANG - jewelry,clothes,watch,beauty cosmetics\" \/>\n<meta property=\"og:description\" content=\"This is our latest product,leather Fabric mannequin,this is very good quality and luxury brand use this rack for window decoration,for jewelry display,for bow tie display,It must attractive more custom to your store.  It works well for showcasing your jewelry neatly on a countertop, storefront, trade shows or home environment!\" \/>\n<meta property=\"og:url\" content=\"https:\/\/deliangdisplay.com\/fr\/notre-produit\/accessoires\/formes-de-cou\/buste-de-presentation-de-collier-moderneportefeuille-de-bijouxportefeuille-de-colliersportefeuille-de-mannequin-noirportefeuille-de-mannequin-vert-transparent\/\" \/>\n<meta property=\"og:site_name\" content=\"DE-LIANG - jewelry,clothes,watch,beauty cosmetics\" \/>\n<meta property=\"article:publisher\" content=\"https:\/\/www.facebook.com\/JaneZhang008\/\" \/>\n<meta property=\"article:modified_time\" content=\"2025-07-31T10:16:43+00:00\" \/>\n<meta property=\"og:image\" content=\"https:\/\/deliangdisplay.com\/wp-content\/uploads\/2025\/07\/120-1.webp\" \/>\n\t<meta property=\"og:image:width\" content=\"493\" \/>\n\t<meta property=\"og:image:height\" content=\"493\" \/>\n\t<meta property=\"og:image:type\" content=\"image\/webp\" \/>\n<meta name=\"twitter:card\" content=\"summary_large_image\" \/>\n<meta name=\"twitter:site\" content=\"@ly673551729\" \/>\n<meta name=\"twitter:label1\" content=\"Dur\u00e9e de lecture estim\u00e9e\" \/>\n\t<meta name=\"twitter:data1\" content=\"2 minutes\" \/>\n<script type=\"application\/ld+json\" class=\"yoast-schema-graph\">{\"@context\":\"https:\\\/\\\/schema.org\",\"@graph\":[{\"@type\":\"WebPage\",\"@id\":\"https:\\\/\\\/deliangdisplay.com\\\/our-product\\\/accessories\\\/neck-forms\\\/modern-necklace-jewelry-display-bustjewelry-display-standnecklace-holderblack-mannequin-displaytransparent-green-mannequin-holder-stand\\\/\",\"url\":\"https:\\\/\\\/deliangdisplay.com\\\/our-product\\\/accessories\\\/neck-forms\\\/modern-necklace-jewelry-display-bustjewelry-display-standnecklace-holderblack-mannequin-displaytransparent-green-mannequin-holder-stand\\\/\",\"name\":\"Modern Necklace Jewelry Display Bust,Jewelry Display Stand,Necklace Holder,Black Mannequin Display,Transparent Green Mannequin Holder Stand - DE-LIANG - jewelry,clothes,watch,beauty cosmetics\",\"isPartOf\":{\"@id\":\"https:\\\/\\\/deliangdisplay.com\\\/#website\"},\"primaryImageOfPage\":{\"@id\":\"https:\\\/\\\/deliangdisplay.com\\\/our-product\\\/accessories\\\/neck-forms\\\/modern-necklace-jewelry-display-bustjewelry-display-standnecklace-holderblack-mannequin-displaytransparent-green-mannequin-holder-stand\\\/#primaryimage\"},\"image\":{\"@id\":\"https:\\\/\\\/deliangdisplay.com\\\/our-product\\\/accessories\\\/neck-forms\\\/modern-necklace-jewelry-display-bustjewelry-display-standnecklace-holderblack-mannequin-displaytransparent-green-mannequin-holder-stand\\\/#primaryimage\"},\"thumbnailUrl\":\"https:\\\/\\\/deliangdisplay.com\\\/wp-content\\\/uploads\\\/2025\\\/07\\\/120-1.webp\",\"datePublished\":\"2025-07-31T10:13:05+00:00\",\"dateModified\":\"2025-07-31T10:16:43+00:00\",\"breadcrumb\":{\"@id\":\"https:\\\/\\\/deliangdisplay.com\\\/our-product\\\/accessories\\\/neck-forms\\\/modern-necklace-jewelry-display-bustjewelry-display-standnecklace-holderblack-mannequin-displaytransparent-green-mannequin-holder-stand\\\/#breadcrumb\"},\"inLanguage\":\"fr-FR\",\"potentialAction\":[{\"@type\":\"ReadAction\",\"target\":[\"https:\\\/\\\/deliangdisplay.com\\\/our-product\\\/accessories\\\/neck-forms\\\/modern-necklace-jewelry-display-bustjewelry-display-standnecklace-holderblack-mannequin-displaytransparent-green-mannequin-holder-stand\\\/\"]}]},{\"@type\":\"ImageObject\",\"inLanguage\":\"fr-FR\",\"@id\":\"https:\\\/\\\/deliangdisplay.com\\\/our-product\\\/accessories\\\/neck-forms\\\/modern-necklace-jewelry-display-bustjewelry-display-standnecklace-holderblack-mannequin-displaytransparent-green-mannequin-holder-stand\\\/#primaryimage\",\"url\":\"https:\\\/\\\/deliangdisplay.com\\\/wp-content\\\/uploads\\\/2025\\\/07\\\/120-1.webp\",\"contentUrl\":\"https:\\\/\\\/deliangdisplay.com\\\/wp-content\\\/uploads\\\/2025\\\/07\\\/120-1.webp\",\"width\":493,\"height\":493},{\"@type\":\"BreadcrumbList\",\"@id\":\"https:\\\/\\\/deliangdisplay.com\\\/our-product\\\/accessories\\\/neck-forms\\\/modern-necklace-jewelry-display-bustjewelry-display-standnecklace-holderblack-mannequin-displaytransparent-green-mannequin-holder-stand\\\/#breadcrumb\",\"itemListElement\":[{\"@type\":\"ListItem\",\"position\":1,\"name\":\"\u9996\u9875\",\"item\":\"https:\\\/\\\/deliangdisplay.com\\\/\"},{\"@type\":\"ListItem\",\"position\":2,\"name\":\"Our Product\",\"item\":\"https:\\\/\\\/deliangdisplay.com\\\/our-product\\\/\"},{\"@type\":\"ListItem\",\"position\":3,\"name\":\"Modern Necklace Jewelry Display Bust,Jewelry Display Stand,Necklace Holder,Black Mannequin Display,Transparent Green Mannequin Holder Stand\"}]},{\"@type\":\"WebSite\",\"@id\":\"https:\\\/\\\/deliangdisplay.com\\\/#website\",\"url\":\"https:\\\/\\\/deliangdisplay.com\\\/\",\"name\":\"deliangdisplay.com\",\"description\":\"DE-LIANG - Providing bespoke packaging solutions and luxurious display design services for brands in jewelry, apparel, watches, beauty cosmetics, and more.\",\"publisher\":{\"@id\":\"https:\\\/\\\/deliangdisplay.com\\\/#organization\"},\"potentialAction\":[{\"@type\":\"SearchAction\",\"target\":{\"@type\":\"EntryPoint\",\"urlTemplate\":\"https:\\\/\\\/deliangdisplay.com\\\/?s={search_term_string}\"},\"query-input\":{\"@type\":\"PropertyValueSpecification\",\"valueRequired\":true,\"valueName\":\"search_term_string\"}}],\"inLanguage\":\"fr-FR\"},{\"@type\":\"Organization\",\"@id\":\"https:\\\/\\\/deliangdisplay.com\\\/#organization\",\"name\":\"deliangdisplay.com\",\"url\":\"https:\\\/\\\/deliangdisplay.com\\\/\",\"logo\":{\"@type\":\"ImageObject\",\"inLanguage\":\"fr-FR\",\"@id\":\"https:\\\/\\\/deliangdisplay.com\\\/#\\\/schema\\\/logo\\\/image\\\/\",\"url\":\"https:\\\/\\\/deliangdisplay.com\\\/wp-content\\\/uploads\\\/2025\\\/08\\\/DELIANGDISPALY_logo.png\",\"contentUrl\":\"https:\\\/\\\/deliangdisplay.com\\\/wp-content\\\/uploads\\\/2025\\\/08\\\/DELIANGDISPALY_logo.png\",\"width\":300,\"height\":130,\"caption\":\"deliangdisplay.com\"},\"image\":{\"@id\":\"https:\\\/\\\/deliangdisplay.com\\\/#\\\/schema\\\/logo\\\/image\\\/\"},\"sameAs\":[\"https:\\\/\\\/www.facebook.com\\\/JaneZhang008\\\/\",\"https:\\\/\\\/x.com\\\/ly673551729\"]}]}<\/script>\n<!-- \/ Yoast SEO plugin. -->","yoast_head_json":{"title":"Pr\u00e9sentoir \u00e0 bijoux moderne pour colliers, support pour bijoux, support pour colliers, pr\u00e9sentoir pour mannequin noir, support pour mannequin vert transparent - DE-LIANG - bijouterie,joaillerie,horlogerie,bijouterie,beaut\u00e9,cosm\u00e9tique","robots":{"index":"index","follow":"follow","max-snippet":"max-snippet:-1","max-image-preview":"max-image-preview:large","max-video-preview":"max-video-preview:-1"},"canonical":"https:\/\/deliangdisplay.com\/fr\/notre-produit\/accessoires\/formes-de-cou\/buste-de-presentation-de-collier-moderneportefeuille-de-bijouxportefeuille-de-colliersportefeuille-de-mannequin-noirportefeuille-de-mannequin-vert-transparent\/","og_locale":"fr_FR","og_type":"article","og_title":"Modern Necklace Jewelry Display Bust,Jewelry Display Stand,Necklace Holder,Black Mannequin Display,Transparent Green Mannequin Holder Stand - DE-LIANG - jewelry,clothes,watch,beauty cosmetics","og_description":"This is our latest product,leather Fabric mannequin,this is very good quality and luxury brand use this rack for window decoration,for jewelry display,for bow tie display,It must attractive more custom to your store.  It works well for showcasing your jewelry neatly on a countertop, storefront, trade shows or home environment!","og_url":"https:\/\/deliangdisplay.com\/fr\/notre-produit\/accessoires\/formes-de-cou\/buste-de-presentation-de-collier-moderneportefeuille-de-bijouxportefeuille-de-colliersportefeuille-de-mannequin-noirportefeuille-de-mannequin-vert-transparent\/","og_site_name":"DE-LIANG - jewelry,clothes,watch,beauty cosmetics","article_publisher":"https:\/\/www.facebook.com\/JaneZhang008\/","article_modified_time":"2025-07-31T10:16:43+00:00","og_image":[{"width":493,"height":493,"url":"https:\/\/deliangdisplay.com\/wp-content\/uploads\/2025\/07\/120-1.webp","type":"image\/webp"}],"twitter_card":"summary_large_image","twitter_site":"@ly673551729","twitter_misc":{"Dur\u00e9e de lecture estim\u00e9e":"2 minutes"},"schema":{"@context":"https:\/\/schema.org","@graph":[{"@type":"WebPage","@id":"https:\/\/deliangdisplay.com\/our-product\/accessories\/neck-forms\/modern-necklace-jewelry-display-bustjewelry-display-standnecklace-holderblack-mannequin-displaytransparent-green-mannequin-holder-stand\/","url":"https:\/\/deliangdisplay.com\/our-product\/accessories\/neck-forms\/modern-necklace-jewelry-display-bustjewelry-display-standnecklace-holderblack-mannequin-displaytransparent-green-mannequin-holder-stand\/","name":"Pr\u00e9sentoir \u00e0 bijoux moderne pour colliers, support pour bijoux, support pour colliers, pr\u00e9sentoir pour mannequin noir, support pour mannequin vert transparent - DE-LIANG - bijouterie,joaillerie,horlogerie,bijouterie,beaut\u00e9,cosm\u00e9tique","isPartOf":{"@id":"https:\/\/deliangdisplay.com\/#website"},"primaryImageOfPage":{"@id":"https:\/\/deliangdisplay.com\/our-product\/accessories\/neck-forms\/modern-necklace-jewelry-display-bustjewelry-display-standnecklace-holderblack-mannequin-displaytransparent-green-mannequin-holder-stand\/#primaryimage"},"image":{"@id":"https:\/\/deliangdisplay.com\/our-product\/accessories\/neck-forms\/modern-necklace-jewelry-display-bustjewelry-display-standnecklace-holderblack-mannequin-displaytransparent-green-mannequin-holder-stand\/#primaryimage"},"thumbnailUrl":"https:\/\/deliangdisplay.com\/wp-content\/uploads\/2025\/07\/120-1.webp","datePublished":"2025-07-31T10:13:05+00:00","dateModified":"2025-07-31T10:16:43+00:00","breadcrumb":{"@id":"https:\/\/deliangdisplay.com\/our-product\/accessories\/neck-forms\/modern-necklace-jewelry-display-bustjewelry-display-standnecklace-holderblack-mannequin-displaytransparent-green-mannequin-holder-stand\/#breadcrumb"},"inLanguage":"fr-FR","potentialAction":[{"@type":"ReadAction","target":["https:\/\/deliangdisplay.com\/our-product\/accessories\/neck-forms\/modern-necklace-jewelry-display-bustjewelry-display-standnecklace-holderblack-mannequin-displaytransparent-green-mannequin-holder-stand\/"]}]},{"@type":"ImageObject","inLanguage":"fr-FR","@id":"https:\/\/deliangdisplay.com\/our-product\/accessories\/neck-forms\/modern-necklace-jewelry-display-bustjewelry-display-standnecklace-holderblack-mannequin-displaytransparent-green-mannequin-holder-stand\/#primaryimage","url":"https:\/\/deliangdisplay.com\/wp-content\/uploads\/2025\/07\/120-1.webp","contentUrl":"https:\/\/deliangdisplay.com\/wp-content\/uploads\/2025\/07\/120-1.webp","width":493,"height":493},{"@type":"BreadcrumbList","@id":"https:\/\/deliangdisplay.com\/our-product\/accessories\/neck-forms\/modern-necklace-jewelry-display-bustjewelry-display-standnecklace-holderblack-mannequin-displaytransparent-green-mannequin-holder-stand\/#breadcrumb","itemListElement":[{"@type":"ListItem","position":1,"name":"\u9996\u9875","item":"https:\/\/deliangdisplay.com\/"},{"@type":"ListItem","position":2,"name":"Our Product","item":"https:\/\/deliangdisplay.com\/our-product\/"},{"@type":"ListItem","position":3,"name":"Modern Necklace Jewelry Display Bust,Jewelry Display Stand,Necklace Holder,Black Mannequin Display,Transparent Green Mannequin Holder Stand"}]},{"@type":"WebSite","@id":"https:\/\/deliangdisplay.com\/#website","url":"https:\/\/deliangdisplay.com\/","name":"deliangdisplay.com","description":"DE-LIANG - Fournit des solutions d'emballage sur mesure et des services de conception de pr\u00e9sentoirs luxueux pour les marques de bijoux, de v\u00eatements, de montres, de produits de beaut\u00e9 et de cosm\u00e9tiques, et plus encore.","publisher":{"@id":"https:\/\/deliangdisplay.com\/#organization"},"potentialAction":[{"@type":"SearchAction","target":{"@type":"EntryPoint","urlTemplate":"https:\/\/deliangdisplay.com\/?s={search_term_string}"},"query-input":{"@type":"PropertyValueSpecification","valueRequired":true,"valueName":"search_term_string"}}],"inLanguage":"fr-FR"},{"@type":"Organization","@id":"https:\/\/deliangdisplay.com\/#organization","name":"deliangdisplay.com","url":"https:\/\/deliangdisplay.com\/","logo":{"@type":"ImageObject","inLanguage":"fr-FR","@id":"https:\/\/deliangdisplay.com\/#\/schema\/logo\/image\/","url":"https:\/\/deliangdisplay.com\/wp-content\/uploads\/2025\/08\/DELIANGDISPALY_logo.png","contentUrl":"https:\/\/deliangdisplay.com\/wp-content\/uploads\/2025\/08\/DELIANGDISPALY_logo.png","width":300,"height":130,"caption":"deliangdisplay.com"},"image":{"@id":"https:\/\/deliangdisplay.com\/#\/schema\/logo\/image\/"},"sameAs":["https:\/\/www.facebook.com\/JaneZhang008\/","https:\/\/x.com\/ly673551729"]}]}},"_links":{"self":[{"href":"https:\/\/deliangdisplay.com\/fr\/wp-json\/wp\/v2\/product\/41426","targetHints":{"allow":["GET"]}}],"collection":[{"href":"https:\/\/deliangdisplay.com\/fr\/wp-json\/wp\/v2\/product"}],"about":[{"href":"https:\/\/deliangdisplay.com\/fr\/wp-json\/wp\/v2\/types\/product"}],"replies":[{"embeddable":true,"href":"https:\/\/deliangdisplay.com\/fr\/wp-json\/wp\/v2\/comments?post=41426"}],"wp:featuredmedia":[{"embeddable":true,"href":"https:\/\/deliangdisplay.com\/fr\/wp-json\/wp\/v2\/media\/41427"}],"wp:attachment":[{"href":"https:\/\/deliangdisplay.com\/fr\/wp-json\/wp\/v2\/media?parent=41426"}],"wp:term":[{"taxonomy":"product_brand","embeddable":true,"href":"https:\/\/deliangdisplay.com\/fr\/wp-json\/wp\/v2\/product_brand?post=41426"},{"taxonomy":"product_cat","embeddable":true,"href":"https:\/\/deliangdisplay.com\/fr\/wp-json\/wp\/v2\/product_cat?post=41426"},{"taxonomy":"product_tag","embeddable":true,"href":"https:\/\/deliangdisplay.com\/fr\/wp-json\/wp\/v2\/product_tag?post=41426"}],"curies":[{"name":"wp","href":"https:\/\/api.w.org\/{rel}","templated":true}]}}