{"id":41421,"date":"2025-07-31T18:06:08","date_gmt":"2025-07-31T10:06:08","guid":{"rendered":"https:\/\/deliangdisplay.com\/?post_type=product&#038;p=41421"},"modified":"2025-07-31T18:06:08","modified_gmt":"2025-07-31T10:06:08","slug":"porte-bracelet-3-niveaux-presentoir-t-bar-detachable-beige-velours-porte-bracelet-porte-bijoux-organisateur-pour-bracelet-collier-montres-bagues","status":"publish","type":"product","link":"https:\/\/deliangdisplay.com\/fr\/notre-produit\/accessoires\/barrettes-a-bangle\/porte-bracelet-3-niveaux-presentoir-t-bar-detachable-beige-velours-porte-bracelet-porte-bijoux-organisateur-pour-bracelet-collier-montres-bagues\/","title":{"rendered":"Porte-bracelet \u00e0 3 niveaux - Porte-bracelet amovible en velours beige, organiseur de porte-bijoux pour bracelets, colliers, montres et bagues"},"content":{"rendered":"<p>Fabriqu\u00e9 en velours beige de haute qualit\u00e9 et en m\u00e9tal dor\u00e9, le porte-bracelet rendra vos bijoux plus beaux et les prot\u00e9gera contre les dommages, les rayures et l'usure.<\/p>\n<p>Le pr\u00e9sentoir porte-bracelet comporte 3 tiges pour accueillir une douzaine de bracelets, colliers, attaches de cheveux et chouchous. Le plateau \u00e0 bagues peut contenir une douzaine de bagues, et un autre plateau est parfait pour ranger le rouge \u00e0 l\u00e8vres et le parfum.<\/p>\n<p>Ce porte-bijoux peut \u00eatre utilis\u00e9 comme d\u00e9coration parfaite pour votre int\u00e9rieur, mais aussi pour organiser et pr\u00e9senter une vari\u00e9t\u00e9 de bijoux et de montres sur les vitrines des magasins de d\u00e9tail, des bijouteries et des horlogeries.<\/p>\n<p>L'ensemble peut \u00eatre d\u00e9mont\u00e9, ce qui permet de le transporter n'importe o\u00f9. Un cadeau parfait pour vos amis et vos proches. Ou bien, offrez-vous ce porte-bracelet fantaisie, vous le m\u00e9ritez bien !<\/p>","protected":false},"excerpt":{"rendered":"<p>Fabriqu\u00e9 en velours beige de qualit\u00e9 sup\u00e9rieure et en m\u00e9tal dor\u00e9, le porte-bracelet rendra vos bijoux plus beaux et les prot\u00e9gera contre les dommages, les rayures et l'usure.<\/p>","protected":false},"featured_media":41423,"comment_status":"open","ping_status":"closed","template":"","meta":{"_acf_changed":false},"product_brand":[],"product_cat":[71],"product_tag":[],"class_list":{"0":"post-41421","1":"product","2":"type-product","3":"status-publish","4":"has-post-thumbnail","6":"product_cat-bangle-bars","8":"first","9":"instock","10":"shipping-taxable","11":"purchasable","12":"product-type-simple"},"acf":[],"yoast_head":"<!-- This site is optimized with the Yoast SEO plugin v27.4 - https:\/\/yoast.com\/product\/yoast-seo-wordpress\/ -->\n<title>3 Tier Bracelet Holder Display - Detachable T Bar Beige Velvet Bracelet Holder, Jewelry Holder Organizer for Bracelet, Necklace, Watches, Rings<\/title>\n<meta name=\"description\" content=\"3 Tier Bracelet Holder Display - Detachable T Bar Beige Velvet Bracelet Holder, Jewelry Holder Organizer for Bracelet, Necklace, Watches, Rings\" \/>\n<meta name=\"robots\" content=\"index, follow, max-snippet:-1, max-image-preview:large, max-video-preview:-1\" \/>\n<link rel=\"canonical\" href=\"https:\/\/deliangdisplay.com\/fr\/notre-produit\/accessoires\/barrettes-a-bangle\/porte-bracelet-3-niveaux-presentoir-t-bar-detachable-beige-velours-porte-bracelet-porte-bijoux-organisateur-pour-bracelet-collier-montres-bagues\/\" \/>\n<meta property=\"og:locale\" content=\"fr_FR\" \/>\n<meta property=\"og:type\" content=\"article\" \/>\n<meta property=\"og:title\" content=\"3 Tier Bracelet Holder Display - Detachable T Bar Beige Velvet Bracelet Holder, Jewelry Holder Organizer for Bracelet, Necklace, Watches, Rings\" \/>\n<meta property=\"og:description\" content=\"3 Tier Bracelet Holder Display - Detachable T Bar Beige Velvet Bracelet Holder, Jewelry Holder Organizer for Bracelet, Necklace, Watches, Rings\" \/>\n<meta property=\"og:url\" content=\"https:\/\/deliangdisplay.com\/fr\/notre-produit\/accessoires\/barrettes-a-bangle\/porte-bracelet-3-niveaux-presentoir-t-bar-detachable-beige-velours-porte-bracelet-porte-bijoux-organisateur-pour-bracelet-collier-montres-bagues\/\" \/>\n<meta property=\"og:site_name\" content=\"DE-LIANG - jewelry,clothes,watch,beauty cosmetics\" \/>\n<meta property=\"article:publisher\" content=\"https:\/\/www.facebook.com\/JaneZhang008\/\" \/>\n<meta property=\"og:image\" content=\"https:\/\/deliangdisplay.com\/wp-content\/uploads\/2025\/07\/120.jpg\" \/>\n\t<meta property=\"og:image:width\" content=\"425\" \/>\n\t<meta property=\"og:image:height\" content=\"425\" \/>\n\t<meta property=\"og:image:type\" content=\"image\/jpeg\" \/>\n<meta name=\"twitter:card\" content=\"summary_large_image\" \/>\n<meta name=\"twitter:site\" content=\"@ly673551729\" \/>\n<meta name=\"twitter:label1\" content=\"Dur\u00e9e de lecture estim\u00e9e\" \/>\n\t<meta name=\"twitter:data1\" content=\"1 minute\" \/>\n<script type=\"application\/ld+json\" class=\"yoast-schema-graph\">{\"@context\":\"https:\\\/\\\/schema.org\",\"@graph\":[{\"@type\":\"WebPage\",\"@id\":\"https:\\\/\\\/deliangdisplay.com\\\/our-product\\\/accessories\\\/bangle-bars\\\/3-tier-bracelet-holder-display-detachable-t-bar-beige-velvet-bracelet-holder-jewelry-holder-organizer-for-bracelet-necklace-watches-rings\\\/\",\"url\":\"https:\\\/\\\/deliangdisplay.com\\\/our-product\\\/accessories\\\/bangle-bars\\\/3-tier-bracelet-holder-display-detachable-t-bar-beige-velvet-bracelet-holder-jewelry-holder-organizer-for-bracelet-necklace-watches-rings\\\/\",\"name\":\"3 Tier Bracelet Holder Display - Detachable T Bar Beige Velvet Bracelet Holder, Jewelry Holder Organizer for Bracelet, Necklace, Watches, Rings\",\"isPartOf\":{\"@id\":\"https:\\\/\\\/deliangdisplay.com\\\/#website\"},\"primaryImageOfPage\":{\"@id\":\"https:\\\/\\\/deliangdisplay.com\\\/our-product\\\/accessories\\\/bangle-bars\\\/3-tier-bracelet-holder-display-detachable-t-bar-beige-velvet-bracelet-holder-jewelry-holder-organizer-for-bracelet-necklace-watches-rings\\\/#primaryimage\"},\"image\":{\"@id\":\"https:\\\/\\\/deliangdisplay.com\\\/our-product\\\/accessories\\\/bangle-bars\\\/3-tier-bracelet-holder-display-detachable-t-bar-beige-velvet-bracelet-holder-jewelry-holder-organizer-for-bracelet-necklace-watches-rings\\\/#primaryimage\"},\"thumbnailUrl\":\"https:\\\/\\\/deliangdisplay.com\\\/wp-content\\\/uploads\\\/2025\\\/07\\\/120.jpg\",\"datePublished\":\"2025-07-31T10:06:08+00:00\",\"description\":\"3 Tier Bracelet Holder Display - Detachable T Bar Beige Velvet Bracelet Holder, Jewelry Holder Organizer for Bracelet, Necklace, Watches, Rings\",\"breadcrumb\":{\"@id\":\"https:\\\/\\\/deliangdisplay.com\\\/our-product\\\/accessories\\\/bangle-bars\\\/3-tier-bracelet-holder-display-detachable-t-bar-beige-velvet-bracelet-holder-jewelry-holder-organizer-for-bracelet-necklace-watches-rings\\\/#breadcrumb\"},\"inLanguage\":\"fr-FR\",\"potentialAction\":[{\"@type\":\"ReadAction\",\"target\":[\"https:\\\/\\\/deliangdisplay.com\\\/our-product\\\/accessories\\\/bangle-bars\\\/3-tier-bracelet-holder-display-detachable-t-bar-beige-velvet-bracelet-holder-jewelry-holder-organizer-for-bracelet-necklace-watches-rings\\\/\"]}]},{\"@type\":\"ImageObject\",\"inLanguage\":\"fr-FR\",\"@id\":\"https:\\\/\\\/deliangdisplay.com\\\/our-product\\\/accessories\\\/bangle-bars\\\/3-tier-bracelet-holder-display-detachable-t-bar-beige-velvet-bracelet-holder-jewelry-holder-organizer-for-bracelet-necklace-watches-rings\\\/#primaryimage\",\"url\":\"https:\\\/\\\/deliangdisplay.com\\\/wp-content\\\/uploads\\\/2025\\\/07\\\/120.jpg\",\"contentUrl\":\"https:\\\/\\\/deliangdisplay.com\\\/wp-content\\\/uploads\\\/2025\\\/07\\\/120.jpg\",\"width\":425,\"height\":425},{\"@type\":\"BreadcrumbList\",\"@id\":\"https:\\\/\\\/deliangdisplay.com\\\/our-product\\\/accessories\\\/bangle-bars\\\/3-tier-bracelet-holder-display-detachable-t-bar-beige-velvet-bracelet-holder-jewelry-holder-organizer-for-bracelet-necklace-watches-rings\\\/#breadcrumb\",\"itemListElement\":[{\"@type\":\"ListItem\",\"position\":1,\"name\":\"\u9996\u9875\",\"item\":\"https:\\\/\\\/deliangdisplay.com\\\/\"},{\"@type\":\"ListItem\",\"position\":2,\"name\":\"Our Product\",\"item\":\"https:\\\/\\\/deliangdisplay.com\\\/our-product\\\/\"},{\"@type\":\"ListItem\",\"position\":3,\"name\":\"3 Tier Bracelet Holder Display &#8211; Detachable T Bar Beige Velvet Bracelet Holder, Jewelry Holder Organizer for Bracelet, Necklace, Watches, Rings\"}]},{\"@type\":\"WebSite\",\"@id\":\"https:\\\/\\\/deliangdisplay.com\\\/#website\",\"url\":\"https:\\\/\\\/deliangdisplay.com\\\/\",\"name\":\"deliangdisplay.com\",\"description\":\"DE-LIANG - Providing bespoke packaging solutions and luxurious display design services for brands in jewelry, apparel, watches, beauty cosmetics, and more.\",\"publisher\":{\"@id\":\"https:\\\/\\\/deliangdisplay.com\\\/#organization\"},\"potentialAction\":[{\"@type\":\"SearchAction\",\"target\":{\"@type\":\"EntryPoint\",\"urlTemplate\":\"https:\\\/\\\/deliangdisplay.com\\\/?s={search_term_string}\"},\"query-input\":{\"@type\":\"PropertyValueSpecification\",\"valueRequired\":true,\"valueName\":\"search_term_string\"}}],\"inLanguage\":\"fr-FR\"},{\"@type\":\"Organization\",\"@id\":\"https:\\\/\\\/deliangdisplay.com\\\/#organization\",\"name\":\"deliangdisplay.com\",\"url\":\"https:\\\/\\\/deliangdisplay.com\\\/\",\"logo\":{\"@type\":\"ImageObject\",\"inLanguage\":\"fr-FR\",\"@id\":\"https:\\\/\\\/deliangdisplay.com\\\/#\\\/schema\\\/logo\\\/image\\\/\",\"url\":\"https:\\\/\\\/deliangdisplay.com\\\/wp-content\\\/uploads\\\/2025\\\/08\\\/DELIANGDISPALY_logo.png\",\"contentUrl\":\"https:\\\/\\\/deliangdisplay.com\\\/wp-content\\\/uploads\\\/2025\\\/08\\\/DELIANGDISPALY_logo.png\",\"width\":300,\"height\":130,\"caption\":\"deliangdisplay.com\"},\"image\":{\"@id\":\"https:\\\/\\\/deliangdisplay.com\\\/#\\\/schema\\\/logo\\\/image\\\/\"},\"sameAs\":[\"https:\\\/\\\/www.facebook.com\\\/JaneZhang008\\\/\",\"https:\\\/\\\/x.com\\\/ly673551729\"]}]}<\/script>\n<!-- \/ Yoast SEO plugin. -->","yoast_head_json":{"title":"Porte-bracelet \u00e0 3 niveaux - Porte-bracelet amovible en velours beige, organiseur de porte-bijoux pour bracelets, colliers, montres et bagues","description":"Porte-bracelet \u00e0 3 niveaux - Porte-bracelet amovible en velours beige, organiseur de porte-bijoux pour bracelets, colliers, montres et bagues","robots":{"index":"index","follow":"follow","max-snippet":"max-snippet:-1","max-image-preview":"max-image-preview:large","max-video-preview":"max-video-preview:-1"},"canonical":"https:\/\/deliangdisplay.com\/fr\/notre-produit\/accessoires\/barrettes-a-bangle\/porte-bracelet-3-niveaux-presentoir-t-bar-detachable-beige-velours-porte-bracelet-porte-bijoux-organisateur-pour-bracelet-collier-montres-bagues\/","og_locale":"fr_FR","og_type":"article","og_title":"3 Tier Bracelet Holder Display - Detachable T Bar Beige Velvet Bracelet Holder, Jewelry Holder Organizer for Bracelet, Necklace, Watches, Rings","og_description":"3 Tier Bracelet Holder Display - Detachable T Bar Beige Velvet Bracelet Holder, Jewelry Holder Organizer for Bracelet, Necklace, Watches, Rings","og_url":"https:\/\/deliangdisplay.com\/fr\/notre-produit\/accessoires\/barrettes-a-bangle\/porte-bracelet-3-niveaux-presentoir-t-bar-detachable-beige-velours-porte-bracelet-porte-bijoux-organisateur-pour-bracelet-collier-montres-bagues\/","og_site_name":"DE-LIANG - jewelry,clothes,watch,beauty cosmetics","article_publisher":"https:\/\/www.facebook.com\/JaneZhang008\/","og_image":[{"width":425,"height":425,"url":"https:\/\/deliangdisplay.com\/wp-content\/uploads\/2025\/07\/120.jpg","type":"image\/jpeg"}],"twitter_card":"summary_large_image","twitter_site":"@ly673551729","twitter_misc":{"Dur\u00e9e de lecture estim\u00e9e":"1 minute"},"schema":{"@context":"https:\/\/schema.org","@graph":[{"@type":"WebPage","@id":"https:\/\/deliangdisplay.com\/our-product\/accessories\/bangle-bars\/3-tier-bracelet-holder-display-detachable-t-bar-beige-velvet-bracelet-holder-jewelry-holder-organizer-for-bracelet-necklace-watches-rings\/","url":"https:\/\/deliangdisplay.com\/our-product\/accessories\/bangle-bars\/3-tier-bracelet-holder-display-detachable-t-bar-beige-velvet-bracelet-holder-jewelry-holder-organizer-for-bracelet-necklace-watches-rings\/","name":"Porte-bracelet \u00e0 3 niveaux - Porte-bracelet amovible en velours beige, organiseur de porte-bijoux pour bracelets, colliers, montres et bagues","isPartOf":{"@id":"https:\/\/deliangdisplay.com\/#website"},"primaryImageOfPage":{"@id":"https:\/\/deliangdisplay.com\/our-product\/accessories\/bangle-bars\/3-tier-bracelet-holder-display-detachable-t-bar-beige-velvet-bracelet-holder-jewelry-holder-organizer-for-bracelet-necklace-watches-rings\/#primaryimage"},"image":{"@id":"https:\/\/deliangdisplay.com\/our-product\/accessories\/bangle-bars\/3-tier-bracelet-holder-display-detachable-t-bar-beige-velvet-bracelet-holder-jewelry-holder-organizer-for-bracelet-necklace-watches-rings\/#primaryimage"},"thumbnailUrl":"https:\/\/deliangdisplay.com\/wp-content\/uploads\/2025\/07\/120.jpg","datePublished":"2025-07-31T10:06:08+00:00","description":"Porte-bracelet \u00e0 3 niveaux - Porte-bracelet amovible en velours beige, organiseur de porte-bijoux pour bracelets, colliers, montres et bagues","breadcrumb":{"@id":"https:\/\/deliangdisplay.com\/our-product\/accessories\/bangle-bars\/3-tier-bracelet-holder-display-detachable-t-bar-beige-velvet-bracelet-holder-jewelry-holder-organizer-for-bracelet-necklace-watches-rings\/#breadcrumb"},"inLanguage":"fr-FR","potentialAction":[{"@type":"ReadAction","target":["https:\/\/deliangdisplay.com\/our-product\/accessories\/bangle-bars\/3-tier-bracelet-holder-display-detachable-t-bar-beige-velvet-bracelet-holder-jewelry-holder-organizer-for-bracelet-necklace-watches-rings\/"]}]},{"@type":"ImageObject","inLanguage":"fr-FR","@id":"https:\/\/deliangdisplay.com\/our-product\/accessories\/bangle-bars\/3-tier-bracelet-holder-display-detachable-t-bar-beige-velvet-bracelet-holder-jewelry-holder-organizer-for-bracelet-necklace-watches-rings\/#primaryimage","url":"https:\/\/deliangdisplay.com\/wp-content\/uploads\/2025\/07\/120.jpg","contentUrl":"https:\/\/deliangdisplay.com\/wp-content\/uploads\/2025\/07\/120.jpg","width":425,"height":425},{"@type":"BreadcrumbList","@id":"https:\/\/deliangdisplay.com\/our-product\/accessories\/bangle-bars\/3-tier-bracelet-holder-display-detachable-t-bar-beige-velvet-bracelet-holder-jewelry-holder-organizer-for-bracelet-necklace-watches-rings\/#breadcrumb","itemListElement":[{"@type":"ListItem","position":1,"name":"\u9996\u9875","item":"https:\/\/deliangdisplay.com\/"},{"@type":"ListItem","position":2,"name":"Our Product","item":"https:\/\/deliangdisplay.com\/our-product\/"},{"@type":"ListItem","position":3,"name":"3 Tier Bracelet Holder Display &#8211; Detachable T Bar Beige Velvet Bracelet Holder, Jewelry Holder Organizer for Bracelet, Necklace, Watches, Rings"}]},{"@type":"WebSite","@id":"https:\/\/deliangdisplay.com\/#website","url":"https:\/\/deliangdisplay.com\/","name":"deliangdisplay.com","description":"DE-LIANG - Fournit des solutions d'emballage sur mesure et des services de conception de pr\u00e9sentoirs luxueux pour les marques de bijoux, de v\u00eatements, de montres, de produits de beaut\u00e9 et de cosm\u00e9tiques, et plus encore.","publisher":{"@id":"https:\/\/deliangdisplay.com\/#organization"},"potentialAction":[{"@type":"SearchAction","target":{"@type":"EntryPoint","urlTemplate":"https:\/\/deliangdisplay.com\/?s={search_term_string}"},"query-input":{"@type":"PropertyValueSpecification","valueRequired":true,"valueName":"search_term_string"}}],"inLanguage":"fr-FR"},{"@type":"Organization","@id":"https:\/\/deliangdisplay.com\/#organization","name":"deliangdisplay.com","url":"https:\/\/deliangdisplay.com\/","logo":{"@type":"ImageObject","inLanguage":"fr-FR","@id":"https:\/\/deliangdisplay.com\/#\/schema\/logo\/image\/","url":"https:\/\/deliangdisplay.com\/wp-content\/uploads\/2025\/08\/DELIANGDISPALY_logo.png","contentUrl":"https:\/\/deliangdisplay.com\/wp-content\/uploads\/2025\/08\/DELIANGDISPALY_logo.png","width":300,"height":130,"caption":"deliangdisplay.com"},"image":{"@id":"https:\/\/deliangdisplay.com\/#\/schema\/logo\/image\/"},"sameAs":["https:\/\/www.facebook.com\/JaneZhang008\/","https:\/\/x.com\/ly673551729"]}]}},"_links":{"self":[{"href":"https:\/\/deliangdisplay.com\/fr\/wp-json\/wp\/v2\/product\/41421","targetHints":{"allow":["GET"]}}],"collection":[{"href":"https:\/\/deliangdisplay.com\/fr\/wp-json\/wp\/v2\/product"}],"about":[{"href":"https:\/\/deliangdisplay.com\/fr\/wp-json\/wp\/v2\/types\/product"}],"replies":[{"embeddable":true,"href":"https:\/\/deliangdisplay.com\/fr\/wp-json\/wp\/v2\/comments?post=41421"}],"wp:featuredmedia":[{"embeddable":true,"href":"https:\/\/deliangdisplay.com\/fr\/wp-json\/wp\/v2\/media\/41423"}],"wp:attachment":[{"href":"https:\/\/deliangdisplay.com\/fr\/wp-json\/wp\/v2\/media?parent=41421"}],"wp:term":[{"taxonomy":"product_brand","embeddable":true,"href":"https:\/\/deliangdisplay.com\/fr\/wp-json\/wp\/v2\/product_brand?post=41421"},{"taxonomy":"product_cat","embeddable":true,"href":"https:\/\/deliangdisplay.com\/fr\/wp-json\/wp\/v2\/product_cat?post=41421"},{"taxonomy":"product_tag","embeddable":true,"href":"https:\/\/deliangdisplay.com\/fr\/wp-json\/wp\/v2\/product_tag?post=41421"}],"curies":[{"name":"wp","href":"https:\/\/api.w.org\/{rel}","templated":true}]}}