{"id":41417,"date":"2025-07-31T17:43:49","date_gmt":"2025-07-31T09:43:49","guid":{"rendered":"https:\/\/deliangdisplay.com\/?post_type=product&#038;p=41417"},"modified":"2025-09-03T09:58:38","modified_gmt":"2025-09-03T01:58:38","slug":"coffret-de-montre-en-cuir-bleu-marine-personnalise-coffret-de-montre-en-cuir-a-5-fentes-cadeaux-pour-hommes-coffret-de-montre-pour-hommes-cadeau-danniversaire-cadeau-pour-la-fete-des-peres","status":"publish","type":"product","link":"https:\/\/deliangdisplay.com\/fr\/notre-produit\/emballage\/monde-de-lhorlogerie-de-luxe\/coffret-de-montre-en-cuir-bleu-marine-personnalise-coffret-de-montre-en-cuir-a-5-fentes-cadeaux-pour-hommes-coffret-de-montre-pour-hommes-cadeau-danniversaire-cadeau-pour-la-fete-des-peres\/","title":{"rendered":"Bo\u00eete \u00e0 montres personnalis\u00e9e en cuir PU bleu marine, \u00e9tui \u00e0 montres en cuir \u00e0 5 fentes, cadeaux pour hommes, \u00e9tui \u00e0 montres pour hommes, cadeau d'anniversaire, cadeau pour la f\u00eate des p\u00e8res"},"content":{"rendered":"<h4>Haute qualit\u00e9<\/h4>\n<p>Cette bo\u00eete \u00e0 montres est fabriqu\u00e9e en cuir PU de qualit\u00e9 sup\u00e9rieure, confortable au toucher, facile \u00e0 nettoyer et \u00e0 entretenir.<\/p>\n<h4>Couvercle en verre transparent<\/h4>\n<p>La fen\u00eatre transparente vous permet d'exposer vos montres dans un magasin ou sur votre table de toilette. Le mat\u00e9riau robuste prot\u00e8ge vos montres et vos bijoux.<\/p>\n<h4>Oreillers moelleux<\/h4>\n<p>Les coussins sont souples et amovibles, et peuvent prot\u00e9ger vos montres et colliers contre les rayures et les frottements.<\/p>\n<h4>Grand espace de stockage<\/h4>\n<p>Chaque compartiment est dot\u00e9 d'un coussin amovible pour ranger votre montre, votre bague, votre collier et d'autres accessoires.<\/p>\n<h4>Boucle en m\u00e9tal<\/h4>\n<p>Boucle classique en m\u00e9tal \u00e9lectroplaqu\u00e9, durable \u00e0 l'usage. De style moderne, il met en valeur votre charme unique.<\/p>\n<h4>Cadeau id\u00e9al<\/h4>\n<p>L'ext\u00e9rieur de la bo\u00eete \u00e0 montres en cuir synth\u00e9tique, en bois masqu\u00e9 et en verre v\u00e9ritable, d'aspect luxueux, est le meilleur choix pour No\u00ebl, les anniversaires, la f\u00eate des m\u00e8res, la f\u00eate des p\u00e8res et pour les collectionneurs de montres.<\/p>","protected":false},"excerpt":{"rendered":"<p>Cette bo\u00eete \u00e0 montres est fabriqu\u00e9e en cuir PU de qualit\u00e9 sup\u00e9rieure, confortable au toucher, facile \u00e0 nettoyer et \u00e0 entretenir.<\/p>\n<p>La fen\u00eatre transparente vous permet d'exposer vos montres dans un magasin ou sur votre table de toilette. Le mat\u00e9riau robuste prot\u00e8ge vos montres et vos bijoux.<\/p>","protected":false},"featured_media":41418,"comment_status":"open","ping_status":"closed","template":"","meta":{"_acf_changed":false},"product_brand":[],"product_cat":[44],"product_tag":[],"class_list":{"0":"post-41417","1":"product","2":"type-product","3":"status-publish","4":"has-post-thumbnail","6":"product_cat-luxury-watch-world","8":"first","9":"instock","10":"shipping-taxable","11":"purchasable","12":"product-type-simple"},"acf":[],"yoast_head":"<!-- This site is optimized with the Yoast SEO plugin v27.4 - https:\/\/yoast.com\/product\/yoast-seo-wordpress\/ -->\n<title>Custom Navy Blue PU Leather Watch Box, 5 Slot Leather Watch Case, Groomsmen Gifts, Men Watch Case, Anniversary Gift, Father&#039;s Day Gift - DE-LIANG - jewelry,clothes,watch,beauty cosmetics<\/title>\n<meta name=\"robots\" content=\"index, follow, max-snippet:-1, max-image-preview:large, max-video-preview:-1\" \/>\n<link rel=\"canonical\" href=\"https:\/\/deliangdisplay.com\/fr\/notre-produit\/emballage\/monde-de-lhorlogerie-de-luxe\/coffret-de-montre-en-cuir-bleu-marine-personnalise-coffret-de-montre-en-cuir-a-5-fentes-cadeaux-pour-hommes-coffret-de-montre-pour-hommes-cadeau-danniversaire-cadeau-pour-la-fete-des-peres\/\" \/>\n<meta property=\"og:locale\" content=\"fr_FR\" \/>\n<meta property=\"og:type\" content=\"article\" \/>\n<meta property=\"og:title\" content=\"Custom Navy Blue PU Leather Watch Box, 5 Slot Leather Watch Case, Groomsmen Gifts, Men Watch Case, Anniversary Gift, Father&#039;s Day Gift - DE-LIANG - jewelry,clothes,watch,beauty cosmetics\" \/>\n<meta property=\"og:description\" content=\"This watch box is made of superior PU leather, comfortable touch feeling, easy to clean and maintain.  Transparent window helps you to display your watches whatever in a shop or on your dressing table. Sturdy material protects your watches and jewelries.\" \/>\n<meta property=\"og:url\" content=\"https:\/\/deliangdisplay.com\/fr\/notre-produit\/emballage\/monde-de-lhorlogerie-de-luxe\/coffret-de-montre-en-cuir-bleu-marine-personnalise-coffret-de-montre-en-cuir-a-5-fentes-cadeaux-pour-hommes-coffret-de-montre-pour-hommes-cadeau-danniversaire-cadeau-pour-la-fete-des-peres\/\" \/>\n<meta property=\"og:site_name\" content=\"DE-LIANG - jewelry,clothes,watch,beauty cosmetics\" \/>\n<meta property=\"article:publisher\" content=\"https:\/\/www.facebook.com\/JaneZhang008\/\" \/>\n<meta property=\"article:modified_time\" content=\"2025-09-03T01:58:38+00:00\" \/>\n<meta property=\"og:image\" content=\"https:\/\/deliangdisplay.com\/wp-content\/uploads\/2025\/07\/2-2.jpg\" \/>\n\t<meta property=\"og:image:width\" content=\"1000\" \/>\n\t<meta property=\"og:image:height\" content=\"1000\" \/>\n\t<meta property=\"og:image:type\" content=\"image\/jpeg\" \/>\n<meta name=\"twitter:card\" content=\"summary_large_image\" \/>\n<meta name=\"twitter:site\" content=\"@ly673551729\" \/>\n<meta name=\"twitter:label1\" content=\"Dur\u00e9e de lecture estim\u00e9e\" \/>\n\t<meta name=\"twitter:data1\" content=\"1 minute\" \/>\n<script type=\"application\/ld+json\" class=\"yoast-schema-graph\">{\"@context\":\"https:\\\/\\\/schema.org\",\"@graph\":[{\"@type\":\"WebPage\",\"@id\":\"https:\\\/\\\/deliangdisplay.com\\\/our-product\\\/packaging\\\/luxury-watch-world\\\/custom-navy-blue-pu-leather-watch-box-5-slot-leather-watch-case-groomsmen-gifts-men-watch-case-anniversary-gift-fathers-day-gift\\\/\",\"url\":\"https:\\\/\\\/deliangdisplay.com\\\/our-product\\\/packaging\\\/luxury-watch-world\\\/custom-navy-blue-pu-leather-watch-box-5-slot-leather-watch-case-groomsmen-gifts-men-watch-case-anniversary-gift-fathers-day-gift\\\/\",\"name\":\"Custom Navy Blue PU Leather Watch Box, 5 Slot Leather Watch Case, Groomsmen Gifts, Men Watch Case, Anniversary Gift, Father's Day Gift - DE-LIANG - jewelry,clothes,watch,beauty cosmetics\",\"isPartOf\":{\"@id\":\"https:\\\/\\\/deliangdisplay.com\\\/#website\"},\"primaryImageOfPage\":{\"@id\":\"https:\\\/\\\/deliangdisplay.com\\\/our-product\\\/packaging\\\/luxury-watch-world\\\/custom-navy-blue-pu-leather-watch-box-5-slot-leather-watch-case-groomsmen-gifts-men-watch-case-anniversary-gift-fathers-day-gift\\\/#primaryimage\"},\"image\":{\"@id\":\"https:\\\/\\\/deliangdisplay.com\\\/our-product\\\/packaging\\\/luxury-watch-world\\\/custom-navy-blue-pu-leather-watch-box-5-slot-leather-watch-case-groomsmen-gifts-men-watch-case-anniversary-gift-fathers-day-gift\\\/#primaryimage\"},\"thumbnailUrl\":\"https:\\\/\\\/deliangdisplay.com\\\/wp-content\\\/uploads\\\/2025\\\/07\\\/2-2.jpg\",\"datePublished\":\"2025-07-31T09:43:49+00:00\",\"dateModified\":\"2025-09-03T01:58:38+00:00\",\"breadcrumb\":{\"@id\":\"https:\\\/\\\/deliangdisplay.com\\\/our-product\\\/packaging\\\/luxury-watch-world\\\/custom-navy-blue-pu-leather-watch-box-5-slot-leather-watch-case-groomsmen-gifts-men-watch-case-anniversary-gift-fathers-day-gift\\\/#breadcrumb\"},\"inLanguage\":\"fr-FR\",\"potentialAction\":[{\"@type\":\"ReadAction\",\"target\":[\"https:\\\/\\\/deliangdisplay.com\\\/our-product\\\/packaging\\\/luxury-watch-world\\\/custom-navy-blue-pu-leather-watch-box-5-slot-leather-watch-case-groomsmen-gifts-men-watch-case-anniversary-gift-fathers-day-gift\\\/\"]}]},{\"@type\":\"ImageObject\",\"inLanguage\":\"fr-FR\",\"@id\":\"https:\\\/\\\/deliangdisplay.com\\\/our-product\\\/packaging\\\/luxury-watch-world\\\/custom-navy-blue-pu-leather-watch-box-5-slot-leather-watch-case-groomsmen-gifts-men-watch-case-anniversary-gift-fathers-day-gift\\\/#primaryimage\",\"url\":\"https:\\\/\\\/deliangdisplay.com\\\/wp-content\\\/uploads\\\/2025\\\/07\\\/2-2.jpg\",\"contentUrl\":\"https:\\\/\\\/deliangdisplay.com\\\/wp-content\\\/uploads\\\/2025\\\/07\\\/2-2.jpg\",\"width\":1000,\"height\":1000},{\"@type\":\"BreadcrumbList\",\"@id\":\"https:\\\/\\\/deliangdisplay.com\\\/our-product\\\/packaging\\\/luxury-watch-world\\\/custom-navy-blue-pu-leather-watch-box-5-slot-leather-watch-case-groomsmen-gifts-men-watch-case-anniversary-gift-fathers-day-gift\\\/#breadcrumb\",\"itemListElement\":[{\"@type\":\"ListItem\",\"position\":1,\"name\":\"\u9996\u9875\",\"item\":\"https:\\\/\\\/deliangdisplay.com\\\/\"},{\"@type\":\"ListItem\",\"position\":2,\"name\":\"Our Product\",\"item\":\"https:\\\/\\\/deliangdisplay.com\\\/our-product\\\/\"},{\"@type\":\"ListItem\",\"position\":3,\"name\":\"Custom Navy Blue PU Leather Watch Box, 5 Slot Leather Watch Case, Groomsmen Gifts, Men Watch Case, Anniversary Gift, Father&#8217;s Day Gift\"}]},{\"@type\":\"WebSite\",\"@id\":\"https:\\\/\\\/deliangdisplay.com\\\/#website\",\"url\":\"https:\\\/\\\/deliangdisplay.com\\\/\",\"name\":\"deliangdisplay.com\",\"description\":\"DE-LIANG - Providing bespoke packaging solutions and luxurious display design services for brands in jewelry, apparel, watches, beauty cosmetics, and more.\",\"publisher\":{\"@id\":\"https:\\\/\\\/deliangdisplay.com\\\/#organization\"},\"potentialAction\":[{\"@type\":\"SearchAction\",\"target\":{\"@type\":\"EntryPoint\",\"urlTemplate\":\"https:\\\/\\\/deliangdisplay.com\\\/?s={search_term_string}\"},\"query-input\":{\"@type\":\"PropertyValueSpecification\",\"valueRequired\":true,\"valueName\":\"search_term_string\"}}],\"inLanguage\":\"fr-FR\"},{\"@type\":\"Organization\",\"@id\":\"https:\\\/\\\/deliangdisplay.com\\\/#organization\",\"name\":\"deliangdisplay.com\",\"url\":\"https:\\\/\\\/deliangdisplay.com\\\/\",\"logo\":{\"@type\":\"ImageObject\",\"inLanguage\":\"fr-FR\",\"@id\":\"https:\\\/\\\/deliangdisplay.com\\\/#\\\/schema\\\/logo\\\/image\\\/\",\"url\":\"https:\\\/\\\/deliangdisplay.com\\\/wp-content\\\/uploads\\\/2025\\\/08\\\/DELIANGDISPALY_logo.png\",\"contentUrl\":\"https:\\\/\\\/deliangdisplay.com\\\/wp-content\\\/uploads\\\/2025\\\/08\\\/DELIANGDISPALY_logo.png\",\"width\":300,\"height\":130,\"caption\":\"deliangdisplay.com\"},\"image\":{\"@id\":\"https:\\\/\\\/deliangdisplay.com\\\/#\\\/schema\\\/logo\\\/image\\\/\"},\"sameAs\":[\"https:\\\/\\\/www.facebook.com\\\/JaneZhang008\\\/\",\"https:\\\/\\\/x.com\\\/ly673551729\"]}]}<\/script>\n<!-- \/ Yoast SEO plugin. -->","yoast_head_json":{"title":"Bo\u00eete \u00e0 montres en cuir PU bleu marine, \u00e9tui \u00e0 montres en cuir \u00e0 5 fentes, cadeau pour homme, cadeau d'anniversaire, cadeau pour la f\u00eate des p\u00e8res - DE-LIANG - bijouterie,joaillerie,horlogerie,beaut\u00e9,cosm\u00e9tique","robots":{"index":"index","follow":"follow","max-snippet":"max-snippet:-1","max-image-preview":"max-image-preview:large","max-video-preview":"max-video-preview:-1"},"canonical":"https:\/\/deliangdisplay.com\/fr\/notre-produit\/emballage\/monde-de-lhorlogerie-de-luxe\/coffret-de-montre-en-cuir-bleu-marine-personnalise-coffret-de-montre-en-cuir-a-5-fentes-cadeaux-pour-hommes-coffret-de-montre-pour-hommes-cadeau-danniversaire-cadeau-pour-la-fete-des-peres\/","og_locale":"fr_FR","og_type":"article","og_title":"Custom Navy Blue PU Leather Watch Box, 5 Slot Leather Watch Case, Groomsmen Gifts, Men Watch Case, Anniversary Gift, Father's Day Gift - DE-LIANG - jewelry,clothes,watch,beauty cosmetics","og_description":"This watch box is made of superior PU leather, comfortable touch feeling, easy to clean and maintain.  Transparent window helps you to display your watches whatever in a shop or on your dressing table. Sturdy material protects your watches and jewelries.","og_url":"https:\/\/deliangdisplay.com\/fr\/notre-produit\/emballage\/monde-de-lhorlogerie-de-luxe\/coffret-de-montre-en-cuir-bleu-marine-personnalise-coffret-de-montre-en-cuir-a-5-fentes-cadeaux-pour-hommes-coffret-de-montre-pour-hommes-cadeau-danniversaire-cadeau-pour-la-fete-des-peres\/","og_site_name":"DE-LIANG - jewelry,clothes,watch,beauty cosmetics","article_publisher":"https:\/\/www.facebook.com\/JaneZhang008\/","article_modified_time":"2025-09-03T01:58:38+00:00","og_image":[{"width":1000,"height":1000,"url":"https:\/\/deliangdisplay.com\/wp-content\/uploads\/2025\/07\/2-2.jpg","type":"image\/jpeg"}],"twitter_card":"summary_large_image","twitter_site":"@ly673551729","twitter_misc":{"Dur\u00e9e de lecture estim\u00e9e":"1 minute"},"schema":{"@context":"https:\/\/schema.org","@graph":[{"@type":"WebPage","@id":"https:\/\/deliangdisplay.com\/our-product\/packaging\/luxury-watch-world\/custom-navy-blue-pu-leather-watch-box-5-slot-leather-watch-case-groomsmen-gifts-men-watch-case-anniversary-gift-fathers-day-gift\/","url":"https:\/\/deliangdisplay.com\/our-product\/packaging\/luxury-watch-world\/custom-navy-blue-pu-leather-watch-box-5-slot-leather-watch-case-groomsmen-gifts-men-watch-case-anniversary-gift-fathers-day-gift\/","name":"Bo\u00eete \u00e0 montres en cuir PU bleu marine, \u00e9tui \u00e0 montres en cuir \u00e0 5 fentes, cadeau pour homme, cadeau d'anniversaire, cadeau pour la f\u00eate des p\u00e8res - DE-LIANG - bijouterie,joaillerie,horlogerie,beaut\u00e9,cosm\u00e9tique","isPartOf":{"@id":"https:\/\/deliangdisplay.com\/#website"},"primaryImageOfPage":{"@id":"https:\/\/deliangdisplay.com\/our-product\/packaging\/luxury-watch-world\/custom-navy-blue-pu-leather-watch-box-5-slot-leather-watch-case-groomsmen-gifts-men-watch-case-anniversary-gift-fathers-day-gift\/#primaryimage"},"image":{"@id":"https:\/\/deliangdisplay.com\/our-product\/packaging\/luxury-watch-world\/custom-navy-blue-pu-leather-watch-box-5-slot-leather-watch-case-groomsmen-gifts-men-watch-case-anniversary-gift-fathers-day-gift\/#primaryimage"},"thumbnailUrl":"https:\/\/deliangdisplay.com\/wp-content\/uploads\/2025\/07\/2-2.jpg","datePublished":"2025-07-31T09:43:49+00:00","dateModified":"2025-09-03T01:58:38+00:00","breadcrumb":{"@id":"https:\/\/deliangdisplay.com\/our-product\/packaging\/luxury-watch-world\/custom-navy-blue-pu-leather-watch-box-5-slot-leather-watch-case-groomsmen-gifts-men-watch-case-anniversary-gift-fathers-day-gift\/#breadcrumb"},"inLanguage":"fr-FR","potentialAction":[{"@type":"ReadAction","target":["https:\/\/deliangdisplay.com\/our-product\/packaging\/luxury-watch-world\/custom-navy-blue-pu-leather-watch-box-5-slot-leather-watch-case-groomsmen-gifts-men-watch-case-anniversary-gift-fathers-day-gift\/"]}]},{"@type":"ImageObject","inLanguage":"fr-FR","@id":"https:\/\/deliangdisplay.com\/our-product\/packaging\/luxury-watch-world\/custom-navy-blue-pu-leather-watch-box-5-slot-leather-watch-case-groomsmen-gifts-men-watch-case-anniversary-gift-fathers-day-gift\/#primaryimage","url":"https:\/\/deliangdisplay.com\/wp-content\/uploads\/2025\/07\/2-2.jpg","contentUrl":"https:\/\/deliangdisplay.com\/wp-content\/uploads\/2025\/07\/2-2.jpg","width":1000,"height":1000},{"@type":"BreadcrumbList","@id":"https:\/\/deliangdisplay.com\/our-product\/packaging\/luxury-watch-world\/custom-navy-blue-pu-leather-watch-box-5-slot-leather-watch-case-groomsmen-gifts-men-watch-case-anniversary-gift-fathers-day-gift\/#breadcrumb","itemListElement":[{"@type":"ListItem","position":1,"name":"\u9996\u9875","item":"https:\/\/deliangdisplay.com\/"},{"@type":"ListItem","position":2,"name":"Our Product","item":"https:\/\/deliangdisplay.com\/our-product\/"},{"@type":"ListItem","position":3,"name":"Custom Navy Blue PU Leather Watch Box, 5 Slot Leather Watch Case, Groomsmen Gifts, Men Watch Case, Anniversary Gift, Father&#8217;s Day Gift"}]},{"@type":"WebSite","@id":"https:\/\/deliangdisplay.com\/#website","url":"https:\/\/deliangdisplay.com\/","name":"deliangdisplay.com","description":"DE-LIANG - Fournit des solutions d'emballage sur mesure et des services de conception de pr\u00e9sentoirs luxueux pour les marques de bijoux, de v\u00eatements, de montres, de produits de beaut\u00e9 et de cosm\u00e9tiques, et plus encore.","publisher":{"@id":"https:\/\/deliangdisplay.com\/#organization"},"potentialAction":[{"@type":"SearchAction","target":{"@type":"EntryPoint","urlTemplate":"https:\/\/deliangdisplay.com\/?s={search_term_string}"},"query-input":{"@type":"PropertyValueSpecification","valueRequired":true,"valueName":"search_term_string"}}],"inLanguage":"fr-FR"},{"@type":"Organization","@id":"https:\/\/deliangdisplay.com\/#organization","name":"deliangdisplay.com","url":"https:\/\/deliangdisplay.com\/","logo":{"@type":"ImageObject","inLanguage":"fr-FR","@id":"https:\/\/deliangdisplay.com\/#\/schema\/logo\/image\/","url":"https:\/\/deliangdisplay.com\/wp-content\/uploads\/2025\/08\/DELIANGDISPALY_logo.png","contentUrl":"https:\/\/deliangdisplay.com\/wp-content\/uploads\/2025\/08\/DELIANGDISPALY_logo.png","width":300,"height":130,"caption":"deliangdisplay.com"},"image":{"@id":"https:\/\/deliangdisplay.com\/#\/schema\/logo\/image\/"},"sameAs":["https:\/\/www.facebook.com\/JaneZhang008\/","https:\/\/x.com\/ly673551729"]}]}},"_links":{"self":[{"href":"https:\/\/deliangdisplay.com\/fr\/wp-json\/wp\/v2\/product\/41417","targetHints":{"allow":["GET"]}}],"collection":[{"href":"https:\/\/deliangdisplay.com\/fr\/wp-json\/wp\/v2\/product"}],"about":[{"href":"https:\/\/deliangdisplay.com\/fr\/wp-json\/wp\/v2\/types\/product"}],"replies":[{"embeddable":true,"href":"https:\/\/deliangdisplay.com\/fr\/wp-json\/wp\/v2\/comments?post=41417"}],"wp:featuredmedia":[{"embeddable":true,"href":"https:\/\/deliangdisplay.com\/fr\/wp-json\/wp\/v2\/media\/41418"}],"wp:attachment":[{"href":"https:\/\/deliangdisplay.com\/fr\/wp-json\/wp\/v2\/media?parent=41417"}],"wp:term":[{"taxonomy":"product_brand","embeddable":true,"href":"https:\/\/deliangdisplay.com\/fr\/wp-json\/wp\/v2\/product_brand?post=41417"},{"taxonomy":"product_cat","embeddable":true,"href":"https:\/\/deliangdisplay.com\/fr\/wp-json\/wp\/v2\/product_cat?post=41417"},{"taxonomy":"product_tag","embeddable":true,"href":"https:\/\/deliangdisplay.com\/fr\/wp-json\/wp\/v2\/product_tag?post=41417"}],"curies":[{"name":"wp","href":"https:\/\/api.w.org\/{rel}","templated":true}]}}