{"id":44220,"date":"2025-11-13T16:36:14","date_gmt":"2025-11-13T08:36:14","guid":{"rendered":"https:\/\/deliangdisplay.com\/?post_type=product&#038;p=44220"},"modified":"2025-11-13T16:49:30","modified_gmt":"2025-11-13T08:49:30","slug":"multi-uso-de-fibra-de-vidrio-cabeza-de-maniqui-base-estable-para-la-joyeria-accesorios-de-moda","status":"publish","type":"product","link":"https:\/\/deliangdisplay.com\/es\/nuestro-producto\/accesorios\/formas-del-cuello\/multi-uso-de-fibra-de-vidrio-cabeza-de-maniqui-base-estable-para-la-joyeria-accesorios-de-moda\/","title":{"rendered":"Cabeza de maniqu\u00ed de fibra de vidrio multiusos - Base estable para joyer\u00eda y accesorios de moda"},"content":{"rendered":"<h3 class=\"header-iWP5WJ auto-hide-last-sibling-br\" style=\"outline: none; -webkit-font-smoothing: antialiased; box-sizing: border-box; -webkit-tap-highlight-color: rgba(0, 0, 0, 0); border: 0px solid; margin: 12px 0px 0px; padding: 0px; font-size: 16px; line-height: 24px; color: #000000; overflow-anchor: auto; font-family: Inter, -apple-system, BlinkMacSystemFont, 'Segoe UI', 'PingFang SC', 'Hiragino Sans GB', 'Microsoft YaHei', 'Helvetica Neue', Helvetica, Arial, sans-serif;\">Construcci\u00f3n duradera de fibra de vidrio<\/h3>\n<div class=\"auto-hide-last-sibling-br paragraph-pP9ZLC paragraph-element br-paragraph-space\" style=\"outline: none; -webkit-font-smoothing: antialiased; box-sizing: border-box; -webkit-tap-highlight-color: rgba(0, 0, 0, 0); border: 0px solid; margin: 0px; padding: 0px; line-height: 24px; color: #000000; overflow-anchor: auto; font-family: Inter, -apple-system, BlinkMacSystemFont, 'Segoe UI', 'PingFang SC', 'Hiragino Sans GB', 'Microsoft YaHei', 'Helvetica Neue', Helvetica, Arial, sans-serif;\">Fabricada en fibra de vidrio de alta calidad, esta cabeza de maniqu\u00ed es excepcionalmente robusta y duradera. La superficie lisa y elegante resiste los ara\u00f1azos y el desgaste, manteniendo un aspecto pulido incluso con el uso frecuente. Su s\u00f3lida construcci\u00f3n garantiza que mantenga la forma de forma fiable, por lo que es ideal para la exhibici\u00f3n a largo plazo o el peinado repetido.<\/div>\n<h3 class=\"header-iWP5WJ auto-hide-last-sibling-br\" style=\"outline: none; -webkit-font-smoothing: antialiased; box-sizing: border-box; -webkit-tap-highlight-color: rgba(0, 0, 0, 0); border: 0px solid; margin: 12px 0px 0px; padding: 0px; font-size: 16px; line-height: 24px; color: #000000; overflow-anchor: auto; font-family: Inter, -apple-system, BlinkMacSystemFont, 'Segoe UI', 'PingFang SC', 'Hiragino Sans GB', 'Microsoft YaHei', 'Helvetica Neue', Helvetica, Arial, sans-serif;\">Pantalla vers\u00e1til para m\u00faltiples accesorios<\/h3>\n<div class=\"auto-hide-last-sibling-br paragraph-pP9ZLC paragraph-element br-paragraph-space\" style=\"outline: none; -webkit-font-smoothing: antialiased; box-sizing: border-box; -webkit-tap-highlight-color: rgba(0, 0, 0, 0); border: 0px solid; margin: 0px; padding: 0px; line-height: 24px; color: #000000; overflow-anchor: auto; font-family: Inter, -apple-system, BlinkMacSystemFont, 'Segoe UI', 'PingFang SC', 'Hiragino Sans GB', 'Microsoft YaHei', 'Helvetica Neue', Helvetica, Arial, sans-serif;\">Dise\u00f1ado para mostrar una amplia gama de art\u00edculos, es perfecto para exponer pelucas, sombreros, bufandas, collares, pendientes y otros accesorios de moda. Las proporciones reales de las cabezas permiten a los clientes visualizar el aspecto de los productos cuando se llevan puestos, lo que aumenta el inter\u00e9s y ayuda a tomar decisiones de compra.<\/div>\n<h3 class=\"header-iWP5WJ auto-hide-last-sibling-br\" style=\"outline: none; -webkit-font-smoothing: antialiased; box-sizing: border-box; -webkit-tap-highlight-color: rgba(0, 0, 0, 0); border: 0px solid; margin: 12px 0px 0px; padding: 0px; font-size: 16px; line-height: 24px; color: #000000; overflow-anchor: auto; font-family: Inter, -apple-system, BlinkMacSystemFont, 'Segoe UI', 'PingFang SC', 'Hiragino Sans GB', 'Microsoft YaHei', 'Helvetica Neue', Helvetica, Arial, sans-serif;\">Dise\u00f1o estable y pr\u00e1ctico<\/h3>\n<div class=\"auto-hide-last-sibling-br paragraph-pP9ZLC paragraph-element br-paragraph-space\" style=\"outline: none; -webkit-font-smoothing: antialiased; box-sizing: border-box; -webkit-tap-highlight-color: rgba(0, 0, 0, 0); border: 0px solid; margin: 0px; padding: 0px; line-height: 24px; color: #000000; overflow-anchor: auto; font-family: Inter, -apple-system, BlinkMacSystemFont, 'Segoe UI', 'PingFang SC', 'Hiragino Sans GB', 'Microsoft YaHei', 'Helvetica Neue', Helvetica, Arial, sans-serif;\">Equipada con una base lastrada y antideslizante, esta cabeza de maniqu\u00ed se mantiene firmemente anclada en encimeras, estanter\u00edas o fondos fotogr\u00e1ficos. La base estable evita que se vuelque, incluso cuando se peina con art\u00edculos m\u00e1s voluminosos como pelucas largas o sombreros de ala ancha. Su tama\u00f1o compacto ahorra espacio sin dejar de ser llamativo en tiendas o en el hogar.<\/div>\n<h3 class=\"header-iWP5WJ auto-hide-last-sibling-br\" style=\"outline: none; -webkit-font-smoothing: antialiased; box-sizing: border-box; -webkit-tap-highlight-color: rgba(0, 0, 0, 0); border: 0px solid; margin: 12px 0px 0px; padding: 0px; font-size: 16px; line-height: 24px; color: #000000; overflow-anchor: auto; font-family: Inter, -apple-system, BlinkMacSystemFont, 'Segoe UI', 'PingFang SC', 'Hiragino Sans GB', 'Microsoft YaHei', 'Helvetica Neue', Helvetica, Arial, sans-serif;\">Est\u00e9tica atemporal y uso en m\u00faltiples escenarios<\/h3>\n<div class=\"auto-hide-last-sibling-br paragraph-pP9ZLC paragraph-element br-paragraph-space\" style=\"outline: none; -webkit-font-smoothing: antialiased; box-sizing: border-box; -webkit-tap-highlight-color: rgba(0, 0, 0, 0); border: 0px solid; margin: 0px; padding: 0px; line-height: 24px; color: #000000; overflow-anchor: auto; font-family: Inter, -apple-system, BlinkMacSystemFont, 'Segoe UI', 'PingFang SC', 'Hiragino Sans GB', 'Microsoft YaHei', 'Helvetica Neue', Helvetica, Arial, sans-serif;\">Con un dise\u00f1o cl\u00e1sico y neutro, complementa cualquier estilo de decoraci\u00f3n, desde boutiques modernas hasta tiendas de tem\u00e1tica vintage o tocadores dom\u00e9sticos. Es una herramienta vers\u00e1til para expositores minoristas, salones de peluquer\u00eda, fotograf\u00eda de productos u organizaci\u00f3n de colecciones personales, ya que a\u00f1ade un toque profesional a cualquier instalaci\u00f3n sin eclipsar sus productos.<\/div>","protected":false},"excerpt":{"rendered":"<p>Esta duradera cabeza de maniqu\u00ed de fibra de vidrio presenta una superficie elegante y resistente a los ara\u00f1azos y una base estable lastrada. Dise\u00f1ado con proporciones reales, exhibe con seguridad pelucas, sombreros, bufandas, collares, pendientes y accesorios de moda. Ideal para boutiques, salones de pelucas, exposiciones minoristas, fotograf\u00eda de productos o decoraci\u00f3n del hogar, ya que combina una robustez duradera con un estilo vers\u00e1til y profesional.<\/p>","protected":false},"featured_media":44227,"comment_status":"open","ping_status":"closed","template":"","meta":{"_acf_changed":false},"product_brand":[84],"product_cat":[69],"product_tag":[1069,1072,1073,1065,1055,1057,1066,1064,1050,1068,1048,1051,1071,1067,1070],"class_list":{"0":"post-44220","1":"product","2":"type-product","3":"status-publish","4":"has-post-thumbnail","6":"product_brand-de-liang","7":"product_cat-neck-forms","8":"product_tag-boutique-display-model","9":"product_tag-durable-mannequin-head","10":"product_tag-fashion-accessory-display","11":"product_tag-fiberglass-mannequin-head","12":"product_tag-hat-display-model","13":"product_tag-jewelry-display-stand","14":"product_tag-linen-covered-display-head","15":"product_tag-multi-use-display-head","16":"product_tag-product-photography-stand","17":"product_tag-professional-mannequin-head","18":"product_tag-retail-display-prop","19":"product_tag-scarf-display-head","20":"product_tag-stable-display-base","21":"product_tag-wig-display-stand","22":"product_tag-wig-salon-tool","24":"first","25":"instock","26":"shipping-taxable","27":"purchasable","28":"product-type-simple"},"acf":[],"yoast_head":"<!-- This site is optimized with the Yoast SEO plugin v27.4 - https:\/\/yoast.com\/product\/yoast-seo-wordpress\/ -->\n<title>Multi-Use Fiberglass Mannequin Head \u2013 Stable Base for Jewelry &amp; Fashion Accessories - DE-LIANG - jewelry,clothes,watch,beauty cosmetics<\/title>\n<meta name=\"robots\" content=\"index, follow, max-snippet:-1, max-image-preview:large, max-video-preview:-1\" \/>\n<link rel=\"canonical\" href=\"https:\/\/deliangdisplay.com\/es\/nuestro-producto\/accesorios\/formas-del-cuello\/multi-uso-de-fibra-de-vidrio-cabeza-de-maniqui-base-estable-para-la-joyeria-accesorios-de-moda\/\" \/>\n<meta property=\"og:locale\" content=\"es_ES\" \/>\n<meta property=\"og:type\" content=\"article\" \/>\n<meta property=\"og:title\" content=\"Multi-Use Fiberglass Mannequin Head \u2013 Stable Base for Jewelry &amp; Fashion Accessories - DE-LIANG - jewelry,clothes,watch,beauty cosmetics\" \/>\n<meta property=\"og:description\" content=\"This durable fiberglass mannequin head features a sleek, scratch-resistant surface and weighted stable base. Designed with lifelike proportions, it securely displays wigs, hats, scarves, necklaces, earrings, and fashion accessories. Ideal for boutiques, wig salons, retail displays, product photography, or home decor\u2014blending long-lasting sturdiness with versatile, professional styling appeal.\" \/>\n<meta property=\"og:url\" content=\"https:\/\/deliangdisplay.com\/es\/nuestro-producto\/accesorios\/formas-del-cuello\/multi-uso-de-fibra-de-vidrio-cabeza-de-maniqui-base-estable-para-la-joyeria-accesorios-de-moda\/\" \/>\n<meta property=\"og:site_name\" content=\"DE-LIANG - jewelry,clothes,watch,beauty cosmetics\" \/>\n<meta property=\"article:publisher\" content=\"https:\/\/www.facebook.com\/JaneZhang008\/\" \/>\n<meta property=\"article:modified_time\" content=\"2025-11-13T08:49:30+00:00\" \/>\n<meta property=\"og:image\" content=\"https:\/\/deliangdisplay.com\/wp-content\/uploads\/2025\/11\/18-1.webp\" \/>\n\t<meta property=\"og:image:width\" content=\"713\" \/>\n\t<meta property=\"og:image:height\" content=\"713\" \/>\n\t<meta property=\"og:image:type\" content=\"image\/webp\" \/>\n<meta name=\"twitter:card\" content=\"summary_large_image\" \/>\n<meta name=\"twitter:site\" content=\"@ly673551729\" \/>\n<meta name=\"twitter:label1\" content=\"Tiempo de lectura\" \/>\n\t<meta name=\"twitter:data1\" content=\"2 minutos\" \/>\n<script type=\"application\/ld+json\" class=\"yoast-schema-graph\">{\"@context\":\"https:\\\/\\\/schema.org\",\"@graph\":[{\"@type\":\"WebPage\",\"@id\":\"https:\\\/\\\/deliangdisplay.com\\\/our-product\\\/accessories\\\/neck-forms\\\/multi-use-fiberglass-mannequin-head-stable-base-for-jewelry-fashion-accessories\\\/\",\"url\":\"https:\\\/\\\/deliangdisplay.com\\\/our-product\\\/accessories\\\/neck-forms\\\/multi-use-fiberglass-mannequin-head-stable-base-for-jewelry-fashion-accessories\\\/\",\"name\":\"Multi-Use Fiberglass Mannequin Head \u2013 Stable Base for Jewelry & Fashion Accessories - DE-LIANG - jewelry,clothes,watch,beauty cosmetics\",\"isPartOf\":{\"@id\":\"https:\\\/\\\/deliangdisplay.com\\\/#website\"},\"primaryImageOfPage\":{\"@id\":\"https:\\\/\\\/deliangdisplay.com\\\/our-product\\\/accessories\\\/neck-forms\\\/multi-use-fiberglass-mannequin-head-stable-base-for-jewelry-fashion-accessories\\\/#primaryimage\"},\"image\":{\"@id\":\"https:\\\/\\\/deliangdisplay.com\\\/our-product\\\/accessories\\\/neck-forms\\\/multi-use-fiberglass-mannequin-head-stable-base-for-jewelry-fashion-accessories\\\/#primaryimage\"},\"thumbnailUrl\":\"https:\\\/\\\/deliangdisplay.com\\\/wp-content\\\/uploads\\\/2025\\\/11\\\/18-1.webp\",\"datePublished\":\"2025-11-13T08:36:14+00:00\",\"dateModified\":\"2025-11-13T08:49:30+00:00\",\"breadcrumb\":{\"@id\":\"https:\\\/\\\/deliangdisplay.com\\\/our-product\\\/accessories\\\/neck-forms\\\/multi-use-fiberglass-mannequin-head-stable-base-for-jewelry-fashion-accessories\\\/#breadcrumb\"},\"inLanguage\":\"es\",\"potentialAction\":[{\"@type\":\"ReadAction\",\"target\":[\"https:\\\/\\\/deliangdisplay.com\\\/our-product\\\/accessories\\\/neck-forms\\\/multi-use-fiberglass-mannequin-head-stable-base-for-jewelry-fashion-accessories\\\/\"]}]},{\"@type\":\"ImageObject\",\"inLanguage\":\"es\",\"@id\":\"https:\\\/\\\/deliangdisplay.com\\\/our-product\\\/accessories\\\/neck-forms\\\/multi-use-fiberglass-mannequin-head-stable-base-for-jewelry-fashion-accessories\\\/#primaryimage\",\"url\":\"https:\\\/\\\/deliangdisplay.com\\\/wp-content\\\/uploads\\\/2025\\\/11\\\/18-1.webp\",\"contentUrl\":\"https:\\\/\\\/deliangdisplay.com\\\/wp-content\\\/uploads\\\/2025\\\/11\\\/18-1.webp\",\"width\":713,\"height\":713},{\"@type\":\"BreadcrumbList\",\"@id\":\"https:\\\/\\\/deliangdisplay.com\\\/our-product\\\/accessories\\\/neck-forms\\\/multi-use-fiberglass-mannequin-head-stable-base-for-jewelry-fashion-accessories\\\/#breadcrumb\",\"itemListElement\":[{\"@type\":\"ListItem\",\"position\":1,\"name\":\"\u9996\u9875\",\"item\":\"https:\\\/\\\/deliangdisplay.com\\\/\"},{\"@type\":\"ListItem\",\"position\":2,\"name\":\"Our Product\",\"item\":\"https:\\\/\\\/deliangdisplay.com\\\/our-product\\\/\"},{\"@type\":\"ListItem\",\"position\":3,\"name\":\"Multi-Use Fiberglass Mannequin Head \u2013 Stable Base for Jewelry &#038; Fashion Accessories\"}]},{\"@type\":\"WebSite\",\"@id\":\"https:\\\/\\\/deliangdisplay.com\\\/#website\",\"url\":\"https:\\\/\\\/deliangdisplay.com\\\/\",\"name\":\"deliangdisplay.com\",\"description\":\"DE-LIANG - Providing bespoke packaging solutions and luxurious display design services for brands in jewelry, apparel, watches, beauty cosmetics, and more.\",\"publisher\":{\"@id\":\"https:\\\/\\\/deliangdisplay.com\\\/#organization\"},\"potentialAction\":[{\"@type\":\"SearchAction\",\"target\":{\"@type\":\"EntryPoint\",\"urlTemplate\":\"https:\\\/\\\/deliangdisplay.com\\\/?s={search_term_string}\"},\"query-input\":{\"@type\":\"PropertyValueSpecification\",\"valueRequired\":true,\"valueName\":\"search_term_string\"}}],\"inLanguage\":\"es\"},{\"@type\":\"Organization\",\"@id\":\"https:\\\/\\\/deliangdisplay.com\\\/#organization\",\"name\":\"deliangdisplay.com\",\"url\":\"https:\\\/\\\/deliangdisplay.com\\\/\",\"logo\":{\"@type\":\"ImageObject\",\"inLanguage\":\"es\",\"@id\":\"https:\\\/\\\/deliangdisplay.com\\\/#\\\/schema\\\/logo\\\/image\\\/\",\"url\":\"https:\\\/\\\/deliangdisplay.com\\\/wp-content\\\/uploads\\\/2025\\\/08\\\/DELIANGDISPALY_logo.png\",\"contentUrl\":\"https:\\\/\\\/deliangdisplay.com\\\/wp-content\\\/uploads\\\/2025\\\/08\\\/DELIANGDISPALY_logo.png\",\"width\":300,\"height\":130,\"caption\":\"deliangdisplay.com\"},\"image\":{\"@id\":\"https:\\\/\\\/deliangdisplay.com\\\/#\\\/schema\\\/logo\\\/image\\\/\"},\"sameAs\":[\"https:\\\/\\\/www.facebook.com\\\/JaneZhang008\\\/\",\"https:\\\/\\\/x.com\\\/ly673551729\"]}]}<\/script>\n<!-- \/ Yoast SEO plugin. -->","yoast_head_json":{"title":"Cabeza de maniqu\u00ed de fibra de vidrio multiusos - Base estable para joyer\u00eda y accesorios de moda - DE-LIANG - joyer\u00eda,ropa,reloj,cosm\u00e9tica de belleza","robots":{"index":"index","follow":"follow","max-snippet":"max-snippet:-1","max-image-preview":"max-image-preview:large","max-video-preview":"max-video-preview:-1"},"canonical":"https:\/\/deliangdisplay.com\/es\/nuestro-producto\/accesorios\/formas-del-cuello\/multi-uso-de-fibra-de-vidrio-cabeza-de-maniqui-base-estable-para-la-joyeria-accesorios-de-moda\/","og_locale":"es_ES","og_type":"article","og_title":"Multi-Use Fiberglass Mannequin Head \u2013 Stable Base for Jewelry & Fashion Accessories - DE-LIANG - jewelry,clothes,watch,beauty cosmetics","og_description":"This durable fiberglass mannequin head features a sleek, scratch-resistant surface and weighted stable base. Designed with lifelike proportions, it securely displays wigs, hats, scarves, necklaces, earrings, and fashion accessories. Ideal for boutiques, wig salons, retail displays, product photography, or home decor\u2014blending long-lasting sturdiness with versatile, professional styling appeal.","og_url":"https:\/\/deliangdisplay.com\/es\/nuestro-producto\/accesorios\/formas-del-cuello\/multi-uso-de-fibra-de-vidrio-cabeza-de-maniqui-base-estable-para-la-joyeria-accesorios-de-moda\/","og_site_name":"DE-LIANG - jewelry,clothes,watch,beauty cosmetics","article_publisher":"https:\/\/www.facebook.com\/JaneZhang008\/","article_modified_time":"2025-11-13T08:49:30+00:00","og_image":[{"width":713,"height":713,"url":"https:\/\/deliangdisplay.com\/wp-content\/uploads\/2025\/11\/18-1.webp","type":"image\/webp"}],"twitter_card":"summary_large_image","twitter_site":"@ly673551729","twitter_misc":{"Tiempo de lectura":"2 minutos"},"schema":{"@context":"https:\/\/schema.org","@graph":[{"@type":"WebPage","@id":"https:\/\/deliangdisplay.com\/our-product\/accessories\/neck-forms\/multi-use-fiberglass-mannequin-head-stable-base-for-jewelry-fashion-accessories\/","url":"https:\/\/deliangdisplay.com\/our-product\/accessories\/neck-forms\/multi-use-fiberglass-mannequin-head-stable-base-for-jewelry-fashion-accessories\/","name":"Cabeza de maniqu\u00ed de fibra de vidrio multiusos - Base estable para joyer\u00eda y accesorios de moda - DE-LIANG - joyer\u00eda,ropa,reloj,cosm\u00e9tica de belleza","isPartOf":{"@id":"https:\/\/deliangdisplay.com\/#website"},"primaryImageOfPage":{"@id":"https:\/\/deliangdisplay.com\/our-product\/accessories\/neck-forms\/multi-use-fiberglass-mannequin-head-stable-base-for-jewelry-fashion-accessories\/#primaryimage"},"image":{"@id":"https:\/\/deliangdisplay.com\/our-product\/accessories\/neck-forms\/multi-use-fiberglass-mannequin-head-stable-base-for-jewelry-fashion-accessories\/#primaryimage"},"thumbnailUrl":"https:\/\/deliangdisplay.com\/wp-content\/uploads\/2025\/11\/18-1.webp","datePublished":"2025-11-13T08:36:14+00:00","dateModified":"2025-11-13T08:49:30+00:00","breadcrumb":{"@id":"https:\/\/deliangdisplay.com\/our-product\/accessories\/neck-forms\/multi-use-fiberglass-mannequin-head-stable-base-for-jewelry-fashion-accessories\/#breadcrumb"},"inLanguage":"es","potentialAction":[{"@type":"ReadAction","target":["https:\/\/deliangdisplay.com\/our-product\/accessories\/neck-forms\/multi-use-fiberglass-mannequin-head-stable-base-for-jewelry-fashion-accessories\/"]}]},{"@type":"ImageObject","inLanguage":"es","@id":"https:\/\/deliangdisplay.com\/our-product\/accessories\/neck-forms\/multi-use-fiberglass-mannequin-head-stable-base-for-jewelry-fashion-accessories\/#primaryimage","url":"https:\/\/deliangdisplay.com\/wp-content\/uploads\/2025\/11\/18-1.webp","contentUrl":"https:\/\/deliangdisplay.com\/wp-content\/uploads\/2025\/11\/18-1.webp","width":713,"height":713},{"@type":"BreadcrumbList","@id":"https:\/\/deliangdisplay.com\/our-product\/accessories\/neck-forms\/multi-use-fiberglass-mannequin-head-stable-base-for-jewelry-fashion-accessories\/#breadcrumb","itemListElement":[{"@type":"ListItem","position":1,"name":"\u9996\u9875","item":"https:\/\/deliangdisplay.com\/"},{"@type":"ListItem","position":2,"name":"Our Product","item":"https:\/\/deliangdisplay.com\/our-product\/"},{"@type":"ListItem","position":3,"name":"Multi-Use Fiberglass Mannequin Head \u2013 Stable Base for Jewelry &#038; Fashion Accessories"}]},{"@type":"WebSite","@id":"https:\/\/deliangdisplay.com\/#website","url":"https:\/\/deliangdisplay.com\/","name":"deliangdisplay.com","description":"DE-LIANG - Proporciona soluciones de envasado a medida y servicios de dise\u00f1o de expositores de lujo para marcas de joyer\u00eda, ropa, relojes, cosm\u00e9ticos de belleza, etc.","publisher":{"@id":"https:\/\/deliangdisplay.com\/#organization"},"potentialAction":[{"@type":"SearchAction","target":{"@type":"EntryPoint","urlTemplate":"https:\/\/deliangdisplay.com\/?s={search_term_string}"},"query-input":{"@type":"PropertyValueSpecification","valueRequired":true,"valueName":"search_term_string"}}],"inLanguage":"es"},{"@type":"Organization","@id":"https:\/\/deliangdisplay.com\/#organization","name":"deliangdisplay.com","url":"https:\/\/deliangdisplay.com\/","logo":{"@type":"ImageObject","inLanguage":"es","@id":"https:\/\/deliangdisplay.com\/#\/schema\/logo\/image\/","url":"https:\/\/deliangdisplay.com\/wp-content\/uploads\/2025\/08\/DELIANGDISPALY_logo.png","contentUrl":"https:\/\/deliangdisplay.com\/wp-content\/uploads\/2025\/08\/DELIANGDISPALY_logo.png","width":300,"height":130,"caption":"deliangdisplay.com"},"image":{"@id":"https:\/\/deliangdisplay.com\/#\/schema\/logo\/image\/"},"sameAs":["https:\/\/www.facebook.com\/JaneZhang008\/","https:\/\/x.com\/ly673551729"]}]}},"_links":{"self":[{"href":"https:\/\/deliangdisplay.com\/es\/wp-json\/wp\/v2\/product\/44220","targetHints":{"allow":["GET"]}}],"collection":[{"href":"https:\/\/deliangdisplay.com\/es\/wp-json\/wp\/v2\/product"}],"about":[{"href":"https:\/\/deliangdisplay.com\/es\/wp-json\/wp\/v2\/types\/product"}],"replies":[{"embeddable":true,"href":"https:\/\/deliangdisplay.com\/es\/wp-json\/wp\/v2\/comments?post=44220"}],"wp:featuredmedia":[{"embeddable":true,"href":"https:\/\/deliangdisplay.com\/es\/wp-json\/wp\/v2\/media\/44227"}],"wp:attachment":[{"href":"https:\/\/deliangdisplay.com\/es\/wp-json\/wp\/v2\/media?parent=44220"}],"wp:term":[{"taxonomy":"product_brand","embeddable":true,"href":"https:\/\/deliangdisplay.com\/es\/wp-json\/wp\/v2\/product_brand?post=44220"},{"taxonomy":"product_cat","embeddable":true,"href":"https:\/\/deliangdisplay.com\/es\/wp-json\/wp\/v2\/product_cat?post=44220"},{"taxonomy":"product_tag","embeddable":true,"href":"https:\/\/deliangdisplay.com\/es\/wp-json\/wp\/v2\/product_tag?post=44220"}],"curies":[{"name":"wp","href":"https:\/\/api.w.org\/{rel}","templated":true}]}}