{"id":44158,"date":"2025-11-10T10:17:48","date_gmt":"2025-11-10T02:17:48","guid":{"rendered":"https:\/\/deliangdisplay.com\/?post_type=product&#038;p=44158"},"modified":"2025-11-10T10:18:11","modified_gmt":"2025-11-10T02:18:11","slug":"soporte-para-bustos-de-joyeria-de-fibra-de-vidrio-de-primera-calidad-envoltura-de-cuero-suave-altura-ajustable-para-expositores","status":"publish","type":"product","link":"https:\/\/deliangdisplay.com\/es\/nuestro-producto\/muestra\/joyeria-sin-categorizar\/soporte-para-bustos-de-joyeria-de-fibra-de-vidrio-de-primera-calidad-envoltura-de-cuero-suave-altura-ajustable-para-expositores\/","title":{"rendered":"Soporte de fibra de vidrio de primera calidad para bustos de joyas - Envoltura de cuero suave y altura ajustable para exposiciones"},"content":{"rendered":"<h3 class=\"header-vfC6AV auto-hide-last-sibling-br\">Materiales de lujo y artesan\u00eda impecable<\/h3>\n<div class=\"auto-hide-last-sibling-br paragraph-JOTKXA paragraph-element br-paragraph-space\">Fabricado con un robusto n\u00facleo de fibra de vidrio y envuelto en un suave tejido de piel de alta calidad, este expositor de joyas irradia lujo desde todos los \u00e1ngulos. La superficie lisa y agradable al tacto no s\u00f3lo es de primera calidad, sino que tambi\u00e9n proporciona el fondo perfecto para collares finos, cadenas delicadas y colgantes llamativos. Las meticulosas costuras y la atenci\u00f3n al detalle garantizan un acabado impecable que complementa -nunca compite- con sus accesorios m\u00e1s preciados, elevando al instante su valor percibido.<\/div>\n<h3 class=\"header-vfC6AV auto-hide-last-sibling-br\">Dise\u00f1o estable y ajustable para una personalizaci\u00f3n perfecta<\/h3>\n<div class=\"auto-hide-last-sibling-br paragraph-JOTKXA paragraph-element br-paragraph-space\">Con una elegante base redonda dorada, este busto expositor ofrece una estabilidad inquebrantable, incluso en los mostradores de las tiendas m\u00e1s concurridas o en los tocadores de casa. Su altura ajustable (35-53 cm) le permite adaptar el expositor para que quepan f\u00e1cilmente gargantillas cortas, cadenas largas o piezas espectaculares. La anchura del hombro de 21,5 cm imita las proporciones naturales, mientras que la base compacta de 15\u00d710 cm ahorra un valioso espacio, por lo que es ideal para mostradores estrechos o escaparates. Tanto si desea exhibir una pieza destacada como una colecci\u00f3n variada, el dise\u00f1o personalizable garantiza un aspecto pulido y profesional.<\/div>\n<h3 class=\"header-vfC6AV auto-hide-last-sibling-br\">Drapeado realista y est\u00e9tica llamativa<\/h3>\n<div class=\"auto-hide-last-sibling-br paragraph-JOTKXA paragraph-element br-paragraph-space\">Dise\u00f1ado para reproducir la forma en que las joyas caen sobre la figura humana, este busto muestra sus accesorios de la forma m\u00e1s favorecedora. Los hombros contorneados y la forma natural crean una ca\u00edda realista que ayuda a los clientes a visualizar el aspecto que tendr\u00e1n las piezas cuando las lleven puestas, impulsando el compromiso y el deseo. Disponible en los llamativos colores de moda, verde y naranja, a\u00f1ade un vibrante toque de color a los expositores, al tiempo que atrae las miradas hacia los detalles m\u00e1s intrincados, desde los engarces de las piedras preciosas hasta las texturas de las cadenas. La combinaci\u00f3n de formas realistas y tonos elegantes convierte los expositores corrientes en centros de atenci\u00f3n.<\/div>\n<h3 class=\"header-vfC6AV auto-hide-last-sibling-br\">Vers\u00e1til para cualquier situaci\u00f3n<\/h3>\n<div class=\"auto-hide-last-sibling-br paragraph-JOTKXA paragraph-element br-paragraph-space\">M\u00e1s que una herramienta de venta al por menor, este busto expositor se adapta perfectamente a cualquier entorno. Perfecto para joyer\u00edas, boutiques de lujo y salas de exposiciones, transforma escaparates y mostradores en refinados escaparates que atraen a los clientes. Tambi\u00e9n brilla en su uso dom\u00e9stico, ya sea para organizar su colecci\u00f3n personal en un tocador o para a\u00f1adir un toque de elegancia a un vestidor. Su dise\u00f1o atemporal complementa estilos de decoraci\u00f3n modernos, cl\u00e1sicos o bohemios, por lo que es una inversi\u00f3n vers\u00e1til que mejora cualquier espacio al tiempo que pone sus accesorios en primer plano.<\/div>","protected":false},"excerpt":{"rendered":"<p>Este busto expositor de joyas de primera calidad cuenta con un n\u00facleo de fibra de vidrio envuelto en suave piel, que ofrece una superficie lujosa y suave. Con una altura ajustable (35-53 cm) y una base redonda dorada estable, se adapta perfectamente a collares, cadenas y accesorios llamativos. Disponible en verde y naranja, imita la ca\u00edda natural, elevando los expositores para boutiques, joyer\u00edas o uso dom\u00e9stico con una elegancia atemporal.<\/p>","protected":false},"featured_media":44164,"comment_status":"open","ping_status":"closed","template":"","meta":{"_acf_changed":false},"product_brand":[84],"product_cat":[828],"product_tag":[1004,1009,1006,1010,1003,1002,1005,1008,1007,1011],"class_list":{"0":"post-44158","1":"product","2":"type-product","3":"status-publish","4":"has-post-thumbnail","6":"product_brand-de-liang","7":"product_cat-jewelry-uncategorized","8":"product_tag-adjustable-necklace-bust","9":"product_tag-boutique-jewelry-bust","10":"product_tag-fiberglass-display-bust","11":"product_tag-home-jewelry-display-stand","12":"product_tag-leather-wrapped-display-stand","13":"product_tag-luxury-jewelry-display-bust","14":"product_tag-premium-jewelry-showcase","15":"product_tag-retail-necklace-display","16":"product_tag-stable-jewelry-stand","17":"product_tag-statement-accessory-display","19":"first","20":"instock","21":"shipping-taxable","22":"purchasable","23":"product-type-simple"},"acf":[],"yoast_head":"<!-- This site is optimized with the Yoast SEO plugin v27.4 - https:\/\/yoast.com\/product\/yoast-seo-wordpress\/ -->\n<title>Premium Fiberglass Jewelry Bust Stand \u2013 Soft Leather Wrap &amp; Adjustable Height for Displays - DE-LIANG - jewelry,clothes,watch,beauty cosmetics<\/title>\n<meta name=\"robots\" content=\"index, follow, max-snippet:-1, max-image-preview:large, max-video-preview:-1\" \/>\n<link rel=\"canonical\" href=\"https:\/\/deliangdisplay.com\/es\/nuestro-producto\/muestra\/joyeria-sin-categorizar\/soporte-para-bustos-de-joyeria-de-fibra-de-vidrio-de-primera-calidad-envoltura-de-cuero-suave-altura-ajustable-para-expositores\/\" \/>\n<meta property=\"og:locale\" content=\"es_ES\" \/>\n<meta property=\"og:type\" content=\"article\" \/>\n<meta property=\"og:title\" content=\"Premium Fiberglass Jewelry Bust Stand \u2013 Soft Leather Wrap &amp; Adjustable Height for Displays - DE-LIANG - jewelry,clothes,watch,beauty cosmetics\" \/>\n<meta property=\"og:description\" content=\"This premium jewelry display bust features a fiberglass core wrapped in soft leather, offering a luxurious, smooth surface. With an adjustable height (35\u201353 cm) and stable gold round base, it fits necklaces, chains, and statement accessories perfectly. Available in green and orange, it mimics natural drape, elevating displays for boutiques, jewelry stores, or home use with timeless elegance.\" \/>\n<meta property=\"og:url\" content=\"https:\/\/deliangdisplay.com\/es\/nuestro-producto\/muestra\/joyeria-sin-categorizar\/soporte-para-bustos-de-joyeria-de-fibra-de-vidrio-de-primera-calidad-envoltura-de-cuero-suave-altura-ajustable-para-expositores\/\" \/>\n<meta property=\"og:site_name\" content=\"DE-LIANG - jewelry,clothes,watch,beauty cosmetics\" \/>\n<meta property=\"article:publisher\" content=\"https:\/\/www.facebook.com\/JaneZhang008\/\" \/>\n<meta property=\"article:modified_time\" content=\"2025-11-10T02:18:11+00:00\" \/>\n<meta property=\"og:image\" content=\"https:\/\/deliangdisplay.com\/wp-content\/uploads\/2025\/11\/21-1.webp\" \/>\n\t<meta property=\"og:image:width\" content=\"713\" \/>\n\t<meta property=\"og:image:height\" content=\"713\" \/>\n\t<meta property=\"og:image:type\" content=\"image\/webp\" \/>\n<meta name=\"twitter:card\" content=\"summary_large_image\" \/>\n<meta name=\"twitter:site\" content=\"@ly673551729\" \/>\n<meta name=\"twitter:label1\" content=\"Tiempo de lectura\" \/>\n\t<meta name=\"twitter:data1\" content=\"2 minutos\" \/>\n<script type=\"application\/ld+json\" class=\"yoast-schema-graph\">{\"@context\":\"https:\\\/\\\/schema.org\",\"@graph\":[{\"@type\":\"WebPage\",\"@id\":\"https:\\\/\\\/deliangdisplay.com\\\/our-product\\\/displays\\\/jewelry-uncategorized\\\/premium-fiberglass-jewelry-bust-stand-soft-leather-wrap-adjustable-height-for-displays\\\/\",\"url\":\"https:\\\/\\\/deliangdisplay.com\\\/our-product\\\/displays\\\/jewelry-uncategorized\\\/premium-fiberglass-jewelry-bust-stand-soft-leather-wrap-adjustable-height-for-displays\\\/\",\"name\":\"Premium Fiberglass Jewelry Bust Stand \u2013 Soft Leather Wrap & Adjustable Height for Displays - DE-LIANG - jewelry,clothes,watch,beauty cosmetics\",\"isPartOf\":{\"@id\":\"https:\\\/\\\/deliangdisplay.com\\\/#website\"},\"primaryImageOfPage\":{\"@id\":\"https:\\\/\\\/deliangdisplay.com\\\/our-product\\\/displays\\\/jewelry-uncategorized\\\/premium-fiberglass-jewelry-bust-stand-soft-leather-wrap-adjustable-height-for-displays\\\/#primaryimage\"},\"image\":{\"@id\":\"https:\\\/\\\/deliangdisplay.com\\\/our-product\\\/displays\\\/jewelry-uncategorized\\\/premium-fiberglass-jewelry-bust-stand-soft-leather-wrap-adjustable-height-for-displays\\\/#primaryimage\"},\"thumbnailUrl\":\"https:\\\/\\\/deliangdisplay.com\\\/wp-content\\\/uploads\\\/2025\\\/11\\\/21-1.webp\",\"datePublished\":\"2025-11-10T02:17:48+00:00\",\"dateModified\":\"2025-11-10T02:18:11+00:00\",\"breadcrumb\":{\"@id\":\"https:\\\/\\\/deliangdisplay.com\\\/our-product\\\/displays\\\/jewelry-uncategorized\\\/premium-fiberglass-jewelry-bust-stand-soft-leather-wrap-adjustable-height-for-displays\\\/#breadcrumb\"},\"inLanguage\":\"es\",\"potentialAction\":[{\"@type\":\"ReadAction\",\"target\":[\"https:\\\/\\\/deliangdisplay.com\\\/our-product\\\/displays\\\/jewelry-uncategorized\\\/premium-fiberglass-jewelry-bust-stand-soft-leather-wrap-adjustable-height-for-displays\\\/\"]}]},{\"@type\":\"ImageObject\",\"inLanguage\":\"es\",\"@id\":\"https:\\\/\\\/deliangdisplay.com\\\/our-product\\\/displays\\\/jewelry-uncategorized\\\/premium-fiberglass-jewelry-bust-stand-soft-leather-wrap-adjustable-height-for-displays\\\/#primaryimage\",\"url\":\"https:\\\/\\\/deliangdisplay.com\\\/wp-content\\\/uploads\\\/2025\\\/11\\\/21-1.webp\",\"contentUrl\":\"https:\\\/\\\/deliangdisplay.com\\\/wp-content\\\/uploads\\\/2025\\\/11\\\/21-1.webp\",\"width\":713,\"height\":713},{\"@type\":\"BreadcrumbList\",\"@id\":\"https:\\\/\\\/deliangdisplay.com\\\/our-product\\\/displays\\\/jewelry-uncategorized\\\/premium-fiberglass-jewelry-bust-stand-soft-leather-wrap-adjustable-height-for-displays\\\/#breadcrumb\",\"itemListElement\":[{\"@type\":\"ListItem\",\"position\":1,\"name\":\"\u9996\u9875\",\"item\":\"https:\\\/\\\/deliangdisplay.com\\\/\"},{\"@type\":\"ListItem\",\"position\":2,\"name\":\"Our Product\",\"item\":\"https:\\\/\\\/deliangdisplay.com\\\/our-product\\\/\"},{\"@type\":\"ListItem\",\"position\":3,\"name\":\"Premium Fiberglass Jewelry Bust Stand \u2013 Soft Leather Wrap &#038; Adjustable Height for Displays\"}]},{\"@type\":\"WebSite\",\"@id\":\"https:\\\/\\\/deliangdisplay.com\\\/#website\",\"url\":\"https:\\\/\\\/deliangdisplay.com\\\/\",\"name\":\"deliangdisplay.com\",\"description\":\"DE-LIANG - Providing bespoke packaging solutions and luxurious display design services for brands in jewelry, apparel, watches, beauty cosmetics, and more.\",\"publisher\":{\"@id\":\"https:\\\/\\\/deliangdisplay.com\\\/#organization\"},\"potentialAction\":[{\"@type\":\"SearchAction\",\"target\":{\"@type\":\"EntryPoint\",\"urlTemplate\":\"https:\\\/\\\/deliangdisplay.com\\\/?s={search_term_string}\"},\"query-input\":{\"@type\":\"PropertyValueSpecification\",\"valueRequired\":true,\"valueName\":\"search_term_string\"}}],\"inLanguage\":\"es\"},{\"@type\":\"Organization\",\"@id\":\"https:\\\/\\\/deliangdisplay.com\\\/#organization\",\"name\":\"deliangdisplay.com\",\"url\":\"https:\\\/\\\/deliangdisplay.com\\\/\",\"logo\":{\"@type\":\"ImageObject\",\"inLanguage\":\"es\",\"@id\":\"https:\\\/\\\/deliangdisplay.com\\\/#\\\/schema\\\/logo\\\/image\\\/\",\"url\":\"https:\\\/\\\/deliangdisplay.com\\\/wp-content\\\/uploads\\\/2025\\\/08\\\/DELIANGDISPALY_logo.png\",\"contentUrl\":\"https:\\\/\\\/deliangdisplay.com\\\/wp-content\\\/uploads\\\/2025\\\/08\\\/DELIANGDISPALY_logo.png\",\"width\":300,\"height\":130,\"caption\":\"deliangdisplay.com\"},\"image\":{\"@id\":\"https:\\\/\\\/deliangdisplay.com\\\/#\\\/schema\\\/logo\\\/image\\\/\"},\"sameAs\":[\"https:\\\/\\\/www.facebook.com\\\/JaneZhang008\\\/\",\"https:\\\/\\\/x.com\\\/ly673551729\"]}]}<\/script>\n<!-- \/ Yoast SEO plugin. -->","yoast_head_json":{"title":"Premium de fibra de vidrio joyer\u00eda Busto de pie - envoltura de cuero suave y altura ajustable para pantallas - DE-LIANG - joyer\u00eda,ropa,reloj,cosm\u00e9ticos de belleza","robots":{"index":"index","follow":"follow","max-snippet":"max-snippet:-1","max-image-preview":"max-image-preview:large","max-video-preview":"max-video-preview:-1"},"canonical":"https:\/\/deliangdisplay.com\/es\/nuestro-producto\/muestra\/joyeria-sin-categorizar\/soporte-para-bustos-de-joyeria-de-fibra-de-vidrio-de-primera-calidad-envoltura-de-cuero-suave-altura-ajustable-para-expositores\/","og_locale":"es_ES","og_type":"article","og_title":"Premium Fiberglass Jewelry Bust Stand \u2013 Soft Leather Wrap & Adjustable Height for Displays - DE-LIANG - jewelry,clothes,watch,beauty cosmetics","og_description":"This premium jewelry display bust features a fiberglass core wrapped in soft leather, offering a luxurious, smooth surface. With an adjustable height (35\u201353 cm) and stable gold round base, it fits necklaces, chains, and statement accessories perfectly. Available in green and orange, it mimics natural drape, elevating displays for boutiques, jewelry stores, or home use with timeless elegance.","og_url":"https:\/\/deliangdisplay.com\/es\/nuestro-producto\/muestra\/joyeria-sin-categorizar\/soporte-para-bustos-de-joyeria-de-fibra-de-vidrio-de-primera-calidad-envoltura-de-cuero-suave-altura-ajustable-para-expositores\/","og_site_name":"DE-LIANG - jewelry,clothes,watch,beauty cosmetics","article_publisher":"https:\/\/www.facebook.com\/JaneZhang008\/","article_modified_time":"2025-11-10T02:18:11+00:00","og_image":[{"width":713,"height":713,"url":"https:\/\/deliangdisplay.com\/wp-content\/uploads\/2025\/11\/21-1.webp","type":"image\/webp"}],"twitter_card":"summary_large_image","twitter_site":"@ly673551729","twitter_misc":{"Tiempo de lectura":"2 minutos"},"schema":{"@context":"https:\/\/schema.org","@graph":[{"@type":"WebPage","@id":"https:\/\/deliangdisplay.com\/our-product\/displays\/jewelry-uncategorized\/premium-fiberglass-jewelry-bust-stand-soft-leather-wrap-adjustable-height-for-displays\/","url":"https:\/\/deliangdisplay.com\/our-product\/displays\/jewelry-uncategorized\/premium-fiberglass-jewelry-bust-stand-soft-leather-wrap-adjustable-height-for-displays\/","name":"Premium de fibra de vidrio joyer\u00eda Busto de pie - envoltura de cuero suave y altura ajustable para pantallas - DE-LIANG - joyer\u00eda,ropa,reloj,cosm\u00e9ticos de belleza","isPartOf":{"@id":"https:\/\/deliangdisplay.com\/#website"},"primaryImageOfPage":{"@id":"https:\/\/deliangdisplay.com\/our-product\/displays\/jewelry-uncategorized\/premium-fiberglass-jewelry-bust-stand-soft-leather-wrap-adjustable-height-for-displays\/#primaryimage"},"image":{"@id":"https:\/\/deliangdisplay.com\/our-product\/displays\/jewelry-uncategorized\/premium-fiberglass-jewelry-bust-stand-soft-leather-wrap-adjustable-height-for-displays\/#primaryimage"},"thumbnailUrl":"https:\/\/deliangdisplay.com\/wp-content\/uploads\/2025\/11\/21-1.webp","datePublished":"2025-11-10T02:17:48+00:00","dateModified":"2025-11-10T02:18:11+00:00","breadcrumb":{"@id":"https:\/\/deliangdisplay.com\/our-product\/displays\/jewelry-uncategorized\/premium-fiberglass-jewelry-bust-stand-soft-leather-wrap-adjustable-height-for-displays\/#breadcrumb"},"inLanguage":"es","potentialAction":[{"@type":"ReadAction","target":["https:\/\/deliangdisplay.com\/our-product\/displays\/jewelry-uncategorized\/premium-fiberglass-jewelry-bust-stand-soft-leather-wrap-adjustable-height-for-displays\/"]}]},{"@type":"ImageObject","inLanguage":"es","@id":"https:\/\/deliangdisplay.com\/our-product\/displays\/jewelry-uncategorized\/premium-fiberglass-jewelry-bust-stand-soft-leather-wrap-adjustable-height-for-displays\/#primaryimage","url":"https:\/\/deliangdisplay.com\/wp-content\/uploads\/2025\/11\/21-1.webp","contentUrl":"https:\/\/deliangdisplay.com\/wp-content\/uploads\/2025\/11\/21-1.webp","width":713,"height":713},{"@type":"BreadcrumbList","@id":"https:\/\/deliangdisplay.com\/our-product\/displays\/jewelry-uncategorized\/premium-fiberglass-jewelry-bust-stand-soft-leather-wrap-adjustable-height-for-displays\/#breadcrumb","itemListElement":[{"@type":"ListItem","position":1,"name":"\u9996\u9875","item":"https:\/\/deliangdisplay.com\/"},{"@type":"ListItem","position":2,"name":"Our Product","item":"https:\/\/deliangdisplay.com\/our-product\/"},{"@type":"ListItem","position":3,"name":"Premium Fiberglass Jewelry Bust Stand \u2013 Soft Leather Wrap &#038; Adjustable Height for Displays"}]},{"@type":"WebSite","@id":"https:\/\/deliangdisplay.com\/#website","url":"https:\/\/deliangdisplay.com\/","name":"deliangdisplay.com","description":"DE-LIANG - Proporciona soluciones de envasado a medida y servicios de dise\u00f1o de expositores de lujo para marcas de joyer\u00eda, ropa, relojes, cosm\u00e9ticos de belleza, etc.","publisher":{"@id":"https:\/\/deliangdisplay.com\/#organization"},"potentialAction":[{"@type":"SearchAction","target":{"@type":"EntryPoint","urlTemplate":"https:\/\/deliangdisplay.com\/?s={search_term_string}"},"query-input":{"@type":"PropertyValueSpecification","valueRequired":true,"valueName":"search_term_string"}}],"inLanguage":"es"},{"@type":"Organization","@id":"https:\/\/deliangdisplay.com\/#organization","name":"deliangdisplay.com","url":"https:\/\/deliangdisplay.com\/","logo":{"@type":"ImageObject","inLanguage":"es","@id":"https:\/\/deliangdisplay.com\/#\/schema\/logo\/image\/","url":"https:\/\/deliangdisplay.com\/wp-content\/uploads\/2025\/08\/DELIANGDISPALY_logo.png","contentUrl":"https:\/\/deliangdisplay.com\/wp-content\/uploads\/2025\/08\/DELIANGDISPALY_logo.png","width":300,"height":130,"caption":"deliangdisplay.com"},"image":{"@id":"https:\/\/deliangdisplay.com\/#\/schema\/logo\/image\/"},"sameAs":["https:\/\/www.facebook.com\/JaneZhang008\/","https:\/\/x.com\/ly673551729"]}]}},"_links":{"self":[{"href":"https:\/\/deliangdisplay.com\/es\/wp-json\/wp\/v2\/product\/44158","targetHints":{"allow":["GET"]}}],"collection":[{"href":"https:\/\/deliangdisplay.com\/es\/wp-json\/wp\/v2\/product"}],"about":[{"href":"https:\/\/deliangdisplay.com\/es\/wp-json\/wp\/v2\/types\/product"}],"replies":[{"embeddable":true,"href":"https:\/\/deliangdisplay.com\/es\/wp-json\/wp\/v2\/comments?post=44158"}],"wp:featuredmedia":[{"embeddable":true,"href":"https:\/\/deliangdisplay.com\/es\/wp-json\/wp\/v2\/media\/44164"}],"wp:attachment":[{"href":"https:\/\/deliangdisplay.com\/es\/wp-json\/wp\/v2\/media?parent=44158"}],"wp:term":[{"taxonomy":"product_brand","embeddable":true,"href":"https:\/\/deliangdisplay.com\/es\/wp-json\/wp\/v2\/product_brand?post=44158"},{"taxonomy":"product_cat","embeddable":true,"href":"https:\/\/deliangdisplay.com\/es\/wp-json\/wp\/v2\/product_cat?post=44158"},{"taxonomy":"product_tag","embeddable":true,"href":"https:\/\/deliangdisplay.com\/es\/wp-json\/wp\/v2\/product_tag?post=44158"}],"curies":[{"name":"wp","href":"https:\/\/api.w.org\/{rel}","templated":true}]}}