{"id":43974,"date":"2025-10-30T18:27:14","date_gmt":"2025-10-30T10:27:14","guid":{"rendered":"https:\/\/deliangdisplay.com\/?post_type=product&#038;p=43974"},"modified":"2025-10-31T09:18:05","modified_gmt":"2025-10-31T01:18:05","slug":"expositor-de-joyas-de-terciopelo-de-alta-gama-busto-verde-beige-rosa-para-mostradores-de-tiendas","status":"publish","type":"product","link":"https:\/\/deliangdisplay.com\/es\/nuestro-producto\/muestra\/joyeria-sin-categorizar\/expositor-de-joyas-de-terciopelo-de-alta-gama-busto-verde-beige-rosa-para-mostradores-de-tiendas\/","title":{"rendered":"Expositor de Joyas de Terciopelo de Alta Gama Busto - Verde\/Beige\/Rosa para Mostradores de Tiendas"},"content":{"rendered":"<div class=\"inter-jQQQ8P\">\n<div class=\"container-PrUkKo\">\n<div class=\"item-hGGxLi\">\n<div class=\"container-arOxqB chrome70-container\">\n<div class=\"inner-FyM8gE inner-item-f8P6nx\" data-target-id=\"message-box-target-id\" data-testid=\"union_message\">\n<div class=\"message-block-container-aFugD6\" data-testid=\"message-block-container\" data-ui-version=\"samantha\">\n<div class=\"flex flex-row w-full w-full max-w-full s-font-base text-s-color-text-secondary p-0 rounded-s-radius-s bg-transparent group data-[attr=select-mode]:-mt-10 data-[attr=select-mode]:py-10 data-[attr=select-mode]:px-16 data-[attr=select-mode]:sm:p-10 data-[attr=select-mode]:hover:bg-s-color-bg-base data-[attr=select-mode]:hover:rounded-s-radius-xs data-[attr=select-mode]:has-[:checked]:bg-s-color-bg-trans data-[attr=select-mode]:has-[:checked]:rounded-s-radius-xs data-[attr=select-mode]:pointer-events-none\" data-testid=\"receive_message\">\n<div class=\"flex flex-col flex-grow max-w-full min-w-0\">\n<div class=\"flex flex-row w-full\" data-testid=\"message_content\" data-message-id=\"26829522936514562\" data-set-copy-handler=\"true\">\n<div class=\"w-full\" data-plugin-identifier=\"Symbol(infra:receive-message-box:text)\">\n<div class=\"container-ZYIsnH flow-markdown-body mdbox-theme-next theme-samantha-Nbr9UN\" dir=\"ltr\" data-testid=\"message_text_content\" data-show-indicator=\"false\">\n<h3 class=\"header-vfC6AV auto-hide-last-sibling-br\">Productos<\/h3>\n<div class=\"auto-hide-last-sibling-br paragraph-JOTKXA paragraph-element br-paragraph-space\">Se trata de un\u00a0<strong>busto expositor de joyer\u00eda de alta gama<\/strong>\u00a0Concebido para exhibir collares, cadenas, colgantes y otros accesorios de joyer\u00eda. Presenta un dise\u00f1o exquisito y noble que realza el atractivo visual, ideal para atraer clientes a las joyer\u00edas, a\u00f1adir calidez a los interiores de los hogares y mejorar la presentaci\u00f3n de los productos en ferias o exposiciones. M\u00e1s all\u00e1 de su funcionalidad, es una moderna pieza decorativa que combina a la perfecci\u00f3n con diversos espacios y sirve como pr\u00e1ctica herramienta para la fotograf\u00eda profesional de productos, ayudando a los clientes a visualizar las joyas \u201cen uso\u201d.\u201d<\/div>\n<h3 class=\"header-vfC6AV auto-hide-last-sibling-br\">Especificaciones<\/h3>\n<ul class=\"auto-hide-last-sibling-br\">\n<li><strong>Material y aspecto<\/strong>: Fabricado con un suave tejido de terciopelo en el exterior y una estable base redonda de madera; disponible en tres colores (verde, beige y rosa) para un estilo vers\u00e1til. La superficie aterciopelada minimiza los reflejos en las fotos, garantizando que los detalles de las joyas destaquen claramente.<\/li>\n<li><strong>Tama\u00f1os<\/strong>: Se ofrece en tres tama\u00f1os para adaptarse a diferentes necesidades de exposici\u00f3n:\n<ul class=\"auto-hide-last-sibling-br\">\n<li>Busto peque\u00f1o: 14 cm de ancho, 17 cm de alto, 8,5 cm de di\u00e1metro en la base<\/li>\n<li>Busto mediano: 16,5 cm de ancho, 27 cm de alto, 10,5 cm de di\u00e1metro en la base<\/li>\n<li>Busto grande: 19 cm de ancho, 32 cm de alto, 11,5 cm de di\u00e1metro en la base<\/li>\n<\/ul>\n<\/li>\n<li><strong>Construcci\u00f3n del n\u00facleo<\/strong>: Hecho de resina de alta calidad, respetuoso del medio ambiente (para el cuerpo del busto) que es pulido liso, fuerte, resistente a las ca\u00eddas, y duradero para el uso a largo plazo.<\/li>\n<\/ul>\n<h3 class=\"header-vfC6AV auto-hide-last-sibling-br\">Caracter\u00edsticas principales<\/h3>\n<ul class=\"auto-hide-last-sibling-br\">\n<li><strong>Premium y protecci\u00f3n<\/strong>: El tejido de terciopelo no da\u00f1a las joyas y evita que se rayen, al tiempo que aporta una sensaci\u00f3n t\u00e1ctil de lujo acorde con las marcas de joyer\u00eda de alta gama.<\/li>\n<li><strong>Estable y ahorra espacio<\/strong>: La base redonda de madera garantiza la estabilidad, mientras que el dise\u00f1o compacto lo convierte en un \u201cexpositor esencial para espacios reducidos\u201d, f\u00e1cil de colocar en mostradores, escaparates o aparadores dom\u00e9sticos sin ocupar demasiado espacio.<\/li>\n<li><strong>Versatilidad en m\u00faltiples escenarios<\/strong>: Adecuado para tiendas, ferias, almacenamiento dom\u00e9stico y fotograf\u00eda de productos. Funciona tanto para uso comercial (por ejemplo, escaparates de joyer\u00edas) como para uso personal (por ejemplo, organizaci\u00f3n de joyas en el dormitorio).<\/li>\n<li><strong>Doble funcionalidad<\/strong>: Sirve tanto para guardar joyas (manteniendo organizados collares, cadenas y pendientes) como de pieza de arte decorativa, realzando la est\u00e9tica de cualquier interior, desde el mostrador de una tienda hasta el dormitorio de casa.<\/li>\n<\/ul>\n<\/div>\n<\/div>\n<\/div>\n<div class=\"flex-row flex max-w-full min-w-0 flex-grow\">\n<div class=\"flex flex-col justify-end h-40 w-full select-none opacity-100\" data-testid=\"message_action_bar\">\n<div class=\"message-action-bar-ghR0JC flex flex-row w-full group\"><\/div>\n<\/div>\n<\/div>\n<div class=\"suggest-message-list-wrapper-Hn7Sfr\" data-testid=\"suggest_message_list\"><\/div>\n<\/div>\n<\/div>\n<\/div>\n<\/div>\n<\/div>\n<\/div>\n<\/div>\n<\/div>\n<div class=\"top-lAPxtl\">\n<div class=\"container-arOxqB chrome70-container\"><\/div>\n<\/div>","protected":false},"excerpt":{"rendered":"<p>Se trata de un busto expositor de joyas de alta gama con exterior de terciopelo y base redonda de madera, disponible en verde, beige y rosa. Viene en 3 tama\u00f1os -peque\u00f1o (14\u00d717\u00d78,5 cm), mediano (16,5\u00d727\u00d710,5 cm), grande (19\u00d732\u00d711,5 cm)- fabricado en resina ecol\u00f3gica para mayor durabilidad. Ideal para exhibir collares, cadenas y colgantes, se adapta a joyer\u00edas, ferias, hogares y fotograf\u00edas de productos, protegiendo las joyas a la vez que realza su atractivo visual.<\/p>","protected":false},"featured_media":43988,"comment_status":"open","ping_status":"closed","template":"","meta":{"_acf_changed":false},"product_brand":[84],"product_cat":[828],"product_tag":[887,885,894,891,884,883,890,874,889,886,839,199,888,893,892],"class_list":{"0":"post-43974","1":"product","2":"type-product","3":"status-publish","4":"has-post-thumbnail","6":"product_brand-de-liang","7":"product_cat-jewelry-uncategorized","8":"product_tag-3-size-jewelry-display-bust","9":"product_tag-beige-necklace-display-stand","10":"product_tag-colorful-velvet-jewelry-stand","11":"product_tag-eco-friendly-resin-jewelry-bust","12":"product_tag-green-velvet-jewelry-bust","13":"product_tag-high-end-velvet-jewelry-display-bust","14":"product_tag-home-jewelry-storage-bust","15":"product_tag-jewelry-store-counter-display","16":"product_tag-luxury-velvet-jewelry-bust","17":"product_tag-pink-jewelry-mannequin-bust","18":"product_tag-product-photography-jewelry-bust","19":"product_tag-retail-jewelry-display-stand","20":"product_tag-velvet-chain-necklace-stand","21":"product_tag-velvet-pendant-display-bust","22":"product_tag-wooden-base-jewelry-display","24":"first","25":"instock","26":"shipping-taxable","27":"purchasable","28":"product-type-simple"},"acf":[],"yoast_head":"<!-- This site is optimized with the Yoast SEO plugin v27.4 - https:\/\/yoast.com\/product\/yoast-seo-wordpress\/ -->\n<title>High-End Velvet Jewelry Display Bust \u2013 Green\/Beige\/Pink for Store Counters - DE-LIANG - jewelry,clothes,watch,beauty cosmetics<\/title>\n<meta name=\"robots\" content=\"index, follow, max-snippet:-1, max-image-preview:large, max-video-preview:-1\" \/>\n<link rel=\"canonical\" href=\"https:\/\/deliangdisplay.com\/es\/nuestro-producto\/muestra\/joyeria-sin-categorizar\/expositor-de-joyas-de-terciopelo-de-alta-gama-busto-verde-beige-rosa-para-mostradores-de-tiendas\/\" \/>\n<meta property=\"og:locale\" content=\"es_ES\" \/>\n<meta property=\"og:type\" content=\"article\" \/>\n<meta property=\"og:title\" content=\"High-End Velvet Jewelry Display Bust \u2013 Green\/Beige\/Pink for Store Counters - DE-LIANG - jewelry,clothes,watch,beauty cosmetics\" \/>\n<meta property=\"og:description\" content=\"This is a high-end jewelry display bust with a velvet exterior and wooden round base, available in green, beige, pink. It comes in 3 sizes\u2014small (14\u00d717\u00d78.5cm), medium (16.5\u00d727\u00d710.5cm), large (19\u00d732\u00d711.5cm)\u2014crafted from eco-friendly resin for durability. Ideal for showcasing necklaces, chains, pendants, it fits jewelry stores, trade shows, homes, and product photography, protecting jewelry while enhancing visual appeal.\" \/>\n<meta property=\"og:url\" content=\"https:\/\/deliangdisplay.com\/es\/nuestro-producto\/muestra\/joyeria-sin-categorizar\/expositor-de-joyas-de-terciopelo-de-alta-gama-busto-verde-beige-rosa-para-mostradores-de-tiendas\/\" \/>\n<meta property=\"og:site_name\" content=\"DE-LIANG - jewelry,clothes,watch,beauty cosmetics\" \/>\n<meta property=\"article:publisher\" content=\"https:\/\/www.facebook.com\/JaneZhang008\/\" \/>\n<meta property=\"article:modified_time\" content=\"2025-10-31T01:18:05+00:00\" \/>\n<meta property=\"og:image\" content=\"https:\/\/deliangdisplay.com\/wp-content\/uploads\/2025\/10\/48-1.webp\" \/>\n\t<meta property=\"og:image:width\" content=\"713\" \/>\n\t<meta property=\"og:image:height\" content=\"713\" \/>\n\t<meta property=\"og:image:type\" content=\"image\/webp\" \/>\n<meta name=\"twitter:card\" content=\"summary_large_image\" \/>\n<meta name=\"twitter:site\" content=\"@ly673551729\" \/>\n<meta name=\"twitter:label1\" content=\"Tiempo de lectura\" \/>\n\t<meta name=\"twitter:data1\" content=\"2 minutos\" \/>\n<script type=\"application\/ld+json\" class=\"yoast-schema-graph\">{\"@context\":\"https:\\\/\\\/schema.org\",\"@graph\":[{\"@type\":\"WebPage\",\"@id\":\"https:\\\/\\\/deliangdisplay.com\\\/our-product\\\/displays\\\/jewelry-uncategorized\\\/high-end-velvet-jewelry-display-bust-green-beige-pink-for-store-counters\\\/\",\"url\":\"https:\\\/\\\/deliangdisplay.com\\\/our-product\\\/displays\\\/jewelry-uncategorized\\\/high-end-velvet-jewelry-display-bust-green-beige-pink-for-store-counters\\\/\",\"name\":\"High-End Velvet Jewelry Display Bust \u2013 Green\\\/Beige\\\/Pink for Store Counters - DE-LIANG - jewelry,clothes,watch,beauty cosmetics\",\"isPartOf\":{\"@id\":\"https:\\\/\\\/deliangdisplay.com\\\/#website\"},\"primaryImageOfPage\":{\"@id\":\"https:\\\/\\\/deliangdisplay.com\\\/our-product\\\/displays\\\/jewelry-uncategorized\\\/high-end-velvet-jewelry-display-bust-green-beige-pink-for-store-counters\\\/#primaryimage\"},\"image\":{\"@id\":\"https:\\\/\\\/deliangdisplay.com\\\/our-product\\\/displays\\\/jewelry-uncategorized\\\/high-end-velvet-jewelry-display-bust-green-beige-pink-for-store-counters\\\/#primaryimage\"},\"thumbnailUrl\":\"https:\\\/\\\/deliangdisplay.com\\\/wp-content\\\/uploads\\\/2025\\\/10\\\/48-1.webp\",\"datePublished\":\"2025-10-30T10:27:14+00:00\",\"dateModified\":\"2025-10-31T01:18:05+00:00\",\"breadcrumb\":{\"@id\":\"https:\\\/\\\/deliangdisplay.com\\\/our-product\\\/displays\\\/jewelry-uncategorized\\\/high-end-velvet-jewelry-display-bust-green-beige-pink-for-store-counters\\\/#breadcrumb\"},\"inLanguage\":\"es\",\"potentialAction\":[{\"@type\":\"ReadAction\",\"target\":[\"https:\\\/\\\/deliangdisplay.com\\\/our-product\\\/displays\\\/jewelry-uncategorized\\\/high-end-velvet-jewelry-display-bust-green-beige-pink-for-store-counters\\\/\"]}]},{\"@type\":\"ImageObject\",\"inLanguage\":\"es\",\"@id\":\"https:\\\/\\\/deliangdisplay.com\\\/our-product\\\/displays\\\/jewelry-uncategorized\\\/high-end-velvet-jewelry-display-bust-green-beige-pink-for-store-counters\\\/#primaryimage\",\"url\":\"https:\\\/\\\/deliangdisplay.com\\\/wp-content\\\/uploads\\\/2025\\\/10\\\/48-1.webp\",\"contentUrl\":\"https:\\\/\\\/deliangdisplay.com\\\/wp-content\\\/uploads\\\/2025\\\/10\\\/48-1.webp\",\"width\":713,\"height\":713},{\"@type\":\"BreadcrumbList\",\"@id\":\"https:\\\/\\\/deliangdisplay.com\\\/our-product\\\/displays\\\/jewelry-uncategorized\\\/high-end-velvet-jewelry-display-bust-green-beige-pink-for-store-counters\\\/#breadcrumb\",\"itemListElement\":[{\"@type\":\"ListItem\",\"position\":1,\"name\":\"\u9996\u9875\",\"item\":\"https:\\\/\\\/deliangdisplay.com\\\/\"},{\"@type\":\"ListItem\",\"position\":2,\"name\":\"Our Product\",\"item\":\"https:\\\/\\\/deliangdisplay.com\\\/our-product\\\/\"},{\"@type\":\"ListItem\",\"position\":3,\"name\":\"High-End Velvet Jewelry Display Bust \u2013 Green\\\/Beige\\\/Pink for Store Counters\"}]},{\"@type\":\"WebSite\",\"@id\":\"https:\\\/\\\/deliangdisplay.com\\\/#website\",\"url\":\"https:\\\/\\\/deliangdisplay.com\\\/\",\"name\":\"deliangdisplay.com\",\"description\":\"DE-LIANG - Providing bespoke packaging solutions and luxurious display design services for brands in jewelry, apparel, watches, beauty cosmetics, and more.\",\"publisher\":{\"@id\":\"https:\\\/\\\/deliangdisplay.com\\\/#organization\"},\"potentialAction\":[{\"@type\":\"SearchAction\",\"target\":{\"@type\":\"EntryPoint\",\"urlTemplate\":\"https:\\\/\\\/deliangdisplay.com\\\/?s={search_term_string}\"},\"query-input\":{\"@type\":\"PropertyValueSpecification\",\"valueRequired\":true,\"valueName\":\"search_term_string\"}}],\"inLanguage\":\"es\"},{\"@type\":\"Organization\",\"@id\":\"https:\\\/\\\/deliangdisplay.com\\\/#organization\",\"name\":\"deliangdisplay.com\",\"url\":\"https:\\\/\\\/deliangdisplay.com\\\/\",\"logo\":{\"@type\":\"ImageObject\",\"inLanguage\":\"es\",\"@id\":\"https:\\\/\\\/deliangdisplay.com\\\/#\\\/schema\\\/logo\\\/image\\\/\",\"url\":\"https:\\\/\\\/deliangdisplay.com\\\/wp-content\\\/uploads\\\/2025\\\/08\\\/DELIANGDISPALY_logo.png\",\"contentUrl\":\"https:\\\/\\\/deliangdisplay.com\\\/wp-content\\\/uploads\\\/2025\\\/08\\\/DELIANGDISPALY_logo.png\",\"width\":300,\"height\":130,\"caption\":\"deliangdisplay.com\"},\"image\":{\"@id\":\"https:\\\/\\\/deliangdisplay.com\\\/#\\\/schema\\\/logo\\\/image\\\/\"},\"sameAs\":[\"https:\\\/\\\/www.facebook.com\\\/JaneZhang008\\\/\",\"https:\\\/\\\/x.com\\\/ly673551729\"]}]}<\/script>\n<!-- \/ Yoast SEO plugin. -->","yoast_head_json":{"title":"High-End Terciopelo Joyer\u00eda Display Busto - Verde \/ beige \/ rosa para mostradores de tiendas - DE-LIANG - joyer\u00eda,ropa,reloj,cosm\u00e9ticos de belleza","robots":{"index":"index","follow":"follow","max-snippet":"max-snippet:-1","max-image-preview":"max-image-preview:large","max-video-preview":"max-video-preview:-1"},"canonical":"https:\/\/deliangdisplay.com\/es\/nuestro-producto\/muestra\/joyeria-sin-categorizar\/expositor-de-joyas-de-terciopelo-de-alta-gama-busto-verde-beige-rosa-para-mostradores-de-tiendas\/","og_locale":"es_ES","og_type":"article","og_title":"High-End Velvet Jewelry Display Bust \u2013 Green\/Beige\/Pink for Store Counters - DE-LIANG - jewelry,clothes,watch,beauty cosmetics","og_description":"This is a high-end jewelry display bust with a velvet exterior and wooden round base, available in green, beige, pink. It comes in 3 sizes\u2014small (14\u00d717\u00d78.5cm), medium (16.5\u00d727\u00d710.5cm), large (19\u00d732\u00d711.5cm)\u2014crafted from eco-friendly resin for durability. Ideal for showcasing necklaces, chains, pendants, it fits jewelry stores, trade shows, homes, and product photography, protecting jewelry while enhancing visual appeal.","og_url":"https:\/\/deliangdisplay.com\/es\/nuestro-producto\/muestra\/joyeria-sin-categorizar\/expositor-de-joyas-de-terciopelo-de-alta-gama-busto-verde-beige-rosa-para-mostradores-de-tiendas\/","og_site_name":"DE-LIANG - jewelry,clothes,watch,beauty cosmetics","article_publisher":"https:\/\/www.facebook.com\/JaneZhang008\/","article_modified_time":"2025-10-31T01:18:05+00:00","og_image":[{"width":713,"height":713,"url":"https:\/\/deliangdisplay.com\/wp-content\/uploads\/2025\/10\/48-1.webp","type":"image\/webp"}],"twitter_card":"summary_large_image","twitter_site":"@ly673551729","twitter_misc":{"Tiempo de lectura":"2 minutos"},"schema":{"@context":"https:\/\/schema.org","@graph":[{"@type":"WebPage","@id":"https:\/\/deliangdisplay.com\/our-product\/displays\/jewelry-uncategorized\/high-end-velvet-jewelry-display-bust-green-beige-pink-for-store-counters\/","url":"https:\/\/deliangdisplay.com\/our-product\/displays\/jewelry-uncategorized\/high-end-velvet-jewelry-display-bust-green-beige-pink-for-store-counters\/","name":"High-End Terciopelo Joyer\u00eda Display Busto - Verde \/ beige \/ rosa para mostradores de tiendas - DE-LIANG - joyer\u00eda,ropa,reloj,cosm\u00e9ticos de belleza","isPartOf":{"@id":"https:\/\/deliangdisplay.com\/#website"},"primaryImageOfPage":{"@id":"https:\/\/deliangdisplay.com\/our-product\/displays\/jewelry-uncategorized\/high-end-velvet-jewelry-display-bust-green-beige-pink-for-store-counters\/#primaryimage"},"image":{"@id":"https:\/\/deliangdisplay.com\/our-product\/displays\/jewelry-uncategorized\/high-end-velvet-jewelry-display-bust-green-beige-pink-for-store-counters\/#primaryimage"},"thumbnailUrl":"https:\/\/deliangdisplay.com\/wp-content\/uploads\/2025\/10\/48-1.webp","datePublished":"2025-10-30T10:27:14+00:00","dateModified":"2025-10-31T01:18:05+00:00","breadcrumb":{"@id":"https:\/\/deliangdisplay.com\/our-product\/displays\/jewelry-uncategorized\/high-end-velvet-jewelry-display-bust-green-beige-pink-for-store-counters\/#breadcrumb"},"inLanguage":"es","potentialAction":[{"@type":"ReadAction","target":["https:\/\/deliangdisplay.com\/our-product\/displays\/jewelry-uncategorized\/high-end-velvet-jewelry-display-bust-green-beige-pink-for-store-counters\/"]}]},{"@type":"ImageObject","inLanguage":"es","@id":"https:\/\/deliangdisplay.com\/our-product\/displays\/jewelry-uncategorized\/high-end-velvet-jewelry-display-bust-green-beige-pink-for-store-counters\/#primaryimage","url":"https:\/\/deliangdisplay.com\/wp-content\/uploads\/2025\/10\/48-1.webp","contentUrl":"https:\/\/deliangdisplay.com\/wp-content\/uploads\/2025\/10\/48-1.webp","width":713,"height":713},{"@type":"BreadcrumbList","@id":"https:\/\/deliangdisplay.com\/our-product\/displays\/jewelry-uncategorized\/high-end-velvet-jewelry-display-bust-green-beige-pink-for-store-counters\/#breadcrumb","itemListElement":[{"@type":"ListItem","position":1,"name":"\u9996\u9875","item":"https:\/\/deliangdisplay.com\/"},{"@type":"ListItem","position":2,"name":"Our Product","item":"https:\/\/deliangdisplay.com\/our-product\/"},{"@type":"ListItem","position":3,"name":"High-End Velvet Jewelry Display Bust \u2013 Green\/Beige\/Pink for Store Counters"}]},{"@type":"WebSite","@id":"https:\/\/deliangdisplay.com\/#website","url":"https:\/\/deliangdisplay.com\/","name":"deliangdisplay.com","description":"DE-LIANG - Proporciona soluciones de envasado a medida y servicios de dise\u00f1o de expositores de lujo para marcas de joyer\u00eda, ropa, relojes, cosm\u00e9ticos de belleza, etc.","publisher":{"@id":"https:\/\/deliangdisplay.com\/#organization"},"potentialAction":[{"@type":"SearchAction","target":{"@type":"EntryPoint","urlTemplate":"https:\/\/deliangdisplay.com\/?s={search_term_string}"},"query-input":{"@type":"PropertyValueSpecification","valueRequired":true,"valueName":"search_term_string"}}],"inLanguage":"es"},{"@type":"Organization","@id":"https:\/\/deliangdisplay.com\/#organization","name":"deliangdisplay.com","url":"https:\/\/deliangdisplay.com\/","logo":{"@type":"ImageObject","inLanguage":"es","@id":"https:\/\/deliangdisplay.com\/#\/schema\/logo\/image\/","url":"https:\/\/deliangdisplay.com\/wp-content\/uploads\/2025\/08\/DELIANGDISPALY_logo.png","contentUrl":"https:\/\/deliangdisplay.com\/wp-content\/uploads\/2025\/08\/DELIANGDISPALY_logo.png","width":300,"height":130,"caption":"deliangdisplay.com"},"image":{"@id":"https:\/\/deliangdisplay.com\/#\/schema\/logo\/image\/"},"sameAs":["https:\/\/www.facebook.com\/JaneZhang008\/","https:\/\/x.com\/ly673551729"]}]}},"_links":{"self":[{"href":"https:\/\/deliangdisplay.com\/es\/wp-json\/wp\/v2\/product\/43974","targetHints":{"allow":["GET"]}}],"collection":[{"href":"https:\/\/deliangdisplay.com\/es\/wp-json\/wp\/v2\/product"}],"about":[{"href":"https:\/\/deliangdisplay.com\/es\/wp-json\/wp\/v2\/types\/product"}],"replies":[{"embeddable":true,"href":"https:\/\/deliangdisplay.com\/es\/wp-json\/wp\/v2\/comments?post=43974"}],"wp:featuredmedia":[{"embeddable":true,"href":"https:\/\/deliangdisplay.com\/es\/wp-json\/wp\/v2\/media\/43988"}],"wp:attachment":[{"href":"https:\/\/deliangdisplay.com\/es\/wp-json\/wp\/v2\/media?parent=43974"}],"wp:term":[{"taxonomy":"product_brand","embeddable":true,"href":"https:\/\/deliangdisplay.com\/es\/wp-json\/wp\/v2\/product_brand?post=43974"},{"taxonomy":"product_cat","embeddable":true,"href":"https:\/\/deliangdisplay.com\/es\/wp-json\/wp\/v2\/product_cat?post=43974"},{"taxonomy":"product_tag","embeddable":true,"href":"https:\/\/deliangdisplay.com\/es\/wp-json\/wp\/v2\/product_tag?post=43974"}],"curies":[{"name":"wp","href":"https:\/\/api.w.org\/{rel}","templated":true}]}}