{"id":43730,"date":"2025-10-21T14:22:06","date_gmt":"2025-10-21T06:22:06","guid":{"rendered":"https:\/\/deliangdisplay.com\/?post_type=product&#038;p=43730"},"modified":"2025-10-21T14:22:25","modified_gmt":"2025-10-21T06:22:25","slug":"12-miniatura-talla-22-maniqui-de-base-metalica-ajustable-para-patronaje-drapeado","status":"publish","type":"product","link":"https:\/\/deliangdisplay.com\/es\/nuestro-producto\/muestra\/maniquies-para-minoristas\/molde-de-vestido-a-media-escala\/12-miniatura-talla-22-maniqui-de-base-metalica-ajustable-para-patronaje-drapeado\/","title":{"rendered":"Maniqu\u00ed en miniatura talla 22 1:2 - Maniqu\u00ed con base met\u00e1lica ajustable para patronaje y drapeado"},"content":{"rendered":"<h3 class=\"header-iWP5WJ auto-hide-last-sibling-br\">Productos<\/h3>\n<div class=\"auto-hide-last-sibling-br paragraph-pP9ZLC paragraph-element br-paragraph-space\">Se trata de un\u00a0<strong>Molde de vestido femenino a escala 1:2<\/strong>\u00a0(no talla completa de adulto, especificaci\u00f3n de talla 22-plus) dise\u00f1ado para costura, patronaje, drapeado de vestidos y formaci\u00f3n en dise\u00f1o de moda. Ayuda a los dise\u00f1adores de moda, a los estudiantes de corte y confecci\u00f3n y a los profesionales del dise\u00f1o a ahorrar tejido y tiempo al permitir repetidas pruebas, ajustes e iteraciones de estilo de las prendas. Su tama\u00f1o compacto ahorra espacio de almacenamiento y aumenta la portabilidad, al tiempo que tambi\u00e9n sirve para escaparates o proyectos de manualidades infantiles, combinando practicidad con valor decorativo.<\/div>\n<h3 class=\"header-iWP5WJ auto-hide-last-sibling-br\">Especificaciones<\/h3>\n<ul class=\"auto-hide-last-sibling-br\">\n<li><strong>Detalles del tama\u00f1o<\/strong>\n<ul class=\"auto-hide-last-sibling-br\">\n<li>Talla 22: altura del cuerpo 54 cm, anchura de los hombros 24 cm, busto 63 cm, cintura 54,5 cm, caderas 68 cm; confeccionada a mano con una tolerancia de talla de \u00b10,5 cm.<\/li>\n<li>Nota: Algunas unidades llevan el n\u00famero \u201c22\u201d en el cuerpo, mientras que otras no; el env\u00edo es aleatorio.<\/li>\n<\/ul>\n<\/li>\n<li><strong>Altura ajustable<\/strong>: La altura total (incluida la base met\u00e1lica y el m\u00e1stil) se ajusta de 54,5 cm (21,5 pulg.) a 87 cm (34,2 pulg.) girando un tornillo; la base es un soporte met\u00e1lico redondo de color negro con un di\u00e1metro de 17 cm (6,7 pulg.).<\/li>\n<li><strong>Materiales y estructura<\/strong>: Cuerpo fabricado en fibra de vidrio (con relleno de algod\u00f3n en el interior) y recubierto de tela; incluye una cubierta de fibra de vidrio negra para el cuello, cubiertas met\u00e1licas negras para los hombros, base y m\u00e1stil de soporte para mayor durabilidad y estabilidad.<\/li>\n<\/ul>\n<h3 class=\"header-iWP5WJ auto-hide-last-sibling-br\">Caracter\u00edsticas principales<\/h3>\n<ul class=\"auto-hide-last-sibling-br\">\n<li><strong>Dise\u00f1o semipinable<\/strong>: Se puede sujetar con alfileres en \u00e1ngulo (no se puede sujetar totalmente con alfileres debido al material de fibra de vidrio) para asegurar el tejido durante el drapeado, la costura o el patronaje, garantizando un ajuste preciso de los detalles de las miniprendas.<\/li>\n<li><strong>Precisi\u00f3n proporcional<\/strong>: Fabricado para ajustarse a las proporciones de un molde de vestido normal de adulto, por lo que los estilos de miniprendas probados en \u00e9l pueden escalarse con precisi\u00f3n a tama\u00f1o real, lo que resulta fiable tanto para el dise\u00f1o profesional como para la pr\u00e1ctica educativa de los estudiantes.<\/li>\n<li><strong>Estable y duradero<\/strong>: La base de metal negro, el m\u00e1stil y las cubiertas de los hombros mejoran la estabilidad estructural (evitando el vuelco durante el uso) y resisten el desgaste, prolongando la vida \u00fatil del producto.<\/li>\n<li><strong>Adaptabilidad a m\u00faltiples escenarios<\/strong>: Funciona como herramienta profesional para el corte, la confecci\u00f3n de plantillas y la ense\u00f1anza del dise\u00f1o de moda; tambi\u00e9n se adapta a la exposici\u00f3n de joyas\/bufandas, la decoraci\u00f3n de escaparates y las manualidades infantiles para satisfacer diversas necesidades.<\/li>\n<\/ul>","protected":false},"excerpt":{"rendered":"<p>This is a 1:2 half-scale female dress form (Size 22 plus-size, not adult size) for sewing, pattern making, and design education. Key specs: 54cm body height, 24cm shoulder, 63cm bust, 54.5cm waist, 68cm hips. Total height adjusts 54.5\u201387cm via a screw, with a 17cm metal base. Made of fiberglass (cotton-padded) and fabric, it\u2019s semi-pinnable\u2014suits designers, students, and decor\/crafts. (Note: Some have &#8220;22&#8221; on the body, shipping is random.)<\/p>","protected":false},"featured_media":43739,"comment_status":"open","ping_status":"closed","template":"","meta":{"_acf_changed":false},"product_brand":[84],"product_cat":[578],"product_tag":[579,582,685,691,694,696,605,586,591,587,695,647,692,684,693],"class_list":{"0":"post-43730","1":"product","2":"type-product","3":"status-publish","4":"has-post-thumbnail","6":"product_brand-de-liang","7":"product_cat-half-scale-dress-form","8":"product_tag-12-half-scale-dress-form","9":"product_tag-adjustable-height-dress-form","10":"product_tag-cotton-padded-dress-form","11":"product_tag-decorative-mannequin","12":"product_tag-design-education-mannequin","13":"product_tag-fashion-student-dress-form","14":"product_tag-female-sewing-mannequin","15":"product_tag-fiberglass-dress-form","16":"product_tag-half-scale-female-mannequin","17":"product_tag-metal-base-dress-form","18":"product_tag-mini-garment-mannequin","19":"product_tag-pattern-making-dummy","20":"product_tag-plus-size-tailor-dummy","21":"product_tag-semi-pinnable-dress-form","22":"product_tag-size-22-plus-size-dress-form","24":"first","25":"instock","26":"shipping-taxable","27":"purchasable","28":"product-type-simple"},"acf":[],"yoast_head":"<!-- This site is optimized with the Yoast SEO plugin v27.4 - https:\/\/yoast.com\/product\/yoast-seo-wordpress\/ -->\n<title>1:2 Miniature Size 22 Dress Form \u2013 Adjustable Metal Base Mannequin for Pattern Making &amp; Draping - DE-LIANG - jewelry,clothes,watch,beauty cosmetics<\/title>\n<meta name=\"robots\" content=\"index, follow, max-snippet:-1, max-image-preview:large, max-video-preview:-1\" \/>\n<link rel=\"canonical\" href=\"https:\/\/deliangdisplay.com\/es\/nuestro-producto\/muestra\/maniquies-para-minoristas\/molde-de-vestido-a-media-escala\/12-miniatura-talla-22-maniqui-de-base-metalica-ajustable-para-patronaje-drapeado\/\" \/>\n<meta property=\"og:locale\" content=\"es_ES\" \/>\n<meta property=\"og:type\" content=\"article\" \/>\n<meta property=\"og:title\" content=\"1:2 Miniature Size 22 Dress Form \u2013 Adjustable Metal Base Mannequin for Pattern Making &amp; Draping - DE-LIANG - jewelry,clothes,watch,beauty cosmetics\" \/>\n<meta property=\"og:description\" content=\"This is a 1:2 half-scale female dress form (Size 22 plus-size, not adult size) for sewing, pattern making, and design education. Key specs: 54cm body height, 24cm shoulder, 63cm bust, 54.5cm waist, 68cm hips. Total height adjusts 54.5\u201387cm via a screw, with a 17cm metal base. Made of fiberglass (cotton-padded) and fabric, it\u2019s semi-pinnable\u2014suits designers, students, and decor\/crafts. (Note: Some have &quot;22&quot; on the body, shipping is random.)\" \/>\n<meta property=\"og:url\" content=\"https:\/\/deliangdisplay.com\/es\/nuestro-producto\/muestra\/maniquies-para-minoristas\/molde-de-vestido-a-media-escala\/12-miniatura-talla-22-maniqui-de-base-metalica-ajustable-para-patronaje-drapeado\/\" \/>\n<meta property=\"og:site_name\" content=\"DE-LIANG - jewelry,clothes,watch,beauty cosmetics\" \/>\n<meta property=\"article:publisher\" content=\"https:\/\/www.facebook.com\/JaneZhang008\/\" \/>\n<meta property=\"article:modified_time\" content=\"2025-10-21T06:22:25+00:00\" \/>\n<meta property=\"og:image\" content=\"https:\/\/deliangdisplay.com\/wp-content\/uploads\/2025\/10\/2-11.webp\" \/>\n\t<meta property=\"og:image:width\" content=\"600\" \/>\n\t<meta property=\"og:image:height\" content=\"600\" \/>\n\t<meta property=\"og:image:type\" content=\"image\/webp\" \/>\n<meta name=\"twitter:card\" content=\"summary_large_image\" \/>\n<meta name=\"twitter:site\" content=\"@ly673551729\" \/>\n<meta name=\"twitter:label1\" content=\"Tiempo de lectura\" \/>\n\t<meta name=\"twitter:data1\" content=\"2 minutos\" \/>\n<script type=\"application\/ld+json\" class=\"yoast-schema-graph\">{\"@context\":\"https:\\\/\\\/schema.org\",\"@graph\":[{\"@type\":\"WebPage\",\"@id\":\"https:\\\/\\\/deliangdisplay.com\\\/our-product\\\/displays\\\/retail-mannequins\\\/half-scale-dress-form\\\/12-miniature-size-22-dress-form-adjustable-metal-base-mannequin-for-pattern-making-draping\\\/\",\"url\":\"https:\\\/\\\/deliangdisplay.com\\\/our-product\\\/displays\\\/retail-mannequins\\\/half-scale-dress-form\\\/12-miniature-size-22-dress-form-adjustable-metal-base-mannequin-for-pattern-making-draping\\\/\",\"name\":\"1:2 Miniature Size 22 Dress Form \u2013 Adjustable Metal Base Mannequin for Pattern Making & Draping - DE-LIANG - jewelry,clothes,watch,beauty cosmetics\",\"isPartOf\":{\"@id\":\"https:\\\/\\\/deliangdisplay.com\\\/#website\"},\"primaryImageOfPage\":{\"@id\":\"https:\\\/\\\/deliangdisplay.com\\\/our-product\\\/displays\\\/retail-mannequins\\\/half-scale-dress-form\\\/12-miniature-size-22-dress-form-adjustable-metal-base-mannequin-for-pattern-making-draping\\\/#primaryimage\"},\"image\":{\"@id\":\"https:\\\/\\\/deliangdisplay.com\\\/our-product\\\/displays\\\/retail-mannequins\\\/half-scale-dress-form\\\/12-miniature-size-22-dress-form-adjustable-metal-base-mannequin-for-pattern-making-draping\\\/#primaryimage\"},\"thumbnailUrl\":\"https:\\\/\\\/deliangdisplay.com\\\/wp-content\\\/uploads\\\/2025\\\/10\\\/2-11.webp\",\"datePublished\":\"2025-10-21T06:22:06+00:00\",\"dateModified\":\"2025-10-21T06:22:25+00:00\",\"breadcrumb\":{\"@id\":\"https:\\\/\\\/deliangdisplay.com\\\/our-product\\\/displays\\\/retail-mannequins\\\/half-scale-dress-form\\\/12-miniature-size-22-dress-form-adjustable-metal-base-mannequin-for-pattern-making-draping\\\/#breadcrumb\"},\"inLanguage\":\"es\",\"potentialAction\":[{\"@type\":\"ReadAction\",\"target\":[\"https:\\\/\\\/deliangdisplay.com\\\/our-product\\\/displays\\\/retail-mannequins\\\/half-scale-dress-form\\\/12-miniature-size-22-dress-form-adjustable-metal-base-mannequin-for-pattern-making-draping\\\/\"]}]},{\"@type\":\"ImageObject\",\"inLanguage\":\"es\",\"@id\":\"https:\\\/\\\/deliangdisplay.com\\\/our-product\\\/displays\\\/retail-mannequins\\\/half-scale-dress-form\\\/12-miniature-size-22-dress-form-adjustable-metal-base-mannequin-for-pattern-making-draping\\\/#primaryimage\",\"url\":\"https:\\\/\\\/deliangdisplay.com\\\/wp-content\\\/uploads\\\/2025\\\/10\\\/2-11.webp\",\"contentUrl\":\"https:\\\/\\\/deliangdisplay.com\\\/wp-content\\\/uploads\\\/2025\\\/10\\\/2-11.webp\",\"width\":600,\"height\":600},{\"@type\":\"BreadcrumbList\",\"@id\":\"https:\\\/\\\/deliangdisplay.com\\\/our-product\\\/displays\\\/retail-mannequins\\\/half-scale-dress-form\\\/12-miniature-size-22-dress-form-adjustable-metal-base-mannequin-for-pattern-making-draping\\\/#breadcrumb\",\"itemListElement\":[{\"@type\":\"ListItem\",\"position\":1,\"name\":\"\u9996\u9875\",\"item\":\"https:\\\/\\\/deliangdisplay.com\\\/\"},{\"@type\":\"ListItem\",\"position\":2,\"name\":\"Our Product\",\"item\":\"https:\\\/\\\/deliangdisplay.com\\\/our-product\\\/\"},{\"@type\":\"ListItem\",\"position\":3,\"name\":\"1:2 Miniature Size 22 Dress Form \u2013 Adjustable Metal Base Mannequin for Pattern Making &#038; Draping\"}]},{\"@type\":\"WebSite\",\"@id\":\"https:\\\/\\\/deliangdisplay.com\\\/#website\",\"url\":\"https:\\\/\\\/deliangdisplay.com\\\/\",\"name\":\"deliangdisplay.com\",\"description\":\"DE-LIANG - Providing bespoke packaging solutions and luxurious display design services for brands in jewelry, apparel, watches, beauty cosmetics, and more.\",\"publisher\":{\"@id\":\"https:\\\/\\\/deliangdisplay.com\\\/#organization\"},\"potentialAction\":[{\"@type\":\"SearchAction\",\"target\":{\"@type\":\"EntryPoint\",\"urlTemplate\":\"https:\\\/\\\/deliangdisplay.com\\\/?s={search_term_string}\"},\"query-input\":{\"@type\":\"PropertyValueSpecification\",\"valueRequired\":true,\"valueName\":\"search_term_string\"}}],\"inLanguage\":\"es\"},{\"@type\":\"Organization\",\"@id\":\"https:\\\/\\\/deliangdisplay.com\\\/#organization\",\"name\":\"deliangdisplay.com\",\"url\":\"https:\\\/\\\/deliangdisplay.com\\\/\",\"logo\":{\"@type\":\"ImageObject\",\"inLanguage\":\"es\",\"@id\":\"https:\\\/\\\/deliangdisplay.com\\\/#\\\/schema\\\/logo\\\/image\\\/\",\"url\":\"https:\\\/\\\/deliangdisplay.com\\\/wp-content\\\/uploads\\\/2025\\\/08\\\/DELIANGDISPALY_logo.png\",\"contentUrl\":\"https:\\\/\\\/deliangdisplay.com\\\/wp-content\\\/uploads\\\/2025\\\/08\\\/DELIANGDISPALY_logo.png\",\"width\":300,\"height\":130,\"caption\":\"deliangdisplay.com\"},\"image\":{\"@id\":\"https:\\\/\\\/deliangdisplay.com\\\/#\\\/schema\\\/logo\\\/image\\\/\"},\"sameAs\":[\"https:\\\/\\\/www.facebook.com\\\/JaneZhang008\\\/\",\"https:\\\/\\\/x.com\\\/ly673551729\"]}]}<\/script>\n<!-- \/ Yoast SEO plugin. -->","yoast_head_json":{"title":"1:2 Miniatura Tama\u00f1o 22 Dress Form - Base de Metal Ajustable Maniqu\u00ed para Patronaje y Drapeado - DE-LIANG - joyeria,ropa,reloj,cosmetica belleza","robots":{"index":"index","follow":"follow","max-snippet":"max-snippet:-1","max-image-preview":"max-image-preview:large","max-video-preview":"max-video-preview:-1"},"canonical":"https:\/\/deliangdisplay.com\/es\/nuestro-producto\/muestra\/maniquies-para-minoristas\/molde-de-vestido-a-media-escala\/12-miniatura-talla-22-maniqui-de-base-metalica-ajustable-para-patronaje-drapeado\/","og_locale":"es_ES","og_type":"article","og_title":"1:2 Miniature Size 22 Dress Form \u2013 Adjustable Metal Base Mannequin for Pattern Making & Draping - DE-LIANG - jewelry,clothes,watch,beauty cosmetics","og_description":"This is a 1:2 half-scale female dress form (Size 22 plus-size, not adult size) for sewing, pattern making, and design education. Key specs: 54cm body height, 24cm shoulder, 63cm bust, 54.5cm waist, 68cm hips. Total height adjusts 54.5\u201387cm via a screw, with a 17cm metal base. Made of fiberglass (cotton-padded) and fabric, it\u2019s semi-pinnable\u2014suits designers, students, and decor\/crafts. (Note: Some have \"22\" on the body, shipping is random.)","og_url":"https:\/\/deliangdisplay.com\/es\/nuestro-producto\/muestra\/maniquies-para-minoristas\/molde-de-vestido-a-media-escala\/12-miniatura-talla-22-maniqui-de-base-metalica-ajustable-para-patronaje-drapeado\/","og_site_name":"DE-LIANG - jewelry,clothes,watch,beauty cosmetics","article_publisher":"https:\/\/www.facebook.com\/JaneZhang008\/","article_modified_time":"2025-10-21T06:22:25+00:00","og_image":[{"width":600,"height":600,"url":"https:\/\/deliangdisplay.com\/wp-content\/uploads\/2025\/10\/2-11.webp","type":"image\/webp"}],"twitter_card":"summary_large_image","twitter_site":"@ly673551729","twitter_misc":{"Tiempo de lectura":"2 minutos"},"schema":{"@context":"https:\/\/schema.org","@graph":[{"@type":"WebPage","@id":"https:\/\/deliangdisplay.com\/our-product\/displays\/retail-mannequins\/half-scale-dress-form\/12-miniature-size-22-dress-form-adjustable-metal-base-mannequin-for-pattern-making-draping\/","url":"https:\/\/deliangdisplay.com\/our-product\/displays\/retail-mannequins\/half-scale-dress-form\/12-miniature-size-22-dress-form-adjustable-metal-base-mannequin-for-pattern-making-draping\/","name":"1:2 Miniatura Tama\u00f1o 22 Dress Form - Base de Metal Ajustable Maniqu\u00ed para Patronaje y Drapeado - DE-LIANG - joyeria,ropa,reloj,cosmetica belleza","isPartOf":{"@id":"https:\/\/deliangdisplay.com\/#website"},"primaryImageOfPage":{"@id":"https:\/\/deliangdisplay.com\/our-product\/displays\/retail-mannequins\/half-scale-dress-form\/12-miniature-size-22-dress-form-adjustable-metal-base-mannequin-for-pattern-making-draping\/#primaryimage"},"image":{"@id":"https:\/\/deliangdisplay.com\/our-product\/displays\/retail-mannequins\/half-scale-dress-form\/12-miniature-size-22-dress-form-adjustable-metal-base-mannequin-for-pattern-making-draping\/#primaryimage"},"thumbnailUrl":"https:\/\/deliangdisplay.com\/wp-content\/uploads\/2025\/10\/2-11.webp","datePublished":"2025-10-21T06:22:06+00:00","dateModified":"2025-10-21T06:22:25+00:00","breadcrumb":{"@id":"https:\/\/deliangdisplay.com\/our-product\/displays\/retail-mannequins\/half-scale-dress-form\/12-miniature-size-22-dress-form-adjustable-metal-base-mannequin-for-pattern-making-draping\/#breadcrumb"},"inLanguage":"es","potentialAction":[{"@type":"ReadAction","target":["https:\/\/deliangdisplay.com\/our-product\/displays\/retail-mannequins\/half-scale-dress-form\/12-miniature-size-22-dress-form-adjustable-metal-base-mannequin-for-pattern-making-draping\/"]}]},{"@type":"ImageObject","inLanguage":"es","@id":"https:\/\/deliangdisplay.com\/our-product\/displays\/retail-mannequins\/half-scale-dress-form\/12-miniature-size-22-dress-form-adjustable-metal-base-mannequin-for-pattern-making-draping\/#primaryimage","url":"https:\/\/deliangdisplay.com\/wp-content\/uploads\/2025\/10\/2-11.webp","contentUrl":"https:\/\/deliangdisplay.com\/wp-content\/uploads\/2025\/10\/2-11.webp","width":600,"height":600},{"@type":"BreadcrumbList","@id":"https:\/\/deliangdisplay.com\/our-product\/displays\/retail-mannequins\/half-scale-dress-form\/12-miniature-size-22-dress-form-adjustable-metal-base-mannequin-for-pattern-making-draping\/#breadcrumb","itemListElement":[{"@type":"ListItem","position":1,"name":"\u9996\u9875","item":"https:\/\/deliangdisplay.com\/"},{"@type":"ListItem","position":2,"name":"Our Product","item":"https:\/\/deliangdisplay.com\/our-product\/"},{"@type":"ListItem","position":3,"name":"1:2 Miniature Size 22 Dress Form \u2013 Adjustable Metal Base Mannequin for Pattern Making &#038; Draping"}]},{"@type":"WebSite","@id":"https:\/\/deliangdisplay.com\/#website","url":"https:\/\/deliangdisplay.com\/","name":"deliangdisplay.com","description":"DE-LIANG - Proporciona soluciones de envasado a medida y servicios de dise\u00f1o de expositores de lujo para marcas de joyer\u00eda, ropa, relojes, cosm\u00e9ticos de belleza, etc.","publisher":{"@id":"https:\/\/deliangdisplay.com\/#organization"},"potentialAction":[{"@type":"SearchAction","target":{"@type":"EntryPoint","urlTemplate":"https:\/\/deliangdisplay.com\/?s={search_term_string}"},"query-input":{"@type":"PropertyValueSpecification","valueRequired":true,"valueName":"search_term_string"}}],"inLanguage":"es"},{"@type":"Organization","@id":"https:\/\/deliangdisplay.com\/#organization","name":"deliangdisplay.com","url":"https:\/\/deliangdisplay.com\/","logo":{"@type":"ImageObject","inLanguage":"es","@id":"https:\/\/deliangdisplay.com\/#\/schema\/logo\/image\/","url":"https:\/\/deliangdisplay.com\/wp-content\/uploads\/2025\/08\/DELIANGDISPALY_logo.png","contentUrl":"https:\/\/deliangdisplay.com\/wp-content\/uploads\/2025\/08\/DELIANGDISPALY_logo.png","width":300,"height":130,"caption":"deliangdisplay.com"},"image":{"@id":"https:\/\/deliangdisplay.com\/#\/schema\/logo\/image\/"},"sameAs":["https:\/\/www.facebook.com\/JaneZhang008\/","https:\/\/x.com\/ly673551729"]}]}},"_links":{"self":[{"href":"https:\/\/deliangdisplay.com\/es\/wp-json\/wp\/v2\/product\/43730","targetHints":{"allow":["GET"]}}],"collection":[{"href":"https:\/\/deliangdisplay.com\/es\/wp-json\/wp\/v2\/product"}],"about":[{"href":"https:\/\/deliangdisplay.com\/es\/wp-json\/wp\/v2\/types\/product"}],"replies":[{"embeddable":true,"href":"https:\/\/deliangdisplay.com\/es\/wp-json\/wp\/v2\/comments?post=43730"}],"wp:featuredmedia":[{"embeddable":true,"href":"https:\/\/deliangdisplay.com\/es\/wp-json\/wp\/v2\/media\/43739"}],"wp:attachment":[{"href":"https:\/\/deliangdisplay.com\/es\/wp-json\/wp\/v2\/media?parent=43730"}],"wp:term":[{"taxonomy":"product_brand","embeddable":true,"href":"https:\/\/deliangdisplay.com\/es\/wp-json\/wp\/v2\/product_brand?post=43730"},{"taxonomy":"product_cat","embeddable":true,"href":"https:\/\/deliangdisplay.com\/es\/wp-json\/wp\/v2\/product_cat?post=43730"},{"taxonomy":"product_tag","embeddable":true,"href":"https:\/\/deliangdisplay.com\/es\/wp-json\/wp\/v2\/product_tag?post=43730"}],"curies":[{"name":"wp","href":"https:\/\/api.w.org\/{rel}","templated":true}]}}