{"id":43719,"date":"2025-10-21T11:52:21","date_gmt":"2025-10-21T03:52:21","guid":{"rendered":"https:\/\/deliangdisplay.com\/?post_type=product&#038;p=43719"},"modified":"2025-10-21T11:52:21","modified_gmt":"2025-10-21T03:52:21","slug":"12-media-escala-vestido-femenino-forma-68cm-busto-media-escala-vestido-forma-tamano-24-mas-tamano-maniqui-para-coser-decoracion","status":"publish","type":"product","link":"https:\/\/deliangdisplay.com\/es\/nuestro-producto\/muestra\/maniquies-para-minoristas\/molde-de-vestido-a-media-escala\/12-media-escala-vestido-femenino-forma-68cm-busto-media-escala-vestido-forma-tamano-24-mas-tamano-maniqui-para-coser-decoracion\/","title":{"rendered":"Semiforma de vestido de se\u00f1ora a escala 1:2 - Semiforma de vestido a escala con 68 cm de busto (talla 24) - Maniqu\u00ed de talla grande para costura y decoraci\u00f3n"},"content":{"rendered":"<h3 class=\"header-iWP5WJ auto-hide-last-sibling-br\">Productos<\/h3>\n<div class=\"auto-hide-last-sibling-br paragraph-pP9ZLC paragraph-element br-paragraph-space\">Se trata de un\u00a0<strong>Molde de vestido femenino a escala 1:2<\/strong>\u00a0(no la talla adulta completa, sino la especificaci\u00f3n de talla 24-plus) dise\u00f1ada para costura, drapeado de patrones, sastrer\u00eda y mini maquetas de prendas. Ayuda a los dise\u00f1adores de moda, sastres y estudiantes de dise\u00f1o a ahorrar tela y tiempo al permitir repetidas pruebas, ajustes e iteraciones de estilo de las prendas. Su tama\u00f1o compacto ahorra espacio de almacenamiento y mejora la portabilidad, mientras que tambi\u00e9n funciona para escaparates o proyectos de manualidades infantiles, combinando practicidad con valor decorativo.<\/div>\n<h3 class=\"header-iWP5WJ auto-hide-last-sibling-br\">Especificaciones<\/h3>\n<ul class=\"auto-hide-last-sibling-br\">\n<li><strong>Detalles del tama\u00f1o<\/strong>\n<ul class=\"auto-hide-last-sibling-br\">\n<li>Talla 24: altura del cuerpo 59 cm, anchura de los hombros 25 cm, busto 68 cm, cintura 59,5 cm, caderas 74 cm; confeccionada a mano con una tolerancia de talla de \u00b10,5 cm.<\/li>\n<li>Nota: Algunas unidades llevan el n\u00famero \u201c24\u201d en el cuerpo, mientras que otras no; el env\u00edo es aleatorio.<\/li>\n<\/ul>\n<\/li>\n<li><strong>Altura ajustable<\/strong>: La altura total (incluida la base met\u00e1lica y el m\u00e1stil) se ajusta de 59,5 cm (23,4 pulg.) a 92 cm (36,2 pulg.) girando un tornillo; la base es un soporte met\u00e1lico redondo de color negro con un di\u00e1metro de 17 cm (6,7 pulg.).<\/li>\n<li><strong>Materiales y estructura<\/strong>: Cuerpo fabricado en fibra de vidrio (con relleno de algod\u00f3n en el interior) y recubierto de tela; incluye una cubierta met\u00e1lica negra para el cuello, una cubierta para los hombros, una base y un poste de soporte para mayor durabilidad y estabilidad.<\/li>\n<\/ul>\n<h3 class=\"header-iWP5WJ auto-hide-last-sibling-br\">Caracter\u00edsticas principales<\/h3>\n<ul class=\"auto-hide-last-sibling-br\">\n<li><strong>Dise\u00f1o semipinable<\/strong>: Se puede sujetar con alfileres en \u00e1ngulo (no se puede sujetar totalmente con alfileres debido al material de fibra de vidrio) para asegurar el tejido durante el drapeado, la costura o el patronaje, garantizando un ajuste preciso de los detalles de las miniprendas.<\/li>\n<li><strong>Precisi\u00f3n proporcional<\/strong>: Hecho a mano para que coincida con las proporciones regulares de forma de vestir para adultos, por lo que los estilos de prendas de vestir mini probados en \u00e9l se pueden escalar con precisi\u00f3n a tama\u00f1o completo, fiable tanto para el dise\u00f1o profesional y la pr\u00e1ctica principiante.<\/li>\n<li><strong>Estable y duradero<\/strong>: La base de metal negro, el m\u00e1stil, el cuello y las cubiertas de los hombros mejoran la estabilidad estructural (evitando el vuelco durante el uso) y resisten el desgaste, prolongando la vida \u00fatil del producto.<\/li>\n<li><strong>Adaptabilidad a m\u00faltiples escenarios<\/strong>: Funciona como herramienta profesional para cortar, confeccionar plantillas y coser; tambi\u00e9n se adapta a la exposici\u00f3n de joyas\/bufandas, decoraci\u00f3n de escaparates y manualidades infantiles para satisfacer diversas necesidades.<\/li>\n<\/ul>","protected":false},"excerpt":{"rendered":"<p>This is a 1:2 half-scale female dress form (Size 24 plus-size, not adult size) for sewing, pattern draping, and tailoring. Key specs: 59cm body height, 25cm shoulder, 68cm bust, 59.5cm waist, 74cm hips. Total height adjusts 59.5\u201392cm via a screw, with a 17cm metal base. Made of fiberglass (cotton-padded) and fabric, it\u2019s semi-pinnable\u2014suits designers, students, and decor\/crafts. (Note: Some have &#8220;24&#8221; on the body, shipping is random.)<\/p>","protected":false},"featured_media":43728,"comment_status":"open","ping_status":"closed","template":"","meta":{"_acf_changed":false},"product_brand":[84],"product_cat":[578],"product_tag":[579,582,685,691,600,605,586,591,587,625,689,646,692,688,690],"class_list":{"0":"post-43719","1":"product","2":"type-product","3":"status-publish","4":"has-post-thumbnail","6":"product_brand-de-liang","7":"product_cat-half-scale-dress-form","8":"product_tag-12-half-scale-dress-form","9":"product_tag-adjustable-height-dress-form","10":"product_tag-cotton-padded-dress-form","11":"product_tag-decorative-mannequin","12":"product_tag-fashion-design-dress-form","13":"product_tag-female-sewing-mannequin","14":"product_tag-fiberglass-dress-form","15":"product_tag-half-scale-female-mannequin","16":"product_tag-metal-base-dress-form","17":"product_tag-mini-garment-design-mannequin","18":"product_tag-pattern-draping-dummy","19":"product_tag-plus-size-miniature-mannequin","20":"product_tag-plus-size-tailor-dummy","21":"product_tag-size-24-plus-size-dress-form","22":"product_tag-tailor-dress-form","24":"first","25":"instock","26":"shipping-taxable","27":"purchasable","28":"product-type-simple"},"acf":[],"yoast_head":"<!-- This site is optimized with the Yoast SEO plugin v27.4 - https:\/\/yoast.com\/product\/yoast-seo-wordpress\/ -->\n<title>1:2 Half-Scale Female Dress Form \u2013 68cm Bust Half-Scale Dress Form (Size 24) \u2013 Plus-Size Mannequin for Sewing &amp; Decor - DE-LIANG - jewelry,clothes,watch,beauty cosmetics<\/title>\n<meta name=\"robots\" content=\"index, follow, max-snippet:-1, max-image-preview:large, max-video-preview:-1\" \/>\n<link rel=\"canonical\" href=\"https:\/\/deliangdisplay.com\/es\/nuestro-producto\/muestra\/maniquies-para-minoristas\/molde-de-vestido-a-media-escala\/12-media-escala-vestido-femenino-forma-68cm-busto-media-escala-vestido-forma-tamano-24-mas-tamano-maniqui-para-coser-decoracion\/\" \/>\n<meta property=\"og:locale\" content=\"es_ES\" \/>\n<meta property=\"og:type\" content=\"article\" \/>\n<meta property=\"og:title\" content=\"1:2 Half-Scale Female Dress Form \u2013 68cm Bust Half-Scale Dress Form (Size 24) \u2013 Plus-Size Mannequin for Sewing &amp; Decor - DE-LIANG - jewelry,clothes,watch,beauty cosmetics\" \/>\n<meta property=\"og:description\" content=\"This is a 1:2 half-scale female dress form (Size 24 plus-size, not adult size) for sewing, pattern draping, and tailoring. Key specs: 59cm body height, 25cm shoulder, 68cm bust, 59.5cm waist, 74cm hips. Total height adjusts 59.5\u201392cm via a screw, with a 17cm metal base. Made of fiberglass (cotton-padded) and fabric, it\u2019s semi-pinnable\u2014suits designers, students, and decor\/crafts. (Note: Some have &quot;24&quot; on the body, shipping is random.)\" \/>\n<meta property=\"og:url\" content=\"https:\/\/deliangdisplay.com\/es\/nuestro-producto\/muestra\/maniquies-para-minoristas\/molde-de-vestido-a-media-escala\/12-media-escala-vestido-femenino-forma-68cm-busto-media-escala-vestido-forma-tamano-24-mas-tamano-maniqui-para-coser-decoracion\/\" \/>\n<meta property=\"og:site_name\" content=\"DE-LIANG - jewelry,clothes,watch,beauty cosmetics\" \/>\n<meta property=\"article:publisher\" content=\"https:\/\/www.facebook.com\/JaneZhang008\/\" \/>\n<meta property=\"og:image\" content=\"https:\/\/deliangdisplay.com\/wp-content\/uploads\/2025\/10\/2-10.webp\" \/>\n\t<meta property=\"og:image:width\" content=\"600\" \/>\n\t<meta property=\"og:image:height\" content=\"600\" \/>\n\t<meta property=\"og:image:type\" content=\"image\/webp\" \/>\n<meta name=\"twitter:card\" content=\"summary_large_image\" \/>\n<meta name=\"twitter:site\" content=\"@ly673551729\" \/>\n<meta name=\"twitter:label1\" content=\"Tiempo de lectura\" \/>\n\t<meta name=\"twitter:data1\" content=\"2 minutos\" \/>\n<script type=\"application\/ld+json\" class=\"yoast-schema-graph\">{\"@context\":\"https:\\\/\\\/schema.org\",\"@graph\":[{\"@type\":\"WebPage\",\"@id\":\"https:\\\/\\\/deliangdisplay.com\\\/our-product\\\/displays\\\/retail-mannequins\\\/half-scale-dress-form\\\/12-half-scale-female-dress-form-68cm-bust-half-scale-dress-form-size-24-plus-size-mannequin-for-sewing-decor\\\/\",\"url\":\"https:\\\/\\\/deliangdisplay.com\\\/our-product\\\/displays\\\/retail-mannequins\\\/half-scale-dress-form\\\/12-half-scale-female-dress-form-68cm-bust-half-scale-dress-form-size-24-plus-size-mannequin-for-sewing-decor\\\/\",\"name\":\"1:2 Half-Scale Female Dress Form \u2013 68cm Bust Half-Scale Dress Form (Size 24) \u2013 Plus-Size Mannequin for Sewing & Decor - DE-LIANG - jewelry,clothes,watch,beauty cosmetics\",\"isPartOf\":{\"@id\":\"https:\\\/\\\/deliangdisplay.com\\\/#website\"},\"primaryImageOfPage\":{\"@id\":\"https:\\\/\\\/deliangdisplay.com\\\/our-product\\\/displays\\\/retail-mannequins\\\/half-scale-dress-form\\\/12-half-scale-female-dress-form-68cm-bust-half-scale-dress-form-size-24-plus-size-mannequin-for-sewing-decor\\\/#primaryimage\"},\"image\":{\"@id\":\"https:\\\/\\\/deliangdisplay.com\\\/our-product\\\/displays\\\/retail-mannequins\\\/half-scale-dress-form\\\/12-half-scale-female-dress-form-68cm-bust-half-scale-dress-form-size-24-plus-size-mannequin-for-sewing-decor\\\/#primaryimage\"},\"thumbnailUrl\":\"https:\\\/\\\/deliangdisplay.com\\\/wp-content\\\/uploads\\\/2025\\\/10\\\/2-10.webp\",\"datePublished\":\"2025-10-21T03:52:21+00:00\",\"breadcrumb\":{\"@id\":\"https:\\\/\\\/deliangdisplay.com\\\/our-product\\\/displays\\\/retail-mannequins\\\/half-scale-dress-form\\\/12-half-scale-female-dress-form-68cm-bust-half-scale-dress-form-size-24-plus-size-mannequin-for-sewing-decor\\\/#breadcrumb\"},\"inLanguage\":\"es\",\"potentialAction\":[{\"@type\":\"ReadAction\",\"target\":[\"https:\\\/\\\/deliangdisplay.com\\\/our-product\\\/displays\\\/retail-mannequins\\\/half-scale-dress-form\\\/12-half-scale-female-dress-form-68cm-bust-half-scale-dress-form-size-24-plus-size-mannequin-for-sewing-decor\\\/\"]}]},{\"@type\":\"ImageObject\",\"inLanguage\":\"es\",\"@id\":\"https:\\\/\\\/deliangdisplay.com\\\/our-product\\\/displays\\\/retail-mannequins\\\/half-scale-dress-form\\\/12-half-scale-female-dress-form-68cm-bust-half-scale-dress-form-size-24-plus-size-mannequin-for-sewing-decor\\\/#primaryimage\",\"url\":\"https:\\\/\\\/deliangdisplay.com\\\/wp-content\\\/uploads\\\/2025\\\/10\\\/2-10.webp\",\"contentUrl\":\"https:\\\/\\\/deliangdisplay.com\\\/wp-content\\\/uploads\\\/2025\\\/10\\\/2-10.webp\",\"width\":600,\"height\":600},{\"@type\":\"BreadcrumbList\",\"@id\":\"https:\\\/\\\/deliangdisplay.com\\\/our-product\\\/displays\\\/retail-mannequins\\\/half-scale-dress-form\\\/12-half-scale-female-dress-form-68cm-bust-half-scale-dress-form-size-24-plus-size-mannequin-for-sewing-decor\\\/#breadcrumb\",\"itemListElement\":[{\"@type\":\"ListItem\",\"position\":1,\"name\":\"\u9996\u9875\",\"item\":\"https:\\\/\\\/deliangdisplay.com\\\/\"},{\"@type\":\"ListItem\",\"position\":2,\"name\":\"Our Product\",\"item\":\"https:\\\/\\\/deliangdisplay.com\\\/our-product\\\/\"},{\"@type\":\"ListItem\",\"position\":3,\"name\":\"1:2 Half-Scale Female Dress Form \u2013 68cm Bust Half-Scale Dress Form (Size 24) \u2013 Plus-Size Mannequin for Sewing &#038; Decor\"}]},{\"@type\":\"WebSite\",\"@id\":\"https:\\\/\\\/deliangdisplay.com\\\/#website\",\"url\":\"https:\\\/\\\/deliangdisplay.com\\\/\",\"name\":\"deliangdisplay.com\",\"description\":\"DE-LIANG - Providing bespoke packaging solutions and luxurious display design services for brands in jewelry, apparel, watches, beauty cosmetics, and more.\",\"publisher\":{\"@id\":\"https:\\\/\\\/deliangdisplay.com\\\/#organization\"},\"potentialAction\":[{\"@type\":\"SearchAction\",\"target\":{\"@type\":\"EntryPoint\",\"urlTemplate\":\"https:\\\/\\\/deliangdisplay.com\\\/?s={search_term_string}\"},\"query-input\":{\"@type\":\"PropertyValueSpecification\",\"valueRequired\":true,\"valueName\":\"search_term_string\"}}],\"inLanguage\":\"es\"},{\"@type\":\"Organization\",\"@id\":\"https:\\\/\\\/deliangdisplay.com\\\/#organization\",\"name\":\"deliangdisplay.com\",\"url\":\"https:\\\/\\\/deliangdisplay.com\\\/\",\"logo\":{\"@type\":\"ImageObject\",\"inLanguage\":\"es\",\"@id\":\"https:\\\/\\\/deliangdisplay.com\\\/#\\\/schema\\\/logo\\\/image\\\/\",\"url\":\"https:\\\/\\\/deliangdisplay.com\\\/wp-content\\\/uploads\\\/2025\\\/08\\\/DELIANGDISPALY_logo.png\",\"contentUrl\":\"https:\\\/\\\/deliangdisplay.com\\\/wp-content\\\/uploads\\\/2025\\\/08\\\/DELIANGDISPALY_logo.png\",\"width\":300,\"height\":130,\"caption\":\"deliangdisplay.com\"},\"image\":{\"@id\":\"https:\\\/\\\/deliangdisplay.com\\\/#\\\/schema\\\/logo\\\/image\\\/\"},\"sameAs\":[\"https:\\\/\\\/www.facebook.com\\\/JaneZhang008\\\/\",\"https:\\\/\\\/x.com\\\/ly673551729\"]}]}<\/script>\n<!-- \/ Yoast SEO plugin. -->","yoast_head_json":{"title":"Semiforma de vestido de se\u00f1ora a escala 1:2 - Semiforma de vestido a escala con 68 cm de busto (talla 24) - Maniqu\u00ed de talla grande para costura y decoraci\u00f3n - DE-LIANG - joyer\u00eda,ropa,reloj,cosm\u00e9tica de belleza","robots":{"index":"index","follow":"follow","max-snippet":"max-snippet:-1","max-image-preview":"max-image-preview:large","max-video-preview":"max-video-preview:-1"},"canonical":"https:\/\/deliangdisplay.com\/es\/nuestro-producto\/muestra\/maniquies-para-minoristas\/molde-de-vestido-a-media-escala\/12-media-escala-vestido-femenino-forma-68cm-busto-media-escala-vestido-forma-tamano-24-mas-tamano-maniqui-para-coser-decoracion\/","og_locale":"es_ES","og_type":"article","og_title":"1:2 Half-Scale Female Dress Form \u2013 68cm Bust Half-Scale Dress Form (Size 24) \u2013 Plus-Size Mannequin for Sewing & Decor - DE-LIANG - jewelry,clothes,watch,beauty cosmetics","og_description":"This is a 1:2 half-scale female dress form (Size 24 plus-size, not adult size) for sewing, pattern draping, and tailoring. Key specs: 59cm body height, 25cm shoulder, 68cm bust, 59.5cm waist, 74cm hips. Total height adjusts 59.5\u201392cm via a screw, with a 17cm metal base. Made of fiberglass (cotton-padded) and fabric, it\u2019s semi-pinnable\u2014suits designers, students, and decor\/crafts. (Note: Some have \"24\" on the body, shipping is random.)","og_url":"https:\/\/deliangdisplay.com\/es\/nuestro-producto\/muestra\/maniquies-para-minoristas\/molde-de-vestido-a-media-escala\/12-media-escala-vestido-femenino-forma-68cm-busto-media-escala-vestido-forma-tamano-24-mas-tamano-maniqui-para-coser-decoracion\/","og_site_name":"DE-LIANG - jewelry,clothes,watch,beauty cosmetics","article_publisher":"https:\/\/www.facebook.com\/JaneZhang008\/","og_image":[{"width":600,"height":600,"url":"https:\/\/deliangdisplay.com\/wp-content\/uploads\/2025\/10\/2-10.webp","type":"image\/webp"}],"twitter_card":"summary_large_image","twitter_site":"@ly673551729","twitter_misc":{"Tiempo de lectura":"2 minutos"},"schema":{"@context":"https:\/\/schema.org","@graph":[{"@type":"WebPage","@id":"https:\/\/deliangdisplay.com\/our-product\/displays\/retail-mannequins\/half-scale-dress-form\/12-half-scale-female-dress-form-68cm-bust-half-scale-dress-form-size-24-plus-size-mannequin-for-sewing-decor\/","url":"https:\/\/deliangdisplay.com\/our-product\/displays\/retail-mannequins\/half-scale-dress-form\/12-half-scale-female-dress-form-68cm-bust-half-scale-dress-form-size-24-plus-size-mannequin-for-sewing-decor\/","name":"Semiforma de vestido de se\u00f1ora a escala 1:2 - Semiforma de vestido a escala con 68 cm de busto (talla 24) - Maniqu\u00ed de talla grande para costura y decoraci\u00f3n - DE-LIANG - joyer\u00eda,ropa,reloj,cosm\u00e9tica de belleza","isPartOf":{"@id":"https:\/\/deliangdisplay.com\/#website"},"primaryImageOfPage":{"@id":"https:\/\/deliangdisplay.com\/our-product\/displays\/retail-mannequins\/half-scale-dress-form\/12-half-scale-female-dress-form-68cm-bust-half-scale-dress-form-size-24-plus-size-mannequin-for-sewing-decor\/#primaryimage"},"image":{"@id":"https:\/\/deliangdisplay.com\/our-product\/displays\/retail-mannequins\/half-scale-dress-form\/12-half-scale-female-dress-form-68cm-bust-half-scale-dress-form-size-24-plus-size-mannequin-for-sewing-decor\/#primaryimage"},"thumbnailUrl":"https:\/\/deliangdisplay.com\/wp-content\/uploads\/2025\/10\/2-10.webp","datePublished":"2025-10-21T03:52:21+00:00","breadcrumb":{"@id":"https:\/\/deliangdisplay.com\/our-product\/displays\/retail-mannequins\/half-scale-dress-form\/12-half-scale-female-dress-form-68cm-bust-half-scale-dress-form-size-24-plus-size-mannequin-for-sewing-decor\/#breadcrumb"},"inLanguage":"es","potentialAction":[{"@type":"ReadAction","target":["https:\/\/deliangdisplay.com\/our-product\/displays\/retail-mannequins\/half-scale-dress-form\/12-half-scale-female-dress-form-68cm-bust-half-scale-dress-form-size-24-plus-size-mannequin-for-sewing-decor\/"]}]},{"@type":"ImageObject","inLanguage":"es","@id":"https:\/\/deliangdisplay.com\/our-product\/displays\/retail-mannequins\/half-scale-dress-form\/12-half-scale-female-dress-form-68cm-bust-half-scale-dress-form-size-24-plus-size-mannequin-for-sewing-decor\/#primaryimage","url":"https:\/\/deliangdisplay.com\/wp-content\/uploads\/2025\/10\/2-10.webp","contentUrl":"https:\/\/deliangdisplay.com\/wp-content\/uploads\/2025\/10\/2-10.webp","width":600,"height":600},{"@type":"BreadcrumbList","@id":"https:\/\/deliangdisplay.com\/our-product\/displays\/retail-mannequins\/half-scale-dress-form\/12-half-scale-female-dress-form-68cm-bust-half-scale-dress-form-size-24-plus-size-mannequin-for-sewing-decor\/#breadcrumb","itemListElement":[{"@type":"ListItem","position":1,"name":"\u9996\u9875","item":"https:\/\/deliangdisplay.com\/"},{"@type":"ListItem","position":2,"name":"Our Product","item":"https:\/\/deliangdisplay.com\/our-product\/"},{"@type":"ListItem","position":3,"name":"1:2 Half-Scale Female Dress Form \u2013 68cm Bust Half-Scale Dress Form (Size 24) \u2013 Plus-Size Mannequin for Sewing &#038; Decor"}]},{"@type":"WebSite","@id":"https:\/\/deliangdisplay.com\/#website","url":"https:\/\/deliangdisplay.com\/","name":"deliangdisplay.com","description":"DE-LIANG - Proporciona soluciones de envasado a medida y servicios de dise\u00f1o de expositores de lujo para marcas de joyer\u00eda, ropa, relojes, cosm\u00e9ticos de belleza, etc.","publisher":{"@id":"https:\/\/deliangdisplay.com\/#organization"},"potentialAction":[{"@type":"SearchAction","target":{"@type":"EntryPoint","urlTemplate":"https:\/\/deliangdisplay.com\/?s={search_term_string}"},"query-input":{"@type":"PropertyValueSpecification","valueRequired":true,"valueName":"search_term_string"}}],"inLanguage":"es"},{"@type":"Organization","@id":"https:\/\/deliangdisplay.com\/#organization","name":"deliangdisplay.com","url":"https:\/\/deliangdisplay.com\/","logo":{"@type":"ImageObject","inLanguage":"es","@id":"https:\/\/deliangdisplay.com\/#\/schema\/logo\/image\/","url":"https:\/\/deliangdisplay.com\/wp-content\/uploads\/2025\/08\/DELIANGDISPALY_logo.png","contentUrl":"https:\/\/deliangdisplay.com\/wp-content\/uploads\/2025\/08\/DELIANGDISPALY_logo.png","width":300,"height":130,"caption":"deliangdisplay.com"},"image":{"@id":"https:\/\/deliangdisplay.com\/#\/schema\/logo\/image\/"},"sameAs":["https:\/\/www.facebook.com\/JaneZhang008\/","https:\/\/x.com\/ly673551729"]}]}},"_links":{"self":[{"href":"https:\/\/deliangdisplay.com\/es\/wp-json\/wp\/v2\/product\/43719","targetHints":{"allow":["GET"]}}],"collection":[{"href":"https:\/\/deliangdisplay.com\/es\/wp-json\/wp\/v2\/product"}],"about":[{"href":"https:\/\/deliangdisplay.com\/es\/wp-json\/wp\/v2\/types\/product"}],"replies":[{"embeddable":true,"href":"https:\/\/deliangdisplay.com\/es\/wp-json\/wp\/v2\/comments?post=43719"}],"wp:featuredmedia":[{"embeddable":true,"href":"https:\/\/deliangdisplay.com\/es\/wp-json\/wp\/v2\/media\/43728"}],"wp:attachment":[{"href":"https:\/\/deliangdisplay.com\/es\/wp-json\/wp\/v2\/media?parent=43719"}],"wp:term":[{"taxonomy":"product_brand","embeddable":true,"href":"https:\/\/deliangdisplay.com\/es\/wp-json\/wp\/v2\/product_brand?post=43719"},{"taxonomy":"product_cat","embeddable":true,"href":"https:\/\/deliangdisplay.com\/es\/wp-json\/wp\/v2\/product_cat?post=43719"},{"taxonomy":"product_tag","embeddable":true,"href":"https:\/\/deliangdisplay.com\/es\/wp-json\/wp\/v2\/product_tag?post=43719"}],"curies":[{"name":"wp","href":"https:\/\/api.w.org\/{rel}","templated":true}]}}