{"id":43709,"date":"2025-10-21T11:46:22","date_gmt":"2025-10-21T03:46:22","guid":{"rendered":"https:\/\/deliangdisplay.com\/?post_type=product&#038;p=43709"},"modified":"2025-10-21T11:46:40","modified_gmt":"2025-10-21T03:46:40","slug":"12-media-escala-torso-femenino-vestido-forma-tamano-6-12-mini-maniqui-para-coser-patronaje","status":"publish","type":"product","link":"https:\/\/deliangdisplay.com\/es\/nuestro-producto\/muestra\/maniquies-para-minoristas\/molde-de-vestido-a-media-escala\/12-media-escala-torso-femenino-vestido-forma-tamano-6-12-mini-maniqui-para-coser-patronaje\/","title":{"rendered":"Semimaniqu\u00ed 1:2 Torso de se\u00f1ora - Mini maniqu\u00ed talla 6\/12 para costura y patronaje"},"content":{"rendered":"<h3 class=\"header-iWP5WJ auto-hide-last-sibling-br\">Productos<\/h3>\n<div class=\"auto-hide-last-sibling-br paragraph-pP9ZLC paragraph-element br-paragraph-space\">Se trata de un\u00a0<strong>Molde de vestido con torso femenino a escala 1:2<\/strong>\u00a0(no en talla adulta, disponible en tallas 6 y 12) dise\u00f1ado para costura, sastrer\u00eda, patronaje de vestidos y maquetas de minivestidos. Ayuda a los dise\u00f1adores de moda, sastres y estudiantes de dise\u00f1o a ahorrar tela y tiempo, ya que permite realizar repetidas pruebas y ajustes de los estilos de las prendas. M\u00e1s all\u00e1 de su uso profesional, su tama\u00f1o compacto y dise\u00f1o cl\u00e1sico tambi\u00e9n lo hacen adecuado para escaparates o proyectos de manualidades infantiles, combinando funcionalidad con valor decorativo.<\/div>\n<h3 class=\"header-iWP5WJ auto-hide-last-sibling-br\">Especificaciones<\/h3>\n<ul class=\"auto-hide-last-sibling-br\">\n<li><strong>Detalles del tama\u00f1o<\/strong>\n<ul class=\"auto-hide-last-sibling-br\">\n<li>Talla 6: altura del cuerpo 43 cm, anchura de los hombros 19,5 cm, busto 44,5 cm, cintura 34,5 cm, caderas 46 cm; fabricada a mano con una tolerancia de talla de \u00b10,5 cm.<\/li>\n<li>Talla 12: Altura 44,5-45 cm, anchura de hombros 21 cm, busto 48,5 cm, cintura 36,5 cm, caderas 49,5 cm; centro delantero 19 cm, centro trasero 21,6 cm.<\/li>\n<li>Brazos blandos (compatibles): Largo 30 cm, contorno de brazo 13,5 cm, contorno de codo 12 cm, contorno de mu\u00f1eca 9,5 cm.<\/li>\n<\/ul>\n<\/li>\n<li><strong>Altura ajustable<\/strong>: La altura total se ajusta de 47,5 cm a 79,5 cm girando un tornillo; la base es un soporte redondo de metal negro con un di\u00e1metro de 17 cm.<\/li>\n<li><strong>Materiales<\/strong>: Torso de fibra de vidrio (con acolchado completo de algod\u00f3n), envuelto en tela; cubrecuellos\/hombros y base\/m\u00e1stil de metal negro.<\/li>\n<\/ul>\n<h3 class=\"header-iWP5WJ auto-hide-last-sibling-br\">Caracter\u00edsticas principales<\/h3>\n<ul class=\"auto-hide-last-sibling-br\">\n<li><strong>Dise\u00f1o semipinable<\/strong>: Se puede sujetar con alfileres en \u00e1ngulo (no se puede sujetar completamente con alfileres debido al material de fibra de vidrio) para asegurar la tela durante el drapeado, la costura o el patronaje, garantizando ajustes precisos para miniprendas.<\/li>\n<li><strong>Duradero y estable<\/strong>: El cuello y los hombros de metal negro protegen el molde durante el transporte; la base met\u00e1lica de 17 cm de di\u00e1metro proporciona una gran estabilidad y evita que se vuelque mientras se trabaja en los dise\u00f1os.<\/li>\n<li><strong>Precisi\u00f3n proporcional<\/strong>: Fabricado para ajustarse a las proporciones de un molde de vestido normal de adulto, por lo que los estilos de miniprendas probados en \u00e9l pueden escalarse con precisi\u00f3n hasta el tama\u00f1o real: fiable tanto para la pr\u00e1ctica de principiantes como para la validaci\u00f3n de dise\u00f1os profesionales.<\/li>\n<li><strong>Adaptabilidad a m\u00faltiples escenarios<\/strong>: Funciona como herramienta profesional para cortar, hacer plantillas y coser; tambi\u00e9n como pieza decorativa para escaparates o manualidades infantiles, y puede servir de escaparate para bufandas, joyas o botones.<\/li>\n<\/ul>","protected":false},"excerpt":{"rendered":"<p>Este es un molde de vestido de torso femenino a escala 1:2 (talla 6\/12, no talla de adulto) para costura, drapeado y patronaje. Especificaciones: Talla 6 (43 cm de altura, 44,5 cm de busto); Talla 12 (44,5-45 cm de altura, 48,5 cm de busto). La altura total se ajusta de 47,5 a 79,5 cm mediante un tornillo, con una base met\u00e1lica de 17 cm. Fabricado en fibra de vidrio (acolchado de algod\u00f3n) y tela, es semipintable, funciona con brazos suaves-apto para dise\u00f1adores, estudiantes y decoraci\u00f3n\/artesan\u00eda.<\/p>","protected":false},"featured_media":43717,"comment_status":"open","ping_status":"closed","template":"","meta":{"_acf_changed":false},"product_brand":[84],"product_cat":[578],"product_tag":[579,582,685,611,600,681,586,591,587,609,687,684,683,682,686],"class_list":{"0":"post-43709","1":"product","2":"type-product","3":"status-publish","4":"has-post-thumbnail","6":"product_brand-de-liang","7":"product_cat-half-scale-dress-form","8":"product_tag-12-half-scale-dress-form","9":"product_tag-adjustable-height-dress-form","10":"product_tag-cotton-padded-dress-form","11":"product_tag-draping-practice-mannequin","12":"product_tag-fashion-design-dress-form","13":"product_tag-female-torso-mannequin","14":"product_tag-fiberglass-dress-form","15":"product_tag-half-scale-female-mannequin","16":"product_tag-metal-base-dress-form","17":"product_tag-mini-garment-design-dummy","18":"product_tag-proportional-dress-form","19":"product_tag-semi-pinnable-dress-form","20":"product_tag-size-12-tailor-dress-form","21":"product_tag-size-6-sewing-dummy","22":"product_tag-soft-arm-compatible-mannequin","24":"first","25":"instock","26":"shipping-taxable","27":"purchasable","28":"product-type-simple"},"acf":[],"yoast_head":"<!-- This site is optimized with the Yoast SEO plugin v27.4 - https:\/\/yoast.com\/product\/yoast-seo-wordpress\/ -->\n<title>1:2 Half-Scale Female Torso Dress Form \u2013 Size 6\/12 Mini Mannequin for Sewing &amp; Pattern Making - DE-LIANG - jewelry,clothes,watch,beauty cosmetics<\/title>\n<meta name=\"robots\" content=\"index, follow, max-snippet:-1, max-image-preview:large, max-video-preview:-1\" \/>\n<link rel=\"canonical\" href=\"https:\/\/deliangdisplay.com\/es\/nuestro-producto\/muestra\/maniquies-para-minoristas\/molde-de-vestido-a-media-escala\/12-media-escala-torso-femenino-vestido-forma-tamano-6-12-mini-maniqui-para-coser-patronaje\/\" \/>\n<meta property=\"og:locale\" content=\"es_ES\" \/>\n<meta property=\"og:type\" content=\"article\" \/>\n<meta property=\"og:title\" content=\"1:2 Half-Scale Female Torso Dress Form \u2013 Size 6\/12 Mini Mannequin for Sewing &amp; Pattern Making - DE-LIANG - jewelry,clothes,watch,beauty cosmetics\" \/>\n<meta property=\"og:description\" content=\"This is a 1:2 half-scale female torso dress form (Size 6\/12, not adult size) for sewing, draping, and pattern making. Key specs: Size 6 (43cm height, 44.5cm bust); Size 12 (44.5\u201345cm height, 48.5cm bust). Total height adjusts 47.5\u201379.5cm via a screw, with a 17cm metal base. Made of fiberglass (cotton-padded) and fabric, it\u2019s semi-pinnable, works with soft arms\u2014suits designers, students, and decor\/crafts.\" \/>\n<meta property=\"og:url\" content=\"https:\/\/deliangdisplay.com\/es\/nuestro-producto\/muestra\/maniquies-para-minoristas\/molde-de-vestido-a-media-escala\/12-media-escala-torso-femenino-vestido-forma-tamano-6-12-mini-maniqui-para-coser-patronaje\/\" \/>\n<meta property=\"og:site_name\" content=\"DE-LIANG - jewelry,clothes,watch,beauty cosmetics\" \/>\n<meta property=\"article:publisher\" content=\"https:\/\/www.facebook.com\/JaneZhang008\/\" \/>\n<meta property=\"article:modified_time\" content=\"2025-10-21T03:46:40+00:00\" \/>\n<meta property=\"og:image\" content=\"https:\/\/deliangdisplay.com\/wp-content\/uploads\/2025\/10\/2-9.webp\" \/>\n\t<meta property=\"og:image:width\" content=\"600\" \/>\n\t<meta property=\"og:image:height\" content=\"600\" \/>\n\t<meta property=\"og:image:type\" content=\"image\/webp\" \/>\n<meta name=\"twitter:card\" content=\"summary_large_image\" \/>\n<meta name=\"twitter:site\" content=\"@ly673551729\" \/>\n<meta name=\"twitter:label1\" content=\"Tiempo de lectura\" \/>\n\t<meta name=\"twitter:data1\" content=\"2 minutos\" \/>\n<script type=\"application\/ld+json\" class=\"yoast-schema-graph\">{\"@context\":\"https:\\\/\\\/schema.org\",\"@graph\":[{\"@type\":\"WebPage\",\"@id\":\"https:\\\/\\\/deliangdisplay.com\\\/our-product\\\/displays\\\/retail-mannequins\\\/half-scale-dress-form\\\/12-half-scale-female-torso-dress-form-size-6-12-mini-mannequin-for-sewing-pattern-making\\\/\",\"url\":\"https:\\\/\\\/deliangdisplay.com\\\/our-product\\\/displays\\\/retail-mannequins\\\/half-scale-dress-form\\\/12-half-scale-female-torso-dress-form-size-6-12-mini-mannequin-for-sewing-pattern-making\\\/\",\"name\":\"1:2 Half-Scale Female Torso Dress Form \u2013 Size 6\\\/12 Mini Mannequin for Sewing & Pattern Making - DE-LIANG - jewelry,clothes,watch,beauty cosmetics\",\"isPartOf\":{\"@id\":\"https:\\\/\\\/deliangdisplay.com\\\/#website\"},\"primaryImageOfPage\":{\"@id\":\"https:\\\/\\\/deliangdisplay.com\\\/our-product\\\/displays\\\/retail-mannequins\\\/half-scale-dress-form\\\/12-half-scale-female-torso-dress-form-size-6-12-mini-mannequin-for-sewing-pattern-making\\\/#primaryimage\"},\"image\":{\"@id\":\"https:\\\/\\\/deliangdisplay.com\\\/our-product\\\/displays\\\/retail-mannequins\\\/half-scale-dress-form\\\/12-half-scale-female-torso-dress-form-size-6-12-mini-mannequin-for-sewing-pattern-making\\\/#primaryimage\"},\"thumbnailUrl\":\"https:\\\/\\\/deliangdisplay.com\\\/wp-content\\\/uploads\\\/2025\\\/10\\\/2-9.webp\",\"datePublished\":\"2025-10-21T03:46:22+00:00\",\"dateModified\":\"2025-10-21T03:46:40+00:00\",\"breadcrumb\":{\"@id\":\"https:\\\/\\\/deliangdisplay.com\\\/our-product\\\/displays\\\/retail-mannequins\\\/half-scale-dress-form\\\/12-half-scale-female-torso-dress-form-size-6-12-mini-mannequin-for-sewing-pattern-making\\\/#breadcrumb\"},\"inLanguage\":\"es\",\"potentialAction\":[{\"@type\":\"ReadAction\",\"target\":[\"https:\\\/\\\/deliangdisplay.com\\\/our-product\\\/displays\\\/retail-mannequins\\\/half-scale-dress-form\\\/12-half-scale-female-torso-dress-form-size-6-12-mini-mannequin-for-sewing-pattern-making\\\/\"]}]},{\"@type\":\"ImageObject\",\"inLanguage\":\"es\",\"@id\":\"https:\\\/\\\/deliangdisplay.com\\\/our-product\\\/displays\\\/retail-mannequins\\\/half-scale-dress-form\\\/12-half-scale-female-torso-dress-form-size-6-12-mini-mannequin-for-sewing-pattern-making\\\/#primaryimage\",\"url\":\"https:\\\/\\\/deliangdisplay.com\\\/wp-content\\\/uploads\\\/2025\\\/10\\\/2-9.webp\",\"contentUrl\":\"https:\\\/\\\/deliangdisplay.com\\\/wp-content\\\/uploads\\\/2025\\\/10\\\/2-9.webp\",\"width\":600,\"height\":600},{\"@type\":\"BreadcrumbList\",\"@id\":\"https:\\\/\\\/deliangdisplay.com\\\/our-product\\\/displays\\\/retail-mannequins\\\/half-scale-dress-form\\\/12-half-scale-female-torso-dress-form-size-6-12-mini-mannequin-for-sewing-pattern-making\\\/#breadcrumb\",\"itemListElement\":[{\"@type\":\"ListItem\",\"position\":1,\"name\":\"\u9996\u9875\",\"item\":\"https:\\\/\\\/deliangdisplay.com\\\/\"},{\"@type\":\"ListItem\",\"position\":2,\"name\":\"Our Product\",\"item\":\"https:\\\/\\\/deliangdisplay.com\\\/our-product\\\/\"},{\"@type\":\"ListItem\",\"position\":3,\"name\":\"1:2 Half-Scale Female Torso Dress Form \u2013 Size 6\\\/12 Mini Mannequin for Sewing &#038; Pattern Making\"}]},{\"@type\":\"WebSite\",\"@id\":\"https:\\\/\\\/deliangdisplay.com\\\/#website\",\"url\":\"https:\\\/\\\/deliangdisplay.com\\\/\",\"name\":\"deliangdisplay.com\",\"description\":\"DE-LIANG - Providing bespoke packaging solutions and luxurious display design services for brands in jewelry, apparel, watches, beauty cosmetics, and more.\",\"publisher\":{\"@id\":\"https:\\\/\\\/deliangdisplay.com\\\/#organization\"},\"potentialAction\":[{\"@type\":\"SearchAction\",\"target\":{\"@type\":\"EntryPoint\",\"urlTemplate\":\"https:\\\/\\\/deliangdisplay.com\\\/?s={search_term_string}\"},\"query-input\":{\"@type\":\"PropertyValueSpecification\",\"valueRequired\":true,\"valueName\":\"search_term_string\"}}],\"inLanguage\":\"es\"},{\"@type\":\"Organization\",\"@id\":\"https:\\\/\\\/deliangdisplay.com\\\/#organization\",\"name\":\"deliangdisplay.com\",\"url\":\"https:\\\/\\\/deliangdisplay.com\\\/\",\"logo\":{\"@type\":\"ImageObject\",\"inLanguage\":\"es\",\"@id\":\"https:\\\/\\\/deliangdisplay.com\\\/#\\\/schema\\\/logo\\\/image\\\/\",\"url\":\"https:\\\/\\\/deliangdisplay.com\\\/wp-content\\\/uploads\\\/2025\\\/08\\\/DELIANGDISPALY_logo.png\",\"contentUrl\":\"https:\\\/\\\/deliangdisplay.com\\\/wp-content\\\/uploads\\\/2025\\\/08\\\/DELIANGDISPALY_logo.png\",\"width\":300,\"height\":130,\"caption\":\"deliangdisplay.com\"},\"image\":{\"@id\":\"https:\\\/\\\/deliangdisplay.com\\\/#\\\/schema\\\/logo\\\/image\\\/\"},\"sameAs\":[\"https:\\\/\\\/www.facebook.com\\\/JaneZhang008\\\/\",\"https:\\\/\\\/x.com\\\/ly673551729\"]}]}<\/script>\n<!-- \/ Yoast SEO plugin. -->","yoast_head_json":{"title":"Semimaniqu\u00ed 1:2 Torso de se\u00f1ora - Talla 6\/12 Mini maniqu\u00ed para costura y patronaje - DE-LIANG - joyer\u00eda,ropa,relojeria,cosmetica belleza","robots":{"index":"index","follow":"follow","max-snippet":"max-snippet:-1","max-image-preview":"max-image-preview:large","max-video-preview":"max-video-preview:-1"},"canonical":"https:\/\/deliangdisplay.com\/es\/nuestro-producto\/muestra\/maniquies-para-minoristas\/molde-de-vestido-a-media-escala\/12-media-escala-torso-femenino-vestido-forma-tamano-6-12-mini-maniqui-para-coser-patronaje\/","og_locale":"es_ES","og_type":"article","og_title":"1:2 Half-Scale Female Torso Dress Form \u2013 Size 6\/12 Mini Mannequin for Sewing & Pattern Making - DE-LIANG - jewelry,clothes,watch,beauty cosmetics","og_description":"This is a 1:2 half-scale female torso dress form (Size 6\/12, not adult size) for sewing, draping, and pattern making. Key specs: Size 6 (43cm height, 44.5cm bust); Size 12 (44.5\u201345cm height, 48.5cm bust). Total height adjusts 47.5\u201379.5cm via a screw, with a 17cm metal base. Made of fiberglass (cotton-padded) and fabric, it\u2019s semi-pinnable, works with soft arms\u2014suits designers, students, and decor\/crafts.","og_url":"https:\/\/deliangdisplay.com\/es\/nuestro-producto\/muestra\/maniquies-para-minoristas\/molde-de-vestido-a-media-escala\/12-media-escala-torso-femenino-vestido-forma-tamano-6-12-mini-maniqui-para-coser-patronaje\/","og_site_name":"DE-LIANG - jewelry,clothes,watch,beauty cosmetics","article_publisher":"https:\/\/www.facebook.com\/JaneZhang008\/","article_modified_time":"2025-10-21T03:46:40+00:00","og_image":[{"width":600,"height":600,"url":"https:\/\/deliangdisplay.com\/wp-content\/uploads\/2025\/10\/2-9.webp","type":"image\/webp"}],"twitter_card":"summary_large_image","twitter_site":"@ly673551729","twitter_misc":{"Tiempo de lectura":"2 minutos"},"schema":{"@context":"https:\/\/schema.org","@graph":[{"@type":"WebPage","@id":"https:\/\/deliangdisplay.com\/our-product\/displays\/retail-mannequins\/half-scale-dress-form\/12-half-scale-female-torso-dress-form-size-6-12-mini-mannequin-for-sewing-pattern-making\/","url":"https:\/\/deliangdisplay.com\/our-product\/displays\/retail-mannequins\/half-scale-dress-form\/12-half-scale-female-torso-dress-form-size-6-12-mini-mannequin-for-sewing-pattern-making\/","name":"Semimaniqu\u00ed 1:2 Torso de se\u00f1ora - Talla 6\/12 Mini maniqu\u00ed para costura y patronaje - DE-LIANG - joyer\u00eda,ropa,relojeria,cosmetica belleza","isPartOf":{"@id":"https:\/\/deliangdisplay.com\/#website"},"primaryImageOfPage":{"@id":"https:\/\/deliangdisplay.com\/our-product\/displays\/retail-mannequins\/half-scale-dress-form\/12-half-scale-female-torso-dress-form-size-6-12-mini-mannequin-for-sewing-pattern-making\/#primaryimage"},"image":{"@id":"https:\/\/deliangdisplay.com\/our-product\/displays\/retail-mannequins\/half-scale-dress-form\/12-half-scale-female-torso-dress-form-size-6-12-mini-mannequin-for-sewing-pattern-making\/#primaryimage"},"thumbnailUrl":"https:\/\/deliangdisplay.com\/wp-content\/uploads\/2025\/10\/2-9.webp","datePublished":"2025-10-21T03:46:22+00:00","dateModified":"2025-10-21T03:46:40+00:00","breadcrumb":{"@id":"https:\/\/deliangdisplay.com\/our-product\/displays\/retail-mannequins\/half-scale-dress-form\/12-half-scale-female-torso-dress-form-size-6-12-mini-mannequin-for-sewing-pattern-making\/#breadcrumb"},"inLanguage":"es","potentialAction":[{"@type":"ReadAction","target":["https:\/\/deliangdisplay.com\/our-product\/displays\/retail-mannequins\/half-scale-dress-form\/12-half-scale-female-torso-dress-form-size-6-12-mini-mannequin-for-sewing-pattern-making\/"]}]},{"@type":"ImageObject","inLanguage":"es","@id":"https:\/\/deliangdisplay.com\/our-product\/displays\/retail-mannequins\/half-scale-dress-form\/12-half-scale-female-torso-dress-form-size-6-12-mini-mannequin-for-sewing-pattern-making\/#primaryimage","url":"https:\/\/deliangdisplay.com\/wp-content\/uploads\/2025\/10\/2-9.webp","contentUrl":"https:\/\/deliangdisplay.com\/wp-content\/uploads\/2025\/10\/2-9.webp","width":600,"height":600},{"@type":"BreadcrumbList","@id":"https:\/\/deliangdisplay.com\/our-product\/displays\/retail-mannequins\/half-scale-dress-form\/12-half-scale-female-torso-dress-form-size-6-12-mini-mannequin-for-sewing-pattern-making\/#breadcrumb","itemListElement":[{"@type":"ListItem","position":1,"name":"\u9996\u9875","item":"https:\/\/deliangdisplay.com\/"},{"@type":"ListItem","position":2,"name":"Our Product","item":"https:\/\/deliangdisplay.com\/our-product\/"},{"@type":"ListItem","position":3,"name":"1:2 Half-Scale Female Torso Dress Form \u2013 Size 6\/12 Mini Mannequin for Sewing &#038; Pattern Making"}]},{"@type":"WebSite","@id":"https:\/\/deliangdisplay.com\/#website","url":"https:\/\/deliangdisplay.com\/","name":"deliangdisplay.com","description":"DE-LIANG - Proporciona soluciones de envasado a medida y servicios de dise\u00f1o de expositores de lujo para marcas de joyer\u00eda, ropa, relojes, cosm\u00e9ticos de belleza, etc.","publisher":{"@id":"https:\/\/deliangdisplay.com\/#organization"},"potentialAction":[{"@type":"SearchAction","target":{"@type":"EntryPoint","urlTemplate":"https:\/\/deliangdisplay.com\/?s={search_term_string}"},"query-input":{"@type":"PropertyValueSpecification","valueRequired":true,"valueName":"search_term_string"}}],"inLanguage":"es"},{"@type":"Organization","@id":"https:\/\/deliangdisplay.com\/#organization","name":"deliangdisplay.com","url":"https:\/\/deliangdisplay.com\/","logo":{"@type":"ImageObject","inLanguage":"es","@id":"https:\/\/deliangdisplay.com\/#\/schema\/logo\/image\/","url":"https:\/\/deliangdisplay.com\/wp-content\/uploads\/2025\/08\/DELIANGDISPALY_logo.png","contentUrl":"https:\/\/deliangdisplay.com\/wp-content\/uploads\/2025\/08\/DELIANGDISPALY_logo.png","width":300,"height":130,"caption":"deliangdisplay.com"},"image":{"@id":"https:\/\/deliangdisplay.com\/#\/schema\/logo\/image\/"},"sameAs":["https:\/\/www.facebook.com\/JaneZhang008\/","https:\/\/x.com\/ly673551729"]}]}},"_links":{"self":[{"href":"https:\/\/deliangdisplay.com\/es\/wp-json\/wp\/v2\/product\/43709","targetHints":{"allow":["GET"]}}],"collection":[{"href":"https:\/\/deliangdisplay.com\/es\/wp-json\/wp\/v2\/product"}],"about":[{"href":"https:\/\/deliangdisplay.com\/es\/wp-json\/wp\/v2\/types\/product"}],"replies":[{"embeddable":true,"href":"https:\/\/deliangdisplay.com\/es\/wp-json\/wp\/v2\/comments?post=43709"}],"wp:featuredmedia":[{"embeddable":true,"href":"https:\/\/deliangdisplay.com\/es\/wp-json\/wp\/v2\/media\/43717"}],"wp:attachment":[{"href":"https:\/\/deliangdisplay.com\/es\/wp-json\/wp\/v2\/media?parent=43709"}],"wp:term":[{"taxonomy":"product_brand","embeddable":true,"href":"https:\/\/deliangdisplay.com\/es\/wp-json\/wp\/v2\/product_brand?post=43709"},{"taxonomy":"product_cat","embeddable":true,"href":"https:\/\/deliangdisplay.com\/es\/wp-json\/wp\/v2\/product_cat?post=43709"},{"taxonomy":"product_tag","embeddable":true,"href":"https:\/\/deliangdisplay.com\/es\/wp-json\/wp\/v2\/product_tag?post=43709"}],"curies":[{"name":"wp","href":"https:\/\/api.w.org\/{rel}","templated":true}]}}