{"id":43690,"date":"2025-10-21T11:24:12","date_gmt":"2025-10-21T03:24:12","guid":{"rendered":"https:\/\/deliangdisplay.com\/?post_type=product&#038;p=43690"},"modified":"2025-10-21T11:24:12","modified_gmt":"2025-10-21T03:24:12","slug":"mini-maniqui-de-caballero-12-13-14-totalmente-pinnable-de-espuma-para-drapeado","status":"publish","type":"product","link":"https:\/\/deliangdisplay.com\/es\/nuestro-producto\/muestra\/maniquies-para-minoristas\/molde-de-vestido-a-media-escala\/mini-maniqui-de-caballero-12-13-14-totalmente-pinnable-de-espuma-para-drapeado\/","title":{"rendered":"Miniforma de caballero multiescala (1:2\/1:3\/1:4) - Maniqu\u00ed de espuma totalmente pintable para drapeado"},"content":{"rendered":"<h3 class=\"header-iWP5WJ auto-hide-last-sibling-br\">Productos<\/h3>\n<div class=\"auto-hide-last-sibling-br paragraph-pP9ZLC paragraph-element br-paragraph-space\">Se trata de un\u00a0<strong>miniforma de vestir masculina multiescala<\/strong>\u00a0(disponible en proporciones 1:2, 1:3, 1:4, no en tama\u00f1o adulto completo) de espuma y totalmente pinnable. Est\u00e1 dise\u00f1ado para pr\u00e1cticas de corte y confecci\u00f3n, drapeado escolar y dise\u00f1o de minivestidos masculinos. M\u00e1s all\u00e1 de la funcionalidad, su sencillo dise\u00f1o de estilo n\u00f3rdico tambi\u00e9n sirve como pieza decorativa de moda, mezclando la practicidad con el atractivo est\u00e9tico tanto para uso profesional como para la decoraci\u00f3n diaria.<\/div>\n<h3 class=\"header-iWP5WJ auto-hide-last-sibling-br\">Especificaciones<\/h3>\n<ul class=\"auto-hide-last-sibling-br\">\n<li><strong>Detalles del tama\u00f1o<\/strong>\u00a0(todas son versiones mini a escala)\n<ul class=\"auto-hide-last-sibling-br\">\n<li>Escala 1:4: Busto 25,5 cm, cintura 22 cm, caderas 25,5 cm, altura del cuerpo 27 cm; altura de la base ajustable de 46 cm a 60 cm.<\/li>\n<li>Escala 1:3: Busto 34 cm, cintura 29,5 cm, caderas 34 cm, altura del cuerpo 35 cm; altura de la base ajustable de 55 cm a 70 cm.<\/li>\n<li>Escala 1:2: Busto 50 cm, cintura 43 cm, caderas 50 cm, altura del torso 51 cm; altura total ajustable de 76 cm a 85 cm.<\/li>\n<\/ul>\n<\/li>\n<li><strong>Materiales y estructura<\/strong>: Cuerpo de espuma (totalmente pinnable para facilitar la fijaci\u00f3n de la tela); viene con una base redonda de madera y un poste de soporte para una colocaci\u00f3n estable.<\/li>\n<\/ul>\n<h3 class=\"header-iWP5WJ auto-hide-last-sibling-br\">Caracter\u00edsticas principales<\/h3>\n<ul class=\"auto-hide-last-sibling-br\">\n<li><strong>Material de espuma totalmente pinnable<\/strong>: La construcci\u00f3n de espuma permite que los alfileres se inserten libremente (no s\u00f3lo en \u00e1ngulo), lo que permite un posicionamiento preciso de la tela para drapeado, sastrer\u00eda y ajuste, ideal para ajustes detallados de prendas y pr\u00e1cticas escolares.<\/li>\n<li><strong>Versatilidad multiescala<\/strong>: Ofrece opciones de escala 1:2, 1:3 y 1:4 para satisfacer diferentes necesidades, desde maquetas de prendas de peque\u00f1o tama\u00f1o (1:4) hasta minipruebas de dise\u00f1o de mayor tama\u00f1o (1:2), \u9002\u914d ing tanto para la pr\u00e1ctica de principiantes como para el dise\u00f1o profesional.<\/li>\n<li><strong>Altura ajustable<\/strong>: La altura de la base de cada b\u00e1scula se puede ajustar mediante una p\u00e9rtiga, lo que permite personalizarla para adaptarla a diferentes alturas de bancos de trabajo o necesidades de visualizaci\u00f3n, mejorando la usabilidad para diversos escenarios.<\/li>\n<li><strong>Doble funci\u00f3n (utilidad + decoraci\u00f3n)<\/strong>: Funciona como una herramienta profesional para confeccionar, ajustar y drapear; su dise\u00f1o sencillo y elegante tambi\u00e9n la convierte en una pieza decorativa de estilo n\u00f3rdico, adecuada para a\u00f1adir un toque de moda a los espacios.<\/li>\n<\/ul>","protected":false},"excerpt":{"rendered":"<p>Miniforma de vestir masculina multiescala (1:2\/1:3\/1:4, no tama\u00f1o adulto) fabricada en espuma totalmente pinnable, ideal para sastrer\u00eda, drapeado escolar y dise\u00f1o de minivestidos masculinos. Especificaciones clave: Escala 1:4 (27 cm de altura, 25,5 cm de busto\/cadera); 1:3 (35 cm de altura, 34 cm de busto\/cadera); 1:2 (51 cm de altura del torso, 50 cm de busto\/cadera). La altura de la base es ajustable, con una base de madera para mayor estabilidad. Tambi\u00e9n funciona como decoraci\u00f3n de estilo n\u00f3rdico.<\/p>","protected":false},"featured_media":43696,"comment_status":"open","ping_status":"closed","template":"","meta":{"_acf_changed":false},"product_brand":[84],"product_cat":[578],"product_tag":[658,659,660,582,653,661,657,666,662,669,665,668,667,663,664],"class_list":{"0":"post-43690","1":"product","2":"type-product","3":"status-publish","4":"has-post-thumbnail","6":"product_brand-de-liang","7":"product_cat-half-scale-dress-form","8":"product_tag-12-scale-male-mannequin","9":"product_tag-13-scale-sewing-dummy","10":"product_tag-14-scale-mini-dress-form","11":"product_tag-adjustable-height-dress-form","12":"product_tag-fashion-design-mannequin","13":"product_tag-fully-pinnable-foam-mannequin","14":"product_tag-male-half-scale-dress-form","15":"product_tag-male-sewing-dress-form","16":"product_tag-male-tailor-dress-form","17":"product_tag-mens-pattern-making-dummy","18":"product_tag-mini-male-garment-dummy","19":"product_tag-multi-scale-male-dress-form","20":"product_tag-nordic-style-decorative-mannequin","21":"product_tag-school-draping-mannequin","22":"product_tag-wooden-base-dress-form","24":"first","25":"instock","26":"shipping-taxable","27":"purchasable","28":"product-type-simple"},"acf":[],"yoast_head":"<!-- This site is optimized with the Yoast SEO plugin v27.4 - https:\/\/yoast.com\/product\/yoast-seo-wordpress\/ -->\n<title>Multi-Scale Male Mini Dress Form (1:2\/1:3\/1:4) \u2013 Fully Pinnable Foam Mannequin for Draping - DE-LIANG - jewelry,clothes,watch,beauty cosmetics<\/title>\n<meta name=\"robots\" content=\"index, follow, max-snippet:-1, max-image-preview:large, max-video-preview:-1\" \/>\n<link rel=\"canonical\" href=\"https:\/\/deliangdisplay.com\/es\/nuestro-producto\/muestra\/maniquies-para-minoristas\/molde-de-vestido-a-media-escala\/mini-maniqui-de-caballero-12-13-14-totalmente-pinnable-de-espuma-para-drapeado\/\" \/>\n<meta property=\"og:locale\" content=\"es_ES\" \/>\n<meta property=\"og:type\" content=\"article\" \/>\n<meta property=\"og:title\" content=\"Multi-Scale Male Mini Dress Form (1:2\/1:3\/1:4) \u2013 Fully Pinnable Foam Mannequin for Draping - DE-LIANG - jewelry,clothes,watch,beauty cosmetics\" \/>\n<meta property=\"og:description\" content=\"This is a multi-scale male mini dress form (1:2\/1:3\/1:4, not adult size) made of fully pinnable foam, ideal for tailoring, school draping, and men\u2019s mini garment design. Key specs: 1:4 scale (27cm height, 25.5cm bust\/hips); 1:3 (35cm height, 34cm bust\/hips); 1:2 (51cm torso height, 50cm bust\/hips). Base height is adjustable, with a wooden base for stability. It also works as Nordic-style decor.\" \/>\n<meta property=\"og:url\" content=\"https:\/\/deliangdisplay.com\/es\/nuestro-producto\/muestra\/maniquies-para-minoristas\/molde-de-vestido-a-media-escala\/mini-maniqui-de-caballero-12-13-14-totalmente-pinnable-de-espuma-para-drapeado\/\" \/>\n<meta property=\"og:site_name\" content=\"DE-LIANG - jewelry,clothes,watch,beauty cosmetics\" \/>\n<meta property=\"article:publisher\" content=\"https:\/\/www.facebook.com\/JaneZhang008\/\" \/>\n<meta property=\"og:image\" content=\"https:\/\/deliangdisplay.com\/wp-content\/uploads\/2025\/10\/1-7.webp\" \/>\n\t<meta property=\"og:image:width\" content=\"600\" \/>\n\t<meta property=\"og:image:height\" content=\"600\" \/>\n\t<meta property=\"og:image:type\" content=\"image\/webp\" \/>\n<meta name=\"twitter:card\" content=\"summary_large_image\" \/>\n<meta name=\"twitter:site\" content=\"@ly673551729\" \/>\n<meta name=\"twitter:label1\" content=\"Tiempo de lectura\" \/>\n\t<meta name=\"twitter:data1\" content=\"2 minutos\" \/>\n<script type=\"application\/ld+json\" class=\"yoast-schema-graph\">{\"@context\":\"https:\\\/\\\/schema.org\",\"@graph\":[{\"@type\":\"WebPage\",\"@id\":\"https:\\\/\\\/deliangdisplay.com\\\/our-product\\\/displays\\\/retail-mannequins\\\/half-scale-dress-form\\\/multi-scale-male-mini-dress-form-12-13-14-fully-pinnable-foam-mannequin-for-draping\\\/\",\"url\":\"https:\\\/\\\/deliangdisplay.com\\\/our-product\\\/displays\\\/retail-mannequins\\\/half-scale-dress-form\\\/multi-scale-male-mini-dress-form-12-13-14-fully-pinnable-foam-mannequin-for-draping\\\/\",\"name\":\"Multi-Scale Male Mini Dress Form (1:2\\\/1:3\\\/1:4) \u2013 Fully Pinnable Foam Mannequin for Draping - DE-LIANG - jewelry,clothes,watch,beauty cosmetics\",\"isPartOf\":{\"@id\":\"https:\\\/\\\/deliangdisplay.com\\\/#website\"},\"primaryImageOfPage\":{\"@id\":\"https:\\\/\\\/deliangdisplay.com\\\/our-product\\\/displays\\\/retail-mannequins\\\/half-scale-dress-form\\\/multi-scale-male-mini-dress-form-12-13-14-fully-pinnable-foam-mannequin-for-draping\\\/#primaryimage\"},\"image\":{\"@id\":\"https:\\\/\\\/deliangdisplay.com\\\/our-product\\\/displays\\\/retail-mannequins\\\/half-scale-dress-form\\\/multi-scale-male-mini-dress-form-12-13-14-fully-pinnable-foam-mannequin-for-draping\\\/#primaryimage\"},\"thumbnailUrl\":\"https:\\\/\\\/deliangdisplay.com\\\/wp-content\\\/uploads\\\/2025\\\/10\\\/1-7.webp\",\"datePublished\":\"2025-10-21T03:24:12+00:00\",\"breadcrumb\":{\"@id\":\"https:\\\/\\\/deliangdisplay.com\\\/our-product\\\/displays\\\/retail-mannequins\\\/half-scale-dress-form\\\/multi-scale-male-mini-dress-form-12-13-14-fully-pinnable-foam-mannequin-for-draping\\\/#breadcrumb\"},\"inLanguage\":\"es\",\"potentialAction\":[{\"@type\":\"ReadAction\",\"target\":[\"https:\\\/\\\/deliangdisplay.com\\\/our-product\\\/displays\\\/retail-mannequins\\\/half-scale-dress-form\\\/multi-scale-male-mini-dress-form-12-13-14-fully-pinnable-foam-mannequin-for-draping\\\/\"]}]},{\"@type\":\"ImageObject\",\"inLanguage\":\"es\",\"@id\":\"https:\\\/\\\/deliangdisplay.com\\\/our-product\\\/displays\\\/retail-mannequins\\\/half-scale-dress-form\\\/multi-scale-male-mini-dress-form-12-13-14-fully-pinnable-foam-mannequin-for-draping\\\/#primaryimage\",\"url\":\"https:\\\/\\\/deliangdisplay.com\\\/wp-content\\\/uploads\\\/2025\\\/10\\\/1-7.webp\",\"contentUrl\":\"https:\\\/\\\/deliangdisplay.com\\\/wp-content\\\/uploads\\\/2025\\\/10\\\/1-7.webp\",\"width\":600,\"height\":600},{\"@type\":\"BreadcrumbList\",\"@id\":\"https:\\\/\\\/deliangdisplay.com\\\/our-product\\\/displays\\\/retail-mannequins\\\/half-scale-dress-form\\\/multi-scale-male-mini-dress-form-12-13-14-fully-pinnable-foam-mannequin-for-draping\\\/#breadcrumb\",\"itemListElement\":[{\"@type\":\"ListItem\",\"position\":1,\"name\":\"\u9996\u9875\",\"item\":\"https:\\\/\\\/deliangdisplay.com\\\/\"},{\"@type\":\"ListItem\",\"position\":2,\"name\":\"Our Product\",\"item\":\"https:\\\/\\\/deliangdisplay.com\\\/our-product\\\/\"},{\"@type\":\"ListItem\",\"position\":3,\"name\":\"Multi-Scale Male Mini Dress Form (1:2\\\/1:3\\\/1:4) \u2013 Fully Pinnable Foam Mannequin for Draping\"}]},{\"@type\":\"WebSite\",\"@id\":\"https:\\\/\\\/deliangdisplay.com\\\/#website\",\"url\":\"https:\\\/\\\/deliangdisplay.com\\\/\",\"name\":\"deliangdisplay.com\",\"description\":\"DE-LIANG - Providing bespoke packaging solutions and luxurious display design services for brands in jewelry, apparel, watches, beauty cosmetics, and more.\",\"publisher\":{\"@id\":\"https:\\\/\\\/deliangdisplay.com\\\/#organization\"},\"potentialAction\":[{\"@type\":\"SearchAction\",\"target\":{\"@type\":\"EntryPoint\",\"urlTemplate\":\"https:\\\/\\\/deliangdisplay.com\\\/?s={search_term_string}\"},\"query-input\":{\"@type\":\"PropertyValueSpecification\",\"valueRequired\":true,\"valueName\":\"search_term_string\"}}],\"inLanguage\":\"es\"},{\"@type\":\"Organization\",\"@id\":\"https:\\\/\\\/deliangdisplay.com\\\/#organization\",\"name\":\"deliangdisplay.com\",\"url\":\"https:\\\/\\\/deliangdisplay.com\\\/\",\"logo\":{\"@type\":\"ImageObject\",\"inLanguage\":\"es\",\"@id\":\"https:\\\/\\\/deliangdisplay.com\\\/#\\\/schema\\\/logo\\\/image\\\/\",\"url\":\"https:\\\/\\\/deliangdisplay.com\\\/wp-content\\\/uploads\\\/2025\\\/08\\\/DELIANGDISPALY_logo.png\",\"contentUrl\":\"https:\\\/\\\/deliangdisplay.com\\\/wp-content\\\/uploads\\\/2025\\\/08\\\/DELIANGDISPALY_logo.png\",\"width\":300,\"height\":130,\"caption\":\"deliangdisplay.com\"},\"image\":{\"@id\":\"https:\\\/\\\/deliangdisplay.com\\\/#\\\/schema\\\/logo\\\/image\\\/\"},\"sameAs\":[\"https:\\\/\\\/www.facebook.com\\\/JaneZhang008\\\/\",\"https:\\\/\\\/x.com\\\/ly673551729\"]}]}<\/script>\n<!-- \/ Yoast SEO plugin. -->","yoast_head_json":{"title":"Mini Maniqui Busto Masculino Multiescala (1:2\/1:3\/1:4) - Maniqui de Espuma Totalmente Pinnable para Drapeado - DE-LIANG - joyeria,ropa,relojeria,cosmeticos belleza","robots":{"index":"index","follow":"follow","max-snippet":"max-snippet:-1","max-image-preview":"max-image-preview:large","max-video-preview":"max-video-preview:-1"},"canonical":"https:\/\/deliangdisplay.com\/es\/nuestro-producto\/muestra\/maniquies-para-minoristas\/molde-de-vestido-a-media-escala\/mini-maniqui-de-caballero-12-13-14-totalmente-pinnable-de-espuma-para-drapeado\/","og_locale":"es_ES","og_type":"article","og_title":"Multi-Scale Male Mini Dress Form (1:2\/1:3\/1:4) \u2013 Fully Pinnable Foam Mannequin for Draping - DE-LIANG - jewelry,clothes,watch,beauty cosmetics","og_description":"This is a multi-scale male mini dress form (1:2\/1:3\/1:4, not adult size) made of fully pinnable foam, ideal for tailoring, school draping, and men\u2019s mini garment design. Key specs: 1:4 scale (27cm height, 25.5cm bust\/hips); 1:3 (35cm height, 34cm bust\/hips); 1:2 (51cm torso height, 50cm bust\/hips). Base height is adjustable, with a wooden base for stability. It also works as Nordic-style decor.","og_url":"https:\/\/deliangdisplay.com\/es\/nuestro-producto\/muestra\/maniquies-para-minoristas\/molde-de-vestido-a-media-escala\/mini-maniqui-de-caballero-12-13-14-totalmente-pinnable-de-espuma-para-drapeado\/","og_site_name":"DE-LIANG - jewelry,clothes,watch,beauty cosmetics","article_publisher":"https:\/\/www.facebook.com\/JaneZhang008\/","og_image":[{"width":600,"height":600,"url":"https:\/\/deliangdisplay.com\/wp-content\/uploads\/2025\/10\/1-7.webp","type":"image\/webp"}],"twitter_card":"summary_large_image","twitter_site":"@ly673551729","twitter_misc":{"Tiempo de lectura":"2 minutos"},"schema":{"@context":"https:\/\/schema.org","@graph":[{"@type":"WebPage","@id":"https:\/\/deliangdisplay.com\/our-product\/displays\/retail-mannequins\/half-scale-dress-form\/multi-scale-male-mini-dress-form-12-13-14-fully-pinnable-foam-mannequin-for-draping\/","url":"https:\/\/deliangdisplay.com\/our-product\/displays\/retail-mannequins\/half-scale-dress-form\/multi-scale-male-mini-dress-form-12-13-14-fully-pinnable-foam-mannequin-for-draping\/","name":"Mini Maniqui Busto Masculino Multiescala (1:2\/1:3\/1:4) - Maniqui de Espuma Totalmente Pinnable para Drapeado - DE-LIANG - joyeria,ropa,relojeria,cosmeticos belleza","isPartOf":{"@id":"https:\/\/deliangdisplay.com\/#website"},"primaryImageOfPage":{"@id":"https:\/\/deliangdisplay.com\/our-product\/displays\/retail-mannequins\/half-scale-dress-form\/multi-scale-male-mini-dress-form-12-13-14-fully-pinnable-foam-mannequin-for-draping\/#primaryimage"},"image":{"@id":"https:\/\/deliangdisplay.com\/our-product\/displays\/retail-mannequins\/half-scale-dress-form\/multi-scale-male-mini-dress-form-12-13-14-fully-pinnable-foam-mannequin-for-draping\/#primaryimage"},"thumbnailUrl":"https:\/\/deliangdisplay.com\/wp-content\/uploads\/2025\/10\/1-7.webp","datePublished":"2025-10-21T03:24:12+00:00","breadcrumb":{"@id":"https:\/\/deliangdisplay.com\/our-product\/displays\/retail-mannequins\/half-scale-dress-form\/multi-scale-male-mini-dress-form-12-13-14-fully-pinnable-foam-mannequin-for-draping\/#breadcrumb"},"inLanguage":"es","potentialAction":[{"@type":"ReadAction","target":["https:\/\/deliangdisplay.com\/our-product\/displays\/retail-mannequins\/half-scale-dress-form\/multi-scale-male-mini-dress-form-12-13-14-fully-pinnable-foam-mannequin-for-draping\/"]}]},{"@type":"ImageObject","inLanguage":"es","@id":"https:\/\/deliangdisplay.com\/our-product\/displays\/retail-mannequins\/half-scale-dress-form\/multi-scale-male-mini-dress-form-12-13-14-fully-pinnable-foam-mannequin-for-draping\/#primaryimage","url":"https:\/\/deliangdisplay.com\/wp-content\/uploads\/2025\/10\/1-7.webp","contentUrl":"https:\/\/deliangdisplay.com\/wp-content\/uploads\/2025\/10\/1-7.webp","width":600,"height":600},{"@type":"BreadcrumbList","@id":"https:\/\/deliangdisplay.com\/our-product\/displays\/retail-mannequins\/half-scale-dress-form\/multi-scale-male-mini-dress-form-12-13-14-fully-pinnable-foam-mannequin-for-draping\/#breadcrumb","itemListElement":[{"@type":"ListItem","position":1,"name":"\u9996\u9875","item":"https:\/\/deliangdisplay.com\/"},{"@type":"ListItem","position":2,"name":"Our Product","item":"https:\/\/deliangdisplay.com\/our-product\/"},{"@type":"ListItem","position":3,"name":"Multi-Scale Male Mini Dress Form (1:2\/1:3\/1:4) \u2013 Fully Pinnable Foam Mannequin for Draping"}]},{"@type":"WebSite","@id":"https:\/\/deliangdisplay.com\/#website","url":"https:\/\/deliangdisplay.com\/","name":"deliangdisplay.com","description":"DE-LIANG - Proporciona soluciones de envasado a medida y servicios de dise\u00f1o de expositores de lujo para marcas de joyer\u00eda, ropa, relojes, cosm\u00e9ticos de belleza, etc.","publisher":{"@id":"https:\/\/deliangdisplay.com\/#organization"},"potentialAction":[{"@type":"SearchAction","target":{"@type":"EntryPoint","urlTemplate":"https:\/\/deliangdisplay.com\/?s={search_term_string}"},"query-input":{"@type":"PropertyValueSpecification","valueRequired":true,"valueName":"search_term_string"}}],"inLanguage":"es"},{"@type":"Organization","@id":"https:\/\/deliangdisplay.com\/#organization","name":"deliangdisplay.com","url":"https:\/\/deliangdisplay.com\/","logo":{"@type":"ImageObject","inLanguage":"es","@id":"https:\/\/deliangdisplay.com\/#\/schema\/logo\/image\/","url":"https:\/\/deliangdisplay.com\/wp-content\/uploads\/2025\/08\/DELIANGDISPALY_logo.png","contentUrl":"https:\/\/deliangdisplay.com\/wp-content\/uploads\/2025\/08\/DELIANGDISPALY_logo.png","width":300,"height":130,"caption":"deliangdisplay.com"},"image":{"@id":"https:\/\/deliangdisplay.com\/#\/schema\/logo\/image\/"},"sameAs":["https:\/\/www.facebook.com\/JaneZhang008\/","https:\/\/x.com\/ly673551729"]}]}},"_links":{"self":[{"href":"https:\/\/deliangdisplay.com\/es\/wp-json\/wp\/v2\/product\/43690","targetHints":{"allow":["GET"]}}],"collection":[{"href":"https:\/\/deliangdisplay.com\/es\/wp-json\/wp\/v2\/product"}],"about":[{"href":"https:\/\/deliangdisplay.com\/es\/wp-json\/wp\/v2\/types\/product"}],"replies":[{"embeddable":true,"href":"https:\/\/deliangdisplay.com\/es\/wp-json\/wp\/v2\/comments?post=43690"}],"wp:featuredmedia":[{"embeddable":true,"href":"https:\/\/deliangdisplay.com\/es\/wp-json\/wp\/v2\/media\/43696"}],"wp:attachment":[{"href":"https:\/\/deliangdisplay.com\/es\/wp-json\/wp\/v2\/media?parent=43690"}],"wp:term":[{"taxonomy":"product_brand","embeddable":true,"href":"https:\/\/deliangdisplay.com\/es\/wp-json\/wp\/v2\/product_brand?post=43690"},{"taxonomy":"product_cat","embeddable":true,"href":"https:\/\/deliangdisplay.com\/es\/wp-json\/wp\/v2\/product_cat?post=43690"},{"taxonomy":"product_tag","embeddable":true,"href":"https:\/\/deliangdisplay.com\/es\/wp-json\/wp\/v2\/product_tag?post=43690"}],"curies":[{"name":"wp","href":"https:\/\/api.w.org\/{rel}","templated":true}]}}