{"id":43659,"date":"2025-10-21T11:02:52","date_gmt":"2025-10-21T03:02:52","guid":{"rendered":"https:\/\/deliangdisplay.com\/?post_type=product&#038;p=43659"},"modified":"2025-10-21T11:02:52","modified_gmt":"2025-10-21T03:02:52","slug":"mini-maniqui-ajustable-a-media-escala-talla-12-con-brazos-suaves-para-costura-y-drapeado","status":"publish","type":"product","link":"https:\/\/deliangdisplay.com\/es\/nuestro-producto\/muestra\/maniquies-para-minoristas\/molde-de-vestido-a-media-escala\/mini-maniqui-ajustable-a-media-escala-talla-12-con-brazos-suaves-para-costura-y-drapeado\/","title":{"rendered":"Adjustable Half-Scale Size 12 Dress Form \u2013 Mini Mannequin with Soft Arms for Sewing &#038; Draping"},"content":{"rendered":"<h3 class=\"header-iWP5WJ auto-hide-last-sibling-br\">Productos<\/h3>\n<div class=\"auto-hide-last-sibling-br paragraph-pP9ZLC paragraph-element br-paragraph-space\">Se trata de un\u00a0<strong>Molde de vestido femenino a escala 1:2<\/strong>\u00a0(no tama\u00f1o adulto, tama\u00f1o 12) equipado con brazos suaves, dise\u00f1ado para costura, sastrer\u00eda, patronaje de vestidos, drapeado y maquetas de minivestidos. Ayuda a los dise\u00f1adores de moda y a los estudiantes de dise\u00f1o a ahorrar tejido y tiempo, ya que permite realizar pruebas y ajustes repetidos de los estilos de las prendas, simplificando el complejo proceso de dise\u00f1o en comparaci\u00f3n con los moldes para vestidos de adultos de tama\u00f1o normal.<\/div>\n<h3 class=\"header-iWP5WJ auto-hide-last-sibling-br\">Especificaciones<\/h3>\n<ul class=\"auto-hide-last-sibling-br\">\n<li><strong>Detalles del tama\u00f1o<\/strong>\n<ul class=\"auto-hide-last-sibling-br\">\n<li>Talla 12: anchura de los hombros 21 cm, busto 48,5 cm, cintura 37 cm, caderas 49,5 cm, altura 44,5-45 cm; centro delantero 19 cm, centro trasero 21,6 cm.<\/li>\n<li>Otras tallas disponibles: Talla 8 (hombro 19,5 cm, busto 44,5 cm), Talla 10 (hombro 20,5 cm, busto 46,5 cm).<\/li>\n<li>Brazos blandos: Largo 30 cm, contorno de brazo 13,5 cm, contorno de codo 12 cm, contorno de mu\u00f1eca 9,5 cm.<\/li>\n<\/ul>\n<\/li>\n<li><strong>Altura ajustable<\/strong>: La altura total se ajusta de 50 cm (19,7 pulg.) a 82 cm (32,3 pulg.) girando un tornillo; la base es un soporte redondo de metal negro con un di\u00e1metro de 17 cm (6,7 pulg.).<\/li>\n<li><strong>Materiales<\/strong>: Cuerpo de fibra de vidrio (con forro completo de algod\u00f3n), envuelto en tela de algod\u00f3n y lino; cubrehombros\/cuello y base\/m\u00e1stil de metal (base de 4 mm de grosor, pulida con arena y chapada).<\/li>\n<\/ul>\n<h3 class=\"header-iWP5WJ auto-hide-last-sibling-br\">Caracter\u00edsticas principales<\/h3>\n<ul class=\"auto-hide-last-sibling-br\">\n<li><strong>Brazos flexibles y blandos<\/strong>: Los brazos blandos pueden doblarse para imitar las formas naturales de los brazos humanos, lo que resulta ideal para probar el ajuste de las mangas, las l\u00edneas de los hombros y otros detalles de las prendas relacionados con los brazos.<\/li>\n<li><strong>Dise\u00f1o Pinnable<\/strong>: Se puede sujetar con alfileres en \u00e1ngulo (no se puede sujetar totalmente con alfileres debido al material de fibra de vidrio) para asegurar la tela durante la costura, el corte o el drapeado, garantizando ajustes precisos de la prenda.<\/li>\n<li><strong>Duradero y protector<\/strong>: Las cubiertas met\u00e1licas moldeadas a medida del hombro y el cuello evitan que se da\u00f1en durante el transporte a larga distancia; la base met\u00e1lica chapada de 4 mm de grosor resiste el descascarillado (a diferencia de las bases pintadas) y proporciona un soporte estable para el clavado.<\/li>\n<li><strong>Comodidad y ahorro de espacio<\/strong>: La superficie envuelta en algod\u00f3n y lino ofrece un tacto suave para facilitar el drapeado; el tama\u00f1o compacto a media escala ahorra espacio de almacenamiento, y el dise\u00f1o ligero (en comparaci\u00f3n con la base original de 5 mm) garantiza un f\u00e1cil manejo.<\/li>\n<\/ul>","protected":false},"excerpt":{"rendered":"<p>Este molde de vestido femenino a escala 1:2 (talla 12, no talla adulto) tiene brazos suaves, ideales para costura, sastrer\u00eda y confecci\u00f3n de patrones de vestidos. Especificaciones clave de la talla 12: hombro 21 cm, busto 48,5 cm, cintura 37 cm, caderas 49,5 cm, altura del cuerpo 44,5-45 cm. Brazos suaves: 30 cm de largo, 13,5 cm de contorno de brazo. La altura total se ajusta de 50 a 82 cm mediante un tornillo. Fabricada en fibra de vidrio (forrada de algod\u00f3n) con tela de algod\u00f3n y lino, tiene una base met\u00e1lica de 17 cm, se puede ajustar en \u00e1ngulo, lo que ahorra tela a dise\u00f1adores y estudiantes.<\/p>","protected":false},"featured_media":43664,"comment_status":"open","ping_status":"closed","template":"","meta":{"_acf_changed":false},"product_brand":[84],"product_cat":[578],"product_tag":[579,582,602,619,643,600,626,586,591,587,625,606,642,644,620],"class_list":{"0":"post-43659","1":"product","2":"type-product","3":"status-publish","4":"has-post-thumbnail","6":"product_brand-de-liang","7":"product_cat-half-scale-dress-form","8":"product_tag-12-half-scale-dress-form","9":"product_tag-adjustable-height-dress-form","10":"product_tag-cotton-linen-dress-form","11":"product_tag-draping-practice-dress-form","12":"product_tag-dress-pattern-making-dummy","13":"product_tag-fashion-design-dress-form","14":"product_tag-female-tailor-dress-form","15":"product_tag-fiberglass-dress-form","16":"product_tag-half-scale-female-mannequin","17":"product_tag-metal-base-dress-form","18":"product_tag-mini-garment-design-mannequin","19":"product_tag-pinnable-miniature-mannequin","20":"product_tag-size-12-sewing-mannequin","21":"product_tag-size-8-12-dress-form","22":"product_tag-soft-arm-dress-form","24":"first","25":"instock","26":"shipping-taxable","27":"purchasable","28":"product-type-simple"},"acf":[],"yoast_head":"<!-- This site is optimized with the Yoast SEO plugin v27.4 - https:\/\/yoast.com\/product\/yoast-seo-wordpress\/ -->\n<title>Adjustable Half-Scale Size 12 Dress Form \u2013 Mini Mannequin with Soft Arms for Sewing &amp; Draping - DE-LIANG - jewelry,clothes,watch,beauty cosmetics<\/title>\n<meta name=\"robots\" content=\"index, follow, max-snippet:-1, max-image-preview:large, max-video-preview:-1\" \/>\n<link rel=\"canonical\" href=\"https:\/\/deliangdisplay.com\/es\/nuestro-producto\/muestra\/maniquies-para-minoristas\/molde-de-vestido-a-media-escala\/mini-maniqui-ajustable-a-media-escala-talla-12-con-brazos-suaves-para-costura-y-drapeado\/\" \/>\n<meta property=\"og:locale\" content=\"es_ES\" \/>\n<meta property=\"og:type\" content=\"article\" \/>\n<meta property=\"og:title\" content=\"Adjustable Half-Scale Size 12 Dress Form \u2013 Mini Mannequin with Soft Arms for Sewing &amp; Draping - DE-LIANG - jewelry,clothes,watch,beauty cosmetics\" \/>\n<meta property=\"og:description\" content=\"This 1:2 half-scale female dress form (Size 12, not adult size) has soft arms, ideal for sewing, tailoring, and dress pattern making. Key Size 12 specs: shoulder 21cm, bust 48.5cm, waist 37cm, hips 49.5cm, body height 44.5\u201345cm. Soft arms: 30cm long, 13.5cm arm girth. Total height adjusts 50\u201382cm via a screw. Made of fiberglass (cotton-lined) with cotton-linen fabric, it has a 17cm metal base, is pinnable at an angle\u2014saves fabric for designers\/students.\" \/>\n<meta property=\"og:url\" content=\"https:\/\/deliangdisplay.com\/es\/nuestro-producto\/muestra\/maniquies-para-minoristas\/molde-de-vestido-a-media-escala\/mini-maniqui-ajustable-a-media-escala-talla-12-con-brazos-suaves-para-costura-y-drapeado\/\" \/>\n<meta property=\"og:site_name\" content=\"DE-LIANG - jewelry,clothes,watch,beauty cosmetics\" \/>\n<meta property=\"article:publisher\" content=\"https:\/\/www.facebook.com\/JaneZhang008\/\" \/>\n<meta property=\"og:image\" content=\"https:\/\/deliangdisplay.com\/wp-content\/uploads\/2025\/10\/8-3.webp\" \/>\n\t<meta property=\"og:image:width\" content=\"600\" \/>\n\t<meta property=\"og:image:height\" content=\"600\" \/>\n\t<meta property=\"og:image:type\" content=\"image\/webp\" \/>\n<meta name=\"twitter:card\" content=\"summary_large_image\" \/>\n<meta name=\"twitter:site\" content=\"@ly673551729\" \/>\n<meta name=\"twitter:label1\" content=\"Tiempo de lectura\" \/>\n\t<meta name=\"twitter:data1\" content=\"2 minutos\" \/>\n<script type=\"application\/ld+json\" class=\"yoast-schema-graph\">{\"@context\":\"https:\\\/\\\/schema.org\",\"@graph\":[{\"@type\":\"WebPage\",\"@id\":\"https:\\\/\\\/deliangdisplay.com\\\/our-product\\\/displays\\\/retail-mannequins\\\/half-scale-dress-form\\\/adjustable-half-scale-size-12-dress-form-mini-mannequin-with-soft-arms-for-sewing-draping\\\/\",\"url\":\"https:\\\/\\\/deliangdisplay.com\\\/our-product\\\/displays\\\/retail-mannequins\\\/half-scale-dress-form\\\/adjustable-half-scale-size-12-dress-form-mini-mannequin-with-soft-arms-for-sewing-draping\\\/\",\"name\":\"Adjustable Half-Scale Size 12 Dress Form \u2013 Mini Mannequin with Soft Arms for Sewing & Draping - DE-LIANG - jewelry,clothes,watch,beauty cosmetics\",\"isPartOf\":{\"@id\":\"https:\\\/\\\/deliangdisplay.com\\\/#website\"},\"primaryImageOfPage\":{\"@id\":\"https:\\\/\\\/deliangdisplay.com\\\/our-product\\\/displays\\\/retail-mannequins\\\/half-scale-dress-form\\\/adjustable-half-scale-size-12-dress-form-mini-mannequin-with-soft-arms-for-sewing-draping\\\/#primaryimage\"},\"image\":{\"@id\":\"https:\\\/\\\/deliangdisplay.com\\\/our-product\\\/displays\\\/retail-mannequins\\\/half-scale-dress-form\\\/adjustable-half-scale-size-12-dress-form-mini-mannequin-with-soft-arms-for-sewing-draping\\\/#primaryimage\"},\"thumbnailUrl\":\"https:\\\/\\\/deliangdisplay.com\\\/wp-content\\\/uploads\\\/2025\\\/10\\\/8-3.webp\",\"datePublished\":\"2025-10-21T03:02:52+00:00\",\"breadcrumb\":{\"@id\":\"https:\\\/\\\/deliangdisplay.com\\\/our-product\\\/displays\\\/retail-mannequins\\\/half-scale-dress-form\\\/adjustable-half-scale-size-12-dress-form-mini-mannequin-with-soft-arms-for-sewing-draping\\\/#breadcrumb\"},\"inLanguage\":\"es\",\"potentialAction\":[{\"@type\":\"ReadAction\",\"target\":[\"https:\\\/\\\/deliangdisplay.com\\\/our-product\\\/displays\\\/retail-mannequins\\\/half-scale-dress-form\\\/adjustable-half-scale-size-12-dress-form-mini-mannequin-with-soft-arms-for-sewing-draping\\\/\"]}]},{\"@type\":\"ImageObject\",\"inLanguage\":\"es\",\"@id\":\"https:\\\/\\\/deliangdisplay.com\\\/our-product\\\/displays\\\/retail-mannequins\\\/half-scale-dress-form\\\/adjustable-half-scale-size-12-dress-form-mini-mannequin-with-soft-arms-for-sewing-draping\\\/#primaryimage\",\"url\":\"https:\\\/\\\/deliangdisplay.com\\\/wp-content\\\/uploads\\\/2025\\\/10\\\/8-3.webp\",\"contentUrl\":\"https:\\\/\\\/deliangdisplay.com\\\/wp-content\\\/uploads\\\/2025\\\/10\\\/8-3.webp\",\"width\":600,\"height\":600},{\"@type\":\"BreadcrumbList\",\"@id\":\"https:\\\/\\\/deliangdisplay.com\\\/our-product\\\/displays\\\/retail-mannequins\\\/half-scale-dress-form\\\/adjustable-half-scale-size-12-dress-form-mini-mannequin-with-soft-arms-for-sewing-draping\\\/#breadcrumb\",\"itemListElement\":[{\"@type\":\"ListItem\",\"position\":1,\"name\":\"\u9996\u9875\",\"item\":\"https:\\\/\\\/deliangdisplay.com\\\/\"},{\"@type\":\"ListItem\",\"position\":2,\"name\":\"Our Product\",\"item\":\"https:\\\/\\\/deliangdisplay.com\\\/our-product\\\/\"},{\"@type\":\"ListItem\",\"position\":3,\"name\":\"Adjustable Half-Scale Size 12 Dress Form \u2013 Mini Mannequin with Soft Arms for Sewing &#038; Draping\"}]},{\"@type\":\"WebSite\",\"@id\":\"https:\\\/\\\/deliangdisplay.com\\\/#website\",\"url\":\"https:\\\/\\\/deliangdisplay.com\\\/\",\"name\":\"deliangdisplay.com\",\"description\":\"DE-LIANG - Providing bespoke packaging solutions and luxurious display design services for brands in jewelry, apparel, watches, beauty cosmetics, and more.\",\"publisher\":{\"@id\":\"https:\\\/\\\/deliangdisplay.com\\\/#organization\"},\"potentialAction\":[{\"@type\":\"SearchAction\",\"target\":{\"@type\":\"EntryPoint\",\"urlTemplate\":\"https:\\\/\\\/deliangdisplay.com\\\/?s={search_term_string}\"},\"query-input\":{\"@type\":\"PropertyValueSpecification\",\"valueRequired\":true,\"valueName\":\"search_term_string\"}}],\"inLanguage\":\"es\"},{\"@type\":\"Organization\",\"@id\":\"https:\\\/\\\/deliangdisplay.com\\\/#organization\",\"name\":\"deliangdisplay.com\",\"url\":\"https:\\\/\\\/deliangdisplay.com\\\/\",\"logo\":{\"@type\":\"ImageObject\",\"inLanguage\":\"es\",\"@id\":\"https:\\\/\\\/deliangdisplay.com\\\/#\\\/schema\\\/logo\\\/image\\\/\",\"url\":\"https:\\\/\\\/deliangdisplay.com\\\/wp-content\\\/uploads\\\/2025\\\/08\\\/DELIANGDISPALY_logo.png\",\"contentUrl\":\"https:\\\/\\\/deliangdisplay.com\\\/wp-content\\\/uploads\\\/2025\\\/08\\\/DELIANGDISPALY_logo.png\",\"width\":300,\"height\":130,\"caption\":\"deliangdisplay.com\"},\"image\":{\"@id\":\"https:\\\/\\\/deliangdisplay.com\\\/#\\\/schema\\\/logo\\\/image\\\/\"},\"sameAs\":[\"https:\\\/\\\/www.facebook.com\\\/JaneZhang008\\\/\",\"https:\\\/\\\/x.com\\\/ly673551729\"]}]}<\/script>\n<!-- \/ Yoast SEO plugin. -->","yoast_head_json":{"title":"Molde de vestido ajustable a media escala talla 12 - Mini maniqu\u00ed con brazos suaves para costura y drapeado - DE-LIANG - joyeria,ropa,reloj,cosmetica belleza","robots":{"index":"index","follow":"follow","max-snippet":"max-snippet:-1","max-image-preview":"max-image-preview:large","max-video-preview":"max-video-preview:-1"},"canonical":"https:\/\/deliangdisplay.com\/es\/nuestro-producto\/muestra\/maniquies-para-minoristas\/molde-de-vestido-a-media-escala\/mini-maniqui-ajustable-a-media-escala-talla-12-con-brazos-suaves-para-costura-y-drapeado\/","og_locale":"es_ES","og_type":"article","og_title":"Adjustable Half-Scale Size 12 Dress Form \u2013 Mini Mannequin with Soft Arms for Sewing & Draping - DE-LIANG - jewelry,clothes,watch,beauty cosmetics","og_description":"This 1:2 half-scale female dress form (Size 12, not adult size) has soft arms, ideal for sewing, tailoring, and dress pattern making. Key Size 12 specs: shoulder 21cm, bust 48.5cm, waist 37cm, hips 49.5cm, body height 44.5\u201345cm. Soft arms: 30cm long, 13.5cm arm girth. Total height adjusts 50\u201382cm via a screw. Made of fiberglass (cotton-lined) with cotton-linen fabric, it has a 17cm metal base, is pinnable at an angle\u2014saves fabric for designers\/students.","og_url":"https:\/\/deliangdisplay.com\/es\/nuestro-producto\/muestra\/maniquies-para-minoristas\/molde-de-vestido-a-media-escala\/mini-maniqui-ajustable-a-media-escala-talla-12-con-brazos-suaves-para-costura-y-drapeado\/","og_site_name":"DE-LIANG - jewelry,clothes,watch,beauty cosmetics","article_publisher":"https:\/\/www.facebook.com\/JaneZhang008\/","og_image":[{"width":600,"height":600,"url":"https:\/\/deliangdisplay.com\/wp-content\/uploads\/2025\/10\/8-3.webp","type":"image\/webp"}],"twitter_card":"summary_large_image","twitter_site":"@ly673551729","twitter_misc":{"Tiempo de lectura":"2 minutos"},"schema":{"@context":"https:\/\/schema.org","@graph":[{"@type":"WebPage","@id":"https:\/\/deliangdisplay.com\/our-product\/displays\/retail-mannequins\/half-scale-dress-form\/adjustable-half-scale-size-12-dress-form-mini-mannequin-with-soft-arms-for-sewing-draping\/","url":"https:\/\/deliangdisplay.com\/our-product\/displays\/retail-mannequins\/half-scale-dress-form\/adjustable-half-scale-size-12-dress-form-mini-mannequin-with-soft-arms-for-sewing-draping\/","name":"Molde de vestido ajustable a media escala talla 12 - Mini maniqu\u00ed con brazos suaves para costura y drapeado - DE-LIANG - joyeria,ropa,reloj,cosmetica belleza","isPartOf":{"@id":"https:\/\/deliangdisplay.com\/#website"},"primaryImageOfPage":{"@id":"https:\/\/deliangdisplay.com\/our-product\/displays\/retail-mannequins\/half-scale-dress-form\/adjustable-half-scale-size-12-dress-form-mini-mannequin-with-soft-arms-for-sewing-draping\/#primaryimage"},"image":{"@id":"https:\/\/deliangdisplay.com\/our-product\/displays\/retail-mannequins\/half-scale-dress-form\/adjustable-half-scale-size-12-dress-form-mini-mannequin-with-soft-arms-for-sewing-draping\/#primaryimage"},"thumbnailUrl":"https:\/\/deliangdisplay.com\/wp-content\/uploads\/2025\/10\/8-3.webp","datePublished":"2025-10-21T03:02:52+00:00","breadcrumb":{"@id":"https:\/\/deliangdisplay.com\/our-product\/displays\/retail-mannequins\/half-scale-dress-form\/adjustable-half-scale-size-12-dress-form-mini-mannequin-with-soft-arms-for-sewing-draping\/#breadcrumb"},"inLanguage":"es","potentialAction":[{"@type":"ReadAction","target":["https:\/\/deliangdisplay.com\/our-product\/displays\/retail-mannequins\/half-scale-dress-form\/adjustable-half-scale-size-12-dress-form-mini-mannequin-with-soft-arms-for-sewing-draping\/"]}]},{"@type":"ImageObject","inLanguage":"es","@id":"https:\/\/deliangdisplay.com\/our-product\/displays\/retail-mannequins\/half-scale-dress-form\/adjustable-half-scale-size-12-dress-form-mini-mannequin-with-soft-arms-for-sewing-draping\/#primaryimage","url":"https:\/\/deliangdisplay.com\/wp-content\/uploads\/2025\/10\/8-3.webp","contentUrl":"https:\/\/deliangdisplay.com\/wp-content\/uploads\/2025\/10\/8-3.webp","width":600,"height":600},{"@type":"BreadcrumbList","@id":"https:\/\/deliangdisplay.com\/our-product\/displays\/retail-mannequins\/half-scale-dress-form\/adjustable-half-scale-size-12-dress-form-mini-mannequin-with-soft-arms-for-sewing-draping\/#breadcrumb","itemListElement":[{"@type":"ListItem","position":1,"name":"\u9996\u9875","item":"https:\/\/deliangdisplay.com\/"},{"@type":"ListItem","position":2,"name":"Our Product","item":"https:\/\/deliangdisplay.com\/our-product\/"},{"@type":"ListItem","position":3,"name":"Adjustable Half-Scale Size 12 Dress Form \u2013 Mini Mannequin with Soft Arms for Sewing &#038; Draping"}]},{"@type":"WebSite","@id":"https:\/\/deliangdisplay.com\/#website","url":"https:\/\/deliangdisplay.com\/","name":"deliangdisplay.com","description":"DE-LIANG - Proporciona soluciones de envasado a medida y servicios de dise\u00f1o de expositores de lujo para marcas de joyer\u00eda, ropa, relojes, cosm\u00e9ticos de belleza, etc.","publisher":{"@id":"https:\/\/deliangdisplay.com\/#organization"},"potentialAction":[{"@type":"SearchAction","target":{"@type":"EntryPoint","urlTemplate":"https:\/\/deliangdisplay.com\/?s={search_term_string}"},"query-input":{"@type":"PropertyValueSpecification","valueRequired":true,"valueName":"search_term_string"}}],"inLanguage":"es"},{"@type":"Organization","@id":"https:\/\/deliangdisplay.com\/#organization","name":"deliangdisplay.com","url":"https:\/\/deliangdisplay.com\/","logo":{"@type":"ImageObject","inLanguage":"es","@id":"https:\/\/deliangdisplay.com\/#\/schema\/logo\/image\/","url":"https:\/\/deliangdisplay.com\/wp-content\/uploads\/2025\/08\/DELIANGDISPALY_logo.png","contentUrl":"https:\/\/deliangdisplay.com\/wp-content\/uploads\/2025\/08\/DELIANGDISPALY_logo.png","width":300,"height":130,"caption":"deliangdisplay.com"},"image":{"@id":"https:\/\/deliangdisplay.com\/#\/schema\/logo\/image\/"},"sameAs":["https:\/\/www.facebook.com\/JaneZhang008\/","https:\/\/x.com\/ly673551729"]}]}},"_links":{"self":[{"href":"https:\/\/deliangdisplay.com\/es\/wp-json\/wp\/v2\/product\/43659","targetHints":{"allow":["GET"]}}],"collection":[{"href":"https:\/\/deliangdisplay.com\/es\/wp-json\/wp\/v2\/product"}],"about":[{"href":"https:\/\/deliangdisplay.com\/es\/wp-json\/wp\/v2\/types\/product"}],"replies":[{"embeddable":true,"href":"https:\/\/deliangdisplay.com\/es\/wp-json\/wp\/v2\/comments?post=43659"}],"wp:featuredmedia":[{"embeddable":true,"href":"https:\/\/deliangdisplay.com\/es\/wp-json\/wp\/v2\/media\/43664"}],"wp:attachment":[{"href":"https:\/\/deliangdisplay.com\/es\/wp-json\/wp\/v2\/media?parent=43659"}],"wp:term":[{"taxonomy":"product_brand","embeddable":true,"href":"https:\/\/deliangdisplay.com\/es\/wp-json\/wp\/v2\/product_brand?post=43659"},{"taxonomy":"product_cat","embeddable":true,"href":"https:\/\/deliangdisplay.com\/es\/wp-json\/wp\/v2\/product_cat?post=43659"},{"taxonomy":"product_tag","embeddable":true,"href":"https:\/\/deliangdisplay.com\/es\/wp-json\/wp\/v2\/product_tag?post=43659"}],"curies":[{"name":"wp","href":"https:\/\/api.w.org\/{rel}","templated":true}]}}