{"id":43631,"date":"2025-10-21T10:37:05","date_gmt":"2025-10-21T02:37:05","guid":{"rendered":"https:\/\/deliangdisplay.com\/?post_type=product&#038;p=43631"},"modified":"2025-10-21T10:37:05","modified_gmt":"2025-10-21T02:37:05","slug":"maniqui-busto-52cm-talla-14-mini-maniqui-para-sastreria-drapeado","status":"publish","type":"product","link":"https:\/\/deliangdisplay.com\/es\/nuestro-producto\/muestra\/maniquies-para-minoristas\/molde-de-vestido-a-media-escala\/maniqui-busto-52cm-talla-14-mini-maniqui-para-sastreria-drapeado\/","title":{"rendered":"Molde de vestido a media escala de 52 cm de busto (talla 14) - Mini maniqu\u00ed para sastrer\u00eda y drapeado"},"content":{"rendered":"<h3 class=\"header-iWP5WJ auto-hide-last-sibling-br\">Productos<\/h3>\n<div class=\"auto-hide-last-sibling-br paragraph-pP9ZLC paragraph-element br-paragraph-space\">Se trata de un\u00a0<strong>Molde de vestido femenino a escala 1:2<\/strong>\u00a0(no tama\u00f1o adulto, tama\u00f1o 14) dise\u00f1ado para costura, sastrer\u00eda, patronaje, drapeado y dise\u00f1o de minivestidos. Ayuda a los dise\u00f1adores de moda y a los estudiantes a ahorrar tela y tiempo, ya que permite realizar pruebas e iteraciones de estilos de prendas, plantillas y opciones de color, lo que simplifica el proceso de dise\u00f1o en comparaci\u00f3n con los moldes para vestidos de adultos de tama\u00f1o normal.<\/div>\n<h3 class=\"header-iWP5WJ auto-hide-last-sibling-br\">Especificaciones<\/h3>\n<ul class=\"auto-hide-last-sibling-br\">\n<li><strong>Detalles del tama\u00f1o<\/strong>\n<ul class=\"auto-hide-last-sibling-br\">\n<li>Talla 14: anchura de hombros 21 cm, busto 52 cm, cintura 39 cm, caderas 51 cm, altura 46 cm; centro delantero 20,5 cm, centro trasero 23,5 cm.<\/li>\n<li>Otras tallas disponibles: Talla 8 (hombro 19,5 cm, busto 44,5 cm), Talla 10 (hombro 20,5 cm, busto 46,5 cm), Talla 12 (hombro 21 cm, busto 48,5 cm); brazos suaves (todas las tallas): Largo 30 cm, contorno de brazo 13,5 cm, contorno de codo 12 cm, contorno de mu\u00f1eca 9,5 cm.<\/li>\n<\/ul>\n<\/li>\n<li><strong>Altura ajustable<\/strong>: La altura total se ajusta de 50,5 cm (19,9 pulgadas) a 83 cm (32,7 pulgadas) mediante un tornillo; la base es un soporte redondo de metal negro con un di\u00e1metro de 17 cm (6,7 pulgadas).<\/li>\n<li><strong>Materiales<\/strong>: Cuerpo de fibra de vidrio (con acolchado completo de algod\u00f3n), envuelto en tejido de algod\u00f3n-lino de primera calidad; base y m\u00e1stil de soporte de metal; cubrehombros\/cuello de metal moldeado a medida.<\/li>\n<\/ul>\n<h3 class=\"header-iWP5WJ auto-hide-last-sibling-br\">Caracter\u00edsticas principales<\/h3>\n<ul class=\"auto-hide-last-sibling-br\">\n<li><strong>Dise\u00f1o Pinnable<\/strong>: Se puede sujetar con alfileres en \u00e1ngulo (no se puede sujetar totalmente con alfileres debido al material de fibra de vidrio) para asegurar la tela durante la costura, el corte o el drapeado, garantizando ajustes precisos para los detalles de la prenda.<\/li>\n<li><strong>Protecci\u00f3n duradera<\/strong>: Las cubiertas met\u00e1licas moldeadas a medida para hombros y cuellos evitan da\u00f1os durante el transporte de larga distancia, al tiempo que mantienen un aspecto profesional.<\/li>\n<li><strong>Base estable<\/strong>: La base met\u00e1lica de 4 mm de grosor, pulida con arena y chapada, resiste el descascarillado (a diferencia de las bases pintadas) y proporciona una gran estabilidad durante el clavado o la costura.<\/li>\n<li><strong>Soporte de drapeado realista<\/strong>: Los brazos blandos plegables imitan las posturas naturales de los brazos humanos, ideales para probar el ajuste de las mangas, las l\u00edneas de los hombros y otros detalles de las prendas relacionados con los brazos.<\/li>\n<\/ul>","protected":false},"excerpt":{"rendered":"<p>Este molde de vestido femenino a escala 1:2 (talla 14, no para adultos) es ideal para costura, sastrer\u00eda, patronaje y dise\u00f1o de minivestidos. Especificaciones clave de la talla 14: hombro 21 cm, busto 52 cm, cintura 39 cm, caderas 51 cm, altura del cuerpo 46 cm. La altura total se ajusta de 50,5 a 83 cm mediante un tornillo. Fabricada en fibra de vidrio (acolchado de algod\u00f3n) con tejido de algod\u00f3n y lino, tiene una base met\u00e1lica de 17 cm, cubiertas met\u00e1licas para hombros y cuello, y un dise\u00f1o pinnable, ideal para que los dise\u00f1adores prueben el tejido y comprueben el ajuste de las mangas.<\/p>","protected":false},"featured_media":43636,"comment_status":"open","ping_status":"closed","template":"","meta":{"_acf_changed":false},"product_brand":[84],"product_cat":[578],"product_tag":[579,615,582,602,619,618,616,586,591,587,609,617,606,614,620],"class_list":{"0":"post-43631","1":"product","2":"type-product","3":"status-publish","4":"has-post-thumbnail","6":"product_brand-de-liang","7":"product_cat-half-scale-dress-form","8":"product_tag-12-half-scale-dress-form","9":"product_tag-52cm-bust-dress-form","10":"product_tag-adjustable-height-dress-form","11":"product_tag-cotton-linen-dress-form","12":"product_tag-draping-practice-dress-form","13":"product_tag-fashion-designer-mannequin","14":"product_tag-female-tailor-mannequin","15":"product_tag-fiberglass-dress-form","16":"product_tag-half-scale-female-mannequin","17":"product_tag-metal-base-dress-form","18":"product_tag-mini-garment-design-dummy","19":"product_tag-pattern-maker-dress-form","20":"product_tag-pinnable-miniature-mannequin","21":"product_tag-size-14-sewing-mannequin","22":"product_tag-soft-arm-dress-form","24":"first","25":"instock","26":"shipping-taxable","27":"purchasable","28":"product-type-simple"},"acf":[],"yoast_head":"<!-- This site is optimized with the Yoast SEO plugin v27.4 - https:\/\/yoast.com\/product\/yoast-seo-wordpress\/ -->\n<title>52cm Bust Half-Scale Dress Form (Size 14) \u2013 Mini Mannequin for Tailoring &amp; Draping - DE-LIANG - jewelry,clothes,watch,beauty cosmetics<\/title>\n<meta name=\"robots\" content=\"index, follow, max-snippet:-1, max-image-preview:large, max-video-preview:-1\" \/>\n<link rel=\"canonical\" href=\"https:\/\/deliangdisplay.com\/es\/nuestro-producto\/muestra\/maniquies-para-minoristas\/molde-de-vestido-a-media-escala\/maniqui-busto-52cm-talla-14-mini-maniqui-para-sastreria-drapeado\/\" \/>\n<meta property=\"og:locale\" content=\"es_ES\" \/>\n<meta property=\"og:type\" content=\"article\" \/>\n<meta property=\"og:title\" content=\"52cm Bust Half-Scale Dress Form (Size 14) \u2013 Mini Mannequin for Tailoring &amp; Draping - DE-LIANG - jewelry,clothes,watch,beauty cosmetics\" \/>\n<meta property=\"og:description\" content=\"This 1:2 half-scale female dress form (Size 14, not adult size) is ideal for sewing, tailoring, pattern making, and mini garment design. Key Size 14 specs: shoulder 21cm, bust 52cm, waist 39cm, hips 51cm, body height 46cm. Total height adjusts 50.5\u201383cm via a screw. Made of fiberglass (cotton-padded) with cotton-linen fabric, it has a 17cm metal base, metal shoulder\/neck covers, and pinnable design\u2014suits designers for fabric testing and sleeve fit checks.\" \/>\n<meta property=\"og:url\" content=\"https:\/\/deliangdisplay.com\/es\/nuestro-producto\/muestra\/maniquies-para-minoristas\/molde-de-vestido-a-media-escala\/maniqui-busto-52cm-talla-14-mini-maniqui-para-sastreria-drapeado\/\" \/>\n<meta property=\"og:site_name\" content=\"DE-LIANG - jewelry,clothes,watch,beauty cosmetics\" \/>\n<meta property=\"article:publisher\" content=\"https:\/\/www.facebook.com\/JaneZhang008\/\" \/>\n<meta property=\"og:image\" content=\"https:\/\/deliangdisplay.com\/wp-content\/uploads\/2025\/10\/8-1.webp\" \/>\n\t<meta property=\"og:image:width\" content=\"600\" \/>\n\t<meta property=\"og:image:height\" content=\"600\" \/>\n\t<meta property=\"og:image:type\" content=\"image\/webp\" \/>\n<meta name=\"twitter:card\" content=\"summary_large_image\" \/>\n<meta name=\"twitter:site\" content=\"@ly673551729\" \/>\n<meta name=\"twitter:label1\" content=\"Tiempo de lectura\" \/>\n\t<meta name=\"twitter:data1\" content=\"2 minutos\" \/>\n<script type=\"application\/ld+json\" class=\"yoast-schema-graph\">{\"@context\":\"https:\\\/\\\/schema.org\",\"@graph\":[{\"@type\":\"WebPage\",\"@id\":\"https:\\\/\\\/deliangdisplay.com\\\/our-product\\\/displays\\\/retail-mannequins\\\/half-scale-dress-form\\\/52cm-bust-half-scale-dress-form-size-14-mini-mannequin-for-tailoring-draping\\\/\",\"url\":\"https:\\\/\\\/deliangdisplay.com\\\/our-product\\\/displays\\\/retail-mannequins\\\/half-scale-dress-form\\\/52cm-bust-half-scale-dress-form-size-14-mini-mannequin-for-tailoring-draping\\\/\",\"name\":\"52cm Bust Half-Scale Dress Form (Size 14) \u2013 Mini Mannequin for Tailoring & Draping - DE-LIANG - jewelry,clothes,watch,beauty cosmetics\",\"isPartOf\":{\"@id\":\"https:\\\/\\\/deliangdisplay.com\\\/#website\"},\"primaryImageOfPage\":{\"@id\":\"https:\\\/\\\/deliangdisplay.com\\\/our-product\\\/displays\\\/retail-mannequins\\\/half-scale-dress-form\\\/52cm-bust-half-scale-dress-form-size-14-mini-mannequin-for-tailoring-draping\\\/#primaryimage\"},\"image\":{\"@id\":\"https:\\\/\\\/deliangdisplay.com\\\/our-product\\\/displays\\\/retail-mannequins\\\/half-scale-dress-form\\\/52cm-bust-half-scale-dress-form-size-14-mini-mannequin-for-tailoring-draping\\\/#primaryimage\"},\"thumbnailUrl\":\"https:\\\/\\\/deliangdisplay.com\\\/wp-content\\\/uploads\\\/2025\\\/10\\\/8-1.webp\",\"datePublished\":\"2025-10-21T02:37:05+00:00\",\"breadcrumb\":{\"@id\":\"https:\\\/\\\/deliangdisplay.com\\\/our-product\\\/displays\\\/retail-mannequins\\\/half-scale-dress-form\\\/52cm-bust-half-scale-dress-form-size-14-mini-mannequin-for-tailoring-draping\\\/#breadcrumb\"},\"inLanguage\":\"es\",\"potentialAction\":[{\"@type\":\"ReadAction\",\"target\":[\"https:\\\/\\\/deliangdisplay.com\\\/our-product\\\/displays\\\/retail-mannequins\\\/half-scale-dress-form\\\/52cm-bust-half-scale-dress-form-size-14-mini-mannequin-for-tailoring-draping\\\/\"]}]},{\"@type\":\"ImageObject\",\"inLanguage\":\"es\",\"@id\":\"https:\\\/\\\/deliangdisplay.com\\\/our-product\\\/displays\\\/retail-mannequins\\\/half-scale-dress-form\\\/52cm-bust-half-scale-dress-form-size-14-mini-mannequin-for-tailoring-draping\\\/#primaryimage\",\"url\":\"https:\\\/\\\/deliangdisplay.com\\\/wp-content\\\/uploads\\\/2025\\\/10\\\/8-1.webp\",\"contentUrl\":\"https:\\\/\\\/deliangdisplay.com\\\/wp-content\\\/uploads\\\/2025\\\/10\\\/8-1.webp\",\"width\":600,\"height\":600},{\"@type\":\"BreadcrumbList\",\"@id\":\"https:\\\/\\\/deliangdisplay.com\\\/our-product\\\/displays\\\/retail-mannequins\\\/half-scale-dress-form\\\/52cm-bust-half-scale-dress-form-size-14-mini-mannequin-for-tailoring-draping\\\/#breadcrumb\",\"itemListElement\":[{\"@type\":\"ListItem\",\"position\":1,\"name\":\"\u9996\u9875\",\"item\":\"https:\\\/\\\/deliangdisplay.com\\\/\"},{\"@type\":\"ListItem\",\"position\":2,\"name\":\"Our Product\",\"item\":\"https:\\\/\\\/deliangdisplay.com\\\/our-product\\\/\"},{\"@type\":\"ListItem\",\"position\":3,\"name\":\"52cm Bust Half-Scale Dress Form (Size 14) \u2013 Mini Mannequin for Tailoring &#038; Draping\"}]},{\"@type\":\"WebSite\",\"@id\":\"https:\\\/\\\/deliangdisplay.com\\\/#website\",\"url\":\"https:\\\/\\\/deliangdisplay.com\\\/\",\"name\":\"deliangdisplay.com\",\"description\":\"DE-LIANG - Providing bespoke packaging solutions and luxurious display design services for brands in jewelry, apparel, watches, beauty cosmetics, and more.\",\"publisher\":{\"@id\":\"https:\\\/\\\/deliangdisplay.com\\\/#organization\"},\"potentialAction\":[{\"@type\":\"SearchAction\",\"target\":{\"@type\":\"EntryPoint\",\"urlTemplate\":\"https:\\\/\\\/deliangdisplay.com\\\/?s={search_term_string}\"},\"query-input\":{\"@type\":\"PropertyValueSpecification\",\"valueRequired\":true,\"valueName\":\"search_term_string\"}}],\"inLanguage\":\"es\"},{\"@type\":\"Organization\",\"@id\":\"https:\\\/\\\/deliangdisplay.com\\\/#organization\",\"name\":\"deliangdisplay.com\",\"url\":\"https:\\\/\\\/deliangdisplay.com\\\/\",\"logo\":{\"@type\":\"ImageObject\",\"inLanguage\":\"es\",\"@id\":\"https:\\\/\\\/deliangdisplay.com\\\/#\\\/schema\\\/logo\\\/image\\\/\",\"url\":\"https:\\\/\\\/deliangdisplay.com\\\/wp-content\\\/uploads\\\/2025\\\/08\\\/DELIANGDISPALY_logo.png\",\"contentUrl\":\"https:\\\/\\\/deliangdisplay.com\\\/wp-content\\\/uploads\\\/2025\\\/08\\\/DELIANGDISPALY_logo.png\",\"width\":300,\"height\":130,\"caption\":\"deliangdisplay.com\"},\"image\":{\"@id\":\"https:\\\/\\\/deliangdisplay.com\\\/#\\\/schema\\\/logo\\\/image\\\/\"},\"sameAs\":[\"https:\\\/\\\/www.facebook.com\\\/JaneZhang008\\\/\",\"https:\\\/\\\/x.com\\\/ly673551729\"]}]}<\/script>\n<!-- \/ Yoast SEO plugin. -->","yoast_head_json":{"title":"52cm Busto Media Escala Dress Form (Tama\u00f1o 14) - Mini Maniqu\u00ed para sastrer\u00eda y drapeado - DE-LIANG - joyer\u00eda,ropa,reloj,cosm\u00e9ticos de belleza","robots":{"index":"index","follow":"follow","max-snippet":"max-snippet:-1","max-image-preview":"max-image-preview:large","max-video-preview":"max-video-preview:-1"},"canonical":"https:\/\/deliangdisplay.com\/es\/nuestro-producto\/muestra\/maniquies-para-minoristas\/molde-de-vestido-a-media-escala\/maniqui-busto-52cm-talla-14-mini-maniqui-para-sastreria-drapeado\/","og_locale":"es_ES","og_type":"article","og_title":"52cm Bust Half-Scale Dress Form (Size 14) \u2013 Mini Mannequin for Tailoring & Draping - DE-LIANG - jewelry,clothes,watch,beauty cosmetics","og_description":"This 1:2 half-scale female dress form (Size 14, not adult size) is ideal for sewing, tailoring, pattern making, and mini garment design. Key Size 14 specs: shoulder 21cm, bust 52cm, waist 39cm, hips 51cm, body height 46cm. Total height adjusts 50.5\u201383cm via a screw. Made of fiberglass (cotton-padded) with cotton-linen fabric, it has a 17cm metal base, metal shoulder\/neck covers, and pinnable design\u2014suits designers for fabric testing and sleeve fit checks.","og_url":"https:\/\/deliangdisplay.com\/es\/nuestro-producto\/muestra\/maniquies-para-minoristas\/molde-de-vestido-a-media-escala\/maniqui-busto-52cm-talla-14-mini-maniqui-para-sastreria-drapeado\/","og_site_name":"DE-LIANG - jewelry,clothes,watch,beauty cosmetics","article_publisher":"https:\/\/www.facebook.com\/JaneZhang008\/","og_image":[{"width":600,"height":600,"url":"https:\/\/deliangdisplay.com\/wp-content\/uploads\/2025\/10\/8-1.webp","type":"image\/webp"}],"twitter_card":"summary_large_image","twitter_site":"@ly673551729","twitter_misc":{"Tiempo de lectura":"2 minutos"},"schema":{"@context":"https:\/\/schema.org","@graph":[{"@type":"WebPage","@id":"https:\/\/deliangdisplay.com\/our-product\/displays\/retail-mannequins\/half-scale-dress-form\/52cm-bust-half-scale-dress-form-size-14-mini-mannequin-for-tailoring-draping\/","url":"https:\/\/deliangdisplay.com\/our-product\/displays\/retail-mannequins\/half-scale-dress-form\/52cm-bust-half-scale-dress-form-size-14-mini-mannequin-for-tailoring-draping\/","name":"52cm Busto Media Escala Dress Form (Tama\u00f1o 14) - Mini Maniqu\u00ed para sastrer\u00eda y drapeado - DE-LIANG - joyer\u00eda,ropa,reloj,cosm\u00e9ticos de belleza","isPartOf":{"@id":"https:\/\/deliangdisplay.com\/#website"},"primaryImageOfPage":{"@id":"https:\/\/deliangdisplay.com\/our-product\/displays\/retail-mannequins\/half-scale-dress-form\/52cm-bust-half-scale-dress-form-size-14-mini-mannequin-for-tailoring-draping\/#primaryimage"},"image":{"@id":"https:\/\/deliangdisplay.com\/our-product\/displays\/retail-mannequins\/half-scale-dress-form\/52cm-bust-half-scale-dress-form-size-14-mini-mannequin-for-tailoring-draping\/#primaryimage"},"thumbnailUrl":"https:\/\/deliangdisplay.com\/wp-content\/uploads\/2025\/10\/8-1.webp","datePublished":"2025-10-21T02:37:05+00:00","breadcrumb":{"@id":"https:\/\/deliangdisplay.com\/our-product\/displays\/retail-mannequins\/half-scale-dress-form\/52cm-bust-half-scale-dress-form-size-14-mini-mannequin-for-tailoring-draping\/#breadcrumb"},"inLanguage":"es","potentialAction":[{"@type":"ReadAction","target":["https:\/\/deliangdisplay.com\/our-product\/displays\/retail-mannequins\/half-scale-dress-form\/52cm-bust-half-scale-dress-form-size-14-mini-mannequin-for-tailoring-draping\/"]}]},{"@type":"ImageObject","inLanguage":"es","@id":"https:\/\/deliangdisplay.com\/our-product\/displays\/retail-mannequins\/half-scale-dress-form\/52cm-bust-half-scale-dress-form-size-14-mini-mannequin-for-tailoring-draping\/#primaryimage","url":"https:\/\/deliangdisplay.com\/wp-content\/uploads\/2025\/10\/8-1.webp","contentUrl":"https:\/\/deliangdisplay.com\/wp-content\/uploads\/2025\/10\/8-1.webp","width":600,"height":600},{"@type":"BreadcrumbList","@id":"https:\/\/deliangdisplay.com\/our-product\/displays\/retail-mannequins\/half-scale-dress-form\/52cm-bust-half-scale-dress-form-size-14-mini-mannequin-for-tailoring-draping\/#breadcrumb","itemListElement":[{"@type":"ListItem","position":1,"name":"\u9996\u9875","item":"https:\/\/deliangdisplay.com\/"},{"@type":"ListItem","position":2,"name":"Our Product","item":"https:\/\/deliangdisplay.com\/our-product\/"},{"@type":"ListItem","position":3,"name":"52cm Bust Half-Scale Dress Form (Size 14) \u2013 Mini Mannequin for Tailoring &#038; Draping"}]},{"@type":"WebSite","@id":"https:\/\/deliangdisplay.com\/#website","url":"https:\/\/deliangdisplay.com\/","name":"deliangdisplay.com","description":"DE-LIANG - Proporciona soluciones de envasado a medida y servicios de dise\u00f1o de expositores de lujo para marcas de joyer\u00eda, ropa, relojes, cosm\u00e9ticos de belleza, etc.","publisher":{"@id":"https:\/\/deliangdisplay.com\/#organization"},"potentialAction":[{"@type":"SearchAction","target":{"@type":"EntryPoint","urlTemplate":"https:\/\/deliangdisplay.com\/?s={search_term_string}"},"query-input":{"@type":"PropertyValueSpecification","valueRequired":true,"valueName":"search_term_string"}}],"inLanguage":"es"},{"@type":"Organization","@id":"https:\/\/deliangdisplay.com\/#organization","name":"deliangdisplay.com","url":"https:\/\/deliangdisplay.com\/","logo":{"@type":"ImageObject","inLanguage":"es","@id":"https:\/\/deliangdisplay.com\/#\/schema\/logo\/image\/","url":"https:\/\/deliangdisplay.com\/wp-content\/uploads\/2025\/08\/DELIANGDISPALY_logo.png","contentUrl":"https:\/\/deliangdisplay.com\/wp-content\/uploads\/2025\/08\/DELIANGDISPALY_logo.png","width":300,"height":130,"caption":"deliangdisplay.com"},"image":{"@id":"https:\/\/deliangdisplay.com\/#\/schema\/logo\/image\/"},"sameAs":["https:\/\/www.facebook.com\/JaneZhang008\/","https:\/\/x.com\/ly673551729"]}]}},"_links":{"self":[{"href":"https:\/\/deliangdisplay.com\/es\/wp-json\/wp\/v2\/product\/43631","targetHints":{"allow":["GET"]}}],"collection":[{"href":"https:\/\/deliangdisplay.com\/es\/wp-json\/wp\/v2\/product"}],"about":[{"href":"https:\/\/deliangdisplay.com\/es\/wp-json\/wp\/v2\/types\/product"}],"replies":[{"embeddable":true,"href":"https:\/\/deliangdisplay.com\/es\/wp-json\/wp\/v2\/comments?post=43631"}],"wp:featuredmedia":[{"embeddable":true,"href":"https:\/\/deliangdisplay.com\/es\/wp-json\/wp\/v2\/media\/43636"}],"wp:attachment":[{"href":"https:\/\/deliangdisplay.com\/es\/wp-json\/wp\/v2\/media?parent=43631"}],"wp:term":[{"taxonomy":"product_brand","embeddable":true,"href":"https:\/\/deliangdisplay.com\/es\/wp-json\/wp\/v2\/product_brand?post=43631"},{"taxonomy":"product_cat","embeddable":true,"href":"https:\/\/deliangdisplay.com\/es\/wp-json\/wp\/v2\/product_cat?post=43631"},{"taxonomy":"product_tag","embeddable":true,"href":"https:\/\/deliangdisplay.com\/es\/wp-json\/wp\/v2\/product_tag?post=43631"}],"curies":[{"name":"wp","href":"https:\/\/api.w.org\/{rel}","templated":true}]}}