{"id":43621,"date":"2025-10-21T10:23:48","date_gmt":"2025-10-21T02:23:48","guid":{"rendered":"https:\/\/deliangdisplay.com\/?post_type=product&#038;p=43621"},"modified":"2025-10-21T10:23:48","modified_gmt":"2025-10-21T02:23:48","slug":"mini-maniqui-de-fibra-de-vidrio-a-media-escala-talla-6-para-exposicion-de-diseno","status":"publish","type":"product","link":"https:\/\/deliangdisplay.com\/es\/nuestro-producto\/muestra\/maniquies-para-minoristas\/molde-de-vestido-a-media-escala\/mini-maniqui-de-fibra-de-vidrio-a-media-escala-talla-6-para-exposicion-de-diseno\/","title":{"rendered":"Semimaniqu\u00ed Talla 6 - Mini maniqu\u00ed de fibra de vidrio para dise\u00f1o y exposici\u00f3n"},"content":{"rendered":"<h3 class=\"header-iWP5WJ auto-hide-last-sibling-br\">Productos<\/h3>\n<div class=\"auto-hide-last-sibling-br paragraph-pP9ZLC paragraph-element br-paragraph-space\">Se trata de un\u00a0<strong>Molde de vestido femenino a escala 1:2<\/strong>\u00a0(no tama\u00f1o adulto completo, tama\u00f1o 6) dise\u00f1ado para costura, sastrer\u00eda, pr\u00e1ctica de drapeado, formaci\u00f3n de dise\u00f1o de prendas en miniatura y exposici\u00f3n de prendas de moda\/joyer\u00eda peque\u00f1as. Ayuda a ahorrar tejido y tiempo en comparaci\u00f3n con los moldes para vestidos de adultos de tama\u00f1o normal, ya que permite realizar pruebas y ajustes repetidos de los estilos de las prendas, lo que resulta ideal para reducir la complejidad del trabajo de dise\u00f1o.<\/div>\n<h3 class=\"header-iWP5WJ auto-hide-last-sibling-br\">Especificaciones<\/h3>\n<ul class=\"auto-hide-last-sibling-br\">\n<li><strong>Detalles del tama\u00f1o<\/strong>: Talla 6 (hecha a mano con \u00b10,5 cm de tolerancia) - anchura de los hombros 19,5 cm, busto 42,5 cm, cintura 33,5 cm, caderas 45,5 cm, altura del cuerpo 43 cm.<\/li>\n<li><strong>Altura ajustable<\/strong>: La altura total se ajusta desde aproximadamente 45,5 cm (18 pulg.) hasta 77,5 cm (30,5 pulg.) girando un tornillo; la base es un soporte redondo de metal negro con un di\u00e1metro de 17 cm (6,7 pulg.).<\/li>\n<li><strong>Peso y materiales<\/strong>: Pesa entre 2,3 y 2,5 kg (incluida la base); cuerpo de fibra de vidrio (con forro interior de algod\u00f3n) y envuelto en tela de lino beige; base y m\u00e1stil de soporte de metal mejorado.<\/li>\n<\/ul>\n<h3 class=\"header-iWP5WJ auto-hide-last-sibling-br\">Caracter\u00edsticas principales<\/h3>\n<ul class=\"auto-hide-last-sibling-br\">\n<li><strong>Dise\u00f1o Pinnable<\/strong>: Se puede sujetar con alfileres en \u00e1ngulo (no se puede sujetar totalmente con alfileres debido al material de fibra de vidrio) para asegurar la tela durante la costura, el corte o el drapeado, garantizando ajustes precisos de la prenda.<\/li>\n<li><strong>Port\u00e1til y ahorra espacio<\/strong>: Ligero (2,3-2,5 kg) para facilitar su transporte, y de tama\u00f1o compacto para ahorrar espacio de almacenamiento y exposici\u00f3n, adecuado para peque\u00f1as \u00e1reas de trabajo o mostradores de venta al por menor.<\/li>\n<li><strong>Estabilidad duradera<\/strong>: El soporte de metal mejorado y el cuerpo de fibra de vidrio proporcionan robustez, capaz de soportar mini ropa, prendas de vestir, vestidos de novia y suministros decorativos sin volcarse f\u00e1cilmente.<\/li>\n<li><strong>Uso vers\u00e1til<\/strong>: Adecuado para la formaci\u00f3n de dise\u00f1o de moda, corte \/ pr\u00e1ctica de drapeado, mini exhibici\u00f3n de prendas de vestir, e incluso exhibici\u00f3n de la joyer\u00eda del contador - satisface m\u00faltiples necesidades funcionales para los dise\u00f1adores y minoristas.<\/li>\n<\/ul>","protected":false},"excerpt":{"rendered":"<p>Este molde de vestido femenino a escala 1:2 (talla 6, no es talla de adulto) es ideal para costura, drapeado y dise\u00f1o de minivestidos. Tiene una anchura de hombros de 19,5 cm, busto de 42,5 cm, cintura de 33,5 cm y caderas de 45,5 cm (tolerancia de \u00b10,5 cm). La altura se ajusta de 45,5 a 77,5 cm mediante un tornillo. Fabricado en fibra de vidrio (forrado de algod\u00f3n) con lino beige, se puede colocar en \u00e1ngulo, es ligero (2,3-2,5 kg) y resistente; ahorra tela\/tiempo, se adapta a la formaci\u00f3n de dise\u00f1o o a la exposici\u00f3n de ropa\/joyas peque\u00f1as.<\/p>","protected":false},"featured_media":43626,"comment_status":"open","ping_status":"closed","template":"","meta":{"_acf_changed":false},"product_brand":[84],"product_cat":[578],"product_tag":[579,582,607,611,610,605,586,591,613,608,587,609,606,604,612],"class_list":{"0":"post-43621","1":"product","2":"type-product","3":"status-publish","4":"has-post-thumbnail","6":"product_brand-de-liang","7":"product_cat-half-scale-dress-form","8":"product_tag-12-half-scale-dress-form","9":"product_tag-adjustable-height-dress-form","10":"product_tag-beige-linen-dress-form","11":"product_tag-draping-practice-mannequin","12":"product_tag-fashion-training-dress-form","13":"product_tag-female-sewing-mannequin","14":"product_tag-fiberglass-dress-form","15":"product_tag-half-scale-female-mannequin","16":"product_tag-jewelry-display-dress-form","17":"product_tag-lightweight-dress-form","18":"product_tag-metal-base-dress-form","19":"product_tag-mini-garment-design-dummy","20":"product_tag-pinnable-miniature-mannequin","21":"product_tag-size-6-mini-dress-form","22":"product_tag-small-clothing-display-mannequin","24":"first","25":"instock","26":"shipping-taxable","27":"purchasable","28":"product-type-simple"},"acf":[],"yoast_head":"<!-- This site is optimized with the Yoast SEO plugin v27.4 - https:\/\/yoast.com\/product\/yoast-seo-wordpress\/ -->\n<title>Half-Scale Size 6 Dress Form \u2013 Fiberglass Mini Mannequin for Design &amp; Display - DE-LIANG - jewelry,clothes,watch,beauty cosmetics<\/title>\n<meta name=\"robots\" content=\"index, follow, max-snippet:-1, max-image-preview:large, max-video-preview:-1\" \/>\n<link rel=\"canonical\" href=\"https:\/\/deliangdisplay.com\/es\/nuestro-producto\/muestra\/maniquies-para-minoristas\/molde-de-vestido-a-media-escala\/mini-maniqui-de-fibra-de-vidrio-a-media-escala-talla-6-para-exposicion-de-diseno\/\" \/>\n<meta property=\"og:locale\" content=\"es_ES\" \/>\n<meta property=\"og:type\" content=\"article\" \/>\n<meta property=\"og:title\" content=\"Half-Scale Size 6 Dress Form \u2013 Fiberglass Mini Mannequin for Design &amp; Display - DE-LIANG - jewelry,clothes,watch,beauty cosmetics\" \/>\n<meta property=\"og:description\" content=\"This 1:2 half-scale female dress form (Size 6, not adult size) is ideal for sewing, draping, and mini garment design. It has shoulder width 19.5cm, bust 42.5cm, waist 33.5cm, hips 45.5cm (\u00b10.5cm tolerance). Height adjusts 45.5\u201377.5cm via a screw. Made of fiberglass (cotton-lined) with beige linen, it\u2019s pinnable at an angle, lightweight (2.3\u20132.5kg), and sturdy\u2014saves fabric\/time, fits design training or small clothing\/jewelry display.\" \/>\n<meta property=\"og:url\" content=\"https:\/\/deliangdisplay.com\/es\/nuestro-producto\/muestra\/maniquies-para-minoristas\/molde-de-vestido-a-media-escala\/mini-maniqui-de-fibra-de-vidrio-a-media-escala-talla-6-para-exposicion-de-diseno\/\" \/>\n<meta property=\"og:site_name\" content=\"DE-LIANG - jewelry,clothes,watch,beauty cosmetics\" \/>\n<meta property=\"article:publisher\" content=\"https:\/\/www.facebook.com\/JaneZhang008\/\" \/>\n<meta property=\"og:image\" content=\"https:\/\/deliangdisplay.com\/wp-content\/uploads\/2025\/10\/31.webp\" \/>\n\t<meta property=\"og:image:width\" content=\"600\" \/>\n\t<meta property=\"og:image:height\" content=\"600\" \/>\n\t<meta property=\"og:image:type\" content=\"image\/webp\" \/>\n<meta name=\"twitter:card\" content=\"summary_large_image\" \/>\n<meta name=\"twitter:site\" content=\"@ly673551729\" \/>\n<meta name=\"twitter:label1\" content=\"Tiempo de lectura\" \/>\n\t<meta name=\"twitter:data1\" content=\"2 minutos\" \/>\n<script type=\"application\/ld+json\" class=\"yoast-schema-graph\">{\"@context\":\"https:\\\/\\\/schema.org\",\"@graph\":[{\"@type\":\"WebPage\",\"@id\":\"https:\\\/\\\/deliangdisplay.com\\\/our-product\\\/displays\\\/retail-mannequins\\\/half-scale-dress-form\\\/half-scale-size-6-dress-form-fiberglass-mini-mannequin-for-design-display\\\/\",\"url\":\"https:\\\/\\\/deliangdisplay.com\\\/our-product\\\/displays\\\/retail-mannequins\\\/half-scale-dress-form\\\/half-scale-size-6-dress-form-fiberglass-mini-mannequin-for-design-display\\\/\",\"name\":\"Half-Scale Size 6 Dress Form \u2013 Fiberglass Mini Mannequin for Design & Display - DE-LIANG - jewelry,clothes,watch,beauty cosmetics\",\"isPartOf\":{\"@id\":\"https:\\\/\\\/deliangdisplay.com\\\/#website\"},\"primaryImageOfPage\":{\"@id\":\"https:\\\/\\\/deliangdisplay.com\\\/our-product\\\/displays\\\/retail-mannequins\\\/half-scale-dress-form\\\/half-scale-size-6-dress-form-fiberglass-mini-mannequin-for-design-display\\\/#primaryimage\"},\"image\":{\"@id\":\"https:\\\/\\\/deliangdisplay.com\\\/our-product\\\/displays\\\/retail-mannequins\\\/half-scale-dress-form\\\/half-scale-size-6-dress-form-fiberglass-mini-mannequin-for-design-display\\\/#primaryimage\"},\"thumbnailUrl\":\"https:\\\/\\\/deliangdisplay.com\\\/wp-content\\\/uploads\\\/2025\\\/10\\\/31.webp\",\"datePublished\":\"2025-10-21T02:23:48+00:00\",\"breadcrumb\":{\"@id\":\"https:\\\/\\\/deliangdisplay.com\\\/our-product\\\/displays\\\/retail-mannequins\\\/half-scale-dress-form\\\/half-scale-size-6-dress-form-fiberglass-mini-mannequin-for-design-display\\\/#breadcrumb\"},\"inLanguage\":\"es\",\"potentialAction\":[{\"@type\":\"ReadAction\",\"target\":[\"https:\\\/\\\/deliangdisplay.com\\\/our-product\\\/displays\\\/retail-mannequins\\\/half-scale-dress-form\\\/half-scale-size-6-dress-form-fiberglass-mini-mannequin-for-design-display\\\/\"]}]},{\"@type\":\"ImageObject\",\"inLanguage\":\"es\",\"@id\":\"https:\\\/\\\/deliangdisplay.com\\\/our-product\\\/displays\\\/retail-mannequins\\\/half-scale-dress-form\\\/half-scale-size-6-dress-form-fiberglass-mini-mannequin-for-design-display\\\/#primaryimage\",\"url\":\"https:\\\/\\\/deliangdisplay.com\\\/wp-content\\\/uploads\\\/2025\\\/10\\\/31.webp\",\"contentUrl\":\"https:\\\/\\\/deliangdisplay.com\\\/wp-content\\\/uploads\\\/2025\\\/10\\\/31.webp\",\"width\":600,\"height\":600},{\"@type\":\"BreadcrumbList\",\"@id\":\"https:\\\/\\\/deliangdisplay.com\\\/our-product\\\/displays\\\/retail-mannequins\\\/half-scale-dress-form\\\/half-scale-size-6-dress-form-fiberglass-mini-mannequin-for-design-display\\\/#breadcrumb\",\"itemListElement\":[{\"@type\":\"ListItem\",\"position\":1,\"name\":\"\u9996\u9875\",\"item\":\"https:\\\/\\\/deliangdisplay.com\\\/\"},{\"@type\":\"ListItem\",\"position\":2,\"name\":\"Our Product\",\"item\":\"https:\\\/\\\/deliangdisplay.com\\\/our-product\\\/\"},{\"@type\":\"ListItem\",\"position\":3,\"name\":\"Half-Scale Size 6 Dress Form \u2013 Fiberglass Mini Mannequin for Design &#038; Display\"}]},{\"@type\":\"WebSite\",\"@id\":\"https:\\\/\\\/deliangdisplay.com\\\/#website\",\"url\":\"https:\\\/\\\/deliangdisplay.com\\\/\",\"name\":\"deliangdisplay.com\",\"description\":\"DE-LIANG - Providing bespoke packaging solutions and luxurious display design services for brands in jewelry, apparel, watches, beauty cosmetics, and more.\",\"publisher\":{\"@id\":\"https:\\\/\\\/deliangdisplay.com\\\/#organization\"},\"potentialAction\":[{\"@type\":\"SearchAction\",\"target\":{\"@type\":\"EntryPoint\",\"urlTemplate\":\"https:\\\/\\\/deliangdisplay.com\\\/?s={search_term_string}\"},\"query-input\":{\"@type\":\"PropertyValueSpecification\",\"valueRequired\":true,\"valueName\":\"search_term_string\"}}],\"inLanguage\":\"es\"},{\"@type\":\"Organization\",\"@id\":\"https:\\\/\\\/deliangdisplay.com\\\/#organization\",\"name\":\"deliangdisplay.com\",\"url\":\"https:\\\/\\\/deliangdisplay.com\\\/\",\"logo\":{\"@type\":\"ImageObject\",\"inLanguage\":\"es\",\"@id\":\"https:\\\/\\\/deliangdisplay.com\\\/#\\\/schema\\\/logo\\\/image\\\/\",\"url\":\"https:\\\/\\\/deliangdisplay.com\\\/wp-content\\\/uploads\\\/2025\\\/08\\\/DELIANGDISPALY_logo.png\",\"contentUrl\":\"https:\\\/\\\/deliangdisplay.com\\\/wp-content\\\/uploads\\\/2025\\\/08\\\/DELIANGDISPALY_logo.png\",\"width\":300,\"height\":130,\"caption\":\"deliangdisplay.com\"},\"image\":{\"@id\":\"https:\\\/\\\/deliangdisplay.com\\\/#\\\/schema\\\/logo\\\/image\\\/\"},\"sameAs\":[\"https:\\\/\\\/www.facebook.com\\\/JaneZhang008\\\/\",\"https:\\\/\\\/x.com\\\/ly673551729\"]}]}<\/script>\n<!-- \/ Yoast SEO plugin. -->","yoast_head_json":{"title":"Semimaniqu\u00ed Talla 6 - Mini Maniqu\u00ed de Fibra de Vidrio para Dise\u00f1o y Exposici\u00f3n - DE-LIANG - joyeria,ropa,reloj,cosmetica belleza","robots":{"index":"index","follow":"follow","max-snippet":"max-snippet:-1","max-image-preview":"max-image-preview:large","max-video-preview":"max-video-preview:-1"},"canonical":"https:\/\/deliangdisplay.com\/es\/nuestro-producto\/muestra\/maniquies-para-minoristas\/molde-de-vestido-a-media-escala\/mini-maniqui-de-fibra-de-vidrio-a-media-escala-talla-6-para-exposicion-de-diseno\/","og_locale":"es_ES","og_type":"article","og_title":"Half-Scale Size 6 Dress Form \u2013 Fiberglass Mini Mannequin for Design & Display - DE-LIANG - jewelry,clothes,watch,beauty cosmetics","og_description":"This 1:2 half-scale female dress form (Size 6, not adult size) is ideal for sewing, draping, and mini garment design. It has shoulder width 19.5cm, bust 42.5cm, waist 33.5cm, hips 45.5cm (\u00b10.5cm tolerance). Height adjusts 45.5\u201377.5cm via a screw. Made of fiberglass (cotton-lined) with beige linen, it\u2019s pinnable at an angle, lightweight (2.3\u20132.5kg), and sturdy\u2014saves fabric\/time, fits design training or small clothing\/jewelry display.","og_url":"https:\/\/deliangdisplay.com\/es\/nuestro-producto\/muestra\/maniquies-para-minoristas\/molde-de-vestido-a-media-escala\/mini-maniqui-de-fibra-de-vidrio-a-media-escala-talla-6-para-exposicion-de-diseno\/","og_site_name":"DE-LIANG - jewelry,clothes,watch,beauty cosmetics","article_publisher":"https:\/\/www.facebook.com\/JaneZhang008\/","og_image":[{"width":600,"height":600,"url":"https:\/\/deliangdisplay.com\/wp-content\/uploads\/2025\/10\/31.webp","type":"image\/webp"}],"twitter_card":"summary_large_image","twitter_site":"@ly673551729","twitter_misc":{"Tiempo de lectura":"2 minutos"},"schema":{"@context":"https:\/\/schema.org","@graph":[{"@type":"WebPage","@id":"https:\/\/deliangdisplay.com\/our-product\/displays\/retail-mannequins\/half-scale-dress-form\/half-scale-size-6-dress-form-fiberglass-mini-mannequin-for-design-display\/","url":"https:\/\/deliangdisplay.com\/our-product\/displays\/retail-mannequins\/half-scale-dress-form\/half-scale-size-6-dress-form-fiberglass-mini-mannequin-for-design-display\/","name":"Semimaniqu\u00ed Talla 6 - Mini Maniqu\u00ed de Fibra de Vidrio para Dise\u00f1o y Exposici\u00f3n - DE-LIANG - joyeria,ropa,reloj,cosmetica belleza","isPartOf":{"@id":"https:\/\/deliangdisplay.com\/#website"},"primaryImageOfPage":{"@id":"https:\/\/deliangdisplay.com\/our-product\/displays\/retail-mannequins\/half-scale-dress-form\/half-scale-size-6-dress-form-fiberglass-mini-mannequin-for-design-display\/#primaryimage"},"image":{"@id":"https:\/\/deliangdisplay.com\/our-product\/displays\/retail-mannequins\/half-scale-dress-form\/half-scale-size-6-dress-form-fiberglass-mini-mannequin-for-design-display\/#primaryimage"},"thumbnailUrl":"https:\/\/deliangdisplay.com\/wp-content\/uploads\/2025\/10\/31.webp","datePublished":"2025-10-21T02:23:48+00:00","breadcrumb":{"@id":"https:\/\/deliangdisplay.com\/our-product\/displays\/retail-mannequins\/half-scale-dress-form\/half-scale-size-6-dress-form-fiberglass-mini-mannequin-for-design-display\/#breadcrumb"},"inLanguage":"es","potentialAction":[{"@type":"ReadAction","target":["https:\/\/deliangdisplay.com\/our-product\/displays\/retail-mannequins\/half-scale-dress-form\/half-scale-size-6-dress-form-fiberglass-mini-mannequin-for-design-display\/"]}]},{"@type":"ImageObject","inLanguage":"es","@id":"https:\/\/deliangdisplay.com\/our-product\/displays\/retail-mannequins\/half-scale-dress-form\/half-scale-size-6-dress-form-fiberglass-mini-mannequin-for-design-display\/#primaryimage","url":"https:\/\/deliangdisplay.com\/wp-content\/uploads\/2025\/10\/31.webp","contentUrl":"https:\/\/deliangdisplay.com\/wp-content\/uploads\/2025\/10\/31.webp","width":600,"height":600},{"@type":"BreadcrumbList","@id":"https:\/\/deliangdisplay.com\/our-product\/displays\/retail-mannequins\/half-scale-dress-form\/half-scale-size-6-dress-form-fiberglass-mini-mannequin-for-design-display\/#breadcrumb","itemListElement":[{"@type":"ListItem","position":1,"name":"\u9996\u9875","item":"https:\/\/deliangdisplay.com\/"},{"@type":"ListItem","position":2,"name":"Our Product","item":"https:\/\/deliangdisplay.com\/our-product\/"},{"@type":"ListItem","position":3,"name":"Half-Scale Size 6 Dress Form \u2013 Fiberglass Mini Mannequin for Design &#038; Display"}]},{"@type":"WebSite","@id":"https:\/\/deliangdisplay.com\/#website","url":"https:\/\/deliangdisplay.com\/","name":"deliangdisplay.com","description":"DE-LIANG - Proporciona soluciones de envasado a medida y servicios de dise\u00f1o de expositores de lujo para marcas de joyer\u00eda, ropa, relojes, cosm\u00e9ticos de belleza, etc.","publisher":{"@id":"https:\/\/deliangdisplay.com\/#organization"},"potentialAction":[{"@type":"SearchAction","target":{"@type":"EntryPoint","urlTemplate":"https:\/\/deliangdisplay.com\/?s={search_term_string}"},"query-input":{"@type":"PropertyValueSpecification","valueRequired":true,"valueName":"search_term_string"}}],"inLanguage":"es"},{"@type":"Organization","@id":"https:\/\/deliangdisplay.com\/#organization","name":"deliangdisplay.com","url":"https:\/\/deliangdisplay.com\/","logo":{"@type":"ImageObject","inLanguage":"es","@id":"https:\/\/deliangdisplay.com\/#\/schema\/logo\/image\/","url":"https:\/\/deliangdisplay.com\/wp-content\/uploads\/2025\/08\/DELIANGDISPALY_logo.png","contentUrl":"https:\/\/deliangdisplay.com\/wp-content\/uploads\/2025\/08\/DELIANGDISPALY_logo.png","width":300,"height":130,"caption":"deliangdisplay.com"},"image":{"@id":"https:\/\/deliangdisplay.com\/#\/schema\/logo\/image\/"},"sameAs":["https:\/\/www.facebook.com\/JaneZhang008\/","https:\/\/x.com\/ly673551729"]}]}},"_links":{"self":[{"href":"https:\/\/deliangdisplay.com\/es\/wp-json\/wp\/v2\/product\/43621","targetHints":{"allow":["GET"]}}],"collection":[{"href":"https:\/\/deliangdisplay.com\/es\/wp-json\/wp\/v2\/product"}],"about":[{"href":"https:\/\/deliangdisplay.com\/es\/wp-json\/wp\/v2\/types\/product"}],"replies":[{"embeddable":true,"href":"https:\/\/deliangdisplay.com\/es\/wp-json\/wp\/v2\/comments?post=43621"}],"wp:featuredmedia":[{"embeddable":true,"href":"https:\/\/deliangdisplay.com\/es\/wp-json\/wp\/v2\/media\/43626"}],"wp:attachment":[{"href":"https:\/\/deliangdisplay.com\/es\/wp-json\/wp\/v2\/media?parent=43621"}],"wp:term":[{"taxonomy":"product_brand","embeddable":true,"href":"https:\/\/deliangdisplay.com\/es\/wp-json\/wp\/v2\/product_brand?post=43621"},{"taxonomy":"product_cat","embeddable":true,"href":"https:\/\/deliangdisplay.com\/es\/wp-json\/wp\/v2\/product_cat?post=43621"},{"taxonomy":"product_tag","embeddable":true,"href":"https:\/\/deliangdisplay.com\/es\/wp-json\/wp\/v2\/product_tag?post=43621"}],"curies":[{"name":"wp","href":"https:\/\/api.w.org\/{rel}","templated":true}]}}