{"id":43594,"date":"2025-10-21T10:04:31","date_gmt":"2025-10-21T02:04:31","guid":{"rendered":"https:\/\/deliangdisplay.com\/?post_type=product&#038;p=43594"},"modified":"2025-10-21T10:04:50","modified_gmt":"2025-10-21T02:04:50","slug":"mini-maniqui-de-costura-a-media-escala-talla-8-con-altura-ajustable-para-drapeado","status":"publish","type":"product","link":"https:\/\/deliangdisplay.com\/es\/nuestro-producto\/muestra\/maniquies-para-minoristas\/molde-de-vestido-a-media-escala\/mini-maniqui-de-costura-a-media-escala-talla-8-con-altura-ajustable-para-drapeado\/","title":{"rendered":"Molde de vestido de costura a media escala (talla 8) - Mini maniqu\u00ed de se\u00f1ora con altura ajustable para drapeado"},"content":{"rendered":"<h3 class=\"header-iWP5WJ auto-hide-last-sibling-br\">Productos<\/h3>\n<div class=\"auto-hide-last-sibling-br paragraph-pP9ZLC paragraph-element br-paragraph-space\">Se trata de un\u00a0<strong>Molde de vestido femenino a escala 1:2<\/strong>\u00a0(no de tama\u00f1o adulto) dise\u00f1ada para coser, confeccionar, ajustar, dibujar patrones, practicar el dise\u00f1o y exhibir miniprendas. Cuenta con altura ajustable, construcci\u00f3n duradera y detalles funcionales para apoyar el trabajo de prendas precisas, con m\u00faltiples opciones de tama\u00f1o para satisfacer diferentes necesidades de mini prendas.<\/div>\n<h3 class=\"header-iWP5WJ auto-hide-last-sibling-br\">Especificaciones<\/h3>\n<ul class=\"auto-hide-last-sibling-br\">\n<li><strong>Detalles del tama\u00f1o<\/strong>\n<ul class=\"auto-hide-last-sibling-br\">\n<li>Talla 8: Anchura de hombros 21 cm, busto 45 cm, cintura 38 cm, caderas 47 cm, altura 43 cm.<\/li>\n<li>Talla 10: Anchura de hombros 20,5 cm, busto 46,5 cm, cintura 36 cm, caderas 48 cm, altura del cuerpo 46,5 cm.<\/li>\n<li>Brazos blandos (para todas las tallas): Largo 30 cm, contorno de brazo 13,5 cm, contorno de codo 12 cm, contorno de mu\u00f1eca 9,5 cm.<\/li>\n<\/ul>\n<\/li>\n<li><strong>Altura ajustable<\/strong>: La altura total se ajusta de 61 cm a 75 cm mediante un tornillo. La base es un soporte redondo de metal negro con un di\u00e1metro de 17 cm para mayor estabilidad.<\/li>\n<li><strong>Materiales<\/strong>: Cuerpo de fibra de vidrio (con forro interior de algod\u00f3n), envuelto en grueso acolchado de algod\u00f3n y suave tejido de algod\u00f3n-lino; base y m\u00e1stil de soporte de metal.<\/li>\n<\/ul>\n<h3 class=\"header-iWP5WJ auto-hide-last-sibling-br\">Caracter\u00edsticas principales<\/h3>\n<ul class=\"auto-hide-last-sibling-br\">\n<li><strong>Dise\u00f1o Pinnable<\/strong>: Se puede sujetar con alfileres en \u00e1ngulo (no directamente en el cuerpo) para asegurar la tela durante la costura, el drapeado o el ajuste, ideal para ajustar detalles de la prenda.<\/li>\n<li><strong>Componentes de protecci\u00f3n<\/strong>: Incluye cubiertas met\u00e1licas moldeadas a medida para hombros y cuello para evitar da\u00f1os durante el env\u00edo, adem\u00e1s de un embalaje reforzado para una entrega segura.<\/li>\n<li><strong>Soporte de drapeado realista<\/strong>: Brazos blandos y flexibles que pueden moldearse para imitar la postura humana natural, lo que facilita las pruebas de ajuste de mangas, l\u00edneas de hombros y complejos dise\u00f1os de miniprendas.<\/li>\n<li><strong>Estabilidad robusta<\/strong>: La base met\u00e1lica redonda de alta resistencia mantiene la forma equilibrada durante el uso, incluso cuando se ajusta la altura o se fija la tela con alfileres.<\/li>\n<\/ul>","protected":false},"excerpt":{"rendered":"<p>Este molde de vestido femenino a escala 1:2 (no es tama\u00f1o adulto) es ideal para costura, sastrer\u00eda, pruebas y pr\u00e1cticas de dise\u00f1o. Disponible en talla 8 (hombro 21 cm, busto 45 cm, cintura 38 cm, caderas 47 cm) y talla 10, tiene altura ajustable (61-75 cm) mediante un tornillo. Fabricada en fibra de vidrio (forrada de algod\u00f3n) con tejido de algod\u00f3n y lino, adem\u00e1s de una robusta base met\u00e1lica, se puede colocar en \u00e1ngulo, tiene brazos flexibles y suaves y cubiertas met\u00e1licas para protegerla durante el transporte, lo que ahorra tela y tiempo a los dise\u00f1adores.<\/p>","protected":false},"featured_media":43602,"comment_status":"open","ping_status":"closed","template":"","meta":{"_acf_changed":false},"product_brand":[84],"product_cat":[578],"product_tag":[],"class_list":{"0":"post-43594","1":"product","2":"type-product","3":"status-publish","4":"has-post-thumbnail","6":"product_brand-de-liang","7":"product_cat-half-scale-dress-form","9":"first","10":"instock","11":"shipping-taxable","12":"purchasable","13":"product-type-simple"},"acf":[],"yoast_head":"<!-- This site is optimized with the Yoast SEO plugin v27.4 - https:\/\/yoast.com\/product\/yoast-seo-wordpress\/ -->\n<title>Half-Scale Sewing Dress Form (Size 8) \u2013 Mini Female Mannequin with Adjustable Height for Draping - DE-LIANG - jewelry,clothes,watch,beauty cosmetics<\/title>\n<meta name=\"robots\" content=\"index, follow, max-snippet:-1, max-image-preview:large, max-video-preview:-1\" \/>\n<link rel=\"canonical\" href=\"https:\/\/deliangdisplay.com\/es\/nuestro-producto\/muestra\/maniquies-para-minoristas\/molde-de-vestido-a-media-escala\/mini-maniqui-de-costura-a-media-escala-talla-8-con-altura-ajustable-para-drapeado\/\" \/>\n<meta property=\"og:locale\" content=\"es_ES\" \/>\n<meta property=\"og:type\" content=\"article\" \/>\n<meta property=\"og:title\" content=\"Half-Scale Sewing Dress Form (Size 8) \u2013 Mini Female Mannequin with Adjustable Height for Draping - DE-LIANG - jewelry,clothes,watch,beauty cosmetics\" \/>\n<meta property=\"og:description\" content=\"This 1:2 half-scale female dress form (not adult size) is ideal for sewing, tailoring, fitting, and design practice. Available in Size 8 (shoulder 21cm, bust 45cm, waist 38cm, hips 47cm) and Size 10, it has adjustable height (61\u201375cm) via a screw. Made of fiberglass (cotton-lined) with cotton-linen fabric, plus a sturdy metal base, it\u2019s pinnable at an angle, has flexible soft arms, and metal covers for shipping protection\u2014saves fabric and time for designers.\" \/>\n<meta property=\"og:url\" content=\"https:\/\/deliangdisplay.com\/es\/nuestro-producto\/muestra\/maniquies-para-minoristas\/molde-de-vestido-a-media-escala\/mini-maniqui-de-costura-a-media-escala-talla-8-con-altura-ajustable-para-drapeado\/\" \/>\n<meta property=\"og:site_name\" content=\"DE-LIANG - jewelry,clothes,watch,beauty cosmetics\" \/>\n<meta property=\"article:publisher\" content=\"https:\/\/www.facebook.com\/JaneZhang008\/\" \/>\n<meta property=\"article:modified_time\" content=\"2025-10-21T02:04:50+00:00\" \/>\n<meta property=\"og:image\" content=\"https:\/\/deliangdisplay.com\/wp-content\/uploads\/2025\/10\/8.webp\" \/>\n\t<meta property=\"og:image:width\" content=\"713\" \/>\n\t<meta property=\"og:image:height\" content=\"713\" \/>\n\t<meta property=\"og:image:type\" content=\"image\/webp\" \/>\n<meta name=\"twitter:card\" content=\"summary_large_image\" \/>\n<meta name=\"twitter:site\" content=\"@ly673551729\" \/>\n<meta name=\"twitter:label1\" content=\"Tiempo de lectura\" \/>\n\t<meta name=\"twitter:data1\" content=\"2 minutos\" \/>\n<script type=\"application\/ld+json\" class=\"yoast-schema-graph\">{\"@context\":\"https:\\\/\\\/schema.org\",\"@graph\":[{\"@type\":\"WebPage\",\"@id\":\"https:\\\/\\\/deliangdisplay.com\\\/our-product\\\/displays\\\/retail-mannequins\\\/half-scale-dress-form\\\/half-scale-sewing-dress-form-size-8-mini-female-mannequin-with-adjustable-height-for-draping\\\/\",\"url\":\"https:\\\/\\\/deliangdisplay.com\\\/our-product\\\/displays\\\/retail-mannequins\\\/half-scale-dress-form\\\/half-scale-sewing-dress-form-size-8-mini-female-mannequin-with-adjustable-height-for-draping\\\/\",\"name\":\"Half-Scale Sewing Dress Form (Size 8) \u2013 Mini Female Mannequin with Adjustable Height for Draping - DE-LIANG - jewelry,clothes,watch,beauty cosmetics\",\"isPartOf\":{\"@id\":\"https:\\\/\\\/deliangdisplay.com\\\/#website\"},\"primaryImageOfPage\":{\"@id\":\"https:\\\/\\\/deliangdisplay.com\\\/our-product\\\/displays\\\/retail-mannequins\\\/half-scale-dress-form\\\/half-scale-sewing-dress-form-size-8-mini-female-mannequin-with-adjustable-height-for-draping\\\/#primaryimage\"},\"image\":{\"@id\":\"https:\\\/\\\/deliangdisplay.com\\\/our-product\\\/displays\\\/retail-mannequins\\\/half-scale-dress-form\\\/half-scale-sewing-dress-form-size-8-mini-female-mannequin-with-adjustable-height-for-draping\\\/#primaryimage\"},\"thumbnailUrl\":\"https:\\\/\\\/deliangdisplay.com\\\/wp-content\\\/uploads\\\/2025\\\/10\\\/8.webp\",\"datePublished\":\"2025-10-21T02:04:31+00:00\",\"dateModified\":\"2025-10-21T02:04:50+00:00\",\"breadcrumb\":{\"@id\":\"https:\\\/\\\/deliangdisplay.com\\\/our-product\\\/displays\\\/retail-mannequins\\\/half-scale-dress-form\\\/half-scale-sewing-dress-form-size-8-mini-female-mannequin-with-adjustable-height-for-draping\\\/#breadcrumb\"},\"inLanguage\":\"es\",\"potentialAction\":[{\"@type\":\"ReadAction\",\"target\":[\"https:\\\/\\\/deliangdisplay.com\\\/our-product\\\/displays\\\/retail-mannequins\\\/half-scale-dress-form\\\/half-scale-sewing-dress-form-size-8-mini-female-mannequin-with-adjustable-height-for-draping\\\/\"]}]},{\"@type\":\"ImageObject\",\"inLanguage\":\"es\",\"@id\":\"https:\\\/\\\/deliangdisplay.com\\\/our-product\\\/displays\\\/retail-mannequins\\\/half-scale-dress-form\\\/half-scale-sewing-dress-form-size-8-mini-female-mannequin-with-adjustable-height-for-draping\\\/#primaryimage\",\"url\":\"https:\\\/\\\/deliangdisplay.com\\\/wp-content\\\/uploads\\\/2025\\\/10\\\/8.webp\",\"contentUrl\":\"https:\\\/\\\/deliangdisplay.com\\\/wp-content\\\/uploads\\\/2025\\\/10\\\/8.webp\",\"width\":713,\"height\":713},{\"@type\":\"BreadcrumbList\",\"@id\":\"https:\\\/\\\/deliangdisplay.com\\\/our-product\\\/displays\\\/retail-mannequins\\\/half-scale-dress-form\\\/half-scale-sewing-dress-form-size-8-mini-female-mannequin-with-adjustable-height-for-draping\\\/#breadcrumb\",\"itemListElement\":[{\"@type\":\"ListItem\",\"position\":1,\"name\":\"\u9996\u9875\",\"item\":\"https:\\\/\\\/deliangdisplay.com\\\/\"},{\"@type\":\"ListItem\",\"position\":2,\"name\":\"Our Product\",\"item\":\"https:\\\/\\\/deliangdisplay.com\\\/our-product\\\/\"},{\"@type\":\"ListItem\",\"position\":3,\"name\":\"Half-Scale Sewing Dress Form (Size 8) \u2013 Mini Female Mannequin with Adjustable Height for Draping\"}]},{\"@type\":\"WebSite\",\"@id\":\"https:\\\/\\\/deliangdisplay.com\\\/#website\",\"url\":\"https:\\\/\\\/deliangdisplay.com\\\/\",\"name\":\"deliangdisplay.com\",\"description\":\"DE-LIANG - Providing bespoke packaging solutions and luxurious display design services for brands in jewelry, apparel, watches, beauty cosmetics, and more.\",\"publisher\":{\"@id\":\"https:\\\/\\\/deliangdisplay.com\\\/#organization\"},\"potentialAction\":[{\"@type\":\"SearchAction\",\"target\":{\"@type\":\"EntryPoint\",\"urlTemplate\":\"https:\\\/\\\/deliangdisplay.com\\\/?s={search_term_string}\"},\"query-input\":{\"@type\":\"PropertyValueSpecification\",\"valueRequired\":true,\"valueName\":\"search_term_string\"}}],\"inLanguage\":\"es\"},{\"@type\":\"Organization\",\"@id\":\"https:\\\/\\\/deliangdisplay.com\\\/#organization\",\"name\":\"deliangdisplay.com\",\"url\":\"https:\\\/\\\/deliangdisplay.com\\\/\",\"logo\":{\"@type\":\"ImageObject\",\"inLanguage\":\"es\",\"@id\":\"https:\\\/\\\/deliangdisplay.com\\\/#\\\/schema\\\/logo\\\/image\\\/\",\"url\":\"https:\\\/\\\/deliangdisplay.com\\\/wp-content\\\/uploads\\\/2025\\\/08\\\/DELIANGDISPALY_logo.png\",\"contentUrl\":\"https:\\\/\\\/deliangdisplay.com\\\/wp-content\\\/uploads\\\/2025\\\/08\\\/DELIANGDISPALY_logo.png\",\"width\":300,\"height\":130,\"caption\":\"deliangdisplay.com\"},\"image\":{\"@id\":\"https:\\\/\\\/deliangdisplay.com\\\/#\\\/schema\\\/logo\\\/image\\\/\"},\"sameAs\":[\"https:\\\/\\\/www.facebook.com\\\/JaneZhang008\\\/\",\"https:\\\/\\\/x.com\\\/ly673551729\"]}]}<\/script>\n<!-- \/ Yoast SEO plugin. -->","yoast_head_json":{"title":"Molde de costura a media escala (talla 8) - Mini maniqu\u00ed de se\u00f1ora con altura ajustable para drapeado - DE-LIANG - joyeria,ropa,reloj,cosmetica belleza","robots":{"index":"index","follow":"follow","max-snippet":"max-snippet:-1","max-image-preview":"max-image-preview:large","max-video-preview":"max-video-preview:-1"},"canonical":"https:\/\/deliangdisplay.com\/es\/nuestro-producto\/muestra\/maniquies-para-minoristas\/molde-de-vestido-a-media-escala\/mini-maniqui-de-costura-a-media-escala-talla-8-con-altura-ajustable-para-drapeado\/","og_locale":"es_ES","og_type":"article","og_title":"Half-Scale Sewing Dress Form (Size 8) \u2013 Mini Female Mannequin with Adjustable Height for Draping - DE-LIANG - jewelry,clothes,watch,beauty cosmetics","og_description":"This 1:2 half-scale female dress form (not adult size) is ideal for sewing, tailoring, fitting, and design practice. Available in Size 8 (shoulder 21cm, bust 45cm, waist 38cm, hips 47cm) and Size 10, it has adjustable height (61\u201375cm) via a screw. Made of fiberglass (cotton-lined) with cotton-linen fabric, plus a sturdy metal base, it\u2019s pinnable at an angle, has flexible soft arms, and metal covers for shipping protection\u2014saves fabric and time for designers.","og_url":"https:\/\/deliangdisplay.com\/es\/nuestro-producto\/muestra\/maniquies-para-minoristas\/molde-de-vestido-a-media-escala\/mini-maniqui-de-costura-a-media-escala-talla-8-con-altura-ajustable-para-drapeado\/","og_site_name":"DE-LIANG - jewelry,clothes,watch,beauty cosmetics","article_publisher":"https:\/\/www.facebook.com\/JaneZhang008\/","article_modified_time":"2025-10-21T02:04:50+00:00","og_image":[{"width":713,"height":713,"url":"https:\/\/deliangdisplay.com\/wp-content\/uploads\/2025\/10\/8.webp","type":"image\/webp"}],"twitter_card":"summary_large_image","twitter_site":"@ly673551729","twitter_misc":{"Tiempo de lectura":"2 minutos"},"schema":{"@context":"https:\/\/schema.org","@graph":[{"@type":"WebPage","@id":"https:\/\/deliangdisplay.com\/our-product\/displays\/retail-mannequins\/half-scale-dress-form\/half-scale-sewing-dress-form-size-8-mini-female-mannequin-with-adjustable-height-for-draping\/","url":"https:\/\/deliangdisplay.com\/our-product\/displays\/retail-mannequins\/half-scale-dress-form\/half-scale-sewing-dress-form-size-8-mini-female-mannequin-with-adjustable-height-for-draping\/","name":"Molde de costura a media escala (talla 8) - Mini maniqu\u00ed de se\u00f1ora con altura ajustable para drapeado - DE-LIANG - joyeria,ropa,reloj,cosmetica belleza","isPartOf":{"@id":"https:\/\/deliangdisplay.com\/#website"},"primaryImageOfPage":{"@id":"https:\/\/deliangdisplay.com\/our-product\/displays\/retail-mannequins\/half-scale-dress-form\/half-scale-sewing-dress-form-size-8-mini-female-mannequin-with-adjustable-height-for-draping\/#primaryimage"},"image":{"@id":"https:\/\/deliangdisplay.com\/our-product\/displays\/retail-mannequins\/half-scale-dress-form\/half-scale-sewing-dress-form-size-8-mini-female-mannequin-with-adjustable-height-for-draping\/#primaryimage"},"thumbnailUrl":"https:\/\/deliangdisplay.com\/wp-content\/uploads\/2025\/10\/8.webp","datePublished":"2025-10-21T02:04:31+00:00","dateModified":"2025-10-21T02:04:50+00:00","breadcrumb":{"@id":"https:\/\/deliangdisplay.com\/our-product\/displays\/retail-mannequins\/half-scale-dress-form\/half-scale-sewing-dress-form-size-8-mini-female-mannequin-with-adjustable-height-for-draping\/#breadcrumb"},"inLanguage":"es","potentialAction":[{"@type":"ReadAction","target":["https:\/\/deliangdisplay.com\/our-product\/displays\/retail-mannequins\/half-scale-dress-form\/half-scale-sewing-dress-form-size-8-mini-female-mannequin-with-adjustable-height-for-draping\/"]}]},{"@type":"ImageObject","inLanguage":"es","@id":"https:\/\/deliangdisplay.com\/our-product\/displays\/retail-mannequins\/half-scale-dress-form\/half-scale-sewing-dress-form-size-8-mini-female-mannequin-with-adjustable-height-for-draping\/#primaryimage","url":"https:\/\/deliangdisplay.com\/wp-content\/uploads\/2025\/10\/8.webp","contentUrl":"https:\/\/deliangdisplay.com\/wp-content\/uploads\/2025\/10\/8.webp","width":713,"height":713},{"@type":"BreadcrumbList","@id":"https:\/\/deliangdisplay.com\/our-product\/displays\/retail-mannequins\/half-scale-dress-form\/half-scale-sewing-dress-form-size-8-mini-female-mannequin-with-adjustable-height-for-draping\/#breadcrumb","itemListElement":[{"@type":"ListItem","position":1,"name":"\u9996\u9875","item":"https:\/\/deliangdisplay.com\/"},{"@type":"ListItem","position":2,"name":"Our Product","item":"https:\/\/deliangdisplay.com\/our-product\/"},{"@type":"ListItem","position":3,"name":"Half-Scale Sewing Dress Form (Size 8) \u2013 Mini Female Mannequin with Adjustable Height for Draping"}]},{"@type":"WebSite","@id":"https:\/\/deliangdisplay.com\/#website","url":"https:\/\/deliangdisplay.com\/","name":"deliangdisplay.com","description":"DE-LIANG - Proporciona soluciones de envasado a medida y servicios de dise\u00f1o de expositores de lujo para marcas de joyer\u00eda, ropa, relojes, cosm\u00e9ticos de belleza, etc.","publisher":{"@id":"https:\/\/deliangdisplay.com\/#organization"},"potentialAction":[{"@type":"SearchAction","target":{"@type":"EntryPoint","urlTemplate":"https:\/\/deliangdisplay.com\/?s={search_term_string}"},"query-input":{"@type":"PropertyValueSpecification","valueRequired":true,"valueName":"search_term_string"}}],"inLanguage":"es"},{"@type":"Organization","@id":"https:\/\/deliangdisplay.com\/#organization","name":"deliangdisplay.com","url":"https:\/\/deliangdisplay.com\/","logo":{"@type":"ImageObject","inLanguage":"es","@id":"https:\/\/deliangdisplay.com\/#\/schema\/logo\/image\/","url":"https:\/\/deliangdisplay.com\/wp-content\/uploads\/2025\/08\/DELIANGDISPALY_logo.png","contentUrl":"https:\/\/deliangdisplay.com\/wp-content\/uploads\/2025\/08\/DELIANGDISPALY_logo.png","width":300,"height":130,"caption":"deliangdisplay.com"},"image":{"@id":"https:\/\/deliangdisplay.com\/#\/schema\/logo\/image\/"},"sameAs":["https:\/\/www.facebook.com\/JaneZhang008\/","https:\/\/x.com\/ly673551729"]}]}},"_links":{"self":[{"href":"https:\/\/deliangdisplay.com\/es\/wp-json\/wp\/v2\/product\/43594","targetHints":{"allow":["GET"]}}],"collection":[{"href":"https:\/\/deliangdisplay.com\/es\/wp-json\/wp\/v2\/product"}],"about":[{"href":"https:\/\/deliangdisplay.com\/es\/wp-json\/wp\/v2\/types\/product"}],"replies":[{"embeddable":true,"href":"https:\/\/deliangdisplay.com\/es\/wp-json\/wp\/v2\/comments?post=43594"}],"wp:featuredmedia":[{"embeddable":true,"href":"https:\/\/deliangdisplay.com\/es\/wp-json\/wp\/v2\/media\/43602"}],"wp:attachment":[{"href":"https:\/\/deliangdisplay.com\/es\/wp-json\/wp\/v2\/media?parent=43594"}],"wp:term":[{"taxonomy":"product_brand","embeddable":true,"href":"https:\/\/deliangdisplay.com\/es\/wp-json\/wp\/v2\/product_brand?post=43594"},{"taxonomy":"product_cat","embeddable":true,"href":"https:\/\/deliangdisplay.com\/es\/wp-json\/wp\/v2\/product_cat?post=43594"},{"taxonomy":"product_tag","embeddable":true,"href":"https:\/\/deliangdisplay.com\/es\/wp-json\/wp\/v2\/product_tag?post=43594"}],"curies":[{"name":"wp","href":"https:\/\/api.w.org\/{rel}","templated":true}]}}