{"id":43465,"date":"2025-10-10T15:56:34","date_gmt":"2025-10-10T07:56:34","guid":{"rendered":"https:\/\/deliangdisplay.com\/?post_type=product&#038;p=43465"},"modified":"2025-10-10T15:56:34","modified_gmt":"2025-10-10T07:56:34","slug":"lujoso-expositor-de-pulseras-de-terciopelo-glaseado-organiza-las-joyas-con-estilo","status":"publish","type":"product","link":"https:\/\/deliangdisplay.com\/es\/nuestro-producto\/accesorios\/barras-brazalete\/lujoso-expositor-de-pulseras-de-terciopelo-glaseado-organiza-las-joyas-con-estilo\/","title":{"rendered":"Lujoso expositor de pulseras de terciopelo - Organiza y exhibe tus joyas con estilo"},"content":{"rendered":"<h3 class=\"header-vfC6AV auto-hide-last-sibling-br\">Productos<\/h3>\n<div class=\"auto-hide-last-sibling-br paragraph-JOTKXA paragraph-element br-paragraph-space\">Mejore la organizaci\u00f3n de sus joyas con este\u00a0<strong>expositor de pulseras de terciopelo glaseado<\/strong>\u00a1! No se trata s\u00f3lo de una soluci\u00f3n de almacenamiento, sino de un cambio de juego que optimiza el espacio para mantener sus pulseras ordenadas. Desp\u00eddete de la frustraci\u00f3n de las pulseras perdidas, rotas o desorganizadas y da la bienvenida a un acceso r\u00e1pido y sin esfuerzo a tus piezas favoritas siempre que quieras.<\/div>\n<h3 class=\"header-vfC6AV auto-hide-last-sibling-br\">Caracter\u00edsticas principales<\/h3>\n<ul class=\"auto-hide-last-sibling-br\">\n<li><strong>Organizaci\u00f3n r\u00e1pida y sin esfuerzo<\/strong>: Consiga una presentaci\u00f3n perfectamente ordenada en s\u00f3lo un segundo. Se acab\u00f3 rebuscar entre un revoltijo de pulseras: este soporte te permite localizar la pieza exacta que deseas al instante, haciendo que tu rutina diaria de joyer\u00eda sea pan comido.<\/li>\n<li><strong>Colocaci\u00f3n ordenada<\/strong>: Con ranuras espaciadas uniformemente, cada pulsera tiene su propio lugar dedicado. Se acabaron las mezclas y los enredos, as\u00ed que cada pulsera se queda exactamente donde quieres, con un aspecto impecable y lista para llevar.<\/li>\n<li><strong>Roca - Estructura s\u00f3lida y estable<\/strong>: El ingenioso dise\u00f1o escalonado garantiza que sus pulseras se muestren de forma segura. La construcci\u00f3n general es super resistente, proporcionando un escaparate fiable que mantiene su joyer\u00eda buscando su mejor sin ning\u00fan tambaleo o inestabilidad.<\/li>\n<li><strong>Almacenamiento inteligente y pr\u00e1ctico para la espalda<\/strong>: \u00bfNecesitas m\u00e1s espacio para tus peque\u00f1as baratijas? La parte posterior del soporte se transforma en un pr\u00e1ctico rinc\u00f3n de almacenamiento una vez montado, a\u00f1adiendo una capa adicional de funcionalidad para mantener todos sus elementos esenciales de joyer\u00eda en un solo lugar.<\/li>\n<li><strong>F\u00e1cil desmontaje y comodidad sobre la marcha<\/strong>: Tanto si se muda de casa como si se lleva su joyero a una tienda pop-up, el dise\u00f1o desmontable de este soporte hace que sea muy f\u00e1cil de desmontar. Es incre\u00edblemente port\u00e1til, por lo que puede llevar su elegante organizaci\u00f3n de joyas con usted dondequiera que vaya.<\/li>\n<li><strong>Material lujosamente suave<\/strong>: Fabricado con terciopelo glaseado de primera calidad, presenta una textura exquisitamente suave y delicada. Sus preciosas pulseras recibir\u00e1n un trato real: sin ara\u00f1azos ni enganches. Adem\u00e1s, los bordes cuidadosamente envueltos evitan da\u00f1os por fricci\u00f3n, manteniendo sus joyas tan impecables como el primer d\u00eda.<\/li>\n<\/ul>","protected":false},"excerpt":{"rendered":"<p>Elevate your jewelry organization with this icing velvet bracelet display stand! It optimizes space for tidy storage, preventing loss or breakage. Enjoy one &#8211; second neatness, uniform intervals to avoid mixing, a stable step &#8211; design, practical back storage, easy disassembly for portability, and gentle icing velvet that protects jewelry from friction damage.<\/p>","protected":false},"featured_media":43466,"comment_status":"open","ping_status":"closed","template":"","meta":{"_acf_changed":false},"product_brand":[84],"product_cat":[71],"product_tag":[412,414,410,415,413,407,420,417,419,409,418,411,416,408],"class_list":{"0":"post-43465","1":"product","2":"type-product","3":"status-publish","4":"has-post-thumbnail","6":"product_brand-de-liang","7":"product_cat-bangle-bars","8":"product_tag-black-velvet-jewelry-holder","9":"product_tag-bracelet-storage-for-trinkets","10":"product_tag-easy-disassemble-jewelry-stand","11":"product_tag-gentle-material-jewelry-organizer","12":"product_tag-gray-jewelry-display-stand","13":"product_tag-icing-velvet-bracelet-display-stand","14":"product_tag-jewelry-display-for-bracelets-and-watches","15":"product_tag-portable-jewelry-storage","16":"product_tag-premium-velvet-bracelet-holder","17":"product_tag-scratch-free-bracelet-organizer","18":"product_tag-small-item-jewelry-stand","19":"product_tag-step-design-bracelet-rack","20":"product_tag-tidy-bracelet-display-rack","21":"product_tag-velvet-jewelry-storage-rack","23":"first","24":"instock","25":"shipping-taxable","26":"purchasable","27":"product-type-simple"},"acf":[],"yoast_head":"<!-- This site is optimized with the Yoast SEO plugin v27.4 - https:\/\/yoast.com\/product\/yoast-seo-wordpress\/ -->\n<title>Luxury Icing Velvet Bracelet Display Stand - Organize &amp; Showcase Jewelry in Style - DE-LIANG - jewelry,clothes,watch,beauty cosmetics<\/title>\n<meta name=\"robots\" content=\"index, follow, max-snippet:-1, max-image-preview:large, max-video-preview:-1\" \/>\n<link rel=\"canonical\" href=\"https:\/\/deliangdisplay.com\/es\/nuestro-producto\/accesorios\/barras-brazalete\/lujoso-expositor-de-pulseras-de-terciopelo-glaseado-organiza-las-joyas-con-estilo\/\" \/>\n<meta property=\"og:locale\" content=\"es_ES\" \/>\n<meta property=\"og:type\" content=\"article\" \/>\n<meta property=\"og:title\" content=\"Luxury Icing Velvet Bracelet Display Stand - Organize &amp; Showcase Jewelry in Style - DE-LIANG - jewelry,clothes,watch,beauty cosmetics\" \/>\n<meta property=\"og:description\" content=\"Elevate your jewelry organization with this icing velvet bracelet display stand! It optimizes space for tidy storage, preventing loss or breakage. Enjoy one - second neatness, uniform intervals to avoid mixing, a stable step - design, practical back storage, easy disassembly for portability, and gentle icing velvet that protects jewelry from friction damage.\" \/>\n<meta property=\"og:url\" content=\"https:\/\/deliangdisplay.com\/es\/nuestro-producto\/accesorios\/barras-brazalete\/lujoso-expositor-de-pulseras-de-terciopelo-glaseado-organiza-las-joyas-con-estilo\/\" \/>\n<meta property=\"og:site_name\" content=\"DE-LIANG - jewelry,clothes,watch,beauty cosmetics\" \/>\n<meta property=\"article:publisher\" content=\"https:\/\/www.facebook.com\/JaneZhang008\/\" \/>\n<meta property=\"og:image\" content=\"https:\/\/deliangdisplay.com\/wp-content\/uploads\/2025\/10\/11-4.jpg\" \/>\n\t<meta property=\"og:image:width\" content=\"800\" \/>\n\t<meta property=\"og:image:height\" content=\"800\" \/>\n\t<meta property=\"og:image:type\" content=\"image\/jpeg\" \/>\n<meta name=\"twitter:card\" content=\"summary_large_image\" \/>\n<meta name=\"twitter:site\" content=\"@ly673551729\" \/>\n<meta name=\"twitter:label1\" content=\"Tiempo de lectura\" \/>\n\t<meta name=\"twitter:data1\" content=\"2 minutos\" \/>\n<script type=\"application\/ld+json\" class=\"yoast-schema-graph\">{\"@context\":\"https:\\\/\\\/schema.org\",\"@graph\":[{\"@type\":\"WebPage\",\"@id\":\"https:\\\/\\\/deliangdisplay.com\\\/our-product\\\/accessories\\\/bangle-bars\\\/luxury-icing-velvet-bracelet-display-stand-organize-showcase-jewelry-in-style\\\/\",\"url\":\"https:\\\/\\\/deliangdisplay.com\\\/our-product\\\/accessories\\\/bangle-bars\\\/luxury-icing-velvet-bracelet-display-stand-organize-showcase-jewelry-in-style\\\/\",\"name\":\"Luxury Icing Velvet Bracelet Display Stand - Organize & Showcase Jewelry in Style - DE-LIANG - jewelry,clothes,watch,beauty cosmetics\",\"isPartOf\":{\"@id\":\"https:\\\/\\\/deliangdisplay.com\\\/#website\"},\"primaryImageOfPage\":{\"@id\":\"https:\\\/\\\/deliangdisplay.com\\\/our-product\\\/accessories\\\/bangle-bars\\\/luxury-icing-velvet-bracelet-display-stand-organize-showcase-jewelry-in-style\\\/#primaryimage\"},\"image\":{\"@id\":\"https:\\\/\\\/deliangdisplay.com\\\/our-product\\\/accessories\\\/bangle-bars\\\/luxury-icing-velvet-bracelet-display-stand-organize-showcase-jewelry-in-style\\\/#primaryimage\"},\"thumbnailUrl\":\"https:\\\/\\\/deliangdisplay.com\\\/wp-content\\\/uploads\\\/2025\\\/10\\\/11-4.jpg\",\"datePublished\":\"2025-10-10T07:56:34+00:00\",\"breadcrumb\":{\"@id\":\"https:\\\/\\\/deliangdisplay.com\\\/our-product\\\/accessories\\\/bangle-bars\\\/luxury-icing-velvet-bracelet-display-stand-organize-showcase-jewelry-in-style\\\/#breadcrumb\"},\"inLanguage\":\"es\",\"potentialAction\":[{\"@type\":\"ReadAction\",\"target\":[\"https:\\\/\\\/deliangdisplay.com\\\/our-product\\\/accessories\\\/bangle-bars\\\/luxury-icing-velvet-bracelet-display-stand-organize-showcase-jewelry-in-style\\\/\"]}]},{\"@type\":\"ImageObject\",\"inLanguage\":\"es\",\"@id\":\"https:\\\/\\\/deliangdisplay.com\\\/our-product\\\/accessories\\\/bangle-bars\\\/luxury-icing-velvet-bracelet-display-stand-organize-showcase-jewelry-in-style\\\/#primaryimage\",\"url\":\"https:\\\/\\\/deliangdisplay.com\\\/wp-content\\\/uploads\\\/2025\\\/10\\\/11-4.jpg\",\"contentUrl\":\"https:\\\/\\\/deliangdisplay.com\\\/wp-content\\\/uploads\\\/2025\\\/10\\\/11-4.jpg\",\"width\":800,\"height\":800},{\"@type\":\"BreadcrumbList\",\"@id\":\"https:\\\/\\\/deliangdisplay.com\\\/our-product\\\/accessories\\\/bangle-bars\\\/luxury-icing-velvet-bracelet-display-stand-organize-showcase-jewelry-in-style\\\/#breadcrumb\",\"itemListElement\":[{\"@type\":\"ListItem\",\"position\":1,\"name\":\"\u9996\u9875\",\"item\":\"https:\\\/\\\/deliangdisplay.com\\\/\"},{\"@type\":\"ListItem\",\"position\":2,\"name\":\"Our Product\",\"item\":\"https:\\\/\\\/deliangdisplay.com\\\/our-product\\\/\"},{\"@type\":\"ListItem\",\"position\":3,\"name\":\"Luxury Icing Velvet Bracelet Display Stand &#8211; Organize &#038; Showcase Jewelry in Style\"}]},{\"@type\":\"WebSite\",\"@id\":\"https:\\\/\\\/deliangdisplay.com\\\/#website\",\"url\":\"https:\\\/\\\/deliangdisplay.com\\\/\",\"name\":\"deliangdisplay.com\",\"description\":\"DE-LIANG - Providing bespoke packaging solutions and luxurious display design services for brands in jewelry, apparel, watches, beauty cosmetics, and more.\",\"publisher\":{\"@id\":\"https:\\\/\\\/deliangdisplay.com\\\/#organization\"},\"potentialAction\":[{\"@type\":\"SearchAction\",\"target\":{\"@type\":\"EntryPoint\",\"urlTemplate\":\"https:\\\/\\\/deliangdisplay.com\\\/?s={search_term_string}\"},\"query-input\":{\"@type\":\"PropertyValueSpecification\",\"valueRequired\":true,\"valueName\":\"search_term_string\"}}],\"inLanguage\":\"es\"},{\"@type\":\"Organization\",\"@id\":\"https:\\\/\\\/deliangdisplay.com\\\/#organization\",\"name\":\"deliangdisplay.com\",\"url\":\"https:\\\/\\\/deliangdisplay.com\\\/\",\"logo\":{\"@type\":\"ImageObject\",\"inLanguage\":\"es\",\"@id\":\"https:\\\/\\\/deliangdisplay.com\\\/#\\\/schema\\\/logo\\\/image\\\/\",\"url\":\"https:\\\/\\\/deliangdisplay.com\\\/wp-content\\\/uploads\\\/2025\\\/08\\\/DELIANGDISPALY_logo.png\",\"contentUrl\":\"https:\\\/\\\/deliangdisplay.com\\\/wp-content\\\/uploads\\\/2025\\\/08\\\/DELIANGDISPALY_logo.png\",\"width\":300,\"height\":130,\"caption\":\"deliangdisplay.com\"},\"image\":{\"@id\":\"https:\\\/\\\/deliangdisplay.com\\\/#\\\/schema\\\/logo\\\/image\\\/\"},\"sameAs\":[\"https:\\\/\\\/www.facebook.com\\\/JaneZhang008\\\/\",\"https:\\\/\\\/x.com\\\/ly673551729\"]}]}<\/script>\n<!-- \/ Yoast SEO plugin. -->","yoast_head_json":{"title":"Pulsera de terciopelo de lujo Icing Display Stand - Organizar y mostrar joyas con estilo - DE-LIANG - joyer\u00eda,ropa,reloj,cosm\u00e9ticos de belleza","robots":{"index":"index","follow":"follow","max-snippet":"max-snippet:-1","max-image-preview":"max-image-preview:large","max-video-preview":"max-video-preview:-1"},"canonical":"https:\/\/deliangdisplay.com\/es\/nuestro-producto\/accesorios\/barras-brazalete\/lujoso-expositor-de-pulseras-de-terciopelo-glaseado-organiza-las-joyas-con-estilo\/","og_locale":"es_ES","og_type":"article","og_title":"Luxury Icing Velvet Bracelet Display Stand - Organize & Showcase Jewelry in Style - DE-LIANG - jewelry,clothes,watch,beauty cosmetics","og_description":"Elevate your jewelry organization with this icing velvet bracelet display stand! It optimizes space for tidy storage, preventing loss or breakage. Enjoy one - second neatness, uniform intervals to avoid mixing, a stable step - design, practical back storage, easy disassembly for portability, and gentle icing velvet that protects jewelry from friction damage.","og_url":"https:\/\/deliangdisplay.com\/es\/nuestro-producto\/accesorios\/barras-brazalete\/lujoso-expositor-de-pulseras-de-terciopelo-glaseado-organiza-las-joyas-con-estilo\/","og_site_name":"DE-LIANG - jewelry,clothes,watch,beauty cosmetics","article_publisher":"https:\/\/www.facebook.com\/JaneZhang008\/","og_image":[{"width":800,"height":800,"url":"https:\/\/deliangdisplay.com\/wp-content\/uploads\/2025\/10\/11-4.jpg","type":"image\/jpeg"}],"twitter_card":"summary_large_image","twitter_site":"@ly673551729","twitter_misc":{"Tiempo de lectura":"2 minutos"},"schema":{"@context":"https:\/\/schema.org","@graph":[{"@type":"WebPage","@id":"https:\/\/deliangdisplay.com\/our-product\/accessories\/bangle-bars\/luxury-icing-velvet-bracelet-display-stand-organize-showcase-jewelry-in-style\/","url":"https:\/\/deliangdisplay.com\/our-product\/accessories\/bangle-bars\/luxury-icing-velvet-bracelet-display-stand-organize-showcase-jewelry-in-style\/","name":"Pulsera de terciopelo de lujo Icing Display Stand - Organizar y mostrar joyas con estilo - DE-LIANG - joyer\u00eda,ropa,reloj,cosm\u00e9ticos de belleza","isPartOf":{"@id":"https:\/\/deliangdisplay.com\/#website"},"primaryImageOfPage":{"@id":"https:\/\/deliangdisplay.com\/our-product\/accessories\/bangle-bars\/luxury-icing-velvet-bracelet-display-stand-organize-showcase-jewelry-in-style\/#primaryimage"},"image":{"@id":"https:\/\/deliangdisplay.com\/our-product\/accessories\/bangle-bars\/luxury-icing-velvet-bracelet-display-stand-organize-showcase-jewelry-in-style\/#primaryimage"},"thumbnailUrl":"https:\/\/deliangdisplay.com\/wp-content\/uploads\/2025\/10\/11-4.jpg","datePublished":"2025-10-10T07:56:34+00:00","breadcrumb":{"@id":"https:\/\/deliangdisplay.com\/our-product\/accessories\/bangle-bars\/luxury-icing-velvet-bracelet-display-stand-organize-showcase-jewelry-in-style\/#breadcrumb"},"inLanguage":"es","potentialAction":[{"@type":"ReadAction","target":["https:\/\/deliangdisplay.com\/our-product\/accessories\/bangle-bars\/luxury-icing-velvet-bracelet-display-stand-organize-showcase-jewelry-in-style\/"]}]},{"@type":"ImageObject","inLanguage":"es","@id":"https:\/\/deliangdisplay.com\/our-product\/accessories\/bangle-bars\/luxury-icing-velvet-bracelet-display-stand-organize-showcase-jewelry-in-style\/#primaryimage","url":"https:\/\/deliangdisplay.com\/wp-content\/uploads\/2025\/10\/11-4.jpg","contentUrl":"https:\/\/deliangdisplay.com\/wp-content\/uploads\/2025\/10\/11-4.jpg","width":800,"height":800},{"@type":"BreadcrumbList","@id":"https:\/\/deliangdisplay.com\/our-product\/accessories\/bangle-bars\/luxury-icing-velvet-bracelet-display-stand-organize-showcase-jewelry-in-style\/#breadcrumb","itemListElement":[{"@type":"ListItem","position":1,"name":"\u9996\u9875","item":"https:\/\/deliangdisplay.com\/"},{"@type":"ListItem","position":2,"name":"Our Product","item":"https:\/\/deliangdisplay.com\/our-product\/"},{"@type":"ListItem","position":3,"name":"Luxury Icing Velvet Bracelet Display Stand &#8211; Organize &#038; Showcase Jewelry in Style"}]},{"@type":"WebSite","@id":"https:\/\/deliangdisplay.com\/#website","url":"https:\/\/deliangdisplay.com\/","name":"deliangdisplay.com","description":"DE-LIANG - Proporciona soluciones de envasado a medida y servicios de dise\u00f1o de expositores de lujo para marcas de joyer\u00eda, ropa, relojes, cosm\u00e9ticos de belleza, etc.","publisher":{"@id":"https:\/\/deliangdisplay.com\/#organization"},"potentialAction":[{"@type":"SearchAction","target":{"@type":"EntryPoint","urlTemplate":"https:\/\/deliangdisplay.com\/?s={search_term_string}"},"query-input":{"@type":"PropertyValueSpecification","valueRequired":true,"valueName":"search_term_string"}}],"inLanguage":"es"},{"@type":"Organization","@id":"https:\/\/deliangdisplay.com\/#organization","name":"deliangdisplay.com","url":"https:\/\/deliangdisplay.com\/","logo":{"@type":"ImageObject","inLanguage":"es","@id":"https:\/\/deliangdisplay.com\/#\/schema\/logo\/image\/","url":"https:\/\/deliangdisplay.com\/wp-content\/uploads\/2025\/08\/DELIANGDISPALY_logo.png","contentUrl":"https:\/\/deliangdisplay.com\/wp-content\/uploads\/2025\/08\/DELIANGDISPALY_logo.png","width":300,"height":130,"caption":"deliangdisplay.com"},"image":{"@id":"https:\/\/deliangdisplay.com\/#\/schema\/logo\/image\/"},"sameAs":["https:\/\/www.facebook.com\/JaneZhang008\/","https:\/\/x.com\/ly673551729"]}]}},"_links":{"self":[{"href":"https:\/\/deliangdisplay.com\/es\/wp-json\/wp\/v2\/product\/43465","targetHints":{"allow":["GET"]}}],"collection":[{"href":"https:\/\/deliangdisplay.com\/es\/wp-json\/wp\/v2\/product"}],"about":[{"href":"https:\/\/deliangdisplay.com\/es\/wp-json\/wp\/v2\/types\/product"}],"replies":[{"embeddable":true,"href":"https:\/\/deliangdisplay.com\/es\/wp-json\/wp\/v2\/comments?post=43465"}],"wp:featuredmedia":[{"embeddable":true,"href":"https:\/\/deliangdisplay.com\/es\/wp-json\/wp\/v2\/media\/43466"}],"wp:attachment":[{"href":"https:\/\/deliangdisplay.com\/es\/wp-json\/wp\/v2\/media?parent=43465"}],"wp:term":[{"taxonomy":"product_brand","embeddable":true,"href":"https:\/\/deliangdisplay.com\/es\/wp-json\/wp\/v2\/product_brand?post=43465"},{"taxonomy":"product_cat","embeddable":true,"href":"https:\/\/deliangdisplay.com\/es\/wp-json\/wp\/v2\/product_cat?post=43465"},{"taxonomy":"product_tag","embeddable":true,"href":"https:\/\/deliangdisplay.com\/es\/wp-json\/wp\/v2\/product_tag?post=43465"}],"curies":[{"name":"wp","href":"https:\/\/api.w.org\/{rel}","templated":true}]}}