{"id":43454,"date":"2025-10-10T16:00:05","date_gmt":"2025-10-10T08:00:05","guid":{"rendered":"https:\/\/deliangdisplay.com\/?post_type=product&#038;p=43454"},"modified":"2025-10-10T16:00:28","modified_gmt":"2025-10-10T08:00:28","slug":"elegante-de-madera-de-oro-de-3-niveles-estante-de-la-joyeria-de-almacenamiento-premium-pantalla-para-pulseras-anillos-relojes","status":"publish","type":"product","link":"https:\/\/deliangdisplay.com\/es\/nuestro-producto\/accesorios\/barras-brazalete\/elegante-de-madera-de-oro-de-3-niveles-estante-de-la-joyeria-de-almacenamiento-premium-pantalla-para-pulseras-anillos-relojes\/","title":{"rendered":"Elegante joyero dorado de 3 niveles para pulseras, anillos y relojes"},"content":{"rendered":"<h3 class=\"header-vfC6AV auto-hide-last-sibling-br\">Productos<\/h3>\n<div class=\"auto-hide-last-sibling-br paragraph-JOTKXA paragraph-element br-paragraph-space\">Eleve su organizaci\u00f3n y exposici\u00f3n de joyas a un nivel completamente nuevo con este\u00a0<strong>ligero - lujoso estante de madera dorado de tres - niveles<\/strong>\u00a1! No es s\u00f3lo una pr\u00e1ctica soluci\u00f3n de almacenamiento, sino tambi\u00e9n un expositor exquisitamente elegante que a\u00f1ade un toque de sofisticaci\u00f3n a cualquier espacio, por lo que es perfecto para exhibir con estilo sus queridas piezas de joyer\u00eda.<\/div>\n<h3 class=\"header-vfC6AV auto-hide-last-sibling-br\">Caracter\u00edsticas principales<\/h3>\n<ul class=\"auto-hide-last-sibling-br\">\n<li><strong>Mezcla de materiales de primera calidad<\/strong>: Fabricado meticulosamente a partir de una combinaci\u00f3n de madera maciza, herrajes duraderos, terciopelo suave y algod\u00f3n perlado protector. Esta mezcla \u00fanica asegura una larga durabilidad, mientras que exuda una sensaci\u00f3n de lujo que complementa sus joyas preciosas.<\/li>\n<li><strong>Ultra - Uso vers\u00e1til<\/strong>: Tanto si tiene pulseras, anillos, pendientes, tachuelas, relojes, cuerdas para la cabeza o cualquier otro tipo de joyas, este perchero es su compa\u00f1ero ideal. Proporciona un espacio dedicado y elegante para todos sus tesoros, manteni\u00e9ndolos organizados y f\u00e1cilmente accesibles.<\/li>\n<li><strong>Abundantes opciones de color<\/strong>: Elija entre una impresionante gama de colores que incluye terciopelo negro, cuero blanco, beige, verde oscuro y terciopelo flor de hielo. Cada opci\u00f3n de color cuenta con texturas delicadas, lo que le permite elegir el que se adapte perfectamente a su est\u00e9tica personal y la decoraci\u00f3n del hogar.<\/li>\n<li><strong>Dise\u00f1o innovador y reflexivo<\/strong>: El interior est\u00e1 equipado con palitos de algod\u00f3n perlado que facilitan suavemente la contracci\u00f3n y el rebote, haciendo que el almacenamiento de sus joyas sea m\u00e1s flexible y sin complicaciones. La base est\u00e1 hecha de madera maciza de alta calidad sin color a\u00f1adido, encarnando un estilo minimalista con exquisita atenci\u00f3n a cada detalle. Adem\u00e1s, ofrece una visi\u00f3n panor\u00e1mica, es desmontable para facilitar su almacenamiento o transporte y presenta un dise\u00f1o plano que garantiza la estabilidad y un aspecto elegante.<\/li>\n<\/ul>","protected":false},"excerpt":{"rendered":"<p>Elevate your jewelry display with this light &#8211; luxury wooden gold 3 &#8211; tier rack! Made from solid wood, hardware, velvet, and pearl cotton, it\u2019s perfect for storing and showcasing bracelets, rings, watches, and more. With colors like black velvet, white leather, and dark green, plus pearl cotton sticks for flexible storage and features like all &#8211; round viewing and detachability, it combines style and functionality.<\/p>","protected":false},"featured_media":43455,"comment_status":"open","ping_status":"closed","template":"","meta":{"_acf_changed":false},"product_brand":[84],"product_cat":[71],"product_tag":[396,405,401,397,406,403,404,379,395,400,399,321,398,402],"class_list":{"0":"post-43454","1":"product","2":"type-product","3":"status-publish","4":"has-post-thumbnail","6":"product_brand-de-liang","7":"product_cat-bangle-bars","8":"product_tag-3-tier-gold-jewelry-stand","9":"product_tag-all-round-viewing-jewelry-display","10":"product_tag-black-velvet-jewelry-rack","11":"product_tag-bracelet-and-watch-display-rack","12":"product_tag-chic-jewelry-display-stand","13":"product_tag-dark-green-jewelry-organizer","14":"product_tag-detachable-jewelry-rack","15":"product_tag-high-end-jewelry-storage","16":"product_tag-light-luxury-wooden-jewelry-rack","17":"product_tag-multi-purpose-jewelry-display","18":"product_tag-pearl-cotton-jewelry-organizer","19":"product_tag-solid-wood-jewelry-holder","20":"product_tag-velvet-jewelry-storage","21":"product_tag-white-leather-jewelry-stand","23":"first","24":"instock","25":"shipping-taxable","26":"purchasable","27":"product-type-simple"},"acf":[],"yoast_head":"<!-- This site is optimized with the Yoast SEO plugin v27.4 - https:\/\/yoast.com\/product\/yoast-seo-wordpress\/ -->\n<title>Chic Wooden Gold 3 - Tier Jewelry Rack - Premium Storage &amp; Display for Bracelets, Rings, Watches - DE-LIANG - jewelry,clothes,watch,beauty cosmetics<\/title>\n<meta name=\"robots\" content=\"index, follow, max-snippet:-1, max-image-preview:large, max-video-preview:-1\" \/>\n<link rel=\"canonical\" href=\"https:\/\/deliangdisplay.com\/es\/nuestro-producto\/accesorios\/barras-brazalete\/elegante-de-madera-de-oro-de-3-niveles-estante-de-la-joyeria-de-almacenamiento-premium-pantalla-para-pulseras-anillos-relojes\/\" \/>\n<meta property=\"og:locale\" content=\"es_ES\" \/>\n<meta property=\"og:type\" content=\"article\" \/>\n<meta property=\"og:title\" content=\"Chic Wooden Gold 3 - Tier Jewelry Rack - Premium Storage &amp; Display for Bracelets, Rings, Watches - DE-LIANG - jewelry,clothes,watch,beauty cosmetics\" \/>\n<meta property=\"og:description\" content=\"Elevate your jewelry display with this light - luxury wooden gold 3 - tier rack! Made from solid wood, hardware, velvet, and pearl cotton, it\u2019s perfect for storing and showcasing bracelets, rings, watches, and more. With colors like black velvet, white leather, and dark green, plus pearl cotton sticks for flexible storage and features like all - round viewing and detachability, it combines style and functionality.\" \/>\n<meta property=\"og:url\" content=\"https:\/\/deliangdisplay.com\/es\/nuestro-producto\/accesorios\/barras-brazalete\/elegante-de-madera-de-oro-de-3-niveles-estante-de-la-joyeria-de-almacenamiento-premium-pantalla-para-pulseras-anillos-relojes\/\" \/>\n<meta property=\"og:site_name\" content=\"DE-LIANG - jewelry,clothes,watch,beauty cosmetics\" \/>\n<meta property=\"article:publisher\" content=\"https:\/\/www.facebook.com\/JaneZhang008\/\" \/>\n<meta property=\"article:modified_time\" content=\"2025-10-10T08:00:28+00:00\" \/>\n<meta property=\"og:image\" content=\"https:\/\/deliangdisplay.com\/wp-content\/uploads\/2025\/10\/19-1.jpg\" \/>\n\t<meta property=\"og:image:width\" content=\"800\" \/>\n\t<meta property=\"og:image:height\" content=\"800\" \/>\n\t<meta property=\"og:image:type\" content=\"image\/jpeg\" \/>\n<meta name=\"twitter:card\" content=\"summary_large_image\" \/>\n<meta name=\"twitter:site\" content=\"@ly673551729\" \/>\n<meta name=\"twitter:label1\" content=\"Tiempo de lectura\" \/>\n\t<meta name=\"twitter:data1\" content=\"2 minutos\" \/>\n<script type=\"application\/ld+json\" class=\"yoast-schema-graph\">{\"@context\":\"https:\\\/\\\/schema.org\",\"@graph\":[{\"@type\":\"WebPage\",\"@id\":\"https:\\\/\\\/deliangdisplay.com\\\/our-product\\\/accessories\\\/bangle-bars\\\/chic-wooden-gold-3-tier-jewelry-rack-premium-storage-display-for-bracelets-rings-watches\\\/\",\"url\":\"https:\\\/\\\/deliangdisplay.com\\\/our-product\\\/accessories\\\/bangle-bars\\\/chic-wooden-gold-3-tier-jewelry-rack-premium-storage-display-for-bracelets-rings-watches\\\/\",\"name\":\"Chic Wooden Gold 3 - Tier Jewelry Rack - Premium Storage & Display for Bracelets, Rings, Watches - DE-LIANG - jewelry,clothes,watch,beauty cosmetics\",\"isPartOf\":{\"@id\":\"https:\\\/\\\/deliangdisplay.com\\\/#website\"},\"primaryImageOfPage\":{\"@id\":\"https:\\\/\\\/deliangdisplay.com\\\/our-product\\\/accessories\\\/bangle-bars\\\/chic-wooden-gold-3-tier-jewelry-rack-premium-storage-display-for-bracelets-rings-watches\\\/#primaryimage\"},\"image\":{\"@id\":\"https:\\\/\\\/deliangdisplay.com\\\/our-product\\\/accessories\\\/bangle-bars\\\/chic-wooden-gold-3-tier-jewelry-rack-premium-storage-display-for-bracelets-rings-watches\\\/#primaryimage\"},\"thumbnailUrl\":\"https:\\\/\\\/deliangdisplay.com\\\/wp-content\\\/uploads\\\/2025\\\/10\\\/19-1.jpg\",\"datePublished\":\"2025-10-10T08:00:05+00:00\",\"dateModified\":\"2025-10-10T08:00:28+00:00\",\"breadcrumb\":{\"@id\":\"https:\\\/\\\/deliangdisplay.com\\\/our-product\\\/accessories\\\/bangle-bars\\\/chic-wooden-gold-3-tier-jewelry-rack-premium-storage-display-for-bracelets-rings-watches\\\/#breadcrumb\"},\"inLanguage\":\"es\",\"potentialAction\":[{\"@type\":\"ReadAction\",\"target\":[\"https:\\\/\\\/deliangdisplay.com\\\/our-product\\\/accessories\\\/bangle-bars\\\/chic-wooden-gold-3-tier-jewelry-rack-premium-storage-display-for-bracelets-rings-watches\\\/\"]}]},{\"@type\":\"ImageObject\",\"inLanguage\":\"es\",\"@id\":\"https:\\\/\\\/deliangdisplay.com\\\/our-product\\\/accessories\\\/bangle-bars\\\/chic-wooden-gold-3-tier-jewelry-rack-premium-storage-display-for-bracelets-rings-watches\\\/#primaryimage\",\"url\":\"https:\\\/\\\/deliangdisplay.com\\\/wp-content\\\/uploads\\\/2025\\\/10\\\/19-1.jpg\",\"contentUrl\":\"https:\\\/\\\/deliangdisplay.com\\\/wp-content\\\/uploads\\\/2025\\\/10\\\/19-1.jpg\",\"width\":800,\"height\":800},{\"@type\":\"BreadcrumbList\",\"@id\":\"https:\\\/\\\/deliangdisplay.com\\\/our-product\\\/accessories\\\/bangle-bars\\\/chic-wooden-gold-3-tier-jewelry-rack-premium-storage-display-for-bracelets-rings-watches\\\/#breadcrumb\",\"itemListElement\":[{\"@type\":\"ListItem\",\"position\":1,\"name\":\"\u9996\u9875\",\"item\":\"https:\\\/\\\/deliangdisplay.com\\\/\"},{\"@type\":\"ListItem\",\"position\":2,\"name\":\"Our Product\",\"item\":\"https:\\\/\\\/deliangdisplay.com\\\/our-product\\\/\"},{\"@type\":\"ListItem\",\"position\":3,\"name\":\"Chic Wooden Gold 3 &#8211; Tier Jewelry Rack &#8211; Premium Storage &#038; Display for Bracelets, Rings, Watches\"}]},{\"@type\":\"WebSite\",\"@id\":\"https:\\\/\\\/deliangdisplay.com\\\/#website\",\"url\":\"https:\\\/\\\/deliangdisplay.com\\\/\",\"name\":\"deliangdisplay.com\",\"description\":\"DE-LIANG - Providing bespoke packaging solutions and luxurious display design services for brands in jewelry, apparel, watches, beauty cosmetics, and more.\",\"publisher\":{\"@id\":\"https:\\\/\\\/deliangdisplay.com\\\/#organization\"},\"potentialAction\":[{\"@type\":\"SearchAction\",\"target\":{\"@type\":\"EntryPoint\",\"urlTemplate\":\"https:\\\/\\\/deliangdisplay.com\\\/?s={search_term_string}\"},\"query-input\":{\"@type\":\"PropertyValueSpecification\",\"valueRequired\":true,\"valueName\":\"search_term_string\"}}],\"inLanguage\":\"es\"},{\"@type\":\"Organization\",\"@id\":\"https:\\\/\\\/deliangdisplay.com\\\/#organization\",\"name\":\"deliangdisplay.com\",\"url\":\"https:\\\/\\\/deliangdisplay.com\\\/\",\"logo\":{\"@type\":\"ImageObject\",\"inLanguage\":\"es\",\"@id\":\"https:\\\/\\\/deliangdisplay.com\\\/#\\\/schema\\\/logo\\\/image\\\/\",\"url\":\"https:\\\/\\\/deliangdisplay.com\\\/wp-content\\\/uploads\\\/2025\\\/08\\\/DELIANGDISPALY_logo.png\",\"contentUrl\":\"https:\\\/\\\/deliangdisplay.com\\\/wp-content\\\/uploads\\\/2025\\\/08\\\/DELIANGDISPALY_logo.png\",\"width\":300,\"height\":130,\"caption\":\"deliangdisplay.com\"},\"image\":{\"@id\":\"https:\\\/\\\/deliangdisplay.com\\\/#\\\/schema\\\/logo\\\/image\\\/\"},\"sameAs\":[\"https:\\\/\\\/www.facebook.com\\\/JaneZhang008\\\/\",\"https:\\\/\\\/x.com\\\/ly673551729\"]}]}<\/script>\n<!-- \/ Yoast SEO plugin. -->","yoast_head_json":{"title":"Elegante joyero de madera dorado de 3 niveles - Almacenamiento y exposici\u00f3n de pulseras, anillos, relojes - DE-LIANG - joyer\u00eda,ropa,reloj,cosm\u00e9ticos de belleza","robots":{"index":"index","follow":"follow","max-snippet":"max-snippet:-1","max-image-preview":"max-image-preview:large","max-video-preview":"max-video-preview:-1"},"canonical":"https:\/\/deliangdisplay.com\/es\/nuestro-producto\/accesorios\/barras-brazalete\/elegante-de-madera-de-oro-de-3-niveles-estante-de-la-joyeria-de-almacenamiento-premium-pantalla-para-pulseras-anillos-relojes\/","og_locale":"es_ES","og_type":"article","og_title":"Chic Wooden Gold 3 - Tier Jewelry Rack - Premium Storage & Display for Bracelets, Rings, Watches - DE-LIANG - jewelry,clothes,watch,beauty cosmetics","og_description":"Elevate your jewelry display with this light - luxury wooden gold 3 - tier rack! Made from solid wood, hardware, velvet, and pearl cotton, it\u2019s perfect for storing and showcasing bracelets, rings, watches, and more. With colors like black velvet, white leather, and dark green, plus pearl cotton sticks for flexible storage and features like all - round viewing and detachability, it combines style and functionality.","og_url":"https:\/\/deliangdisplay.com\/es\/nuestro-producto\/accesorios\/barras-brazalete\/elegante-de-madera-de-oro-de-3-niveles-estante-de-la-joyeria-de-almacenamiento-premium-pantalla-para-pulseras-anillos-relojes\/","og_site_name":"DE-LIANG - jewelry,clothes,watch,beauty cosmetics","article_publisher":"https:\/\/www.facebook.com\/JaneZhang008\/","article_modified_time":"2025-10-10T08:00:28+00:00","og_image":[{"width":800,"height":800,"url":"https:\/\/deliangdisplay.com\/wp-content\/uploads\/2025\/10\/19-1.jpg","type":"image\/jpeg"}],"twitter_card":"summary_large_image","twitter_site":"@ly673551729","twitter_misc":{"Tiempo de lectura":"2 minutos"},"schema":{"@context":"https:\/\/schema.org","@graph":[{"@type":"WebPage","@id":"https:\/\/deliangdisplay.com\/our-product\/accessories\/bangle-bars\/chic-wooden-gold-3-tier-jewelry-rack-premium-storage-display-for-bracelets-rings-watches\/","url":"https:\/\/deliangdisplay.com\/our-product\/accessories\/bangle-bars\/chic-wooden-gold-3-tier-jewelry-rack-premium-storage-display-for-bracelets-rings-watches\/","name":"Elegante joyero de madera dorado de 3 niveles - Almacenamiento y exposici\u00f3n de pulseras, anillos, relojes - DE-LIANG - joyer\u00eda,ropa,reloj,cosm\u00e9ticos de belleza","isPartOf":{"@id":"https:\/\/deliangdisplay.com\/#website"},"primaryImageOfPage":{"@id":"https:\/\/deliangdisplay.com\/our-product\/accessories\/bangle-bars\/chic-wooden-gold-3-tier-jewelry-rack-premium-storage-display-for-bracelets-rings-watches\/#primaryimage"},"image":{"@id":"https:\/\/deliangdisplay.com\/our-product\/accessories\/bangle-bars\/chic-wooden-gold-3-tier-jewelry-rack-premium-storage-display-for-bracelets-rings-watches\/#primaryimage"},"thumbnailUrl":"https:\/\/deliangdisplay.com\/wp-content\/uploads\/2025\/10\/19-1.jpg","datePublished":"2025-10-10T08:00:05+00:00","dateModified":"2025-10-10T08:00:28+00:00","breadcrumb":{"@id":"https:\/\/deliangdisplay.com\/our-product\/accessories\/bangle-bars\/chic-wooden-gold-3-tier-jewelry-rack-premium-storage-display-for-bracelets-rings-watches\/#breadcrumb"},"inLanguage":"es","potentialAction":[{"@type":"ReadAction","target":["https:\/\/deliangdisplay.com\/our-product\/accessories\/bangle-bars\/chic-wooden-gold-3-tier-jewelry-rack-premium-storage-display-for-bracelets-rings-watches\/"]}]},{"@type":"ImageObject","inLanguage":"es","@id":"https:\/\/deliangdisplay.com\/our-product\/accessories\/bangle-bars\/chic-wooden-gold-3-tier-jewelry-rack-premium-storage-display-for-bracelets-rings-watches\/#primaryimage","url":"https:\/\/deliangdisplay.com\/wp-content\/uploads\/2025\/10\/19-1.jpg","contentUrl":"https:\/\/deliangdisplay.com\/wp-content\/uploads\/2025\/10\/19-1.jpg","width":800,"height":800},{"@type":"BreadcrumbList","@id":"https:\/\/deliangdisplay.com\/our-product\/accessories\/bangle-bars\/chic-wooden-gold-3-tier-jewelry-rack-premium-storage-display-for-bracelets-rings-watches\/#breadcrumb","itemListElement":[{"@type":"ListItem","position":1,"name":"\u9996\u9875","item":"https:\/\/deliangdisplay.com\/"},{"@type":"ListItem","position":2,"name":"Our Product","item":"https:\/\/deliangdisplay.com\/our-product\/"},{"@type":"ListItem","position":3,"name":"Chic Wooden Gold 3 &#8211; Tier Jewelry Rack &#8211; Premium Storage &#038; Display for Bracelets, Rings, Watches"}]},{"@type":"WebSite","@id":"https:\/\/deliangdisplay.com\/#website","url":"https:\/\/deliangdisplay.com\/","name":"deliangdisplay.com","description":"DE-LIANG - Proporciona soluciones de envasado a medida y servicios de dise\u00f1o de expositores de lujo para marcas de joyer\u00eda, ropa, relojes, cosm\u00e9ticos de belleza, etc.","publisher":{"@id":"https:\/\/deliangdisplay.com\/#organization"},"potentialAction":[{"@type":"SearchAction","target":{"@type":"EntryPoint","urlTemplate":"https:\/\/deliangdisplay.com\/?s={search_term_string}"},"query-input":{"@type":"PropertyValueSpecification","valueRequired":true,"valueName":"search_term_string"}}],"inLanguage":"es"},{"@type":"Organization","@id":"https:\/\/deliangdisplay.com\/#organization","name":"deliangdisplay.com","url":"https:\/\/deliangdisplay.com\/","logo":{"@type":"ImageObject","inLanguage":"es","@id":"https:\/\/deliangdisplay.com\/#\/schema\/logo\/image\/","url":"https:\/\/deliangdisplay.com\/wp-content\/uploads\/2025\/08\/DELIANGDISPALY_logo.png","contentUrl":"https:\/\/deliangdisplay.com\/wp-content\/uploads\/2025\/08\/DELIANGDISPALY_logo.png","width":300,"height":130,"caption":"deliangdisplay.com"},"image":{"@id":"https:\/\/deliangdisplay.com\/#\/schema\/logo\/image\/"},"sameAs":["https:\/\/www.facebook.com\/JaneZhang008\/","https:\/\/x.com\/ly673551729"]}]}},"_links":{"self":[{"href":"https:\/\/deliangdisplay.com\/es\/wp-json\/wp\/v2\/product\/43454","targetHints":{"allow":["GET"]}}],"collection":[{"href":"https:\/\/deliangdisplay.com\/es\/wp-json\/wp\/v2\/product"}],"about":[{"href":"https:\/\/deliangdisplay.com\/es\/wp-json\/wp\/v2\/types\/product"}],"replies":[{"embeddable":true,"href":"https:\/\/deliangdisplay.com\/es\/wp-json\/wp\/v2\/comments?post=43454"}],"wp:featuredmedia":[{"embeddable":true,"href":"https:\/\/deliangdisplay.com\/es\/wp-json\/wp\/v2\/media\/43455"}],"wp:attachment":[{"href":"https:\/\/deliangdisplay.com\/es\/wp-json\/wp\/v2\/media?parent=43454"}],"wp:term":[{"taxonomy":"product_brand","embeddable":true,"href":"https:\/\/deliangdisplay.com\/es\/wp-json\/wp\/v2\/product_brand?post=43454"},{"taxonomy":"product_cat","embeddable":true,"href":"https:\/\/deliangdisplay.com\/es\/wp-json\/wp\/v2\/product_cat?post=43454"},{"taxonomy":"product_tag","embeddable":true,"href":"https:\/\/deliangdisplay.com\/es\/wp-json\/wp\/v2\/product_tag?post=43454"}],"curies":[{"name":"wp","href":"https:\/\/api.w.org\/{rel}","templated":true}]}}