{"id":43446,"date":"2025-10-10T16:01:30","date_gmt":"2025-10-10T08:01:30","guid":{"rendered":"https:\/\/deliangdisplay.com\/?post_type=product&#038;p=43446"},"modified":"2025-10-10T16:01:35","modified_gmt":"2025-10-10T08:01:35","slug":"pulsera-de-textura-natural-elegante-estante-de-exhibicion-para-la-joyeria-casa-vanidad","status":"publish","type":"product","link":"https:\/\/deliangdisplay.com\/es\/nuestro-producto\/accesorios\/barras-brazalete\/pulsera-de-textura-natural-elegante-estante-de-exhibicion-para-la-joyeria-casa-vanidad\/","title":{"rendered":"Chic Natural - Expositor de pulseras con textura - Para joyer\u00eda y tocador de casa"},"content":{"rendered":"<h3 class=\"header-vfC6AV auto-hide-last-sibling-br\">Productos<\/h3>\n<div class=\"auto-hide-last-sibling-br paragraph-JOTKXA paragraph-element br-paragraph-space\">Eleve la pantalla de su pulsera a\u00a0<strong>alturas de lujo<\/strong>\u00a0con este creativo expositor vertical. Fabricado por expertos para exhibir las pulseras de la forma m\u00e1s elegante posible, combina a la perfecci\u00f3n la textura natural con un ambiente suave y elegante. Tanto si es el propietario de una joyer\u00eda y quiere cautivar a sus clientes como si es un amante de las joyas y quiere destacar su colecci\u00f3n en casa, este soporte transforma sus pulseras en un objeto de exposici\u00f3n \u00fanico.\u00a0<strong>impresionante punto focal<\/strong>\u00a0que rezuma sofisticaci\u00f3n.<\/div>\n<h3 class=\"header-vfC6AV auto-hide-last-sibling-br\">Caracter\u00edsticas principales<\/h3>\n<ul class=\"auto-hide-last-sibling-br\">\n<li><strong>Fusi\u00f3n de materiales de primera calidad<\/strong>: Fabricado con una mezcla perfecta de tejido de lino y alambre met\u00e1lico. El suave lino ofrece una superficie acogedora y libre de ara\u00f1azos para mantener tus pulseras a salvo, mientras que el robusto metal garantiza una larga durabilidad: una combinaci\u00f3n ganadora tanto para la protecci\u00f3n como para una presentaci\u00f3n elegante.<\/li>\n<li><strong>Est\u00e9tica de dise\u00f1o encantadora<\/strong>: Presume de un estilo de dise\u00f1o natural que irradia un suave encanto. Su aspecto elegante complementa sin esfuerzo cualquier espacio, ya sea una joyer\u00eda de alta gama, un tocador elegante o un rinc\u00f3n acogedor en su hogar, a\u00f1adiendo un toque de belleza refinada dondequiera que vaya.<\/li>\n<li><strong>Artesan\u00eda meticulosa<\/strong>: Cada detalle est\u00e1 cuidadosamente ejecutado. Desde el suave acabado del metal hasta el preciso tejido del lino, desprende una sensaci\u00f3n ligera y lujosa que resulta perfecta para presentar tus pulseras de una forma vanguardista y cautivadora.<\/li>\n<\/ul>\n<h3 class=\"header-vfC6AV auto-hide-last-sibling-br\">Uso ideal<\/h3>\n<div class=\"auto-hide-last-sibling-br paragraph-JOTKXA paragraph-element br-paragraph-space\">Es un\u00a0<strong>debe - tener<\/strong>\u00a0para joyer\u00edas, donde puede atraer a los clientes con su elegante exposici\u00f3n de pulseras. Para uso personal, col\u00f3quelo sobre su tocador para a\u00f1adir un toque de glamour a su d\u00eda a d\u00eda, o en cualquier rinc\u00f3n de su casa donde quiera lucir su colecci\u00f3n de pulseras con una sofisticaci\u00f3n sin igual. \u00a1Deje que sus pulseras brillen como nunca!<\/div>","protected":false},"excerpt":{"rendered":"<p>Elevate your bracelet display with this luxury upright stand! Crafted from linen fabric and metal wire drawing, it blends natural texture with elegant charm. The premium materials ensure bracelet safety, while the meticulous craftsmanship gives a light &#8211; luxury feel. Perfect for jewelry stores or home vanities to showcase bracelets stylishly.<\/p>","protected":false},"featured_media":43447,"comment_status":"open","ping_status":"closed","template":"","meta":{"_acf_changed":false},"product_brand":[84],"product_cat":[71],"product_tag":[387,394,393,385,362,386,382,390,389,384,392,388,391,383],"class_list":{"0":"post-43446","1":"product","2":"type-product","3":"status-publish","4":"has-post-thumbnail","6":"product_brand-de-liang","7":"product_cat-bangle-bars","8":"product_tag-bracelet-display-for-jewelry-store","9":"product_tag-chic-bracelet-storage-stand","10":"product_tag-creative-jewelry-display-prop","11":"product_tag-elegant-bracelet-organizer","12":"product_tag-home-vanity-bracelet-stand","13":"product_tag-light-luxury-jewelry-stand","14":"product_tag-linen-metal-bracelet-display-stand","15":"product_tag-linen-fabric-jewelry-display","16":"product_tag-metal-wire-drawing-jewelry-rack","17":"product_tag-natural-texture-jewelry-display","18":"product_tag-premium-bracelet-display-stand","19":"product_tag-scratch-free-bracelet-display","20":"product_tag-stylish-bracelet-showcase","21":"product_tag-upright-bracelet-display-rack","23":"first","24":"instock","25":"shipping-taxable","26":"purchasable","27":"product-type-simple"},"acf":[],"yoast_head":"<!-- This site is optimized with the Yoast SEO plugin v27.4 - https:\/\/yoast.com\/product\/yoast-seo-wordpress\/ -->\n<title>Chic Natural - Texture Bracelet Display Rack - For Jewelry Store &amp; Home Vanity - DE-LIANG - jewelry,clothes,watch,beauty cosmetics<\/title>\n<meta name=\"robots\" content=\"index, follow, max-snippet:-1, max-image-preview:large, max-video-preview:-1\" \/>\n<link rel=\"canonical\" href=\"https:\/\/deliangdisplay.com\/es\/nuestro-producto\/accesorios\/barras-brazalete\/pulsera-de-textura-natural-elegante-estante-de-exhibicion-para-la-joyeria-casa-vanidad\/\" \/>\n<meta property=\"og:locale\" content=\"es_ES\" \/>\n<meta property=\"og:type\" content=\"article\" \/>\n<meta property=\"og:title\" content=\"Chic Natural - Texture Bracelet Display Rack - For Jewelry Store &amp; Home Vanity - DE-LIANG - jewelry,clothes,watch,beauty cosmetics\" \/>\n<meta property=\"og:description\" content=\"Elevate your bracelet display with this luxury upright stand! Crafted from linen fabric and metal wire drawing, it blends natural texture with elegant charm. The premium materials ensure bracelet safety, while the meticulous craftsmanship gives a light - luxury feel. Perfect for jewelry stores or home vanities to showcase bracelets stylishly.\" \/>\n<meta property=\"og:url\" content=\"https:\/\/deliangdisplay.com\/es\/nuestro-producto\/accesorios\/barras-brazalete\/pulsera-de-textura-natural-elegante-estante-de-exhibicion-para-la-joyeria-casa-vanidad\/\" \/>\n<meta property=\"og:site_name\" content=\"DE-LIANG - jewelry,clothes,watch,beauty cosmetics\" \/>\n<meta property=\"article:publisher\" content=\"https:\/\/www.facebook.com\/JaneZhang008\/\" \/>\n<meta property=\"article:modified_time\" content=\"2025-10-10T08:01:35+00:00\" \/>\n<meta property=\"og:image\" content=\"https:\/\/deliangdisplay.com\/wp-content\/uploads\/2025\/10\/42.png\" \/>\n\t<meta property=\"og:image:width\" content=\"564\" \/>\n\t<meta property=\"og:image:height\" content=\"564\" \/>\n\t<meta property=\"og:image:type\" content=\"image\/png\" \/>\n<meta name=\"twitter:card\" content=\"summary_large_image\" \/>\n<meta name=\"twitter:site\" content=\"@ly673551729\" \/>\n<meta name=\"twitter:label1\" content=\"Tiempo de lectura\" \/>\n\t<meta name=\"twitter:data1\" content=\"2 minutos\" \/>\n<script type=\"application\/ld+json\" class=\"yoast-schema-graph\">{\"@context\":\"https:\\\/\\\/schema.org\",\"@graph\":[{\"@type\":\"WebPage\",\"@id\":\"https:\\\/\\\/deliangdisplay.com\\\/our-product\\\/accessories\\\/bangle-bars\\\/chic-natural-texture-bracelet-display-rack-for-jewelry-store-home-vanity\\\/\",\"url\":\"https:\\\/\\\/deliangdisplay.com\\\/our-product\\\/accessories\\\/bangle-bars\\\/chic-natural-texture-bracelet-display-rack-for-jewelry-store-home-vanity\\\/\",\"name\":\"Chic Natural - Texture Bracelet Display Rack - For Jewelry Store & Home Vanity - DE-LIANG - jewelry,clothes,watch,beauty cosmetics\",\"isPartOf\":{\"@id\":\"https:\\\/\\\/deliangdisplay.com\\\/#website\"},\"primaryImageOfPage\":{\"@id\":\"https:\\\/\\\/deliangdisplay.com\\\/our-product\\\/accessories\\\/bangle-bars\\\/chic-natural-texture-bracelet-display-rack-for-jewelry-store-home-vanity\\\/#primaryimage\"},\"image\":{\"@id\":\"https:\\\/\\\/deliangdisplay.com\\\/our-product\\\/accessories\\\/bangle-bars\\\/chic-natural-texture-bracelet-display-rack-for-jewelry-store-home-vanity\\\/#primaryimage\"},\"thumbnailUrl\":\"https:\\\/\\\/deliangdisplay.com\\\/wp-content\\\/uploads\\\/2025\\\/10\\\/42.png\",\"datePublished\":\"2025-10-10T08:01:30+00:00\",\"dateModified\":\"2025-10-10T08:01:35+00:00\",\"breadcrumb\":{\"@id\":\"https:\\\/\\\/deliangdisplay.com\\\/our-product\\\/accessories\\\/bangle-bars\\\/chic-natural-texture-bracelet-display-rack-for-jewelry-store-home-vanity\\\/#breadcrumb\"},\"inLanguage\":\"es\",\"potentialAction\":[{\"@type\":\"ReadAction\",\"target\":[\"https:\\\/\\\/deliangdisplay.com\\\/our-product\\\/accessories\\\/bangle-bars\\\/chic-natural-texture-bracelet-display-rack-for-jewelry-store-home-vanity\\\/\"]}]},{\"@type\":\"ImageObject\",\"inLanguage\":\"es\",\"@id\":\"https:\\\/\\\/deliangdisplay.com\\\/our-product\\\/accessories\\\/bangle-bars\\\/chic-natural-texture-bracelet-display-rack-for-jewelry-store-home-vanity\\\/#primaryimage\",\"url\":\"https:\\\/\\\/deliangdisplay.com\\\/wp-content\\\/uploads\\\/2025\\\/10\\\/42.png\",\"contentUrl\":\"https:\\\/\\\/deliangdisplay.com\\\/wp-content\\\/uploads\\\/2025\\\/10\\\/42.png\",\"width\":564,\"height\":564},{\"@type\":\"BreadcrumbList\",\"@id\":\"https:\\\/\\\/deliangdisplay.com\\\/our-product\\\/accessories\\\/bangle-bars\\\/chic-natural-texture-bracelet-display-rack-for-jewelry-store-home-vanity\\\/#breadcrumb\",\"itemListElement\":[{\"@type\":\"ListItem\",\"position\":1,\"name\":\"\u9996\u9875\",\"item\":\"https:\\\/\\\/deliangdisplay.com\\\/\"},{\"@type\":\"ListItem\",\"position\":2,\"name\":\"Our Product\",\"item\":\"https:\\\/\\\/deliangdisplay.com\\\/our-product\\\/\"},{\"@type\":\"ListItem\",\"position\":3,\"name\":\"Chic Natural &#8211; Texture Bracelet Display Rack &#8211; For Jewelry Store &#038; Home Vanity\"}]},{\"@type\":\"WebSite\",\"@id\":\"https:\\\/\\\/deliangdisplay.com\\\/#website\",\"url\":\"https:\\\/\\\/deliangdisplay.com\\\/\",\"name\":\"deliangdisplay.com\",\"description\":\"DE-LIANG - Providing bespoke packaging solutions and luxurious display design services for brands in jewelry, apparel, watches, beauty cosmetics, and more.\",\"publisher\":{\"@id\":\"https:\\\/\\\/deliangdisplay.com\\\/#organization\"},\"potentialAction\":[{\"@type\":\"SearchAction\",\"target\":{\"@type\":\"EntryPoint\",\"urlTemplate\":\"https:\\\/\\\/deliangdisplay.com\\\/?s={search_term_string}\"},\"query-input\":{\"@type\":\"PropertyValueSpecification\",\"valueRequired\":true,\"valueName\":\"search_term_string\"}}],\"inLanguage\":\"es\"},{\"@type\":\"Organization\",\"@id\":\"https:\\\/\\\/deliangdisplay.com\\\/#organization\",\"name\":\"deliangdisplay.com\",\"url\":\"https:\\\/\\\/deliangdisplay.com\\\/\",\"logo\":{\"@type\":\"ImageObject\",\"inLanguage\":\"es\",\"@id\":\"https:\\\/\\\/deliangdisplay.com\\\/#\\\/schema\\\/logo\\\/image\\\/\",\"url\":\"https:\\\/\\\/deliangdisplay.com\\\/wp-content\\\/uploads\\\/2025\\\/08\\\/DELIANGDISPALY_logo.png\",\"contentUrl\":\"https:\\\/\\\/deliangdisplay.com\\\/wp-content\\\/uploads\\\/2025\\\/08\\\/DELIANGDISPALY_logo.png\",\"width\":300,\"height\":130,\"caption\":\"deliangdisplay.com\"},\"image\":{\"@id\":\"https:\\\/\\\/deliangdisplay.com\\\/#\\\/schema\\\/logo\\\/image\\\/\"},\"sameAs\":[\"https:\\\/\\\/www.facebook.com\\\/JaneZhang008\\\/\",\"https:\\\/\\\/x.com\\\/ly673551729\"]}]}<\/script>\n<!-- \/ Yoast SEO plugin. -->","yoast_head_json":{"title":"Chic Natural - Textura pulsera Display Rack - Para joyer\u00eda y tocador de casa - DE-LIANG - joyer\u00eda,ropa,reloj,cosm\u00e9ticos de belleza","robots":{"index":"index","follow":"follow","max-snippet":"max-snippet:-1","max-image-preview":"max-image-preview:large","max-video-preview":"max-video-preview:-1"},"canonical":"https:\/\/deliangdisplay.com\/es\/nuestro-producto\/accesorios\/barras-brazalete\/pulsera-de-textura-natural-elegante-estante-de-exhibicion-para-la-joyeria-casa-vanidad\/","og_locale":"es_ES","og_type":"article","og_title":"Chic Natural - Texture Bracelet Display Rack - For Jewelry Store & Home Vanity - DE-LIANG - jewelry,clothes,watch,beauty cosmetics","og_description":"Elevate your bracelet display with this luxury upright stand! Crafted from linen fabric and metal wire drawing, it blends natural texture with elegant charm. The premium materials ensure bracelet safety, while the meticulous craftsmanship gives a light - luxury feel. Perfect for jewelry stores or home vanities to showcase bracelets stylishly.","og_url":"https:\/\/deliangdisplay.com\/es\/nuestro-producto\/accesorios\/barras-brazalete\/pulsera-de-textura-natural-elegante-estante-de-exhibicion-para-la-joyeria-casa-vanidad\/","og_site_name":"DE-LIANG - jewelry,clothes,watch,beauty cosmetics","article_publisher":"https:\/\/www.facebook.com\/JaneZhang008\/","article_modified_time":"2025-10-10T08:01:35+00:00","og_image":[{"width":564,"height":564,"url":"https:\/\/deliangdisplay.com\/wp-content\/uploads\/2025\/10\/42.png","type":"image\/png"}],"twitter_card":"summary_large_image","twitter_site":"@ly673551729","twitter_misc":{"Tiempo de lectura":"2 minutos"},"schema":{"@context":"https:\/\/schema.org","@graph":[{"@type":"WebPage","@id":"https:\/\/deliangdisplay.com\/our-product\/accessories\/bangle-bars\/chic-natural-texture-bracelet-display-rack-for-jewelry-store-home-vanity\/","url":"https:\/\/deliangdisplay.com\/our-product\/accessories\/bangle-bars\/chic-natural-texture-bracelet-display-rack-for-jewelry-store-home-vanity\/","name":"Chic Natural - Textura pulsera Display Rack - Para joyer\u00eda y tocador de casa - DE-LIANG - joyer\u00eda,ropa,reloj,cosm\u00e9ticos de belleza","isPartOf":{"@id":"https:\/\/deliangdisplay.com\/#website"},"primaryImageOfPage":{"@id":"https:\/\/deliangdisplay.com\/our-product\/accessories\/bangle-bars\/chic-natural-texture-bracelet-display-rack-for-jewelry-store-home-vanity\/#primaryimage"},"image":{"@id":"https:\/\/deliangdisplay.com\/our-product\/accessories\/bangle-bars\/chic-natural-texture-bracelet-display-rack-for-jewelry-store-home-vanity\/#primaryimage"},"thumbnailUrl":"https:\/\/deliangdisplay.com\/wp-content\/uploads\/2025\/10\/42.png","datePublished":"2025-10-10T08:01:30+00:00","dateModified":"2025-10-10T08:01:35+00:00","breadcrumb":{"@id":"https:\/\/deliangdisplay.com\/our-product\/accessories\/bangle-bars\/chic-natural-texture-bracelet-display-rack-for-jewelry-store-home-vanity\/#breadcrumb"},"inLanguage":"es","potentialAction":[{"@type":"ReadAction","target":["https:\/\/deliangdisplay.com\/our-product\/accessories\/bangle-bars\/chic-natural-texture-bracelet-display-rack-for-jewelry-store-home-vanity\/"]}]},{"@type":"ImageObject","inLanguage":"es","@id":"https:\/\/deliangdisplay.com\/our-product\/accessories\/bangle-bars\/chic-natural-texture-bracelet-display-rack-for-jewelry-store-home-vanity\/#primaryimage","url":"https:\/\/deliangdisplay.com\/wp-content\/uploads\/2025\/10\/42.png","contentUrl":"https:\/\/deliangdisplay.com\/wp-content\/uploads\/2025\/10\/42.png","width":564,"height":564},{"@type":"BreadcrumbList","@id":"https:\/\/deliangdisplay.com\/our-product\/accessories\/bangle-bars\/chic-natural-texture-bracelet-display-rack-for-jewelry-store-home-vanity\/#breadcrumb","itemListElement":[{"@type":"ListItem","position":1,"name":"\u9996\u9875","item":"https:\/\/deliangdisplay.com\/"},{"@type":"ListItem","position":2,"name":"Our Product","item":"https:\/\/deliangdisplay.com\/our-product\/"},{"@type":"ListItem","position":3,"name":"Chic Natural &#8211; Texture Bracelet Display Rack &#8211; For Jewelry Store &#038; Home Vanity"}]},{"@type":"WebSite","@id":"https:\/\/deliangdisplay.com\/#website","url":"https:\/\/deliangdisplay.com\/","name":"deliangdisplay.com","description":"DE-LIANG - Proporciona soluciones de envasado a medida y servicios de dise\u00f1o de expositores de lujo para marcas de joyer\u00eda, ropa, relojes, cosm\u00e9ticos de belleza, etc.","publisher":{"@id":"https:\/\/deliangdisplay.com\/#organization"},"potentialAction":[{"@type":"SearchAction","target":{"@type":"EntryPoint","urlTemplate":"https:\/\/deliangdisplay.com\/?s={search_term_string}"},"query-input":{"@type":"PropertyValueSpecification","valueRequired":true,"valueName":"search_term_string"}}],"inLanguage":"es"},{"@type":"Organization","@id":"https:\/\/deliangdisplay.com\/#organization","name":"deliangdisplay.com","url":"https:\/\/deliangdisplay.com\/","logo":{"@type":"ImageObject","inLanguage":"es","@id":"https:\/\/deliangdisplay.com\/#\/schema\/logo\/image\/","url":"https:\/\/deliangdisplay.com\/wp-content\/uploads\/2025\/08\/DELIANGDISPALY_logo.png","contentUrl":"https:\/\/deliangdisplay.com\/wp-content\/uploads\/2025\/08\/DELIANGDISPALY_logo.png","width":300,"height":130,"caption":"deliangdisplay.com"},"image":{"@id":"https:\/\/deliangdisplay.com\/#\/schema\/logo\/image\/"},"sameAs":["https:\/\/www.facebook.com\/JaneZhang008\/","https:\/\/x.com\/ly673551729"]}]}},"_links":{"self":[{"href":"https:\/\/deliangdisplay.com\/es\/wp-json\/wp\/v2\/product\/43446","targetHints":{"allow":["GET"]}}],"collection":[{"href":"https:\/\/deliangdisplay.com\/es\/wp-json\/wp\/v2\/product"}],"about":[{"href":"https:\/\/deliangdisplay.com\/es\/wp-json\/wp\/v2\/types\/product"}],"replies":[{"embeddable":true,"href":"https:\/\/deliangdisplay.com\/es\/wp-json\/wp\/v2\/comments?post=43446"}],"wp:featuredmedia":[{"embeddable":true,"href":"https:\/\/deliangdisplay.com\/es\/wp-json\/wp\/v2\/media\/43447"}],"wp:attachment":[{"href":"https:\/\/deliangdisplay.com\/es\/wp-json\/wp\/v2\/media?parent=43446"}],"wp:term":[{"taxonomy":"product_brand","embeddable":true,"href":"https:\/\/deliangdisplay.com\/es\/wp-json\/wp\/v2\/product_brand?post=43446"},{"taxonomy":"product_cat","embeddable":true,"href":"https:\/\/deliangdisplay.com\/es\/wp-json\/wp\/v2\/product_cat?post=43446"},{"taxonomy":"product_tag","embeddable":true,"href":"https:\/\/deliangdisplay.com\/es\/wp-json\/wp\/v2\/product_tag?post=43446"}],"curies":[{"name":"wp","href":"https:\/\/api.w.org\/{rel}","templated":true}]}}