{"id":43410,"date":"2025-10-10T15:11:43","date_gmt":"2025-10-10T07:11:43","guid":{"rendered":"https:\/\/deliangdisplay.com\/?post_type=product&#038;p=43410"},"modified":"2025-10-10T19:15:44","modified_gmt":"2025-10-10T11:15:44","slug":"lujoso-estuche-versatil-para-anillos-pendientes-collares-tarjetas-mas","status":"publish","type":"product","link":"https:\/\/deliangdisplay.com\/es\/nuestro-producto\/envasado\/embalaje-de-joyeros\/lujoso-estuche-versatil-para-anillos-pendientes-collares-tarjetas-mas\/","title":{"rendered":"Lujoso estuche de regalo vers\u00e1til: para anillos, pendientes, collares, tarjetas y mucho m\u00e1s"},"content":{"rendered":"<h3 class=\"header-vfC6AV auto-hide-last-sibling-br\">Productos<\/h3>\n<div class=\"auto-hide-last-sibling-br paragraph-JOTKXA paragraph-element br-paragraph-space\">Regale y guarde sus joyas a un nivel superior\u00a0<strong>niveles de lujo<\/strong>\u00a0con estas vers\u00e1tiles cajas de regalo de alta gama. Perfectas para exhibir anillos, pendientes, collares, tarjetas de felicitaci\u00f3n y tarjetas de regalo, est\u00e1n disponibles en una deslumbrante variedad de estilos y tama\u00f1os, lo que las hace ideales para conservar tu colecci\u00f3n personal.\u00a0<em>y<\/em>\u00a0dropshipping sin fisuras.<\/div>\n<h3 class=\"header-vfC6AV auto-hide-last-sibling-br\">Especificaciones<\/h3>\n<ul class=\"auto-hide-last-sibling-br\">\n<li><strong>Perfecto para<\/strong>: Anillos, pendientes, collares, tarjetas de felicitaci\u00f3n, tarjetas de regalo<\/li>\n<li><strong>Materiales de primera calidad<\/strong>: Papel\/cart\u00f3n resistente (garantiza la durabilidad y un aspecto elegante)<\/li>\n<li><strong>Magn\u00edficos estilos y tama\u00f1os<\/strong>: Elija entre opciones como tela plateada (color aleatorio, a\u00f1ade glamour), estilo perla negra (7,5\u00d77,5 cm, ultra-chic), cajita azul (4x4 cm, mona + compacta), tarjeta de felicitaci\u00f3n doblada (rojo vino, vibraciones rom\u00e1nticas), caja de lino gris (5x6 cm, elegancia atemporal)<\/li>\n<\/ul>\n<h3 class=\"header-vfC6AV auto-hide-last-sibling-br\">Caracter\u00edsticas principales<\/h3>\n<ul class=\"auto-hide-last-sibling-br\">\n<li><strong>M\u00e1xima versatilidad<\/strong>: Ya sea para empaquetar joyas, tarjetas de felicitaci\u00f3n o tarjetas de regalo, estas cajas se adaptan perfectamente a sus necesidades.\u00a0<em>cada<\/em>\u00a0regalar y almacenar con facilidad.<\/li>\n<li><strong>Variedad de dise\u00f1os<\/strong>: Una impresionante gama de dise\u00f1os y dimensiones le permite elegir la combinaci\u00f3n perfecta para a\u00f1adir un toque extra de elegancia a sus tesoros.<\/li>\n<li><strong>Protecci\u00f3n de primer nivel<\/strong>: Embalado profesionalmente para mantener sus art\u00edculos seguros y pr\u00edstinos durante el tr\u00e1nsito - sin da\u00f1os, s\u00f3lo deleite.<\/li>\n<\/ul>\n<h3 class=\"header-vfC6AV auto-hide-last-sibling-br\">Ventajas de las compras<\/h3>\n<ul class=\"auto-hide-last-sibling-br\">\n<li><strong>Pro Postventa<\/strong>: Un sistema dedicado aborda cualquier problema de desgaste. Ponte en contacto con el servicio de atenci\u00f3n al cliente\u00a0<em>en cualquier momento<\/em>\u00a0- nos aseguraremos de que sus compras sean fluidas y alegres.<\/li>\n<\/ul>","protected":false},"excerpt":{"rendered":"<p>Product Overview Elevate your jewelry gifting and storage to\u00a0luxury levels\u00a0with these versatile high-end gift boxes! Perfect for showcasing rings, earrings, necklaces, greeting cards, and gift cards, they come in a dazzling array of styles and sizes \u2014 making them ideal for both curating your personal collection\u00a0and\u00a0seamless dropshipping. Key Specifications Perfect for: Rings, earrings, necklaces, greeting&#8230;<\/p>","protected":false},"featured_media":43411,"comment_status":"open","ping_status":"closed","template":"","meta":{"_acf_changed":false},"product_brand":[84],"product_cat":[72,421],"product_tag":[350,351,356,353,355,346,334,348,354,349,347,352],"class_list":{"0":"post-43410","1":"product","2":"type-product","3":"status-publish","4":"has-post-thumbnail","6":"product_brand-de-liang","7":"product_cat-jewelry-boxes-packaging","8":"product_cat-ring-box","9":"product_tag-black-pearl-jewelry-box","10":"product_tag-blue-small-gift-box","11":"product_tag-gift-card-storage-box","12":"product_tag-gray-linen-gift-box","13":"product_tag-greeting-card-packaging-box","14":"product_tag-high-end-jewelry-gift-box","15":"product_tag-jewelry-gift-box-for-gifting","16":"product_tag-multi-style-jewelry-storage-box","17":"product_tag-paper-jewelry-gift-box","18":"product_tag-silver-plated-cloth-gift-box","19":"product_tag-versatile-gift-box-for-cards","20":"product_tag-wine-red-folded-greeting-card-box","22":"first","23":"instock","24":"shipping-taxable","25":"purchasable","26":"product-type-simple"},"acf":[],"yoast_head":"<!-- This site is optimized with the Yoast SEO plugin v27.4 - https:\/\/yoast.com\/product\/yoast-seo-wordpress\/ -->\n<title>Luxury Versatile Gift Box Set - For Rings, Earrings, Necklaces, Cards &amp; More - DE-LIANG - jewelry,clothes,watch,beauty cosmetics<\/title>\n<meta name=\"robots\" content=\"index, follow, max-snippet:-1, max-image-preview:large, max-video-preview:-1\" \/>\n<link rel=\"canonical\" href=\"https:\/\/deliangdisplay.com\/es\/nuestro-producto\/envasado\/embalaje-de-joyeros\/lujoso-estuche-versatil-para-anillos-pendientes-collares-tarjetas-mas\/\" \/>\n<meta property=\"og:locale\" content=\"es_ES\" \/>\n<meta property=\"og:type\" content=\"article\" \/>\n<meta property=\"og:title\" content=\"Luxury Versatile Gift Box Set - For Rings, Earrings, Necklaces, Cards &amp; More - DE-LIANG - jewelry,clothes,watch,beauty cosmetics\" \/>\n<meta property=\"og:description\" content=\"Product Overview Elevate your jewelry gifting and storage to\u00a0luxury levels\u00a0with these versatile high-end gift boxes! Perfect for showcasing rings, earrings, necklaces, greeting cards, and gift cards, they come in a dazzling array of styles and sizes \u2014 making them ideal for both curating your personal collection\u00a0and\u00a0seamless dropshipping. Key Specifications Perfect for: Rings, earrings, necklaces, greeting...\" \/>\n<meta property=\"og:url\" content=\"https:\/\/deliangdisplay.com\/es\/nuestro-producto\/envasado\/embalaje-de-joyeros\/lujoso-estuche-versatil-para-anillos-pendientes-collares-tarjetas-mas\/\" \/>\n<meta property=\"og:site_name\" content=\"DE-LIANG - jewelry,clothes,watch,beauty cosmetics\" \/>\n<meta property=\"article:publisher\" content=\"https:\/\/www.facebook.com\/JaneZhang008\/\" \/>\n<meta property=\"article:modified_time\" content=\"2025-10-10T11:15:44+00:00\" \/>\n<meta property=\"og:image\" content=\"https:\/\/deliangdisplay.com\/wp-content\/uploads\/2025\/10\/1-2.jpg\" \/>\n\t<meta property=\"og:image:width\" content=\"1200\" \/>\n\t<meta property=\"og:image:height\" content=\"1200\" \/>\n\t<meta property=\"og:image:type\" content=\"image\/jpeg\" \/>\n<meta name=\"twitter:card\" content=\"summary_large_image\" \/>\n<meta name=\"twitter:site\" content=\"@ly673551729\" \/>\n<meta name=\"twitter:label1\" content=\"Tiempo de lectura\" \/>\n\t<meta name=\"twitter:data1\" content=\"2 minutos\" \/>\n<script type=\"application\/ld+json\" class=\"yoast-schema-graph\">{\"@context\":\"https:\\\/\\\/schema.org\",\"@graph\":[{\"@type\":\"WebPage\",\"@id\":\"https:\\\/\\\/deliangdisplay.com\\\/our-product\\\/packaging\\\/jewelry-boxes-packaging\\\/luxury-versatile-gift-box-set-for-rings-earrings-necklaces-cards-more\\\/\",\"url\":\"https:\\\/\\\/deliangdisplay.com\\\/our-product\\\/packaging\\\/jewelry-boxes-packaging\\\/luxury-versatile-gift-box-set-for-rings-earrings-necklaces-cards-more\\\/\",\"name\":\"Luxury Versatile Gift Box Set - For Rings, Earrings, Necklaces, Cards & More - DE-LIANG - jewelry,clothes,watch,beauty cosmetics\",\"isPartOf\":{\"@id\":\"https:\\\/\\\/deliangdisplay.com\\\/#website\"},\"primaryImageOfPage\":{\"@id\":\"https:\\\/\\\/deliangdisplay.com\\\/our-product\\\/packaging\\\/jewelry-boxes-packaging\\\/luxury-versatile-gift-box-set-for-rings-earrings-necklaces-cards-more\\\/#primaryimage\"},\"image\":{\"@id\":\"https:\\\/\\\/deliangdisplay.com\\\/our-product\\\/packaging\\\/jewelry-boxes-packaging\\\/luxury-versatile-gift-box-set-for-rings-earrings-necklaces-cards-more\\\/#primaryimage\"},\"thumbnailUrl\":\"https:\\\/\\\/deliangdisplay.com\\\/wp-content\\\/uploads\\\/2025\\\/10\\\/1-2.jpg\",\"datePublished\":\"2025-10-10T07:11:43+00:00\",\"dateModified\":\"2025-10-10T11:15:44+00:00\",\"breadcrumb\":{\"@id\":\"https:\\\/\\\/deliangdisplay.com\\\/our-product\\\/packaging\\\/jewelry-boxes-packaging\\\/luxury-versatile-gift-box-set-for-rings-earrings-necklaces-cards-more\\\/#breadcrumb\"},\"inLanguage\":\"es\",\"potentialAction\":[{\"@type\":\"ReadAction\",\"target\":[\"https:\\\/\\\/deliangdisplay.com\\\/our-product\\\/packaging\\\/jewelry-boxes-packaging\\\/luxury-versatile-gift-box-set-for-rings-earrings-necklaces-cards-more\\\/\"]}]},{\"@type\":\"ImageObject\",\"inLanguage\":\"es\",\"@id\":\"https:\\\/\\\/deliangdisplay.com\\\/our-product\\\/packaging\\\/jewelry-boxes-packaging\\\/luxury-versatile-gift-box-set-for-rings-earrings-necklaces-cards-more\\\/#primaryimage\",\"url\":\"https:\\\/\\\/deliangdisplay.com\\\/wp-content\\\/uploads\\\/2025\\\/10\\\/1-2.jpg\",\"contentUrl\":\"https:\\\/\\\/deliangdisplay.com\\\/wp-content\\\/uploads\\\/2025\\\/10\\\/1-2.jpg\",\"width\":1200,\"height\":1200},{\"@type\":\"BreadcrumbList\",\"@id\":\"https:\\\/\\\/deliangdisplay.com\\\/our-product\\\/packaging\\\/jewelry-boxes-packaging\\\/luxury-versatile-gift-box-set-for-rings-earrings-necklaces-cards-more\\\/#breadcrumb\",\"itemListElement\":[{\"@type\":\"ListItem\",\"position\":1,\"name\":\"\u9996\u9875\",\"item\":\"https:\\\/\\\/deliangdisplay.com\\\/\"},{\"@type\":\"ListItem\",\"position\":2,\"name\":\"Our Product\",\"item\":\"https:\\\/\\\/deliangdisplay.com\\\/our-product\\\/\"},{\"@type\":\"ListItem\",\"position\":3,\"name\":\"Luxury Versatile Gift Box Set &#8211; For Rings, Earrings, Necklaces, Cards &#038; More\"}]},{\"@type\":\"WebSite\",\"@id\":\"https:\\\/\\\/deliangdisplay.com\\\/#website\",\"url\":\"https:\\\/\\\/deliangdisplay.com\\\/\",\"name\":\"deliangdisplay.com\",\"description\":\"DE-LIANG - Providing bespoke packaging solutions and luxurious display design services for brands in jewelry, apparel, watches, beauty cosmetics, and more.\",\"publisher\":{\"@id\":\"https:\\\/\\\/deliangdisplay.com\\\/#organization\"},\"potentialAction\":[{\"@type\":\"SearchAction\",\"target\":{\"@type\":\"EntryPoint\",\"urlTemplate\":\"https:\\\/\\\/deliangdisplay.com\\\/?s={search_term_string}\"},\"query-input\":{\"@type\":\"PropertyValueSpecification\",\"valueRequired\":true,\"valueName\":\"search_term_string\"}}],\"inLanguage\":\"es\"},{\"@type\":\"Organization\",\"@id\":\"https:\\\/\\\/deliangdisplay.com\\\/#organization\",\"name\":\"deliangdisplay.com\",\"url\":\"https:\\\/\\\/deliangdisplay.com\\\/\",\"logo\":{\"@type\":\"ImageObject\",\"inLanguage\":\"es\",\"@id\":\"https:\\\/\\\/deliangdisplay.com\\\/#\\\/schema\\\/logo\\\/image\\\/\",\"url\":\"https:\\\/\\\/deliangdisplay.com\\\/wp-content\\\/uploads\\\/2025\\\/08\\\/DELIANGDISPALY_logo.png\",\"contentUrl\":\"https:\\\/\\\/deliangdisplay.com\\\/wp-content\\\/uploads\\\/2025\\\/08\\\/DELIANGDISPALY_logo.png\",\"width\":300,\"height\":130,\"caption\":\"deliangdisplay.com\"},\"image\":{\"@id\":\"https:\\\/\\\/deliangdisplay.com\\\/#\\\/schema\\\/logo\\\/image\\\/\"},\"sameAs\":[\"https:\\\/\\\/www.facebook.com\\\/JaneZhang008\\\/\",\"https:\\\/\\\/x.com\\\/ly673551729\"]}]}<\/script>\n<!-- \/ Yoast SEO plugin. -->","yoast_head_json":{"title":"Lujo vers\u00e1til caja de regalo - Para los anillos, pendientes, collares, tarjetas y m\u00e1s - DE-LIANG - joyer\u00eda,ropa,reloj,cosm\u00e9ticos de belleza","robots":{"index":"index","follow":"follow","max-snippet":"max-snippet:-1","max-image-preview":"max-image-preview:large","max-video-preview":"max-video-preview:-1"},"canonical":"https:\/\/deliangdisplay.com\/es\/nuestro-producto\/envasado\/embalaje-de-joyeros\/lujoso-estuche-versatil-para-anillos-pendientes-collares-tarjetas-mas\/","og_locale":"es_ES","og_type":"article","og_title":"Luxury Versatile Gift Box Set - For Rings, Earrings, Necklaces, Cards & More - DE-LIANG - jewelry,clothes,watch,beauty cosmetics","og_description":"Product Overview Elevate your jewelry gifting and storage to\u00a0luxury levels\u00a0with these versatile high-end gift boxes! Perfect for showcasing rings, earrings, necklaces, greeting cards, and gift cards, they come in a dazzling array of styles and sizes \u2014 making them ideal for both curating your personal collection\u00a0and\u00a0seamless dropshipping. Key Specifications Perfect for: Rings, earrings, necklaces, greeting...","og_url":"https:\/\/deliangdisplay.com\/es\/nuestro-producto\/envasado\/embalaje-de-joyeros\/lujoso-estuche-versatil-para-anillos-pendientes-collares-tarjetas-mas\/","og_site_name":"DE-LIANG - jewelry,clothes,watch,beauty cosmetics","article_publisher":"https:\/\/www.facebook.com\/JaneZhang008\/","article_modified_time":"2025-10-10T11:15:44+00:00","og_image":[{"width":1200,"height":1200,"url":"https:\/\/deliangdisplay.com\/wp-content\/uploads\/2025\/10\/1-2.jpg","type":"image\/jpeg"}],"twitter_card":"summary_large_image","twitter_site":"@ly673551729","twitter_misc":{"Tiempo de lectura":"2 minutos"},"schema":{"@context":"https:\/\/schema.org","@graph":[{"@type":"WebPage","@id":"https:\/\/deliangdisplay.com\/our-product\/packaging\/jewelry-boxes-packaging\/luxury-versatile-gift-box-set-for-rings-earrings-necklaces-cards-more\/","url":"https:\/\/deliangdisplay.com\/our-product\/packaging\/jewelry-boxes-packaging\/luxury-versatile-gift-box-set-for-rings-earrings-necklaces-cards-more\/","name":"Lujo vers\u00e1til caja de regalo - Para los anillos, pendientes, collares, tarjetas y m\u00e1s - DE-LIANG - joyer\u00eda,ropa,reloj,cosm\u00e9ticos de belleza","isPartOf":{"@id":"https:\/\/deliangdisplay.com\/#website"},"primaryImageOfPage":{"@id":"https:\/\/deliangdisplay.com\/our-product\/packaging\/jewelry-boxes-packaging\/luxury-versatile-gift-box-set-for-rings-earrings-necklaces-cards-more\/#primaryimage"},"image":{"@id":"https:\/\/deliangdisplay.com\/our-product\/packaging\/jewelry-boxes-packaging\/luxury-versatile-gift-box-set-for-rings-earrings-necklaces-cards-more\/#primaryimage"},"thumbnailUrl":"https:\/\/deliangdisplay.com\/wp-content\/uploads\/2025\/10\/1-2.jpg","datePublished":"2025-10-10T07:11:43+00:00","dateModified":"2025-10-10T11:15:44+00:00","breadcrumb":{"@id":"https:\/\/deliangdisplay.com\/our-product\/packaging\/jewelry-boxes-packaging\/luxury-versatile-gift-box-set-for-rings-earrings-necklaces-cards-more\/#breadcrumb"},"inLanguage":"es","potentialAction":[{"@type":"ReadAction","target":["https:\/\/deliangdisplay.com\/our-product\/packaging\/jewelry-boxes-packaging\/luxury-versatile-gift-box-set-for-rings-earrings-necklaces-cards-more\/"]}]},{"@type":"ImageObject","inLanguage":"es","@id":"https:\/\/deliangdisplay.com\/our-product\/packaging\/jewelry-boxes-packaging\/luxury-versatile-gift-box-set-for-rings-earrings-necklaces-cards-more\/#primaryimage","url":"https:\/\/deliangdisplay.com\/wp-content\/uploads\/2025\/10\/1-2.jpg","contentUrl":"https:\/\/deliangdisplay.com\/wp-content\/uploads\/2025\/10\/1-2.jpg","width":1200,"height":1200},{"@type":"BreadcrumbList","@id":"https:\/\/deliangdisplay.com\/our-product\/packaging\/jewelry-boxes-packaging\/luxury-versatile-gift-box-set-for-rings-earrings-necklaces-cards-more\/#breadcrumb","itemListElement":[{"@type":"ListItem","position":1,"name":"\u9996\u9875","item":"https:\/\/deliangdisplay.com\/"},{"@type":"ListItem","position":2,"name":"Our Product","item":"https:\/\/deliangdisplay.com\/our-product\/"},{"@type":"ListItem","position":3,"name":"Luxury Versatile Gift Box Set &#8211; For Rings, Earrings, Necklaces, Cards &#038; More"}]},{"@type":"WebSite","@id":"https:\/\/deliangdisplay.com\/#website","url":"https:\/\/deliangdisplay.com\/","name":"deliangdisplay.com","description":"DE-LIANG - Proporciona soluciones de envasado a medida y servicios de dise\u00f1o de expositores de lujo para marcas de joyer\u00eda, ropa, relojes, cosm\u00e9ticos de belleza, etc.","publisher":{"@id":"https:\/\/deliangdisplay.com\/#organization"},"potentialAction":[{"@type":"SearchAction","target":{"@type":"EntryPoint","urlTemplate":"https:\/\/deliangdisplay.com\/?s={search_term_string}"},"query-input":{"@type":"PropertyValueSpecification","valueRequired":true,"valueName":"search_term_string"}}],"inLanguage":"es"},{"@type":"Organization","@id":"https:\/\/deliangdisplay.com\/#organization","name":"deliangdisplay.com","url":"https:\/\/deliangdisplay.com\/","logo":{"@type":"ImageObject","inLanguage":"es","@id":"https:\/\/deliangdisplay.com\/#\/schema\/logo\/image\/","url":"https:\/\/deliangdisplay.com\/wp-content\/uploads\/2025\/08\/DELIANGDISPALY_logo.png","contentUrl":"https:\/\/deliangdisplay.com\/wp-content\/uploads\/2025\/08\/DELIANGDISPALY_logo.png","width":300,"height":130,"caption":"deliangdisplay.com"},"image":{"@id":"https:\/\/deliangdisplay.com\/#\/schema\/logo\/image\/"},"sameAs":["https:\/\/www.facebook.com\/JaneZhang008\/","https:\/\/x.com\/ly673551729"]}]}},"_links":{"self":[{"href":"https:\/\/deliangdisplay.com\/es\/wp-json\/wp\/v2\/product\/43410","targetHints":{"allow":["GET"]}}],"collection":[{"href":"https:\/\/deliangdisplay.com\/es\/wp-json\/wp\/v2\/product"}],"about":[{"href":"https:\/\/deliangdisplay.com\/es\/wp-json\/wp\/v2\/types\/product"}],"replies":[{"embeddable":true,"href":"https:\/\/deliangdisplay.com\/es\/wp-json\/wp\/v2\/comments?post=43410"}],"wp:featuredmedia":[{"embeddable":true,"href":"https:\/\/deliangdisplay.com\/es\/wp-json\/wp\/v2\/media\/43411"}],"wp:attachment":[{"href":"https:\/\/deliangdisplay.com\/es\/wp-json\/wp\/v2\/media?parent=43410"}],"wp:term":[{"taxonomy":"product_brand","embeddable":true,"href":"https:\/\/deliangdisplay.com\/es\/wp-json\/wp\/v2\/product_brand?post=43410"},{"taxonomy":"product_cat","embeddable":true,"href":"https:\/\/deliangdisplay.com\/es\/wp-json\/wp\/v2\/product_cat?post=43410"},{"taxonomy":"product_tag","embeddable":true,"href":"https:\/\/deliangdisplay.com\/es\/wp-json\/wp\/v2\/product_tag?post=43410"}],"curies":[{"name":"wp","href":"https:\/\/api.w.org\/{rel}","templated":true}]}}