{"id":43387,"date":"2025-10-10T15:11:50","date_gmt":"2025-10-10T07:11:50","guid":{"rendered":"https:\/\/deliangdisplay.com\/?post_type=product&#038;p=43387"},"modified":"2025-10-10T19:15:44","modified_gmt":"2025-10-10T11:15:44","slug":"lujoso-joyero-de-pu-cuero-caja-de-regalo-para-anillos-pulseras-cadenas-colgantes-multiples-tamanos","status":"publish","type":"product","link":"https:\/\/deliangdisplay.com\/es\/nuestro-producto\/envasado\/embalaje-de-joyeros\/lujoso-joyero-de-pu-cuero-caja-de-regalo-para-anillos-pulseras-cadenas-colgantes-multiples-tamanos\/","title":{"rendered":"Lujoso estuche de regalo de cuero PU para anillos, pulseras, cadenas y colgantes (varios tama\u00f1os)"},"content":{"rendered":"<div class=\"inter-jQQQ8P\">\n<div class=\"container-PrUkKo\">\n<div class=\"item-hGGxLi\">\n<div class=\"container-arOxqB chrome70-container\">\n<div class=\"inner-FyM8gE inner-item-f8P6nx\" data-target-id=\"message-box-target-id\" data-testid=\"union_message\">\n<div class=\"message-block-container-aFugD6\" data-testid=\"message-block-container\" data-ui-version=\"samantha\">\n<div class=\"flex flex-row w-full w-full max-w-full s-font-base text-s-color-text-secondary p-0 rounded-s-radius-s bg-transparent group data-[attr=select-mode]:-mt-10 data-[attr=select-mode]:py-10 data-[attr=select-mode]:px-16 data-[attr=select-mode]:sm:p-10 data-[attr=select-mode]:hover:bg-s-color-bg-base data-[attr=select-mode]:hover:rounded-s-radius-xs data-[attr=select-mode]:has-[:checked]:bg-s-color-bg-trans data-[attr=select-mode]:has-[:checked]:rounded-s-radius-xs data-[attr=select-mode]:pointer-events-none\" data-testid=\"receive_message\">\n<div class=\"flex flex-col flex-grow max-w-full min-w-0\">\n<div class=\"flex flex-row w-full\" data-testid=\"message_content\" data-message-id=\"23872305493136386\">\n<div class=\"w-full\" data-plugin-identifier=\"Symbol(infra:receive-message-box:text)\">\n<div class=\"container-ZYIsnH flow-markdown-body mdbox-theme-next theme-samantha-Nbr9UN\" dir=\"ltr\" data-testid=\"message_text_content\" data-show-indicator=\"false\">\n<h3 class=\"header-vfC6AV auto-hide-last-sibling-br\">Productos<\/h3>\n<div class=\"auto-hide-last-sibling-br paragraph-JOTKXA paragraph-element br-paragraph-space\">Mejora tu juego de almacenamiento y regalo de joyas con estas\u00a0<strong>joyeros de lujo de cuero PU<\/strong>\u00a1! Perfectos para exhibir y proteger anillos de oro, brillantes pulseras de cristal, elegantes brazaletes, elegantes cadenas largas y delicados colgantes, combinan a la perfecci\u00f3n la elegancia atemporal con la practicidad: ideales tanto para la organizaci\u00f3n personal de joyas como para momentos inolvidables de regalo.<\/div>\n<h3 class=\"header-vfC6AV auto-hide-last-sibling-br\">Especificaciones<\/h3>\n<ul class=\"auto-hide-last-sibling-br\">\n<li><strong>Material<\/strong>: Piel de PU de primera calidad (con un acabado elegante y sofisticado)<\/li>\n<li><strong>Utilizaci\u00f3n<\/strong>: Dise\u00f1ado a la perfecci\u00f3n para empaquetar anillos, pulseras de cristal, brazaletes, cadenas largas, colgantes<\/li>\n<li><strong>Tipo de envase<\/strong>: Exquisito estuche de regalo para guardar joyas y regalar con estilo<\/li>\n<\/ul>\n<h3 class=\"header-vfC6AV auto-hide-last-sibling-br\">Caracter\u00edsticas principales<\/h3>\n<ul class=\"auto-hide-last-sibling-br\">\n<li><strong>Dise\u00f1o glamuroso<\/strong>: Fabricados con suave piel de PU de primera calidad, estos estuches irradian lujo y realzan al instante cualquier joya que contengan.<\/li>\n<li><strong>Tallas a medida para cada tesoro<\/strong>: Disponible en varias opciones de di\u00e1metro interior para alojar perfectamente diferentes tipos de joyas:\n<ul class=\"auto-hide-last-sibling-br\">\n<li>Caja de anillas: 4.8<em>4.5<\/em>3,5 cm (se ajusta perfectamente a los anillos)<\/li>\n<li>Caja para colgante\/collar: 6.2<em>6.5<\/em>2,0 cm (perfecto para colgantes y collares)<\/li>\n<li>Caja para pulsera: 8.5<em>8.5<\/em>3,2 cm (ideal para pulseras)<\/li>\n<li>Caja de cadena larga: 22.6<em>3.8<\/em>1,4 cm (para cadenas largas)<\/li>\n<\/ul>\n<\/li>\n<li><strong>Interior protector y digno de escaparate<\/strong>: El forro interior de felpa mantiene las joyas a salvo de ara\u00f1azos y da\u00f1os, a la vez que hace que sus piezas luzcan totalmente deslumbrantes.<\/li>\n<\/ul>\n<h3 class=\"header-vfC6AV auto-hide-last-sibling-br\">Ventaja especial<\/h3>\n<div class=\"auto-hide-last-sibling-br paragraph-JOTKXA paragraph-element br-paragraph-space\">Hacer un pedido\u00a0<em>ahora<\/em>\u00a0y obtener un\u00a0<strong>peque\u00f1o regalo al azar<\/strong> \u00a1incluido! El regalo y el joyero se env\u00edan en paquetes separados, as\u00ed que si recibes primero el regalo, no te preocupes, \u00a1el joyero ya est\u00e1 en camino!<\/div>\n<\/div>\n<\/div>\n<\/div>\n<\/div>\n<\/div>\n<\/div>\n<\/div>\n<\/div>\n<\/div>\n<\/div>\n<\/div>","protected":false},"excerpt":{"rendered":"<p>Product Overview Elevate your jewelry gifting and storage game with these\u00a0luxury PU leather jewelry boxes! Perfect for showcasing and safeguarding gold rings, glistening crystal bracelets, chic bangles, elegant long chains, and dainty pendants, they seamlessly merge timeless elegance with practicality \u2014 ideal for both personal jewelry organization and unforgettable gifting moments. Key Specifications Material: Top-tier&#8230;<\/p>","protected":false},"featured_media":43390,"comment_status":"open","ping_status":"closed","template":"","meta":{"_acf_changed":false},"product_brand":[84],"product_cat":[72,421],"product_tag":[328,327,332,334,329,325,331,330,333,324,326,335],"class_list":{"0":"post-43387","1":"product","2":"type-product","3":"status-publish","4":"has-post-thumbnail","6":"product_brand-de-liang","7":"product_cat-jewelry-boxes-packaging","8":"product_cat-ring-box","9":"product_tag-bangle-storage-box","10":"product_tag-crystal-bracelet-box","11":"product_tag-elegant-jewelry-packaging-box","12":"product_tag-jewelry-gift-box-for-gifting","13":"product_tag-long-chain-jewelry-box","14":"product_tag-luxury-jewelry-storage-box","15":"product_tag-multiple-size-jewelry-box","16":"product_tag-pendant-jewelry-box","17":"product_tag-premium-leather-jewelry-box","18":"product_tag-pu-leather-jewelry-gift-box","19":"product_tag-ring-gift-box","20":"product_tag-scratch-proof-jewelry-box","22":"first","23":"instock","24":"shipping-taxable","25":"purchasable","26":"product-type-simple"},"acf":[],"yoast_head":"<!-- This site is optimized with the Yoast SEO plugin v27.4 - https:\/\/yoast.com\/product\/yoast-seo-wordpress\/ -->\n<title>Luxury PU Leather Jewelry Gift Box - For Rings, Bracelets, Chains, Pendants (Multiple Sizes) - DE-LIANG - jewelry,clothes,watch,beauty cosmetics<\/title>\n<meta name=\"robots\" content=\"index, follow, max-snippet:-1, max-image-preview:large, max-video-preview:-1\" \/>\n<link rel=\"canonical\" href=\"https:\/\/deliangdisplay.com\/es\/nuestro-producto\/envasado\/embalaje-de-joyeros\/lujoso-joyero-de-pu-cuero-caja-de-regalo-para-anillos-pulseras-cadenas-colgantes-multiples-tamanos\/\" \/>\n<meta property=\"og:locale\" content=\"es_ES\" \/>\n<meta property=\"og:type\" content=\"article\" \/>\n<meta property=\"og:title\" content=\"Luxury PU Leather Jewelry Gift Box - For Rings, Bracelets, Chains, Pendants (Multiple Sizes) - DE-LIANG - jewelry,clothes,watch,beauty cosmetics\" \/>\n<meta property=\"og:description\" content=\"Product Overview Elevate your jewelry gifting and storage game with these\u00a0luxury PU leather jewelry boxes! Perfect for showcasing and safeguarding gold rings, glistening crystal bracelets, chic bangles, elegant long chains, and dainty pendants, they seamlessly merge timeless elegance with practicality \u2014 ideal for both personal jewelry organization and unforgettable gifting moments. Key Specifications Material: Top-tier...\" \/>\n<meta property=\"og:url\" content=\"https:\/\/deliangdisplay.com\/es\/nuestro-producto\/envasado\/embalaje-de-joyeros\/lujoso-joyero-de-pu-cuero-caja-de-regalo-para-anillos-pulseras-cadenas-colgantes-multiples-tamanos\/\" \/>\n<meta property=\"og:site_name\" content=\"DE-LIANG - jewelry,clothes,watch,beauty cosmetics\" \/>\n<meta property=\"article:publisher\" content=\"https:\/\/www.facebook.com\/JaneZhang008\/\" \/>\n<meta property=\"article:modified_time\" content=\"2025-10-10T11:15:44+00:00\" \/>\n<meta property=\"og:image\" content=\"https:\/\/deliangdisplay.com\/wp-content\/uploads\/2025\/10\/18.jpg\" \/>\n\t<meta property=\"og:image:width\" content=\"800\" \/>\n\t<meta property=\"og:image:height\" content=\"800\" \/>\n\t<meta property=\"og:image:type\" content=\"image\/jpeg\" \/>\n<meta name=\"twitter:card\" content=\"summary_large_image\" \/>\n<meta name=\"twitter:site\" content=\"@ly673551729\" \/>\n<meta name=\"twitter:label1\" content=\"Tiempo de lectura\" \/>\n\t<meta name=\"twitter:data1\" content=\"2 minutos\" \/>\n<script type=\"application\/ld+json\" class=\"yoast-schema-graph\">{\"@context\":\"https:\\\/\\\/schema.org\",\"@graph\":[{\"@type\":\"WebPage\",\"@id\":\"https:\\\/\\\/deliangdisplay.com\\\/our-product\\\/packaging\\\/jewelry-boxes-packaging\\\/luxury-pu-leather-jewelry-gift-box-for-rings-bracelets-chains-pendants-multiple-sizes\\\/\",\"url\":\"https:\\\/\\\/deliangdisplay.com\\\/our-product\\\/packaging\\\/jewelry-boxes-packaging\\\/luxury-pu-leather-jewelry-gift-box-for-rings-bracelets-chains-pendants-multiple-sizes\\\/\",\"name\":\"Luxury PU Leather Jewelry Gift Box - For Rings, Bracelets, Chains, Pendants (Multiple Sizes) - DE-LIANG - jewelry,clothes,watch,beauty cosmetics\",\"isPartOf\":{\"@id\":\"https:\\\/\\\/deliangdisplay.com\\\/#website\"},\"primaryImageOfPage\":{\"@id\":\"https:\\\/\\\/deliangdisplay.com\\\/our-product\\\/packaging\\\/jewelry-boxes-packaging\\\/luxury-pu-leather-jewelry-gift-box-for-rings-bracelets-chains-pendants-multiple-sizes\\\/#primaryimage\"},\"image\":{\"@id\":\"https:\\\/\\\/deliangdisplay.com\\\/our-product\\\/packaging\\\/jewelry-boxes-packaging\\\/luxury-pu-leather-jewelry-gift-box-for-rings-bracelets-chains-pendants-multiple-sizes\\\/#primaryimage\"},\"thumbnailUrl\":\"https:\\\/\\\/deliangdisplay.com\\\/wp-content\\\/uploads\\\/2025\\\/10\\\/18.jpg\",\"datePublished\":\"2025-10-10T07:11:50+00:00\",\"dateModified\":\"2025-10-10T11:15:44+00:00\",\"breadcrumb\":{\"@id\":\"https:\\\/\\\/deliangdisplay.com\\\/our-product\\\/packaging\\\/jewelry-boxes-packaging\\\/luxury-pu-leather-jewelry-gift-box-for-rings-bracelets-chains-pendants-multiple-sizes\\\/#breadcrumb\"},\"inLanguage\":\"es\",\"potentialAction\":[{\"@type\":\"ReadAction\",\"target\":[\"https:\\\/\\\/deliangdisplay.com\\\/our-product\\\/packaging\\\/jewelry-boxes-packaging\\\/luxury-pu-leather-jewelry-gift-box-for-rings-bracelets-chains-pendants-multiple-sizes\\\/\"]}]},{\"@type\":\"ImageObject\",\"inLanguage\":\"es\",\"@id\":\"https:\\\/\\\/deliangdisplay.com\\\/our-product\\\/packaging\\\/jewelry-boxes-packaging\\\/luxury-pu-leather-jewelry-gift-box-for-rings-bracelets-chains-pendants-multiple-sizes\\\/#primaryimage\",\"url\":\"https:\\\/\\\/deliangdisplay.com\\\/wp-content\\\/uploads\\\/2025\\\/10\\\/18.jpg\",\"contentUrl\":\"https:\\\/\\\/deliangdisplay.com\\\/wp-content\\\/uploads\\\/2025\\\/10\\\/18.jpg\",\"width\":800,\"height\":800},{\"@type\":\"BreadcrumbList\",\"@id\":\"https:\\\/\\\/deliangdisplay.com\\\/our-product\\\/packaging\\\/jewelry-boxes-packaging\\\/luxury-pu-leather-jewelry-gift-box-for-rings-bracelets-chains-pendants-multiple-sizes\\\/#breadcrumb\",\"itemListElement\":[{\"@type\":\"ListItem\",\"position\":1,\"name\":\"\u9996\u9875\",\"item\":\"https:\\\/\\\/deliangdisplay.com\\\/\"},{\"@type\":\"ListItem\",\"position\":2,\"name\":\"Our Product\",\"item\":\"https:\\\/\\\/deliangdisplay.com\\\/our-product\\\/\"},{\"@type\":\"ListItem\",\"position\":3,\"name\":\"Luxury PU Leather Jewelry Gift Box &#8211; For Rings, Bracelets, Chains, Pendants (Multiple Sizes)\"}]},{\"@type\":\"WebSite\",\"@id\":\"https:\\\/\\\/deliangdisplay.com\\\/#website\",\"url\":\"https:\\\/\\\/deliangdisplay.com\\\/\",\"name\":\"deliangdisplay.com\",\"description\":\"DE-LIANG - Providing bespoke packaging solutions and luxurious display design services for brands in jewelry, apparel, watches, beauty cosmetics, and more.\",\"publisher\":{\"@id\":\"https:\\\/\\\/deliangdisplay.com\\\/#organization\"},\"potentialAction\":[{\"@type\":\"SearchAction\",\"target\":{\"@type\":\"EntryPoint\",\"urlTemplate\":\"https:\\\/\\\/deliangdisplay.com\\\/?s={search_term_string}\"},\"query-input\":{\"@type\":\"PropertyValueSpecification\",\"valueRequired\":true,\"valueName\":\"search_term_string\"}}],\"inLanguage\":\"es\"},{\"@type\":\"Organization\",\"@id\":\"https:\\\/\\\/deliangdisplay.com\\\/#organization\",\"name\":\"deliangdisplay.com\",\"url\":\"https:\\\/\\\/deliangdisplay.com\\\/\",\"logo\":{\"@type\":\"ImageObject\",\"inLanguage\":\"es\",\"@id\":\"https:\\\/\\\/deliangdisplay.com\\\/#\\\/schema\\\/logo\\\/image\\\/\",\"url\":\"https:\\\/\\\/deliangdisplay.com\\\/wp-content\\\/uploads\\\/2025\\\/08\\\/DELIANGDISPALY_logo.png\",\"contentUrl\":\"https:\\\/\\\/deliangdisplay.com\\\/wp-content\\\/uploads\\\/2025\\\/08\\\/DELIANGDISPALY_logo.png\",\"width\":300,\"height\":130,\"caption\":\"deliangdisplay.com\"},\"image\":{\"@id\":\"https:\\\/\\\/deliangdisplay.com\\\/#\\\/schema\\\/logo\\\/image\\\/\"},\"sameAs\":[\"https:\\\/\\\/www.facebook.com\\\/JaneZhang008\\\/\",\"https:\\\/\\\/x.com\\\/ly673551729\"]}]}<\/script>\n<!-- \/ Yoast SEO plugin. -->","yoast_head_json":{"title":"Caja de regalo de lujo de la joyer\u00eda de cuero de la PU - Para los anillos, pulseras, cadenas, colgantes (varios tama\u00f1os) - DE-LIANG - joyer\u00eda,ropa,reloj,cosm\u00e9ticos de belleza","robots":{"index":"index","follow":"follow","max-snippet":"max-snippet:-1","max-image-preview":"max-image-preview:large","max-video-preview":"max-video-preview:-1"},"canonical":"https:\/\/deliangdisplay.com\/es\/nuestro-producto\/envasado\/embalaje-de-joyeros\/lujoso-joyero-de-pu-cuero-caja-de-regalo-para-anillos-pulseras-cadenas-colgantes-multiples-tamanos\/","og_locale":"es_ES","og_type":"article","og_title":"Luxury PU Leather Jewelry Gift Box - For Rings, Bracelets, Chains, Pendants (Multiple Sizes) - DE-LIANG - jewelry,clothes,watch,beauty cosmetics","og_description":"Product Overview Elevate your jewelry gifting and storage game with these\u00a0luxury PU leather jewelry boxes! Perfect for showcasing and safeguarding gold rings, glistening crystal bracelets, chic bangles, elegant long chains, and dainty pendants, they seamlessly merge timeless elegance with practicality \u2014 ideal for both personal jewelry organization and unforgettable gifting moments. Key Specifications Material: Top-tier...","og_url":"https:\/\/deliangdisplay.com\/es\/nuestro-producto\/envasado\/embalaje-de-joyeros\/lujoso-joyero-de-pu-cuero-caja-de-regalo-para-anillos-pulseras-cadenas-colgantes-multiples-tamanos\/","og_site_name":"DE-LIANG - jewelry,clothes,watch,beauty cosmetics","article_publisher":"https:\/\/www.facebook.com\/JaneZhang008\/","article_modified_time":"2025-10-10T11:15:44+00:00","og_image":[{"width":800,"height":800,"url":"https:\/\/deliangdisplay.com\/wp-content\/uploads\/2025\/10\/18.jpg","type":"image\/jpeg"}],"twitter_card":"summary_large_image","twitter_site":"@ly673551729","twitter_misc":{"Tiempo de lectura":"2 minutos"},"schema":{"@context":"https:\/\/schema.org","@graph":[{"@type":"WebPage","@id":"https:\/\/deliangdisplay.com\/our-product\/packaging\/jewelry-boxes-packaging\/luxury-pu-leather-jewelry-gift-box-for-rings-bracelets-chains-pendants-multiple-sizes\/","url":"https:\/\/deliangdisplay.com\/our-product\/packaging\/jewelry-boxes-packaging\/luxury-pu-leather-jewelry-gift-box-for-rings-bracelets-chains-pendants-multiple-sizes\/","name":"Caja de regalo de lujo de la joyer\u00eda de cuero de la PU - Para los anillos, pulseras, cadenas, colgantes (varios tama\u00f1os) - DE-LIANG - joyer\u00eda,ropa,reloj,cosm\u00e9ticos de belleza","isPartOf":{"@id":"https:\/\/deliangdisplay.com\/#website"},"primaryImageOfPage":{"@id":"https:\/\/deliangdisplay.com\/our-product\/packaging\/jewelry-boxes-packaging\/luxury-pu-leather-jewelry-gift-box-for-rings-bracelets-chains-pendants-multiple-sizes\/#primaryimage"},"image":{"@id":"https:\/\/deliangdisplay.com\/our-product\/packaging\/jewelry-boxes-packaging\/luxury-pu-leather-jewelry-gift-box-for-rings-bracelets-chains-pendants-multiple-sizes\/#primaryimage"},"thumbnailUrl":"https:\/\/deliangdisplay.com\/wp-content\/uploads\/2025\/10\/18.jpg","datePublished":"2025-10-10T07:11:50+00:00","dateModified":"2025-10-10T11:15:44+00:00","breadcrumb":{"@id":"https:\/\/deliangdisplay.com\/our-product\/packaging\/jewelry-boxes-packaging\/luxury-pu-leather-jewelry-gift-box-for-rings-bracelets-chains-pendants-multiple-sizes\/#breadcrumb"},"inLanguage":"es","potentialAction":[{"@type":"ReadAction","target":["https:\/\/deliangdisplay.com\/our-product\/packaging\/jewelry-boxes-packaging\/luxury-pu-leather-jewelry-gift-box-for-rings-bracelets-chains-pendants-multiple-sizes\/"]}]},{"@type":"ImageObject","inLanguage":"es","@id":"https:\/\/deliangdisplay.com\/our-product\/packaging\/jewelry-boxes-packaging\/luxury-pu-leather-jewelry-gift-box-for-rings-bracelets-chains-pendants-multiple-sizes\/#primaryimage","url":"https:\/\/deliangdisplay.com\/wp-content\/uploads\/2025\/10\/18.jpg","contentUrl":"https:\/\/deliangdisplay.com\/wp-content\/uploads\/2025\/10\/18.jpg","width":800,"height":800},{"@type":"BreadcrumbList","@id":"https:\/\/deliangdisplay.com\/our-product\/packaging\/jewelry-boxes-packaging\/luxury-pu-leather-jewelry-gift-box-for-rings-bracelets-chains-pendants-multiple-sizes\/#breadcrumb","itemListElement":[{"@type":"ListItem","position":1,"name":"\u9996\u9875","item":"https:\/\/deliangdisplay.com\/"},{"@type":"ListItem","position":2,"name":"Our Product","item":"https:\/\/deliangdisplay.com\/our-product\/"},{"@type":"ListItem","position":3,"name":"Luxury PU Leather Jewelry Gift Box &#8211; For Rings, Bracelets, Chains, Pendants (Multiple Sizes)"}]},{"@type":"WebSite","@id":"https:\/\/deliangdisplay.com\/#website","url":"https:\/\/deliangdisplay.com\/","name":"deliangdisplay.com","description":"DE-LIANG - Proporciona soluciones de envasado a medida y servicios de dise\u00f1o de expositores de lujo para marcas de joyer\u00eda, ropa, relojes, cosm\u00e9ticos de belleza, etc.","publisher":{"@id":"https:\/\/deliangdisplay.com\/#organization"},"potentialAction":[{"@type":"SearchAction","target":{"@type":"EntryPoint","urlTemplate":"https:\/\/deliangdisplay.com\/?s={search_term_string}"},"query-input":{"@type":"PropertyValueSpecification","valueRequired":true,"valueName":"search_term_string"}}],"inLanguage":"es"},{"@type":"Organization","@id":"https:\/\/deliangdisplay.com\/#organization","name":"deliangdisplay.com","url":"https:\/\/deliangdisplay.com\/","logo":{"@type":"ImageObject","inLanguage":"es","@id":"https:\/\/deliangdisplay.com\/#\/schema\/logo\/image\/","url":"https:\/\/deliangdisplay.com\/wp-content\/uploads\/2025\/08\/DELIANGDISPALY_logo.png","contentUrl":"https:\/\/deliangdisplay.com\/wp-content\/uploads\/2025\/08\/DELIANGDISPALY_logo.png","width":300,"height":130,"caption":"deliangdisplay.com"},"image":{"@id":"https:\/\/deliangdisplay.com\/#\/schema\/logo\/image\/"},"sameAs":["https:\/\/www.facebook.com\/JaneZhang008\/","https:\/\/x.com\/ly673551729"]}]}},"_links":{"self":[{"href":"https:\/\/deliangdisplay.com\/es\/wp-json\/wp\/v2\/product\/43387","targetHints":{"allow":["GET"]}}],"collection":[{"href":"https:\/\/deliangdisplay.com\/es\/wp-json\/wp\/v2\/product"}],"about":[{"href":"https:\/\/deliangdisplay.com\/es\/wp-json\/wp\/v2\/types\/product"}],"replies":[{"embeddable":true,"href":"https:\/\/deliangdisplay.com\/es\/wp-json\/wp\/v2\/comments?post=43387"}],"wp:featuredmedia":[{"embeddable":true,"href":"https:\/\/deliangdisplay.com\/es\/wp-json\/wp\/v2\/media\/43390"}],"wp:attachment":[{"href":"https:\/\/deliangdisplay.com\/es\/wp-json\/wp\/v2\/media?parent=43387"}],"wp:term":[{"taxonomy":"product_brand","embeddable":true,"href":"https:\/\/deliangdisplay.com\/es\/wp-json\/wp\/v2\/product_brand?post=43387"},{"taxonomy":"product_cat","embeddable":true,"href":"https:\/\/deliangdisplay.com\/es\/wp-json\/wp\/v2\/product_cat?post=43387"},{"taxonomy":"product_tag","embeddable":true,"href":"https:\/\/deliangdisplay.com\/es\/wp-json\/wp\/v2\/product_tag?post=43387"}],"curies":[{"name":"wp","href":"https:\/\/api.w.org\/{rel}","templated":true}]}}