{"id":43322,"date":"2025-10-08T17:29:07","date_gmt":"2025-10-08T09:29:07","guid":{"rendered":"https:\/\/deliangdisplay.com\/?post_type=product&#038;p=43322"},"modified":"2025-10-09T09:52:45","modified_gmt":"2025-10-09T01:52:45","slug":"bandeja-expositora-de-madera-maciza-vintage-organizador-cuadrado-para-anillos-pulseras-relojes","status":"publish","type":"product","link":"https:\/\/deliangdisplay.com\/es\/nuestro-producto\/muestra\/bandejas-de-presentacion-de-joyas-espejos\/bandeja-expositora-de-madera-maciza-vintage-organizador-cuadrado-para-anillos-pulseras-relojes\/","title":{"rendered":"Bandeja vintage de madera maciza para joyas - Organizador cuadrado para anillos, pulseras, relojes"},"content":{"rendered":"<div class=\"auto-hide-last-sibling-br paragraph-JOTKXA paragraph-element br-paragraph-space\">\n<h3 class=\"header-vfC6AV auto-hide-last-sibling-br\">Productos<\/h3>\n<div class=\"auto-hide-last-sibling-br paragraph-JOTKXA paragraph-element br-paragraph-space\">Elegante y pr\u00e1ctico expositor de joyas fabricado en madera maciza de alta calidad. Tiene forma cuadrada y estilo vintage, y est\u00e1 disponible en blanco roto y gris oscuro (para las bandejas de 3 rejillas). Dise\u00f1ado para exhibir joyas con elegancia, resalta el lujo y el encanto de sus piezas preciosas.<\/div>\n<h3 class=\"header-vfC6AV auto-hide-last-sibling-br\">Especificaciones<\/h3>\n<ul class=\"auto-hide-last-sibling-br\">\n<li><strong>Categor\u00eda<\/strong>: Expositor de joyas<\/li>\n<li><strong>Material<\/strong>: Madera maciza (textura suave y delicada, conserva las vetas naturales de la madera)<\/li>\n<li><strong>Forma<\/strong>: Cuadrado<\/li>\n<li><strong>Colores<\/strong>: Blanco hueso, gris oscuro (para modelos de bandeja de 3 rejillas)<\/li>\n<li><strong>Talla<\/strong>: 25*<em>20*<\/em>2 cm (aproximado; la medici\u00f3n manual puede causar ligeros errores, consulte el producto real)<\/li>\n<li><strong>Peso<\/strong>: Alrededor de 0,244 kg por pieza (var\u00eda ligeramente seg\u00fan el modelo espec\u00edfico)<\/li>\n<\/ul>\n<h3 class=\"header-vfC6AV auto-hide-last-sibling-br\">Caracter\u00edsticas principales<\/h3>\n<ul class=\"auto-hide-last-sibling-br\">\n<li><strong>Pantalla elegante<\/strong>: Meticulosamente elaborado para resaltar el brillo y el lujo de las joyas, perfecto para exhibir anillos, pulseras, collares, relojes, etc.<\/li>\n<li><strong>Material de primera calidad<\/strong>: La construcci\u00f3n de madera maciza garantiza su durabilidad, mientras que el interior de franela a juego protege las joyas de ara\u00f1azos.<\/li>\n<li><strong>Est\u00e9tica vintage<\/strong>: El estilo vintage a\u00f1ade un toque de sofisticaci\u00f3n, adecuado tanto para uso personal (organizaci\u00f3n de joyas en casa) como comercial (expositores de joyer\u00eda).<\/li>\n<li><strong>Uso vers\u00e1til<\/strong>: Puede combinarse con otros productos de la misma serie para conseguir una exposici\u00f3n coordinada y ampliada.<\/li>\n<\/ul>\n<h3 class=\"header-vfC6AV auto-hide-last-sibling-br\">Escenarios de aplicaci\u00f3n<\/h3>\n<ul class=\"auto-hide-last-sibling-br\">\n<li><strong>Uso dom\u00e9stico<\/strong>: Ideal para organizar y exponer colecciones personales de joyas, manteniendo collares, pulseras, anillos y relojes ordenados y f\u00e1cilmente accesibles.<\/li>\n<li><strong>Joyer\u00edas<\/strong>: Perfecto para exhibir joyas de forma refinada, atrayendo a los clientes con su elegante presentaci\u00f3n de anillos, pendientes, pulseras y otros accesorios.<\/li>\n<li><strong>Regalos<\/strong>: Una excelente opci\u00f3n de regalo para los amantes de las joyas, ya que ofrece una forma elegante y funcional de guardar y exponer sus tesoros.<\/li>\n<\/ul>\n<\/div>","protected":false},"excerpt":{"rendered":"<p>This solid wood jewelry display rack, with a vintage square design, comes in off &#8211; white and dark gray. Made of quality solid wood, it&#8217;s ideal for showcasing rings, bracelets, and watches, adding elegance to your jewelry collection.<\/p>","protected":false},"featured_media":43324,"comment_status":"open","ping_status":"closed","template":"","meta":{"_acf_changed":false},"product_brand":[84],"product_cat":[78],"product_tag":[296,302,300,297,299,298,301],"class_list":{"0":"post-43322","1":"product","2":"type-product","3":"status-publish","4":"has-post-thumbnail","6":"product_brand-de-liang","7":"product_cat-jewelry-presentation-trays-mirrors","8":"product_tag-jewelry-display-rack","9":"product_tag-jewelry-showcase-rack","10":"product_tag-jewelry-storage-tray","11":"product_tag-solid-wood-jewelry-organizer","12":"product_tag-square-jewelry-display","13":"product_tag-vintage-jewelry-tray","14":"product_tag-wooden-jewelry-holder","16":"first","17":"instock","18":"shipping-taxable","19":"purchasable","20":"product-type-simple"},"acf":[],"yoast_head":"<!-- This site is optimized with the Yoast SEO plugin v27.4 - https:\/\/yoast.com\/product\/yoast-seo-wordpress\/ -->\n<title>Vintage Solid Wood Jewelry Display Tray - Square Organizer for Rings, Bracelets, Watches - DE-LIANG - jewelry,clothes,watch,beauty cosmetics<\/title>\n<meta name=\"robots\" content=\"index, follow, max-snippet:-1, max-image-preview:large, max-video-preview:-1\" \/>\n<link rel=\"canonical\" href=\"https:\/\/deliangdisplay.com\/es\/nuestro-producto\/muestra\/bandejas-de-presentacion-de-joyas-espejos\/bandeja-expositora-de-madera-maciza-vintage-organizador-cuadrado-para-anillos-pulseras-relojes\/\" \/>\n<meta property=\"og:locale\" content=\"es_ES\" \/>\n<meta property=\"og:type\" content=\"article\" \/>\n<meta property=\"og:title\" content=\"Vintage Solid Wood Jewelry Display Tray - Square Organizer for Rings, Bracelets, Watches - DE-LIANG - jewelry,clothes,watch,beauty cosmetics\" \/>\n<meta property=\"og:description\" content=\"This solid wood jewelry display rack, with a vintage square design, comes in off - white and dark gray. Made of quality solid wood, it&#039;s ideal for showcasing rings, bracelets, and watches, adding elegance to your jewelry collection.\" \/>\n<meta property=\"og:url\" content=\"https:\/\/deliangdisplay.com\/es\/nuestro-producto\/muestra\/bandejas-de-presentacion-de-joyas-espejos\/bandeja-expositora-de-madera-maciza-vintage-organizador-cuadrado-para-anillos-pulseras-relojes\/\" \/>\n<meta property=\"og:site_name\" content=\"DE-LIANG - jewelry,clothes,watch,beauty cosmetics\" \/>\n<meta property=\"article:publisher\" content=\"https:\/\/www.facebook.com\/JaneZhang008\/\" \/>\n<meta property=\"article:modified_time\" content=\"2025-10-09T01:52:45+00:00\" \/>\n<meta property=\"og:image\" content=\"https:\/\/deliangdisplay.com\/wp-content\/uploads\/2025\/10\/6.jpg\" \/>\n\t<meta property=\"og:image:width\" content=\"800\" \/>\n\t<meta property=\"og:image:height\" content=\"800\" \/>\n\t<meta property=\"og:image:type\" content=\"image\/jpeg\" \/>\n<meta name=\"twitter:card\" content=\"summary_large_image\" \/>\n<meta name=\"twitter:site\" content=\"@ly673551729\" \/>\n<meta name=\"twitter:label1\" content=\"Tiempo de lectura\" \/>\n\t<meta name=\"twitter:data1\" content=\"2 minutos\" \/>\n<script type=\"application\/ld+json\" class=\"yoast-schema-graph\">{\"@context\":\"https:\\\/\\\/schema.org\",\"@graph\":[{\"@type\":\"WebPage\",\"@id\":\"https:\\\/\\\/deliangdisplay.com\\\/our-product\\\/displays\\\/jewelry-presentation-trays-mirrors\\\/vintage-solid-wood-jewelry-display-tray-square-organizer-for-rings-bracelets-watches\\\/\",\"url\":\"https:\\\/\\\/deliangdisplay.com\\\/our-product\\\/displays\\\/jewelry-presentation-trays-mirrors\\\/vintage-solid-wood-jewelry-display-tray-square-organizer-for-rings-bracelets-watches\\\/\",\"name\":\"Vintage Solid Wood Jewelry Display Tray - Square Organizer for Rings, Bracelets, Watches - DE-LIANG - jewelry,clothes,watch,beauty cosmetics\",\"isPartOf\":{\"@id\":\"https:\\\/\\\/deliangdisplay.com\\\/#website\"},\"primaryImageOfPage\":{\"@id\":\"https:\\\/\\\/deliangdisplay.com\\\/our-product\\\/displays\\\/jewelry-presentation-trays-mirrors\\\/vintage-solid-wood-jewelry-display-tray-square-organizer-for-rings-bracelets-watches\\\/#primaryimage\"},\"image\":{\"@id\":\"https:\\\/\\\/deliangdisplay.com\\\/our-product\\\/displays\\\/jewelry-presentation-trays-mirrors\\\/vintage-solid-wood-jewelry-display-tray-square-organizer-for-rings-bracelets-watches\\\/#primaryimage\"},\"thumbnailUrl\":\"https:\\\/\\\/deliangdisplay.com\\\/wp-content\\\/uploads\\\/2025\\\/10\\\/6.jpg\",\"datePublished\":\"2025-10-08T09:29:07+00:00\",\"dateModified\":\"2025-10-09T01:52:45+00:00\",\"breadcrumb\":{\"@id\":\"https:\\\/\\\/deliangdisplay.com\\\/our-product\\\/displays\\\/jewelry-presentation-trays-mirrors\\\/vintage-solid-wood-jewelry-display-tray-square-organizer-for-rings-bracelets-watches\\\/#breadcrumb\"},\"inLanguage\":\"es\",\"potentialAction\":[{\"@type\":\"ReadAction\",\"target\":[\"https:\\\/\\\/deliangdisplay.com\\\/our-product\\\/displays\\\/jewelry-presentation-trays-mirrors\\\/vintage-solid-wood-jewelry-display-tray-square-organizer-for-rings-bracelets-watches\\\/\"]}]},{\"@type\":\"ImageObject\",\"inLanguage\":\"es\",\"@id\":\"https:\\\/\\\/deliangdisplay.com\\\/our-product\\\/displays\\\/jewelry-presentation-trays-mirrors\\\/vintage-solid-wood-jewelry-display-tray-square-organizer-for-rings-bracelets-watches\\\/#primaryimage\",\"url\":\"https:\\\/\\\/deliangdisplay.com\\\/wp-content\\\/uploads\\\/2025\\\/10\\\/6.jpg\",\"contentUrl\":\"https:\\\/\\\/deliangdisplay.com\\\/wp-content\\\/uploads\\\/2025\\\/10\\\/6.jpg\",\"width\":800,\"height\":800},{\"@type\":\"BreadcrumbList\",\"@id\":\"https:\\\/\\\/deliangdisplay.com\\\/our-product\\\/displays\\\/jewelry-presentation-trays-mirrors\\\/vintage-solid-wood-jewelry-display-tray-square-organizer-for-rings-bracelets-watches\\\/#breadcrumb\",\"itemListElement\":[{\"@type\":\"ListItem\",\"position\":1,\"name\":\"\u9996\u9875\",\"item\":\"https:\\\/\\\/deliangdisplay.com\\\/\"},{\"@type\":\"ListItem\",\"position\":2,\"name\":\"Our Product\",\"item\":\"https:\\\/\\\/deliangdisplay.com\\\/our-product\\\/\"},{\"@type\":\"ListItem\",\"position\":3,\"name\":\"Vintage Solid Wood Jewelry Display Tray &#8211; Square Organizer for Rings, Bracelets, Watches\"}]},{\"@type\":\"WebSite\",\"@id\":\"https:\\\/\\\/deliangdisplay.com\\\/#website\",\"url\":\"https:\\\/\\\/deliangdisplay.com\\\/\",\"name\":\"deliangdisplay.com\",\"description\":\"DE-LIANG - Providing bespoke packaging solutions and luxurious display design services for brands in jewelry, apparel, watches, beauty cosmetics, and more.\",\"publisher\":{\"@id\":\"https:\\\/\\\/deliangdisplay.com\\\/#organization\"},\"potentialAction\":[{\"@type\":\"SearchAction\",\"target\":{\"@type\":\"EntryPoint\",\"urlTemplate\":\"https:\\\/\\\/deliangdisplay.com\\\/?s={search_term_string}\"},\"query-input\":{\"@type\":\"PropertyValueSpecification\",\"valueRequired\":true,\"valueName\":\"search_term_string\"}}],\"inLanguage\":\"es\"},{\"@type\":\"Organization\",\"@id\":\"https:\\\/\\\/deliangdisplay.com\\\/#organization\",\"name\":\"deliangdisplay.com\",\"url\":\"https:\\\/\\\/deliangdisplay.com\\\/\",\"logo\":{\"@type\":\"ImageObject\",\"inLanguage\":\"es\",\"@id\":\"https:\\\/\\\/deliangdisplay.com\\\/#\\\/schema\\\/logo\\\/image\\\/\",\"url\":\"https:\\\/\\\/deliangdisplay.com\\\/wp-content\\\/uploads\\\/2025\\\/08\\\/DELIANGDISPALY_logo.png\",\"contentUrl\":\"https:\\\/\\\/deliangdisplay.com\\\/wp-content\\\/uploads\\\/2025\\\/08\\\/DELIANGDISPALY_logo.png\",\"width\":300,\"height\":130,\"caption\":\"deliangdisplay.com\"},\"image\":{\"@id\":\"https:\\\/\\\/deliangdisplay.com\\\/#\\\/schema\\\/logo\\\/image\\\/\"},\"sameAs\":[\"https:\\\/\\\/www.facebook.com\\\/JaneZhang008\\\/\",\"https:\\\/\\\/x.com\\\/ly673551729\"]}]}<\/script>\n<!-- \/ Yoast SEO plugin. -->","yoast_head_json":{"title":"Bandeja Expositora de Joyer\u00eda Vintage de Madera Maciza - Organizador Cuadrado para Anillos, Pulseras, Relojes - DE-LIANG - joyeria,ropa,reloj,cosmeticos belleza","robots":{"index":"index","follow":"follow","max-snippet":"max-snippet:-1","max-image-preview":"max-image-preview:large","max-video-preview":"max-video-preview:-1"},"canonical":"https:\/\/deliangdisplay.com\/es\/nuestro-producto\/muestra\/bandejas-de-presentacion-de-joyas-espejos\/bandeja-expositora-de-madera-maciza-vintage-organizador-cuadrado-para-anillos-pulseras-relojes\/","og_locale":"es_ES","og_type":"article","og_title":"Vintage Solid Wood Jewelry Display Tray - Square Organizer for Rings, Bracelets, Watches - DE-LIANG - jewelry,clothes,watch,beauty cosmetics","og_description":"This solid wood jewelry display rack, with a vintage square design, comes in off - white and dark gray. Made of quality solid wood, it's ideal for showcasing rings, bracelets, and watches, adding elegance to your jewelry collection.","og_url":"https:\/\/deliangdisplay.com\/es\/nuestro-producto\/muestra\/bandejas-de-presentacion-de-joyas-espejos\/bandeja-expositora-de-madera-maciza-vintage-organizador-cuadrado-para-anillos-pulseras-relojes\/","og_site_name":"DE-LIANG - jewelry,clothes,watch,beauty cosmetics","article_publisher":"https:\/\/www.facebook.com\/JaneZhang008\/","article_modified_time":"2025-10-09T01:52:45+00:00","og_image":[{"width":800,"height":800,"url":"https:\/\/deliangdisplay.com\/wp-content\/uploads\/2025\/10\/6.jpg","type":"image\/jpeg"}],"twitter_card":"summary_large_image","twitter_site":"@ly673551729","twitter_misc":{"Tiempo de lectura":"2 minutos"},"schema":{"@context":"https:\/\/schema.org","@graph":[{"@type":"WebPage","@id":"https:\/\/deliangdisplay.com\/our-product\/displays\/jewelry-presentation-trays-mirrors\/vintage-solid-wood-jewelry-display-tray-square-organizer-for-rings-bracelets-watches\/","url":"https:\/\/deliangdisplay.com\/our-product\/displays\/jewelry-presentation-trays-mirrors\/vintage-solid-wood-jewelry-display-tray-square-organizer-for-rings-bracelets-watches\/","name":"Bandeja Expositora de Joyer\u00eda Vintage de Madera Maciza - Organizador Cuadrado para Anillos, Pulseras, Relojes - DE-LIANG - joyeria,ropa,reloj,cosmeticos belleza","isPartOf":{"@id":"https:\/\/deliangdisplay.com\/#website"},"primaryImageOfPage":{"@id":"https:\/\/deliangdisplay.com\/our-product\/displays\/jewelry-presentation-trays-mirrors\/vintage-solid-wood-jewelry-display-tray-square-organizer-for-rings-bracelets-watches\/#primaryimage"},"image":{"@id":"https:\/\/deliangdisplay.com\/our-product\/displays\/jewelry-presentation-trays-mirrors\/vintage-solid-wood-jewelry-display-tray-square-organizer-for-rings-bracelets-watches\/#primaryimage"},"thumbnailUrl":"https:\/\/deliangdisplay.com\/wp-content\/uploads\/2025\/10\/6.jpg","datePublished":"2025-10-08T09:29:07+00:00","dateModified":"2025-10-09T01:52:45+00:00","breadcrumb":{"@id":"https:\/\/deliangdisplay.com\/our-product\/displays\/jewelry-presentation-trays-mirrors\/vintage-solid-wood-jewelry-display-tray-square-organizer-for-rings-bracelets-watches\/#breadcrumb"},"inLanguage":"es","potentialAction":[{"@type":"ReadAction","target":["https:\/\/deliangdisplay.com\/our-product\/displays\/jewelry-presentation-trays-mirrors\/vintage-solid-wood-jewelry-display-tray-square-organizer-for-rings-bracelets-watches\/"]}]},{"@type":"ImageObject","inLanguage":"es","@id":"https:\/\/deliangdisplay.com\/our-product\/displays\/jewelry-presentation-trays-mirrors\/vintage-solid-wood-jewelry-display-tray-square-organizer-for-rings-bracelets-watches\/#primaryimage","url":"https:\/\/deliangdisplay.com\/wp-content\/uploads\/2025\/10\/6.jpg","contentUrl":"https:\/\/deliangdisplay.com\/wp-content\/uploads\/2025\/10\/6.jpg","width":800,"height":800},{"@type":"BreadcrumbList","@id":"https:\/\/deliangdisplay.com\/our-product\/displays\/jewelry-presentation-trays-mirrors\/vintage-solid-wood-jewelry-display-tray-square-organizer-for-rings-bracelets-watches\/#breadcrumb","itemListElement":[{"@type":"ListItem","position":1,"name":"\u9996\u9875","item":"https:\/\/deliangdisplay.com\/"},{"@type":"ListItem","position":2,"name":"Our Product","item":"https:\/\/deliangdisplay.com\/our-product\/"},{"@type":"ListItem","position":3,"name":"Vintage Solid Wood Jewelry Display Tray &#8211; Square Organizer for Rings, Bracelets, Watches"}]},{"@type":"WebSite","@id":"https:\/\/deliangdisplay.com\/#website","url":"https:\/\/deliangdisplay.com\/","name":"deliangdisplay.com","description":"DE-LIANG - Proporciona soluciones de envasado a medida y servicios de dise\u00f1o de expositores de lujo para marcas de joyer\u00eda, ropa, relojes, cosm\u00e9ticos de belleza, etc.","publisher":{"@id":"https:\/\/deliangdisplay.com\/#organization"},"potentialAction":[{"@type":"SearchAction","target":{"@type":"EntryPoint","urlTemplate":"https:\/\/deliangdisplay.com\/?s={search_term_string}"},"query-input":{"@type":"PropertyValueSpecification","valueRequired":true,"valueName":"search_term_string"}}],"inLanguage":"es"},{"@type":"Organization","@id":"https:\/\/deliangdisplay.com\/#organization","name":"deliangdisplay.com","url":"https:\/\/deliangdisplay.com\/","logo":{"@type":"ImageObject","inLanguage":"es","@id":"https:\/\/deliangdisplay.com\/#\/schema\/logo\/image\/","url":"https:\/\/deliangdisplay.com\/wp-content\/uploads\/2025\/08\/DELIANGDISPALY_logo.png","contentUrl":"https:\/\/deliangdisplay.com\/wp-content\/uploads\/2025\/08\/DELIANGDISPALY_logo.png","width":300,"height":130,"caption":"deliangdisplay.com"},"image":{"@id":"https:\/\/deliangdisplay.com\/#\/schema\/logo\/image\/"},"sameAs":["https:\/\/www.facebook.com\/JaneZhang008\/","https:\/\/x.com\/ly673551729"]}]}},"_links":{"self":[{"href":"https:\/\/deliangdisplay.com\/es\/wp-json\/wp\/v2\/product\/43322","targetHints":{"allow":["GET"]}}],"collection":[{"href":"https:\/\/deliangdisplay.com\/es\/wp-json\/wp\/v2\/product"}],"about":[{"href":"https:\/\/deliangdisplay.com\/es\/wp-json\/wp\/v2\/types\/product"}],"replies":[{"embeddable":true,"href":"https:\/\/deliangdisplay.com\/es\/wp-json\/wp\/v2\/comments?post=43322"}],"wp:featuredmedia":[{"embeddable":true,"href":"https:\/\/deliangdisplay.com\/es\/wp-json\/wp\/v2\/media\/43324"}],"wp:attachment":[{"href":"https:\/\/deliangdisplay.com\/es\/wp-json\/wp\/v2\/media?parent=43322"}],"wp:term":[{"taxonomy":"product_brand","embeddable":true,"href":"https:\/\/deliangdisplay.com\/es\/wp-json\/wp\/v2\/product_brand?post=43322"},{"taxonomy":"product_cat","embeddable":true,"href":"https:\/\/deliangdisplay.com\/es\/wp-json\/wp\/v2\/product_cat?post=43322"},{"taxonomy":"product_tag","embeddable":true,"href":"https:\/\/deliangdisplay.com\/es\/wp-json\/wp\/v2\/product_tag?post=43322"}],"curies":[{"name":"wp","href":"https:\/\/api.w.org\/{rel}","templated":true}]}}