{"id":43196,"date":"2025-09-26T14:36:26","date_gmt":"2025-09-26T06:36:26","guid":{"rendered":"https:\/\/deliangdisplay.com\/?post_type=product&#038;p=43196"},"modified":"2025-09-26T17:35:56","modified_gmt":"2025-09-26T09:35:56","slug":"maniqui-cabeza-mujer-modelo-expositor-plastico-blanco-40-50cm-tallas-para-accesorios-escaparate","status":"publish","type":"product","link":"https:\/\/deliangdisplay.com\/es\/nuestro-producto\/accesorios\/formas-del-cuello\/maniqui-cabeza-mujer-modelo-expositor-plastico-blanco-40-50cm-tallas-para-accesorios-escaparate\/","title":{"rendered":"Maniqui Cabeza de Mujer Modelo para Exposicion (Plastico Blanco) - Medidas 40-50cm para Accesorios Escaparate"},"content":{"rendered":"<h3 class=\"header-vfC6AV auto-hide-last-sibling-br\">Productos<\/h3>\n<div class=\"auto-hide-last-sibling-br paragraph-JOTKXA paragraph-element br-paragraph-space\">Se trata de un modelo de display de maniqu\u00ed femenino de alta calidad, dise\u00f1ado espec\u00edficamente como\u00a0<strong>pantalla s\u00f3lo para la cabeza<\/strong>\u00a0con cuello largo y estructura de pl\u00e1stico blanco. Resulta ideal para exponer una gran variedad de art\u00edculos, como joyas, sombreros, prendas de vestir, pa\u00f1uelos y diademas, lo que la convierte en una opci\u00f3n vers\u00e1til para tiendas minoristas, boutiques o instalaciones de fotograf\u00eda de productos. Su elegante dise\u00f1o de mujer adulta se ajusta a la est\u00e9tica moderna de los expositores, ayudando a resaltar eficazmente los detalles de los art\u00edculos expuestos.<\/div>\n<h3 class=\"header-vfC6AV auto-hide-last-sibling-br\">Especificaciones<\/h3>\n<ul class=\"auto-hide-last-sibling-br\">\n<li><strong>Tipo de maniqu\u00ed<\/strong>: Visualizaci\u00f3n s\u00f3lo de cabeza (sin cuerpo entero)<\/li>\n<li><strong>Sexo y grupo de edad<\/strong>: Mujer, Adultos<\/li>\n<li><strong>Material<\/strong>: Pl\u00e1stico resistente<\/li>\n<li><strong>Color<\/strong>: Blanco<\/li>\n<li><strong>Estilos y tama\u00f1os<\/strong>: 3 variantes de estilo (Estilo A, B, C) con las alturas correspondientes: 40cm (16inch), 45cm (18inch), 50cm (20inch)<\/li>\n<li><strong>Pose<\/strong>: Postura de pie fija<\/li>\n<li><strong>N\u00famero de modelo<\/strong>: DLFH14<\/li>\n<\/ul>\n<h3 class=\"header-vfC6AV auto-hide-last-sibling-br\">Aplicaciones b\u00e1sicas<\/h3>\n<ul class=\"auto-hide-last-sibling-br\">\n<li>Expositor de joyas (por ejemplo, collares, pendientes, pulseras)<\/li>\n<li>Expositor de sombreros y diademas<\/li>\n<li>Escaparate de accesorios de vestir (por ejemplo, bufandas, chales)<\/li>\n<li>Escaparatismo<\/li>\n<li>Atrezzo de fotograf\u00eda de producto para marcas de moda o accesorios<\/li>\n<\/ul>\n<h3 class=\"header-vfC6AV auto-hide-last-sibling-br\">Opciones de personalizaci\u00f3n<\/h3>\n<ul class=\"auto-hide-last-sibling-br\">\n<li>Admite varios tipos de personalizaci\u00f3n: personalizaci\u00f3n menor, personalizaci\u00f3n basada en dibujos, personalizaci\u00f3n basada en muestras y personalizaci\u00f3n completa.<\/li>\n<li>Plazo de pedido de muestras: 7 d\u00edas (para pruebas o confirmaci\u00f3n del dise\u00f1o)<\/li>\n<\/ul>\n<h3 class=\"header-vfC6AV auto-hide-last-sibling-br\">Detalles del embalaje<\/h3>\n<ul class=\"auto-hide-last-sibling-br\">\n<li><strong>Unidad de venta<\/strong>: Art\u00edculo individual<\/li>\n<li><strong>Tama\u00f1o de envase individual<\/strong>: 51cm \u00d7 39cm \u00d7 23cm<\/li>\n<li><strong>Peso bruto individual<\/strong>: 3.000 kg<\/li>\n<\/ul>\n<h3 class=\"header-vfC6AV auto-hide-last-sibling-br\">Plazos de entrega<\/h3>\n<ul class=\"auto-hide-last-sibling-br\">\n<li>Cantidad de pedido 1 - 100 piezas: 15 - 20 d\u00edas<\/li>\n<li>Cantidad del pedido 101 - 1000 piezas: 20 - 35 d\u00edas<\/li>\n<li>Cantidad del pedido &gt; 1000 piezas: A negociar<\/li>\n<\/ul>\n<h3 class=\"header-vfC6AV auto-hide-last-sibling-br\">Ventajas del producto<\/h3>\n<ul class=\"auto-hide-last-sibling-br\">\n<li>El material pl\u00e1stico de alta calidad garantiza la resistencia y el uso a largo plazo en entornos minoristas<\/li>\n<li>M\u00faltiples opciones de estilo\/tama\u00f1o para adaptarse a diferentes necesidades de exposici\u00f3n (por ejemplo, diferentes alturas de estantes o tama\u00f1os de art\u00edculos).<\/li>\n<li>El color blanco y el dise\u00f1o de cuello largo crean un fondo limpio y elegante que no eclipsa los objetos expuestos<\/li>\n<li>Su vers\u00e1til gama de aplicaciones reduce la necesidad de utilizar varios puntales de exposici\u00f3n, lo que ahorra costes y espacio.<\/li>\n<\/ul>","protected":false},"excerpt":{"rendered":"<p>Presentamos este modelo de maniqu\u00ed femenino de alta calidad con cabeza, fabricado en pl\u00e1stico blanco resistente y cuello largo. Viene en 3 estilos y una pose fija de pie. Perfecto para exhibir joyas, sombreros, bufandas y diademas, es ideal para tiendas minoristas, boutiques y fotograf\u00eda de productos. Admite m\u00faltiples personalizaciones, con un plazo de entrega de muestras de 7 d\u00edas. Resistente y elegante, destaca los art\u00edculos expuestos sin distraer la atenci\u00f3n.<\/p>","protected":false},"featured_media":43197,"comment_status":"open","ping_status":"closed","template":"","meta":{"_acf_changed":false},"product_brand":[84],"product_cat":[69],"product_tag":[212,205,209,214,203,207,213,206,211,210,208,204],"class_list":{"0":"post-43196","1":"product","2":"type-product","3":"status-publish","4":"has-post-thumbnail","6":"product_brand-de-liang","7":"product_cat-neck-forms","8":"product_tag-3-style-head-mannequin","9":"product_tag-40-50cm-head-mannequin","10":"product_tag-adult-female-head-mannequin","11":"product_tag-female-accessory-display-model","12":"product_tag-female-head-only-mannequin","13":"product_tag-hat-display-mannequin","14":"product_tag-high-quality-head-mannequin","15":"product_tag-jewelry-display-mannequin","16":"product_tag-product-photography-mannequin","17":"product_tag-retail-accessory-mannequin","18":"product_tag-scarf-display-mannequin","19":"product_tag-white-plastic-mannequin","21":"first","22":"instock","23":"shipping-taxable","24":"purchasable","25":"product-type-simple"},"acf":[],"yoast_head":"<!-- This site is optimized with the Yoast SEO plugin v26.2 - https:\/\/yoast.com\/wordpress\/plugins\/seo\/ -->\n<title>Female Head Mannequin Display Model (White Plastic) - 40-50cm Sizes for Accessories Showcase - DE-LIANG - jewelry,clothes,watch,beauty cosmetics<\/title>\n<meta name=\"robots\" content=\"index, follow, max-snippet:-1, max-image-preview:large, max-video-preview:-1\" \/>\n<link rel=\"canonical\" href=\"https:\/\/deliangdisplay.com\/es\/nuestro-producto\/accesorios\/formas-del-cuello\/maniqui-cabeza-mujer-modelo-expositor-plastico-blanco-40-50cm-tallas-para-accesorios-escaparate\/\" \/>\n<meta property=\"og:locale\" content=\"es_ES\" \/>\n<meta property=\"og:type\" content=\"article\" \/>\n<meta property=\"og:title\" content=\"Female Head Mannequin Display Model (White Plastic) - 40-50cm Sizes for Accessories Showcase - DE-LIANG - jewelry,clothes,watch,beauty cosmetics\" \/>\n<meta property=\"og:description\" content=\"Introducing this high-quality female head-only mannequin display model, crafted from durable white plastic with a long neck. It comes in 3 styles and a fixed standing pose. Perfect for showcasing jewelry, hats, scarves, and headbands, it suits retail stores, boutiques, and product photography. Supports multiple customizations, with 7-day sample lead time. Sturdy, elegant, it highlights displayed items without distraction.\" \/>\n<meta property=\"og:url\" content=\"https:\/\/deliangdisplay.com\/es\/nuestro-producto\/accesorios\/formas-del-cuello\/maniqui-cabeza-mujer-modelo-expositor-plastico-blanco-40-50cm-tallas-para-accesorios-escaparate\/\" \/>\n<meta property=\"og:site_name\" content=\"DE-LIANG - jewelry,clothes,watch,beauty cosmetics\" \/>\n<meta property=\"article:publisher\" content=\"https:\/\/www.facebook.com\/JaneZhang008\/\" \/>\n<meta property=\"article:modified_time\" content=\"2025-09-26T09:35:56+00:00\" \/>\n<meta property=\"og:image\" content=\"https:\/\/deliangdisplay.com\/wp-content\/uploads\/2025\/09\/1-4.jpg\" \/>\n\t<meta property=\"og:image:width\" content=\"1000\" \/>\n\t<meta property=\"og:image:height\" content=\"1000\" \/>\n\t<meta property=\"og:image:type\" content=\"image\/jpeg\" \/>\n<meta name=\"twitter:card\" content=\"summary_large_image\" \/>\n<meta name=\"twitter:site\" content=\"@ly673551729\" \/>\n<meta name=\"twitter:label1\" content=\"Tiempo de lectura\" \/>\n\t<meta name=\"twitter:data1\" content=\"2 minutos\" \/>\n<script type=\"application\/ld+json\" class=\"yoast-schema-graph\">{\"@context\":\"https:\/\/schema.org\",\"@graph\":[{\"@type\":\"WebPage\",\"@id\":\"https:\/\/deliangdisplay.com\/our-product\/accessories\/neck-forms\/female-head-mannequin-display-model-white-plastic-40-50cm-sizes-for-accessories-showcase\/\",\"url\":\"https:\/\/deliangdisplay.com\/our-product\/accessories\/neck-forms\/female-head-mannequin-display-model-white-plastic-40-50cm-sizes-for-accessories-showcase\/\",\"name\":\"Female Head Mannequin Display Model (White Plastic) - 40-50cm Sizes for Accessories Showcase - DE-LIANG - jewelry,clothes,watch,beauty cosmetics\",\"isPartOf\":{\"@id\":\"https:\/\/deliangdisplay.com\/#website\"},\"primaryImageOfPage\":{\"@id\":\"https:\/\/deliangdisplay.com\/our-product\/accessories\/neck-forms\/female-head-mannequin-display-model-white-plastic-40-50cm-sizes-for-accessories-showcase\/#primaryimage\"},\"image\":{\"@id\":\"https:\/\/deliangdisplay.com\/our-product\/accessories\/neck-forms\/female-head-mannequin-display-model-white-plastic-40-50cm-sizes-for-accessories-showcase\/#primaryimage\"},\"thumbnailUrl\":\"https:\/\/deliangdisplay.com\/wp-content\/uploads\/2025\/09\/1-4.jpg\",\"datePublished\":\"2025-09-26T06:36:26+00:00\",\"dateModified\":\"2025-09-26T09:35:56+00:00\",\"breadcrumb\":{\"@id\":\"https:\/\/deliangdisplay.com\/our-product\/accessories\/neck-forms\/female-head-mannequin-display-model-white-plastic-40-50cm-sizes-for-accessories-showcase\/#breadcrumb\"},\"inLanguage\":\"es\",\"potentialAction\":[{\"@type\":\"ReadAction\",\"target\":[\"https:\/\/deliangdisplay.com\/our-product\/accessories\/neck-forms\/female-head-mannequin-display-model-white-plastic-40-50cm-sizes-for-accessories-showcase\/\"]}]},{\"@type\":\"ImageObject\",\"inLanguage\":\"es\",\"@id\":\"https:\/\/deliangdisplay.com\/our-product\/accessories\/neck-forms\/female-head-mannequin-display-model-white-plastic-40-50cm-sizes-for-accessories-showcase\/#primaryimage\",\"url\":\"https:\/\/deliangdisplay.com\/wp-content\/uploads\/2025\/09\/1-4.jpg\",\"contentUrl\":\"https:\/\/deliangdisplay.com\/wp-content\/uploads\/2025\/09\/1-4.jpg\",\"width\":1000,\"height\":1000},{\"@type\":\"BreadcrumbList\",\"@id\":\"https:\/\/deliangdisplay.com\/our-product\/accessories\/neck-forms\/female-head-mannequin-display-model-white-plastic-40-50cm-sizes-for-accessories-showcase\/#breadcrumb\",\"itemListElement\":[{\"@type\":\"ListItem\",\"position\":1,\"name\":\"\u9996\u9875\",\"item\":\"https:\/\/deliangdisplay.com\/\"},{\"@type\":\"ListItem\",\"position\":2,\"name\":\"Our Product\",\"item\":\"https:\/\/deliangdisplay.com\/our-product\/\"},{\"@type\":\"ListItem\",\"position\":3,\"name\":\"Female Head Mannequin Display Model (White Plastic) &#8211; 40-50cm Sizes for Accessories Showcase\"}]},{\"@type\":\"WebSite\",\"@id\":\"https:\/\/deliangdisplay.com\/#website\",\"url\":\"https:\/\/deliangdisplay.com\/\",\"name\":\"deliangdisplay.com\",\"description\":\"DE-LIANG - Providing bespoke packaging solutions and luxurious display design services for brands in jewelry, apparel, watches, beauty cosmetics, and more.\",\"publisher\":{\"@id\":\"https:\/\/deliangdisplay.com\/#organization\"},\"potentialAction\":[{\"@type\":\"SearchAction\",\"target\":{\"@type\":\"EntryPoint\",\"urlTemplate\":\"https:\/\/deliangdisplay.com\/?s={search_term_string}\"},\"query-input\":{\"@type\":\"PropertyValueSpecification\",\"valueRequired\":true,\"valueName\":\"search_term_string\"}}],\"inLanguage\":\"es\"},{\"@type\":\"Organization\",\"@id\":\"https:\/\/deliangdisplay.com\/#organization\",\"name\":\"deliangdisplay.com\",\"url\":\"https:\/\/deliangdisplay.com\/\",\"logo\":{\"@type\":\"ImageObject\",\"inLanguage\":\"es\",\"@id\":\"https:\/\/deliangdisplay.com\/#\/schema\/logo\/image\/\",\"url\":\"https:\/\/deliangdisplay.com\/wp-content\/uploads\/2025\/08\/DELIANGDISPALY_logo.png\",\"contentUrl\":\"https:\/\/deliangdisplay.com\/wp-content\/uploads\/2025\/08\/DELIANGDISPALY_logo.png\",\"width\":300,\"height\":130,\"caption\":\"deliangdisplay.com\"},\"image\":{\"@id\":\"https:\/\/deliangdisplay.com\/#\/schema\/logo\/image\/\"},\"sameAs\":[\"https:\/\/www.facebook.com\/JaneZhang008\/\",\"https:\/\/x.com\/ly673551729\"]}]}<\/script>\n<!-- \/ Yoast SEO plugin. -->","yoast_head_json":{"title":"Cabeza de Mujer Maniqu\u00ed Modelo de exhibici\u00f3n (Pl\u00e1stico Blanco) - 40-50cm Tama\u00f1os para Accesorios Escaparate - DE-LIANG - joyer\u00eda,ropa,reloj,cosm\u00e9ticos de belleza","robots":{"index":"index","follow":"follow","max-snippet":"max-snippet:-1","max-image-preview":"max-image-preview:large","max-video-preview":"max-video-preview:-1"},"canonical":"https:\/\/deliangdisplay.com\/es\/nuestro-producto\/accesorios\/formas-del-cuello\/maniqui-cabeza-mujer-modelo-expositor-plastico-blanco-40-50cm-tallas-para-accesorios-escaparate\/","og_locale":"es_ES","og_type":"article","og_title":"Female Head Mannequin Display Model (White Plastic) - 40-50cm Sizes for Accessories Showcase - DE-LIANG - jewelry,clothes,watch,beauty cosmetics","og_description":"Introducing this high-quality female head-only mannequin display model, crafted from durable white plastic with a long neck. It comes in 3 styles and a fixed standing pose. Perfect for showcasing jewelry, hats, scarves, and headbands, it suits retail stores, boutiques, and product photography. Supports multiple customizations, with 7-day sample lead time. Sturdy, elegant, it highlights displayed items without distraction.","og_url":"https:\/\/deliangdisplay.com\/es\/nuestro-producto\/accesorios\/formas-del-cuello\/maniqui-cabeza-mujer-modelo-expositor-plastico-blanco-40-50cm-tallas-para-accesorios-escaparate\/","og_site_name":"DE-LIANG - jewelry,clothes,watch,beauty cosmetics","article_publisher":"https:\/\/www.facebook.com\/JaneZhang008\/","article_modified_time":"2025-09-26T09:35:56+00:00","og_image":[{"width":1000,"height":1000,"url":"https:\/\/deliangdisplay.com\/wp-content\/uploads\/2025\/09\/1-4.jpg","type":"image\/jpeg"}],"twitter_card":"summary_large_image","twitter_site":"@ly673551729","twitter_misc":{"Tiempo de lectura":"2 minutos"},"schema":{"@context":"https:\/\/schema.org","@graph":[{"@type":"WebPage","@id":"https:\/\/deliangdisplay.com\/our-product\/accessories\/neck-forms\/female-head-mannequin-display-model-white-plastic-40-50cm-sizes-for-accessories-showcase\/","url":"https:\/\/deliangdisplay.com\/our-product\/accessories\/neck-forms\/female-head-mannequin-display-model-white-plastic-40-50cm-sizes-for-accessories-showcase\/","name":"Cabeza de Mujer Maniqu\u00ed Modelo de exhibici\u00f3n (Pl\u00e1stico Blanco) - 40-50cm Tama\u00f1os para Accesorios Escaparate - DE-LIANG - joyer\u00eda,ropa,reloj,cosm\u00e9ticos de belleza","isPartOf":{"@id":"https:\/\/deliangdisplay.com\/#website"},"primaryImageOfPage":{"@id":"https:\/\/deliangdisplay.com\/our-product\/accessories\/neck-forms\/female-head-mannequin-display-model-white-plastic-40-50cm-sizes-for-accessories-showcase\/#primaryimage"},"image":{"@id":"https:\/\/deliangdisplay.com\/our-product\/accessories\/neck-forms\/female-head-mannequin-display-model-white-plastic-40-50cm-sizes-for-accessories-showcase\/#primaryimage"},"thumbnailUrl":"https:\/\/deliangdisplay.com\/wp-content\/uploads\/2025\/09\/1-4.jpg","datePublished":"2025-09-26T06:36:26+00:00","dateModified":"2025-09-26T09:35:56+00:00","breadcrumb":{"@id":"https:\/\/deliangdisplay.com\/our-product\/accessories\/neck-forms\/female-head-mannequin-display-model-white-plastic-40-50cm-sizes-for-accessories-showcase\/#breadcrumb"},"inLanguage":"es","potentialAction":[{"@type":"ReadAction","target":["https:\/\/deliangdisplay.com\/our-product\/accessories\/neck-forms\/female-head-mannequin-display-model-white-plastic-40-50cm-sizes-for-accessories-showcase\/"]}]},{"@type":"ImageObject","inLanguage":"es","@id":"https:\/\/deliangdisplay.com\/our-product\/accessories\/neck-forms\/female-head-mannequin-display-model-white-plastic-40-50cm-sizes-for-accessories-showcase\/#primaryimage","url":"https:\/\/deliangdisplay.com\/wp-content\/uploads\/2025\/09\/1-4.jpg","contentUrl":"https:\/\/deliangdisplay.com\/wp-content\/uploads\/2025\/09\/1-4.jpg","width":1000,"height":1000},{"@type":"BreadcrumbList","@id":"https:\/\/deliangdisplay.com\/our-product\/accessories\/neck-forms\/female-head-mannequin-display-model-white-plastic-40-50cm-sizes-for-accessories-showcase\/#breadcrumb","itemListElement":[{"@type":"ListItem","position":1,"name":"\u9996\u9875","item":"https:\/\/deliangdisplay.com\/"},{"@type":"ListItem","position":2,"name":"Our Product","item":"https:\/\/deliangdisplay.com\/our-product\/"},{"@type":"ListItem","position":3,"name":"Female Head Mannequin Display Model (White Plastic) &#8211; 40-50cm Sizes for Accessories Showcase"}]},{"@type":"WebSite","@id":"https:\/\/deliangdisplay.com\/#website","url":"https:\/\/deliangdisplay.com\/","name":"deliangdisplay.com","description":"DE-LIANG - Proporciona soluciones de envasado a medida y servicios de dise\u00f1o de expositores de lujo para marcas de joyer\u00eda, ropa, relojes, cosm\u00e9ticos de belleza, etc.","publisher":{"@id":"https:\/\/deliangdisplay.com\/#organization"},"potentialAction":[{"@type":"SearchAction","target":{"@type":"EntryPoint","urlTemplate":"https:\/\/deliangdisplay.com\/?s={search_term_string}"},"query-input":{"@type":"PropertyValueSpecification","valueRequired":true,"valueName":"search_term_string"}}],"inLanguage":"es"},{"@type":"Organization","@id":"https:\/\/deliangdisplay.com\/#organization","name":"deliangdisplay.com","url":"https:\/\/deliangdisplay.com\/","logo":{"@type":"ImageObject","inLanguage":"es","@id":"https:\/\/deliangdisplay.com\/#\/schema\/logo\/image\/","url":"https:\/\/deliangdisplay.com\/wp-content\/uploads\/2025\/08\/DELIANGDISPALY_logo.png","contentUrl":"https:\/\/deliangdisplay.com\/wp-content\/uploads\/2025\/08\/DELIANGDISPALY_logo.png","width":300,"height":130,"caption":"deliangdisplay.com"},"image":{"@id":"https:\/\/deliangdisplay.com\/#\/schema\/logo\/image\/"},"sameAs":["https:\/\/www.facebook.com\/JaneZhang008\/","https:\/\/x.com\/ly673551729"]}]}},"_links":{"self":[{"href":"https:\/\/deliangdisplay.com\/es\/wp-json\/wp\/v2\/product\/43196","targetHints":{"allow":["GET"]}}],"collection":[{"href":"https:\/\/deliangdisplay.com\/es\/wp-json\/wp\/v2\/product"}],"about":[{"href":"https:\/\/deliangdisplay.com\/es\/wp-json\/wp\/v2\/types\/product"}],"replies":[{"embeddable":true,"href":"https:\/\/deliangdisplay.com\/es\/wp-json\/wp\/v2\/comments?post=43196"}],"wp:featuredmedia":[{"embeddable":true,"href":"https:\/\/deliangdisplay.com\/es\/wp-json\/wp\/v2\/media\/43197"}],"wp:attachment":[{"href":"https:\/\/deliangdisplay.com\/es\/wp-json\/wp\/v2\/media?parent=43196"}],"wp:term":[{"taxonomy":"product_brand","embeddable":true,"href":"https:\/\/deliangdisplay.com\/es\/wp-json\/wp\/v2\/product_brand?post=43196"},{"taxonomy":"product_cat","embeddable":true,"href":"https:\/\/deliangdisplay.com\/es\/wp-json\/wp\/v2\/product_cat?post=43196"},{"taxonomy":"product_tag","embeddable":true,"href":"https:\/\/deliangdisplay.com\/es\/wp-json\/wp\/v2\/product_tag?post=43196"}],"curies":[{"name":"wp","href":"https:\/\/api.w.org\/{rel}","templated":true}]}}